{"id":8048,"date":"2023-01-08T14:36:48","date_gmt":"2023-01-08T14:36:48","guid":{"rendered":"https:\/\/www.excavatorenginepart.com\/?post_type=product&#038;p=8048"},"modified":"2023-01-08T14:43:57","modified_gmt":"2023-01-08T14:43:57","slug":"dcec-6ct8-3-cge8-3-truck-engine-parts-ignition-coil-5310990","status":"publish","type":"product","link":"https:\/\/www.excavatorenginepart.com\/tr\/product\/dcec-6ct8-3-cge8-3-truck-engine-parts-ignition-coil-5310990\/","title":{"rendered":"DCEC 6CT8.3 CGE8.3 kamyon motor par\u00e7alar\u0131 ate\u015fleme bobini 5310990"},"content":{"rendered":"<p><strong>DCEC 6CT8.3 CGE8.3 kamyon motor par\u00e7alar\u0131 ate\u015fleme bobini 5310990<\/strong><\/p>\n<p><img fetchpriority=\"high\" decoding=\"async\" class=\"alignnone size-medium wp-image-8051\" src=\"https:\/\/www.excavatorenginepart.com\/wp-content\/uploads\/2023\/01\/DCEC-6CT8.3-CGE8.3-truck-engine-parts-ignition-coil-5310990-300x300.jpg\" alt=\"\" width=\"300\" height=\"300\" srcset=\"https:\/\/www.excavatorenginepart.com\/wp-content\/uploads\/2023\/01\/DCEC-6CT8.3-CGE8.3-truck-engine-parts-ignition-coil-5310990-300x300.jpg 300w, https:\/\/www.excavatorenginepart.com\/wp-content\/uploads\/2023\/01\/DCEC-6CT8.3-CGE8.3-truck-engine-parts-ignition-coil-5310990-150x150.jpg 150w, https:\/\/www.excavatorenginepart.com\/wp-content\/uploads\/2023\/01\/DCEC-6CT8.3-CGE8.3-truck-engine-parts-ignition-coil-5310990.jpg 600w\" sizes=\"(max-width: 300px) 100vw, 300px\" \/><\/p>\n<p>Cummins ISLGAS Motor Yedek Par\u00e7alar\u0131 Ate\u015fleme Bobini 3975150 5265337 5310990<\/p>\n<p><img decoding=\"async\" class=\"alignnone size-medium wp-image-8050\" src=\"https:\/\/www.excavatorenginepart.com\/wp-content\/uploads\/2023\/01\/Cummins-ISLGAS-Engine-Spare-Parts-Ignition-Coil-3975150-5265337-5310990-300x300.jpg\" alt=\"\" width=\"300\" height=\"300\" srcset=\"https:\/\/www.excavatorenginepart.com\/wp-content\/uploads\/2023\/01\/Cummins-ISLGAS-Engine-Spare-Parts-Ignition-Coil-3975150-5265337-5310990-300x300.jpg 300w, https:\/\/www.excavatorenginepart.com\/wp-content\/uploads\/2023\/01\/Cummins-ISLGAS-Engine-Spare-Parts-Ignition-Coil-3975150-5265337-5310990-150x150.jpg 150w, https:\/\/www.excavatorenginepart.com\/wp-content\/uploads\/2023\/01\/Cummins-ISLGAS-Engine-Spare-Parts-Ignition-Coil-3975150-5265337-5310990.jpg 600w\" sizes=\"(max-width: 300px) 100vw, 300px\" \/><\/p>\n<p>Dizel Motor Yedek Par\u00e7alar\u0131 ISC QSC ISL QSL Do\u011fal Gaz Ate\u015fleme Bobini 3975150 5310990<\/p>\n<p><img decoding=\"async\" class=\"alignnone size-medium wp-image-8052\" src=\"https:\/\/www.excavatorenginepart.com\/wp-content\/uploads\/2023\/01\/Diesel-Engine-Spare-Parts-ISC-QSC-ISL-QSL-Natural-Gas-Ignition-Coil-3975150-5310990-300x300.jpg\" alt=\"\" width=\"300\" height=\"300\" srcset=\"https:\/\/www.excavatorenginepart.com\/wp-content\/uploads\/2023\/01\/Diesel-Engine-Spare-Parts-ISC-QSC-ISL-QSL-Natural-Gas-Ignition-Coil-3975150-5310990-300x300.jpg 300w, https:\/\/www.excavatorenginepart.com\/wp-content\/uploads\/2023\/01\/Diesel-Engine-Spare-Parts-ISC-QSC-ISL-QSL-Natural-Gas-Ignition-Coil-3975150-5310990-150x150.jpg 150w, https:\/\/www.excavatorenginepart.com\/wp-content\/uploads\/2023\/01\/Diesel-Engine-Spare-Parts-ISC-QSC-ISL-QSL-Natural-Gas-Ignition-Coil-3975150-5310990.jpg 600w\" sizes=\"(max-width: 300px) 100vw, 300px\" \/><\/p>\n<p>6BT 6CT 6CT8.3 ISL Do\u011fal Gaz Motor Par\u00e7alar\u0131 CNG Ate\u015fleme Bobini 5310990 5626388<\/p>\n<p><img loading=\"lazy\" decoding=\"async\" class=\"alignnone size-medium wp-image-8049\" src=\"https:\/\/www.excavatorenginepart.com\/wp-content\/uploads\/2023\/01\/6BT-6CT-6C8-3-ISL-Natural-Gas-Engine-Parts-CNG-Ignition-Coil-5310990-5626388-300x300.jpg\" alt=\"\" width=\"300\" height=\"300\" srcset=\"https:\/\/www.excavatorenginepart.com\/wp-content\/uploads\/2023\/01\/6BT-6CT-6C8-3-ISL-Natural-Gas-Engine-Parts-CNG-Ignition-Coil-5310990-5626388-300x300.jpg 300w, https:\/\/www.excavatorenginepart.com\/wp-content\/uploads\/2023\/01\/6BT-6CT-6C8-3-ISL-Natural-Gas-Engine-Parts-CNG-Ignition-Coil-5310990-5626388-150x150.jpg 150w, https:\/\/www.excavatorenginepart.com\/wp-content\/uploads\/2023\/01\/6BT-6CT-6C8-3-ISL-Natural-Gas-Engine-Parts-CNG-Ignition-Coil-5310990-5626388.jpg 600w\" sizes=\"(max-width: 300px) 100vw, 300px\" \/><\/p>\n<p><strong>\u00dcr\u00fcn A\u00e7\u0131klamas\u0131<\/strong><\/p>\n<table class=\"aliDataTable\" style=\"width: 77.1964%; height: 244px;\" cellpadding=\"1px\">\n<tbody>\n<tr style=\"height: 24px;\">\n<td style=\"height: 24px;\">\n<div><strong data-spm-anchor-id=\"a2700.wholesale.0.i7.4fbd675cJkqMEp\">\u00dcr\u00fcn Ad\u0131<\/strong><\/div>\n<\/td>\n<td style=\"height: 24px;\">\n<div>6BT 6CT 6C8 3 ISL Do\u011fal Gaz Motor Par\u00e7alar\u0131 CNG Ate\u015fleme Bobini 5310990 5626388<\/div>\n<\/td>\n<\/tr>\n<tr style=\"height: 24px;\">\n<td style=\"height: 24px;\">\n<div><strong>Par\u00e7a numaras\u0131<\/strong><\/div>\n<\/td>\n<td style=\"height: 24px;\">\n<div>5310990 5626388<\/div>\n<\/td>\n<\/tr>\n<tr style=\"height: 52px;\">\n<td style=\"height: 52px;\">\n<div><strong>Makine modeli<\/strong><\/div>\n<\/td>\n<td style=\"height: 52px;\">\n<p>\u00a0<span data-spm-anchor-id=\"a2700.wholesale.0.i8.4fbd675cJkqMEp\">6BT 6CT 6C8 3 ISL Do\u011fal Gaz Motoru<\/span><\/p>\n<\/td>\n<\/tr>\n<tr style=\"height: 24px;\">\n<td style=\"height: 24px;\">\n<div><strong>Uygulama<\/strong><\/div>\n<\/td>\n<td style=\"height: 24px;\">\n<div>Orijinal<\/div>\n<\/td>\n<\/tr>\n<tr style=\"height: 24px;\">\n<td style=\"height: 24px;\">\n<div><strong>Paket<\/strong><\/div>\n<\/td>\n<td style=\"height: 24px;\">\n<div>STANDART I\u0307HRACAT TAHTA KASA<\/div>\n<\/td>\n<\/tr>\n<tr style=\"height: 24px;\">\n<td style=\"height: 24px;\">\n<div><strong>Garanti<\/strong><\/div>\n<\/td>\n<td style=\"height: 24px;\">\n<div>6 Ay<\/div>\n<\/td>\n<\/tr>\n<tr style=\"height: 24px;\">\n<td style=\"height: 24px;\">\n<div><strong>Ula\u015f\u0131m Ara\u00e7lar\u0131<\/strong><\/div>\n<\/td>\n<td style=\"height: 24px;\">\n<div>Deniz, Hava veya DHL\/FEDEX\/TNT\/EMS ile<\/div>\n<\/td>\n<\/tr>\n<tr style=\"height: 24px;\">\n<td style=\"height: 24px;\">\n<div><strong>Teslim Tarihi<\/strong><\/div>\n<\/td>\n<td style=\"height: 24px;\">\n<div>sipari\u015fe ba\u011fl\u0131<\/div>\n<\/td>\n<\/tr>\n<tr style=\"height: 24px;\">\n<td style=\"height: 24px;\">\n<div><strong>Envanter<\/strong><\/div>\n<\/td>\n<td style=\"height: 24px;\">\n<div>Stokta var<\/div>\n<\/td>\n<\/tr>\n<\/tbody>\n<\/table>\n<p><strong>Temel ayr\u0131nt\u0131lar<\/strong><\/p>\n<p>Boyut:15X8X5 cm<br \/>\nGaranti:6 Ay<br \/>\nMen\u015fe yeri:Hubei, \u00c7in<br \/>\nMarka ad\u0131: Cummins\u00a0<br \/>\nAraba Modeli:\u0130n\u015faat makineleri, Jenerat\u00f6r, Su pompas\u0131 \u00dcnitesi, Otob\u00fcs, Kamyon \uff0c Maden Arabas\u0131\u00a0<br \/>\nSertifikasyon:ISO9001<br \/>\nMotor Kodu:ISC QSC ISL QSL<br \/>\nMotor tipi:ISC QSC ISL QSL Dizel motor<br \/>\nRenk:Siyah<br \/>\nADEDI:1<br \/>\nAmbalaj: Do\u011fal ambalaj veya istedi\u011finiz gibi<br \/>\n\u00d6deme: TT Western union Paypal G\u00fcvencesi<br \/>\nNakliye:<br \/>\nDENIZ HAVA TNT EMS DHL UPS FEDEX<br \/>\nTeslim s\u00fcresi: 3-7 \u0130\u015f g\u00fcn\u00fc<br \/>\nDurum:Yeni<br \/>\nKalite:Orijinal ve garantili<\/p>\n<p><span class=\"magic-32\" data-spm-anchor-id=\"a2700.details.0.i6.1ff15fabmMzJd8\">Ticaret ve hizmet alan\u0131nda uzmanla\u015fm\u0131\u015f <\/span>Cummins motor montaj\u0131 ve yedek par\u00e7alar\u0131,<span class=\"magic-32\">\u00a0derin bir \u00e7al\u0131\u015fma ile<\/span>\u00a04BT, 6BT, 6CT, L8.9, M11 serisi gibi Cummins makine motorlar\u0131,\u00a0<span class=\"magic-32\">gibi elektronik kontrol motorlar\u0131<\/span>\u00a0ISB, ISD, ISL, ISM, QSB, QSC, QSL, QSM serisi\u00a0<span class=\"magic-32\">ve madencilik ve deniz motorlar\u0131 gibi<\/span> NT855 K19 K38 K50 QSK18 QSK38 QSK60 serisi.\u00a0<\/p>\n<p>Daha Cummins Motor Par\u00e7alar\u0131, Bize Ula\u015f\u0131n\u00a0<\/p>\n<p><span style=\"color: #ff0000;\"><strong>WhatsApp, Wechat : 0086 15553722299\u00a0<\/strong><\/span><\/p>\n<p>&nbsp;<\/p>","protected":false},"excerpt":{"rendered":"<p>DCEC 6CT8.3 CGE8.3 truck engine parts ignition coil 5310990 Cummins ISLGAS Engine Spare Parts Ignition Coil 3975150 5265337 5310990 Diesel Engine Spare Parts ISC QSC ISL QSL Natural Gas Ignition Coil 3975150 5310990 6BT 6CT 6CT8.3 ISL Natural Gas Engine Parts CNG Ignition Coil 5310990 5626388 Product Description Product Name 6BT 6CT 6C8 3 ISL\u00a0 [&hellip;]<\/p>","protected":false},"featured_media":8051,"menu_order":0,"comment_status":"closed","ping_status":"closed","template":"","meta":{"_seopress_robots_primary_cat":"","_seopress_titles_title":"","_seopress_titles_desc":"","_seopress_robots_index":"","om_disable_all_campaigns":false,"_mi_skip_tracking":false,"_monsterinsights_sitenote_active":false,"_monsterinsights_sitenote_note":"","_monsterinsights_sitenote_category":0},"product_cat":[],"product_tag":[],"product_category":[115],"class_list":{"0":"post-8048","1":"product","2":"type-product","3":"status-publish","4":"has-post-thumbnail","6":"product_category-cummins-engine-part","8":"first","9":"instock","10":"shipping-taxable","11":"product-type-simple"},"acf":[],"_links":{"self":[{"href":"https:\/\/www.excavatorenginepart.com\/tr\/wp-json\/wp\/v2\/product\/8048","targetHints":{"allow":["GET"]}}],"collection":[{"href":"https:\/\/www.excavatorenginepart.com\/tr\/wp-json\/wp\/v2\/product"}],"about":[{"href":"https:\/\/www.excavatorenginepart.com\/tr\/wp-json\/wp\/v2\/types\/product"}],"replies":[{"embeddable":true,"href":"https:\/\/www.excavatorenginepart.com\/tr\/wp-json\/wp\/v2\/comments?post=8048"}],"wp:featuredmedia":[{"embeddable":true,"href":"https:\/\/www.excavatorenginepart.com\/tr\/wp-json\/wp\/v2\/media\/8051"}],"wp:attachment":[{"href":"https:\/\/www.excavatorenginepart.com\/tr\/wp-json\/wp\/v2\/media?parent=8048"}],"wp:term":[{"taxonomy":"product_cat","embeddable":true,"href":"https:\/\/www.excavatorenginepart.com\/tr\/wp-json\/wp\/v2\/product_cat?post=8048"},{"taxonomy":"product_tag","embeddable":true,"href":"https:\/\/www.excavatorenginepart.com\/tr\/wp-json\/wp\/v2\/product_tag?post=8048"},{"taxonomy":"product_category","embeddable":true,"href":"https:\/\/www.excavatorenginepart.com\/tr\/wp-json\/wp\/v2\/product_category?post=8048"}],"curies":[{"name":"wp","href":"https:\/\/api.w.org\/{rel}","templated":true}]}}