{"id":7866,"date":"2022-12-22T13:25:03","date_gmt":"2022-12-22T13:25:03","guid":{"rendered":"https:\/\/www.excavatorenginepart.com\/?post_type=product&#038;p=7866"},"modified":"2022-12-22T13:34:47","modified_gmt":"2022-12-22T13:34:47","slug":"hx80-3594121-diesel-engine-turbocharger-supercharger-for-cummins","status":"publish","type":"product","link":"https:\/\/www.excavatorenginepart.com\/tr\/product\/hx80-3594121-diesel-engine-turbocharger-supercharger-for-cummins\/","title":{"rendered":"Cummins i\u00e7in HX80 3594121 dizel motor turbo\u015farj s\u00fcper\u015farj\u0131"},"content":{"rendered":"<p><strong>Cummins i\u00e7in HX80 3594121 dizel motor turbo\u015farj s\u00fcper\u015farj\u0131<\/strong><\/p>\n<p><img fetchpriority=\"high\" decoding=\"async\" class=\"alignnone size-medium wp-image-7868\" src=\"https:\/\/www.excavatorenginepart.com\/wp-content\/uploads\/2022\/12\/HX80-3594121-diesel-engine-turbocharger-supercharger-for-Cummins-300x300.jpg\" alt=\"\" width=\"300\" height=\"300\" srcset=\"https:\/\/www.excavatorenginepart.com\/wp-content\/uploads\/2022\/12\/HX80-3594121-diesel-engine-turbocharger-supercharger-for-Cummins-300x300.jpg 300w, https:\/\/www.excavatorenginepart.com\/wp-content\/uploads\/2022\/12\/HX80-3594121-diesel-engine-turbocharger-supercharger-for-Cummins-150x150.jpg 150w, https:\/\/www.excavatorenginepart.com\/wp-content\/uploads\/2022\/12\/HX80-3594121-diesel-engine-turbocharger-supercharger-for-Cummins.jpg 600w\" sizes=\"(max-width: 300px) 100vw, 300px\" \/><\/p>\n<p>CCEC KTA38-G5 engine parts 3594121 hx80 turbocharger for Cummins Holset turbo<\/p>\n<p><img decoding=\"async\" class=\"alignnone size-medium wp-image-7867\" src=\"https:\/\/www.excavatorenginepart.com\/wp-content\/uploads\/2022\/12\/CCEC-KTA38-G5-engine-parts-3594121-hx80-turbocharger-for-Cummins-Holset-turbo-300x300.jpg\" alt=\"\" width=\"300\" height=\"300\" srcset=\"https:\/\/www.excavatorenginepart.com\/wp-content\/uploads\/2022\/12\/CCEC-KTA38-G5-engine-parts-3594121-hx80-turbocharger-for-Cummins-Holset-turbo-300x300.jpg 300w, https:\/\/www.excavatorenginepart.com\/wp-content\/uploads\/2022\/12\/CCEC-KTA38-G5-engine-parts-3594121-hx80-turbocharger-for-Cummins-Holset-turbo-150x150.jpg 150w, https:\/\/www.excavatorenginepart.com\/wp-content\/uploads\/2022\/12\/CCEC-KTA38-G5-engine-parts-3594121-hx80-turbocharger-for-Cummins-Holset-turbo.jpg 600w\" sizes=\"(max-width: 300px) 100vw, 300px\" \/><\/p>\n<p>KTA19-G3 HX80 turbocharger 3594117 3594118 3594119 3594120 3594121<\/p>\n<p><img decoding=\"async\" class=\"alignnone size-medium wp-image-7869\" src=\"https:\/\/www.excavatorenginepart.com\/wp-content\/uploads\/2022\/12\/KTA19-G3-HX80-turbocharger-3594117-3594118-3594119-3594120-3594121-300x300.jpg\" alt=\"\" width=\"300\" height=\"300\" srcset=\"https:\/\/www.excavatorenginepart.com\/wp-content\/uploads\/2022\/12\/KTA19-G3-HX80-turbocharger-3594117-3594118-3594119-3594120-3594121-300x300.jpg 300w, https:\/\/www.excavatorenginepart.com\/wp-content\/uploads\/2022\/12\/KTA19-G3-HX80-turbocharger-3594117-3594118-3594119-3594120-3594121-150x150.jpg 150w, https:\/\/www.excavatorenginepart.com\/wp-content\/uploads\/2022\/12\/KTA19-G3-HX80-turbocharger-3594117-3594118-3594119-3594120-3594121.jpg 600w\" sizes=\"(max-width: 300px) 100vw, 300px\" \/><\/p>\n<p><strong>Temel ayr\u0131nt\u0131lar<\/strong><\/p>\n<p>Model:855 SERIES, HX80<br \/>\nEngine:10.0L<br \/>\nOE NO.:3594117 3594118 3594119 3594120 3594121 3767941 2882091 3803474 4033471 3801689<br \/>\nCar Fitment:Cummins Engines<br \/>\nDurum:Yeni<br \/>\nGaranti:6 Ay<br \/>\nPlace of Origin: China<br \/>\nSize:25*28*26 cm<br \/>\nCar Model:GenSet Various<br \/>\nEngine Code:KTA19-G3,KTA38-G5,KTA19,KTA50<br \/>\nShipping Method:International Express<br \/>\nPart No:3594118 3594120 3594121 3767941 2882091 3803474 4033471 3801689<br \/>\nPackaging:Strong carton box<br \/>\nMOQ:1PC<br \/>\nWeight: 37KGS\u00a0<\/p>\n<p><strong>\u00dcr\u00fcn A\u00e7\u0131klamas\u0131<\/strong><\/p>\n<table border=\"1\">\n<tbody>\n<tr>\n<td><span data-spm-anchor-id=\"a2700.details.0.i8.1b2c3dc6x91THV\">\u0130sim<\/span><\/td>\n<td>\n<p>KTA19-G3 HX80 turbocharger 3594117 3594118 3594119 3594120 3594121 3767941 2882091 3803474 4033471 3801689<\/p>\n<p>&nbsp;<\/p>\n<\/td>\n<\/tr>\n<tr>\n<td>OEM<\/td>\n<td>\n<p>3594117 3594118 3594119 3594120 3594121<\/p>\n<p><span data-spm-anchor-id=\"a2700.details.0.i9.1b2c3dc6x91THV\">3767941 2882091 3803474 4033471 3801689<\/span><\/p>\n<p>&nbsp;<\/p>\n<\/td>\n<\/tr>\n<tr>\n<td>Model<\/td>\n<td>\n<p>HX80<\/p>\n<\/td>\n<\/tr>\n<tr>\n<td>\u00a0Uygulama<\/td>\n<td>\n<p>For\u00a0 Cummins GenSet Various with KTA50 engine<\/p>\n<\/td>\n<\/tr>\n<tr>\n<td>Delivery time\u00a0<\/td>\n<td>\n<p>Within 7-10 working days once payment finished<\/p>\n<\/td>\n<\/tr>\n<\/tbody>\n<\/table>\n<p><strong>Other Engine Brand Turbocharger Assembly OEM Quanlity\u00a0<\/strong><\/p>\n<table class=\"has-title hight-light-first-column all magic-6\">\n<tbody>\n<tr>\n<td colspan=\"1\" rowspan=\"1\">\n<div class=\"magic-24\"><b data-spm-anchor-id=\"0.0.0.i22.577b4f05HMQbGD\">Car Make<\/b><\/div>\n<\/td>\n<td colspan=\"1\" rowspan=\"1\">\n<div class=\"magic-24\">Car Model<\/div>\n<\/td>\n<td colspan=\"1\" rowspan=\"1\">\n<div class=\"magic-25\">\n<div class=\"magic-26\" data-spm-anchor-id=\"0.0.0.i48.577b4f05yDdWxk\"><b data-spm-anchor-id=\"0.0.0.i5.577b4f05OHbEiO\">Motor Modeli<\/b><\/div>\n<\/div>\n<\/td>\n<td colspan=\"1\" rowspan=\"1\">\n<div class=\"magic-27\">\n<div class=\"magic-26\" data-spm-anchor-id=\"0.0.0.i49.577b4f05yDdWxk\"><b data-spm-anchor-id=\"0.0.0.i6.577b4f05OHbEiO\">OEM NO.<\/b><\/div>\n<\/div>\n<\/td>\n<\/tr>\n<tr>\n<td colspan=\"1\" rowspan=\"2\">\n<div class=\"magic-24\">For VOLVO<\/div>\n<\/td>\n<td colspan=\"1\" rowspan=\"1\">\n<div class=\"magic-24\">B10M<\/div>\n<\/td>\n<td colspan=\"1\" rowspan=\"1\">\n<div class=\"magic-25\">GT4594<\/div>\n<\/td>\n<td colspan=\"1\" rowspan=\"1\">\n<div class=\"magic-27\">3979201<\/div>\n<\/td>\n<\/tr>\n<tr>\n<td colspan=\"1\" rowspan=\"1\">\n<div class=\"magic-24\">\u00a0<\/div>\n<\/td>\n<td colspan=\"1\" rowspan=\"1\">\n<div class=\"magic-25\">GT4288 truck<\/div>\n<\/td>\n<td colspan=\"1\" rowspan=\"1\">\n<div class=\"magic-27\">452109-0006 1423038<\/div>\n<\/td>\n<\/tr>\n<tr>\n<td colspan=\"1\" rowspan=\"1\">\n<div class=\"magic-24\">For\u00a0Hino<\/div>\n<\/td>\n<td colspan=\"1\" rowspan=\"1\">\n<div class=\"magic-24\">\u00a0J08C<\/div>\n<\/td>\n<td colspan=\"1\" rowspan=\"1\">\n<div class=\"magic-25\">GT3576<\/div>\n<\/td>\n<td colspan=\"1\" rowspan=\"1\">\n<div class=\"magic-27\">479016-0002 24100-3521C 24100-3301A<\/div>\n<\/td>\n<\/tr>\n<tr>\n<td colspan=\"1\" rowspan=\"10\">\n<div class=\"magic-24\">For Mitsubishi<\/div>\n<\/td>\n<td colspan=\"1\" rowspan=\"1\">\n<div class=\"magic-24\">2.5<\/div>\n<\/td>\n<td colspan=\"1\" rowspan=\"1\">\n<div class=\"magic-25\">TD025 Galant VR4 4WD V6<\/div>\n<\/td>\n<td colspan=\"1\" rowspan=\"1\">\n<div class=\"magic-27\">49173-01400 A30507<\/div>\n<\/td>\n<\/tr>\n<tr>\n<td colspan=\"1\" rowspan=\"1\">\n<div class=\"magic-24\">3.2L<\/div>\n<\/td>\n<td colspan=\"1\" rowspan=\"1\">\n<div class=\"magic-25\">TF035 Shogun\/Pajero\/Montero\/4m41<\/div>\n<\/td>\n<td colspan=\"1\" rowspan=\"1\">\n<div class=\"magic-27\">49135-02920<\/div>\n<\/td>\n<\/tr>\n<tr>\n<td colspan=\"1\" rowspan=\"1\">\n<div class=\"magic-24\">2.5TO<\/div>\n<\/td>\n<td colspan=\"1\" rowspan=\"1\">\n<div class=\"magic-25\">RHF4H L200 Vt10<\/div>\n<\/td>\n<td colspan=\"1\" rowspan=\"1\">\n<div class=\"magic-27\">1515A029 VC420088<\/div>\n<\/td>\n<\/tr>\n<tr>\n<td colspan=\"1\" rowspan=\"1\">\n<div class=\"magic-24\">4056<\/div>\n<\/td>\n<td colspan=\"1\" rowspan=\"1\">\n<div class=\"magic-25\">T004 L200<\/div>\n<\/td>\n<td colspan=\"1\" rowspan=\"1\">\n<div class=\"magic-27\">49177-01512 MR355222 49177-01510 M0106720\u00a0<\/p>\n<div data-spm-anchor-id=\"0.0.0.i19.577b4f05tSrjZg\">49177-02511 49177-01500 49177-01501<\/div>\n<div data-spm-anchor-id=\"0.0.0.i19.577b4f05tSrjZg\">\u00a049177-01511\u00a0<\/div>\n<div data-spm-anchor-id=\"0.0.0.i19.577b4f05tSrjZg\">M0094740 M0168053<\/div>\n<\/div>\n<\/td>\n<\/tr>\n<tr>\n<td colspan=\"1\" rowspan=\"1\">\n<div class=\"magic-24\">4M40 2.8L<\/div>\n<\/td>\n<td colspan=\"1\" rowspan=\"1\">\n<div class=\"magic-25\">T004 Challanger Pajero Shigun Oelica<\/div>\n<\/td>\n<td colspan=\"1\" rowspan=\"1\">\n<div class=\"magic-27\">49135-0310 49135-03100 49135-03130\u00a0<\/p>\n<div data-spm-anchor-id=\"0.0.0.i1.577b4f05a5XQ9O\">49135-03311 ME202012 ME2 677<\/div>\n<div data-spm-anchor-id=\"0.0.0.i1.577b4f05a5XQ9O\">\u00a049135-03310 49135-03033<\/div>\n<div data-spm-anchor-id=\"0.0.0.i1.577b4f05a5XQ9O\">\n<div data-spm-anchor-id=\"0.0.0.i17.577b4f05tSrjZg\">\u00a049377-0303 49377-03043<\/div>\n<\/div>\n<\/div>\n<\/td>\n<\/tr>\n<tr>\n<td colspan=\"1\" rowspan=\"1\">\n<div class=\"magic-24\">2.5L<\/div>\n<\/td>\n<td colspan=\"1\" rowspan=\"1\">\n<div class=\"magic-25\">T005H truck 4034T1<\/div>\n<\/td>\n<td colspan=\"1\" rowspan=\"1\">\n<div class=\"magic-27\">49178-02320 49178-03122 MEO\u00a0<\/p>\n<div>4878 28230-41500<\/div>\n<\/div>\n<\/td>\n<\/tr>\n<tr>\n<td colspan=\"1\" rowspan=\"1\">\n<div class=\"magic-24\">4034 \/6031<\/div>\n<\/td>\n<td colspan=\"1\" rowspan=\"1\">\n<div class=\"magic-25\">Truck 4034\/6031 T006<\/div>\n<\/td>\n<td colspan=\"1\" rowspan=\"1\">\n<div class=\"magic-27\">49179-00260 49179-02511<\/p>\n<div>\u00a049179-00261 ME073623<\/div>\n<\/div>\n<\/td>\n<\/tr>\n<tr>\n<td colspan=\"1\" rowspan=\"1\">\n<div class=\"magic-24\">6031T<\/div>\n<\/td>\n<td colspan=\"1\" rowspan=\"1\">\n<div class=\"magic-25\">T006-17C 6031T<\/div>\n<\/td>\n<td colspan=\"1\" rowspan=\"1\">\n<div class=\"magic-27\">49179-02110 ME088256<\/div>\n<\/td>\n<\/tr>\n<tr>\n<td colspan=\"1\" rowspan=\"1\">\n<div class=\"magic-24\">6016T<\/div>\n<\/td>\n<td colspan=\"1\" rowspan=\"1\">\n<div class=\"magic-25\">T007 6016T<\/div>\n<\/td>\n<td colspan=\"1\" rowspan=\"1\">\n<div class=\"magic-27\">49178-00271 ME073935 49178-00211<\/div>\n<\/td>\n<\/tr>\n<tr>\n<td colspan=\"1\" rowspan=\"1\">\n<div class=\"magic-24\">605T<\/div>\n<\/td>\n<td colspan=\"1\" rowspan=\"1\">\n<div class=\"magic-25\">T008 6022T<\/div>\n<\/td>\n<td colspan=\"1\" rowspan=\"1\">\n<div class=\"magic-27\">49188-0126 ME15464<\/div>\n<\/td>\n<\/tr>\n<tr>\n<td colspan=\"1\" rowspan=\"1\">\n<div class=\"magic-24\">For\u00a0Detroit<\/div>\n<\/td>\n<td colspan=\"1\" rowspan=\"1\">\n<div class=\"magic-24\">Series 60<\/div>\n<\/td>\n<td colspan=\"1\" rowspan=\"1\">\n<div class=\"magic-25\">GT4502V S610<\/div>\n<\/td>\n<td colspan=\"1\" rowspan=\"1\">\n<div class=\"magic-27\">758160-0007 758204-0006 757979-0002<\/div>\n<\/td>\n<\/tr>\n<tr>\n<td colspan=\"1\" rowspan=\"2\">\n<div class=\"magic-24\">For Isuzu<\/div>\n<\/td>\n<td colspan=\"1\" rowspan=\"1\">\n<div class=\"magic-24\">\u00a0<\/div>\n<\/td>\n<td colspan=\"1\" rowspan=\"1\">\n<div class=\"magic-25\">4HE1-T RHF55<\/div>\n<\/td>\n<td colspan=\"1\" rowspan=\"1\">\n<div class=\"magic-27\">8971038570 VB440031<\/div>\n<\/td>\n<\/tr>\n<tr>\n<td colspan=\"1\" rowspan=\"1\">\n<div class=\"magic-24\">4HE1XS<\/div>\n<\/td>\n<td colspan=\"1\" rowspan=\"1\">\n<div class=\"magic-25\">GT25<\/div>\n<\/td>\n<td colspan=\"1\" rowspan=\"1\">\n<div class=\"magic-27\">7007716-0009 8972089663 70016-5009S<\/div>\n<\/td>\n<\/tr>\n<tr>\n<td colspan=\"1\" rowspan=\"3\">\n<div class=\"magic-24\">For Ford<\/div>\n<\/td>\n<td colspan=\"1\" rowspan=\"1\">\n<div class=\"magic-24\">\u00a0<\/div>\n<\/td>\n<td colspan=\"1\" rowspan=\"1\">\n<div class=\"magic-25\">K14<\/div>\n<\/td>\n<td colspan=\"1\" rowspan=\"1\">\n<div class=\"magic-27\">905292010093-01 905292010093-2<\/p>\n<div>\u00a01438980623\u00a0<\/p>\n<div>0607M152940-096<\/div>\n<\/div>\n<\/div>\n<\/td>\n<\/tr>\n<tr>\n<td colspan=\"1\" rowspan=\"1\">\n<div class=\"magic-24\">1\u03b2TOCI<\/div>\n<\/td>\n<td colspan=\"1\" rowspan=\"1\">\n<div class=\"magic-25\">GT1544V<\/div>\n<\/td>\n<td colspan=\"1\" rowspan=\"1\">\n<div class=\"magic-27\">753420-5005S 9656125880 753420-0004<\/p>\n<div data-spm-anchor-id=\"0.0.0.i5.577b4f05a5XQ9O\">9663199280 753420-0002 9660641380<\/div>\n<div data-spm-anchor-id=\"0.0.0.i5.577b4f05a5XQ9O\">750030-0002 9650764480<\/p>\n<div data-spm-anchor-id=\"0.0.0.i22.577b4f05tSrjZg\">740821-0002 Y60113700G 740821-0001<br \/>\n0375J800375J7<\/div>\n<\/div>\n<\/div>\n<\/td>\n<\/tr>\n<tr>\n<td colspan=\"1\" rowspan=\"1\">\n<div class=\"magic-24\">3<\/div>\n<\/td>\n<td colspan=\"1\" rowspan=\"1\">\n<div class=\"magic-25\">GT25S RANGER<\/div>\n<\/td>\n<td colspan=\"1\" rowspan=\"1\">\n<div class=\"magic-27\">754743-0001<\/p>\n<div>\u00a0754743-0001S 754743-5001S<\/div>\n<\/div>\n<\/td>\n<\/tr>\n<tr>\n<td colspan=\"1\" rowspan=\"4\">\n<div class=\"magic-24\">For BWM<\/div>\n<\/td>\n<td colspan=\"1\" rowspan=\"1\">\n<div class=\"magic-24\">M47TU 2.0 M47TU E46<\/div>\n<\/td>\n<td colspan=\"1\" rowspan=\"1\">\n<div class=\"magic-25\">3200 GT1749V<\/div>\n<\/td>\n<td colspan=\"1\" rowspan=\"1\">\n<div class=\"magic-27\">\n<div data-spm-anchor-id=\"0.0.0.i24.577b4f05tSrjZg\">717478-6 7787626F<\/div>\n<div data-spm-anchor-id=\"0.0.0.i24.577b4f05tSrjZg\">\u00a0750431-5012S<\/div>\n<div data-spm-anchor-id=\"0.0.0.i24.577b4f05tSrjZg\">\u00a011657794144 750431-5009S<\/div>\n<div data-spm-anchor-id=\"0.0.0.i24.577b4f05tSrjZg\">\u00a077941400<\/div>\n<div data-spm-anchor-id=\"0.0.0.i24.577b4f05tSrjZg\">\u00a0750431-0009 7787626F<\/div>\n<\/div>\n<\/td>\n<\/tr>\n<tr>\n<td colspan=\"1\" rowspan=\"1\">\n<div class=\"magic-24\">X5 3<\/div>\n<\/td>\n<td colspan=\"1\" rowspan=\"1\">\n<div class=\"magic-25\">M570 GT2256V<\/div>\n<\/td>\n<td colspan=\"1\" rowspan=\"1\">\n<div class=\"magic-27\">7009935-5003S 11657785993<\/p>\n<div>7785991-B 11657785992<\/div>\n<\/div>\n<\/td>\n<\/tr>\n<tr>\n<td colspan=\"1\" rowspan=\"1\">\n<div class=\"magic-24\">M57 030 6 ZYL<\/div>\n<\/td>\n<td colspan=\"1\" rowspan=\"1\">\n<div class=\"magic-25\">GT25V 5300 E39<\/div>\n<\/td>\n<td colspan=\"1\" rowspan=\"1\">\n<div class=\"magic-27\">454191-5015S 11652248906<\/p>\n<div>454191-5012S\u00a0 11652248907<\/div>\n<div>\u00a0454191-0009 11652247691<\/div>\n<\/div>\n<\/td>\n<\/tr>\n<tr>\n<td colspan=\"1\" rowspan=\"1\">\n<div class=\"magic-24\">2 .4<\/div>\n<\/td>\n<td colspan=\"1\" rowspan=\"1\">\n<div class=\"magic-25\">Defender GT2052V<\/div>\n<\/td>\n<td colspan=\"1\" rowspan=\"1\">\n<div class=\"magic-27\">752610-32 752610-5025S\u00a0<\/p>\n<div>752610-0015 752610-0012<\/div>\n<\/div>\n<\/td>\n<\/tr>\n<tr>\n<td colspan=\"1\" rowspan=\"2\">\n<div class=\"magic-24\">For Perkins<\/div>\n<\/td>\n<td colspan=\"1\" rowspan=\"1\">\n<div class=\"magic-24\">\u00a0<\/div>\n<\/td>\n<td colspan=\"1\" rowspan=\"1\">\n<div class=\"magic-25\">GT25<\/div>\n<\/td>\n<td colspan=\"1\" rowspan=\"1\">\n<div class=\"magic-27\">2674A431 754127-0001<\/p>\n<div>\u00a0758714-5001 2674A404<\/div>\n<\/div>\n<\/td>\n<\/tr>\n<tr>\n<td colspan=\"1\" rowspan=\"1\">\n<div class=\"magic-24\">3.3L<\/div>\n<\/td>\n<td colspan=\"1\" rowspan=\"1\">\n<div class=\"magic-25\">1103A GT2052<\/div>\n<\/td>\n<td colspan=\"1\" rowspan=\"1\">\n<div class=\"magic-27\">754111-5007S 2647A421<\/div>\n<\/td>\n<\/tr>\n<tr>\n<td colspan=\"1\" rowspan=\"1\">\n<div class=\"magic-24\">For Cat<\/div>\n<\/td>\n<td colspan=\"1\" rowspan=\"1\">\n<div class=\"magic-24\">\u00a0<\/div>\n<\/td>\n<td colspan=\"1\" rowspan=\"1\">\n<div class=\"magic-25\">GT4294 truck<\/div>\n<\/td>\n<td colspan=\"1\" rowspan=\"1\">\n<div class=\"magic-27\">714788-5001 172743<\/p>\n<div>\u00a02352805 23522189\u00a0<\/p>\n<div>714788-1 23528065<\/div>\n<\/div>\n<\/div>\n<\/td>\n<\/tr>\n<tr>\n<td colspan=\"1\" rowspan=\"1\">\n<div class=\"magic-24\">For\u00a0Car Tuning<\/div>\n<\/td>\n<td colspan=\"1\" rowspan=\"1\">\n<div class=\"magic-24\">\u00a0<\/div>\n<\/td>\n<td colspan=\"1\" rowspan=\"1\">\n<div class=\"magic-25\">GT42<\/div>\n<\/td>\n<td colspan=\"1\" rowspan=\"1\">\n<div class=\"magic-27\">731376-0002 712402-0008<\/div>\n<\/td>\n<\/tr>\n<tr>\n<td colspan=\"1\" rowspan=\"1\">\n<div class=\"magic-24\">For\u00a0Navara<\/div>\n<\/td>\n<td colspan=\"1\" rowspan=\"1\">\n<div class=\"magic-24\">\u00a0<\/div>\n<\/td>\n<td colspan=\"1\" rowspan=\"1\">\n<div class=\"magic-25\">YD25<\/div>\n<\/td>\n<td colspan=\"1\" rowspan=\"1\">\n<div class=\"magic-27\">14411-EC00E 14411-EB70C<\/div>\n<\/td>\n<\/tr>\n<tr>\n<td colspan=\"1\" rowspan=\"1\">\n<div class=\"magic-24\">For\u00a0Toyota<\/div>\n<\/td>\n<td colspan=\"1\" rowspan=\"1\">\n<div class=\"magic-24\" data-spm-anchor-id=\"a2700.details.0.i6.5944a3a9wfd6u4\">\u00a0Hilux MK III [2004-2016] Pickup 2.5<\/div>\n<\/td>\n<td colspan=\"1\" rowspan=\"1\">\n<div class=\"magic-25\">2KD-FTV\u00a0 2KD<\/div>\n<\/td>\n<td colspan=\"1\" rowspan=\"1\">\n<div class=\"magic-27\">17201-OL070<\/div>\n<\/td>\n<\/tr>\n<\/tbody>\n<\/table>\n<p>More Info, Contact Us Please.\u00a0<\/p>\n<p><span style=\"color: #ff0000;\"><strong>WhatsApp, Wechat : 0086 15553722299\u00a0<\/strong><\/span><\/p>","protected":false},"excerpt":{"rendered":"<p>HX80 3594121 diesel engine turbocharger supercharger for Cummins CCEC KTA38-G5 engine parts 3594121 hx80 turbocharger for Cummins Holset turbo KTA19-G3 HX80 turbocharger 3594117 3594118 3594119 3594120 3594121 Essential details Model:855 SERIES, HX80 Engine:10.0L OE NO.:3594117 3594118 3594119 3594120 3594121 3767941 2882091 3803474 4033471 3801689 Car Fitment:Cummins Engines Condition:New Warranty:6 Months Place of Origin: China Size:25*28*26 [&hellip;]<\/p>","protected":false},"featured_media":7868,"menu_order":0,"comment_status":"closed","ping_status":"closed","template":"","meta":{"_seopress_robots_primary_cat":"","_seopress_titles_title":"","_seopress_titles_desc":"","_seopress_robots_index":"","om_disable_all_campaigns":false,"_mi_skip_tracking":false,"_monsterinsights_sitenote_active":false,"_monsterinsights_sitenote_note":"","_monsterinsights_sitenote_category":0},"product_cat":[],"product_tag":[],"product_category":[115],"class_list":{"0":"post-7866","1":"product","2":"type-product","3":"status-publish","4":"has-post-thumbnail","6":"product_category-cummins-engine-part","8":"first","9":"instock","10":"shipping-taxable","11":"product-type-simple"},"acf":[],"_links":{"self":[{"href":"https:\/\/www.excavatorenginepart.com\/tr\/wp-json\/wp\/v2\/product\/7866","targetHints":{"allow":["GET"]}}],"collection":[{"href":"https:\/\/www.excavatorenginepart.com\/tr\/wp-json\/wp\/v2\/product"}],"about":[{"href":"https:\/\/www.excavatorenginepart.com\/tr\/wp-json\/wp\/v2\/types\/product"}],"replies":[{"embeddable":true,"href":"https:\/\/www.excavatorenginepart.com\/tr\/wp-json\/wp\/v2\/comments?post=7866"}],"wp:featuredmedia":[{"embeddable":true,"href":"https:\/\/www.excavatorenginepart.com\/tr\/wp-json\/wp\/v2\/media\/7868"}],"wp:attachment":[{"href":"https:\/\/www.excavatorenginepart.com\/tr\/wp-json\/wp\/v2\/media?parent=7866"}],"wp:term":[{"taxonomy":"product_cat","embeddable":true,"href":"https:\/\/www.excavatorenginepart.com\/tr\/wp-json\/wp\/v2\/product_cat?post=7866"},{"taxonomy":"product_tag","embeddable":true,"href":"https:\/\/www.excavatorenginepart.com\/tr\/wp-json\/wp\/v2\/product_tag?post=7866"},{"taxonomy":"product_category","embeddable":true,"href":"https:\/\/www.excavatorenginepart.com\/tr\/wp-json\/wp\/v2\/product_category?post=7866"}],"curies":[{"name":"wp","href":"https:\/\/api.w.org\/{rel}","templated":true}]}}