{"id":7599,"date":"2022-12-13T13:34:08","date_gmt":"2022-12-13T13:34:08","guid":{"rendered":"https:\/\/www.excavatorenginepart.com\/?post_type=product&#038;p=7599"},"modified":"2022-12-13T13:50:34","modified_gmt":"2022-12-13T13:50:34","slug":"cummins-nt855-fuel-pump-4951350","status":"publish","type":"product","link":"https:\/\/www.excavatorenginepart.com\/tr\/product\/cummins-nt855-fuel-pump-4951350\/","title":{"rendered":"Cummins NT855 Fuel Pump 4951350"},"content":{"rendered":"<p><strong>Cummins NT855 Fuel Pump 4951350<\/strong><\/p>\n<p><img fetchpriority=\"high\" decoding=\"async\" class=\"alignnone size-medium wp-image-7603\" src=\"https:\/\/www.excavatorenginepart.com\/wp-content\/uploads\/2022\/12\/Generator-set-part-fuel-injection-pumps-3655642-4951350-300x300.jpg\" alt=\"\" width=\"300\" height=\"300\" srcset=\"https:\/\/www.excavatorenginepart.com\/wp-content\/uploads\/2022\/12\/Generator-set-part-fuel-injection-pumps-3655642-4951350-300x300.jpg 300w, https:\/\/www.excavatorenginepart.com\/wp-content\/uploads\/2022\/12\/Generator-set-part-fuel-injection-pumps-3655642-4951350-150x150.jpg 150w, https:\/\/www.excavatorenginepart.com\/wp-content\/uploads\/2022\/12\/Generator-set-part-fuel-injection-pumps-3655642-4951350.jpg 600w\" sizes=\"(max-width: 300px) 100vw, 300px\" \/><\/p>\n<p>Genuine Injection Fuel Pump Assembly PT Pump 4951350<\/p>\n<p><img decoding=\"async\" class=\"alignnone size-medium wp-image-7600\" src=\"https:\/\/www.excavatorenginepart.com\/wp-content\/uploads\/2022\/12\/CCEC-Cummins-NTA855-Fuel-Pump-4951350-300x300.jpg\" alt=\"\" width=\"300\" height=\"300\" srcset=\"https:\/\/www.excavatorenginepart.com\/wp-content\/uploads\/2022\/12\/CCEC-Cummins-NTA855-Fuel-Pump-4951350-300x300.jpg 300w, https:\/\/www.excavatorenginepart.com\/wp-content\/uploads\/2022\/12\/CCEC-Cummins-NTA855-Fuel-Pump-4951350-150x150.jpg 150w, https:\/\/www.excavatorenginepart.com\/wp-content\/uploads\/2022\/12\/CCEC-Cummins-NTA855-Fuel-Pump-4951350.jpg 600w\" sizes=\"(max-width: 300px) 100vw, 300px\" \/><\/p>\n<p>CCEC Cummins NTA855 Fuel Pump 4951350<\/p>\n<p><img decoding=\"async\" class=\"alignnone size-medium wp-image-7601\" src=\"https:\/\/www.excavatorenginepart.com\/wp-content\/uploads\/2022\/12\/Cummins-NT855-Fuel-Pump-4951350-300x300.jpg\" alt=\"\" width=\"300\" height=\"300\" srcset=\"https:\/\/www.excavatorenginepart.com\/wp-content\/uploads\/2022\/12\/Cummins-NT855-Fuel-Pump-4951350-300x300.jpg 300w, https:\/\/www.excavatorenginepart.com\/wp-content\/uploads\/2022\/12\/Cummins-NT855-Fuel-Pump-4951350-150x150.jpg 150w, https:\/\/www.excavatorenginepart.com\/wp-content\/uploads\/2022\/12\/Cummins-NT855-Fuel-Pump-4951350.jpg 600w\" sizes=\"(max-width: 300px) 100vw, 300px\" \/><\/p>\n<p>Diesel Engine Fuel System Parts for NTA855-D 4951350 Injector Pump for Cummins<\/p>\n<p><img loading=\"lazy\" decoding=\"async\" class=\"alignnone size-medium wp-image-7602\" src=\"https:\/\/www.excavatorenginepart.com\/wp-content\/uploads\/2022\/12\/Diesel-Engine-Fuel-System-Parts-for-NTA855-D-4951350-Injector-Pump-for-Cummins-300x300.jpg\" alt=\"\" width=\"300\" height=\"300\" srcset=\"https:\/\/www.excavatorenginepart.com\/wp-content\/uploads\/2022\/12\/Diesel-Engine-Fuel-System-Parts-for-NTA855-D-4951350-Injector-Pump-for-Cummins-300x300.jpg 300w, https:\/\/www.excavatorenginepart.com\/wp-content\/uploads\/2022\/12\/Diesel-Engine-Fuel-System-Parts-for-NTA855-D-4951350-Injector-Pump-for-Cummins-150x150.jpg 150w, https:\/\/www.excavatorenginepart.com\/wp-content\/uploads\/2022\/12\/Diesel-Engine-Fuel-System-Parts-for-NTA855-D-4951350-Injector-Pump-for-Cummins.jpg 600w\" sizes=\"(max-width: 300px) 100vw, 300px\" \/><\/p>\n<p>Generator set part fuel injection pumps 3655642 4951350<\/p>\n<p><img loading=\"lazy\" decoding=\"async\" class=\"alignnone size-medium wp-image-7604\" src=\"https:\/\/www.excavatorenginepart.com\/wp-content\/uploads\/2022\/12\/Genuine-Injection-Fuel-Pump-Assembly-PT-Pump-4951350-300x300.jpg\" alt=\"\" width=\"300\" height=\"300\" srcset=\"https:\/\/www.excavatorenginepart.com\/wp-content\/uploads\/2022\/12\/Genuine-Injection-Fuel-Pump-Assembly-PT-Pump-4951350-300x300.jpg 300w, https:\/\/www.excavatorenginepart.com\/wp-content\/uploads\/2022\/12\/Genuine-Injection-Fuel-Pump-Assembly-PT-Pump-4951350-150x150.jpg 150w, https:\/\/www.excavatorenginepart.com\/wp-content\/uploads\/2022\/12\/Genuine-Injection-Fuel-Pump-Assembly-PT-Pump-4951350.jpg 600w\" sizes=\"(max-width: 300px) 100vw, 300px\" \/><\/p>\n<p><strong>Recomed Fuel Systerm\u00a0 Spare Parts :<\/strong><\/p>\n<table border=\"0\" width=\"710\" cellspacing=\"1\">\n<tbody>\n<tr bgcolor=\"#d8d8e5\">\n<th colspan=\"5\" width=\"594\" data-spm-anchor-id=\"a2700.details.0.i6.5bab5bfaE80KM2\">T Fuel injector assembly<\/th>\n<\/tr>\n<tr bgcolor=\"#f1f0f6\">\n<td align=\"center\" width=\"80\">Sequence No.<\/td>\n<td width=\"72\">Item No.<\/td>\n<td width=\"282\">Specification and Type(Applicable models)<\/td>\n<td width=\"114\">\u00dcr\u00fcn Ad\u0131<\/td>\n<td width=\"47\">Unit<\/td>\n<\/tr>\n<tr bgcolor=\"#d8d8e5\">\n<td align=\"center\" width=\"80\">1<\/td>\n<td width=\"72\">C.3013725<\/td>\n<td width=\"282\">N-PTD Basic Type<\/td>\n<td width=\"114\">PT fuel injector<\/td>\n<td width=\"47\">Pcs<\/td>\n<\/tr>\n<tr bgcolor=\"#f1f0f6\">\n<td align=\"center\" width=\"80\">2<\/td>\n<td width=\"72\">C.3016675<\/td>\n<td width=\"282\">K-PTD Type<\/td>\n<td width=\"114\">PT fuel injector<\/td>\n<td width=\"47\">\u00a0<\/td>\n<\/tr>\n<tr bgcolor=\"#d8d8e5\">\n<td align=\"center\" width=\"80\">3<\/td>\n<td width=\"72\">C.3016676<\/td>\n<td width=\"282\">K-PTD Type<\/td>\n<td width=\"114\">PT fuel injector<\/td>\n<td width=\"47\">Pcs<\/td>\n<\/tr>\n<tr bgcolor=\"#f1f0f6\">\n<td align=\"center\" width=\"80\">4<\/td>\n<td width=\"72\">C.3018223<\/td>\n<td width=\"282\">\u00a0<\/td>\n<td width=\"114\">PT fuel injector<\/td>\n<td width=\"47\">\u00a0<\/td>\n<\/tr>\n<tr bgcolor=\"#d8d8e5\">\n<td align=\"center\" width=\"80\">5<\/td>\n<td width=\"72\">C.3018352<\/td>\n<td width=\"282\">N-TOP STOP Overhead limit Type<\/td>\n<td width=\"114\">PT fuel injector<\/td>\n<td width=\"47\">Pcs<\/td>\n<\/tr>\n<tr bgcolor=\"#f1f0f6\">\n<td align=\"center\" width=\"80\">6<\/td>\n<td width=\"72\">C.3018566<\/td>\n<td width=\"282\">N-PTD Basic Type<\/td>\n<td width=\"114\">PT fuel injector<\/td>\n<td width=\"47\">\u00a0<\/td>\n<\/tr>\n<tr bgcolor=\"#d8d8e5\">\n<td align=\"center\" width=\"80\">7<\/td>\n<td width=\"72\">C.3018567<\/td>\n<td width=\"282\">N-PTD Basic Type<\/td>\n<td width=\"114\">PT fuel injector<\/td>\n<td width=\"47\">Pcs<\/td>\n<\/tr>\n<tr bgcolor=\"#f1f0f6\">\n<td align=\"center\" width=\"80\">8<\/td>\n<td width=\"72\">C.3018816<\/td>\n<td width=\"282\">N-PTD Basic Type<\/td>\n<td width=\"114\">PT fuel injector<\/td>\n<td width=\"47\">Pcs<\/td>\n<\/tr>\n<tr bgcolor=\"#d8d8e5\">\n<td align=\"center\" width=\"80\">9<\/td>\n<td width=\"72\">C.3018833<\/td>\n<td width=\"282\">N-PTD Basic Type<\/td>\n<td width=\"114\">PT fuel injector<\/td>\n<td width=\"47\">Pcs<\/td>\n<\/tr>\n<tr bgcolor=\"#f1f0f6\">\n<td align=\"center\" width=\"80\">10<\/td>\n<td width=\"72\">C.3018854<\/td>\n<td width=\"282\">\u00a0<\/td>\n<td width=\"114\">PT fuel injector<\/td>\n<td width=\"47\">Pcs<\/td>\n<\/tr>\n<tr bgcolor=\"#d8d8e5\">\n<td align=\"center\" width=\"80\">11<\/td>\n<td width=\"72\">C.3022197<\/td>\n<td width=\"282\">K-PTD<\/td>\n<td width=\"114\">PT fuel injector<\/td>\n<td width=\"47\">Pcs<\/td>\n<\/tr>\n<tr bgcolor=\"#f1f0f6\">\n<td align=\"center\" width=\"80\">12<\/td>\n<td width=\"72\">C.3046315<\/td>\n<td width=\"282\">\u00a0<\/td>\n<td width=\"114\">PT fuel injector<\/td>\n<td width=\"47\">Pcs<\/td>\n<\/tr>\n<tr bgcolor=\"#d8d8e5\">\n<td align=\"center\" width=\"80\">13<\/td>\n<td width=\"72\">C.3047968<\/td>\n<td width=\"282\" data-spm-anchor-id=\"a2700.details.0.i7.5bab5bfaE80KM2\">N-TOP STOP Overhead limit Type<\/td>\n<td width=\"114\">PT fuel injector<\/td>\n<td width=\"47\">Pcs<\/td>\n<\/tr>\n<tr bgcolor=\"#f1f0f6\">\n<td align=\"center\" width=\"80\">14<\/td>\n<td width=\"72\">C.3047973<\/td>\n<td width=\"282\">\u00a0<\/td>\n<td width=\"114\">PT fuel injector<\/td>\n<td width=\"47\">Pcs<\/td>\n<\/tr>\n<tr bgcolor=\"#d8d8e5\">\n<td align=\"center\" width=\"80\">15<\/td>\n<td width=\"72\">C.3047976<\/td>\n<td width=\"282\">N-TOP STOP Overhead limit Type<\/td>\n<td width=\"114\">PT fuel injector<\/td>\n<td width=\"47\">Pcs<\/td>\n<\/tr>\n<tr bgcolor=\"#f1f0f6\">\n<td align=\"center\" width=\"80\">16<\/td>\n<td width=\"72\">C.3047991\u00a0<\/td>\n<td width=\"282\">N-PTD Basic Type<\/td>\n<td width=\"114\">PT fuel injector<\/td>\n<td width=\"47\">Pcs<\/td>\n<\/tr>\n<tr bgcolor=\"#d8d8e5\">\n<td align=\"center\" width=\"80\">17<\/td>\n<td width=\"72\">C.3047992<\/td>\n<td width=\"282\">\u00a0<\/td>\n<td width=\"114\">PT fuel injector<\/td>\n<td width=\"47\">Pcs<\/td>\n<\/tr>\n<tr bgcolor=\"#f1f0f6\">\n<td align=\"center\" width=\"80\">18<\/td>\n<td width=\"72\">C.3052255<\/td>\n<td width=\"282\">K-PTD<\/td>\n<td width=\"114\">PT fuel injector<\/td>\n<td width=\"47\">Pcs<\/td>\n<\/tr>\n<tr bgcolor=\"#d8d8e5\">\n<td align=\"center\" width=\"80\">19<\/td>\n<td width=\"72\">C.3053124<\/td>\n<td width=\"282\">K-PTD<\/td>\n<td width=\"114\">PT fuel injector<\/td>\n<td width=\"47\">Pcs<\/td>\n<\/tr>\n<tr bgcolor=\"#f1f0f6\">\n<td align=\"center\" width=\"80\">20<\/td>\n<td width=\"72\">C.3053126<\/td>\n<td width=\"282\">K-PTD<\/td>\n<td width=\"114\">PT fuel injector<\/td>\n<td width=\"47\">\u00a0<\/td>\n<\/tr>\n<tr bgcolor=\"#d8d8e5\">\n<td align=\"center\" width=\"80\">21<\/td>\n<td width=\"72\">C.3054071<\/td>\n<td width=\"282\">\u00a0<\/td>\n<td width=\"114\">PT fuel injector<\/td>\n<td width=\"47\">Pcs<\/td>\n<\/tr>\n<tr bgcolor=\"#f1f0f6\">\n<td align=\"center\" width=\"80\">22<\/td>\n<td width=\"72\">C.3054216<\/td>\n<td width=\"282\">N-PTD Basic Type<\/td>\n<td width=\"114\">PT fuel injector<\/td>\n<td width=\"47\">\u00a0<\/td>\n<\/tr>\n<tr bgcolor=\"#d8d8e5\">\n<td align=\"center\" width=\"80\">23<\/td>\n<td width=\"72\">C.3054217<\/td>\n<td width=\"282\">N-PTD Basic Type<\/td>\n<td width=\"114\">PT fuel injector<\/td>\n<td width=\"47\">\u00a0<\/td>\n<\/tr>\n<tr bgcolor=\"#f1f0f6\">\n<td align=\"center\" width=\"80\">24<\/td>\n<td width=\"72\">C.3054218<\/td>\n<td width=\"282\">N-PTD Basic Type<\/td>\n<td width=\"114\">PT fuel injector<\/td>\n<td width=\"47\">Pcs<\/td>\n<\/tr>\n<tr bgcolor=\"#d8d8e5\">\n<td align=\"center\" width=\"80\">25<\/td>\n<td width=\"72\">C.3054219<\/td>\n<td width=\"282\">\u00a0<\/td>\n<td width=\"114\">PT fuel injector<\/td>\n<td width=\"47\">\u00a0<\/td>\n<\/tr>\n<tr bgcolor=\"#f1f0f6\">\n<td align=\"center\" width=\"80\">26<\/td>\n<td width=\"72\">C.3054220<\/td>\n<td width=\"282\">N-PTD Basic Type<\/td>\n<td width=\"114\">PT fuel injector<\/td>\n<td width=\"47\">\u00a0<\/td>\n<\/tr>\n<tr bgcolor=\"#d8d8e5\">\n<td align=\"center\" width=\"80\">27<\/td>\n<td width=\"72\">C.3054226<\/td>\n<td width=\"282\">\u00a0<\/td>\n<td width=\"114\">PT fuel injector<\/td>\n<td width=\"47\">\u00a0<\/td>\n<\/tr>\n<tr bgcolor=\"#f1f0f6\">\n<td align=\"center\" width=\"80\">28<\/td>\n<td width=\"72\">C.3054228<\/td>\n<td width=\"282\">N-TOP STOP Overhead limit Type<\/td>\n<td width=\"114\">PT fuel injector<\/td>\n<td width=\"47\">Pcs<\/td>\n<\/tr>\n<tr bgcolor=\"#d8d8e5\">\n<td align=\"center\" width=\"80\">29<\/td>\n<td width=\"72\">C.3054231\u00a0<\/td>\n<td width=\"282\">N-TOP STOP Overhead limit Type<\/td>\n<td width=\"114\">PT fuel injector<\/td>\n<td width=\"47\">Pcs<\/td>\n<\/tr>\n<tr bgcolor=\"#f1f0f6\">\n<td align=\"center\" width=\"80\">30<\/td>\n<td width=\"72\">C.3054233<\/td>\n<td width=\"282\">N-TOP STOP Overhead limit Type<\/td>\n<td width=\"114\">PT fuel injector<\/td>\n<td width=\"47\">Pcs<\/td>\n<\/tr>\n<tr bgcolor=\"#d8d8e5\">\n<td align=\"center\" width=\"80\">31<\/td>\n<td width=\"72\">C.3054255<\/td>\n<td width=\"282\">\u00a0<\/td>\n<td width=\"114\">PT fuel injector<\/td>\n<td width=\"47\">Pcs<\/td>\n<\/tr>\n<tr bgcolor=\"#f1f0f6\">\n<td align=\"center\" width=\"80\">32<\/td>\n<td width=\"72\">C.3068825<\/td>\n<td width=\"282\">STC<\/td>\n<td width=\"114\">PT fuel injector<\/td>\n<td width=\"47\">Pcs<\/td>\n<\/tr>\n<tr bgcolor=\"#d8d8e5\">\n<td align=\"center\" width=\"80\">33<\/td>\n<td width=\"72\">C.3071492<\/td>\n<td width=\"282\">N-STC<\/td>\n<td width=\"114\">PT fuel injector<\/td>\n<td width=\"47\">\u00a0<\/td>\n<\/tr>\n<tr bgcolor=\"#f1f0f6\">\n<td align=\"center\" width=\"80\">34<\/td>\n<td width=\"72\">C.3071497<\/td>\n<td width=\"282\">N-STC<\/td>\n<td width=\"114\">PT fuel injector<\/td>\n<td width=\"47\">Pcs<\/td>\n<\/tr>\n<tr bgcolor=\"#d8d8e5\">\n<td align=\"center\" width=\"80\">35<\/td>\n<td width=\"72\">C.3076132<\/td>\n<td width=\"282\">K-STC Type<\/td>\n<td width=\"114\">PT fuel injector<\/td>\n<td width=\"47\">\u00a0<\/td>\n<\/tr>\n<tr bgcolor=\"#f1f0f6\">\n<td align=\"center\" width=\"80\">36<\/td>\n<td width=\"72\">C.3076134<\/td>\n<td width=\"282\">K-STC<\/td>\n<td width=\"114\">PT fuel injector<\/td>\n<td width=\"47\">\u00a0<\/td>\n<\/tr>\n<tr bgcolor=\"#d8d8e5\">\n<td align=\"center\" width=\"80\">37<\/td>\n<td width=\"72\">C.3076700<\/td>\n<td width=\"282\">STC<\/td>\n<td width=\"114\">PT fuel injector<\/td>\n<td width=\"47\">\u00a0<\/td>\n<\/tr>\n<tr bgcolor=\"#f1f0f6\">\n<td align=\"center\" width=\"80\">38<\/td>\n<td width=\"72\">C.3076702<\/td>\n<td width=\"282\">K-STC Type<\/td>\n<td width=\"114\">PT fuel injector<\/td>\n<td width=\"47\">\u00a0<\/td>\n<\/tr>\n<tr bgcolor=\"#d8d8e5\">\n<td align=\"center\" width=\"80\">39<\/td>\n<td width=\"72\">C.3076703<\/td>\n<td width=\"282\">K-STC<\/td>\n<td width=\"114\">PT fuel injector<\/td>\n<td width=\"47\">\u00a0<\/td>\n<\/tr>\n<tr bgcolor=\"#f1f0f6\">\n<td align=\"center\" width=\"80\">40<\/td>\n<td width=\"72\">C.3076704<\/td>\n<td width=\"282\">K-STC<\/td>\n<td width=\"114\">PT fuel injector<\/td>\n<td width=\"47\">Pcs<\/td>\n<\/tr>\n<tr bgcolor=\"#d8d8e5\">\n<td align=\"center\" width=\"80\">41<\/td>\n<td width=\"72\">C.3077714<\/td>\n<td width=\"282\">K-STC<\/td>\n<td width=\"114\">PT fuel injector<\/td>\n<td width=\"47\">Pcs<\/td>\n<\/tr>\n<tr bgcolor=\"#f1f0f6\">\n<td align=\"center\" width=\"80\">42<\/td>\n<td width=\"72\">C.3077715<\/td>\n<td width=\"282\">K-STC<\/td>\n<td width=\"114\">PT fuel injector<\/td>\n<td width=\"47\">Pcs<\/td>\n<\/tr>\n<tr bgcolor=\"#d8d8e5\">\n<td align=\"center\" width=\"80\">43<\/td>\n<td width=\"72\">C.3077760<\/td>\n<td width=\"282\">K-STC<\/td>\n<td width=\"114\">PT fuel injector<\/td>\n<td width=\"47\">Pcs<\/td>\n<\/tr>\n<tr bgcolor=\"#f1f0f6\">\n<td align=\"center\" width=\"80\">44<\/td>\n<td width=\"72\">C.3079946<\/td>\n<td width=\"282\">N-STC<\/td>\n<td width=\"114\">PT fuel injector<\/td>\n<td width=\"47\">Pcs<\/td>\n<\/tr>\n<tr bgcolor=\"#d8d8e5\">\n<td align=\"center\" width=\"80\">45<\/td>\n<td width=\"72\">C.3079947<\/td>\n<td width=\"282\">STC<\/td>\n<td width=\"114\">PT fuel injector<\/td>\n<td width=\"47\">Pcs<\/td>\n<\/tr>\n<tr bgcolor=\"#f1f0f6\">\n<td align=\"center\" width=\"80\">46<\/td>\n<td width=\"72\">C.3087587<\/td>\n<td width=\"282\">K-STC<\/td>\n<td width=\"114\">PT fuel injector<\/td>\n<td width=\"47\">\u00a0<\/td>\n<\/tr>\n<tr bgcolor=\"#d8d8e5\">\n<td align=\"center\" width=\"80\">47<\/td>\n<td width=\"72\">C.3087648<\/td>\n<td width=\"282\">Ml 1-STC<\/td>\n<td width=\"114\">PT fuel injector<\/td>\n<td width=\"47\">\u00a0<\/td>\n<\/tr>\n<tr bgcolor=\"#f1f0f6\">\n<td align=\"center\" width=\"80\">48<\/td>\n<td width=\"72\">C.3095773<\/td>\n<td width=\"282\">K-STC<\/td>\n<td width=\"114\">PT fuel injector<\/td>\n<td width=\"47\">Pcs<\/td>\n<\/tr>\n<tr bgcolor=\"#d8d8e5\">\n<td align=\"center\" width=\"80\">49<\/td>\n<td width=\"72\">C.3096538<\/td>\n<td width=\"282\">Ml 1-STC Type<\/td>\n<td width=\"114\">PT fuel injector<\/td>\n<td width=\"47\">\u00a0<\/td>\n<\/tr>\n<tr bgcolor=\"#f1f0f6\">\n<td align=\"center\" width=\"80\">50<\/td>\n<td width=\"72\">C.3279661\u00a0<\/td>\n<td width=\"282\">N<\/td>\n<td width=\"114\">PT fuel injector<\/td>\n<td width=\"47\">\u00a0<\/td>\n<\/tr>\n<tr bgcolor=\"#d8d8e5\">\n<td align=\"center\" width=\"80\">51<\/td>\n<td width=\"72\">C.3279664<\/td>\n<td width=\"282\">N<\/td>\n<td width=\"114\">PT fuel injector<\/td>\n<td width=\"47\">\u00a0<\/td>\n<\/tr>\n<tr bgcolor=\"#f1f0f6\">\n<td align=\"center\" width=\"80\">52<\/td>\n<td width=\"72\">C.3349860<\/td>\n<td width=\"282\">STC<\/td>\n<td width=\"114\">PT fuel injector<\/td>\n<td width=\"47\">Pcs<\/td>\n<\/tr>\n<tr bgcolor=\"#d8d8e5\">\n<td align=\"center\" width=\"80\">53<\/td>\n<td width=\"72\">C.3349861\u00a0<\/td>\n<td width=\"282\">K-STC<\/td>\n<td width=\"114\">PT fuel injector<\/td>\n<td width=\"47\">Pcs<\/td>\n<\/tr>\n<tr bgcolor=\"#f1f0f6\">\n<td align=\"center\" width=\"80\">54<\/td>\n<td width=\"72\">C.3406604<\/td>\n<td width=\"282\">MII-STC<\/td>\n<td width=\"114\">PT fuel injector<\/td>\n<td width=\"47\">Pcs<\/td>\n<\/tr>\n<tr bgcolor=\"#d8d8e5\">\n<td align=\"center\" width=\"80\">55<\/td>\n<td width=\"72\">C.3411821\u00a0<\/td>\n<td width=\"282\">Ml 1-STC<\/td>\n<td width=\"114\">PT fuel injector<\/td>\n<td width=\"47\">Pcs<\/td>\n<\/tr>\n<tr bgcolor=\"#f1f0f6\">\n<td align=\"center\" width=\"80\">56<\/td>\n<td width=\"72\">C.3609849<\/td>\n<td width=\"282\">STC<\/td>\n<td width=\"114\">PT fuel injector<\/td>\n<td width=\"47\">Pcs<\/td>\n<\/tr>\n<tr bgcolor=\"#d8d8e5\">\n<td align=\"center\" width=\"80\">57<\/td>\n<td width=\"72\">C.3609962<\/td>\n<td width=\"282\">K-STC<\/td>\n<td width=\"114\">PT fuel injector<\/td>\n<td width=\"47\">\u00a0<\/td>\n<\/tr>\n<tr bgcolor=\"#f1f0f6\">\n<td align=\"center\" width=\"80\">58<\/td>\n<td width=\"72\">C.3609968<\/td>\n<td width=\"282\">STC<\/td>\n<td width=\"114\">PT fuel injector<\/td>\n<td width=\"47\">Pcs<\/td>\n<\/tr>\n<tr bgcolor=\"#d8d8e5\">\n<td align=\"center\" width=\"80\">59<\/td>\n<td width=\"72\">C.3627922<\/td>\n<td width=\"282\">STC<\/td>\n<td width=\"114\" data-spm-anchor-id=\"a2700.details.0.i8.5bab5bfaE80KM2\">PT fuel injector<\/td>\n<td width=\"47\">\u00a0<\/td>\n<\/tr>\n<tr bgcolor=\"#f1f0f6\">\n<td align=\"center\" width=\"80\">60<\/td>\n<td width=\"72\">C.4912080<\/td>\n<td width=\"282\">K-STC<\/td>\n<td width=\"114\">PT fuel injector<\/td>\n<td width=\"47\">\u00a0<\/td>\n<\/tr>\n<tr bgcolor=\"#d8d8e5\">\n<td align=\"center\" width=\"80\">61<\/td>\n<td width=\"72\">C.4913770<\/td>\n<td width=\"282\">N-STC<\/td>\n<td width=\"114\">PT fuel injector<\/td>\n<td width=\"47\">\u00a0<\/td>\n<\/tr>\n<tr bgcolor=\"#f1f0f6\">\n<td align=\"center\" width=\"80\">62<\/td>\n<td width=\"72\">C.4914177<\/td>\n<td width=\"282\">N-TOP STOP Overhead limit Type<\/td>\n<td width=\"114\">PT fuel injector<\/td>\n<td width=\"47\">\u00a0<\/td>\n<\/tr>\n<tr bgcolor=\"#d8d8e5\">\n<td align=\"center\" width=\"80\">63<\/td>\n<td width=\"72\">C.4914228<\/td>\n<td width=\"282\">N-TOP STOP Overhead limit Type<\/td>\n<td width=\"114\">PT fuel injector<\/td>\n<td width=\"47\">\u00a0<\/td>\n<\/tr>\n<tr bgcolor=\"#f1f0f6\">\n<td align=\"center\" width=\"80\">64<\/td>\n<td width=\"72\">C.4914308<\/td>\n<td width=\"282\">N, With Closed Oil inlet valve<\/td>\n<td width=\"114\">PT fuel injector<\/td>\n<td width=\"47\">Pcs<\/td>\n<\/tr>\n<tr bgcolor=\"#d8d8e5\">\n<td align=\"center\" width=\"80\">65<\/td>\n<td width=\"72\">C.4914325<\/td>\n<td width=\"282\">N-TOP, With Closed Oil inlet valve<\/td>\n<td width=\"114\">PT fuel injector<\/td>\n<td width=\"47\">Pcs<\/td>\n<\/tr>\n<tr bgcolor=\"#f1f0f6\">\n<td align=\"center\" width=\"80\">66<\/td>\n<td width=\"72\">C.4914328<\/td>\n<td width=\"282\">N-STC, With Closed Oil inlet valve<\/td>\n<td width=\"114\">PT fuel injector<\/td>\n<td width=\"47\">Pcs<\/td>\n<\/tr>\n<tr bgcolor=\"#d8d8e5\">\n<td align=\"center\" width=\"80\">67<\/td>\n<td width=\"72\">C.4914452<\/td>\n<td width=\"282\">N, With Closed Oil inlet valve<\/td>\n<td width=\"114\">PT fuel injector<\/td>\n<td width=\"47\">Pcs<\/td>\n<\/tr>\n<tr bgcolor=\"#f1f0f6\">\n<td align=\"center\" width=\"80\">68<\/td>\n<td width=\"72\">C.4914453<\/td>\n<td width=\"282\">N-STC, With Closed Oil inlet valve<\/td>\n<td width=\"114\">PT fuel injector<\/td>\n<td width=\"47\">Pcs<\/td>\n<\/tr>\n<tr bgcolor=\"#d8d8e5\">\n<td align=\"center\" width=\"80\">69<\/td>\n<td width=\"72\">C.4914458<\/td>\n<td width=\"282\">Ml 1-STC, With Closed Oil inlet valve<\/td>\n<td width=\"114\">PT fuel injector<\/td>\n<td width=\"47\">Pcs<\/td>\n<\/tr>\n<tr bgcolor=\"#f1f0f6\">\n<td align=\"center\" width=\"80\">70<\/td>\n<td width=\"72\">C.4914505<\/td>\n<td width=\"282\">N With Closed oil inlet valve<\/td>\n<td width=\"114\">PT fuel injector<\/td>\n<td width=\"47\">Pcs<\/td>\n<\/tr>\n<tr bgcolor=\"#d8d8e5\">\n<td align=\"center\" width=\"80\">71<\/td>\n<td width=\"72\">C.4914537<\/td>\n<td width=\"282\">N, With Closed oil inlet valve<\/td>\n<td width=\"114\">PT fuel injector<\/td>\n<td width=\"47\">Pcs<\/td>\n<\/tr>\n<tr bgcolor=\"#f1f0f6\">\n<td align=\"center\" width=\"80\">72<\/td>\n<td width=\"72\">C.4915382<\/td>\n<td width=\"282\">N-STC, With Closed oil inlet valve<\/td>\n<td width=\"114\">PT fuel injector<\/td>\n<td width=\"47\">Pcs<\/td>\n<\/tr>\n<tr bgcolor=\"#d8d8e5\">\n<td align=\"center\" width=\"80\">73<\/td>\n<td width=\"72\">C-4999492<\/td>\n<td width=\"282\">STC<\/td>\n<td width=\"114\">PT fuel injector<\/td>\n<td width=\"47\">Pcs<\/td>\n<\/tr>\n<\/tbody>\n<\/table>\n<p><strong>Cummins PT Fuel Pump Application :<\/strong><\/p>\n<p>Heavy duty truck, buses, engineering machinery, mining machinery, petroleum machinery, railway machinery, port machinery, stationary and mobile diesel generator set power stations, Marine propulsion unit and auxiliary power unit, pump power units and other power units, automobile industry power ships.<\/p>\n<p>Daha Fazla Bilgi, Bize Ula\u015f\u0131n\u00a0<\/p>\n<p><span style=\"color: #ff0000;\"><strong>WhatsApp, Wechat : 0086 15553722299\u00a0<\/strong><\/span><\/p>","protected":false},"excerpt":{"rendered":"<p>Cummins NT855 Fuel Pump 4951350 Genuine Injection Fuel Pump Assembly PT Pump 4951350 CCEC Cummins NTA855 Fuel Pump 4951350 Diesel Engine Fuel System Parts for NTA855-D 4951350 Injector Pump for Cummins Generator set part fuel injection pumps 3655642 4951350 Recomed Fuel Systerm\u00a0 Spare Parts : T Fuel injector assembly Sequence No. Item No. Specification and [&hellip;]<\/p>","protected":false},"featured_media":7601,"menu_order":0,"comment_status":"closed","ping_status":"closed","template":"","meta":{"_seopress_robots_primary_cat":"","_seopress_titles_title":"","_seopress_titles_desc":"","_seopress_robots_index":"","om_disable_all_campaigns":false,"_mi_skip_tracking":false,"_monsterinsights_sitenote_active":false,"_monsterinsights_sitenote_note":"","_monsterinsights_sitenote_category":0},"product_cat":[],"product_tag":[],"product_category":[115],"class_list":{"0":"post-7599","1":"product","2":"type-product","3":"status-publish","4":"has-post-thumbnail","6":"product_category-cummins-engine-part","8":"first","9":"instock","10":"shipping-taxable","11":"product-type-simple"},"acf":[],"_links":{"self":[{"href":"https:\/\/www.excavatorenginepart.com\/tr\/wp-json\/wp\/v2\/product\/7599","targetHints":{"allow":["GET"]}}],"collection":[{"href":"https:\/\/www.excavatorenginepart.com\/tr\/wp-json\/wp\/v2\/product"}],"about":[{"href":"https:\/\/www.excavatorenginepart.com\/tr\/wp-json\/wp\/v2\/types\/product"}],"replies":[{"embeddable":true,"href":"https:\/\/www.excavatorenginepart.com\/tr\/wp-json\/wp\/v2\/comments?post=7599"}],"wp:featuredmedia":[{"embeddable":true,"href":"https:\/\/www.excavatorenginepart.com\/tr\/wp-json\/wp\/v2\/media\/7601"}],"wp:attachment":[{"href":"https:\/\/www.excavatorenginepart.com\/tr\/wp-json\/wp\/v2\/media?parent=7599"}],"wp:term":[{"taxonomy":"product_cat","embeddable":true,"href":"https:\/\/www.excavatorenginepart.com\/tr\/wp-json\/wp\/v2\/product_cat?post=7599"},{"taxonomy":"product_tag","embeddable":true,"href":"https:\/\/www.excavatorenginepart.com\/tr\/wp-json\/wp\/v2\/product_tag?post=7599"},{"taxonomy":"product_category","embeddable":true,"href":"https:\/\/www.excavatorenginepart.com\/tr\/wp-json\/wp\/v2\/product_category?post=7599"}],"curies":[{"name":"wp","href":"https:\/\/api.w.org\/{rel}","templated":true}]}}