{"id":7437,"date":"2022-12-08T11:25:57","date_gmt":"2022-12-08T11:25:57","guid":{"rendered":"https:\/\/www.excavatorenginepart.com\/?post_type=product&#038;p=7437"},"modified":"2022-12-08T11:30:37","modified_gmt":"2022-12-08T11:30:37","slug":"shantui-bulldozer-transmission-parts-sd32-shaft-175-15-42213","status":"publish","type":"product","link":"https:\/\/www.excavatorenginepart.com\/tr\/product\/shantui-bulldozer-transmission-parts-sd32-shaft-175-15-42213\/","title":{"rendered":"Shantui buldozer \u015fanz\u0131man par\u00e7alar\u0131 SD32 \u015faft 175-15-42213"},"content":{"rendered":"<p><strong>Shantui buldozer \u015fanz\u0131man par\u00e7alar\u0131 SD32 \u015faft 175-15-42213<\/strong><\/p>\n<p><img fetchpriority=\"high\" decoding=\"async\" class=\"alignnone size-medium wp-image-7442\" src=\"https:\/\/www.excavatorenginepart.com\/wp-content\/uploads\/2022\/12\/shantui-bulldozer-transmission-parts-SD32-shaft-175-15-42213-300x225.jpg\" alt=\"\" width=\"300\" height=\"225\" srcset=\"https:\/\/www.excavatorenginepart.com\/wp-content\/uploads\/2022\/12\/shantui-bulldozer-transmission-parts-SD32-shaft-175-15-42213-300x225.jpg 300w, https:\/\/www.excavatorenginepart.com\/wp-content\/uploads\/2022\/12\/shantui-bulldozer-transmission-parts-SD32-shaft-175-15-42213-768x576.jpg 768w, https:\/\/www.excavatorenginepart.com\/wp-content\/uploads\/2022\/12\/shantui-bulldozer-transmission-parts-SD32-shaft-175-15-42213.jpg 800w\" sizes=\"(max-width: 300px) 100vw, 300px\" \/><\/p>\n<p>175-15-42213 bulldozer parts accessories gear<\/p>\n<p><img decoding=\"async\" class=\"alignnone size-medium wp-image-7441\" src=\"https:\/\/www.excavatorenginepart.com\/wp-content\/uploads\/2022\/12\/SD16-SD22-SD32-D85-D155-shaft-175-15-42213-300x225.jpg\" alt=\"\" width=\"300\" height=\"225\" srcset=\"https:\/\/www.excavatorenginepart.com\/wp-content\/uploads\/2022\/12\/SD16-SD22-SD32-D85-D155-shaft-175-15-42213-300x225.jpg 300w, https:\/\/www.excavatorenginepart.com\/wp-content\/uploads\/2022\/12\/SD16-SD22-SD32-D85-D155-shaft-175-15-42213-768x576.jpg 768w, https:\/\/www.excavatorenginepart.com\/wp-content\/uploads\/2022\/12\/SD16-SD22-SD32-D85-D155-shaft-175-15-42213.jpg 800w\" sizes=\"(max-width: 300px) 100vw, 300px\" \/><\/p>\n<p>175-15-42213 SD32 HEAVY MACHINE SPARE PARTS<\/p>\n<p><img decoding=\"async\" class=\"alignnone size-medium wp-image-7440\" src=\"https:\/\/www.excavatorenginepart.com\/wp-content\/uploads\/2022\/12\/Bulldozer-D355C-3-D155C-1-D85A-12-Transmission-Shaft-155-15-12212-175-15-42213-300x225.jpg\" alt=\"\" width=\"300\" height=\"225\" srcset=\"https:\/\/www.excavatorenginepart.com\/wp-content\/uploads\/2022\/12\/Bulldozer-D355C-3-D155C-1-D85A-12-Transmission-Shaft-155-15-12212-175-15-42213-300x225.jpg 300w, https:\/\/www.excavatorenginepart.com\/wp-content\/uploads\/2022\/12\/Bulldozer-D355C-3-D155C-1-D85A-12-Transmission-Shaft-155-15-12212-175-15-42213-768x576.jpg 768w, https:\/\/www.excavatorenginepart.com\/wp-content\/uploads\/2022\/12\/Bulldozer-D355C-3-D155C-1-D85A-12-Transmission-Shaft-155-15-12212-175-15-42213.jpg 800w\" sizes=\"(max-width: 300px) 100vw, 300px\" \/><\/p>\n<p>Bulldozer D355C-3 D155C-1 D85A-12 Transmission Shaft 155-15-12212 175-15-42213<\/p>\n<p><img loading=\"lazy\" decoding=\"async\" class=\"alignnone size-medium wp-image-7439\" src=\"https:\/\/www.excavatorenginepart.com\/wp-content\/uploads\/2022\/12\/175-15-42213-SD32-HEAVY-MACHINE-SPARE-PARTS-300x225.jpg\" alt=\"\" width=\"300\" height=\"225\" srcset=\"https:\/\/www.excavatorenginepart.com\/wp-content\/uploads\/2022\/12\/175-15-42213-SD32-HEAVY-MACHINE-SPARE-PARTS-300x225.jpg 300w, https:\/\/www.excavatorenginepart.com\/wp-content\/uploads\/2022\/12\/175-15-42213-SD32-HEAVY-MACHINE-SPARE-PARTS-768x576.jpg 768w, https:\/\/www.excavatorenginepart.com\/wp-content\/uploads\/2022\/12\/175-15-42213-SD32-HEAVY-MACHINE-SPARE-PARTS.jpg 800w\" sizes=\"(max-width: 300px) 100vw, 300px\" \/><\/p>\n<p>SD16 SD22 SD32 D85 D155 shaft 175-15-42213<\/p>\n<p><img loading=\"lazy\" decoding=\"async\" class=\"alignnone size-medium wp-image-7438\" src=\"https:\/\/www.excavatorenginepart.com\/wp-content\/uploads\/2022\/12\/175-15-42213-bulldozer-parts-accessories-gear-300x225.jpg\" alt=\"\" width=\"300\" height=\"225\" srcset=\"https:\/\/www.excavatorenginepart.com\/wp-content\/uploads\/2022\/12\/175-15-42213-bulldozer-parts-accessories-gear-300x225.jpg 300w, https:\/\/www.excavatorenginepart.com\/wp-content\/uploads\/2022\/12\/175-15-42213-bulldozer-parts-accessories-gear-768x576.jpg 768w, https:\/\/www.excavatorenginepart.com\/wp-content\/uploads\/2022\/12\/175-15-42213-bulldozer-parts-accessories-gear.jpg 800w\" sizes=\"(max-width: 300px) 100vw, 300px\" \/><\/p>\n<p>More Info, Contact Us Please .\u00a0<\/p>\n<p><span style=\"color: #ff0000;\"><strong>WhatsApp, Wechat : 0086 15553722299\u00a0<\/strong><\/span><\/p>","protected":false},"excerpt":{"rendered":"<p>Shantui bulldozer transmission parts SD32 shaft 175-15-42213 175-15-42213 bulldozer parts accessories gear 175-15-42213 SD32 HEAVY MACHINE SPARE PARTS Bulldozer D355C-3 D155C-1 D85A-12 Transmission Shaft 155-15-12212 175-15-42213 SD16 SD22 SD32 D85 D155 shaft 175-15-42213 More Info, Contact Us Please .\u00a0 WhatsApp, Wechat : 0086 15553722299\u00a0<\/p>","protected":false},"featured_media":7442,"menu_order":0,"comment_status":"closed","ping_status":"closed","template":"","meta":{"_seopress_robots_primary_cat":"","_seopress_titles_title":"","_seopress_titles_desc":"","_seopress_robots_index":"","om_disable_all_campaigns":false,"_mi_skip_tracking":false,"_monsterinsights_sitenote_active":false,"_monsterinsights_sitenote_note":"","_monsterinsights_sitenote_category":0},"product_cat":[],"product_tag":[],"product_category":[121],"class_list":{"0":"post-7437","1":"product","2":"type-product","3":"status-publish","4":"has-post-thumbnail","6":"product_category-shantui-bulldozer-part","8":"first","9":"instock","10":"shipping-taxable","11":"product-type-simple"},"acf":[],"_links":{"self":[{"href":"https:\/\/www.excavatorenginepart.com\/tr\/wp-json\/wp\/v2\/product\/7437","targetHints":{"allow":["GET"]}}],"collection":[{"href":"https:\/\/www.excavatorenginepart.com\/tr\/wp-json\/wp\/v2\/product"}],"about":[{"href":"https:\/\/www.excavatorenginepart.com\/tr\/wp-json\/wp\/v2\/types\/product"}],"replies":[{"embeddable":true,"href":"https:\/\/www.excavatorenginepart.com\/tr\/wp-json\/wp\/v2\/comments?post=7437"}],"wp:featuredmedia":[{"embeddable":true,"href":"https:\/\/www.excavatorenginepart.com\/tr\/wp-json\/wp\/v2\/media\/7442"}],"wp:attachment":[{"href":"https:\/\/www.excavatorenginepart.com\/tr\/wp-json\/wp\/v2\/media?parent=7437"}],"wp:term":[{"taxonomy":"product_cat","embeddable":true,"href":"https:\/\/www.excavatorenginepart.com\/tr\/wp-json\/wp\/v2\/product_cat?post=7437"},{"taxonomy":"product_tag","embeddable":true,"href":"https:\/\/www.excavatorenginepart.com\/tr\/wp-json\/wp\/v2\/product_tag?post=7437"},{"taxonomy":"product_category","embeddable":true,"href":"https:\/\/www.excavatorenginepart.com\/tr\/wp-json\/wp\/v2\/product_category?post=7437"}],"curies":[{"name":"wp","href":"https:\/\/api.w.org\/{rel}","templated":true}]}}