{"id":6963,"date":"2022-04-29T06:31:42","date_gmt":"2022-04-29T06:31:42","guid":{"rendered":"https:\/\/www.excavatorenginepart.com\/?post_type=product&#038;p=6963"},"modified":"2022-05-06T08:20:55","modified_gmt":"2022-05-06T08:20:55","slug":"excavator-main-valve-komatsu-distribution-valve-723-26-11370","status":"publish","type":"product","link":"https:\/\/www.excavatorenginepart.com\/tr\/product\/excavator-main-valve-komatsu-distribution-valve-723-26-11370\/","title":{"rendered":"Ekskavat\u00f6r Ana Valfi Komatsu Da\u011f\u0131t\u0131m Valfi 723-26-11370"},"content":{"rendered":"<p>Ekskavat\u00f6r Ana Valfi Komatsu Da\u011f\u0131t\u0131m Valfi 723-26-11370\u00a0<\/p>\n<p><strong>Distribution Valve 723-26-11370\u00a0<\/strong>\u00fczerinde uygun\u00a0<strong>Komatsu PC60-7 excavator spare parts<\/strong>\u00a0. The valve is<strong>\u00a0H<\/strong><strong>ydraulic Distubtion Valve\u00a0<\/strong>.\u00a0The main valve is a central control part for distributing the high-pressure hydraulic oil to each working device. It can command the pressure oil of the main pump to flow to each working device according to the requirements of the driver&#8217;s handle. Pressure oil from the front and rear main pumps is collected to the main control valve.Here, are assigned to the corresponding cylinder or motor to pushThey work and finally flow back to the tank through the main control valve. We can supplied\u00a0<strong>New Genuine Komatsu excavator valve<\/strong>\u00a0,and<strong>\u00a0Reproducting Renew excavator main valve\u00a0<\/strong>, distribution valve,welcome your requirement in your free time .\u00a0<br \/>\nKomatsu Distribution Valve 723-26-11370 Speicifications\u00a0<\/p>\n<p>Place of Origin:\u00a0Japan<br \/>\nBrand Name:\u00a0KOMATSU<br \/>\nModel Number:\u00a0PC50 PC60-7 PC120 PC130 PC160 PC180 PC200-6\/7\/8 PC300-6\/7\/8 PC400-6\/7\/<br \/>\npart name:\u00a0PC60-7 Control Valve<br \/>\nModel:\u00a0PC60-7 Control Valve 723-26-11370<br \/>\ncondition \u00a0genuine<br \/>\nwarranty:\u00a06 months<br \/>\npackage:\u00a0genuine package<\/p>\n<p><img fetchpriority=\"high\" decoding=\"async\" class=\"alignnone wp-image-6965 size-full\" src=\"https:\/\/www.excavatorenginepart.com\/wp-content\/uploads\/2022\/04\/Excavator-Main-Valve-Komatsu-Distribution-Valve-723-26-11370-01.jpg\" alt=\"\" width=\"532\" height=\"532\" srcset=\"https:\/\/www.excavatorenginepart.com\/wp-content\/uploads\/2022\/04\/Excavator-Main-Valve-Komatsu-Distribution-Valve-723-26-11370-01.jpg 532w, https:\/\/www.excavatorenginepart.com\/wp-content\/uploads\/2022\/04\/Excavator-Main-Valve-Komatsu-Distribution-Valve-723-26-11370-01-300x300.jpg 300w, https:\/\/www.excavatorenginepart.com\/wp-content\/uploads\/2022\/04\/Excavator-Main-Valve-Komatsu-Distribution-Valve-723-26-11370-01-150x150.jpg 150w\" sizes=\"(max-width: 532px) 100vw, 532px\" \/><\/p>\n<p>Original Parts for Komatsu Excavator PC60-7 Control Valve 723-26-11370 \u00a0PC200-7 PC200-8 PC300-7 PC400-7 Hydraulic Control Valve\u00a0<\/p>\n<p><img decoding=\"async\" class=\"alignnone wp-image-6966 size-full\" src=\"https:\/\/www.excavatorenginepart.com\/wp-content\/uploads\/2022\/04\/Excavator-Main-Valve-Komatsu-Distribution-Valve-723-26-11370-02.jpg\" alt=\"\" width=\"528\" height=\"497\" srcset=\"https:\/\/www.excavatorenginepart.com\/wp-content\/uploads\/2022\/04\/Excavator-Main-Valve-Komatsu-Distribution-Valve-723-26-11370-02.jpg 528w, https:\/\/www.excavatorenginepart.com\/wp-content\/uploads\/2022\/04\/Excavator-Main-Valve-Komatsu-Distribution-Valve-723-26-11370-02-300x282.jpg 300w\" sizes=\"(max-width: 528px) 100vw, 528px\" \/><\/p>\n<p>Hyundai R60-7 R55-7 excavator control valve 31M8-18110 main valve assembly\u00a0<\/p>","protected":false},"excerpt":{"rendered":"<p>Excavator Main Valve Komatsu Distribution Valve 723-26-11370\u00a0 Distribution Valve 723-26-11370\u00a0is fitting on\u00a0Komatsu PC60-7 excavator spare parts\u00a0. The valve is\u00a0Hydraulic Distubtion Valve\u00a0.\u00a0The main valve is a central control part for distributing the high-pressure hydraulic oil to each working device. It can command the pressure oil of the main pump to flow to each working device according [&hellip;]<\/p>","protected":false},"featured_media":6964,"menu_order":0,"comment_status":"closed","ping_status":"closed","template":"","meta":{"_seopress_robots_primary_cat":"","_seopress_titles_title":"","_seopress_titles_desc":"","_seopress_robots_index":"","om_disable_all_campaigns":false,"_mi_skip_tracking":false,"_monsterinsights_sitenote_active":false,"_monsterinsights_sitenote_note":"","_monsterinsights_sitenote_category":0},"product_cat":[],"product_tag":[],"product_category":[113],"class_list":{"0":"post-6963","1":"product","2":"type-product","3":"status-publish","4":"has-post-thumbnail","6":"product_category-excavator-main-valve","8":"first","9":"instock","10":"shipping-taxable","11":"product-type-simple"},"acf":[],"_links":{"self":[{"href":"https:\/\/www.excavatorenginepart.com\/tr\/wp-json\/wp\/v2\/product\/6963","targetHints":{"allow":["GET"]}}],"collection":[{"href":"https:\/\/www.excavatorenginepart.com\/tr\/wp-json\/wp\/v2\/product"}],"about":[{"href":"https:\/\/www.excavatorenginepart.com\/tr\/wp-json\/wp\/v2\/types\/product"}],"replies":[{"embeddable":true,"href":"https:\/\/www.excavatorenginepart.com\/tr\/wp-json\/wp\/v2\/comments?post=6963"}],"wp:featuredmedia":[{"embeddable":true,"href":"https:\/\/www.excavatorenginepart.com\/tr\/wp-json\/wp\/v2\/media\/6964"}],"wp:attachment":[{"href":"https:\/\/www.excavatorenginepart.com\/tr\/wp-json\/wp\/v2\/media?parent=6963"}],"wp:term":[{"taxonomy":"product_cat","embeddable":true,"href":"https:\/\/www.excavatorenginepart.com\/tr\/wp-json\/wp\/v2\/product_cat?post=6963"},{"taxonomy":"product_tag","embeddable":true,"href":"https:\/\/www.excavatorenginepart.com\/tr\/wp-json\/wp\/v2\/product_tag?post=6963"},{"taxonomy":"product_category","embeddable":true,"href":"https:\/\/www.excavatorenginepart.com\/tr\/wp-json\/wp\/v2\/product_category?post=6963"}],"curies":[{"name":"wp","href":"https:\/\/api.w.org\/{rel}","templated":true}]}}