{"id":6934,"date":"2022-04-29T03:04:20","date_gmt":"2022-04-29T03:04:20","guid":{"rendered":"https:\/\/www.excavatorenginepart.com\/?post_type=product&#038;p=6934"},"modified":"2022-05-06T08:22:28","modified_gmt":"2022-05-06T08:22:28","slug":"k7v63dtp-hydraulic-main-pump-for-kobelco-sk130-excavator","status":"publish","type":"product","link":"https:\/\/www.excavatorenginepart.com\/tr\/product\/k7v63dtp-hydraulic-main-pump-for-kobelco-sk130-excavator\/","title":{"rendered":"Kobelco SK130 Ekskavat\u00f6r i\u00e7in K7V63DTP Hidrolik Ana Pompa"},"content":{"rendered":"<p>K7V63DTP Piston Pump Hydraulic Main Pump for Kobelco SK130 SK140-8 Excavator<\/p>\n<p>Genuine Kawasaki K7V63DTP hydrauclic pump is for kobelco SK130 SK140-8 Excavator ,\u00a0Using genuine kobelco parts can extend the service life of the machine.Kobelco pure parts provide customers with high quality design and excellent performance, through the reduction of downtime and efficiency improvement to achieve cost savings. With the same quality of pure parts, but let you save at least 10%~20% of maintenance costs. Let the customer rest assured of high quality and after-sales protection.<\/p>\n<p>Kobelco Excavator Model\u00a0<\/p>\n<p>SK55SR-5 SK55SRX SK60-C SK60-8 SK70SR-2 SK75-8 SK130 SK130-8 SK135SR-2 SK140LC SK140LC-8 SK200-8 SK210LC-8 SK250-8 SK260LC-8 SK270D SK330-8 SK350LC-8 SK380D SK460-8 SK480 SK480-8 SK495D SK850LC\u00a0<\/p>\n<p>Another Excavtor Hydraulic Products\u00a0<\/p>\n<p>Final drive(genuine,south korea,japan brand) genuine rebuilt KYB MAG series(MAG-18,MAG-26,MAG-33,MAG-85,MAG-170)<br \/>\nNabotsco GM series(GM04,GM06,GM07,GM09,GM10,GM18,GM21,GM35,GM38)<br \/>\nNachi PHV series<br \/>\nKawasaki K3V K5V serisi<br \/>\nNachi PVD serisi (PVD-1B, PVD-2B, PVD-3B)<br \/>\nSwing device,swing motor,swing gearbox,swing bearing<br \/>\nKawasaki Hydraulic Main Pump List\u00a0<\/p>\n<p>&nbsp;<\/p>\n<table border=\"1\">\n<tbody>\n<tr>\n<td class=\"et7\" width=\"143\" height=\"32\">Pompa Serisi<\/td>\n<td class=\"et7\" width=\"186\" height=\"32\">Cotrol Model<\/td>\n<td class=\"et8\" width=\"284\" height=\"32\">Exvavator Moldel i\u00e7in Pompa<\/td>\n<\/tr>\n<tr>\n<td class=\"et8\" rowspan=\"3\" width=\"143\" height=\"99\">K3V63DT<img decoding=\"async\" src=\"file:\/\/\/C:\/Users\/ADMINI~1\/AppData\/Local\/Temp\/ksohtml\/clip_image5137.png@watermark=2&amp;color=I0ZGRkZGRg%3D%3D&amp;type=ZHJvaWRzYW5zZmFsbGJhY2s%3D&amp;size=16&amp;p=5&amp;t=80&amp;text=ZXhjYXZhdG9yZW5naW5lcGFydC5ib3NzZ29vLmNvbQ%3D%3D\" width=\"1\" height=\"1\" \/><\/td>\n<td class=\"et8\" width=\"186\" height=\"33\">9N<\/td>\n<td class=\"et10\" rowspan=\"3\" width=\"284\" height=\"99\">Liugong 13T 15T Ekskavat\u00f6r\u00a0<br \/>\nVolvo EC140B<br \/>\nDoosan S130LC-V 150 Palet<\/td>\n<\/tr>\n<tr>\n<td class=\"et8\" width=\"186\" height=\"33\">9C<\/td>\n<\/tr>\n<tr>\n<td class=\"et8\" width=\"186\" height=\"33\">HN<\/td>\n<\/tr>\n<tr>\n<td class=\"et8\" rowspan=\"3\" width=\"143\" height=\"198\">K3V112DT<\/td>\n<td class=\"et8\" width=\"186\" height=\"33\">9N<\/td>\n<td class=\"et10\" rowspan=\"3\" width=\"284\" height=\"198\">DH225LC-7, S225LC-V,\u00a0<br \/>\nS220LC-V, R215-7C,<br \/>\nR210LC-7, R210LC-7T, R225-7, RMX225, EC210, SE210LC-3, EC210B, MX255, EC240, EC240B<br \/>\nLiugong 20T Ekskavat\u00f6r 920\/922 210LV-7G, R2200LC-7, R2200LC-7C,<\/td>\n<\/tr>\n<tr>\n<td class=\"et8\" width=\"186\" height=\"33\">9C<\/td>\n<\/tr>\n<tr>\n<td class=\"et8\" width=\"186\" height=\"132\">HN<\/td>\n<\/tr>\n<tr>\n<td class=\"et8\" rowspan=\"5\" width=\"143\" height=\"165\">K3V112DTP<\/td>\n<td class=\"et8\" width=\"186\" height=\"33\">9N<\/td>\n<td class=\"et12\" rowspan=\"3\" width=\"284\" height=\"99\">Sanward Liugong 20T Ekskavat\u00f6r (PTO'su yok),<br \/>\n\u00a0<\/td>\n<\/tr>\n<tr>\n<td class=\"et8\" width=\"186\" height=\"33\">9C<\/td>\n<\/tr>\n<tr>\n<td class=\"et8\" width=\"186\" height=\"33\">HN<\/td>\n<\/tr>\n<tr>\n<td class=\"et8\" width=\"186\" height=\"33\">9T<\/td>\n<td class=\"et15\" rowspan=\"2\" width=\"284\" height=\"66\">Sany Kobelco 200 210 Ekskavat\u00f6rler\u00a0<\/td>\n<\/tr>\n<tr>\n<td class=\"et8\" width=\"186\" height=\"33\">YT<\/td>\n<\/tr>\n<tr>\n<td class=\"et8\" width=\"143\" height=\"33\">K3V140DT<\/td>\n<td class=\"et8\" width=\"186\" height=\"33\">9N<\/td>\n<td class=\"et17\" width=\"284\" height=\"33\">Volvo EC290 Ekskavat\u00f6r<\/td>\n<\/tr>\n<tr>\n<td class=\"et18\" rowspan=\"3\" width=\"143\" height=\"99\">K3V180DTP<br \/>\n(H)<\/td>\n<td class=\"et8\" width=\"186\" height=\"33\">9N<\/td>\n<td class=\"et17\" width=\"284\" height=\"33\">Volvo EC450 EC460 Ekskavat\u00f6r<\/td>\n<\/tr>\n<tr>\n<td class=\"et8\" width=\"186\" height=\"33\">9C<\/td>\n<td class=\"et17\" width=\"284\" height=\"33\">\u00a0<\/td>\n<\/tr>\n<tr>\n<td class=\"et8\" width=\"186\" height=\"33\">HN<\/td>\n<td class=\"et17\" width=\"284\" height=\"33\">\u00a0<\/td>\n<\/tr>\n<tr>\n<td class=\"et8\" width=\"143\" height=\"33\">K5V80DT<\/td>\n<td class=\"et8\" width=\"186\" height=\"33\">9C<\/td>\n<td class=\"et17\" width=\"284\" height=\"33\">Hyundai 160 Ekskavat\u00f6r<\/td>\n<\/tr>\n<tr>\n<td class=\"et8\" width=\"143\" height=\"33\">K5V80DTP<\/td>\n<td class=\"et8\" width=\"186\" height=\"33\">9N<\/td>\n<td class=\"et17\" width=\"284\" height=\"33\">\u00a0<\/td>\n<\/tr>\n<tr>\n<td class=\"et20\" width=\"143\" height=\"33\">K5V200DTH<br \/>\n(P)<\/td>\n<td class=\"et8\" width=\"186\" height=\"33\">9C<\/td>\n<td class=\"et17\" width=\"284\" height=\"33\">Hyundai 450 485 Ekskavat\u00f6r<\/td>\n<\/tr>\n<tr>\n<td class=\"et21\" width=\"143\" height=\"33\">F5X130CHB-10A-13A\/265-129-FRG11D<\/td>\n<td class=\"et8\" width=\"186\" height=\"33\">\u00a0<\/td>\n<td class=\"et12\" rowspan=\"2\" width=\"284\" height=\"66\">\u00a0<\/td>\n<\/tr>\n<tr>\n<td class=\"et22\" width=\"143\" height=\"33\">F5X180CHB-10A\/265-149-FRG14D<\/td>\n<td class=\"et8\" width=\"186\" height=\"33\">\u00a0<\/td>\n<\/tr>\n<\/tbody>\n<\/table>\n<p>Kore Kawasaki Pompa Par\u00e7a Listesi<\/p>\n<table border=\"1\">\n<tbody>\n<tr>\n<td class=\"et2\" width=\"260\" height=\"19\">Model<\/td>\n<td class=\"et2\" width=\"268\" height=\"19\">Par\u00e7a Ad\u0131<\/td>\n<\/tr>\n<tr>\n<td class=\"et3\" width=\"260\" height=\"19\">ZX10LGRZ1-07A-V<\/td>\n<td class=\"et3\" width=\"268\" height=\"19\">10CC Pilot Pompa<\/td>\n<\/tr>\n<tr>\n<td class=\"et3\" width=\"260\" height=\"19\">ZX15LGRZ2-07A-V<\/td>\n<td class=\"et3\" width=\"268\" height=\"19\">15CC Pilot Pompa<\/td>\n<\/tr>\n<tr>\n<td class=\"et3\" width=\"260\" height=\"19\">ZX10LGRZ1-07A-V<\/td>\n<td class=\"et3\" width=\"268\" height=\"19\">10CC Pilot Pompa<\/td>\n<\/tr>\n<tr>\n<td class=\"et3\" width=\"260\" height=\"19\">K3V63<\/td>\n<td class=\"et3\" width=\"268\" height=\"19\">Dokuz delikli konumland\u0131rma diski<\/td>\n<\/tr>\n<tr>\n<td class=\"et3\" width=\"260\" height=\"19\">K5V80<\/td>\n<td class=\"et3\" width=\"268\" height=\"19\">Dokuz delikli konumland\u0131rma diski<\/td>\n<\/tr>\n<tr>\n<td class=\"et3\" width=\"260\" height=\"19\">K3V112<\/td>\n<td class=\"et3\" width=\"268\" height=\"19\">Dokuz delikli konumland\u0131rma diski<\/td>\n<\/tr>\n<tr>\n<td class=\"et3\" width=\"260\" height=\"19\">K3V140\/180<\/td>\n<td class=\"et3\" width=\"268\" height=\"19\">Dokuz delikli konumland\u0131rma diski<\/td>\n<\/tr>\n<tr>\n<td class=\"et3\" width=\"260\" height=\"19\">K5V200<\/td>\n<td class=\"et3\" width=\"268\" height=\"19\">Dokuz delikli konumland\u0131rma diski<\/td>\n<\/tr>\n<tr>\n<td class=\"et3\" width=\"260\" height=\"19\">K3V63\/K5V80<\/td>\n<td class=\"et3\" width=\"268\" height=\"19\">E\u011fik plaka contas\u0131<\/td>\n<\/tr>\n<tr>\n<td class=\"et3\" width=\"260\" height=\"19\">K3V112<\/td>\n<td class=\"et3\" width=\"268\" height=\"19\">E\u011fik plaka contas\u0131<\/td>\n<\/tr>\n<tr>\n<td class=\"et3\" width=\"260\" height=\"19\">K3V140\/180<\/td>\n<td class=\"et3\" width=\"268\" height=\"19\">E\u011fik plaka contas\u0131<\/td>\n<\/tr>\n<tr>\n<td class=\"et3\" width=\"260\" height=\"19\">K3V63\/K5V80<\/td>\n<td class=\"et3\" width=\"268\" height=\"19\">K\u00fcresel mente\u015fe\u00a0<\/td>\n<\/tr>\n<tr>\n<td class=\"et3\" width=\"260\" height=\"19\">K3V112<\/td>\n<td class=\"et3\" width=\"268\" height=\"19\">K\u00fcresel mente\u015fe\u00a0<\/td>\n<\/tr>\n<tr>\n<td class=\"et3\" width=\"260\" height=\"19\">K3V140<\/td>\n<td class=\"et3\" width=\"268\" height=\"19\">K\u00fcresel mente\u015fe\u00a0<\/td>\n<\/tr>\n<tr>\n<td class=\"et3\" width=\"260\" height=\"19\">K3V180<\/td>\n<td class=\"et3\" width=\"268\" height=\"19\">K\u00fcresel mente\u015fe\u00a0<\/td>\n<\/tr>\n<tr>\n<td class=\"et3\" width=\"260\" height=\"19\">K3V63<\/td>\n<td class=\"et3\" width=\"268\" height=\"19\">Silindir+Vana Plakas\u0131<\/td>\n<\/tr>\n<tr>\n<td class=\"et3\" width=\"260\" height=\"19\">K3V112<\/td>\n<td class=\"et3\" width=\"268\" height=\"19\">Silindir+Vana Plakas\u0131<\/td>\n<\/tr>\n<tr>\n<td class=\"et3\" width=\"260\" height=\"19\">K5V140<\/td>\n<td class=\"et3\" width=\"268\" height=\"19\">Silindir+Vana Plakas\u0131<\/td>\n<\/tr>\n<tr>\n<td class=\"et3\" width=\"260\" height=\"19\">K3V140<\/td>\n<td class=\"et3\" width=\"268\" height=\"19\">Silindir+Vana Plakas\u0131<\/td>\n<\/tr>\n<tr>\n<td class=\"et3\" width=\"260\" height=\"19\">K3V180\/K5V200<\/td>\n<td class=\"et3\" width=\"268\" height=\"19\">Silindir+Vana Plakas\u0131<\/td>\n<\/tr>\n<tr>\n<td class=\"et3\" width=\"260\" height=\"19\">K3V63\/K5V80<\/td>\n<td class=\"et3\" width=\"268\" height=\"19\">Piston<\/td>\n<\/tr>\n<tr>\n<td class=\"et3\" width=\"260\" height=\"19\">K3V112<\/td>\n<td class=\"et3\" width=\"268\" height=\"19\">Piston<\/td>\n<\/tr>\n<tr>\n<td class=\"et3\" width=\"260\" height=\"19\">K5V140<\/td>\n<td class=\"et3\" width=\"268\" height=\"19\">Piston<\/td>\n<\/tr>\n<tr>\n<td class=\"et3\" width=\"260\" height=\"19\">K3V140<\/td>\n<td class=\"et3\" width=\"268\" height=\"19\">Piston<\/td>\n<\/tr>\n<tr>\n<td class=\"et3\" width=\"260\" height=\"19\">K3V180<\/td>\n<td class=\"et3\" width=\"268\" height=\"19\">Piston<\/td>\n<\/tr>\n<tr>\n<td class=\"et3\" width=\"260\" height=\"19\">K5V200<\/td>\n<td class=\"et3\" width=\"268\" height=\"19\">Piston<\/td>\n<\/tr>\n<tr>\n<td class=\"et3\" width=\"260\" height=\"19\">K3V63\/K5V80<\/td>\n<td class=\"et3\" width=\"268\" height=\"19\">E\u011fik plaka+ E\u011fik plaka yuvas\u0131\u00a0<\/td>\n<\/tr>\n<tr>\n<td class=\"et3\" width=\"260\" height=\"19\">K3V112<\/td>\n<td class=\"et3\" width=\"268\" height=\"19\">E\u011fik plaka+ E\u011fik plaka yuvas\u0131\u00a0<\/td>\n<\/tr>\n<tr>\n<td class=\"et3\" width=\"260\" height=\"19\">K5V140<\/td>\n<td class=\"et3\" width=\"268\" height=\"19\">E\u011fik plaka+ E\u011fik plaka yuvas\u0131\u00a0<\/td>\n<\/tr>\n<tr>\n<td class=\"et3\" width=\"260\" height=\"19\">K3V140<\/td>\n<td class=\"et3\" width=\"268\" height=\"19\">E\u011fik plaka+ E\u011fik plaka yuvas\u0131\u00a0<\/td>\n<\/tr>\n<tr>\n<td class=\"et3\" width=\"260\" height=\"19\">K3V112DT<\/td>\n<td class=\"et3\" width=\"268\" height=\"19\">9N Ayar Vanas\u0131<\/td>\n<\/tr>\n<tr>\n<td class=\"et3\" width=\"260\" height=\"19\">K3V112DT<\/td>\n<td class=\"et3\" width=\"268\" height=\"19\">9C Ayar Vanas\u0131<\/td>\n<\/tr>\n<tr>\n<td class=\"et3\" width=\"260\" height=\"19\">K3V112DT<\/td>\n<td class=\"et3\" width=\"268\" height=\"19\">HN Ayar Vanas\u0131<\/td>\n<\/tr>\n<tr>\n<td class=\"et3\" width=\"260\" height=\"19\">K3V140DT<\/td>\n<td class=\"et3\" width=\"268\" height=\"19\">9C Ayar Vanas\u0131<\/td>\n<\/tr>\n<tr>\n<td class=\"et3\" width=\"260\" height=\"19\">K3V140DT<\/td>\n<td class=\"et3\" width=\"268\" height=\"19\">HN Ayar Vanas\u0131<\/td>\n<\/tr>\n<tr>\n<td class=\"et3\" width=\"260\" height=\"19\">K5V80S<\/td>\n<td class=\"et3\" width=\"268\" height=\"19\">0E Ayar Vanas\u0131<\/td>\n<\/tr>\n<tr>\n<td class=\"et3\" width=\"260\" height=\"19\">K5V140S<\/td>\n<td class=\"et3\" width=\"268\" height=\"19\">0E Ayar Vanas\u0131<\/td>\n<\/tr>\n<tr>\n<td class=\"et3\" width=\"260\" height=\"19\">K5V200S<\/td>\n<td class=\"et3\" width=\"268\" height=\"19\">0E Ayar Vanas\u0131<\/td>\n<\/tr>\n<tr>\n<td class=\"et3\" width=\"260\" height=\"19\">K3V112S<\/td>\n<td class=\"et3\" width=\"268\" height=\"19\">0E Ayar Vanas\u0131<\/td>\n<\/tr>\n<tr>\n<td class=\"et3\" width=\"260\" height=\"19\">K5V80DT<\/td>\n<td class=\"et3\" width=\"268\" height=\"19\">0E Ayar Vanas\u0131<\/td>\n<\/tr>\n<tr>\n<td class=\"et3\" width=\"260\" height=\"19\">K3V112DT<\/td>\n<td class=\"et3\" width=\"268\" height=\"19\">5E Ayar Vanas\u0131<\/td>\n<\/tr>\n<tr>\n<td class=\"et3\" width=\"260\" height=\"19\">K5V140DT<\/td>\n<td class=\"et3\" width=\"268\" height=\"19\">5E Ayar Vanas\u0131<\/td>\n<\/tr>\n<tr>\n<td class=\"et3\" width=\"260\" height=\"19\">K3V112DT<\/td>\n<td class=\"et3\" width=\"268\" height=\"19\">1E Ayar Vanas\u0131<\/td>\n<\/tr>\n<tr>\n<td class=\"et3\" width=\"260\" height=\"19\">K5V140DT<\/td>\n<td class=\"et3\" width=\"268\" height=\"19\">1E Ayar Vanas\u0131<\/td>\n<\/tr>\n<tr>\n<td class=\"et3\" width=\"260\" height=\"19\">K3V112DT<\/td>\n<td class=\"et3\" width=\"268\" height=\"19\">9T Ayar Vanas\u0131<\/td>\n<\/tr>\n<tr>\n<td class=\"et3\" width=\"260\" height=\"19\">K3V112DT<\/td>\n<td class=\"et3\" width=\"268\" height=\"19\">YT Ayar Vanas\u0131<\/td>\n<\/tr>\n<tr>\n<td class=\"et3\" width=\"260\" height=\"19\">K5V140DT<\/td>\n<td class=\"et3\" width=\"268\" height=\"19\">9T Ayar Vanas\u0131<\/td>\n<\/tr>\n<tr>\n<td class=\"et3\" width=\"260\" height=\"19\">K5V140DT<\/td>\n<td class=\"et3\" width=\"268\" height=\"19\">YT Ayar Vanas\u0131<\/td>\n<\/tr>\n<tr>\n<td class=\"et3\" width=\"260\" height=\"19\">V0009277998KD<\/td>\n<td class=\"et3\" width=\"268\" height=\"19\">Oranlama Valfi<\/td>\n<\/tr>\n<tr>\n<td class=\"et3\" width=\"260\" height=\"19\">V9406235760KD<\/td>\n<td class=\"et3\" width=\"268\" height=\"19\">Oranlama Valfi<\/td>\n<\/tr>\n<tr>\n<td class=\"et3\" width=\"260\" height=\"19\">V9406285784KD<\/td>\n<td class=\"et3\" width=\"268\" height=\"19\">Oranlama Valfi<\/td>\n<\/tr>\n<\/tbody>\n<\/table>\n<p><img fetchpriority=\"high\" decoding=\"async\" class=\"alignnone wp-image-6936 size-full\" src=\"https:\/\/www.excavatorenginepart.com\/wp-content\/uploads\/2022\/04\/K7V63DTP-Hydraulic-Main-Pump-for-Kobelco-SK130-Excavator-01.jpg\" alt=\"\" width=\"539\" height=\"551\" srcset=\"https:\/\/www.excavatorenginepart.com\/wp-content\/uploads\/2022\/04\/K7V63DTP-Hydraulic-Main-Pump-for-Kobelco-SK130-Excavator-01.jpg 539w, https:\/\/www.excavatorenginepart.com\/wp-content\/uploads\/2022\/04\/K7V63DTP-Hydraulic-Main-Pump-for-Kobelco-SK130-Excavator-01-293x300.jpg 293w\" sizes=\"(max-width: 539px) 100vw, 539px\" \/><\/p>\n<p>Kawasaki K7V63 hydraulic main pump for excavator KPM K7V63DTP hydraulic pump<\/p>\n<p><img decoding=\"async\" class=\"alignnone wp-image-6937 size-full\" src=\"https:\/\/www.excavatorenginepart.com\/wp-content\/uploads\/2022\/04\/K7V63DTP-Hydraulic-Main-Pump-for-Kobelco-SK130-Excavator-02.jpg\" alt=\"\" width=\"538\" height=\"379\" srcset=\"https:\/\/www.excavatorenginepart.com\/wp-content\/uploads\/2022\/04\/K7V63DTP-Hydraulic-Main-Pump-for-Kobelco-SK130-Excavator-02.jpg 538w, https:\/\/www.excavatorenginepart.com\/wp-content\/uploads\/2022\/04\/K7V63DTP-Hydraulic-Main-Pump-for-Kobelco-SK130-Excavator-02-300x211.jpg 300w\" sizes=\"(max-width: 538px) 100vw, 538px\" \/><\/p>\n<p>Original Caterpillar cat306 excavator hydraulic pump 358-50040<\/p>","protected":false},"excerpt":{"rendered":"<p>K7V63DTP Piston Pump Hydraulic Main Pump for Kobelco SK130 SK140-8 Excavator Genuine Kawasaki K7V63DTP hydrauclic pump is for kobelco SK130 SK140-8 Excavator ,\u00a0Using genuine kobelco parts can extend the service life of the machine.Kobelco pure parts provide customers with high quality design and excellent performance, through the reduction of downtime and efficiency improvement to achieve [&hellip;]<\/p>","protected":false},"featured_media":6935,"menu_order":0,"comment_status":"closed","ping_status":"closed","template":"","meta":{"_seopress_robots_primary_cat":"","_seopress_titles_title":"","_seopress_titles_desc":"","_seopress_robots_index":"","om_disable_all_campaigns":false,"_mi_skip_tracking":false,"_monsterinsights_sitenote_active":false,"_monsterinsights_sitenote_note":"","_monsterinsights_sitenote_category":0},"product_cat":[],"product_tag":[],"product_category":[111],"class_list":{"0":"post-6934","1":"product","2":"type-product","3":"status-publish","4":"has-post-thumbnail","6":"product_category-excavator-hydraulic-pump","8":"first","9":"instock","10":"shipping-taxable","11":"product-type-simple"},"acf":[],"_links":{"self":[{"href":"https:\/\/www.excavatorenginepart.com\/tr\/wp-json\/wp\/v2\/product\/6934","targetHints":{"allow":["GET"]}}],"collection":[{"href":"https:\/\/www.excavatorenginepart.com\/tr\/wp-json\/wp\/v2\/product"}],"about":[{"href":"https:\/\/www.excavatorenginepart.com\/tr\/wp-json\/wp\/v2\/types\/product"}],"replies":[{"embeddable":true,"href":"https:\/\/www.excavatorenginepart.com\/tr\/wp-json\/wp\/v2\/comments?post=6934"}],"wp:featuredmedia":[{"embeddable":true,"href":"https:\/\/www.excavatorenginepart.com\/tr\/wp-json\/wp\/v2\/media\/6935"}],"wp:attachment":[{"href":"https:\/\/www.excavatorenginepart.com\/tr\/wp-json\/wp\/v2\/media?parent=6934"}],"wp:term":[{"taxonomy":"product_cat","embeddable":true,"href":"https:\/\/www.excavatorenginepart.com\/tr\/wp-json\/wp\/v2\/product_cat?post=6934"},{"taxonomy":"product_tag","embeddable":true,"href":"https:\/\/www.excavatorenginepart.com\/tr\/wp-json\/wp\/v2\/product_tag?post=6934"},{"taxonomy":"product_category","embeddable":true,"href":"https:\/\/www.excavatorenginepart.com\/tr\/wp-json\/wp\/v2\/product_category?post=6934"}],"curies":[{"name":"wp","href":"https:\/\/api.w.org\/{rel}","templated":true}]}}