{"id":6920,"date":"2022-04-29T02:32:54","date_gmt":"2022-04-29T02:32:54","guid":{"rendered":"https:\/\/www.excavatorenginepart.com\/?post_type=product&#038;p=6920"},"modified":"2022-05-06T08:22:59","modified_gmt":"2022-05-06T08:22:59","slug":"hitach-wheel-excavator-original-hydraulic-pump-9275116","status":"publish","type":"product","link":"https:\/\/www.excavatorenginepart.com\/tr\/product\/hitach-wheel-excavator-original-hydraulic-pump-9275116\/","title":{"rendered":"Hitach Tekerlekli Ekskavat\u00f6r Orijinal Hidrolik Pompa 9275116"},"content":{"rendered":"<p>Hitach Wheel Excavator Original Hydraulic Pump 9275116,<\/p>\n<p>Genuine Hitachi excavator electronic control hydrauclic pump is for hitachi wheel zx190w-3f excavator , , the engine model is Isuzu 4HK1 diesel , We can provide\u00a0<strong>excavator hydraulic<\/strong>\u00a0\u00a0<strong>pump<\/strong>,\u00a0<strong>excavator final drive<\/strong>, main valve and\u00a0<strong>excavator engine parts<\/strong>.\u00a0Use Hitachi pure accessories for daily maintenance and maintenance work, in order to keep the machine in good working condition and maximize the function of the machine. The pure regenerated parts of Hitachi are manufactured according to the standard operation specifications, and strict performance testing and quality management are carried out to ensure that the quality of the products is equal to that of the new products, as well as to provide perfect after-sales service and the same quality assurance as the new products.<br \/>\nAccording to the market demand, Hitachi has been continuously adjusting and expanding the types of pure recycled parts. Currently, the recycled parts produced by Hitachi are involved in various models of Hitachi in the Chinese market, with a variety of more than 200 kinds.<\/p>\n<p>Hitachi ZAXIS Excavator Model\u00a0<\/p>\n<p>ZAXIS60 ZAXIS70 ZAXIS120 ZAXIS130 ZAXIS200 ZAXIS200-3 ZAXIS210 ZAXIS210LC ZAXIS210LC-3 ZAXIS210H ZAXIS210H-3 ZAXIS240-3 ZAXIS250 ZAXIS250LC ZAXIS250LC-3 ZAXIS250H ZAXIS250H-3 ZAXIS260LCH-3 ZAXIS270 ZAXIS270-3 ZAXIS330 ZAXIS330-3 ZAXIS360 OTHERS<\/p>\n<p>Another Excavtor Hydraulic Products\u00a0<\/p>\n<p>Final drive(genuine,south korea,japan brand) genuine rebuilt KYB MAG series(MAG-18,MAG-26,MAG-33,MAG-85,MAG-170)<br \/>\nNabotsco GM series(GM04,GM06,GM07,GM09,GM10,GM18,GM21,GM35,GM38)<br \/>\nNachi PHV series<br \/>\nKawasaki K3V K5V serisi<br \/>\nNachi PVD serisi (PVD-1B, PVD-2B, PVD-3B)<br \/>\nSwing device,swing motor,swing gearbox,swing bearing<br \/>\nKawasaki Hydraulic Main Pump List\u00a0<\/p>\n<table border=\"1\">\n<tbody>\n<tr>\n<td class=\"et7\" width=\"143\" height=\"32\">Pompa Serisi<\/td>\n<td class=\"et7\" width=\"186\" height=\"32\">Cotrol Model<\/td>\n<td class=\"et8\" width=\"284\" height=\"32\">Exvavator Moldel i\u00e7in Pompa<\/td>\n<\/tr>\n<tr>\n<td class=\"et8\" rowspan=\"3\" width=\"143\" height=\"99\">K3V63DT<img decoding=\"async\" src=\"file:\/\/\/C:\/Users\/ADMINI~1\/AppData\/Local\/Temp\/ksohtml\/clip_image5137.png@watermark=2&amp;color=I0ZGRkZGRg%3D%3D&amp;type=ZHJvaWRzYW5zZmFsbGJhY2s%3D&amp;size=16&amp;p=5&amp;t=80&amp;text=ZXhjYXZhdG9yZW5naW5lcGFydC5ib3NzZ29vLmNvbQ%3D%3D\" width=\"1\" height=\"1\" \/><\/td>\n<td class=\"et8\" width=\"186\" height=\"33\">9N<\/td>\n<td class=\"et10\" rowspan=\"3\" width=\"284\" height=\"99\">Liugong 13T 15T Ekskavat\u00f6r\u00a0<br \/>\nVolvo EC140B<br \/>\nDoosan S130LC-V 150 Palet<\/td>\n<\/tr>\n<tr>\n<td class=\"et8\" width=\"186\" height=\"33\">9C<\/td>\n<\/tr>\n<tr>\n<td class=\"et8\" width=\"186\" height=\"33\">HN<\/td>\n<\/tr>\n<tr>\n<td class=\"et8\" rowspan=\"3\" width=\"143\" height=\"198\">K3V112DT<\/td>\n<td class=\"et8\" width=\"186\" height=\"33\">9N<\/td>\n<td class=\"et10\" rowspan=\"3\" width=\"284\" height=\"198\">DH225LC-7, S225LC-V,\u00a0<br \/>\nS220LC-V, R215-7C,<br \/>\nR210LC-7, R210LC-7T, R225-7, RMX225, EC210, SE210LC-3, EC210B, MX255, EC240, EC240B<br \/>\nLiugong 20T Ekskavat\u00f6r 920\/922 210LV-7G, R2200LC-7, R2200LC-7C,<\/td>\n<\/tr>\n<tr>\n<td class=\"et8\" width=\"186\" height=\"33\">9C<\/td>\n<\/tr>\n<tr>\n<td class=\"et8\" width=\"186\" height=\"132\">HN<\/td>\n<\/tr>\n<tr>\n<td class=\"et8\" rowspan=\"5\" width=\"143\" height=\"165\">K3V112DTP<\/td>\n<td class=\"et8\" width=\"186\" height=\"33\">9N<\/td>\n<td class=\"et12\" rowspan=\"3\" width=\"284\" height=\"99\">Sanward Liugong 20T Ekskavat\u00f6r (PTO'su yok),<br \/>\n\u00a0<\/td>\n<\/tr>\n<tr>\n<td class=\"et8\" width=\"186\" height=\"33\">9C<\/td>\n<\/tr>\n<tr>\n<td class=\"et8\" width=\"186\" height=\"33\">HN<\/td>\n<\/tr>\n<tr>\n<td class=\"et8\" width=\"186\" height=\"33\">9T<\/td>\n<td class=\"et15\" rowspan=\"2\" width=\"284\" height=\"66\">Sany Kobelco 200 210 Ekskavat\u00f6rler\u00a0<\/td>\n<\/tr>\n<tr>\n<td class=\"et8\" width=\"186\" height=\"33\">YT<\/td>\n<\/tr>\n<tr>\n<td class=\"et8\" width=\"143\" height=\"33\">K3V140DT<\/td>\n<td class=\"et8\" width=\"186\" height=\"33\">9N<\/td>\n<td class=\"et17\" width=\"284\" height=\"33\">Volvo EC290 Ekskavat\u00f6r<\/td>\n<\/tr>\n<tr>\n<td class=\"et18\" rowspan=\"3\" width=\"143\" height=\"99\">K3V180DTP<br \/>\n(H)<\/td>\n<td class=\"et8\" width=\"186\" height=\"33\">9N<\/td>\n<td class=\"et17\" width=\"284\" height=\"33\">Volvo EC450 EC460 Ekskavat\u00f6r<\/td>\n<\/tr>\n<tr>\n<td class=\"et8\" width=\"186\" height=\"33\">9C<\/td>\n<td class=\"et17\" width=\"284\" height=\"33\">\u00a0<\/td>\n<\/tr>\n<tr>\n<td class=\"et8\" width=\"186\" height=\"33\">HN<\/td>\n<td class=\"et17\" width=\"284\" height=\"33\">\u00a0<\/td>\n<\/tr>\n<tr>\n<td class=\"et8\" width=\"143\" height=\"33\">K5V80DT<\/td>\n<td class=\"et8\" width=\"186\" height=\"33\">9C<\/td>\n<td class=\"et17\" width=\"284\" height=\"33\">Hyundai 160 Ekskavat\u00f6r<\/td>\n<\/tr>\n<tr>\n<td class=\"et8\" width=\"143\" height=\"33\">K5V80DTP<\/td>\n<td class=\"et8\" width=\"186\" height=\"33\">9N<\/td>\n<td class=\"et17\" width=\"284\" height=\"33\">\u00a0<\/td>\n<\/tr>\n<tr>\n<td class=\"et20\" width=\"143\" height=\"33\">K5V200DTH<br \/>\n(P)<\/td>\n<td class=\"et8\" width=\"186\" height=\"33\">9C<\/td>\n<td class=\"et17\" width=\"284\" height=\"33\">Hyundai 450 485 Ekskavat\u00f6r<\/td>\n<\/tr>\n<tr>\n<td class=\"et21\" width=\"143\" height=\"33\">F5X130CHB-10A-13A\/265-129-FRG11D<\/td>\n<td class=\"et8\" width=\"186\" height=\"33\">\u00a0<\/td>\n<td class=\"et12\" rowspan=\"2\" width=\"284\" height=\"66\">\u00a0<\/td>\n<\/tr>\n<tr>\n<td class=\"et22\" width=\"143\" height=\"33\">F5X180CHB-10A\/265-149-FRG14D<\/td>\n<td class=\"et8\" width=\"186\" height=\"33\">\u00a0<\/td>\n<\/tr>\n<\/tbody>\n<\/table>\n<p>Kore Kawasaki Pompa Par\u00e7a Listesi<\/p>\n<table border=\"1\">\n<tbody>\n<tr>\n<td class=\"et2\" width=\"260\" height=\"19\">Model<\/td>\n<td class=\"et2\" width=\"268\" height=\"19\">Par\u00e7a Ad\u0131<\/td>\n<\/tr>\n<tr>\n<td class=\"et3\" width=\"260\" height=\"19\">ZX10LGRZ1-07A-V<\/td>\n<td class=\"et3\" width=\"268\" height=\"19\">10CC Pilot Pompa<\/td>\n<\/tr>\n<tr>\n<td class=\"et3\" width=\"260\" height=\"19\">ZX15LGRZ2-07A-V<\/td>\n<td class=\"et3\" width=\"268\" height=\"19\">15CC Pilot Pompa<\/td>\n<\/tr>\n<tr>\n<td class=\"et3\" width=\"260\" height=\"19\">ZX10LGRZ1-07A-V<\/td>\n<td class=\"et3\" width=\"268\" height=\"19\">10CC Pilot Pompa<\/td>\n<\/tr>\n<tr>\n<td class=\"et3\" width=\"260\" height=\"19\">K3V63<\/td>\n<td class=\"et3\" width=\"268\" height=\"19\">Dokuz delikli konumland\u0131rma diski<\/td>\n<\/tr>\n<tr>\n<td class=\"et3\" width=\"260\" height=\"19\">K5V80<\/td>\n<td class=\"et3\" width=\"268\" height=\"19\">Dokuz delikli konumland\u0131rma diski<\/td>\n<\/tr>\n<tr>\n<td class=\"et3\" width=\"260\" height=\"19\">K3V112<\/td>\n<td class=\"et3\" width=\"268\" height=\"19\">Dokuz delikli konumland\u0131rma diski<\/td>\n<\/tr>\n<tr>\n<td class=\"et3\" width=\"260\" height=\"19\">K3V140\/180<\/td>\n<td class=\"et3\" width=\"268\" height=\"19\">Dokuz delikli konumland\u0131rma diski<\/td>\n<\/tr>\n<tr>\n<td class=\"et3\" width=\"260\" height=\"19\">K5V200<\/td>\n<td class=\"et3\" width=\"268\" height=\"19\">Dokuz delikli konumland\u0131rma diski<\/td>\n<\/tr>\n<tr>\n<td class=\"et3\" width=\"260\" height=\"19\">K3V63\/K5V80<\/td>\n<td class=\"et3\" width=\"268\" height=\"19\">E\u011fik plaka contas\u0131<\/td>\n<\/tr>\n<tr>\n<td class=\"et3\" width=\"260\" height=\"19\">K3V112<\/td>\n<td class=\"et3\" width=\"268\" height=\"19\">E\u011fik plaka contas\u0131<\/td>\n<\/tr>\n<tr>\n<td class=\"et3\" width=\"260\" height=\"19\">K3V140\/180<\/td>\n<td class=\"et3\" width=\"268\" height=\"19\">E\u011fik plaka contas\u0131<\/td>\n<\/tr>\n<tr>\n<td class=\"et3\" width=\"260\" height=\"19\">K3V63\/K5V80<\/td>\n<td class=\"et3\" width=\"268\" height=\"19\">K\u00fcresel mente\u015fe\u00a0<\/td>\n<\/tr>\n<tr>\n<td class=\"et3\" width=\"260\" height=\"19\">K3V112<\/td>\n<td class=\"et3\" width=\"268\" height=\"19\">K\u00fcresel mente\u015fe\u00a0<\/td>\n<\/tr>\n<tr>\n<td class=\"et3\" width=\"260\" height=\"19\">K3V140<\/td>\n<td class=\"et3\" width=\"268\" height=\"19\">K\u00fcresel mente\u015fe\u00a0<\/td>\n<\/tr>\n<tr>\n<td class=\"et3\" width=\"260\" height=\"19\">K3V180<\/td>\n<td class=\"et3\" width=\"268\" height=\"19\">K\u00fcresel mente\u015fe\u00a0<\/td>\n<\/tr>\n<tr>\n<td class=\"et3\" width=\"260\" height=\"19\">K3V63<\/td>\n<td class=\"et3\" width=\"268\" height=\"19\">Silindir+Vana Plakas\u0131<\/td>\n<\/tr>\n<tr>\n<td class=\"et3\" width=\"260\" height=\"19\">K3V112<\/td>\n<td class=\"et3\" width=\"268\" height=\"19\">Silindir+Vana Plakas\u0131<\/td>\n<\/tr>\n<tr>\n<td class=\"et3\" width=\"260\" height=\"19\">K5V140<\/td>\n<td class=\"et3\" width=\"268\" height=\"19\">Silindir+Vana Plakas\u0131<\/td>\n<\/tr>\n<tr>\n<td class=\"et3\" width=\"260\" height=\"19\">K3V140<\/td>\n<td class=\"et3\" width=\"268\" height=\"19\">Silindir+Vana Plakas\u0131<\/td>\n<\/tr>\n<tr>\n<td class=\"et3\" width=\"260\" height=\"19\">K3V180\/K5V200<\/td>\n<td class=\"et3\" width=\"268\" height=\"19\">Silindir+Vana Plakas\u0131<\/td>\n<\/tr>\n<tr>\n<td class=\"et3\" width=\"260\" height=\"19\">K3V63\/K5V80<\/td>\n<td class=\"et3\" width=\"268\" height=\"19\">Piston<\/td>\n<\/tr>\n<tr>\n<td class=\"et3\" width=\"260\" height=\"19\">K3V112<\/td>\n<td class=\"et3\" width=\"268\" height=\"19\">Piston<\/td>\n<\/tr>\n<tr>\n<td class=\"et3\" width=\"260\" height=\"19\">K5V140<\/td>\n<td class=\"et3\" width=\"268\" height=\"19\">Piston<\/td>\n<\/tr>\n<tr>\n<td class=\"et3\" width=\"260\" height=\"19\">K3V140<\/td>\n<td class=\"et3\" width=\"268\" height=\"19\">Piston<\/td>\n<\/tr>\n<tr>\n<td class=\"et3\" width=\"260\" height=\"19\">K3V180<\/td>\n<td class=\"et3\" width=\"268\" height=\"19\">Piston<\/td>\n<\/tr>\n<tr>\n<td class=\"et3\" width=\"260\" height=\"19\">K5V200<\/td>\n<td class=\"et3\" width=\"268\" height=\"19\">Piston<\/td>\n<\/tr>\n<tr>\n<td class=\"et3\" width=\"260\" height=\"19\">K3V63\/K5V80<\/td>\n<td class=\"et3\" width=\"268\" height=\"19\">E\u011fik plaka+ E\u011fik plaka yuvas\u0131\u00a0<\/td>\n<\/tr>\n<tr>\n<td class=\"et3\" width=\"260\" height=\"19\">K3V112<\/td>\n<td class=\"et3\" width=\"268\" height=\"19\">E\u011fik plaka+ E\u011fik plaka yuvas\u0131\u00a0<\/td>\n<\/tr>\n<tr>\n<td class=\"et3\" width=\"260\" height=\"19\">K5V140<\/td>\n<td class=\"et3\" width=\"268\" height=\"19\">E\u011fik plaka+ E\u011fik plaka yuvas\u0131\u00a0<\/td>\n<\/tr>\n<tr>\n<td class=\"et3\" width=\"260\" height=\"19\">K3V140<\/td>\n<td class=\"et3\" width=\"268\" height=\"19\">E\u011fik plaka+ E\u011fik plaka yuvas\u0131\u00a0<\/td>\n<\/tr>\n<tr>\n<td class=\"et3\" width=\"260\" height=\"19\">K3V112DT<\/td>\n<td class=\"et3\" width=\"268\" height=\"19\">9N Ayar Vanas\u0131<\/td>\n<\/tr>\n<tr>\n<td class=\"et3\" width=\"260\" height=\"19\">K3V112DT<\/td>\n<td class=\"et3\" width=\"268\" height=\"19\">9C Ayar Vanas\u0131<\/td>\n<\/tr>\n<tr>\n<td class=\"et3\" width=\"260\" height=\"19\">K3V112DT<\/td>\n<td class=\"et3\" width=\"268\" height=\"19\">HN Ayar Vanas\u0131<\/td>\n<\/tr>\n<tr>\n<td class=\"et3\" width=\"260\" height=\"19\">K3V140DT<\/td>\n<td class=\"et3\" width=\"268\" height=\"19\">9C Ayar Vanas\u0131<\/td>\n<\/tr>\n<tr>\n<td class=\"et3\" width=\"260\" height=\"19\">K3V140DT<\/td>\n<td class=\"et3\" width=\"268\" height=\"19\">HN Ayar Vanas\u0131<\/td>\n<\/tr>\n<tr>\n<td class=\"et3\" width=\"260\" height=\"19\">K5V80S<\/td>\n<td class=\"et3\" width=\"268\" height=\"19\">0E Ayar Vanas\u0131<\/td>\n<\/tr>\n<tr>\n<td class=\"et3\" width=\"260\" height=\"19\">K5V140S<\/td>\n<td class=\"et3\" width=\"268\" height=\"19\">0E Ayar Vanas\u0131<\/td>\n<\/tr>\n<tr>\n<td class=\"et3\" width=\"260\" height=\"19\">K5V200S<\/td>\n<td class=\"et3\" width=\"268\" height=\"19\">0E Ayar Vanas\u0131<\/td>\n<\/tr>\n<tr>\n<td class=\"et3\" width=\"260\" height=\"19\">K3V112S<\/td>\n<td class=\"et3\" width=\"268\" height=\"19\">0E Ayar Vanas\u0131<\/td>\n<\/tr>\n<tr>\n<td class=\"et3\" width=\"260\" height=\"19\">K5V80DT<\/td>\n<td class=\"et3\" width=\"268\" height=\"19\">0E Ayar Vanas\u0131<\/td>\n<\/tr>\n<tr>\n<td class=\"et3\" width=\"260\" height=\"19\">K3V112DT<\/td>\n<td class=\"et3\" width=\"268\" height=\"19\">5E Ayar Vanas\u0131<\/td>\n<\/tr>\n<tr>\n<td class=\"et3\" width=\"260\" height=\"19\">K5V140DT<\/td>\n<td class=\"et3\" width=\"268\" height=\"19\">5E Ayar Vanas\u0131<\/td>\n<\/tr>\n<tr>\n<td class=\"et3\" width=\"260\" height=\"19\">K3V112DT<\/td>\n<td class=\"et3\" width=\"268\" height=\"19\">1E Ayar Vanas\u0131<\/td>\n<\/tr>\n<tr>\n<td class=\"et3\" width=\"260\" height=\"19\">K5V140DT<\/td>\n<td class=\"et3\" width=\"268\" height=\"19\">1E Ayar Vanas\u0131<\/td>\n<\/tr>\n<tr>\n<td class=\"et3\" width=\"260\" height=\"19\">K3V112DT<\/td>\n<td class=\"et3\" width=\"268\" height=\"19\">9T Ayar Vanas\u0131<\/td>\n<\/tr>\n<tr>\n<td class=\"et3\" width=\"260\" height=\"19\">K3V112DT<\/td>\n<td class=\"et3\" width=\"268\" height=\"19\">YT Ayar Vanas\u0131<\/td>\n<\/tr>\n<tr>\n<td class=\"et3\" width=\"260\" height=\"19\">K5V140DT<\/td>\n<td class=\"et3\" width=\"268\" height=\"19\">9T Ayar Vanas\u0131<\/td>\n<\/tr>\n<tr>\n<td class=\"et3\" width=\"260\" height=\"19\">K5V140DT<\/td>\n<td class=\"et3\" width=\"268\" height=\"19\">YT Ayar Vanas\u0131<\/td>\n<\/tr>\n<tr>\n<td class=\"et3\" width=\"260\" height=\"19\">V0009277998KD<\/td>\n<td class=\"et3\" width=\"268\" height=\"19\">Oranlama Valfi<\/td>\n<\/tr>\n<tr>\n<td class=\"et3\" width=\"260\" height=\"19\">V9406235760KD<\/td>\n<td class=\"et3\" width=\"268\" height=\"19\">Oranlama Valfi<\/td>\n<\/tr>\n<tr>\n<td class=\"et3\" width=\"260\" height=\"19\">V9406285784KD<\/td>\n<td class=\"et3\" width=\"268\" height=\"19\">Oranlama Valfi<\/td>\n<\/tr>\n<\/tbody>\n<\/table>\n<p><img fetchpriority=\"high\" decoding=\"async\" class=\"alignnone wp-image-6922 size-full\" src=\"https:\/\/www.excavatorenginepart.com\/wp-content\/uploads\/2022\/04\/Hitach-Wheel-Excavator-Original-Hydraulic-Pump-9275116-02.jpg\" alt=\"\" width=\"537\" height=\"384\" srcset=\"https:\/\/www.excavatorenginepart.com\/wp-content\/uploads\/2022\/04\/Hitach-Wheel-Excavator-Original-Hydraulic-Pump-9275116-02.jpg 537w, https:\/\/www.excavatorenginepart.com\/wp-content\/uploads\/2022\/04\/Hitach-Wheel-Excavator-Original-Hydraulic-Pump-9275116-02-300x215.jpg 300w\" sizes=\"(max-width: 537px) 100vw, 537px\" \/><\/p>\n<p>Hitachi Electronic control hydraulic pump made in Japan<\/p>\n<p><img decoding=\"async\" class=\"alignnone wp-image-6923 size-full\" src=\"https:\/\/www.excavatorenginepart.com\/wp-content\/uploads\/2022\/04\/Hitach-Wheel-Excavator-Original-Hydraulic-Pump-9275116-01.jpg\" alt=\"\" width=\"540\" height=\"405\" srcset=\"https:\/\/www.excavatorenginepart.com\/wp-content\/uploads\/2022\/04\/Hitach-Wheel-Excavator-Original-Hydraulic-Pump-9275116-01.jpg 540w, https:\/\/www.excavatorenginepart.com\/wp-content\/uploads\/2022\/04\/Hitach-Wheel-Excavator-Original-Hydraulic-Pump-9275116-01-300x225.jpg 300w\" sizes=\"(max-width: 540px) 100vw, 540px\" \/><\/p>\n<p>Hitach Wheel Excavator HPV118W-21C Hydraulic Pump 9275116<\/p>","protected":false},"excerpt":{"rendered":"<p>Hitach Wheel Excavator Original Hydraulic Pump 9275116, Genuine Hitachi excavator electronic control hydrauclic pump is for hitachi wheel zx190w-3f excavator , , the engine model is Isuzu 4HK1 diesel , We can provide\u00a0excavator hydraulic\u00a0\u00a0pump,\u00a0excavator final drive, main valve and\u00a0excavator engine parts.\u00a0Use Hitachi pure accessories for daily maintenance and maintenance work, in order to keep the [&hellip;]<\/p>","protected":false},"featured_media":6921,"menu_order":0,"comment_status":"closed","ping_status":"closed","template":"","meta":{"_seopress_robots_primary_cat":"","_seopress_titles_title":"","_seopress_titles_desc":"","_seopress_robots_index":"","om_disable_all_campaigns":false,"_mi_skip_tracking":false,"_monsterinsights_sitenote_active":false,"_monsterinsights_sitenote_note":"","_monsterinsights_sitenote_category":0},"product_cat":[],"product_tag":[],"product_category":[111],"class_list":{"0":"post-6920","1":"product","2":"type-product","3":"status-publish","4":"has-post-thumbnail","6":"product_category-excavator-hydraulic-pump","8":"first","9":"instock","10":"shipping-taxable","11":"product-type-simple"},"acf":[],"_links":{"self":[{"href":"https:\/\/www.excavatorenginepart.com\/tr\/wp-json\/wp\/v2\/product\/6920","targetHints":{"allow":["GET"]}}],"collection":[{"href":"https:\/\/www.excavatorenginepart.com\/tr\/wp-json\/wp\/v2\/product"}],"about":[{"href":"https:\/\/www.excavatorenginepart.com\/tr\/wp-json\/wp\/v2\/types\/product"}],"replies":[{"embeddable":true,"href":"https:\/\/www.excavatorenginepart.com\/tr\/wp-json\/wp\/v2\/comments?post=6920"}],"wp:featuredmedia":[{"embeddable":true,"href":"https:\/\/www.excavatorenginepart.com\/tr\/wp-json\/wp\/v2\/media\/6921"}],"wp:attachment":[{"href":"https:\/\/www.excavatorenginepart.com\/tr\/wp-json\/wp\/v2\/media?parent=6920"}],"wp:term":[{"taxonomy":"product_cat","embeddable":true,"href":"https:\/\/www.excavatorenginepart.com\/tr\/wp-json\/wp\/v2\/product_cat?post=6920"},{"taxonomy":"product_tag","embeddable":true,"href":"https:\/\/www.excavatorenginepart.com\/tr\/wp-json\/wp\/v2\/product_tag?post=6920"},{"taxonomy":"product_category","embeddable":true,"href":"https:\/\/www.excavatorenginepart.com\/tr\/wp-json\/wp\/v2\/product_category?post=6920"}],"curies":[{"name":"wp","href":"https:\/\/api.w.org\/{rel}","templated":true}]}}