{"id":6895,"date":"2022-04-29T01:32:37","date_gmt":"2022-04-29T01:32:37","guid":{"rendered":"https:\/\/www.excavatorenginepart.com\/?post_type=product&#038;p=6895"},"modified":"2022-05-06T08:23:45","modified_gmt":"2022-05-06T08:23:45","slug":"pc200-6-708-25-01084-komatsu-excavator-hydraulic-pump","status":"publish","type":"product","link":"https:\/\/www.excavatorenginepart.com\/tr\/product\/pc200-6-708-25-01084-komatsu-excavator-hydraulic-pump\/","title":{"rendered":"PC200-6 708-25-01084 Komatsu Excavator Hydraulic Pump"},"content":{"rendered":"<p>PC200-3 708-25-01084\u00a0\u00a0Komatsu Excavator Main Pump PC200-6 Hydraulic Pump\u00a0<\/p>\n<p>PC220-3\u00a0708-25-10101\u00a0Komatsu Excavator Main Pump PC220-6\u00a0\u00a0Hydraulic Pump Assembly\u00a0<\/p>\n<p><strong>PC200-3 708-25-01084\u00a0 Komatsu Excavator Main Pump\u00a0<\/strong>\u00a0of PC200-3 Komatus excavators is made of Janpan or Korea. The \u00a0operating principle of\u00a0<strong>Excavator Main pump<\/strong>\u00a0: The input shaft of the hydraulic pump is connected to a cylinder, called cylinder block, in which there are nine plunges.The cylinder also contains a crescent disc, called a fluidic disc, which has two sets of holes, called a suction and an outlet.Thus, the plunger cylinder body draws hydraulic oil through the suction port and drains the hydraulic oil through the outlet. A part with a disk supported by a plunger is called an inclined disk. The Angle of the inclined disk can be increased or decreased to change the capacity of the cylinder, thus changing the amount of hydraulic oil discharged. The greater the Angle of the inclined disk, the more hydraulic oil discharge. As the input shaft ( rotates ), the cylinder block \u00a0also rotates.\u00a0The plunger starts to move back and forth when the disk is tilted.At this point the plunger and cylinder block begin to carry out each turn of oil absorption and drainage.All the plunges continue to do this. Such a hydraulic pump is called the<strong>\u00a0tilt-disc axial variable plunger pump<\/strong>.<\/p>\n<p>Kawasaki Hydraulic Main Pump List\u00a0<\/p>\n<table border=\"1\">\n<tbody>\n<tr>\n<td class=\"et7\" width=\"143\" height=\"32\">Pompa Serisi<\/td>\n<td class=\"et7\" width=\"186\" height=\"32\">Cotrol Model<\/td>\n<td class=\"et8\" width=\"284\" height=\"32\">Exvavator Moldel i\u00e7in Pompa<\/td>\n<\/tr>\n<tr>\n<td class=\"et8\" rowspan=\"3\" width=\"143\" height=\"99\">K3V63DT<img decoding=\"async\" src=\"file:\/\/\/C:\/Users\/ADMINI~1\/AppData\/Local\/Temp\/ksohtml\/clip_image5137.png@watermark=2&amp;color=I0ZGRkZGRg%3D%3D&amp;type=ZHJvaWRzYW5zZmFsbGJhY2s%3D&amp;size=16&amp;p=5&amp;t=80&amp;text=ZXhjYXZhdG9yZW5naW5lcGFydC5ib3NzZ29vLmNvbQ%3D%3D\" width=\"1\" height=\"1\" \/><\/td>\n<td class=\"et8\" width=\"186\" height=\"33\">9N<\/td>\n<td class=\"et10\" rowspan=\"3\" width=\"284\" height=\"99\">Liugong 13T 15T Ekskavat\u00f6r\u00a0<br \/>\nVolvo EC140B<br \/>\nDoosan S130LC-V 150 Palet<\/td>\n<\/tr>\n<tr>\n<td class=\"et8\" width=\"186\" height=\"33\">9C<\/td>\n<\/tr>\n<tr>\n<td class=\"et8\" width=\"186\" height=\"33\">HN<\/td>\n<\/tr>\n<tr>\n<td class=\"et8\" rowspan=\"3\" width=\"143\" height=\"198\">K3V112DT<\/td>\n<td class=\"et8\" width=\"186\" height=\"33\">9N<\/td>\n<td class=\"et10\" rowspan=\"3\" width=\"284\" height=\"198\">DH225LC-7, S225LC-V,\u00a0<br \/>\nS220LC-V, R215-7C,<br \/>\nR210LC-7, R210LC-7T, R225-7, RMX225, EC210, SE210LC-3, EC210B, MX255, EC240, EC240B<br \/>\nLiugong 20T Ekskavat\u00f6r 920\/922 210LV-7G, R2200LC-7, R2200LC-7C,<\/td>\n<\/tr>\n<tr>\n<td class=\"et8\" width=\"186\" height=\"33\">9C<\/td>\n<\/tr>\n<tr>\n<td class=\"et8\" width=\"186\" height=\"132\">HN<\/td>\n<\/tr>\n<tr>\n<td class=\"et8\" rowspan=\"5\" width=\"143\" height=\"165\">K3V112DTP<\/td>\n<td class=\"et8\" width=\"186\" height=\"33\">9N<\/td>\n<td class=\"et12\" rowspan=\"3\" width=\"284\" height=\"99\">Sanward Liugong 20T Ekskavat\u00f6r (PTO'su yok),<br \/>\n\u00a0<\/td>\n<\/tr>\n<tr>\n<td class=\"et8\" width=\"186\" height=\"33\">9C<\/td>\n<\/tr>\n<tr>\n<td class=\"et8\" width=\"186\" height=\"33\">HN<\/td>\n<\/tr>\n<tr>\n<td class=\"et8\" width=\"186\" height=\"33\">9T<\/td>\n<td class=\"et15\" rowspan=\"2\" width=\"284\" height=\"66\">Sany Kobelco 200 210 Ekskavat\u00f6rler\u00a0<\/td>\n<\/tr>\n<tr>\n<td class=\"et8\" width=\"186\" height=\"33\">YT<\/td>\n<\/tr>\n<tr>\n<td class=\"et8\" width=\"143\" height=\"33\">K3V140DT<\/td>\n<td class=\"et8\" width=\"186\" height=\"33\">9N<\/td>\n<td class=\"et17\" width=\"284\" height=\"33\">Volvo EC290 Ekskavat\u00f6r<\/td>\n<\/tr>\n<tr>\n<td class=\"et18\" rowspan=\"3\" width=\"143\" height=\"99\">K3V180DTP<br \/>\n(H)<\/td>\n<td class=\"et8\" width=\"186\" height=\"33\">9N<\/td>\n<td class=\"et17\" width=\"284\" height=\"33\">Volvo EC450 EC460 Ekskavat\u00f6r<\/td>\n<\/tr>\n<tr>\n<td class=\"et8\" width=\"186\" height=\"33\">9C<\/td>\n<td class=\"et17\" width=\"284\" height=\"33\">\u00a0<\/td>\n<\/tr>\n<tr>\n<td class=\"et8\" width=\"186\" height=\"33\">HN<\/td>\n<td class=\"et17\" width=\"284\" height=\"33\">\u00a0<\/td>\n<\/tr>\n<tr>\n<td class=\"et8\" width=\"143\" height=\"33\">K5V80DT<\/td>\n<td class=\"et8\" width=\"186\" height=\"33\">9C<\/td>\n<td class=\"et17\" width=\"284\" height=\"33\">Hyundai 160 Ekskavat\u00f6r<\/td>\n<\/tr>\n<tr>\n<td class=\"et8\" width=\"143\" height=\"33\">K5V80DTP<\/td>\n<td class=\"et8\" width=\"186\" height=\"33\">9N<\/td>\n<td class=\"et17\" width=\"284\" height=\"33\">\u00a0<\/td>\n<\/tr>\n<tr>\n<td class=\"et20\" width=\"143\" height=\"33\">K5V200DTH<br \/>\n(P)<\/td>\n<td class=\"et8\" width=\"186\" height=\"33\">9C<\/td>\n<td class=\"et17\" width=\"284\" height=\"33\">Hyundai 450 485 Ekskavat\u00f6r<\/td>\n<\/tr>\n<tr>\n<td class=\"et21\" width=\"143\" height=\"33\">F5X130CHB-10A-13A\/265-129-FRG11D<\/td>\n<td class=\"et8\" width=\"186\" height=\"33\">\u00a0<\/td>\n<td class=\"et12\" rowspan=\"2\" width=\"284\" height=\"66\">\u00a0<\/td>\n<\/tr>\n<tr>\n<td class=\"et22\" width=\"143\" height=\"33\">F5X180CHB-10A\/265-149-FRG14D<\/td>\n<td class=\"et8\" width=\"186\" height=\"33\">\u00a0<\/td>\n<\/tr>\n<\/tbody>\n<\/table>\n<p>Kore Kawasaki Pompa Par\u00e7a Listesi<\/p>\n<table border=\"1\">\n<tbody>\n<tr>\n<td class=\"et2\" width=\"260\" height=\"19\">Model<\/td>\n<td class=\"et2\" width=\"268\" height=\"19\">Par\u00e7a Ad\u0131<\/td>\n<\/tr>\n<tr>\n<td class=\"et3\" width=\"260\" height=\"19\">ZX10LGRZ1-07A-V<\/td>\n<td class=\"et3\" width=\"268\" height=\"19\">10CC Pilot Pompa<\/td>\n<\/tr>\n<tr>\n<td class=\"et3\" width=\"260\" height=\"19\">ZX15LGRZ2-07A-V<\/td>\n<td class=\"et3\" width=\"268\" height=\"19\">15CC Pilot Pompa<\/td>\n<\/tr>\n<tr>\n<td class=\"et3\" width=\"260\" height=\"19\">ZX10LGRZ1-07A-V<\/td>\n<td class=\"et3\" width=\"268\" height=\"19\">10CC Pilot Pompa<\/td>\n<\/tr>\n<tr>\n<td class=\"et3\" width=\"260\" height=\"19\">K3V63<\/td>\n<td class=\"et3\" width=\"268\" height=\"19\">Dokuz delikli konumland\u0131rma diski<\/td>\n<\/tr>\n<tr>\n<td class=\"et3\" width=\"260\" height=\"19\">K5V80<\/td>\n<td class=\"et3\" width=\"268\" height=\"19\">Dokuz delikli konumland\u0131rma diski<\/td>\n<\/tr>\n<tr>\n<td class=\"et3\" width=\"260\" height=\"19\">K3V112<\/td>\n<td class=\"et3\" width=\"268\" height=\"19\">Dokuz delikli konumland\u0131rma diski<\/td>\n<\/tr>\n<tr>\n<td class=\"et3\" width=\"260\" height=\"19\">K3V140\/180<\/td>\n<td class=\"et3\" width=\"268\" height=\"19\">Dokuz delikli konumland\u0131rma diski<\/td>\n<\/tr>\n<tr>\n<td class=\"et3\" width=\"260\" height=\"19\">K5V200<\/td>\n<td class=\"et3\" width=\"268\" height=\"19\">Dokuz delikli konumland\u0131rma diski<\/td>\n<\/tr>\n<tr>\n<td class=\"et3\" width=\"260\" height=\"19\">K3V63\/K5V80<\/td>\n<td class=\"et3\" width=\"268\" height=\"19\">E\u011fik plaka contas\u0131<\/td>\n<\/tr>\n<tr>\n<td class=\"et3\" width=\"260\" height=\"19\">K3V112<\/td>\n<td class=\"et3\" width=\"268\" height=\"19\">E\u011fik plaka contas\u0131<\/td>\n<\/tr>\n<tr>\n<td class=\"et3\" width=\"260\" height=\"19\">K3V140\/180<\/td>\n<td class=\"et3\" width=\"268\" height=\"19\">E\u011fik plaka contas\u0131<\/td>\n<\/tr>\n<tr>\n<td class=\"et3\" width=\"260\" height=\"19\">K3V63\/K5V80<\/td>\n<td class=\"et3\" width=\"268\" height=\"19\">K\u00fcresel mente\u015fe\u00a0<\/td>\n<\/tr>\n<tr>\n<td class=\"et3\" width=\"260\" height=\"19\">K3V112<\/td>\n<td class=\"et3\" width=\"268\" height=\"19\">K\u00fcresel mente\u015fe\u00a0<\/td>\n<\/tr>\n<tr>\n<td class=\"et3\" width=\"260\" height=\"19\">K3V140<\/td>\n<td class=\"et3\" width=\"268\" height=\"19\">K\u00fcresel mente\u015fe\u00a0<\/td>\n<\/tr>\n<tr>\n<td class=\"et3\" width=\"260\" height=\"19\">K3V180<\/td>\n<td class=\"et3\" width=\"268\" height=\"19\">K\u00fcresel mente\u015fe\u00a0<\/td>\n<\/tr>\n<tr>\n<td class=\"et3\" width=\"260\" height=\"19\">K3V63<\/td>\n<td class=\"et3\" width=\"268\" height=\"19\">Silindir+Vana Plakas\u0131<\/td>\n<\/tr>\n<tr>\n<td class=\"et3\" width=\"260\" height=\"19\">K3V112<\/td>\n<td class=\"et3\" width=\"268\" height=\"19\">Silindir+Vana Plakas\u0131<\/td>\n<\/tr>\n<tr>\n<td class=\"et3\" width=\"260\" height=\"19\">K5V140<\/td>\n<td class=\"et3\" width=\"268\" height=\"19\">Silindir+Vana Plakas\u0131<\/td>\n<\/tr>\n<tr>\n<td class=\"et3\" width=\"260\" height=\"19\">K3V140<\/td>\n<td class=\"et3\" width=\"268\" height=\"19\">Silindir+Vana Plakas\u0131<\/td>\n<\/tr>\n<tr>\n<td class=\"et3\" width=\"260\" height=\"19\">K3V180\/K5V200<\/td>\n<td class=\"et3\" width=\"268\" height=\"19\">Silindir+Vana Plakas\u0131<\/td>\n<\/tr>\n<tr>\n<td class=\"et3\" width=\"260\" height=\"19\">K3V63\/K5V80<\/td>\n<td class=\"et3\" width=\"268\" height=\"19\">Piston<\/td>\n<\/tr>\n<tr>\n<td class=\"et3\" width=\"260\" height=\"19\">K3V112<\/td>\n<td class=\"et3\" width=\"268\" height=\"19\">Piston<\/td>\n<\/tr>\n<tr>\n<td class=\"et3\" width=\"260\" height=\"19\">K5V140<\/td>\n<td class=\"et3\" width=\"268\" height=\"19\">Piston<\/td>\n<\/tr>\n<tr>\n<td class=\"et3\" width=\"260\" height=\"19\">K3V140<\/td>\n<td class=\"et3\" width=\"268\" height=\"19\">Piston<\/td>\n<\/tr>\n<tr>\n<td class=\"et3\" width=\"260\" height=\"19\">K3V180<\/td>\n<td class=\"et3\" width=\"268\" height=\"19\">Piston<\/td>\n<\/tr>\n<tr>\n<td class=\"et3\" width=\"260\" height=\"19\">K5V200<\/td>\n<td class=\"et3\" width=\"268\" height=\"19\">Piston<\/td>\n<\/tr>\n<tr>\n<td class=\"et3\" width=\"260\" height=\"19\">K3V63\/K5V80<\/td>\n<td class=\"et3\" width=\"268\" height=\"19\">E\u011fik plaka+ E\u011fik plaka yuvas\u0131\u00a0<\/td>\n<\/tr>\n<tr>\n<td class=\"et3\" width=\"260\" height=\"19\">K3V112<\/td>\n<td class=\"et3\" width=\"268\" height=\"19\">E\u011fik plaka+ E\u011fik plaka yuvas\u0131\u00a0<\/td>\n<\/tr>\n<tr>\n<td class=\"et3\" width=\"260\" height=\"19\">K5V140<\/td>\n<td class=\"et3\" width=\"268\" height=\"19\">E\u011fik plaka+ E\u011fik plaka yuvas\u0131\u00a0<\/td>\n<\/tr>\n<tr>\n<td class=\"et3\" width=\"260\" height=\"19\">K3V140<\/td>\n<td class=\"et3\" width=\"268\" height=\"19\">E\u011fik plaka+ E\u011fik plaka yuvas\u0131\u00a0<\/td>\n<\/tr>\n<tr>\n<td class=\"et3\" width=\"260\" height=\"19\">K3V112DT<\/td>\n<td class=\"et3\" width=\"268\" height=\"19\">9N Ayar Vanas\u0131<\/td>\n<\/tr>\n<tr>\n<td class=\"et3\" width=\"260\" height=\"19\">K3V112DT<\/td>\n<td class=\"et3\" width=\"268\" height=\"19\">9C Ayar Vanas\u0131<\/td>\n<\/tr>\n<tr>\n<td class=\"et3\" width=\"260\" height=\"19\">K3V112DT<\/td>\n<td class=\"et3\" width=\"268\" height=\"19\">HN Ayar Vanas\u0131<\/td>\n<\/tr>\n<tr>\n<td class=\"et3\" width=\"260\" height=\"19\">K3V140DT<\/td>\n<td class=\"et3\" width=\"268\" height=\"19\">9C Ayar Vanas\u0131<\/td>\n<\/tr>\n<tr>\n<td class=\"et3\" width=\"260\" height=\"19\">K3V140DT<\/td>\n<td class=\"et3\" width=\"268\" height=\"19\">HN Ayar Vanas\u0131<\/td>\n<\/tr>\n<tr>\n<td class=\"et3\" width=\"260\" height=\"19\">K5V80S<\/td>\n<td class=\"et3\" width=\"268\" height=\"19\">0E Ayar Vanas\u0131<\/td>\n<\/tr>\n<tr>\n<td class=\"et3\" width=\"260\" height=\"19\">K5V140S<\/td>\n<td class=\"et3\" width=\"268\" height=\"19\">0E Ayar Vanas\u0131<\/td>\n<\/tr>\n<tr>\n<td class=\"et3\" width=\"260\" height=\"19\">K5V200S<\/td>\n<td class=\"et3\" width=\"268\" height=\"19\">0E Ayar Vanas\u0131<\/td>\n<\/tr>\n<tr>\n<td class=\"et3\" width=\"260\" height=\"19\">K3V112S<\/td>\n<td class=\"et3\" width=\"268\" height=\"19\">0E Ayar Vanas\u0131<\/td>\n<\/tr>\n<tr>\n<td class=\"et3\" width=\"260\" height=\"19\">K5V80DT<\/td>\n<td class=\"et3\" width=\"268\" height=\"19\">0E Ayar Vanas\u0131<\/td>\n<\/tr>\n<tr>\n<td class=\"et3\" width=\"260\" height=\"19\">K3V112DT<\/td>\n<td class=\"et3\" width=\"268\" height=\"19\">5E Ayar Vanas\u0131<\/td>\n<\/tr>\n<tr>\n<td class=\"et3\" width=\"260\" height=\"19\">K5V140DT<\/td>\n<td class=\"et3\" width=\"268\" height=\"19\">5E Ayar Vanas\u0131<\/td>\n<\/tr>\n<tr>\n<td class=\"et3\" width=\"260\" height=\"19\">K3V112DT<\/td>\n<td class=\"et3\" width=\"268\" height=\"19\">1E Ayar Vanas\u0131<\/td>\n<\/tr>\n<tr>\n<td class=\"et3\" width=\"260\" height=\"19\">K5V140DT<\/td>\n<td class=\"et3\" width=\"268\" height=\"19\">1E Ayar Vanas\u0131<\/td>\n<\/tr>\n<tr>\n<td class=\"et3\" width=\"260\" height=\"19\">K3V112DT<\/td>\n<td class=\"et3\" width=\"268\" height=\"19\">9T Ayar Vanas\u0131<\/td>\n<\/tr>\n<tr>\n<td class=\"et3\" width=\"260\" height=\"19\">K3V112DT<\/td>\n<td class=\"et3\" width=\"268\" height=\"19\">YT Ayar Vanas\u0131<\/td>\n<\/tr>\n<tr>\n<td class=\"et3\" width=\"260\" height=\"19\">K5V140DT<\/td>\n<td class=\"et3\" width=\"268\" height=\"19\">9T Ayar Vanas\u0131<\/td>\n<\/tr>\n<tr>\n<td class=\"et3\" width=\"260\" height=\"19\">K5V140DT<\/td>\n<td class=\"et3\" width=\"268\" height=\"19\">YT Ayar Vanas\u0131<\/td>\n<\/tr>\n<tr>\n<td class=\"et3\" width=\"260\" height=\"19\">V0009277998KD<\/td>\n<td class=\"et3\" width=\"268\" height=\"19\">Oranlama Valfi<\/td>\n<\/tr>\n<tr>\n<td class=\"et3\" width=\"260\" height=\"19\">V9406235760KD<\/td>\n<td class=\"et3\" width=\"268\" height=\"19\">Oranlama Valfi<\/td>\n<\/tr>\n<tr>\n<td class=\"et3\" width=\"260\" height=\"19\">V9406285784KD<\/td>\n<td class=\"et3\" width=\"268\" height=\"19\">\n<p>Oranlama Valfi<\/p>\n<\/td>\n<\/tr>\n<\/tbody>\n<\/table>\n<p><img fetchpriority=\"high\" decoding=\"async\" class=\"alignnone wp-image-6897 size-full\" src=\"https:\/\/www.excavatorenginepart.com\/wp-content\/uploads\/2022\/04\/PC200-6-708-25-01084-Komatsu-Excavator-Hydraulic-Pump-01.jpg\" alt=\"\" width=\"593\" height=\"569\" srcset=\"https:\/\/www.excavatorenginepart.com\/wp-content\/uploads\/2022\/04\/PC200-6-708-25-01084-Komatsu-Excavator-Hydraulic-Pump-01.jpg 593w, https:\/\/www.excavatorenginepart.com\/wp-content\/uploads\/2022\/04\/PC200-6-708-25-01084-Komatsu-Excavator-Hydraulic-Pump-01-300x288.jpg 300w\" sizes=\"(max-width: 593px) 100vw, 593px\" \/><\/p>\n<p><strong>PC56-7 Komatsu Excavator Hydraulic Pumps<\/strong><\/p>\n<p><img decoding=\"async\" class=\"alignnone wp-image-6898 size-full\" src=\"https:\/\/www.excavatorenginepart.com\/wp-content\/uploads\/2022\/04\/PC200-6-708-25-01084-Komatsu-Excavator-Hydraulic-Pump-02.jpg\" alt=\"\" width=\"596\" height=\"592\" srcset=\"https:\/\/www.excavatorenginepart.com\/wp-content\/uploads\/2022\/04\/PC200-6-708-25-01084-Komatsu-Excavator-Hydraulic-Pump-02.jpg 596w, https:\/\/www.excavatorenginepart.com\/wp-content\/uploads\/2022\/04\/PC200-6-708-25-01084-Komatsu-Excavator-Hydraulic-Pump-02-300x298.jpg 300w, https:\/\/www.excavatorenginepart.com\/wp-content\/uploads\/2022\/04\/PC200-6-708-25-01084-Komatsu-Excavator-Hydraulic-Pump-02-150x150.jpg 150w\" sizes=\"(max-width: 596px) 100vw, 596px\" \/><\/p>\n<p><strong>PC200-8,PC300-7,PC360-7,PC400-7,PC450-7 Hydraulic Pump<\/strong><\/p>","protected":false},"excerpt":{"rendered":"<p>PC200-3 708-25-01084\u00a0\u00a0Komatsu Excavator Main Pump PC200-6 Hydraulic Pump\u00a0 PC220-3\u00a0708-25-10101\u00a0Komatsu Excavator Main Pump PC220-6\u00a0\u00a0Hydraulic Pump Assembly\u00a0 PC200-3 708-25-01084\u00a0 Komatsu Excavator Main Pump\u00a0\u00a0of PC200-3 Komatus excavators is made of Janpan or Korea. The \u00a0operating principle of\u00a0Excavator Main pump\u00a0: The input shaft of the hydraulic pump is connected to a cylinder, called cylinder block, in which there are [&hellip;]<\/p>","protected":false},"featured_media":6896,"menu_order":0,"comment_status":"closed","ping_status":"closed","template":"","meta":{"_seopress_robots_primary_cat":"","_seopress_titles_title":"","_seopress_titles_desc":"","_seopress_robots_index":"","om_disable_all_campaigns":false,"_mi_skip_tracking":false,"_monsterinsights_sitenote_active":false,"_monsterinsights_sitenote_note":"","_monsterinsights_sitenote_category":0},"product_cat":[],"product_tag":[],"product_category":[111],"class_list":{"0":"post-6895","1":"product","2":"type-product","3":"status-publish","4":"has-post-thumbnail","6":"product_category-excavator-hydraulic-pump","8":"first","9":"instock","10":"shipping-taxable","11":"product-type-simple"},"acf":[],"_links":{"self":[{"href":"https:\/\/www.excavatorenginepart.com\/tr\/wp-json\/wp\/v2\/product\/6895","targetHints":{"allow":["GET"]}}],"collection":[{"href":"https:\/\/www.excavatorenginepart.com\/tr\/wp-json\/wp\/v2\/product"}],"about":[{"href":"https:\/\/www.excavatorenginepart.com\/tr\/wp-json\/wp\/v2\/types\/product"}],"replies":[{"embeddable":true,"href":"https:\/\/www.excavatorenginepart.com\/tr\/wp-json\/wp\/v2\/comments?post=6895"}],"wp:featuredmedia":[{"embeddable":true,"href":"https:\/\/www.excavatorenginepart.com\/tr\/wp-json\/wp\/v2\/media\/6896"}],"wp:attachment":[{"href":"https:\/\/www.excavatorenginepart.com\/tr\/wp-json\/wp\/v2\/media?parent=6895"}],"wp:term":[{"taxonomy":"product_cat","embeddable":true,"href":"https:\/\/www.excavatorenginepart.com\/tr\/wp-json\/wp\/v2\/product_cat?post=6895"},{"taxonomy":"product_tag","embeddable":true,"href":"https:\/\/www.excavatorenginepart.com\/tr\/wp-json\/wp\/v2\/product_tag?post=6895"},{"taxonomy":"product_category","embeddable":true,"href":"https:\/\/www.excavatorenginepart.com\/tr\/wp-json\/wp\/v2\/product_category?post=6895"}],"curies":[{"name":"wp","href":"https:\/\/api.w.org\/{rel}","templated":true}]}}