{"id":6831,"date":"2022-04-22T03:50:38","date_gmt":"2022-04-22T03:50:38","guid":{"rendered":"https:\/\/www.excavatorenginepart.com\/?post_type=product&#038;p=6831"},"modified":"2022-04-22T03:50:38","modified_gmt":"2022-04-22T03:50:38","slug":"xcmg-loader-parts-working-hydraulic-pump-860116129","status":"publish","type":"product","link":"https:\/\/www.excavatorenginepart.com\/tr\/product\/xcmg-loader-parts-working-hydraulic-pump-860116129\/","title":{"rendered":"XCMG Y\u00fckleyici Par\u00e7alar\u0131 \u00c7al\u0131\u015fma Hidrolik Pompas\u0131 860116129"},"content":{"rendered":"<p>XCMG Y\u00fckleyici Par\u00e7alar\u0131 \u00c7al\u0131\u015fma Hidrolik Pompas\u0131 860116129\u00a0<\/p>\n<p><strong>Working Hydraulic Pump 860116129<\/strong>\u00a0is\u00a0fitting on X<strong>CMG Loder Consturction Mahinery Equipment<\/strong>\u00a0.\u00a0Xuzhou construction machinery group co., LTD., established in March 1989, 25 years keep vanguard position, China construction machinery industry is currently the world&#8217;s fifth engineering machinery industry, 150 China top 500 enterprises, China top 500 manufacturing at 55, is China&#8217;s largest construction machinery industry, a series of varieties of products and the most complete, the most competitive and the influence of the large enterprise groups. We are deal with\u00a0<strong>Diesel Engines,<\/strong>\u00a0<strong>Engine Spare Parts<\/strong><strong>\u00a0,<\/strong>\u00a0OEM and replacement Engine spare parts , Shantui bulldozer Parts , DSE contoller \u00a0and Excavator Final drive ,Hydraulic pump ,travel motors . Have any questons,Please contact with our saling \u00a0engineer . \u00a0\u00a0<\/p>\n<p>Working Hydraulic Pump 860116129 Specifications\u00a0<\/p>\n<p>Parts Number With XCMG : 860116129\u00a0<\/p>\n<p>Parts Name :\u00a0Working Hydraulic Pump\u00a0<\/p>\n<p>Pump Model : CBJ2100 ZC0070032\u00a0<\/p>\n<p>Applications : Consturction Machinery Equipment of \u00a0SDLG, XCMG, XGMA, Liugong Lonking Loder Parts\u00a0<\/p>\n<p>Unit weight : 20 KG\u00a0<\/p>\n<p>Sense Of Rotation: Right\u00a0<\/p>\n<p>Displacement : 21L\u00a0<\/p>\n<p>Transmission Type : Gear Pump<\/p>\n<p><img fetchpriority=\"high\" decoding=\"async\" class=\"alignnone wp-image-6833 size-full\" src=\"https:\/\/www.excavatorenginepart.com\/wp-content\/uploads\/2022\/04\/XCMG-Loader-Parts-Working-Hydraulic-Pump-860116129-02.jpg\" alt=\"\" width=\"584\" height=\"549\" srcset=\"https:\/\/www.excavatorenginepart.com\/wp-content\/uploads\/2022\/04\/XCMG-Loader-Parts-Working-Hydraulic-Pump-860116129-02.jpg 584w, https:\/\/www.excavatorenginepart.com\/wp-content\/uploads\/2022\/04\/XCMG-Loader-Parts-Working-Hydraulic-Pump-860116129-02-300x282.jpg 300w\" sizes=\"(max-width: 584px) 100vw, 584px\" \/><\/p>\n<p>Working pumps 860116129 ZC0070032 CBGJ2100<\/p>","protected":false},"excerpt":{"rendered":"<p>XCMG Loader Parts Working Hydraulic Pump 860116129\u00a0 Working Hydraulic Pump 860116129\u00a0is\u00a0fitting on XCMG Loder Consturction Mahinery Equipment\u00a0.\u00a0Xuzhou construction machinery group co., LTD., established in March 1989, 25 years keep vanguard position, China construction machinery industry is currently the world&#8217;s fifth engineering machinery industry, 150 China top 500 enterprises, China top 500 manufacturing at 55, is [&hellip;]<\/p>","protected":false},"featured_media":6832,"menu_order":0,"comment_status":"closed","ping_status":"closed","template":"","meta":{"_seopress_robots_primary_cat":"","_seopress_titles_title":"","_seopress_titles_desc":"","_seopress_robots_index":"","om_disable_all_campaigns":false,"_mi_skip_tracking":false,"_monsterinsights_sitenote_active":false,"_monsterinsights_sitenote_note":"","_monsterinsights_sitenote_category":0},"product_cat":[],"product_tag":[],"product_category":[125],"class_list":{"0":"post-6831","1":"product","2":"type-product","3":"status-publish","4":"has-post-thumbnail","6":"product_category-xcmg-loader-parts","8":"first","9":"instock","10":"shipping-taxable","11":"product-type-simple"},"acf":[],"_links":{"self":[{"href":"https:\/\/www.excavatorenginepart.com\/tr\/wp-json\/wp\/v2\/product\/6831","targetHints":{"allow":["GET"]}}],"collection":[{"href":"https:\/\/www.excavatorenginepart.com\/tr\/wp-json\/wp\/v2\/product"}],"about":[{"href":"https:\/\/www.excavatorenginepart.com\/tr\/wp-json\/wp\/v2\/types\/product"}],"replies":[{"embeddable":true,"href":"https:\/\/www.excavatorenginepart.com\/tr\/wp-json\/wp\/v2\/comments?post=6831"}],"wp:featuredmedia":[{"embeddable":true,"href":"https:\/\/www.excavatorenginepart.com\/tr\/wp-json\/wp\/v2\/media\/6832"}],"wp:attachment":[{"href":"https:\/\/www.excavatorenginepart.com\/tr\/wp-json\/wp\/v2\/media?parent=6831"}],"wp:term":[{"taxonomy":"product_cat","embeddable":true,"href":"https:\/\/www.excavatorenginepart.com\/tr\/wp-json\/wp\/v2\/product_cat?post=6831"},{"taxonomy":"product_tag","embeddable":true,"href":"https:\/\/www.excavatorenginepart.com\/tr\/wp-json\/wp\/v2\/product_tag?post=6831"},{"taxonomy":"product_category","embeddable":true,"href":"https:\/\/www.excavatorenginepart.com\/tr\/wp-json\/wp\/v2\/product_category?post=6831"}],"curies":[{"name":"wp","href":"https:\/\/api.w.org\/{rel}","templated":true}]}}