{"id":6806,"date":"2022-04-22T02:53:52","date_gmt":"2022-04-22T02:53:52","guid":{"rendered":"https:\/\/www.excavatorenginepart.com\/?post_type=product&#038;p=6806"},"modified":"2022-04-22T02:53:52","modified_gmt":"2022-04-22T02:53:52","slug":"lonking-wheel-loader-parts-wiper-motor-zd2332a","status":"publish","type":"product","link":"https:\/\/www.excavatorenginepart.com\/tr\/product\/lonking-tekerlek-yukleyici-parcalari-silecek-motoru-zd2332a\/","title":{"rendered":"Lonking Lastikli Y\u00fckleyici Par\u00e7alar\u0131 Silecek Motoru ZD2332A"},"content":{"rendered":"<p>Lonking Lastikli Y\u00fckleyici Par\u00e7alar\u0131 Silecek Motoru ZD2332A<\/p>\n<p><strong>Silecek Motoru ZD2332A<\/strong>\u00a0\u00fczerinde uygun\u00a0<strong>Lonking CDM856 Lastikli Y\u00fckleyici<\/strong>\u00a0Fujian \u00c7in'de \u00fcretilmi\u015ftir. Fujian ba\u011flant\u0131 par\u00e7alar\u0131 \u015firketi orijinal fabrika ba\u011flant\u0131 par\u00e7alar\u0131 ambalaj\u0131na standardizasyon ger\u00e7ekle\u015ftirdi, ambalaj ejderha end\u00fcstrisi ve ticaret standard\u0131n\u0131 ve g\u00f6r\u00fcn\u00fcm tasar\u0131m\u0131n\u0131 benimsedi, i\u015faretleme, kutu, ah\u015fap kutu ve benzeri ambalaj formu arac\u0131l\u0131\u011f\u0131yla \"ejderha i\u015fi\" \u00f6zel ve saf par\u00e7a imaj\u0131n\u0131 g\u00f6sterdi. \u015eangay, longyan, fujian, henan ve jiangxi'de bulunan longgong y\u00fckleyicinin \u00fc\u00e7 ana \u00fcretim \u00fcss\u00fc vard\u0131r. Lonking y\u00fckleyici, China longgong holdings co, LTD taraf\u0131ndan geli\u015ftirilmi\u015f ve \u00fcretilmi\u015ftir. \u00dcr\u00fcnleri kayar y\u00fckleyici, k\u00fc\u00e7\u00fck y\u00fckleyici, ta\u015f \u00e7atall\u0131 y\u00fckleyici, 30 y\u00fckleyici, 40 y\u00fckleyici, 50 y\u00fckleyici, 60 y\u00fckleyici, 7 serisi ve yakla\u015f\u0131k 30 tip y\u00fckleyici olarak ikiye ayr\u0131l\u0131r. Biz sa\u011flayabilir\u00a0<strong>Orijinal<\/strong><strong>\u00a0Lonking Y\u00fckleyici Yedek Par\u00e7alar\u0131<\/strong>\u00a0Motor par\u00e7alar\u0131 ve y\u00fcr\u00fcyen aksam par\u00e7alar\u0131.\u00a0<\/p>\n<p>Silecek Motoru ZD2332A teknik \u00f6zellikleri\u00a0<\/p>\n<p>Men\u015fe Yeri: Fujian, \u00c7in (Anakara)<br \/>\nMarka ad\u0131: LONKING<br \/>\nModel Numaras\u0131: LG853<br \/>\nDurum: yeni<br \/>\nAdedi: 1 adet<br \/>\nPaketleme Standart ihracat paketi\u00a0<\/p>\n<p>Lonking Y\u00fckleyici Modeli\u00a0<\/p>\n<p>60 serisi: LG860, LG862<br \/>\n50 serisi: LG855B (y\u00fcksek damperli kral), LG850D, LG853D (kaya kral\u0131), LG853DH, LG855D, ZL50C.<br \/>\n40 serisi: LG843.<br \/>\n30 serisi: LG833B (y\u00fcksek bo\u015faltma kral\u0131), LG833G.<br \/>\nTa\u015f \u00e7atall\u0131 y\u00fckleyici: CDM855W.<br \/>\nK\u00fc\u00e7\u00fck y\u00fckleyici<br \/>\nD serisi: LG825T, LG823D, LG818D, LG816D, LG812D, LG825D, LG810D<br \/>\nA serisi: LG8012 LG8016 LG8020A, LG8025A, LG8025B, LG8030B.<br \/>\nKayar y\u00fckleyiciler: LG307, LG308, LG312.\u00a0<\/p>\n<p><img fetchpriority=\"high\" decoding=\"async\" class=\"alignnone wp-image-6808 size-full\" src=\"https:\/\/www.excavatorenginepart.com\/wp-content\/uploads\/2022\/04\/Lonking-Wheel-Loader-Parts-Wiper-Motor-ZD2332A-01.jpg\" alt=\"\" width=\"578\" height=\"544\" srcset=\"https:\/\/www.excavatorenginepart.com\/wp-content\/uploads\/2022\/04\/Lonking-Wheel-Loader-Parts-Wiper-Motor-ZD2332A-01.jpg 578w, https:\/\/www.excavatorenginepart.com\/wp-content\/uploads\/2022\/04\/Lonking-Wheel-Loader-Parts-Wiper-Motor-ZD2332A-01-300x282.jpg 300w\" sizes=\"(max-width: 578px) 100vw, 578px\" \/><\/p>\n<p><strong>Lonking 855B Lastikli Y\u00fckleyici Par\u00e7alar\u0131 Silecek Motoru ZD2332A 24V 80W<\/strong><\/p>","protected":false},"excerpt":{"rendered":"<p>Lonking Wheel Loader Parts Wiper Motor \u00a0ZD2332A Wiper Motor \u00a0ZD2332A\u00a0is fitting on\u00a0Lonking CDM856\u00a0Wheel Loader\u00a0made in Fujian China .\u00a0Fujian fittings company carried out standardization to the original factory fittings packing, the packing has adopted the dragon industry and commerce standard and the appearance design, through the marking, the box, the wooden box and so on packing [&hellip;]<\/p>","protected":false},"featured_media":6807,"menu_order":0,"comment_status":"closed","ping_status":"closed","template":"","meta":{"_seopress_robots_primary_cat":"","_seopress_titles_title":"","_seopress_titles_desc":"","_seopress_robots_index":"","om_disable_all_campaigns":false,"_mi_skip_tracking":false,"_monsterinsights_sitenote_active":false,"_monsterinsights_sitenote_note":"","_monsterinsights_sitenote_category":0},"product_cat":[],"product_tag":[],"product_category":[126],"class_list":{"0":"post-6806","1":"product","2":"type-product","3":"status-publish","4":"has-post-thumbnail","6":"product_category-lonking-loader-parts","8":"first","9":"instock","10":"shipping-taxable","11":"product-type-simple"},"acf":[],"_links":{"self":[{"href":"https:\/\/www.excavatorenginepart.com\/tr\/wp-json\/wp\/v2\/product\/6806","targetHints":{"allow":["GET"]}}],"collection":[{"href":"https:\/\/www.excavatorenginepart.com\/tr\/wp-json\/wp\/v2\/product"}],"about":[{"href":"https:\/\/www.excavatorenginepart.com\/tr\/wp-json\/wp\/v2\/types\/product"}],"replies":[{"embeddable":true,"href":"https:\/\/www.excavatorenginepart.com\/tr\/wp-json\/wp\/v2\/comments?post=6806"}],"wp:featuredmedia":[{"embeddable":true,"href":"https:\/\/www.excavatorenginepart.com\/tr\/wp-json\/wp\/v2\/media\/6807"}],"wp:attachment":[{"href":"https:\/\/www.excavatorenginepart.com\/tr\/wp-json\/wp\/v2\/media?parent=6806"}],"wp:term":[{"taxonomy":"product_cat","embeddable":true,"href":"https:\/\/www.excavatorenginepart.com\/tr\/wp-json\/wp\/v2\/product_cat?post=6806"},{"taxonomy":"product_tag","embeddable":true,"href":"https:\/\/www.excavatorenginepart.com\/tr\/wp-json\/wp\/v2\/product_tag?post=6806"},{"taxonomy":"product_category","embeddable":true,"href":"https:\/\/www.excavatorenginepart.com\/tr\/wp-json\/wp\/v2\/product_category?post=6806"}],"curies":[{"name":"wp","href":"https:\/\/api.w.org\/{rel}","templated":true}]}}