{"id":3214,"date":"2020-07-21T16:36:28","date_gmt":"2020-07-21T16:36:28","guid":{"rendered":"http:\/\/wordpress-516195-1639741.cloudwaysapps.com\/?page_id=3214"},"modified":"2023-08-14T08:20:26","modified_gmt":"2023-08-14T08:20:26","slug":"about-us","status":"publish","type":"page","link":"https:\/\/www.excavatorenginepart.com\/tr\/hakkimizda\/","title":{"rendered":"Hakk\u0131m\u0131zda"},"content":{"rendered":"<div data-elementor-type=\"wp-page\" data-elementor-id=\"3214\" class=\"elementor elementor-3214\">\n\t\t\t\t\t\t<section class=\"elementor-section elementor-top-section elementor-element elementor-element-314c8877 elementor-section-height-min-height elementor-section-full_width elementor-section-height-default elementor-section-items-middle\" data-id=\"314c8877\" data-element_type=\"section\" data-settings=\"{&quot;background_background&quot;:&quot;classic&quot;,&quot;background_motion_fx_motion_fx_scrolling&quot;:&quot;yes&quot;,&quot;background_motion_fx_devices&quot;:[&quot;desktop&quot;,&quot;tablet&quot;,&quot;mobile&quot;]}\">\n\t\t\t\t\t\t\t<div class=\"elementor-background-overlay\"><\/div>\n\t\t\t\t\t\t\t<div class=\"elementor-container elementor-column-gap-wider\">\n\t\t\t\t\t<div class=\"elementor-column elementor-col-100 elementor-top-column elementor-element elementor-element-29b3e780\" data-id=\"29b3e780\" data-element_type=\"column\">\n\t\t\t<div class=\"elementor-widget-wrap elementor-element-populated\">\n\t\t\t\t\t\t<section class=\"elementor-section elementor-inner-section elementor-element elementor-element-4aeeeb75 elementor-section-boxed elementor-section-height-default elementor-section-height-default\" data-id=\"4aeeeb75\" data-element_type=\"section\">\n\t\t\t\t\t\t<div class=\"elementor-container elementor-column-gap-no\">\n\t\t\t\t\t<div class=\"elementor-column elementor-col-100 elementor-inner-column elementor-element elementor-element-6c75e692\" data-id=\"6c75e692\" data-element_type=\"column\">\n\t\t\t<div class=\"elementor-widget-wrap elementor-element-populated\">\n\t\t\t\t\t\t<div class=\"elementor-element elementor-element-400193d2 elementor-widget elementor-widget-theme-post-title elementor-page-title elementor-widget-heading\" data-id=\"400193d2\" data-element_type=\"widget\" data-settings=\"{&quot;_animation&quot;:&quot;none&quot;,&quot;_animation_delay&quot;:600}\" data-widget_type=\"theme-post-title.default\">\n\t\t\t\t<div class=\"elementor-widget-container\">\n\t\t\t<h1 class=\"elementor-heading-title elementor-size-default\">Hakk\u0131m\u0131zda<\/h1>\t\t<\/div>\n\t\t\t\t<\/div>\n\t\t\t\t\t<\/div>\n\t\t<\/div>\n\t\t\t\t\t<\/div>\n\t\t<\/section>\n\t\t\t\t\t<\/div>\n\t\t<\/div>\n\t\t\t\t\t<\/div>\n\t\t<\/section>\n\t\t\t\t<section class=\"elementor-section elementor-top-section elementor-element elementor-element-2df74630 elementor-section-content-middle elementor-section-boxed elementor-section-height-default elementor-section-height-default\" data-id=\"2df74630\" data-element_type=\"section\">\n\t\t\t\t\t\t<div class=\"elementor-container elementor-column-gap-default\">\n\t\t\t\t\t<div class=\"elementor-column elementor-col-50 elementor-top-column elementor-element elementor-element-24e30ff5\" data-id=\"24e30ff5\" data-element_type=\"column\">\n\t\t\t<div class=\"elementor-widget-wrap elementor-element-populated\">\n\t\t\t\t\t\t<div class=\"elementor-element elementor-element-5ab9dd57 elementor-widget elementor-widget-heading\" data-id=\"5ab9dd57\" data-element_type=\"widget\" data-widget_type=\"heading.default\">\n\t\t\t\t<div class=\"elementor-widget-container\">\n\t\t\t<h5 class=\"elementor-heading-title elementor-size-default\">Hakk\u0131m\u0131zda<\/h5>\t\t<\/div>\n\t\t\t\t<\/div>\n\t\t\t\t<div class=\"elementor-element elementor-element-c56d363 elementor-widget elementor-widget-heading\" data-id=\"c56d363\" data-element_type=\"widget\" data-widget_type=\"heading.default\">\n\t\t\t\t<div class=\"elementor-widget-container\">\n\t\t\t<h2 class=\"elementor-heading-title elementor-size-default\">Biz Kimiz<\/h2>\t\t<\/div>\n\t\t\t\t<\/div>\n\t\t\t\t<div class=\"elementor-element elementor-element-4495b78e elementor-widget elementor-widget-text-editor\" data-id=\"4495b78e\" data-element_type=\"widget\" data-widget_type=\"text-editor.default\">\n\t\t\t\t<div class=\"elementor-widget-container\">\n\t\t\t\t\t\t\t<p>Cummins, Volvo, Caterpillar, Komatsu, Deutz, Yanmar, Kubota, Isuzu Motorlar\u0131 dahil olmak \u00fczere Motor Markas\u0131, Orijinal ve Yedek Motor ve Motor Yedek Par\u00e7alar\u0131 \u0130malat\u0131m\u0131z mevcuttur.&nbsp;<\/p><p>Ekskavat\u00f6r Yedek Par\u00e7alar\u0131, Ekskavat\u00f6r Hidrolik Sistem Fabrikas\u0131y\u0131z, Ekskavat\u00f6r Ana Pompas\u0131, Ekskavat\u00f6r Nihai Tahrik, Ekskavat\u00f6r Konstrol Valfi, Sal\u0131ncak Motoru vb.&nbsp;<\/p>\t\t\t\t\t\t<\/div>\n\t\t\t\t<\/div>\n\t\t\t\t\t<\/div>\n\t\t<\/div>\n\t\t\t\t<div class=\"elementor-column elementor-col-50 elementor-top-column elementor-element elementor-element-7d981102\" data-id=\"7d981102\" data-element_type=\"column\">\n\t\t\t<div class=\"elementor-widget-wrap elementor-element-populated\">\n\t\t\t\t\t\t<div class=\"elementor-element elementor-element-254b8432 elementor-widget elementor-widget-image\" data-id=\"254b8432\" data-element_type=\"widget\" data-widget_type=\"image.default\">\n\t\t\t\t<div class=\"elementor-widget-container\">\n\t\t\t\t\t\t\t\t\t\t\t\t\t<img fetchpriority=\"high\" decoding=\"async\" width=\"506\" height=\"408\" src=\"https:\/\/www.excavatorenginepart.com\/wp-content\/uploads\/2022\/06\/about-03.jpg\" class=\"attachment-full size-full wp-image-7119\" alt=\"\" srcset=\"https:\/\/www.excavatorenginepart.com\/wp-content\/uploads\/2022\/06\/about-03.jpg 506w, https:\/\/www.excavatorenginepart.com\/wp-content\/uploads\/2022\/06\/about-03-300x242.jpg 300w\" sizes=\"(max-width: 506px) 100vw, 506px\" \/>\t\t\t\t\t\t\t\t\t\t\t\t\t<\/div>\n\t\t\t\t<\/div>\n\t\t\t\t\t<\/div>\n\t\t<\/div>\n\t\t\t\t\t<\/div>\n\t\t<\/section>\n\t\t\t\t<section class=\"elementor-section elementor-top-section elementor-element elementor-element-31612581 elementor-section-boxed elementor-section-height-default elementor-section-height-default\" data-id=\"31612581\" data-element_type=\"section\" data-settings=\"{&quot;background_background&quot;:&quot;classic&quot;,&quot;animation&quot;:&quot;none&quot;}\">\n\t\t\t\t\t\t\t<div class=\"elementor-background-overlay\"><\/div>\n\t\t\t\t\t\t\t<div class=\"elementor-container elementor-column-gap-default\">\n\t\t\t\t\t<div class=\"elementor-column elementor-col-100 elementor-top-column elementor-element elementor-element-42740c9c animated-slow\" data-id=\"42740c9c\" data-element_type=\"column\" data-settings=\"{&quot;animation&quot;:&quot;none&quot;}\">\n\t\t\t<div class=\"elementor-widget-wrap elementor-element-populated\">\n\t\t\t\t\t\t<div class=\"elementor-element elementor-element-2cca7127 elementor-widget elementor-widget-heading\" data-id=\"2cca7127\" data-element_type=\"widget\" data-settings=\"{&quot;_animation&quot;:&quot;none&quot;}\" data-widget_type=\"heading.default\">\n\t\t\t\t<div class=\"elementor-widget-container\">\n\t\t\t<h2 class=\"elementor-heading-title elementor-size-default\">25 Y\u0131l\u0131 A\u015fk\u0131n Tecr\u00fcbe ve \u0130\u015f Makineleri Ekipman Bilgisi \n<\/h2>\t\t<\/div>\n\t\t\t\t<\/div>\n\t\t\t\t<div class=\"elementor-element elementor-element-2ff452b5 elementor-widget elementor-widget-text-editor\" data-id=\"2ff452b5\" data-element_type=\"widget\" data-widget_type=\"text-editor.default\">\n\t\t\t\t<div class=\"elementor-widget-container\">\n\t\t\t\t\t\t\t<p>Ekskavat\u00f6r, Buldozer, Y\u00fckleyici, Pompa Kamyonu vb. \u0130\u00e7in \u0130n\u015faat Makineleri Yedek Par\u00e7alar\u0131&nbsp;<\/p>\t\t\t\t\t\t<\/div>\n\t\t\t\t<\/div>\n\t\t\t\t<div class=\"elementor-element elementor-element-8d1c2e0 elementor-align-center elementor-widget elementor-widget-button\" data-id=\"8d1c2e0\" data-element_type=\"widget\" data-widget_type=\"button.default\">\n\t\t\t\t<div class=\"elementor-widget-container\">\n\t\t\t\t\t<div class=\"elementor-button-wrapper\">\n\t\t\t<a class=\"elementor-button elementor-button-link elementor-size-lg\" href=\"#elementor-action:action=popup:open&settings=eyJpZCI6IjEyNjAiLCJ0b2dnbGUiOmZhbHNlfQ==\">\n\t\t\t\t\t\t<span class=\"elementor-button-content-wrapper\">\n\t\t\t\t\t\t\t\t\t<span class=\"elementor-button-text\">Teklif Al\u0131n<\/span>\n\t\t\t\t\t<\/span>\n\t\t\t\t\t<\/a>\n\t\t<\/div>\n\t\t\t\t<\/div>\n\t\t\t\t<\/div>\n\t\t\t\t\t<\/div>\n\t\t<\/div>\n\t\t\t\t\t<\/div>\n\t\t<\/section>\n\t\t\t\t<section class=\"elementor-section elementor-top-section elementor-element elementor-element-d39023e elementor-section-content-middle elementor-section-boxed elementor-section-height-default elementor-section-height-default\" data-id=\"d39023e\" data-element_type=\"section\">\n\t\t\t\t\t\t<div class=\"elementor-container elementor-column-gap-default\">\n\t\t\t\t\t<div class=\"elementor-column elementor-col-50 elementor-top-column elementor-element elementor-element-a8add44\" data-id=\"a8add44\" data-element_type=\"column\">\n\t\t\t<div class=\"elementor-widget-wrap elementor-element-populated\">\n\t\t\t\t\t\t<div class=\"elementor-element elementor-element-e5e1a13 elementor-widget elementor-widget-heading\" data-id=\"e5e1a13\" data-element_type=\"widget\" data-widget_type=\"heading.default\">\n\t\t\t\t<div class=\"elementor-widget-container\">\n\t\t\t<h5 class=\"elementor-heading-title elementor-size-default\">\u00dcretim<\/h5>\t\t<\/div>\n\t\t\t\t<\/div>\n\t\t\t\t<div class=\"elementor-element elementor-element-e95f894 elementor-widget elementor-widget-heading\" data-id=\"e95f894\" data-element_type=\"widget\" data-widget_type=\"heading.default\">\n\t\t\t\t<div class=\"elementor-widget-container\">\n\t\t\t<h2 class=\"elementor-heading-title elementor-size-default\">Tesisimiz \u0130\u015f Makineleri ile donat\u0131lm\u0131\u015ft\u0131r <\/h2>\t\t<\/div>\n\t\t\t\t<\/div>\n\t\t\t\t<div class=\"elementor-element elementor-element-4a726a8 elementor-widget elementor-widget-text-editor\" data-id=\"4a726a8\" data-element_type=\"widget\" data-widget_type=\"text-editor.default\">\n\t\t\t\t<div class=\"elementor-widget-container\">\n\t\t\t\t\t\t\t<p>Shantui, SDLG, Liugong, XCMG, Lonking, Sany, Zoomlion vb. \u0130n\u015faat Makineleri, Volvo, Caterpillar, Hitachi, Yanmar, Kubota, kebelo, Komatsu, Doosan, Ekskavat\u00f6rler i\u00e7in Ekskavat\u00f6r Yedek Par\u00e7alar\u0131&nbsp;<\/p>\t\t\t\t\t\t<\/div>\n\t\t\t\t<\/div>\n\t\t\t\t\t<\/div>\n\t\t<\/div>\n\t\t\t\t<div class=\"elementor-column elementor-col-50 elementor-top-column elementor-element elementor-element-da14f04\" data-id=\"da14f04\" data-element_type=\"column\">\n\t\t\t<div class=\"elementor-widget-wrap elementor-element-populated\">\n\t\t\t\t\t\t<div class=\"elementor-element elementor-element-1832185 elementor-widget elementor-widget-image\" data-id=\"1832185\" data-element_type=\"widget\" data-widget_type=\"image.default\">\n\t\t\t\t<div class=\"elementor-widget-container\">\n\t\t\t\t\t\t\t\t\t\t\t\t\t<img decoding=\"async\" width=\"600\" height=\"408\" src=\"https:\/\/www.excavatorenginepart.com\/wp-content\/uploads\/2022\/06\/about02.jpg\" class=\"attachment-full size-full wp-image-7120\" alt=\"\" srcset=\"https:\/\/www.excavatorenginepart.com\/wp-content\/uploads\/2022\/06\/about02.jpg 600w, https:\/\/www.excavatorenginepart.com\/wp-content\/uploads\/2022\/06\/about02-300x204.jpg 300w\" sizes=\"(max-width: 600px) 100vw, 600px\" \/>\t\t\t\t\t\t\t\t\t\t\t\t\t<\/div>\n\t\t\t\t<\/div>\n\t\t\t\t\t<\/div>\n\t\t<\/div>\n\t\t\t\t\t<\/div>\n\t\t<\/section>\n\t\t\t\t<section class=\"elementor-section elementor-top-section elementor-element elementor-element-1b30d70 elementor-section-content-middle elementor-reverse-mobile elementor-section-boxed elementor-section-height-default elementor-section-height-default\" data-id=\"1b30d70\" data-element_type=\"section\">\n\t\t\t\t\t\t<div class=\"elementor-container elementor-column-gap-default\">\n\t\t\t\t\t<div class=\"elementor-column elementor-col-50 elementor-top-column elementor-element elementor-element-4eed7a3\" data-id=\"4eed7a3\" data-element_type=\"column\">\n\t\t\t<div class=\"elementor-widget-wrap elementor-element-populated\">\n\t\t\t\t\t\t<div class=\"elementor-element elementor-element-f475983 elementor-widget elementor-widget-image\" data-id=\"f475983\" data-element_type=\"widget\" data-widget_type=\"image.default\">\n\t\t\t\t<div class=\"elementor-widget-container\">\n\t\t\t\t\t\t\t\t\t\t\t\t\t<img decoding=\"async\" width=\"600\" height=\"380\" src=\"https:\/\/www.excavatorenginepart.com\/wp-content\/uploads\/2022\/06\/about-01.jpg\" class=\"attachment-full size-full wp-image-7121\" alt=\"\" srcset=\"https:\/\/www.excavatorenginepart.com\/wp-content\/uploads\/2022\/06\/about-01.jpg 600w, https:\/\/www.excavatorenginepart.com\/wp-content\/uploads\/2022\/06\/about-01-300x190.jpg 300w\" sizes=\"(max-width: 600px) 100vw, 600px\" \/>\t\t\t\t\t\t\t\t\t\t\t\t\t<\/div>\n\t\t\t\t<\/div>\n\t\t\t\t\t<\/div>\n\t\t<\/div>\n\t\t\t\t<div class=\"elementor-column elementor-col-50 elementor-top-column elementor-element elementor-element-34be888\" data-id=\"34be888\" data-element_type=\"column\">\n\t\t\t<div class=\"elementor-widget-wrap elementor-element-populated\">\n\t\t\t\t\t\t<div class=\"elementor-element elementor-element-b3de033 elementor-widget elementor-widget-heading\" data-id=\"b3de033\" data-element_type=\"widget\" data-widget_type=\"heading.default\">\n\t\t\t\t<div class=\"elementor-widget-container\">\n\t\t\t<h5 class=\"elementor-heading-title elementor-size-default\">Kalite Kontrol<\/h5>\t\t<\/div>\n\t\t\t\t<\/div>\n\t\t\t\t<div class=\"elementor-element elementor-element-7eb047f elementor-widget elementor-widget-heading\" data-id=\"7eb047f\" data-element_type=\"widget\" data-widget_type=\"heading.default\">\n\t\t\t\t<div class=\"elementor-widget-container\">\n\t\t\t<h2 class=\"elementor-heading-title elementor-size-default\">Geli\u015fmi\u015f ekipmanlar\u0131m\u0131zla \u00e7ok y\u00f6nl\u00fc performans testleri<\/h2>\t\t<\/div>\n\t\t\t\t<\/div>\n\t\t\t\t<div class=\"elementor-element elementor-element-a63df6d elementor-widget elementor-widget-text-editor\" data-id=\"a63df6d\" data-element_type=\"widget\" data-widget_type=\"text-editor.default\">\n\t\t\t\t<div class=\"elementor-widget-container\">\n\t\t\t\t\t\t\t<p>T\u00fcm Yedek Par\u00e7alar, Par\u00e7a Numaras\u0131n\u0131 Onaylamak i\u00e7in Profesyonel Teknik M\u00fchendisimiz var, Nakliye \u00d6ncesi Size Resim ve Video G\u00f6nderece\u011fiz, Ekipman\u0131n\u0131z\u0131n Serbest\u00e7e \u00c7al\u0131\u015fmas\u0131n\u0131 Projelendirmek i\u00e7in Yanl\u0131\u015f \u015eans\u0131 azaltacakt\u0131r. Do\u011fru Yedek Par\u00e7alar\u0131 Se\u00e7mek i\u00e7in Paran\u0131zdan ve Zamandan Tasarruf Sa\u011flayacakt\u0131r.&nbsp;<\/p>\t\t\t\t\t\t<\/div>\n\t\t\t\t<\/div>\n\t\t\t\t\t<\/div>\n\t\t<\/div>\n\t\t\t\t\t<\/div>\n\t\t<\/section>\n\t\t\t\t<\/div>","protected":false},"excerpt":{"rendered":"<p>About Us Who We Are We Are Manufacture of Engine And Engine Spare Parts, The Engine Brand Including Cummins, Volvo, Caterpillar, Komatsu, Deutz, Yanmar, Kubota, Isuzu Engines, Original and Replacement was available.\u00a0 We are Factory of Excavator Spare Parts, Excavator Hydraulic Systerm , Including Excavator Main Pump, Excavator Final Drive, Excavator Control Valve, Swing Motor [&hellip;]<\/p>","protected":false},"author":3,"featured_media":0,"parent":0,"menu_order":0,"comment_status":"closed","ping_status":"closed","template":"elementor_header_footer","meta":{"_seopress_robots_primary_cat":"","_seopress_titles_title":"","_seopress_titles_desc":"","_seopress_robots_index":"","om_disable_all_campaigns":false,"_mi_skip_tracking":false,"_monsterinsights_sitenote_active":false,"_monsterinsights_sitenote_note":"","_monsterinsights_sitenote_category":0,"footnotes":""},"class_list":["post-3214","page","type-page","status-publish","hentry"],"acf":[],"_links":{"self":[{"href":"https:\/\/www.excavatorenginepart.com\/tr\/wp-json\/wp\/v2\/pages\/3214","targetHints":{"allow":["GET"]}}],"collection":[{"href":"https:\/\/www.excavatorenginepart.com\/tr\/wp-json\/wp\/v2\/pages"}],"about":[{"href":"https:\/\/www.excavatorenginepart.com\/tr\/wp-json\/wp\/v2\/types\/page"}],"author":[{"embeddable":true,"href":"https:\/\/www.excavatorenginepart.com\/tr\/wp-json\/wp\/v2\/users\/3"}],"replies":[{"embeddable":true,"href":"https:\/\/www.excavatorenginepart.com\/tr\/wp-json\/wp\/v2\/comments?post=3214"}],"version-history":[{"count":120,"href":"https:\/\/www.excavatorenginepart.com\/tr\/wp-json\/wp\/v2\/pages\/3214\/revisions"}],"predecessor-version":[{"id":8345,"href":"https:\/\/www.excavatorenginepart.com\/tr\/wp-json\/wp\/v2\/pages\/3214\/revisions\/8345"}],"wp:attachment":[{"href":"https:\/\/www.excavatorenginepart.com\/tr\/wp-json\/wp\/v2\/media?parent=3214"}],"curies":[{"name":"wp","href":"https:\/\/api.w.org\/{rel}","templated":true}]}}