{"id":6875,"date":"2022-04-22T07:02:47","date_gmt":"2022-04-22T07:02:47","guid":{"rendered":"https:\/\/www.excavatorenginepart.com\/?post_type=product&#038;p=6875"},"modified":"2022-04-22T07:02:47","modified_gmt":"2022-04-22T07:02:47","slug":"cummins-generator-engine-speed-controller-4914090","status":"publish","type":"product","link":"https:\/\/www.excavatorenginepart.com\/sv\/product\/cummins-generator-motor-hastighetsregulator-4914090\/","title":{"rendered":"Cummins generatormotor varvtalsregulator 4914090"},"content":{"rendered":"<p>Cummins generatormotor varvtalsregulator 4914090\u00a0<\/p>\n<p>Varvtalsregulator 4914090 anv\u00e4nds f\u00f6r Cummins Generator motorer . Cummins dieselmotormodell \u00e4r NTA855 KTA19 M11 KTA38-serien.  Guvern\u00f6r v\u00e4l l\u00f6st N14, K19 motor i kallt omr\u00e5de (under 15 \u2103) f\u00f6r att starta de sv\u00e5ra problemen; Och kan anv\u00e4ndas i vissa omr\u00e5den med h\u00f6gre milj\u00f6skyddskrav (mindre r\u00f6kutsl\u00e4pp). Den 3044196 som produceras av oss \u00e4r installerad i Peking cummins motoranl\u00e4ggning ensam, med n\u00e4stan 1 000 stycken, stabil och p\u00e5litlig kvalitet. M\u00e4ngden st\u00e4lldonsproduktion och f\u00f6rs\u00e4ljning \u00e4r n\u00e4stan tiotusen. Nu har produkterna exporterats till syd\u00f6stra Asien, Amerika, Afrika, v\u00e4stra Asien och andra platser. Det b\u00f6r s\u00e4gas att kvaliteten, utseendet och priset har uppskattats och erk\u00e4nts av kunderna. V\u00e5rt f\u00f6retags produktkvalitet \u00e4r p\u00e5litlig, priset \u00e4r f\u00f6rm\u00e5nligt, v\u00e4lkommen att fr\u00e5ga diskussionen.<\/p>\n<p>Specifikationer f\u00f6r hastighetsregulator 4914090\u00a0<\/p>\n<p>Leverans: 12 eller 24V DC Batterisystem\u00a0<\/p>\n<p>Str\u00f6mintervall f\u00f6r st\u00e4lldon: Min. 2,5 ampere, Max. 10 ampere kontinuerligt \u00a0<br \/>\nSignal fr\u00e5n hastighetssensor: 0,5~120 V RMS\u00a0<br \/>\nTemperaturomr\u00e5de f\u00f6r omgivande driftstemperatur: -40\u00b0C ~ 85\u00b0C\u00a0<br \/>\nRelativ luftfuktighet: upp till 95% \u00a0<br \/>\nHastighetsomr\u00e5de: 1K-7,5K Hz kontinuerligt\u00a0<br \/>\nTrimningsomr\u00e5de f\u00f6r varvtal: \u00b1 200 Hz\u00a0<br \/>\nBruttovikt: 0,85 kg\u00a0<br \/>\nF\u00d6RPACKNINGENS STORLEK: 155 mm*155 mm*55 mm \u00a0<\/p>\n<p><img fetchpriority=\"high\" decoding=\"async\" class=\"alignnone wp-image-6877 size-full\" src=\"https:\/\/www.excavatorenginepart.com\/wp-content\/uploads\/2022\/04\/Cummins-Generator-Engine-Speed-Controller-4914090-01.jpg\" alt=\"\" width=\"579\" height=\"554\" srcset=\"https:\/\/www.excavatorenginepart.com\/wp-content\/uploads\/2022\/04\/Cummins-Generator-Engine-Speed-Controller-4914090-01.jpg 579w, https:\/\/www.excavatorenginepart.com\/wp-content\/uploads\/2022\/04\/Cummins-Generator-Engine-Speed-Controller-4914090-01-300x287.jpg 300w\" sizes=\"(max-width: 579px) 100vw, 579px\" \/><\/p>\n<p><strong>Styrenhet f\u00f6r motorvarvtalskontroll ESD5500E<\/strong><\/p>","protected":false},"excerpt":{"rendered":"<p>Cummins Generator Engine Speed Controller 4914090\u00a0 Speed Controller 4914090\u00a0is used for Cummins Generator engines . The cummins diesel engine model is NTA855 KTA19 M11 KTA38 Series . \u00a0Governor well solved N14, K19 engine in cold area (below 15 \u2103) to start the difficult problems; And can be used in some areas with higher environmental protection [&hellip;]<\/p>","protected":false},"featured_media":6876,"menu_order":0,"comment_status":"closed","ping_status":"closed","template":"","meta":{"_seopress_robots_primary_cat":"","_seopress_titles_title":"","_seopress_titles_desc":"","_seopress_robots_index":"","om_disable_all_campaigns":false,"_mi_skip_tracking":false,"_monsterinsights_sitenote_active":false,"_monsterinsights_sitenote_note":"","_monsterinsights_sitenote_category":0},"product_cat":[],"product_tag":[],"product_category":[130],"class_list":{"0":"post-6875","1":"product","2":"type-product","3":"status-publish","4":"has-post-thumbnail","6":"product_category-cummins-speed-controller","8":"first","9":"instock","10":"shipping-taxable","11":"product-type-simple"},"acf":[],"_links":{"self":[{"href":"https:\/\/www.excavatorenginepart.com\/sv\/wp-json\/wp\/v2\/product\/6875","targetHints":{"allow":["GET"]}}],"collection":[{"href":"https:\/\/www.excavatorenginepart.com\/sv\/wp-json\/wp\/v2\/product"}],"about":[{"href":"https:\/\/www.excavatorenginepart.com\/sv\/wp-json\/wp\/v2\/types\/product"}],"replies":[{"embeddable":true,"href":"https:\/\/www.excavatorenginepart.com\/sv\/wp-json\/wp\/v2\/comments?post=6875"}],"wp:featuredmedia":[{"embeddable":true,"href":"https:\/\/www.excavatorenginepart.com\/sv\/wp-json\/wp\/v2\/media\/6876"}],"wp:attachment":[{"href":"https:\/\/www.excavatorenginepart.com\/sv\/wp-json\/wp\/v2\/media?parent=6875"}],"wp:term":[{"taxonomy":"product_cat","embeddable":true,"href":"https:\/\/www.excavatorenginepart.com\/sv\/wp-json\/wp\/v2\/product_cat?post=6875"},{"taxonomy":"product_tag","embeddable":true,"href":"https:\/\/www.excavatorenginepart.com\/sv\/wp-json\/wp\/v2\/product_tag?post=6875"},{"taxonomy":"product_category","embeddable":true,"href":"https:\/\/www.excavatorenginepart.com\/sv\/wp-json\/wp\/v2\/product_category?post=6875"}],"curies":[{"name":"wp","href":"https:\/\/api.w.org\/{rel}","templated":true}]}}