{"id":6766,"date":"2022-04-22T01:19:47","date_gmt":"2022-04-22T01:19:47","guid":{"rendered":"https:\/\/www.excavatorenginepart.com\/?post_type=product&#038;p=6766"},"modified":"2022-12-09T14:35:58","modified_gmt":"2022-12-09T14:35:58","slug":"weichai-diesel-engine-spare-parts-starter-motor-612600090340","status":"publish","type":"product","link":"https:\/\/www.excavatorenginepart.com\/sv\/product\/weichai-diesel-engine-spare-parts-starter-motor-612600090340\/","title":{"rendered":"Weichai Dieselmotor Reservdelar Startmotor 612600090340"},"content":{"rendered":"<p>Weichai Dieselmotor Reservdelar Startmotor 612600090340 10 t\u00e4nder WD61509QD Modell\u00a0<\/p>\n<p>Startande original 612600090340 f\u00f6r LONKING CDM855E LASTARE ANL\u00c4GGNINGSMASKINER RESERVDELAR<\/p>\n<p>SDLG RESERVDELAR STARTMOTOR 612600090340 QD2827DM<\/p>\n<p><strong>Startmotor 612600090340\u00a0<\/strong><span id=\"__kindeditor_bookmark_end_15__\"><\/span>\u00a0anv\u00e4nds f\u00f6r<strong>\u00a0Weichai WD615 WP10 WP12 dieselmotorer.\u00a0<\/strong>\u00a0Denna motor \u00e4r monterad p\u00e5\u00a0<strong>Shantui SD16 bulldozer,SDLG lastare och Lonking lastare<\/strong>\u00a0. Startmotorn anv\u00e4nder tre komponenter f\u00f6r att genomf\u00f6ra hela startprocessen.likstr\u00f6msmotorn tillf\u00f6r str\u00f6m fr\u00e5n batteriet och f\u00e5r startmotorns drivv\u00e4xel att skapa mekanisk r\u00f6relse;drivv\u00e4xeln \u00e4r inkopplad i sv\u00e4nghjulets kuggkrans genom transmissionsmekanismen och kan automatiskt lossas efter att motorn har startat;startkretsens p\u00e5- och avst\u00e4ngning styrs av en elektromagnetisk str\u00f6mbrytare.  Startmotorns funktion \u00e4r att generera str\u00f6m fr\u00e5n likstr\u00f6msmotorn, genom transmissionsmekanismen f\u00f6r att driva motorns vevaxelrotation, f\u00f6r att uppn\u00e5 motorstart.Startsystemet inneh\u00e5ller f\u00f6ljande komponenter: batteri, t\u00e4ndningsbrytare (startbrytare), startaggregat, startrel\u00e4, etc. Vi kan tillhandah\u00e5lla<strong>\u00a0Original \/ original startmotor<\/strong>, Aftermrket och utbytesmotor Startmotor har alla .\u00a0<\/p>\n<p>Startmotor 612600090340 Specifikationer\u00a0<\/p>\n<p>Weichai WD615 startmotor 612600090340<br \/>\nMotormodell:  WD615 WP10 WP12\u00a0<br \/>\nDelens namn :startmotor\u00a0<br \/>\nArtikelnummer: 612600090340<br \/>\nF\u00e4rg: Svart\u00a0<br \/>\nVillkor: NY original eller utbytt startmotor\u00a0<br \/>\nTillg\u00e4ngliga f\u00f6rdelar andra modeller: D65 D85 D155 D275 D355 D375<br \/>\nLeveranss\u00e4tt: Till sj\u00f6ss, med flyg eller med expressleverans\u00a0<br \/>\nBetalning: 30% T\/T i f\u00f6rskott 70% balans mot B\/L-kopia\u00a0<\/p>\n<p><img fetchpriority=\"high\" decoding=\"async\" class=\"alignnone wp-image-6768 size-full\" src=\"https:\/\/www.excavatorenginepart.com\/wp-content\/uploads\/2022\/04\/Weichai-Diesel-Engine-Spare-Parts-Starter-Motor-612600090340-01.jpg\" alt=\"\" width=\"596\" height=\"552\" srcset=\"https:\/\/www.excavatorenginepart.com\/wp-content\/uploads\/2022\/04\/Weichai-Diesel-Engine-Spare-Parts-Starter-Motor-612600090340-01.jpg 596w, https:\/\/www.excavatorenginepart.com\/wp-content\/uploads\/2022\/04\/Weichai-Diesel-Engine-Spare-Parts-Starter-Motor-612600090340-01-300x278.jpg 300w\" sizes=\"(max-width: 596px) 100vw, 596px\" \/><\/p>\n<p>612600090340 weichai WD615 motorstartare f\u00f6r shantui sd16 bulldozer<\/p>\n<p><strong>Beskrivning av produkten\u00a0<\/strong><\/p>\n<div>\n<div>\n<div id=\"j6x6m\">\n<table class=\"aliDataTable\">\n<tbody>\n<tr>\n<td>\n<div data-spm-anchor-id=\"a2700.details.0.i10.1b357df4RQQCeH\">Namn<\/div>\n<\/td>\n<td>\n<div>Del nr.<\/div>\n<\/td>\n<td>\n<div>Beskrivning<\/div>\n<\/td>\n<td>\n<div>Modell nr.<\/div>\n<\/td>\n<\/tr>\n<tr>\n<td>\n<div>startmotor<\/div>\n<\/td>\n<td>\n<div>612600090293<\/div>\n<\/td>\n<td>\n<div data-spm-anchor-id=\"a2700.details.0.i14.1b357df4RQQCeH\">Weichai<\/div>\n<\/td>\n<td>\n<div>WD615\/618<\/div>\n<\/td>\n<\/tr>\n<tr>\n<td>\n<div>startmotor<\/div>\n<\/td>\n<td>\n<div data-spm-anchor-id=\"a2700.details.0.i12.1b357df4RQQCeH\">612600090561<\/div>\n<\/td>\n<td>\n<div>Weichai<\/div>\n<\/td>\n<td>\n<div>WD615\/618<\/div>\n<\/td>\n<\/tr>\n<tr>\n<td>\n<div>startmotor<\/div>\n<\/td>\n<td>\n<div>612600090562<\/div>\n<\/td>\n<td>\n<div>Weichai<\/div>\n<\/td>\n<td>\n<div data-spm-anchor-id=\"a2700.details.0.i15.1b357df4RQQCeH\">WP10<\/div>\n<\/td>\n<\/tr>\n<tr>\n<td>\n<div data-spm-anchor-id=\"a2700.details.0.i13.1b357df4RQQCeH\">startmotor<\/div>\n<\/td>\n<td>\n<div>612600090208<\/div>\n<\/td>\n<td>\n<div>Weichai<\/div>\n<\/td>\n<td>\n<div>WP12<\/div>\n<\/td>\n<\/tr>\n<tr>\n<td>\n<div>startmotor<\/div>\n<\/td>\n<td>\n<div>612600090806<\/div>\n<\/td>\n<td>\n<div>Weichai<\/div>\n<\/td>\n<td>\n<div>WP10<\/div>\n<\/td>\n<\/tr>\n<tr>\n<td>\n<div>startmotor<\/div>\n<\/td>\n<td>\n<div>612600091075<\/div>\n<\/td>\n<td>\n<div>Weichai<\/div>\n<\/td>\n<td>\n<div>WP10<\/div>\n<\/td>\n<\/tr>\n<tr>\n<td>\n<div>startmotor<\/div>\n<\/td>\n<td>\n<div>612600091076<\/div>\n<\/td>\n<td>\n<div>Weichai<\/div>\n<\/td>\n<td>\n<div>WP10<\/div>\n<\/td>\n<\/tr>\n<tr>\n<td>\n<div>startmotor<\/div>\n<\/td>\n<td>\n<div>612600091078<\/div>\n<\/td>\n<td>\n<div>Weichai<\/div>\n<\/td>\n<td>\n<div>WD61509QD<\/div>\n<\/td>\n<\/tr>\n<tr>\n<td>\n<div>startmotor<\/div>\n<\/td>\n<td>\n<div>13031962\/M93R3007SE<\/div>\n<\/td>\n<td>\n<div>Weichai<\/div>\n<\/td>\n<td>\n<div>10T<\/div>\n<\/td>\n<\/tr>\n<tr>\n<td>\n<div>startmotor<\/div>\n<\/td>\n<td>\n<div>13023606\/M93R3007SE<\/div>\n<\/td>\n<td>\n<div>Weichai<\/div>\n<\/td>\n<td>\n<div>10T<\/div>\n<\/td>\n<\/tr>\n<tr>\n<td>\n<div>startmotor<\/div>\n<\/td>\n<td>\n<div>QDJ277\/C4935789<\/div>\n<\/td>\n<td>\n<div>Cummins<\/div>\n<\/td>\n<td>\n<div>10T<\/div>\n<\/td>\n<\/tr>\n<tr>\n<td>\n<div>startmotor<\/div>\n<\/td>\n<td>\n<div>QDJ2615<\/div>\n<\/td>\n<td>\n<div>Cummins<\/div>\n<\/td>\n<td>\n<div>10T<\/div>\n<\/td>\n<\/tr>\n<tr>\n<td>\n<div>startmotor<\/div>\n<\/td>\n<td>\n<div>QDJ2618<\/div>\n<\/td>\n<td>\n<div>Cummins<\/div>\n<\/td>\n<td>\n<div>11T<\/div>\n<\/td>\n<\/tr>\n<tr>\n<td>\n<div>startmotor<\/div>\n<\/td>\n<td>\n<div>QDJ2816<\/div>\n<\/td>\n<td>\n<div>Cummins<\/div>\n<\/td>\n<td>\n<div>12T<\/div>\n<\/td>\n<\/tr>\n<tr>\n<td>\n<div>startmotor<\/div>\n<\/td>\n<td>\n<div>QDJ2818<\/div>\n<\/td>\n<td>\n<div>Cummins<\/div>\n<\/td>\n<td>\n<div>12T<\/div>\n<\/td>\n<\/tr>\n<tr>\n<td>\n<div>startmotor<\/div>\n<\/td>\n<td>\n<div>QDJ2819<\/div>\n<\/td>\n<td>\n<div>Cummins<\/div>\n<\/td>\n<td>\n<div>12T<\/div>\n<\/td>\n<\/tr>\n<tr>\n<td>\n<div>startmotor<\/div>\n<\/td>\n<td>\n<div>C3415538\/QD2802<\/div>\n<\/td>\n<td>\n<div>Cummins<\/div>\n<\/td>\n<td>\n<div>12T<\/div>\n<\/td>\n<\/tr>\n<tr>\n<td>\n<div>startmotor<\/div>\n<\/td>\n<td>\n<div>39MT\/4N3181\/3103914<\/div>\n<\/td>\n<td>\n<div>Cummins<\/div>\n<\/td>\n<td>\n<div>11T<\/div>\n<\/td>\n<\/tr>\n<tr>\n<td>\n<div>startmotor<\/div>\n<\/td>\n<td>\n<div>40MT<\/div>\n<\/td>\n<td>\n<div>Cummins<\/div>\n<\/td>\n<td>\n<div>11T<\/div>\n<\/td>\n<\/tr>\n<tr>\n<td>\n<div>startmotor<\/div>\n<\/td>\n<td>\n<div>50MT QD2853<\/div>\n<\/td>\n<td>\n<div>Cummins<\/div>\n<\/td>\n<td>\n<div>11T<\/div>\n<\/td>\n<\/tr>\n<tr>\n<td>\n<div>startmotor<\/div>\n<\/td>\n<td>\n<div>42MT<\/div>\n<\/td>\n<td>\n<div>Cummins<\/div>\n<\/td>\n<td>\n<div>12T<\/div>\n<\/td>\n<\/tr>\n<tr>\n<td>\n<div>startmotor<\/div>\n<\/td>\n<td>\n<div>VG1560090001<\/div>\n<\/td>\n<td>\n<div>HOWO<\/div>\n<\/td>\n<td>\n<div>\u00a0<\/div>\n<\/td>\n<\/tr>\n<tr>\n<td>\n<div>startmotor<\/div>\n<\/td>\n<td>\n<div>VG1560090001<\/div>\n<\/td>\n<td>\n<div>HOWO<\/div>\n<\/td>\n<td>\n<div>E117<\/div>\n<\/td>\n<\/tr>\n<tr>\n<td>\n<div>startmotor<\/div>\n<\/td>\n<td>\n<div>VG1560090007<\/div>\n<\/td>\n<td>\n<div>HOWO<\/div>\n<\/td>\n<td>\n<div>E186<\/div>\n<\/td>\n<\/tr>\n<tr>\n<td>\n<div>startmotor<\/div>\n<\/td>\n<td>\n<div>VG15600090001<\/div>\n<\/td>\n<td>\n<div>HOWO<\/div>\n<\/td>\n<td>\n<div>E117<\/div>\n<\/td>\n<\/tr>\n<tr>\n<td>\n<div>startmotor<\/div>\n<\/td>\n<td>\n<div>VG15600090001<\/div>\n<\/td>\n<td>\n<div>HOWO<\/div>\n<\/td>\n<td>\n<div>E162<\/div>\n<\/td>\n<\/tr>\n<tr>\n<td>\n<div>startmotor<\/div>\n<\/td>\n<td>\n<div>VG1560090001<\/div>\n<\/td>\n<td>\n<div>HOWO<\/div>\n<\/td>\n<td>\n<div>10T<\/div>\n<\/td>\n<\/tr>\n<tr>\n<td>\n<div>startmotor<\/div>\n<\/td>\n<td>\n<div>VG1246090002<\/div>\n<\/td>\n<td>\n<div>Mitsubishi\u00a0<\/div>\n<\/td>\n<td>\n<div>D12<\/div>\n<\/td>\n<\/tr>\n<tr>\n<td>\n<div>startmotor<\/div>\n<\/td>\n<td>\n<div>QDJ271<\/div>\n<\/td>\n<td>\n<div>Mitsubishi\u00a0<\/div>\n<\/td>\n<td>\n<div>13T<\/div>\n<\/td>\n<\/tr>\n<tr>\n<td>\n<div>startmotor<\/div>\n<\/td>\n<td>\n<div>VG15600090007<\/div>\n<\/td>\n<td>\n<div>Mitsubishi\u00a0<\/div>\n<\/td>\n<td>\n<div>E186<\/div>\n<\/td>\n<\/tr>\n<tr>\n<td>\n<div>startmotor<\/div>\n<\/td>\n<td>\n<div>QDJ2766T<\/div>\n<\/td>\n<td>\n<div>Yuchai<\/div>\n<\/td>\n<td>\n<div>11T<\/div>\n<\/td>\n<\/tr>\n<tr>\n<td>\n<div>startmotor<\/div>\n<\/td>\n<td>\n<div>QDJ2805<\/div>\n<\/td>\n<td>\n<div>Yuchai<\/div>\n<\/td>\n<td>\n<div>11T<\/div>\n<\/td>\n<\/tr>\n<tr>\n<td>\n<div>startmotor<\/div>\n<\/td>\n<td>\n<div>QDJ2903\/L300H-3708100<\/div>\n<\/td>\n<td>\n<div>Yuchai<\/div>\n<\/td>\n<td>\n<div>11T<\/div>\n<\/td>\n<\/tr>\n<tr>\n<td>\n<div>startmotor<\/div>\n<\/td>\n<td>\n<div>L30L2-3708100-002<\/div>\n<\/td>\n<td>\n<div>Yuchai<\/div>\n<\/td>\n<td>\n<div>11T<\/div>\n<\/td>\n<\/tr>\n<tr>\n<td>\n<div>startmotor<\/div>\n<\/td>\n<td>\n<div>M3400-3708100B-002<\/div>\n<\/td>\n<td>\n<div>Yuchai<\/div>\n<\/td>\n<td>\n<div>11T<\/div>\n<\/td>\n<\/tr>\n<tr>\n<td>\n<div>startmotor<\/div>\n<\/td>\n<td>\n<div>M3019-3708100-002<\/div>\n<\/td>\n<td>\n<div>Yuchai<\/div>\n<\/td>\n<td>\n<div>11T<\/div>\n<\/td>\n<\/tr>\n<tr>\n<td>\n<div>startmotor<\/div>\n<\/td>\n<td>\n<div>VG1246090003<\/div>\n<\/td>\n<td>\n<div>ISKRA<\/div>\n<\/td>\n<td>\n<div>D12<\/div>\n<\/td>\n<\/tr>\n<tr>\n<td>\n<div>startmotor<\/div>\n<\/td>\n<td>\n<div>612600090293<\/div>\n<\/td>\n<td>\n<div>Bosch<\/div>\n<\/td>\n<td>\n<div>WD615\/618<\/div>\n<\/td>\n<\/tr>\n<tr>\n<td>\n<div>startmotor<\/div>\n<\/td>\n<td>\n<div>612600090561<\/div>\n<\/td>\n<td>\n<div>Bosch<\/div>\n<\/td>\n<td>\n<div>WD615\/618<\/div>\n<\/td>\n<\/tr>\n<tr>\n<td>\n<div>startmotor<\/div>\n<\/td>\n<td>\n<div>612600090562<\/div>\n<\/td>\n<td>\n<div>Bosch<\/div>\n<\/td>\n<td>\n<div>WP10<\/div>\n<\/td>\n<\/tr>\n<tr>\n<td>\n<div>startmotor<\/div>\n<\/td>\n<td>\n<div>61260030208<\/div>\n<\/td>\n<td>\n<div>Bosch<\/div>\n<\/td>\n<td>\n<div>WP12<\/div>\n<\/td>\n<\/tr>\n<tr>\n<td>\n<div>startmotor<\/div>\n<\/td>\n<td>\n<div>1261016<\/div>\n<\/td>\n<td>\n<div>Bosch<\/div>\n<\/td>\n<td>\n<div>\u00a0<\/div>\n<\/td>\n<\/tr>\n<tr>\n<td>\n<div>startmotor<\/div>\n<\/td>\n<td>\n<div>612600090210<\/div>\n<\/td>\n<td>\n<div>STEYR<\/div>\n<\/td>\n<td>\n<div>10T<\/div>\n<\/td>\n<\/tr>\n<tr>\n<td>\n<div>startmotor<\/div>\n<\/td>\n<td>\n<div>612600090029<\/div>\n<\/td>\n<td>\n<div>STEYR<\/div>\n<\/td>\n<td>\n<div>11T<\/div>\n<\/td>\n<\/tr>\n<tr>\n<td>\n<div>startmotor<\/div>\n<\/td>\n<td>\n<div>612600090340<\/div>\n<\/td>\n<td>\n<div>STEYR<\/div>\n<\/td>\n<td>\n<div>10T<\/div>\n<\/td>\n<\/tr>\n<tr>\n<td>\n<div>startmotor<\/div>\n<\/td>\n<td>\n<div>612600090100<\/div>\n<\/td>\n<td>\n<div>STEYR<\/div>\n<\/td>\n<td>\n<div>11T<\/div>\n<\/td>\n<\/tr>\n<tr>\n<td>\n<div>startmotor<\/div>\n<\/td>\n<td>\n<div>615600090129<\/div>\n<\/td>\n<td>\n<div>STEYR<\/div>\n<\/td>\n<td>\n<div>9T<\/div>\n<\/td>\n<\/tr>\n<tr>\n<td>\n<div>startmotor<\/div>\n<\/td>\n<td>\n<div>D11-101-03B<\/div>\n<\/td>\n<td>\n<div>sdec kraft<\/div>\n<\/td>\n<td>\n<div>11T<\/div>\n<\/td>\n<\/tr>\n<tr>\n<td>\n<div>startmotor<\/div>\n<\/td>\n<td>\n<div>QDJ273<\/div>\n<\/td>\n<td>\n<div>Faw Jiefang<\/div>\n<\/td>\n<td>\n<div data-spm-anchor-id=\"a2700.details.0.i11.1b357df4RQQCeH\">12T<\/div>\n<\/td>\n<\/tr>\n<tr>\n<td>\n<div>startmotor<\/div>\n<\/td>\n<td>\n<div>QDJ273A<\/div>\n<\/td>\n<td>\n<div>Faw Jiefang<\/div>\n<\/td>\n<td>\n<div>11T<\/div>\n<\/td>\n<\/tr>\n<tr>\n<td>\n<div>startmotor<\/div>\n<\/td>\n<td>\n<div>QDJ275A<\/div>\n<\/td>\n<td>\n<div>Faw Jiefang<\/div>\n<\/td>\n<td>\n<div>12T<\/div>\n<\/td>\n<\/tr>\n<tr>\n<td>\n<div>startmotor<\/div>\n<\/td>\n<td>\n<div>QDJ276<\/div>\n<\/td>\n<td>\n<div>Faw Jiefang<\/div>\n<\/td>\n<td>\n<div>12T<\/div>\n<\/td>\n<\/tr>\n<tr>\n<td>\n<div>startmotor<\/div>\n<\/td>\n<td>\n<div>QDJ2751A\/3708010-001-0000J<\/div>\n<\/td>\n<td>\n<div>Faw Jiefang<\/div>\n<\/td>\n<td>\n<div>12T<\/div>\n<\/td>\n<\/tr>\n<tr>\n<td>\n<div>startmotor<\/div>\n<\/td>\n<td>\n<div>QDJ276C<\/div>\n<\/td>\n<td>\n<div>Faw Jiefang<\/div>\n<\/td>\n<td>\n<div>12T<\/div>\n<\/td>\n<\/tr>\n<tr>\n<td>\n<div>startmotor<\/div>\n<\/td>\n<td>\n<div>QDJ2840T<\/div>\n<\/td>\n<td>\n<div>Faw Jiefang<\/div>\n<\/td>\n<td>\n<div>11T<\/div>\n<\/td>\n<\/tr>\n<tr>\n<td>\n<div>startmotor<\/div>\n<\/td>\n<td>\n<div>3708010-53DJ<\/div>\n<\/td>\n<td>\n<div>Faw Jiefang<\/div>\n<\/td>\n<td>\n<div>11T<\/div>\n<\/td>\n<\/tr>\n<tr>\n<td>\n<div>startmotor<\/div>\n<\/td>\n<td>\n<div>QDJ276A<\/div>\n<\/td>\n<td>\n<div>Faw Jiefang<\/div>\n<\/td>\n<td>\n<div>12T<\/div>\n<\/td>\n<\/tr>\n<tr>\n<td>\n<div>startmotor<\/div>\n<\/td>\n<td>\n<div>QDJ276B<\/div>\n<\/td>\n<td>\n<div>Deutz<\/div>\n<\/td>\n<td>\n<div>12T<\/div>\n<\/td>\n<\/tr>\n<tr>\n<td>\n<div>startmotor<\/div>\n<\/td>\n<td>\n<div>1231005<\/div>\n<\/td>\n<td>\n<div>Deutz<\/div>\n<\/td>\n<td>\n<div>9T<\/div>\n<\/td>\n<\/tr>\n<\/tbody>\n<\/table>\n<\/div>\n<\/div>\n<\/div>\n<div>\n<div id=\"4s5zs\">\n<div data-section=\"AliMaya-jhq85\" data-section-title=\"Detailed Images\">\u00a0<\/div>\n<div id=\"ali-anchor-AliMaya-jhq85\" data-section=\"AliMaya-jhq85\" data-section-title=\"Detailed Images\">Mer info , Kontakta oss g\u00e4rna.\u00a0<\/div>\n<div data-section=\"AliMaya-jhq85\" data-section-title=\"Detailed Images\"><span style=\"color: #ff0000;\"><strong>WhatsApp, Wechat :0086 15553722299\u00a0<\/strong><\/span><\/div>\n<div data-section=\"AliMaya-jhq85\" data-section-title=\"Detailed Images\">\u00a0<\/div>\n<\/div>\n<\/div>","protected":false},"excerpt":{"rendered":"<p>Weichai Diesel Engine Spare Parts Starter Motor 612600090340 10 Teeth WD61509QD Model\u00a0 Starter original 612600090340 for LONKING CDM855E LOADERS CONSTRUCTION MACHINERY SPARE PARTS SDLG SPARE PARTS STARTER 612600090340 QD2827DM Starter Motor 612600090340\u00a0\u00a0is used for\u00a0Weichai WD615 WP10 WP12 \u00a0diesel engines.\u00a0\u00a0This engine is fitting on\u00a0Shantui SD16 bulldozer,SDLG Loaders and Lonking Loaders\u00a0. The starter USES three components to [&hellip;]<\/p>","protected":false},"featured_media":6767,"menu_order":0,"comment_status":"closed","ping_status":"closed","template":"","meta":{"_seopress_robots_primary_cat":"","_seopress_titles_title":"","_seopress_titles_desc":"","_seopress_robots_index":"","om_disable_all_campaigns":false,"_mi_skip_tracking":false,"_monsterinsights_sitenote_active":false,"_monsterinsights_sitenote_note":"","_monsterinsights_sitenote_category":0},"product_cat":[],"product_tag":[],"product_category":[119],"class_list":{"0":"post-6766","1":"product","2":"type-product","3":"status-publish","4":"has-post-thumbnail","6":"product_category-weichai-engine-part","8":"first","9":"instock","10":"shipping-taxable","11":"product-type-simple"},"acf":[],"_links":{"self":[{"href":"https:\/\/www.excavatorenginepart.com\/sv\/wp-json\/wp\/v2\/product\/6766","targetHints":{"allow":["GET"]}}],"collection":[{"href":"https:\/\/www.excavatorenginepart.com\/sv\/wp-json\/wp\/v2\/product"}],"about":[{"href":"https:\/\/www.excavatorenginepart.com\/sv\/wp-json\/wp\/v2\/types\/product"}],"replies":[{"embeddable":true,"href":"https:\/\/www.excavatorenginepart.com\/sv\/wp-json\/wp\/v2\/comments?post=6766"}],"wp:featuredmedia":[{"embeddable":true,"href":"https:\/\/www.excavatorenginepart.com\/sv\/wp-json\/wp\/v2\/media\/6767"}],"wp:attachment":[{"href":"https:\/\/www.excavatorenginepart.com\/sv\/wp-json\/wp\/v2\/media?parent=6766"}],"wp:term":[{"taxonomy":"product_cat","embeddable":true,"href":"https:\/\/www.excavatorenginepart.com\/sv\/wp-json\/wp\/v2\/product_cat?post=6766"},{"taxonomy":"product_tag","embeddable":true,"href":"https:\/\/www.excavatorenginepart.com\/sv\/wp-json\/wp\/v2\/product_tag?post=6766"},{"taxonomy":"product_category","embeddable":true,"href":"https:\/\/www.excavatorenginepart.com\/sv\/wp-json\/wp\/v2\/product_category?post=6766"}],"curies":[{"name":"wp","href":"https:\/\/api.w.org\/{rel}","templated":true}]}}