{"id":2546,"date":"2020-04-01T08:40:52","date_gmt":"2020-04-01T08:40:52","guid":{"rendered":"http:\/\/wordpress-516195-1639741.cloudwaysapps.com\/?page_id=2546"},"modified":"2022-07-05T03:56:42","modified_gmt":"2022-07-05T03:56:42","slug":"news","status":"publish","type":"page","link":"https:\/\/www.excavatorenginepart.com\/sv\/nyheter\/","title":{"rendered":"Nyheter"},"content":{"rendered":"<div data-elementor-type=\"wp-page\" data-elementor-id=\"2546\" class=\"elementor elementor-2546\">\n\t\t\t\t\t\t<section class=\"elementor-section elementor-top-section elementor-element elementor-element-aef4179 elementor-section-height-min-height elementor-section-full_width elementor-section-height-default elementor-section-items-middle\" data-id=\"aef4179\" data-element_type=\"section\" data-settings=\"{&quot;background_background&quot;:&quot;classic&quot;,&quot;background_motion_fx_motion_fx_scrolling&quot;:&quot;yes&quot;,&quot;background_motion_fx_devices&quot;:[&quot;desktop&quot;,&quot;tablet&quot;,&quot;mobile&quot;]}\">\n\t\t\t\t\t\t\t<div class=\"elementor-background-overlay\"><\/div>\n\t\t\t\t\t\t\t<div class=\"elementor-container elementor-column-gap-wider\">\n\t\t\t\t\t<div class=\"elementor-column elementor-col-100 elementor-top-column elementor-element elementor-element-8fa9bbe\" data-id=\"8fa9bbe\" data-element_type=\"column\">\n\t\t\t<div class=\"elementor-widget-wrap elementor-element-populated\">\n\t\t\t\t\t\t<section class=\"elementor-section elementor-inner-section elementor-element elementor-element-a2ae3b0 elementor-section-boxed elementor-section-height-default elementor-section-height-default\" data-id=\"a2ae3b0\" data-element_type=\"section\">\n\t\t\t\t\t\t<div class=\"elementor-container elementor-column-gap-no\">\n\t\t\t\t\t<div class=\"elementor-column elementor-col-100 elementor-inner-column elementor-element elementor-element-fd6033a\" data-id=\"fd6033a\" data-element_type=\"column\">\n\t\t\t<div class=\"elementor-widget-wrap elementor-element-populated\">\n\t\t\t\t\t\t<div class=\"elementor-element elementor-element-f14f286 elementor-widget elementor-widget-theme-post-title elementor-page-title elementor-widget-heading\" data-id=\"f14f286\" data-element_type=\"widget\" data-settings=\"{&quot;_animation&quot;:&quot;none&quot;,&quot;_animation_delay&quot;:600}\" data-widget_type=\"theme-post-title.default\">\n\t\t\t\t<div class=\"elementor-widget-container\">\n\t\t\t<h1 class=\"elementor-heading-title elementor-size-default\">Nyheter<\/h1>\t\t<\/div>\n\t\t\t\t<\/div>\n\t\t\t\t\t<\/div>\n\t\t<\/div>\n\t\t\t\t\t<\/div>\n\t\t<\/section>\n\t\t\t\t\t<\/div>\n\t\t<\/div>\n\t\t\t\t\t<\/div>\n\t\t<\/section>\n\t\t\t\t<section class=\"elementor-section elementor-top-section elementor-element elementor-element-7ff8b818 elementor-section-boxed elementor-section-height-default elementor-section-height-default\" data-id=\"7ff8b818\" data-element_type=\"section\" data-settings=\"{&quot;background_background&quot;:&quot;classic&quot;}\">\n\t\t\t\t\t\t<div class=\"elementor-container elementor-column-gap-default\">\n\t\t\t\t\t<div class=\"elementor-column elementor-col-100 elementor-top-column elementor-element elementor-element-30ec3012\" data-id=\"30ec3012\" data-element_type=\"column\">\n\t\t\t<div class=\"elementor-widget-wrap elementor-element-populated\">\n\t\t\t\t\t\t<div class=\"elementor-element elementor-element-b1ee603 elementor-grid-3 elementor-grid-tablet-2 elementor-grid-mobile-1 elementor-posts--thumbnail-top elementor-card-shadow-yes elementor-posts__hover-gradient elementor-widget elementor-widget-posts\" data-id=\"b1ee603\" data-element_type=\"widget\" data-settings=\"{&quot;pagination_type&quot;:&quot;numbers_and_prev_next&quot;,&quot;cards_columns&quot;:&quot;3&quot;,&quot;cards_columns_tablet&quot;:&quot;2&quot;,&quot;cards_columns_mobile&quot;:&quot;1&quot;,&quot;cards_row_gap&quot;:{&quot;unit&quot;:&quot;px&quot;,&quot;size&quot;:35,&quot;sizes&quot;:[]},&quot;cards_row_gap_tablet&quot;:{&quot;unit&quot;:&quot;px&quot;,&quot;size&quot;:&quot;&quot;,&quot;sizes&quot;:[]},&quot;cards_row_gap_mobile&quot;:{&quot;unit&quot;:&quot;px&quot;,&quot;size&quot;:&quot;&quot;,&quot;sizes&quot;:[]}}\" data-widget_type=\"posts.cards\">\n\t\t\t\t<div class=\"elementor-widget-container\">\n\t\t\t\t\t<div class=\"elementor-posts-container elementor-posts elementor-posts--skin-cards elementor-grid\">\n\t\t\t\t<article class=\"elementor-post elementor-grid-item post-10001 post type-post status-publish format-standard hentry category-tips\">\n\t\t\t<div class=\"elementor-post__card\">\n\t\t\t\t<div class=\"elementor-post__text\">\n\t\t\t\t<h3 class=\"elementor-post__title\">\n\t\t\t<a href=\"https:\/\/www.excavatorenginepart.com\/sv\/the-ultimate-guide-to-understanding-excavator-hydraulic-pumps\/\" >\n\t\t\t\tThe Ultimate Guide to Understanding Excavator Hydraulic Pumps\t\t\t<\/a>\n\t\t<\/h3>\n\t\t\t\t<div class=\"elementor-post__excerpt\">\n\t\t\t\t\t<\/div>\n\t\t\n\t\t<a class=\"elementor-post__read-more\" href=\"https:\/\/www.excavatorenginepart.com\/sv\/the-ultimate-guide-to-understanding-excavator-hydraulic-pumps\/\" aria-label=\"Read more about The Ultimate Guide to Understanding Excavator Hydraulic Pumps\" >\n\t\t\tL\u00e4s mer \"\t\t<\/a>\n\n\t\t\t\t<\/div>\n\t\t\t\t<div class=\"elementor-post__meta-data\">\n\t\t\t\t\t<span class=\"elementor-post-date\">\n\t\t\taugusti 9, 2024\t\t<\/span>\n\t\t\t\t<span class=\"elementor-post-avatar\">\n\t\t\tInga kommentarer\t\t<\/span>\n\t\t\t\t<\/div>\n\t\t\t\t\t<\/div>\n\t\t<\/article>\n\t\t\t\t<article class=\"elementor-post elementor-grid-item post-9980 post type-post status-publish format-standard hentry category-tips\">\n\t\t\t<div class=\"elementor-post__card\">\n\t\t\t\t<div class=\"elementor-post__text\">\n\t\t\t\t<h3 class=\"elementor-post__title\">\n\t\t\t<a href=\"https:\/\/www.excavatorenginepart.com\/sv\/uncover-the-hidden-power-of-mini-excavators-a-guide-to-their-versatility-and-efficiency\/\" >\n\t\t\t\tUncover the Hidden Power of Mini Excavators: A Guide to Their Versatility and Efficiency\t\t\t<\/a>\n\t\t<\/h3>\n\t\t\t\t<div class=\"elementor-post__excerpt\">\n\t\t\t<p>Uncover the Hidden Power of Mini Excavators: A Guide to Their Versatility and Efficiency Uncover the Hidden Power of Mini Excavators: A Guide to Their<\/p>\n\t\t<\/div>\n\t\t\n\t\t<a class=\"elementor-post__read-more\" href=\"https:\/\/www.excavatorenginepart.com\/sv\/uncover-the-hidden-power-of-mini-excavators-a-guide-to-their-versatility-and-efficiency\/\" aria-label=\"Read more about Uncover the Hidden Power of Mini Excavators: A Guide to Their Versatility and Efficiency\" >\n\t\t\tL\u00e4s mer \"\t\t<\/a>\n\n\t\t\t\t<\/div>\n\t\t\t\t<div class=\"elementor-post__meta-data\">\n\t\t\t\t\t<span class=\"elementor-post-date\">\n\t\t\taugusti 6, 2024\t\t<\/span>\n\t\t\t\t<span class=\"elementor-post-avatar\">\n\t\t\tInga kommentarer\t\t<\/span>\n\t\t\t\t<\/div>\n\t\t\t\t\t<\/div>\n\t\t<\/article>\n\t\t\t\t<article class=\"elementor-post elementor-grid-item post-9975 post type-post status-publish format-standard hentry category-tips\">\n\t\t\t<div class=\"elementor-post__card\">\n\t\t\t\t<div class=\"elementor-post__text\">\n\t\t\t\t<h3 class=\"elementor-post__title\">\n\t\t\t<a href=\"https:\/\/www.excavatorenginepart.com\/sv\/the-advantages-of-electric-forklifts-a-sustainable-solution-for-efficient-material-handling\/\" >\n\t\t\t\tThe Advantages of Electric Forklifts: A Sustainable Solution for Efficient Material Handling\t\t\t<\/a>\n\t\t<\/h3>\n\t\t\t\t<div class=\"elementor-post__excerpt\">\n\t\t\t<p>The Advantages of Electric Forklifts: A Sustainable Solution for Efficient Material Handling Electric forklifts have emerged as a sustainable solution for efficient material handling, revolutionizing<\/p>\n\t\t<\/div>\n\t\t\n\t\t<a class=\"elementor-post__read-more\" href=\"https:\/\/www.excavatorenginepart.com\/sv\/the-advantages-of-electric-forklifts-a-sustainable-solution-for-efficient-material-handling\/\" aria-label=\"Read more about The Advantages of Electric Forklifts: A Sustainable Solution for Efficient Material Handling\" >\n\t\t\tL\u00e4s mer \"\t\t<\/a>\n\n\t\t\t\t<\/div>\n\t\t\t\t<div class=\"elementor-post__meta-data\">\n\t\t\t\t\t<span class=\"elementor-post-date\">\n\t\t\taugusti 6, 2024\t\t<\/span>\n\t\t\t\t<span class=\"elementor-post-avatar\">\n\t\t\tInga kommentarer\t\t<\/span>\n\t\t\t\t<\/div>\n\t\t\t\t\t<\/div>\n\t\t<\/article>\n\t\t\t\t<article class=\"elementor-post elementor-grid-item post-9961 post type-post status-publish format-standard hentry category-tips\">\n\t\t\t<div class=\"elementor-post__card\">\n\t\t\t\t<div class=\"elementor-post__text\">\n\t\t\t\t<h3 class=\"elementor-post__title\">\n\t\t\t<a href=\"https:\/\/www.excavatorenginepart.com\/sv\/unlocking-the-power-exploring-the-hydraulic-system-in-excavators\/\" >\n\t\t\t\tUnlocking the Power: Exploring the Hydraulic System in Excavators\t\t\t<\/a>\n\t\t<\/h3>\n\t\t\t\t<div class=\"elementor-post__excerpt\">\n\t\t\t<p>Unlocking the Power: Exploring the Hydraulic System in Excavators\u00a0 Step into the world of excavation and discover the incredible power behind hydraulic systems. In this<\/p>\n\t\t<\/div>\n\t\t\n\t\t<a class=\"elementor-post__read-more\" href=\"https:\/\/www.excavatorenginepart.com\/sv\/unlocking-the-power-exploring-the-hydraulic-system-in-excavators\/\" aria-label=\"Read more about Unlocking the Power: Exploring the Hydraulic System in Excavators\" >\n\t\t\tL\u00e4s mer \"\t\t<\/a>\n\n\t\t\t\t<\/div>\n\t\t\t\t<div class=\"elementor-post__meta-data\">\n\t\t\t\t\t<span class=\"elementor-post-date\">\n\t\t\taugusti 6, 2024\t\t<\/span>\n\t\t\t\t<span class=\"elementor-post-avatar\">\n\t\t\tInga kommentarer\t\t<\/span>\n\t\t\t\t<\/div>\n\t\t\t\t\t<\/div>\n\t\t<\/article>\n\t\t\t\t<article class=\"elementor-post elementor-grid-item post-9084 post type-post status-publish format-standard has-post-thumbnail hentry category-tips\">\n\t\t\t<div class=\"elementor-post__card\">\n\t\t\t\t<a class=\"elementor-post__thumbnail__link\" href=\"https:\/\/www.excavatorenginepart.com\/sv\/vad-gor-gravmaskinens-hydrauliska-system-sa-viktigt\/\" ><div class=\"elementor-post__thumbnail\"><img fetchpriority=\"high\" decoding=\"async\" width=\"676\" height=\"384\" src=\"https:\/\/www.excavatorenginepart.com\/wp-content\/uploads\/2023\/08\/Caterpillar-hydrauclic-pump.png\" class=\"attachment-full size-full wp-image-8711\" alt=\"\" srcset=\"https:\/\/www.excavatorenginepart.com\/wp-content\/uploads\/2023\/08\/Caterpillar-hydrauclic-pump.png 676w, https:\/\/www.excavatorenginepart.com\/wp-content\/uploads\/2023\/08\/Caterpillar-hydrauclic-pump-300x170.png 300w\" sizes=\"(max-width: 676px) 100vw, 676px\" \/><\/div><\/a>\n\t\t\t\t<div class=\"elementor-post__badge\">Tips<\/div>\n\t\t\t\t<div class=\"elementor-post__text\">\n\t\t\t\t<h3 class=\"elementor-post__title\">\n\t\t\t<a href=\"https:\/\/www.excavatorenginepart.com\/sv\/vad-gor-gravmaskinens-hydrauliska-system-sa-viktigt\/\" >\n\t\t\t\tVarf\u00f6r \u00e4r gr\u00e4vmaskinens hydraulsystem s\u00e5 viktigt?\t\t\t<\/a>\n\t\t<\/h3>\n\t\t\t\t<div class=\"elementor-post__excerpt\">\n\t\t\t<p>Varf\u00f6r \u00e4r gr\u00e4vmaskinens hydraulsystem s\u00e5 viktigt? P\u00e5 Jining Kunpeng vet vi att det f\u00f6rsta steget mot att maximera nyttan av din utrustning \u00e4r att f\u00f6rst\u00e5 den<\/p>\n\t\t<\/div>\n\t\t\n\t\t<a class=\"elementor-post__read-more\" href=\"https:\/\/www.excavatorenginepart.com\/sv\/vad-gor-gravmaskinens-hydrauliska-system-sa-viktigt\/\" aria-label=\"Read more about What Makes the Excavator Hydraulic System So Crucial\" >\n\t\t\tL\u00e4s mer \"\t\t<\/a>\n\n\t\t\t\t<\/div>\n\t\t\t\t<div class=\"elementor-post__meta-data\">\n\t\t\t\t\t<span class=\"elementor-post-date\">\n\t\t\t31 augusti 2023\t\t<\/span>\n\t\t\t\t<span class=\"elementor-post-avatar\">\n\t\t\tInga kommentarer\t\t<\/span>\n\t\t\t\t<\/div>\n\t\t\t\t\t<\/div>\n\t\t<\/article>\n\t\t\t\t<article class=\"elementor-post elementor-grid-item post-9073 post type-post status-publish format-standard hentry category-tips\">\n\t\t\t<div class=\"elementor-post__card\">\n\t\t\t\t<div class=\"elementor-post__text\">\n\t\t\t\t<h3 class=\"elementor-post__title\">\n\t\t\t<a href=\"https:\/\/www.excavatorenginepart.com\/sv\/hantering-av-fel-pa-gravmaskin-hydraulisk-pump\/\" >\n\t\t\t\tHantering av fel p\u00e5 gr\u00e4vmaskinens hydraulpump\t\t\t<\/a>\n\t\t<\/h3>\n\t\t\t\t<div class=\"elementor-post__excerpt\">\n\t\t\t<p>Hantering av fel p\u00e5 hydrauliska gr\u00e4vmaskinspumpar: En inblick f\u00f6r B2B-k\u00f6pare Introduktion Fel p\u00e5 hydraulpumpar i gr\u00e4vmaskiner kan leda till driftstopp och betydande ekonomiska f\u00f6rluster, s\u00e4rskilt f\u00f6r<\/p>\n\t\t<\/div>\n\t\t\n\t\t<a class=\"elementor-post__read-more\" href=\"https:\/\/www.excavatorenginepart.com\/sv\/hantering-av-fel-pa-gravmaskin-hydraulisk-pump\/\" aria-label=\"Read more about Addressing Excavator Hydraulic Pump Failure\" >\n\t\t\tL\u00e4s mer \"\t\t<\/a>\n\n\t\t\t\t<\/div>\n\t\t\t\t<div class=\"elementor-post__meta-data\">\n\t\t\t\t\t<span class=\"elementor-post-date\">\n\t\t\t29 augusti 2023\t\t<\/span>\n\t\t\t\t<span class=\"elementor-post-avatar\">\n\t\t\tInga kommentarer\t\t<\/span>\n\t\t\t\t<\/div>\n\t\t\t\t\t<\/div>\n\t\t<\/article>\n\t\t\t\t<article class=\"elementor-post elementor-grid-item post-9069 post type-post status-publish format-standard has-post-thumbnail hentry category-tips\">\n\t\t\t<div class=\"elementor-post__card\">\n\t\t\t\t<a class=\"elementor-post__thumbnail__link\" href=\"https:\/\/www.excavatorenginepart.com\/sv\/vad-anvands-hydrauliska-pumpar-till\/\" ><div class=\"elementor-post__thumbnail\"><img decoding=\"async\" width=\"735\" height=\"389\" src=\"https:\/\/www.excavatorenginepart.com\/wp-content\/uploads\/2023\/08\/Komatsu-hydraulic-pump.png\" class=\"attachment-full size-full wp-image-8712\" alt=\"\" srcset=\"https:\/\/www.excavatorenginepart.com\/wp-content\/uploads\/2023\/08\/Komatsu-hydraulic-pump.png 735w, https:\/\/www.excavatorenginepart.com\/wp-content\/uploads\/2023\/08\/Komatsu-hydraulic-pump-300x159.png 300w\" sizes=\"(max-width: 735px) 100vw, 735px\" \/><\/div><\/a>\n\t\t\t\t<div class=\"elementor-post__badge\">Tips<\/div>\n\t\t\t\t<div class=\"elementor-post__text\">\n\t\t\t\t<h3 class=\"elementor-post__title\">\n\t\t\t<a href=\"https:\/\/www.excavatorenginepart.com\/sv\/vad-anvands-hydrauliska-pumpar-till\/\" >\n\t\t\t\tVad anv\u00e4nds hydraulpumpar till?\t\t\t<\/a>\n\t\t<\/h3>\n\t\t\t\t<div class=\"elementor-post__excerpt\">\n\t\t\t<p>Vad anv\u00e4nds hydraulpumpar till? Betydelsen av hydraulpumpar i moderna maskiner kan inte \u00f6verskattas. Om du n\u00e5gonsin har undrat hur massiva kranar lyfter<\/p>\n\t\t<\/div>\n\t\t\n\t\t<a class=\"elementor-post__read-more\" href=\"https:\/\/www.excavatorenginepart.com\/sv\/vad-anvands-hydrauliska-pumpar-till\/\" aria-label=\"Read more about What Are Hydraulic Pumps Used For?\" >\n\t\t\tL\u00e4s mer \"\t\t<\/a>\n\n\t\t\t\t<\/div>\n\t\t\t\t<div class=\"elementor-post__meta-data\">\n\t\t\t\t\t<span class=\"elementor-post-date\">\n\t\t\t29 augusti 2023\t\t<\/span>\n\t\t\t\t<span class=\"elementor-post-avatar\">\n\t\t\tInga kommentarer\t\t<\/span>\n\t\t\t\t<\/div>\n\t\t\t\t\t<\/div>\n\t\t<\/article>\n\t\t\t\t<article class=\"elementor-post elementor-grid-item post-9010 post type-post status-publish format-standard hentry category-tips\">\n\t\t\t<div class=\"elementor-post__card\">\n\t\t\t\t<div class=\"elementor-post__text\">\n\t\t\t\t<h3 class=\"elementor-post__title\">\n\t\t\t<a href=\"https:\/\/www.excavatorenginepart.com\/sv\/where-is-the-hydraulic-pump-located\/\" >\n\t\t\t\tVar \u00e4r hydraulpumpen placerad?\t\t\t<\/a>\n\t\t<\/h3>\n\t\t\t\t<div class=\"elementor-post__excerpt\">\n\t\t\t<p>Var sitter hydraulpumpen? I gr\u00e4vmaskinernas v\u00e4rld spelar hydraulpumpen en avg\u00f6rande roll. Men exakt var sitter den? Med<\/p>\n\t\t<\/div>\n\t\t\n\t\t<a class=\"elementor-post__read-more\" href=\"https:\/\/www.excavatorenginepart.com\/sv\/where-is-the-hydraulic-pump-located\/\" aria-label=\"Read more about Where is the Hydraulic Pump Located?\" >\n\t\t\tL\u00e4s mer \"\t\t<\/a>\n\n\t\t\t\t<\/div>\n\t\t\t\t<div class=\"elementor-post__meta-data\">\n\t\t\t\t\t<span class=\"elementor-post-date\">\n\t\t\t24 augusti 2023\t\t<\/span>\n\t\t\t\t<span class=\"elementor-post-avatar\">\n\t\t\tInga kommentarer\t\t<\/span>\n\t\t\t\t<\/div>\n\t\t\t\t\t<\/div>\n\t\t<\/article>\n\t\t\t\t<article class=\"elementor-post elementor-grid-item post-8960 post type-post status-publish format-standard has-post-thumbnail hentry category-tips\">\n\t\t\t<div class=\"elementor-post__card\">\n\t\t\t\t<a class=\"elementor-post__thumbnail__link\" href=\"https:\/\/www.excavatorenginepart.com\/sv\/how-to-repair-an-excavator-hydraulic-pump\/\" ><div class=\"elementor-post__thumbnail\"><img decoding=\"async\" width=\"729\" height=\"590\" src=\"https:\/\/www.excavatorenginepart.com\/wp-content\/uploads\/2023\/08\/Kawasaki-hydraulic-pump.png\" class=\"attachment-full size-full wp-image-8709\" alt=\"\" srcset=\"https:\/\/www.excavatorenginepart.com\/wp-content\/uploads\/2023\/08\/Kawasaki-hydraulic-pump.png 729w, https:\/\/www.excavatorenginepart.com\/wp-content\/uploads\/2023\/08\/Kawasaki-hydraulic-pump-300x243.png 300w\" sizes=\"(max-width: 729px) 100vw, 729px\" \/><\/div><\/a>\n\t\t\t\t<div class=\"elementor-post__badge\">Tips<\/div>\n\t\t\t\t<div class=\"elementor-post__text\">\n\t\t\t\t<h3 class=\"elementor-post__title\">\n\t\t\t<a href=\"https:\/\/www.excavatorenginepart.com\/sv\/how-to-repair-an-excavator-hydraulic-pump\/\" >\n\t\t\t\tHur reparerar man en hydraulisk pump f\u00f6r gr\u00e4vmaskiner?\t\t\t<\/a>\n\t\t<\/h3>\n\t\t\t\t<div class=\"elementor-post__excerpt\">\n\t\t\t<p>Hur reparerar man en hydraulisk pump f\u00f6r gr\u00e4vmaskiner? Hydrauliska pumpar \u00e4r livsnerven i alla gr\u00e4vmaskiner. N\u00e4r de g\u00e5r s\u00f6nder kan arbetet st\u00e5 stilla. Men<\/p>\n\t\t<\/div>\n\t\t\n\t\t<a class=\"elementor-post__read-more\" href=\"https:\/\/www.excavatorenginepart.com\/sv\/how-to-repair-an-excavator-hydraulic-pump\/\" aria-label=\"Read more about How to Repair an Excavator Hydraulic Pump?\" >\n\t\t\tL\u00e4s mer \"\t\t<\/a>\n\n\t\t\t\t<\/div>\n\t\t\t\t<div class=\"elementor-post__meta-data\">\n\t\t\t\t\t<span class=\"elementor-post-date\">\n\t\t\t21 augusti 2023\t\t<\/span>\n\t\t\t\t<span class=\"elementor-post-avatar\">\n\t\t\tInga kommentarer\t\t<\/span>\n\t\t\t\t<\/div>\n\t\t\t\t\t<\/div>\n\t\t<\/article>\n\t\t\t\t<\/div>\n\t\t\n\t\t\t\t<div class=\"e-load-more-anchor\" data-page=\"1\" data-max-page=\"4\" data-next-page=\"https:\/\/www.excavatorenginepart.com\/sv\/wp-json\/wp\/v2\/pages\/2546\/page\/2\/\"><\/div>\n\t\t\t\t<nav class=\"elementor-pagination\" aria-label=\"Pagination\">\n\t\t\t<span class=\"page-numbers prev\">\" F\u00f6reg\u00e5ende<\/span>\n<span aria-current=\"page\" class=\"page-numbers current\"><span class=\"elementor-screen-only\">Page<\/span>1<\/span>\n<a class=\"page-numbers\" href=\"https:\/\/www.excavatorenginepart.com\/sv\/wp-json\/wp\/v2\/pages\/2546\/page\/2\/\"><span class=\"elementor-screen-only\">Page<\/span>2<\/a>\n<a class=\"page-numbers\" href=\"https:\/\/www.excavatorenginepart.com\/sv\/wp-json\/wp\/v2\/pages\/2546\/page\/3\/\"><span class=\"elementor-screen-only\">Page<\/span>3<\/a>\n<a class=\"page-numbers\" href=\"https:\/\/www.excavatorenginepart.com\/sv\/wp-json\/wp\/v2\/pages\/2546\/page\/4\/\"><span class=\"elementor-screen-only\">Page<\/span>4<\/a>\n<a class=\"page-numbers next\" href=\"https:\/\/www.excavatorenginepart.com\/sv\/wp-json\/wp\/v2\/pages\/2546\/page\/2\/\">N\u00e4sta \"<\/a>\t\t<\/nav>\n\t\t\t\t<\/div>\n\t\t\t\t<\/div>\n\t\t\t\t\t<\/div>\n\t\t<\/div>\n\t\t\t\t\t<\/div>\n\t\t<\/section>\n\t\t\t\t<\/div>\n\t\t\n\n<div class=\"kk-star-ratings kksr-auto kksr-align-left kksr-valign-bottom\"\n    data-payload='{&quot;align&quot;:&quot;left&quot;,&quot;id&quot;:&quot;8960&quot;,&quot;slug&quot;:&quot;default&quot;,&quot;valign&quot;:&quot;bottom&quot;,&quot;ignore&quot;:&quot;&quot;,&quot;reference&quot;:&quot;auto&quot;,&quot;class&quot;:&quot;&quot;,&quot;count&quot;:&quot;0&quot;,&quot;legendonly&quot;:&quot;&quot;,&quot;readonly&quot;:&quot;&quot;,&quot;score&quot;:&quot;0&quot;,&quot;starsonly&quot;:&quot;&quot;,&quot;best&quot;:&quot;5&quot;,&quot;gap&quot;:&quot;4&quot;,&quot;greet&quot;:&quot;Rate this post&quot;,&quot;legend&quot;:&quot;0\\\/5 - (0 votes)&quot;,&quot;size&quot;:&quot;24&quot;,&quot;title&quot;:&quot;How to Repair an Excavator Hydraulic Pump?&quot;,&quot;width&quot;:&quot;0&quot;,&quot;_legend&quot;:&quot;{score}\\\/{best} - ({count} {votes})&quot;,&quot;font_factor&quot;:&quot;1.25&quot;}'>\n            \n<div class=\"kksr-stars\">\n    \n<div class=\"kksr-stars-inactive\">\n            <div class=\"kksr-star\" data-star=\"1\" style=\"padding-right: 4px\">\n            \n\n<div class=\"kksr-icon\" style=\"width: 24px; height: 24px;\"><\/div>\n        <\/div>\n            <div class=\"kksr-star\" data-star=\"2\" style=\"padding-right: 4px\">\n            \n\n<div class=\"kksr-icon\" style=\"width: 24px; height: 24px;\"><\/div>\n        <\/div>\n            <div class=\"kksr-star\" data-star=\"3\" style=\"padding-right: 4px\">\n            \n\n<div class=\"kksr-icon\" style=\"width: 24px; height: 24px;\"><\/div>\n        <\/div>\n            <div class=\"kksr-star\" data-star=\"4\" style=\"padding-right: 4px\">\n            \n\n<div class=\"kksr-icon\" style=\"width: 24px; height: 24px;\"><\/div>\n        <\/div>\n            <div class=\"kksr-star\" data-star=\"5\" style=\"padding-right: 4px\">\n            \n\n<div class=\"kksr-icon\" style=\"width: 24px; height: 24px;\"><\/div>\n        <\/div>\n    <\/div>\n    \n<div class=\"kksr-stars-active\" style=\"width: 0px;\">\n            <div class=\"kksr-star\" style=\"padding-right: 4px\">\n            \n\n<div class=\"kksr-icon\" style=\"width: 24px; height: 24px;\"><\/div>\n        <\/div>\n            <div class=\"kksr-star\" style=\"padding-right: 4px\">\n            \n\n<div class=\"kksr-icon\" style=\"width: 24px; height: 24px;\"><\/div>\n        <\/div>\n            <div class=\"kksr-star\" style=\"padding-right: 4px\">\n            \n\n<div class=\"kksr-icon\" style=\"width: 24px; height: 24px;\"><\/div>\n        <\/div>\n            <div class=\"kksr-star\" style=\"padding-right: 4px\">\n            \n\n<div class=\"kksr-icon\" style=\"width: 24px; height: 24px;\"><\/div>\n        <\/div>\n            <div class=\"kksr-star\" style=\"padding-right: 4px\">\n            \n\n<div class=\"kksr-icon\" style=\"width: 24px; height: 24px;\"><\/div>\n        <\/div>\n    <\/div>\n<\/div>\n                \n\n<div class=\"kksr-legend\" style=\"font-size: 19.2px;\">\n            <span class=\"kksr-muted\">Rate this post<\/span>\n    <\/div>\n    <\/div>","protected":false},"excerpt":{"rendered":"","protected":false},"author":3,"featured_media":0,"parent":0,"menu_order":0,"comment_status":"closed","ping_status":"closed","template":"elementor_header_footer","meta":{"_seopress_robots_primary_cat":"","_seopress_titles_title":"","_seopress_titles_desc":"","_seopress_robots_index":"","om_disable_all_campaigns":false,"_mi_skip_tracking":false,"_monsterinsights_sitenote_active":false,"_monsterinsights_sitenote_note":"","_monsterinsights_sitenote_category":0,"footnotes":""},"class_list":["post-2546","page","type-page","status-publish","hentry"],"acf":[],"_links":{"self":[{"href":"https:\/\/www.excavatorenginepart.com\/sv\/wp-json\/wp\/v2\/pages\/2546","targetHints":{"allow":["GET"]}}],"collection":[{"href":"https:\/\/www.excavatorenginepart.com\/sv\/wp-json\/wp\/v2\/pages"}],"about":[{"href":"https:\/\/www.excavatorenginepart.com\/sv\/wp-json\/wp\/v2\/types\/page"}],"author":[{"embeddable":true,"href":"https:\/\/www.excavatorenginepart.com\/sv\/wp-json\/wp\/v2\/users\/3"}],"replies":[{"embeddable":true,"href":"https:\/\/www.excavatorenginepart.com\/sv\/wp-json\/wp\/v2\/comments?post=2546"}],"version-history":[{"count":28,"href":"https:\/\/www.excavatorenginepart.com\/sv\/wp-json\/wp\/v2\/pages\/2546\/revisions"}],"predecessor-version":[{"id":7207,"href":"https:\/\/www.excavatorenginepart.com\/sv\/wp-json\/wp\/v2\/pages\/2546\/revisions\/7207"}],"wp:attachment":[{"href":"https:\/\/www.excavatorenginepart.com\/sv\/wp-json\/wp\/v2\/media?parent=2546"}],"curies":[{"name":"wp","href":"https:\/\/api.w.org\/{rel}","templated":true}]}}