{"id":7946,"date":"2022-12-29T01:56:56","date_gmt":"2022-12-29T01:56:56","guid":{"rendered":"https:\/\/www.excavatorenginepart.com\/?post_type=product&#038;p=7946"},"modified":"2022-12-29T02:01:37","modified_gmt":"2022-12-29T02:01:37","slug":"ecu-275800-4302-d88a-010-800-electronic-control-unit-for-truck-crane","status":"publish","type":"product","link":"https:\/\/www.excavatorenginepart.com\/sl\/product\/ecu-275800-4302-d88a-010-800-electronic-control-unit-for-truck-crane\/","title":{"rendered":"ECU 275800-4302 D88A-010-800 elektronska krmilna enota za avto\u017eerjav"},"content":{"rendered":"<p><strong>ECU 275800-4302 D88A-010-800 elektronska krmilna enota za avto\u017eerjav<\/strong><\/p>\n<p><img fetchpriority=\"high\" decoding=\"async\" class=\"alignnone size-medium wp-image-7947\" src=\"https:\/\/www.excavatorenginepart.com\/wp-content\/uploads\/2022\/12\/ECU-275800-4302-D88A-010-800-electronic-control-unit-for-truck-crane-300x300.jpg\" alt=\"\" width=\"300\" height=\"300\" srcset=\"https:\/\/www.excavatorenginepart.com\/wp-content\/uploads\/2022\/12\/ECU-275800-4302-D88A-010-800-electronic-control-unit-for-truck-crane-300x300.jpg 300w, https:\/\/www.excavatorenginepart.com\/wp-content\/uploads\/2022\/12\/ECU-275800-4302-D88A-010-800-electronic-control-unit-for-truck-crane-150x150.jpg 150w, https:\/\/www.excavatorenginepart.com\/wp-content\/uploads\/2022\/12\/ECU-275800-4302-D88A-010-800-electronic-control-unit-for-truck-crane.jpg 600w\" sizes=\"(max-width: 300px) 100vw, 300px\" \/><\/p>\n<p>Genuine Car Truck ECU D88A-010-800 275800-4301 Diesel Engine Electronic Control Unit<\/p>\n<p>Computer Module ECM Motor For Shangchai diesel<\/p>\n<p><img decoding=\"async\" class=\"alignnone size-medium wp-image-7949\" src=\"https:\/\/www.excavatorenginepart.com\/wp-content\/uploads\/2022\/12\/Genuine-Car-Truck-ECU-D88A-010-800-275800-4301-Diesel-Engine-Electronic-Control-Unit-Computer-Module-ECM-Motor-For-Shangchai-diesel-300x300.jpg\" alt=\"\" width=\"300\" height=\"300\" srcset=\"https:\/\/www.excavatorenginepart.com\/wp-content\/uploads\/2022\/12\/Genuine-Car-Truck-ECU-D88A-010-800-275800-4301-Diesel-Engine-Electronic-Control-Unit-Computer-Module-ECM-Motor-For-Shangchai-diesel-300x300.jpg 300w, https:\/\/www.excavatorenginepart.com\/wp-content\/uploads\/2022\/12\/Genuine-Car-Truck-ECU-D88A-010-800-275800-4301-Diesel-Engine-Electronic-Control-Unit-Computer-Module-ECM-Motor-For-Shangchai-diesel-150x150.jpg 150w, https:\/\/www.excavatorenginepart.com\/wp-content\/uploads\/2022\/12\/Genuine-Car-Truck-ECU-D88A-010-800-275800-4301-Diesel-Engine-Electronic-Control-Unit-Computer-Module-ECM-Motor-For-Shangchai-diesel.jpg 600w\" sizes=\"(max-width: 300px) 100vw, 300px\" \/><\/p>\n<p>Shangchai Engine spare parts D88A-010-800 275800-4302 Engine ECU controller<\/p>\n<p><img decoding=\"async\" class=\"alignnone size-medium wp-image-7948\" src=\"https:\/\/www.excavatorenginepart.com\/wp-content\/uploads\/2022\/12\/engine-spare-parts-D88A-010-800-275800-4302-Engine-ECU-controller-300x300.jpg\" alt=\"\" width=\"300\" height=\"300\" srcset=\"https:\/\/www.excavatorenginepart.com\/wp-content\/uploads\/2022\/12\/engine-spare-parts-D88A-010-800-275800-4302-Engine-ECU-controller-300x300.jpg 300w, https:\/\/www.excavatorenginepart.com\/wp-content\/uploads\/2022\/12\/engine-spare-parts-D88A-010-800-275800-4302-Engine-ECU-controller-150x150.jpg 150w, https:\/\/www.excavatorenginepart.com\/wp-content\/uploads\/2022\/12\/engine-spare-parts-D88A-010-800-275800-4302-Engine-ECU-controller.jpg 600w\" sizes=\"(max-width: 300px) 100vw, 300px\" \/><\/p>\n<p><strong>Product Description<\/strong><\/p>\n<p class=\"magic-5\"><span style=\"font-size: medium;\" data-spm-anchor-id=\"a2700.details.0.i9.6ae6edc4JWhT9z\">Shangchai electronic control unit 275800-4302 ECU D88A-010-800 for truck crane<\/span><\/p>\n<p class=\"magic-5\"><span style=\"font-size: medium;\">Model:275800-4302<\/span><\/p>\n<p class=\"magic-5\" data-spm-anchor-id=\"a2700.details.0.i10.6ae6edc4JWhT9z\"><span style=\"font-size: medium;\">Part No.:\u00a0 D88A-010-800<\/span><\/p>\n<p class=\"magic-5\"><span style=\"font-size: medium;\">Name: Electronic control unit ECU<\/span><\/p>\n<p class=\"magic-5\"><span style=\"font-size: medium;\">Application: Shangchai engine<\/span><\/p>\n<p><strong>Essential details<\/strong><\/p>\n<p>Condition:New<br \/>\nApplicable Industries:Building Material Shops, Machinery Repair Shops, Manufacturing Plant, Construction works , Energy &amp; Mining<br \/>\nVideo outgoing-inspection:Provided<br \/>\nMachinery Test Report:Provided<br \/>\nMarketing Type:Ordinary Product<br \/>\nPlace of Origin:Japan<br \/>\nBrand Name:shangchai<br \/>\nWarranty:3months<br \/>\nPart name:ECU, electronic control unit<br \/>\nModel:275800-4302<br \/>\nPart number:D88A-010-800<br \/>\nColor:Silver<br \/>\nApplication:engine for truck or truck crane<br \/>\nMaterial:Alloy Steel<br \/>\nMOQ:1pcs<br \/>\nQuality:High Guarantee<br \/>\nPacking:Carto<\/p>\n<p><strong>Prednost na\u0161ega podjetja izdelki<\/strong><\/p>\n<p>Mi lahko dobavlja <a href=\"http:\/\/www.kpdiesel.com\">Deli za dizelske motorje<\/a> :<br \/>\n<a href=\"https:\/\/www.excavatorenginepart.com\/sl\/product-category\/cummins-diesel-engine\/\">Dizelski motorji: <\/a>Dizelski motor Cummins, dizelski motor Weichai, dizelski motor Shangchai, dizelski motor Komatsu, dizelski motor Yanmar.<\/p>\n<p><a href=\"https:\/\/www.excavatorenginepart.com\/sl\/product-category\/deutz-engine-part\/\">Deli motorja:<\/a> Del motorja Cummins, del motorja Deutz, del motorja Volvo, del motorja Caterpiller, del motorja Kubota, del motorja Yanmar, del motorja Isuzu, del motorja Mitsubishi, del motorja Perkins, del motorja Komatsu, del motorja Wechai, del motorja Shangchai, del motorja Yuchai.<\/p>\n<p><a href=\"https:\/\/www.excavatorenginepart.com\/sl\/product-category\/shantui-bulldozer-part\/\">Deli za buldo\u017eerje:<\/a> Del buldo\u017eerja Shantui, del buldo\u017eerja Shanghai pengpu, del buldo\u017eerja HBXG, del buldo\u017eerja Liugong, del buldo\u017eerja Tianjin Yishan.<\/p>\n<p><a href=\"https:\/\/www.excavatorenginepart.com\/sl\/product-category\/sdlg-loader-parts\/\">Deli za nakladalnike:<\/a> Deli za nakladalnike SDLG, deli za nakladalnike Liugong, deli za nakladalnike XCMG, deli za nakladalnike Lonking, deli za nakladalnike XGMA.<\/p>\n<p><a href=\"https:\/\/www.excavatorenginepart.com\/sl\/product-category\/dse-controller\/\">Deli za generatorje:<\/a> Krmilnik DSE, krmilnik ComAp, krmilnik Woodward, krmilnik hitrosti Cummins, krmilnik hitrosti GAC, generator AVR, pogoni motorja, senzorji motorja, merilniki motorja.<\/p>\n<p><a href=\"https:\/\/www.excavatorenginepart.com\/sl\/product-category\/excavator-hydraulic-pump\/\">Deli za bagre<\/a>: Del motorja bagra, deli podvozja bagra, kon\u010dni pogon bagra, glavni ventil bagra, hidravli\u010dna \u010drpalka bagra.<\/p>\n<p>Ve\u010d informacij, pi\u0161ite nam, prosimo.\u00a0<\/p>\n<p><strong><span style=\"color: #ff0000;\">WhatsApp, Wechat: 0086 15553722299\u00a0<\/span><\/strong><\/p>\n<p>&nbsp;<\/p>\n<p>&nbsp;<\/p>\n<p>&nbsp;<\/p>","protected":false},"excerpt":{"rendered":"<p>ECU 275800-4302 D88A-010-800 electronic control unit for truck crane Genuine Car Truck ECU D88A-010-800 275800-4301 Diesel Engine Electronic Control Unit Computer Module ECM Motor For Shangchai diesel Shangchai Engine spare parts D88A-010-800 275800-4302 Engine ECU controller Product Description Shangchai electronic control unit 275800-4302 ECU D88A-010-800 for truck crane Model:275800-4302 Part No.:\u00a0 D88A-010-800 Name: Electronic control [&hellip;]<\/p>","protected":false},"featured_media":7947,"menu_order":0,"comment_status":"closed","ping_status":"closed","template":"","meta":{"_seopress_robots_primary_cat":"","_seopress_titles_title":"","_seopress_titles_desc":"","_seopress_robots_index":"","om_disable_all_campaigns":false,"_mi_skip_tracking":false,"_monsterinsights_sitenote_active":false,"_monsterinsights_sitenote_note":"","_monsterinsights_sitenote_category":0},"product_cat":[],"product_tag":[],"product_category":[120],"class_list":{"0":"post-7946","1":"product","2":"type-product","3":"status-publish","4":"has-post-thumbnail","6":"product_category-shangchai-engine-part","8":"first","9":"instock","10":"shipping-taxable","11":"product-type-simple"},"acf":[],"_links":{"self":[{"href":"https:\/\/www.excavatorenginepart.com\/sl\/wp-json\/wp\/v2\/product\/7946","targetHints":{"allow":["GET"]}}],"collection":[{"href":"https:\/\/www.excavatorenginepart.com\/sl\/wp-json\/wp\/v2\/product"}],"about":[{"href":"https:\/\/www.excavatorenginepart.com\/sl\/wp-json\/wp\/v2\/types\/product"}],"replies":[{"embeddable":true,"href":"https:\/\/www.excavatorenginepart.com\/sl\/wp-json\/wp\/v2\/comments?post=7946"}],"wp:featuredmedia":[{"embeddable":true,"href":"https:\/\/www.excavatorenginepart.com\/sl\/wp-json\/wp\/v2\/media\/7947"}],"wp:attachment":[{"href":"https:\/\/www.excavatorenginepart.com\/sl\/wp-json\/wp\/v2\/media?parent=7946"}],"wp:term":[{"taxonomy":"product_cat","embeddable":true,"href":"https:\/\/www.excavatorenginepart.com\/sl\/wp-json\/wp\/v2\/product_cat?post=7946"},{"taxonomy":"product_tag","embeddable":true,"href":"https:\/\/www.excavatorenginepart.com\/sl\/wp-json\/wp\/v2\/product_tag?post=7946"},{"taxonomy":"product_category","embeddable":true,"href":"https:\/\/www.excavatorenginepart.com\/sl\/wp-json\/wp\/v2\/product_category?post=7946"}],"curies":[{"name":"wp","href":"https:\/\/api.w.org\/{rel}","templated":true}]}}