{"id":7327,"date":"2022-12-05T12:48:34","date_gmt":"2022-12-05T12:48:34","guid":{"rendered":"https:\/\/www.excavatorenginepart.com\/?post_type=product&#038;p=7327"},"modified":"2022-12-05T13:03:04","modified_gmt":"2022-12-05T13:03:04","slug":"shantui-sd32-bulldozer-parts-planet-carrier-175-15-42364","status":"publish","type":"product","link":"https:\/\/www.excavatorenginepart.com\/sl\/product\/shantui-sd32-bulldozer-parts-planet-carrier-175-15-42364\/","title":{"rendered":"Shantui SD32 Bulldozer Parts Planet Carrier 175-15-42364"},"content":{"rendered":"<p><strong>Shantui SD32 Bulldozer Parts Planet Carrier 175-15-42364<\/strong><\/p>\n<p><img fetchpriority=\"high\" decoding=\"async\" class=\"alignnone size-medium wp-image-7330\" src=\"https:\/\/www.excavatorenginepart.com\/wp-content\/uploads\/2022\/12\/SHANTUI-SD32-BULLDOZER-PARTS-PLANET-CARRIER-175-15-42364-300x225.png\" alt=\"planet carrier 175-15-42364\" width=\"300\" height=\"225\" srcset=\"https:\/\/www.excavatorenginepart.com\/wp-content\/uploads\/2022\/12\/SHANTUI-SD32-BULLDOZER-PARTS-PLANET-CARRIER-175-15-42364-300x225.png 300w, https:\/\/www.excavatorenginepart.com\/wp-content\/uploads\/2022\/12\/SHANTUI-SD32-BULLDOZER-PARTS-PLANET-CARRIER-175-15-42364-768x576.png 768w, https:\/\/www.excavatorenginepart.com\/wp-content\/uploads\/2022\/12\/SHANTUI-SD32-BULLDOZER-PARTS-PLANET-CARRIER-175-15-42364.png 800w\" sizes=\"(max-width: 300px) 100vw, 300px\" \/><\/p>\n<p>175-15-42364 dodatki za dele buldo\u017eerjev Sestav planetarnega menjalnika<\/p>\n<p><img decoding=\"async\" class=\"alignnone size-medium wp-image-7328\" src=\"https:\/\/www.excavatorenginepart.com\/wp-content\/uploads\/2022\/12\/175-15-42364-bulldozer-parts-accessories-Planetary-gear-assembly-300x225.png\" alt=\"bulldozer  palanerary gear assembly \" width=\"300\" height=\"225\" srcset=\"https:\/\/www.excavatorenginepart.com\/wp-content\/uploads\/2022\/12\/175-15-42364-bulldozer-parts-accessories-Planetary-gear-assembly-300x225.png 300w, https:\/\/www.excavatorenginepart.com\/wp-content\/uploads\/2022\/12\/175-15-42364-bulldozer-parts-accessories-Planetary-gear-assembly-768x576.png 768w, https:\/\/www.excavatorenginepart.com\/wp-content\/uploads\/2022\/12\/175-15-42364-bulldozer-parts-accessories-Planetary-gear-assembly.png 800w\" sizes=\"(max-width: 300px) 100vw, 300px\" \/><\/p>\n<p>D155A-1 Bulldozer parts Transmission Planetary Carrier 175-15-42364<\/p>\n<p><img decoding=\"async\" class=\"alignnone size-medium wp-image-7329\" src=\"https:\/\/www.excavatorenginepart.com\/wp-content\/uploads\/2022\/12\/D155A-1-Bulldozer-parts-Transmission-Planetary-Carrier-175-15-42364-300x225.png\" alt=\"transmission planetary carrier\" width=\"300\" height=\"225\" srcset=\"https:\/\/www.excavatorenginepart.com\/wp-content\/uploads\/2022\/12\/D155A-1-Bulldozer-parts-Transmission-Planetary-Carrier-175-15-42364-300x225.png 300w, https:\/\/www.excavatorenginepart.com\/wp-content\/uploads\/2022\/12\/D155A-1-Bulldozer-parts-Transmission-Planetary-Carrier-175-15-42364-768x576.png 768w, https:\/\/www.excavatorenginepart.com\/wp-content\/uploads\/2022\/12\/D155A-1-Bulldozer-parts-Transmission-Planetary-Carrier-175-15-42364.png 800w\" sizes=\"(max-width: 300px) 100vw, 300px\" \/><\/p>\n<p>SHANTUI SD32 BULLDOZER SPARE PARTS PLANET CARRIER 175-15-42364<\/p>\n<p><img loading=\"lazy\" decoding=\"async\" class=\"alignnone size-medium wp-image-7331\" src=\"https:\/\/www.excavatorenginepart.com\/wp-content\/uploads\/2022\/12\/SHANTUI-SD32-BULLDOZER-SPARE-PARTS-PLANET-CARRIER-175-15-42364-300x225.png\" alt=\"sd32 planet carrier \" width=\"300\" height=\"225\" srcset=\"https:\/\/www.excavatorenginepart.com\/wp-content\/uploads\/2022\/12\/SHANTUI-SD32-BULLDOZER-SPARE-PARTS-PLANET-CARRIER-175-15-42364-300x225.png 300w, https:\/\/www.excavatorenginepart.com\/wp-content\/uploads\/2022\/12\/SHANTUI-SD32-BULLDOZER-SPARE-PARTS-PLANET-CARRIER-175-15-42364-768x576.png 768w, https:\/\/www.excavatorenginepart.com\/wp-content\/uploads\/2022\/12\/SHANTUI-SD32-BULLDOZER-SPARE-PARTS-PLANET-CARRIER-175-15-42364.png 800w\" sizes=\"(max-width: 300px) 100vw, 300px\" \/><\/p>\n<p>SHANTUI TY320 BULLDOZER SPARE PARTS PLANET CARRIER 175-15-42364<\/p>\n<p><img loading=\"lazy\" decoding=\"async\" class=\"alignnone size-medium wp-image-7332\" src=\"https:\/\/www.excavatorenginepart.com\/wp-content\/uploads\/2022\/12\/SHANTUI-TY320-BULLDOZER-SPARE-PARTS-PLANET-CARRIER-175-15-42364-300x225.png\" alt=\"shantui planet carrier 175-15-42364\" width=\"300\" height=\"225\" srcset=\"https:\/\/www.excavatorenginepart.com\/wp-content\/uploads\/2022\/12\/SHANTUI-TY320-BULLDOZER-SPARE-PARTS-PLANET-CARRIER-175-15-42364-300x225.png 300w, https:\/\/www.excavatorenginepart.com\/wp-content\/uploads\/2022\/12\/SHANTUI-TY320-BULLDOZER-SPARE-PARTS-PLANET-CARRIER-175-15-42364-768x576.png 768w, https:\/\/www.excavatorenginepart.com\/wp-content\/uploads\/2022\/12\/SHANTUI-TY320-BULLDOZER-SPARE-PARTS-PLANET-CARRIER-175-15-42364.png 800w\" sizes=\"(max-width: 300px) 100vw, 300px\" \/><\/p>\n<p><strong>Prednost na\u0161ega podjetja izdelki<\/strong><\/p>\n<p>Mi lahko dobavlja <a href=\"http:\/\/www.kpdiesel.com\">Deli za dizelske motorje<\/a> :<br \/>\n<a href=\"https:\/\/www.excavatorenginepart.com\/sl\/product-category\/cummins-diesel-engine\/\">Dizelski motorji: <\/a>Dizelski motor Cummins, dizelski motor Weichai, dizelski motor Shangchai, dizelski motor Komatsu, dizelski motor Yanmar.<\/p>\n<p><a href=\"https:\/\/www.excavatorenginepart.com\/sl\/product-category\/deutz-engine-part\/\">Deli motorja:<\/a> Del motorja Cummins, del motorja Deutz, del motorja Volvo, del motorja Caterpiller, del motorja Kubota, del motorja Yanmar, del motorja Isuzu, del motorja Mitsubishi, del motorja Perkins, del motorja Komatsu, del motorja Wechai, del motorja Shangchai, del motorja Yuchai.<\/p>\n<p><a href=\"https:\/\/www.excavatorenginepart.com\/sl\/product-category\/shantui-bulldozer-part\/\">Deli za buldo\u017eerje:<\/a> Del buldo\u017eerja Shantui, del buldo\u017eerja Shanghai pengpu, del buldo\u017eerja HBXG, del buldo\u017eerja Liugong, del buldo\u017eerja Tianjin Yishan.<\/p>\n<p><a href=\"https:\/\/www.excavatorenginepart.com\/sl\/product-category\/sdlg-loader-parts\/\">Deli za nakladalnike:<\/a> Deli za nakladalnike SDLG, deli za nakladalnike Liugong, deli za nakladalnike XCMG, deli za nakladalnike Lonking, deli za nakladalnike XGMA.<\/p>\n<p><a href=\"https:\/\/www.excavatorenginepart.com\/sl\/product-category\/dse-controller\/\">Deli za generatorje:<\/a> Krmilnik DSE, krmilnik ComAp, krmilnik Woodward, krmilnik hitrosti Cummins, krmilnik hitrosti GAC, generator AVR, pogoni motorja, senzorji motorja, merilniki motorja.<\/p>\n<p><a href=\"https:\/\/www.excavatorenginepart.com\/sl\/product-category\/excavator-hydraulic-pump\/\">Deli za bagre<\/a>: Del motorja bagra, deli podvozja bagra, kon\u010dni pogon bagra, glavni ventil bagra, hidravli\u010dna \u010drpalka bagra.<\/p>\n<p>Ve\u010d informacij, pi\u0161ite nam, prosimo.\u00a0<\/p>\n<p><strong><span style=\"color: #ff0000;\">WhatsApp, Wechat: 0086 15553722299\u00a0<\/span><\/strong><\/p>\n<p>&nbsp;<\/p>\n<p>&nbsp;<\/p>","protected":false},"excerpt":{"rendered":"<p>Shantui SD32 Bulldozer Parts Planet Carrier 175-15-42364 175-15-42364 bulldozer parts accessories Planetary gear assembly D155A-1 Bulldozer parts Transmission Planetary Carrier 175-15-42364 SHANTUI SD32 BULLDOZER SPARE PARTS PLANET CARRIER 175-15-42364 SHANTUI TY320 BULLDOZER SPARE PARTS PLANET CARRIER 175-15-42364 Our company advantage products We Can Supplied Diesel Engine Parts : Diesel Engines: Cummins diesel engine, Weichai diesel [&hellip;]<\/p>","protected":false},"featured_media":7328,"menu_order":0,"comment_status":"closed","ping_status":"closed","template":"","meta":{"_seopress_robots_primary_cat":"","_seopress_titles_title":"","_seopress_titles_desc":"","_seopress_robots_index":"","om_disable_all_campaigns":false,"_mi_skip_tracking":false,"_monsterinsights_sitenote_active":false,"_monsterinsights_sitenote_note":"","_monsterinsights_sitenote_category":0},"product_cat":[],"product_tag":[],"product_category":[121],"class_list":{"0":"post-7327","1":"product","2":"type-product","3":"status-publish","4":"has-post-thumbnail","6":"product_category-shantui-bulldozer-part","8":"first","9":"instock","10":"shipping-taxable","11":"product-type-simple"},"acf":[],"_links":{"self":[{"href":"https:\/\/www.excavatorenginepart.com\/sl\/wp-json\/wp\/v2\/product\/7327","targetHints":{"allow":["GET"]}}],"collection":[{"href":"https:\/\/www.excavatorenginepart.com\/sl\/wp-json\/wp\/v2\/product"}],"about":[{"href":"https:\/\/www.excavatorenginepart.com\/sl\/wp-json\/wp\/v2\/types\/product"}],"replies":[{"embeddable":true,"href":"https:\/\/www.excavatorenginepart.com\/sl\/wp-json\/wp\/v2\/comments?post=7327"}],"wp:featuredmedia":[{"embeddable":true,"href":"https:\/\/www.excavatorenginepart.com\/sl\/wp-json\/wp\/v2\/media\/7328"}],"wp:attachment":[{"href":"https:\/\/www.excavatorenginepart.com\/sl\/wp-json\/wp\/v2\/media?parent=7327"}],"wp:term":[{"taxonomy":"product_cat","embeddable":true,"href":"https:\/\/www.excavatorenginepart.com\/sl\/wp-json\/wp\/v2\/product_cat?post=7327"},{"taxonomy":"product_tag","embeddable":true,"href":"https:\/\/www.excavatorenginepart.com\/sl\/wp-json\/wp\/v2\/product_tag?post=7327"},{"taxonomy":"product_category","embeddable":true,"href":"https:\/\/www.excavatorenginepart.com\/sl\/wp-json\/wp\/v2\/product_category?post=7327"}],"curies":[{"name":"wp","href":"https:\/\/api.w.org\/{rel}","templated":true}]}}