{"id":7314,"date":"2022-12-04T06:38:25","date_gmt":"2022-12-04T06:38:25","guid":{"rendered":"https:\/\/www.excavatorenginepart.com\/?post_type=product&#038;p=7314"},"modified":"2022-12-04T06:50:12","modified_gmt":"2022-12-04T06:50:12","slug":"k19-diesel-engine-spare-parts-fuel-injector-3087587","status":"publish","type":"product","link":"https:\/\/www.excavatorenginepart.com\/sl\/product\/k19-diesel-engine-spare-parts-fuel-injector-3087587\/","title":{"rendered":"K19 diesel engine spare parts fuel injector 3087587"},"content":{"rendered":"<p>Cummins injector 3087587 Was Made In China, The Factory on Chongqing Ctiy\u00a0<\/p>\n<p>This Fuel Injector Fitting On Cummins K19 KTA19 QSK19 Diesel Engine, Oringinal And OEM Injector\u00a0<\/p>\n<p>We Can Also Provide.\u00a0<\/p>\n<p><strong>K19 diesel engine spare parts fuel injector 3087587<\/strong><\/p>\n<p><img fetchpriority=\"high\" decoding=\"async\" class=\"alignnone size-medium wp-image-7315\" src=\"https:\/\/www.excavatorenginepart.com\/wp-content\/uploads\/2022\/12\/cummins-injector-3087587-for-cummins-diesel-engine-300x225.jpg\" alt=\"\" width=\"300\" height=\"225\" srcset=\"https:\/\/www.excavatorenginepart.com\/wp-content\/uploads\/2022\/12\/cummins-injector-3087587-for-cummins-diesel-engine-300x225.jpg 300w, https:\/\/www.excavatorenginepart.com\/wp-content\/uploads\/2022\/12\/cummins-injector-3087587-for-cummins-diesel-engine-768x576.jpg 768w, https:\/\/www.excavatorenginepart.com\/wp-content\/uploads\/2022\/12\/cummins-injector-3087587-for-cummins-diesel-engine.jpg 800w\" sizes=\"(max-width: 300px) 100vw, 300px\" \/><\/p>\n<p>Cummins injector 3087587 for cummins diesel engine<\/p>\n<p><img decoding=\"async\" class=\"alignnone size-medium wp-image-7316\" src=\"https:\/\/www.excavatorenginepart.com\/wp-content\/uploads\/2022\/12\/K19-diesel-engine-spare-parts-fuel-injector-3087587-300x225.jpg\" alt=\"\" width=\"300\" height=\"225\" srcset=\"https:\/\/www.excavatorenginepart.com\/wp-content\/uploads\/2022\/12\/K19-diesel-engine-spare-parts-fuel-injector-3087587-300x225.jpg 300w, https:\/\/www.excavatorenginepart.com\/wp-content\/uploads\/2022\/12\/K19-diesel-engine-spare-parts-fuel-injector-3087587-768x576.jpg 768w, https:\/\/www.excavatorenginepart.com\/wp-content\/uploads\/2022\/12\/K19-diesel-engine-spare-parts-fuel-injector-3087587.jpg 800w\" sizes=\"(max-width: 300px) 100vw, 300px\" \/><\/p>\n<p>K19 KTA19 QSK19 Diesel ENGINE parts Fuel Injector 3087587 for Cummins<\/p>\n<p><img decoding=\"async\" class=\"alignnone size-medium wp-image-7317\" src=\"https:\/\/www.excavatorenginepart.com\/wp-content\/uploads\/2022\/12\/K19-KTA19-QSK19-Diesel-ENGINE-parts-Fuel-Injector-3087587-for-Cummins-300x225.jpg\" alt=\"\" width=\"300\" height=\"225\" srcset=\"https:\/\/www.excavatorenginepart.com\/wp-content\/uploads\/2022\/12\/K19-KTA19-QSK19-Diesel-ENGINE-parts-Fuel-Injector-3087587-for-Cummins-300x225.jpg 300w, https:\/\/www.excavatorenginepart.com\/wp-content\/uploads\/2022\/12\/K19-KTA19-QSK19-Diesel-ENGINE-parts-Fuel-Injector-3087587-for-Cummins-768x576.jpg 768w, https:\/\/www.excavatorenginepart.com\/wp-content\/uploads\/2022\/12\/K19-KTA19-QSK19-Diesel-ENGINE-parts-Fuel-Injector-3087587-for-Cummins.jpg 800w\" sizes=\"(max-width: 300px) 100vw, 300px\" \/><\/p>\n<p>Original Cummins K38 QSK38 K50 Injector 3087587<\/p>\n<p><img loading=\"lazy\" decoding=\"async\" class=\"alignnone size-medium wp-image-7318\" src=\"https:\/\/www.excavatorenginepart.com\/wp-content\/uploads\/2022\/12\/original-Cummins-K38-QSK38-K50-Injector-3087587-300x225.jpg\" alt=\"\" width=\"300\" height=\"225\" srcset=\"https:\/\/www.excavatorenginepart.com\/wp-content\/uploads\/2022\/12\/original-Cummins-K38-QSK38-K50-Injector-3087587-300x225.jpg 300w, https:\/\/www.excavatorenginepart.com\/wp-content\/uploads\/2022\/12\/original-Cummins-K38-QSK38-K50-Injector-3087587-768x576.jpg 768w, https:\/\/www.excavatorenginepart.com\/wp-content\/uploads\/2022\/12\/original-Cummins-K38-QSK38-K50-Injector-3087587.jpg 800w\" sizes=\"(max-width: 300px) 100vw, 300px\" \/><\/p>\n<p><strong>Prednost na\u0161ega podjetja izdelki<\/strong><\/p>\n<p>Mi lahko dobavlja <a href=\"http:\/\/www.kpdiesel.com\">Deli za dizelske motorje<\/a> :<br \/>\n<a href=\"https:\/\/www.excavatorenginepart.com\/sl\/product-category\/cummins-diesel-engine\/\">Dizelski motorji: <\/a>Dizelski motor Cummins, dizelski motor Weichai, dizelski motor Shangchai, dizelski motor Komatsu, dizelski motor Yanmar.<\/p>\n<p><a href=\"https:\/\/www.excavatorenginepart.com\/sl\/product-category\/deutz-engine-part\/\">Deli motorja:<\/a> Del motorja Cummins, del motorja Deutz, del motorja Volvo, del motorja Caterpiller, del motorja Kubota, del motorja Yanmar, del motorja Isuzu, del motorja Mitsubishi, del motorja Perkins, del motorja Komatsu, del motorja Wechai, del motorja Shangchai, del motorja Yuchai.<\/p>\n<p><a href=\"https:\/\/www.excavatorenginepart.com\/sl\/product-category\/shantui-bulldozer-part\/\">Deli za buldo\u017eerje:<\/a> Del buldo\u017eerja Shantui, del buldo\u017eerja Shanghai pengpu, del buldo\u017eerja HBXG, del buldo\u017eerja Liugong, del buldo\u017eerja Tianjin Yishan.<\/p>\n<p><a href=\"https:\/\/www.excavatorenginepart.com\/sl\/product-category\/sdlg-loader-parts\/\">Deli za nakladalnike:<\/a> Deli za nakladalnike SDLG, deli za nakladalnike Liugong, deli za nakladalnike XCMG, deli za nakladalnike Lonking, deli za nakladalnike XGMA.<\/p>\n<p><a href=\"https:\/\/www.excavatorenginepart.com\/sl\/product-category\/dse-controller\/\">Deli za generatorje:<\/a> Krmilnik DSE, krmilnik ComAp, krmilnik Woodward, krmilnik hitrosti Cummins, krmilnik hitrosti GAC, generator AVR, pogoni motorja, senzorji motorja, merilniki motorja.<\/p>\n<p><a href=\"https:\/\/www.excavatorenginepart.com\/sl\/product-category\/excavator-hydraulic-pump\/\">Deli za bagre<\/a>: Del motorja bagra, deli podvozja bagra, kon\u010dni pogon bagra, glavni ventil bagra, hidravli\u010dna \u010drpalka bagra.<\/p>\n<p>Ve\u010d informacij, pi\u0161ite nam, prosimo.\u00a0<\/p>\n<p><strong><span style=\"color: #ff0000;\">WhatsApp, Wechat: 0086 15553722299\u00a0<\/span><\/strong><\/p>\n<p>&nbsp;<\/p>\n<p>&nbsp;<\/p>","protected":false},"excerpt":{"rendered":"<p>Cummins injector 3087587 Was Made In China, The Factory on Chongqing Ctiy\u00a0 This Fuel Injector Fitting On Cummins K19 KTA19 QSK19 Diesel Engine, Oringinal And OEM Injector\u00a0 We Can Also Provide.\u00a0 K19 diesel engine spare parts fuel injector 3087587 Cummins injector 3087587 for cummins diesel engine K19 KTA19 QSK19 Diesel ENGINE parts Fuel Injector 3087587 [&hellip;]<\/p>","protected":false},"featured_media":7316,"menu_order":0,"comment_status":"closed","ping_status":"closed","template":"","meta":{"_seopress_robots_primary_cat":"","_seopress_titles_title":"","_seopress_titles_desc":"","_seopress_robots_index":"","om_disable_all_campaigns":false,"_mi_skip_tracking":false,"_monsterinsights_sitenote_active":false,"_monsterinsights_sitenote_note":"","_monsterinsights_sitenote_category":0},"product_cat":[],"product_tag":[],"product_category":[115],"class_list":{"0":"post-7314","1":"product","2":"type-product","3":"status-publish","4":"has-post-thumbnail","6":"product_category-cummins-engine-part","8":"first","9":"instock","10":"shipping-taxable","11":"product-type-simple"},"acf":[],"_links":{"self":[{"href":"https:\/\/www.excavatorenginepart.com\/sl\/wp-json\/wp\/v2\/product\/7314","targetHints":{"allow":["GET"]}}],"collection":[{"href":"https:\/\/www.excavatorenginepart.com\/sl\/wp-json\/wp\/v2\/product"}],"about":[{"href":"https:\/\/www.excavatorenginepart.com\/sl\/wp-json\/wp\/v2\/types\/product"}],"replies":[{"embeddable":true,"href":"https:\/\/www.excavatorenginepart.com\/sl\/wp-json\/wp\/v2\/comments?post=7314"}],"wp:featuredmedia":[{"embeddable":true,"href":"https:\/\/www.excavatorenginepart.com\/sl\/wp-json\/wp\/v2\/media\/7316"}],"wp:attachment":[{"href":"https:\/\/www.excavatorenginepart.com\/sl\/wp-json\/wp\/v2\/media?parent=7314"}],"wp:term":[{"taxonomy":"product_cat","embeddable":true,"href":"https:\/\/www.excavatorenginepart.com\/sl\/wp-json\/wp\/v2\/product_cat?post=7314"},{"taxonomy":"product_tag","embeddable":true,"href":"https:\/\/www.excavatorenginepart.com\/sl\/wp-json\/wp\/v2\/product_tag?post=7314"},{"taxonomy":"product_category","embeddable":true,"href":"https:\/\/www.excavatorenginepart.com\/sl\/wp-json\/wp\/v2\/product_category?post=7314"}],"curies":[{"name":"wp","href":"https:\/\/api.w.org\/{rel}","templated":true}]}}