{"id":7308,"date":"2022-12-03T13:33:27","date_gmt":"2022-12-03T13:33:27","guid":{"rendered":"https:\/\/www.excavatorenginepart.com\/?post_type=product&#038;p=7308"},"modified":"2022-12-03T14:16:07","modified_gmt":"2022-12-03T14:16:07","slug":"inline6-cummins-special-inspection-instrument-2892092","status":"publish","type":"product","link":"https:\/\/www.excavatorenginepart.com\/sl\/product\/inline6-cummins-special-inspection-instrument-2892092\/","title":{"rendered":"INLINE6 Cummins special inspection original instrument  diagnostic tester 2892092"},"content":{"rendered":"<p>INLINE6 Cummins special inspection instrument 2892092 used for Cummins Engine\u00a0<\/p>\n<p>Fault Checking And Testing, The Cummins Servicer Will Use The Fault Code\u00a0<\/p>\n<p>To Adjust The Engine Speed And Performance Premeter.\u00a0<\/p>\n<p><strong>INLINE6 Cummins Special Inspection Original Instrument \u00a0Diagnostic Tester 2892092\u00a0<\/strong><\/p>\n<p>&nbsp;<\/p>\n<p><img fetchpriority=\"high\" decoding=\"async\" class=\"alignnone size-medium wp-image-7312\" src=\"https:\/\/www.excavatorenginepart.com\/wp-content\/uploads\/2022\/12\/INLINE6-Cummins-special-inspection-original-instrument-cummins-diagnostic-tester-2892092-300x225.jpg\" alt=\"\" width=\"300\" height=\"225\" srcset=\"https:\/\/www.excavatorenginepart.com\/wp-content\/uploads\/2022\/12\/INLINE6-Cummins-special-inspection-original-instrument-cummins-diagnostic-tester-2892092-300x225.jpg 300w, https:\/\/www.excavatorenginepart.com\/wp-content\/uploads\/2022\/12\/INLINE6-Cummins-special-inspection-original-instrument-cummins-diagnostic-tester-2892092-768x576.jpg 768w, https:\/\/www.excavatorenginepart.com\/wp-content\/uploads\/2022\/12\/INLINE6-Cummins-special-inspection-original-instrument-cummins-diagnostic-tester-2892092.jpg 800w\" sizes=\"(max-width: 300px) 100vw, 300px\" \/><\/p>\n<p>Inline 6 data link adapter for cummins engine data checking and testing<\/p>\n<p><img decoding=\"async\" class=\"alignnone size-medium wp-image-7311\" src=\"https:\/\/www.excavatorenginepart.com\/wp-content\/uploads\/2022\/12\/Inline-6-data-link-adapter-for-cummins-engine-data-checking-and-testing-300x225.jpg\" alt=\"\" width=\"300\" height=\"225\" srcset=\"https:\/\/www.excavatorenginepart.com\/wp-content\/uploads\/2022\/12\/Inline-6-data-link-adapter-for-cummins-engine-data-checking-and-testing-300x225.jpg 300w, https:\/\/www.excavatorenginepart.com\/wp-content\/uploads\/2022\/12\/Inline-6-data-link-adapter-for-cummins-engine-data-checking-and-testing-768x576.jpg 768w, https:\/\/www.excavatorenginepart.com\/wp-content\/uploads\/2022\/12\/Inline-6-data-link-adapter-for-cummins-engine-data-checking-and-testing.jpg 800w\" sizes=\"(max-width: 300px) 100vw, 300px\" \/><\/p>\n<p>&nbsp;<\/p>\n<p>Cummins Diesel Engine Parts Inline 6 2892092 Data Link Adapter Kit 2892092 Diagnostic Tools<\/p>\n<p><img decoding=\"async\" class=\"alignnone size-medium wp-image-7310\" src=\"https:\/\/www.excavatorenginepart.com\/wp-content\/uploads\/2022\/12\/Cummins-Diesel-Engine-Parts-Inline-6-2892092-Data-Link-Adapter-Kit-2892092-Diagnostic-Tools-300x225.jpg\" alt=\"\" width=\"300\" height=\"225\" srcset=\"https:\/\/www.excavatorenginepart.com\/wp-content\/uploads\/2022\/12\/Cummins-Diesel-Engine-Parts-Inline-6-2892092-Data-Link-Adapter-Kit-2892092-Diagnostic-Tools-300x225.jpg 300w, https:\/\/www.excavatorenginepart.com\/wp-content\/uploads\/2022\/12\/Cummins-Diesel-Engine-Parts-Inline-6-2892092-Data-Link-Adapter-Kit-2892092-Diagnostic-Tools-768x576.jpg 768w, https:\/\/www.excavatorenginepart.com\/wp-content\/uploads\/2022\/12\/Cummins-Diesel-Engine-Parts-Inline-6-2892092-Data-Link-Adapter-Kit-2892092-Diagnostic-Tools.jpg 800w\" sizes=\"(max-width: 300px) 100vw, 300px\" \/><\/p>\n<p>2892092 Inline 6 Datalink Adapter Kit diagnostic tool for cummins<\/p>\n<p><img loading=\"lazy\" decoding=\"async\" class=\"alignnone size-medium wp-image-7309\" src=\"https:\/\/www.excavatorenginepart.com\/wp-content\/uploads\/2022\/12\/2892092-Inline-6-Datalink-Adapter-Kit-diagnostic-tool-for-cummins-300x225.jpg\" alt=\"\" width=\"300\" height=\"225\" srcset=\"https:\/\/www.excavatorenginepart.com\/wp-content\/uploads\/2022\/12\/2892092-Inline-6-Datalink-Adapter-Kit-diagnostic-tool-for-cummins-300x225.jpg 300w, https:\/\/www.excavatorenginepart.com\/wp-content\/uploads\/2022\/12\/2892092-Inline-6-Datalink-Adapter-Kit-diagnostic-tool-for-cummins-768x576.jpg 768w, https:\/\/www.excavatorenginepart.com\/wp-content\/uploads\/2022\/12\/2892092-Inline-6-Datalink-Adapter-Kit-diagnostic-tool-for-cummins.jpg 800w\" sizes=\"(max-width: 300px) 100vw, 300px\" \/><\/p>\n<p><strong>Company Profile\u00a0<\/strong><\/p>\n<p>Jining Kunpeng Construction Machinery Equipment Co., Ltd. was established in 2013 with a registered capital of 200 million yuan, the existing staff of 36 people, is engaged in engineering machinery products and accessories, specialized companies, with independentimport and export rights. The main agent of Komatsu excavators and bulldozer , shantui bulldozer electrical products, Donaldson air filter products; Japanese (Mitshubishi, Komatsu, Isuzu, Kubota, Yanmar ) engine machine and spare parts; Cummins, Deutz diesel engine spare parts, Marine and generator diesel engine spare parts, On firewood, Weichai, large diesel engine accessories; selling well-known brands hydraulic pumps, motors, hydraulic valves. Companies and domestic excavator manufacturing plant (Sany, Lianzhong Branch, Hill redevelopment machine, SDLG, Strong Construction Machinery Co., Ltd., Foton Lovol, Shandong liShide) in close cooperation, has successfully supportingJapanese electronics products, Donaldson air filter, excavator cab, mufflers, Danfoss Auto products, DSE, COMAP, WOODWARD CONTROLLER and other products, with high quality products and perfect after-sales service, won the manufacturers of high praise.<\/p>\n<p><strong>Prednost na\u0161ega podjetja izdelki<\/strong><\/p>\n<p>Mi lahko dobavlja <a href=\"http:\/\/www.kpdiesel.com\">Deli za dizelske motorje<\/a> :<br \/>\n<a href=\"https:\/\/www.excavatorenginepart.com\/sl\/product-category\/cummins-diesel-engine\/\">Dizelski motorji: <\/a>Dizelski motor Cummins, dizelski motor Weichai, dizelski motor Shangchai, dizelski motor Komatsu, dizelski motor Yanmar.<\/p>\n<p><a href=\"https:\/\/www.excavatorenginepart.com\/sl\/product-category\/deutz-engine-part\/\">Deli motorja:<\/a> Del motorja Cummins, del motorja Deutz, del motorja Volvo, del motorja Caterpiller, del motorja Kubota, del motorja Yanmar, del motorja Isuzu, del motorja Mitsubishi, del motorja Perkins, del motorja Komatsu, del motorja Wechai, del motorja Shangchai, del motorja Yuchai.<\/p>\n<p><a href=\"https:\/\/www.excavatorenginepart.com\/sl\/product-category\/shantui-bulldozer-part\/\">Deli za buldo\u017eerje:<\/a> Del buldo\u017eerja Shantui, del buldo\u017eerja Shanghai pengpu, del buldo\u017eerja HBXG, del buldo\u017eerja Liugong, del buldo\u017eerja Tianjin Yishan.<\/p>\n<p><a href=\"https:\/\/www.excavatorenginepart.com\/sl\/product-category\/sdlg-loader-parts\/\">Deli za nakladalnike:<\/a> Deli za nakladalnike SDLG, deli za nakladalnike Liugong, deli za nakladalnike XCMG, deli za nakladalnike Lonking, deli za nakladalnike XGMA.<\/p>\n<p><a href=\"https:\/\/www.excavatorenginepart.com\/sl\/product-category\/dse-controller\/\">Deli za generatorje:<\/a> Krmilnik DSE, krmilnik ComAp, krmilnik Woodward, krmilnik hitrosti Cummins, krmilnik hitrosti GAC, generator AVR, pogoni motorja, senzorji motorja, merilniki motorja.<\/p>\n<p><a href=\"https:\/\/www.excavatorenginepart.com\/sl\/product-category\/excavator-hydraulic-pump\/\">Deli za bagre<\/a>: Del motorja bagra, deli podvozja bagra, kon\u010dni pogon bagra, glavni ventil bagra, hidravli\u010dna \u010drpalka bagra.<\/p>\n<p>Ve\u010d informacij, pi\u0161ite nam, prosimo.\u00a0<\/p>\n<p><strong><span style=\"color: #ff0000;\">WhatsApp, Wechat: 0086 15553722299\u00a0<\/span><\/strong><\/p>\n<p>&nbsp;<\/p>\n<p>&nbsp;<\/p>","protected":false},"excerpt":{"rendered":"<p>INLINE6 Cummins special inspection instrument 2892092 used for Cummins Engine\u00a0 Fault Checking And Testing, The Cummins Servicer Will Use The Fault Code\u00a0 To Adjust The Engine Speed And Performance Premeter.\u00a0 INLINE6 Cummins Special Inspection Original Instrument \u00a0Diagnostic Tester 2892092\u00a0 &nbsp; Inline 6 data link adapter for cummins engine data checking and testing &nbsp; Cummins Diesel [&hellip;]<\/p>","protected":false},"featured_media":7312,"menu_order":0,"comment_status":"closed","ping_status":"closed","template":"","meta":{"_seopress_robots_primary_cat":"","_seopress_titles_title":"","_seopress_titles_desc":"","_seopress_robots_index":"","om_disable_all_campaigns":false,"_mi_skip_tracking":false,"_monsterinsights_sitenote_active":false,"_monsterinsights_sitenote_note":"","_monsterinsights_sitenote_category":0},"product_cat":[],"product_tag":[],"product_category":[115],"class_list":{"0":"post-7308","1":"product","2":"type-product","3":"status-publish","4":"has-post-thumbnail","6":"product_category-cummins-engine-part","8":"first","9":"instock","10":"shipping-taxable","11":"product-type-simple"},"acf":[],"_links":{"self":[{"href":"https:\/\/www.excavatorenginepart.com\/sl\/wp-json\/wp\/v2\/product\/7308","targetHints":{"allow":["GET"]}}],"collection":[{"href":"https:\/\/www.excavatorenginepart.com\/sl\/wp-json\/wp\/v2\/product"}],"about":[{"href":"https:\/\/www.excavatorenginepart.com\/sl\/wp-json\/wp\/v2\/types\/product"}],"replies":[{"embeddable":true,"href":"https:\/\/www.excavatorenginepart.com\/sl\/wp-json\/wp\/v2\/comments?post=7308"}],"wp:featuredmedia":[{"embeddable":true,"href":"https:\/\/www.excavatorenginepart.com\/sl\/wp-json\/wp\/v2\/media\/7312"}],"wp:attachment":[{"href":"https:\/\/www.excavatorenginepart.com\/sl\/wp-json\/wp\/v2\/media?parent=7308"}],"wp:term":[{"taxonomy":"product_cat","embeddable":true,"href":"https:\/\/www.excavatorenginepart.com\/sl\/wp-json\/wp\/v2\/product_cat?post=7308"},{"taxonomy":"product_tag","embeddable":true,"href":"https:\/\/www.excavatorenginepart.com\/sl\/wp-json\/wp\/v2\/product_tag?post=7308"},{"taxonomy":"product_category","embeddable":true,"href":"https:\/\/www.excavatorenginepart.com\/sl\/wp-json\/wp\/v2\/product_category?post=7308"}],"curies":[{"name":"wp","href":"https:\/\/api.w.org\/{rel}","templated":true}]}}