{"id":7302,"date":"2022-12-03T12:40:34","date_gmt":"2022-12-03T12:40:34","guid":{"rendered":"https:\/\/www.excavatorenginepart.com\/?post_type=product&#038;p=7302"},"modified":"2022-12-03T14:39:50","modified_gmt":"2022-12-03T14:39:50","slug":"wholesale-diesel-engine-spare-parts-isx15-qsx15-crankshaft-position-sensor-5491994","status":"publish","type":"product","link":"https:\/\/www.excavatorenginepart.com\/sl\/product\/wholesale-diesel-engine-spare-parts-isx15-qsx15-crankshaft-position-sensor-5491994\/","title":{"rendered":"QSX15 ISX15 X15 diesel engine crankshaft position sensor 5491994"},"content":{"rendered":"<p>Wholesale Diesel engine spare parts ISX15 QSX15 crankshaft position sensor 5491994<\/p>\n<p><strong>QSX15 ISX15 X15 diesel engine crankshaft position sensor 5491994<\/strong><\/p>\n<p><img fetchpriority=\"high\" decoding=\"async\" class=\"alignnone size-medium wp-image-7303\" src=\"https:\/\/www.excavatorenginepart.com\/wp-content\/uploads\/2022\/12\/5491944-Excavator-Accessories-Crankshaft-sensor-for-CUMMINS-HYUNDAI-X15-QSX15-ISX15-300x225.png\" alt=\"\" width=\"300\" height=\"225\" srcset=\"https:\/\/www.excavatorenginepart.com\/wp-content\/uploads\/2022\/12\/5491944-Excavator-Accessories-Crankshaft-sensor-for-CUMMINS-HYUNDAI-X15-QSX15-ISX15-300x225.png 300w, https:\/\/www.excavatorenginepart.com\/wp-content\/uploads\/2022\/12\/5491944-Excavator-Accessories-Crankshaft-sensor-for-CUMMINS-HYUNDAI-X15-QSX15-ISX15-768x576.png 768w, https:\/\/www.excavatorenginepart.com\/wp-content\/uploads\/2022\/12\/5491944-Excavator-Accessories-Crankshaft-sensor-for-CUMMINS-HYUNDAI-X15-QSX15-ISX15.png 800w\" sizes=\"(max-width: 300px) 100vw, 300px\" \/><\/p>\n<p>5491944 Excavator Accessories Crankshaft sensor for CUMMINS HYUNDAI X15 QSX15 ISX15<\/p>\n<p><img decoding=\"async\" class=\"alignnone size-medium wp-image-7304\" src=\"https:\/\/www.excavatorenginepart.com\/wp-content\/uploads\/2022\/12\/CCEC-machinery-engine-parts-X15-ISX15-QSX15-position-sensor-5491994-300x225.png\" alt=\"\" width=\"300\" height=\"225\" srcset=\"https:\/\/www.excavatorenginepart.com\/wp-content\/uploads\/2022\/12\/CCEC-machinery-engine-parts-X15-ISX15-QSX15-position-sensor-5491994-300x225.png 300w, https:\/\/www.excavatorenginepart.com\/wp-content\/uploads\/2022\/12\/CCEC-machinery-engine-parts-X15-ISX15-QSX15-position-sensor-5491994-768x576.png 768w, https:\/\/www.excavatorenginepart.com\/wp-content\/uploads\/2022\/12\/CCEC-machinery-engine-parts-X15-ISX15-QSX15-position-sensor-5491994.png 800w\" sizes=\"(max-width: 300px) 100vw, 300px\" \/><\/p>\n<p>CCEC machinery engine parts X15 ISX15 QSX15 position sensor 5491994<\/p>\n<p><img decoding=\"async\" class=\"alignnone size-medium wp-image-7305\" src=\"https:\/\/www.excavatorenginepart.com\/wp-content\/uploads\/2022\/12\/QSX15-ISX15-X15-diesel-engine-crankshaft-position-sensor-5491994-300x225.png\" alt=\"\" width=\"300\" height=\"225\" srcset=\"https:\/\/www.excavatorenginepart.com\/wp-content\/uploads\/2022\/12\/QSX15-ISX15-X15-diesel-engine-crankshaft-position-sensor-5491994-300x225.png 300w, https:\/\/www.excavatorenginepart.com\/wp-content\/uploads\/2022\/12\/QSX15-ISX15-X15-diesel-engine-crankshaft-position-sensor-5491994-768x576.png 768w, https:\/\/www.excavatorenginepart.com\/wp-content\/uploads\/2022\/12\/QSX15-ISX15-X15-diesel-engine-crankshaft-position-sensor-5491994.png 800w\" sizes=\"(max-width: 300px) 100vw, 300px\" \/><\/p>\n<p>Wholesale Diesel engine spare parts ISX15 QSX15 crankshaft position sensor 5491994<\/p>\n<p><strong>Prednost na\u0161ega podjetja izdelki<\/strong><\/p>\n<p>Mi lahko dobavlja <a href=\"http:\/\/www.kpdiesel.com\">Deli za dizelske motorje<\/a> :<br \/>\n<a href=\"https:\/\/www.excavatorenginepart.com\/sl\/product-category\/cummins-diesel-engine\/\">Dizelski motorji: <\/a>Dizelski motor Cummins, dizelski motor Weichai, dizelski motor Shangchai, dizelski motor Komatsu, dizelski motor Yanmar.<\/p>\n<p><a href=\"https:\/\/www.excavatorenginepart.com\/sl\/product-category\/deutz-engine-part\/\">Deli motorja:<\/a> Del motorja Cummins, del motorja Deutz, del motorja Volvo, del motorja Caterpiller, del motorja Kubota, del motorja Yanmar, del motorja Isuzu, del motorja Mitsubishi, del motorja Perkins, del motorja Komatsu, del motorja Wechai, del motorja Shangchai, del motorja Yuchai.<\/p>\n<p><a href=\"https:\/\/www.excavatorenginepart.com\/sl\/product-category\/shantui-bulldozer-part\/\">Deli za buldo\u017eerje:<\/a> Del buldo\u017eerja Shantui, del buldo\u017eerja Shanghai pengpu, del buldo\u017eerja HBXG, del buldo\u017eerja Liugong, del buldo\u017eerja Tianjin Yishan.<\/p>\n<p><a href=\"https:\/\/www.excavatorenginepart.com\/sl\/product-category\/sdlg-loader-parts\/\">Deli za nakladalnike:<\/a> Deli za nakladalnike SDLG, deli za nakladalnike Liugong, deli za nakladalnike XCMG, deli za nakladalnike Lonking, deli za nakladalnike XGMA.<\/p>\n<p><a href=\"https:\/\/www.excavatorenginepart.com\/sl\/product-category\/dse-controller\/\">Deli za generatorje:<\/a> Krmilnik DSE, krmilnik ComAp, krmilnik Woodward, krmilnik hitrosti Cummins, krmilnik hitrosti GAC, generator AVR, pogoni motorja, senzorji motorja, merilniki motorja.<\/p>\n<p><a href=\"https:\/\/www.excavatorenginepart.com\/sl\/product-category\/excavator-hydraulic-pump\/\">Deli za bagre<\/a>: Del motorja bagra, deli podvozja bagra, kon\u010dni pogon bagra, glavni ventil bagra, hidravli\u010dna \u010drpalka bagra.<\/p>\n<p>Ve\u010d informacij, pi\u0161ite nam, prosimo.\u00a0<\/p>\n<p><span style=\"color: #ff0000;\"><strong>WhatsApp, Wechat: 0086 15553722299\u00a0<\/strong><\/span><\/p>","protected":false},"excerpt":{"rendered":"<p>Wholesale Diesel engine spare parts ISX15 QSX15 crankshaft position sensor 5491994 QSX15 ISX15 X15 diesel engine crankshaft position sensor 5491994 5491944 Excavator Accessories Crankshaft sensor for CUMMINS HYUNDAI X15 QSX15 ISX15 CCEC machinery engine parts X15 ISX15 QSX15 position sensor 5491994 Wholesale Diesel engine spare parts ISX15 QSX15 crankshaft position sensor 5491994 Our company advantage [&hellip;]<\/p>","protected":false},"featured_media":7303,"menu_order":0,"comment_status":"closed","ping_status":"closed","template":"","meta":{"_seopress_robots_primary_cat":"","_seopress_titles_title":"","_seopress_titles_desc":"","_seopress_robots_index":"","om_disable_all_campaigns":false,"_mi_skip_tracking":false,"_monsterinsights_sitenote_active":false,"_monsterinsights_sitenote_note":"","_monsterinsights_sitenote_category":0},"product_cat":[],"product_tag":[],"product_category":[115],"class_list":{"0":"post-7302","1":"product","2":"type-product","3":"status-publish","4":"has-post-thumbnail","6":"product_category-cummins-engine-part","8":"first","9":"instock","10":"shipping-taxable","11":"product-type-simple"},"acf":[],"_links":{"self":[{"href":"https:\/\/www.excavatorenginepart.com\/sl\/wp-json\/wp\/v2\/product\/7302","targetHints":{"allow":["GET"]}}],"collection":[{"href":"https:\/\/www.excavatorenginepart.com\/sl\/wp-json\/wp\/v2\/product"}],"about":[{"href":"https:\/\/www.excavatorenginepart.com\/sl\/wp-json\/wp\/v2\/types\/product"}],"replies":[{"embeddable":true,"href":"https:\/\/www.excavatorenginepart.com\/sl\/wp-json\/wp\/v2\/comments?post=7302"}],"wp:featuredmedia":[{"embeddable":true,"href":"https:\/\/www.excavatorenginepart.com\/sl\/wp-json\/wp\/v2\/media\/7303"}],"wp:attachment":[{"href":"https:\/\/www.excavatorenginepart.com\/sl\/wp-json\/wp\/v2\/media?parent=7302"}],"wp:term":[{"taxonomy":"product_cat","embeddable":true,"href":"https:\/\/www.excavatorenginepart.com\/sl\/wp-json\/wp\/v2\/product_cat?post=7302"},{"taxonomy":"product_tag","embeddable":true,"href":"https:\/\/www.excavatorenginepart.com\/sl\/wp-json\/wp\/v2\/product_tag?post=7302"},{"taxonomy":"product_category","embeddable":true,"href":"https:\/\/www.excavatorenginepart.com\/sl\/wp-json\/wp\/v2\/product_category?post=7302"}],"curies":[{"name":"wp","href":"https:\/\/api.w.org\/{rel}","templated":true}]}}