{"id":7296,"date":"2022-12-03T03:22:10","date_gmt":"2022-12-03T03:22:10","guid":{"rendered":"https:\/\/www.excavatorenginepart.com\/?post_type=product&#038;p=7296"},"modified":"2022-12-03T14:26:51","modified_gmt":"2022-12-03T14:26:51","slug":"4963807-m11-qsm11-ism11-diesel-engine-ecu-electronic-control-module-4963807-p4963807-4963807x","status":"publish","type":"product","link":"https:\/\/www.excavatorenginepart.com\/sl\/product\/4963807-m11-qsm11-ism11-diesel-engine-ecu-electronic-control-module-4963807-p4963807-4963807x\/","title":{"rendered":"4963807 M11 QSM11 ISM11 Diesel Engine ECU Electronic Control Module 4963807 P4963807 4963807X"},"content":{"rendered":"<p>Diesel Engine ECU Elctronic Control Module 4963807 is Cummins Diesel Control Systerm\u00a0<\/p>\n<p>It will Provide Start Programme For Diesel Engine, If This ECM Was Damaged\u00a0<\/p>\n<p>The Engine Can Not Working, You Will Changed ECU Elctronic Control Module .\u00a0<\/p>\n<p>ECU Elctronic Control Module 4963807\u00a0 Is Cummins Part Name and Cummins Parts Number .\u00a0<\/p>\n<p><strong>4963807 M11 QSM11 ISM11 Diesel Engine ECU\u00a0<\/strong><\/p>\n<p><strong>Elctronic Control Module 4963807 P4963807 4963807X<\/strong><\/p>\n<p><img fetchpriority=\"high\" decoding=\"async\" class=\"alignnone size-medium wp-image-7298\" src=\"https:\/\/www.excavatorenginepart.com\/wp-content\/uploads\/2022\/12\/Cummins-ISM-QSM-Engine-Electronic-Control-Module-4963807-4963807X-300x225.png\" alt=\"\" width=\"300\" height=\"225\" srcset=\"https:\/\/www.excavatorenginepart.com\/wp-content\/uploads\/2022\/12\/Cummins-ISM-QSM-Engine-Electronic-Control-Module-4963807-4963807X-300x225.png 300w, https:\/\/www.excavatorenginepart.com\/wp-content\/uploads\/2022\/12\/Cummins-ISM-QSM-Engine-Electronic-Control-Module-4963807-4963807X-768x576.png 768w, https:\/\/www.excavatorenginepart.com\/wp-content\/uploads\/2022\/12\/Cummins-ISM-QSM-Engine-Electronic-Control-Module-4963807-4963807X.png 800w\" sizes=\"(max-width: 300px) 100vw, 300px\" \/><\/p>\n<p>Cummins ISM QSM Engine Electronic Control Module 4963807 4963807X<\/p>\n<p><img decoding=\"async\" class=\"alignnone size-medium wp-image-7297\" src=\"https:\/\/www.excavatorenginepart.com\/wp-content\/uploads\/2022\/12\/4963807-M11-QSM11-ISM11-Diesel-Engine-ECU-Electronic-Control-Module-4963807-P4963807-4963807X-300x225.png\" alt=\"\" width=\"300\" height=\"225\" srcset=\"https:\/\/www.excavatorenginepart.com\/wp-content\/uploads\/2022\/12\/4963807-M11-QSM11-ISM11-Diesel-Engine-ECU-Electronic-Control-Module-4963807-P4963807-4963807X-300x225.png 300w, https:\/\/www.excavatorenginepart.com\/wp-content\/uploads\/2022\/12\/4963807-M11-QSM11-ISM11-Diesel-Engine-ECU-Electronic-Control-Module-4963807-P4963807-4963807X-768x576.png 768w, https:\/\/www.excavatorenginepart.com\/wp-content\/uploads\/2022\/12\/4963807-M11-QSM11-ISM11-Diesel-Engine-ECU-Electronic-Control-Module-4963807-P4963807-4963807X.png 800w\" sizes=\"(max-width: 300px) 100vw, 300px\" \/><\/p>\n<p>Diesel Engine Spare Parts ECM Controller 4963807X Electronic Control Module 3408501X for M11 QSM11<\/p>\n<p><img decoding=\"async\" class=\"alignnone size-medium wp-image-7299\" src=\"https:\/\/www.excavatorenginepart.com\/wp-content\/uploads\/2022\/12\/Diesel-Engine-Spare-Parts-ECM-Controller-4963807X-Electronic-Control-Module-3408501X-for-M11-QSM11-300x225.png\" alt=\"\" width=\"300\" height=\"225\" srcset=\"https:\/\/www.excavatorenginepart.com\/wp-content\/uploads\/2022\/12\/Diesel-Engine-Spare-Parts-ECM-Controller-4963807X-Electronic-Control-Module-3408501X-for-M11-QSM11-300x225.png 300w, https:\/\/www.excavatorenginepart.com\/wp-content\/uploads\/2022\/12\/Diesel-Engine-Spare-Parts-ECM-Controller-4963807X-Electronic-Control-Module-3408501X-for-M11-QSM11-768x576.png 768w, https:\/\/www.excavatorenginepart.com\/wp-content\/uploads\/2022\/12\/Diesel-Engine-Spare-Parts-ECM-Controller-4963807X-Electronic-Control-Module-3408501X-for-M11-QSM11.png 800w\" sizes=\"(max-width: 300px) 100vw, 300px\" \/><\/p>\n<p>M11 ISM11 QSM11 Engine Parts ECM ECU Electronic Control Module 4963807 4963807X<\/p>\n<p><img loading=\"lazy\" decoding=\"async\" class=\"alignnone size-medium wp-image-7300\" src=\"https:\/\/www.excavatorenginepart.com\/wp-content\/uploads\/2022\/12\/M11-ISM11-QSM11-Engine-Parts-ECM-ECU-Electronic-Control-Module-4963807-4963807X-300x225.png\" alt=\"\" width=\"300\" height=\"225\" srcset=\"https:\/\/www.excavatorenginepart.com\/wp-content\/uploads\/2022\/12\/M11-ISM11-QSM11-Engine-Parts-ECM-ECU-Electronic-Control-Module-4963807-4963807X-300x225.png 300w, https:\/\/www.excavatorenginepart.com\/wp-content\/uploads\/2022\/12\/M11-ISM11-QSM11-Engine-Parts-ECM-ECU-Electronic-Control-Module-4963807-4963807X-768x576.png 768w, https:\/\/www.excavatorenginepart.com\/wp-content\/uploads\/2022\/12\/M11-ISM11-QSM11-Engine-Parts-ECM-ECU-Electronic-Control-Module-4963807-4963807X.png 800w\" sizes=\"(max-width: 300px) 100vw, 300px\" \/><\/p>\n<p><strong>Prednost na\u0161ega podjetja izdelki<\/strong><\/p>\n<p>Mi lahko dobavlja <a href=\"http:\/\/www.kpdiesel.com\">Deli za dizelske motorje<\/a> :<br \/>\n<a href=\"https:\/\/www.excavatorenginepart.com\/sl\/product-category\/cummins-diesel-engine\/\">Dizelski motorji: <\/a>Dizelski motor Cummins, dizelski motor Weichai, dizelski motor Shangchai, dizelski motor Komatsu, dizelski motor Yanmar.<\/p>\n<p><a href=\"https:\/\/www.excavatorenginepart.com\/sl\/product-category\/deutz-engine-part\/\">Deli motorja:<\/a> Del motorja Cummins, del motorja Deutz, del motorja Volvo, del motorja Caterpiller, del motorja Kubota, del motorja Yanmar, del motorja Isuzu, del motorja Mitsubishi, del motorja Perkins, del motorja Komatsu, del motorja Wechai, del motorja Shangchai, del motorja Yuchai.<\/p>\n<p><a href=\"https:\/\/www.excavatorenginepart.com\/sl\/product-category\/shantui-bulldozer-part\/\">Deli za buldo\u017eerje:<\/a> Del buldo\u017eerja Shantui, del buldo\u017eerja Shanghai pengpu, del buldo\u017eerja HBXG, del buldo\u017eerja Liugong, del buldo\u017eerja Tianjin Yishan.<\/p>\n<p><a href=\"https:\/\/www.excavatorenginepart.com\/sl\/product-category\/sdlg-loader-parts\/\">Deli za nakladalnike:<\/a> Deli za nakladalnike SDLG, deli za nakladalnike Liugong, deli za nakladalnike XCMG, deli za nakladalnike Lonking, deli za nakladalnike XGMA.<\/p>\n<p><a href=\"https:\/\/www.excavatorenginepart.com\/sl\/product-category\/dse-controller\/\">Deli za generatorje:<\/a> Krmilnik DSE, krmilnik ComAp, krmilnik Woodward, krmilnik hitrosti Cummins, krmilnik hitrosti GAC, generator AVR, pogoni motorja, senzorji motorja, merilniki motorja.<\/p>\n<p><a href=\"https:\/\/www.excavatorenginepart.com\/sl\/product-category\/excavator-hydraulic-pump\/\">Deli za bagre<\/a>: Del motorja bagra, deli podvozja bagra, kon\u010dni pogon bagra, glavni ventil bagra, hidravli\u010dna \u010drpalka bagra.<\/p>\n<p>Ve\u010d informacij, pi\u0161ite nam, prosimo.\u00a0<\/p>\n<p><span style=\"color: #ff0000;\"><strong>WhatsApp, Wechat: 0086 15553722299\u00a0<\/strong><\/span><\/p>","protected":false},"excerpt":{"rendered":"<p>Diesel Engine ECU Elctronic Control Module 4963807 is Cummins Diesel Control Systerm\u00a0 It will Provide Start Programme For Diesel Engine, If This ECM Was Damaged\u00a0 The Engine Can Not Working, You Will Changed ECU Elctronic Control Module .\u00a0 ECU Elctronic Control Module 4963807\u00a0 Is Cummins Part Name and Cummins Parts Number .\u00a0 4963807 M11 QSM11 [&hellip;]<\/p>","protected":false},"featured_media":7298,"menu_order":0,"comment_status":"closed","ping_status":"closed","template":"","meta":{"_seopress_robots_primary_cat":"","_seopress_titles_title":"","_seopress_titles_desc":"","_seopress_robots_index":"","om_disable_all_campaigns":false,"_mi_skip_tracking":false,"_monsterinsights_sitenote_active":false,"_monsterinsights_sitenote_note":"","_monsterinsights_sitenote_category":0},"product_cat":[],"product_tag":[],"product_category":[115],"class_list":{"0":"post-7296","1":"product","2":"type-product","3":"status-publish","4":"has-post-thumbnail","6":"product_category-cummins-engine-part","8":"first","9":"instock","10":"shipping-taxable","11":"product-type-simple"},"acf":[],"_links":{"self":[{"href":"https:\/\/www.excavatorenginepart.com\/sl\/wp-json\/wp\/v2\/product\/7296","targetHints":{"allow":["GET"]}}],"collection":[{"href":"https:\/\/www.excavatorenginepart.com\/sl\/wp-json\/wp\/v2\/product"}],"about":[{"href":"https:\/\/www.excavatorenginepart.com\/sl\/wp-json\/wp\/v2\/types\/product"}],"replies":[{"embeddable":true,"href":"https:\/\/www.excavatorenginepart.com\/sl\/wp-json\/wp\/v2\/comments?post=7296"}],"wp:featuredmedia":[{"embeddable":true,"href":"https:\/\/www.excavatorenginepart.com\/sl\/wp-json\/wp\/v2\/media\/7298"}],"wp:attachment":[{"href":"https:\/\/www.excavatorenginepart.com\/sl\/wp-json\/wp\/v2\/media?parent=7296"}],"wp:term":[{"taxonomy":"product_cat","embeddable":true,"href":"https:\/\/www.excavatorenginepart.com\/sl\/wp-json\/wp\/v2\/product_cat?post=7296"},{"taxonomy":"product_tag","embeddable":true,"href":"https:\/\/www.excavatorenginepart.com\/sl\/wp-json\/wp\/v2\/product_tag?post=7296"},{"taxonomy":"product_category","embeddable":true,"href":"https:\/\/www.excavatorenginepart.com\/sl\/wp-json\/wp\/v2\/product_category?post=7296"}],"curies":[{"name":"wp","href":"https:\/\/api.w.org\/{rel}","templated":true}]}}