{"id":7251,"date":"2022-12-01T08:37:14","date_gmt":"2022-12-01T08:37:14","guid":{"rendered":"https:\/\/www.excavatorenginepart.com\/?post_type=product&#038;p=7251"},"modified":"2022-12-07T12:16:16","modified_gmt":"2022-12-07T12:16:16","slug":"kmx15rb-main-valve-for-sany-heavy-sy215-excavator","status":"publish","type":"product","link":"https:\/\/www.excavatorenginepart.com\/sl\/product\/kmx15rb-main-valve-for-sany-heavy-sy215-excavator\/","title":{"rendered":"KMX15RB Glavni ventil za Sany Heavy SY215 bager"},"content":{"rendered":"<p>KMX15RB Main Valve for Sany Heavy SY215 Excavator was fitting on Sany SY23 ,SY245 Excavator\u00a0<\/p>\n<p>We can provide OEM And Origninal Sany Excavator Spare Parts.\u00a0<\/p>\n<p>KMX15RB Glavni ventil za Sany Heavy SY215 bager<\/p>\n<p><img fetchpriority=\"high\" decoding=\"async\" class=\"alignnone size-medium wp-image-7252\" src=\"https:\/\/www.excavatorenginepart.com\/wp-content\/uploads\/2022\/12\/KMX15RB-Main-Valve-for-Sany-Heavy-SY215-Excavator-300x300.jpg\" alt=\"\" width=\"300\" height=\"300\" srcset=\"https:\/\/www.excavatorenginepart.com\/wp-content\/uploads\/2022\/12\/KMX15RB-Main-Valve-for-Sany-Heavy-SY215-Excavator-300x300.jpg 300w, https:\/\/www.excavatorenginepart.com\/wp-content\/uploads\/2022\/12\/KMX15RB-Main-Valve-for-Sany-Heavy-SY215-Excavator-1024x1024.jpg 1024w, https:\/\/www.excavatorenginepart.com\/wp-content\/uploads\/2022\/12\/KMX15RB-Main-Valve-for-Sany-Heavy-SY215-Excavator-150x150.jpg 150w, https:\/\/www.excavatorenginepart.com\/wp-content\/uploads\/2022\/12\/KMX15RB-Main-Valve-for-Sany-Heavy-SY215-Excavator-768x768.jpg 768w, https:\/\/www.excavatorenginepart.com\/wp-content\/uploads\/2022\/12\/KMX15RB-Main-Valve-for-Sany-Heavy-SY215-Excavator.jpg 1078w\" sizes=\"(max-width: 300px) 100vw, 300px\" \/> \u00a0\u00a0<\/p>\n<p>KMX15RB Main Valve for Sany Heavy SY245 Excavator<\/p>\n<p><img decoding=\"async\" class=\"alignnone size-medium wp-image-7254\" src=\"https:\/\/www.excavatorenginepart.com\/wp-content\/uploads\/2022\/12\/KMX15RB-Main-Valve-for-Sany-Heavy-SY305-Excavator-300x300.jpg\" alt=\"\" width=\"300\" height=\"300\" srcset=\"https:\/\/www.excavatorenginepart.com\/wp-content\/uploads\/2022\/12\/KMX15RB-Main-Valve-for-Sany-Heavy-SY305-Excavator-300x300.jpg 300w, https:\/\/www.excavatorenginepart.com\/wp-content\/uploads\/2022\/12\/KMX15RB-Main-Valve-for-Sany-Heavy-SY305-Excavator-150x150.jpg 150w, https:\/\/www.excavatorenginepart.com\/wp-content\/uploads\/2022\/12\/KMX15RB-Main-Valve-for-Sany-Heavy-SY305-Excavator-768x768.jpg 768w, https:\/\/www.excavatorenginepart.com\/wp-content\/uploads\/2022\/12\/KMX15RB-Main-Valve-for-Sany-Heavy-SY305-Excavator.jpg 983w\" sizes=\"(max-width: 300px) 100vw, 300px\" \/><\/p>\n<p>KMX15RB Main Valve for Sany Heavy SY305 Excavator<\/p>\n<p><img decoding=\"async\" class=\"alignnone size-medium wp-image-7253\" src=\"https:\/\/www.excavatorenginepart.com\/wp-content\/uploads\/2022\/12\/KMX15RB-Main-Valve-for-Sany-Heavy-SY245-Excavator-225x300.jpg\" alt=\"\" width=\"225\" height=\"300\" srcset=\"https:\/\/www.excavatorenginepart.com\/wp-content\/uploads\/2022\/12\/KMX15RB-Main-Valve-for-Sany-Heavy-SY245-Excavator-225x300.jpg 225w, https:\/\/www.excavatorenginepart.com\/wp-content\/uploads\/2022\/12\/KMX15RB-Main-Valve-for-Sany-Heavy-SY245-Excavator-767x1024.jpg 767w, https:\/\/www.excavatorenginepart.com\/wp-content\/uploads\/2022\/12\/KMX15RB-Main-Valve-for-Sany-Heavy-SY245-Excavator-768x1025.jpg 768w, https:\/\/www.excavatorenginepart.com\/wp-content\/uploads\/2022\/12\/KMX15RB-Main-Valve-for-Sany-Heavy-SY245-Excavator.jpg 886w\" sizes=\"(max-width: 225px) 100vw, 225px\" \/><\/p>\n<p>KMX15RB Main Valve for Sany Heavy SY345 Excavator<\/p>\n<p><img fetchpriority=\"high\" decoding=\"async\" class=\"alignnone size-medium wp-image-7252\" src=\"https:\/\/www.excavatorenginepart.com\/wp-content\/uploads\/2022\/12\/KMX15RB-Main-Valve-for-Sany-Heavy-SY215-Excavator-300x300.jpg\" alt=\"\" width=\"300\" height=\"300\" srcset=\"https:\/\/www.excavatorenginepart.com\/wp-content\/uploads\/2022\/12\/KMX15RB-Main-Valve-for-Sany-Heavy-SY215-Excavator-300x300.jpg 300w, https:\/\/www.excavatorenginepart.com\/wp-content\/uploads\/2022\/12\/KMX15RB-Main-Valve-for-Sany-Heavy-SY215-Excavator-1024x1024.jpg 1024w, https:\/\/www.excavatorenginepart.com\/wp-content\/uploads\/2022\/12\/KMX15RB-Main-Valve-for-Sany-Heavy-SY215-Excavator-150x150.jpg 150w, https:\/\/www.excavatorenginepart.com\/wp-content\/uploads\/2022\/12\/KMX15RB-Main-Valve-for-Sany-Heavy-SY215-Excavator-768x768.jpg 768w, https:\/\/www.excavatorenginepart.com\/wp-content\/uploads\/2022\/12\/KMX15RB-Main-Valve-for-Sany-Heavy-SY215-Excavator.jpg 1078w\" sizes=\"(max-width: 300px) 100vw, 300px\" \/><\/p>\n<p><strong>Prednost na\u0161ega podjetja izdelki<\/strong><\/p>\n<p>Mi lahko dobavlja <a href=\"http:\/\/www.kpdiesel.com\">Deli za dizelske motorje<\/a> :<br \/>\n<a href=\"https:\/\/www.excavatorenginepart.com\/sl\/product-category\/cummins-diesel-engine\/\">Dizelski motorji: <\/a>Dizelski motor Cummins, dizelski motor Weichai, dizelski motor Shangchai, dizelski motor Komatsu, dizelski motor Yanmar.<\/p>\n<p><a href=\"https:\/\/www.excavatorenginepart.com\/sl\/product-category\/deutz-engine-part\/\">Deli motorja:<\/a> Del motorja Cummins, del motorja Deutz, del motorja Volvo, del motorja Caterpiller, del motorja Kubota, del motorja Yanmar, del motorja Isuzu, del motorja Mitsubishi, del motorja Perkins, del motorja Komatsu, del motorja Wechai, del motorja Shangchai, del motorja Yuchai.<\/p>\n<p><a href=\"https:\/\/www.excavatorenginepart.com\/sl\/product-category\/shantui-bulldozer-part\/\">Deli za buldo\u017eerje:<\/a> Del buldo\u017eerja Shantui, del buldo\u017eerja Shanghai pengpu, del buldo\u017eerja HBXG, del buldo\u017eerja Liugong, del buldo\u017eerja Tianjin Yishan.<\/p>\n<p><a href=\"https:\/\/www.excavatorenginepart.com\/sl\/product-category\/sdlg-loader-parts\/\">Deli za nakladalnike:<\/a> Deli za nakladalnike SDLG, deli za nakladalnike Liugong, deli za nakladalnike XCMG, deli za nakladalnike Lonking, deli za nakladalnike XGMA.<\/p>\n<p><a href=\"https:\/\/www.excavatorenginepart.com\/sl\/product-category\/dse-controller\/\">Deli za generatorje:<\/a> Krmilnik DSE, krmilnik ComAp, krmilnik Woodward, krmilnik hitrosti Cummins, krmilnik hitrosti GAC, generator AVR, pogoni motorja, senzorji motorja, merilniki motorja.<\/p>\n<p><a href=\"https:\/\/www.excavatorenginepart.com\/sl\/product-category\/excavator-hydraulic-pump\/\">Deli za bagre<\/a>: Del motorja bagra, deli podvozja bagra, kon\u010dni pogon bagra, glavni ventil bagra, hidravli\u010dna \u010drpalka bagra.<\/p>\n<p>Ve\u010d informacij, pi\u0161ite nam, prosimo.\u00a0<\/p>\n<p><strong><span style=\"color: #ff0000;\">WhatsApp, Wechat: 0086 15553722299\u00a0<\/span><\/strong><\/p>\n<p>&nbsp;<\/p>\n<p>&nbsp;<\/p>","protected":false},"excerpt":{"rendered":"<p>KMX15RB Main Valve for Sany Heavy SY215 Excavator was fitting on Sany SY23 ,SY245 Excavator\u00a0 We can provide OEM And Origninal Sany Excavator Spare Parts.\u00a0 KMX15RB Main Valve for Sany Heavy SY215 Excavator \u00a0\u00a0 KMX15RB Main Valve for Sany Heavy SY245 Excavator KMX15RB Main Valve for Sany Heavy SY305 Excavator KMX15RB Main Valve for Sany [&hellip;]<\/p>","protected":false},"featured_media":7252,"menu_order":0,"comment_status":"closed","ping_status":"closed","template":"","meta":{"_seopress_robots_primary_cat":"","_seopress_titles_title":"","_seopress_titles_desc":"","_seopress_robots_index":"","om_disable_all_campaigns":false,"_mi_skip_tracking":false,"_monsterinsights_sitenote_active":false,"_monsterinsights_sitenote_note":"","_monsterinsights_sitenote_category":0},"product_cat":[],"product_tag":[],"product_category":[143],"class_list":{"0":"post-7251","1":"product","2":"type-product","3":"status-publish","4":"has-post-thumbnail","6":"product_category-sany-excavator-parts","8":"first","9":"instock","10":"shipping-taxable","11":"product-type-simple"},"acf":[],"_links":{"self":[{"href":"https:\/\/www.excavatorenginepart.com\/sl\/wp-json\/wp\/v2\/product\/7251","targetHints":{"allow":["GET"]}}],"collection":[{"href":"https:\/\/www.excavatorenginepart.com\/sl\/wp-json\/wp\/v2\/product"}],"about":[{"href":"https:\/\/www.excavatorenginepart.com\/sl\/wp-json\/wp\/v2\/types\/product"}],"replies":[{"embeddable":true,"href":"https:\/\/www.excavatorenginepart.com\/sl\/wp-json\/wp\/v2\/comments?post=7251"}],"wp:featuredmedia":[{"embeddable":true,"href":"https:\/\/www.excavatorenginepart.com\/sl\/wp-json\/wp\/v2\/media\/7252"}],"wp:attachment":[{"href":"https:\/\/www.excavatorenginepart.com\/sl\/wp-json\/wp\/v2\/media?parent=7251"}],"wp:term":[{"taxonomy":"product_cat","embeddable":true,"href":"https:\/\/www.excavatorenginepart.com\/sl\/wp-json\/wp\/v2\/product_cat?post=7251"},{"taxonomy":"product_tag","embeddable":true,"href":"https:\/\/www.excavatorenginepart.com\/sl\/wp-json\/wp\/v2\/product_tag?post=7251"},{"taxonomy":"product_category","embeddable":true,"href":"https:\/\/www.excavatorenginepart.com\/sl\/wp-json\/wp\/v2\/product_category?post=7251"}],"curies":[{"name":"wp","href":"https:\/\/api.w.org\/{rel}","templated":true}]}}