{"id":6871,"date":"2022-04-22T06:48:53","date_gmt":"2022-04-22T06:48:53","guid":{"rendered":"https:\/\/www.excavatorenginepart.com\/?post_type=product&#038;p=6871"},"modified":"2022-04-22T06:48:53","modified_gmt":"2022-04-22T06:48:53","slug":"comap-single-controller-ig-nt-gc-starter-module","status":"publish","type":"product","link":"https:\/\/www.excavatorenginepart.com\/sl\/product\/comap-single-controller-ig-nt-gc-starter-modul\/","title":{"rendered":"Comap enojni krmilnik IG-NT-GC zagonski modul"},"content":{"rendered":"<p>Veleprodaja Comap Single Controller IG-NT-GC Starter Module Na zalogi\u00a0<\/p>\n<p>IG-NT-GC IntelGen Starter Module blagovna znamka je Comap Brand . InteGen je celovit krmilnik za enojne in ve\u010dkratne generatorje, ki delujejo v stanju pripravljenosti ali vzporedno. Zaradi kompaktne konstrukcije je enota idealna, HW modifikacije pa kupcem omogo\u010dajo, da izberejo popolno re\u0161itev za izpolnitev posebnih zahtev .  Vgrajeni sinhronizator in digitalni izohronski laoder omogo\u010data celovito inergarted re\u0161itev za generatorje v stanju pripravljenosti, vzporednem stanju ali glavnem vzporednem stanju, Nativno sodelovanje do 32 gen-setov je standardna funkcija.  Krmilnik IG-NT-GC IntelGen podpira \u0161tevilne standardne tipe ECU in je posebej zasnovan za enostavno integracijo novih. Zmogljiv grafi\u010dni prikaz z uporabniku prijaznimi programi omogo\u010da vsakemu uporabniku, ne glede na njegove sposobnosti, da najde informacije, ki jih potrebuje.\u00a0<\/p>\n<p>Parametri zaganjalnega modula Comap z enim krmilnikom IG-NT-GC\u00a0<\/p>\n<p>1. Izpad elektri\u010dne energije se za\u010dne samodejno<\/p>\n<p>2. Lahko se pove\u017ee z ECU z uporabo J1939 moudle in nekaterih posebnih protokolov, z alarmnim besedilnim pozivom<\/p>\n<p>3. Osnovna obremenitev, periferna mo\u010d Nastavitve, vhod\/izhod<\/p>\n<p>4. \u0160tevilo operacijskih enot za ve\u010d vzporednih sistemov<\/p>\n<p>5. Konfiguracija vhoda\/izhoda<\/p>\n<p>6. Zapisati je mogo\u010de zgodovino napak 500 PCS\u00a0<\/p>\n<p><img fetchpriority=\"high\" decoding=\"async\" class=\"alignnone wp-image-6873 size-full\" src=\"https:\/\/www.excavatorenginepart.com\/wp-content\/uploads\/2022\/04\/Comap-Single-Controller-IG-NT-GC-Starter-Module-01.jpg\" alt=\"\" width=\"597\" height=\"551\" srcset=\"https:\/\/www.excavatorenginepart.com\/wp-content\/uploads\/2022\/04\/Comap-Single-Controller-IG-NT-GC-Starter-Module-01.jpg 597w, https:\/\/www.excavatorenginepart.com\/wp-content\/uploads\/2022\/04\/Comap-Single-Controller-IG-NT-GC-Starter-Module-01-300x277.jpg 300w\" sizes=\"(max-width: 597px) 100vw, 597px\" \/><\/p>\n<p><strong>IG-NT-GC-MINT+ IG-NT-GC-MINT+ Komplet za vzporedno krmiljenje ve\u010d enot<\/strong><\/p>","protected":false},"excerpt":{"rendered":"<p>Wholesale Comap Single Controller IG-NT-GC \u00a0Starter Module In Stock\u00a0 IG-NT-GC \u00a0\u00a0IntelGen \u00a0Starter Module the brand is\u00a0Comap Brand . InteGen is a comprehensive controller for both single and multiple gen-sets operating in standby or parallel models. Compact construction make the unit ideal and HW moddifications allow custermes to select the perfect solution to meet a particular [&hellip;]<\/p>","protected":false},"featured_media":6872,"menu_order":0,"comment_status":"closed","ping_status":"closed","template":"","meta":{"_seopress_robots_primary_cat":"","_seopress_titles_title":"","_seopress_titles_desc":"","_seopress_robots_index":"","om_disable_all_campaigns":false,"_mi_skip_tracking":false,"_monsterinsights_sitenote_active":false,"_monsterinsights_sitenote_note":"","_monsterinsights_sitenote_category":0},"product_cat":[],"product_tag":[],"product_category":[128],"class_list":{"0":"post-6871","1":"product","2":"type-product","3":"status-publish","4":"has-post-thumbnail","6":"product_category-comap-controller","8":"first","9":"instock","10":"shipping-taxable","11":"product-type-simple"},"acf":[],"_links":{"self":[{"href":"https:\/\/www.excavatorenginepart.com\/sl\/wp-json\/wp\/v2\/product\/6871","targetHints":{"allow":["GET"]}}],"collection":[{"href":"https:\/\/www.excavatorenginepart.com\/sl\/wp-json\/wp\/v2\/product"}],"about":[{"href":"https:\/\/www.excavatorenginepart.com\/sl\/wp-json\/wp\/v2\/types\/product"}],"replies":[{"embeddable":true,"href":"https:\/\/www.excavatorenginepart.com\/sl\/wp-json\/wp\/v2\/comments?post=6871"}],"wp:featuredmedia":[{"embeddable":true,"href":"https:\/\/www.excavatorenginepart.com\/sl\/wp-json\/wp\/v2\/media\/6872"}],"wp:attachment":[{"href":"https:\/\/www.excavatorenginepart.com\/sl\/wp-json\/wp\/v2\/media?parent=6871"}],"wp:term":[{"taxonomy":"product_cat","embeddable":true,"href":"https:\/\/www.excavatorenginepart.com\/sl\/wp-json\/wp\/v2\/product_cat?post=6871"},{"taxonomy":"product_tag","embeddable":true,"href":"https:\/\/www.excavatorenginepart.com\/sl\/wp-json\/wp\/v2\/product_tag?post=6871"},{"taxonomy":"product_category","embeddable":true,"href":"https:\/\/www.excavatorenginepart.com\/sl\/wp-json\/wp\/v2\/product_category?post=6871"}],"curies":[{"name":"wp","href":"https:\/\/api.w.org\/{rel}","templated":true}]}}