{"id":6721,"date":"2022-04-21T07:04:19","date_gmt":"2022-04-21T07:04:19","guid":{"rendered":"https:\/\/www.excavatorenginepart.com\/?post_type=product&#038;p=6721"},"modified":"2022-12-19T14:40:44","modified_gmt":"2022-12-19T14:40:44","slug":"cummins-engine-qsl9-electronic-control-module-4921776","status":"publish","type":"product","link":"https:\/\/www.excavatorenginepart.com\/sl\/product\/cummins-engine-qsl9-electronic-control-module-4921776\/","title":{"rendered":"Cummins Engine QSL9 Electronic Control Module 4921776"},"content":{"rendered":"<p><strong>Original Cummins Engine ECM 4921776 With Programme<\/strong><\/p>\n<p><strong>Electronic Control Module\u00a0\u00a0<span id=\"__kindeditor_bookmark_end_8__\"><\/span><\/strong>je primeren za<strong>\u00a0Cummins QSL9 Diesel Engine\u00a0<\/strong>. \u00a0The\u00a0<strong>\u00a0Cummins engine mode<\/strong>l is\u00a0<strong>QSL ISL\u00a0<\/strong><strong>\u00a0Series<\/strong>. \u00a0ECM is the automobile engine control module, which is the core component of engine control. According to the input information of each sensor, ECM controls the fuel injection and ignition time of the engine, and provides the best control instructions for other output devices. This Engine electronic control module is usd for Shantui SD52 Larger power bulldozer.\u00a0<\/p>\n<p>Electronic Control Module 4921776\u00a0Specifications\u00a0<\/p>\n<p>Place of Origin: USA<br \/>\nBrand Name:\u00a0Cummins, Bosch\u00a0<br \/>\nEngine Type:\u00a0Diesel<br \/>\nType:\u00a0Electronic Control Module\u00a0<br \/>\nTitle:\u00a0Cummins Engine QSL9 Electronic Control Module \u00a0ECM \u00a04921776<br \/>\nPart Name:\u00a0Cummins ECM\u00a0<br \/>\nPart Number:\u00a04921776<br \/>\nPart Number Replacement:\u00a0BOSCH Parts number\u00a0<br \/>\nApplication:\u00a0Cummins diesel engines<br \/>\nEngine Model:\u00a0QSK19, K50, QSK50<br \/>\nQuality:\u00a0Original Genuine<br \/>\nWarranty:\u00a06 months<\/p>\n<p><strong>QSL9 Cummins Engine\u00a0Parts List\u00a0<\/strong><\/p>\n<table border=\"1\">\n<tbody>\n<tr>\n<td class=\"et3\" width=\"101\" height=\"19\">Engine\u00a0Brand\u00a0<\/td>\n<td class=\"et4\" width=\"114\" height=\"19\">Cummins\u00a0PN<\/td>\n<td class=\"et4\" width=\"208\" height=\"19\">Description<\/td>\n<\/tr>\n<tr>\n<td class=\"et5\" width=\"101\" height=\"19\">CUMMINS<\/td>\n<td class=\"et6\" width=\"114\" height=\"19\">3966430<\/td>\n<td class=\"et7\" width=\"208\" height=\"19\">Camshaft<\/td>\n<\/tr>\n<tr>\n<td class=\"et5\" width=\"101\" height=\"19\">Cummins<\/td>\n<td class=\"et6\" width=\"114\" height=\"19\">5284141<\/td>\n<td class=\"et7\" width=\"208\" height=\"19\">Camshaft Gear<\/td>\n<\/tr>\n<tr>\n<td class=\"et5\" width=\"101\" height=\"19\">Cummins<\/td>\n<td class=\"et6\" width=\"114\" height=\"19\">5263308<\/td>\n<td class=\"et7\" width=\"208\" height=\"19\">Injector<\/td>\n<\/tr>\n<tr>\n<td class=\"et5\" width=\"101\" height=\"19\">Cummins<\/td>\n<td class=\"et6\" width=\"114\" height=\"19\">3950549<\/td>\n<td class=\"et7\" width=\"208\" height=\"19\">Piston Pin<\/td>\n<\/tr>\n<tr>\n<td class=\"et10\" width=\"101\" height=\"19\">Cummins<\/td>\n<td class=\"et11\" width=\"114\" height=\"19\">3950661\/3966244<\/td>\n<td class=\"et7\" width=\"208\" height=\"19\">Connecting Rod Bearing<\/td>\n<\/tr>\n<tr>\n<td class=\"et10\" width=\"101\" height=\"19\">Cummins<\/td>\n<td class=\"et11\" width=\"114\" height=\"19\">4089963<\/td>\n<td class=\"et7\" width=\"208\" height=\"19\">Piston<\/td>\n<\/tr>\n<tr>\n<td class=\"et10\" width=\"101\" height=\"19\">Cummins<\/td>\n<td class=\"et11\" width=\"114\" height=\"19\">3966721<\/td>\n<td class=\"et7\" width=\"208\" height=\"19\">Skirt Piston<\/td>\n<\/tr>\n<tr>\n<td class=\"et10\" width=\"101\" height=\"19\">Cummins<\/td>\n<td class=\"et11\" width=\"114\" height=\"19\">3974404<\/td>\n<td class=\"et7\" width=\"208\" height=\"19\">Top Piston<\/td>\n<\/tr>\n<tr>\n<td class=\"et10\" width=\"101\" height=\"19\">Cummins<\/td>\n<td class=\"et11\" width=\"114\" height=\"19\">4089644<\/td>\n<td class=\"et7\" width=\"208\" height=\"19\">Piston Ring\u00a0<\/td>\n<\/tr>\n<tr>\n<td class=\"et5\" width=\"101\" height=\"19\">Cummins<\/td>\n<td class=\"et6\" width=\"114\" height=\"19\">4941323<\/td>\n<td class=\"et7\" width=\"208\" height=\"19\">Rod Connecting\u00a0<\/td>\n<\/tr>\n<tr>\n<td class=\"et5\" width=\"101\" height=\"19\">Cummins<\/td>\n<td class=\"et6\" width=\"114\" height=\"19\">3970751<\/td>\n<td class=\"et7\" width=\"208\" height=\"19\">Bushing\u00a0<\/td>\n<\/tr>\n<tr>\n<td class=\"et5\" width=\"101\" height=\"19\">Cummins<\/td>\n<td class=\"et6\" width=\"114\" height=\"19\">2839422<\/td>\n<td class=\"et7\" width=\"208\" height=\"19\">Turbocharger<\/td>\n<\/tr>\n<tr>\n<td class=\"et5\" width=\"101\" height=\"19\">cummins<\/td>\n<td class=\"et6\" width=\"114\" height=\"19\">4068308<\/td>\n<td class=\"et7\" width=\"208\" height=\"19\">Oil\u00a0Cooler\u00a0assembly(Steel)<\/td>\n<\/tr>\n<tr>\n<td class=\"et5\" width=\"101\" height=\"19\">cummins<\/td>\n<td class=\"et12\" width=\"114\" height=\"19\">3918176<\/td>\n<td class=\"et7\" width=\"208\" height=\"19\">Oil\u00a0Cooler\u00a0assembly(Steel)<\/td>\n<\/tr>\n<tr>\n<td class=\"et5\" width=\"101\" height=\"19\">cummins<\/td>\n<td class=\"et12\" width=\"114\" height=\"19\">3023079<\/td>\n<td class=\"et7\" width=\"208\" height=\"19\">Oil\u00a0Cooler\u00a0assembly(Steel)<\/td>\n<\/tr>\n<tr>\n<td class=\"et5\" width=\"101\" height=\"19\">cummins<\/td>\n<td class=\"et12\" width=\"114\" height=\"19\">3804935\/3023078<\/td>\n<td class=\"et7\" width=\"208\" height=\"19\">Oil\u00a0Cooler\u00a0assembly(Steel)<\/td>\n<\/tr>\n<\/tbody>\n<\/table>\n<p>Engine ECM full name is: Engine Control Module, namely &#8220;Engine Control Module&#8221;;In general, the industry is usually called &#8220;ECU&#8221; : Electronic Control Unit, the Electronic Control Unit, daily life also colloquially called &#8220;computer&#8221; of driving, the engine &#8220;computer board&#8221;, &#8220;on-board computer&#8221; and so on, it&#8217;s in the engine before delivery, all stored in advance through a series of basis of the calculation and experiment data and Control strategy, we call it a &#8220;MAP&#8221;.<\/p>\n<p><img fetchpriority=\"high\" decoding=\"async\" class=\"alignnone wp-image-6723 size-full\" src=\"https:\/\/www.excavatorenginepart.com\/wp-content\/uploads\/2022\/04\/Cummins-Engine-QSL9-Electronic-Control-Module-4921776.02-jpg.jpg\" alt=\"\" width=\"568\" height=\"396\" srcset=\"https:\/\/www.excavatorenginepart.com\/wp-content\/uploads\/2022\/04\/Cummins-Engine-QSL9-Electronic-Control-Module-4921776.02-jpg.jpg 568w, https:\/\/www.excavatorenginepart.com\/wp-content\/uploads\/2022\/04\/Cummins-Engine-QSL9-Electronic-Control-Module-4921776.02-jpg-300x209.jpg 300w\" sizes=\"(max-width: 568px) 100vw, 568px\" \/><\/p>\n<p>Cummins diesel engine \u00a0QSL9 Electronic Control Module 4921776<\/p>\n<p><strong>Cummins Engine ECM List\u00a0<\/strong><\/p>\n<table>\n<tbody>\n<tr>\n<td>Motor<\/td>\n<td>Description<\/td>\n<td>Part #<\/td>\n<td>Part #<\/td>\n<td>Part #<\/td>\n<td>Part #<\/td>\n<td>Part #<\/td>\n<\/tr>\n<tr>\n<td>ISB6.7<\/td>\n<td>ECM<\/td>\n<td>4025103<\/td>\n<td>4898112<\/td>\n<td>4899685<\/td>\n<td>4921776<\/td>\n<td>0281020254<\/td>\n<\/tr>\n<tr>\n<td>ISB6.7<\/td>\n<td>ECM<\/td>\n<td>4932639<\/td>\n<td>3954430<\/td>\n<td>5317107<\/td>\n<td>5317170<\/td>\n<td>5290171<\/td>\n<\/tr>\n<tr>\n<td>QSB6.7<\/td>\n<td>ECM<\/td>\n<td>5317106<\/td>\n<td>4898111<\/td>\n<td>4921797<\/td>\n<td>&nbsp;<\/td>\n<td>&nbsp;<\/td>\n<\/tr>\n<tr>\n<td>QSL<\/td>\n<td>ECM<\/td>\n<td>4943135<\/td>\n<td>4932640<\/td>\n<td>4993120<\/td>\n<td>4993121<\/td>\n<td>4982754<\/td>\n<\/tr>\n<tr>\n<td>QSL<\/td>\n<td>ECM<\/td>\n<td>4982753<\/td>\n<td>&nbsp;<\/td>\n<td>&nbsp;<\/td>\n<td>&nbsp;<\/td>\n<td>&nbsp;<\/td>\n<\/tr>\n<tr>\n<td>ISF3.8<\/td>\n<td>ECM<\/td>\n<td>5293526<\/td>\n<td>5293527<\/td>\n<td>5271190<\/td>\n<td>5271191<\/td>\n<td>5291534<\/td>\n<\/tr>\n<tr>\n<td>ISF3.8<\/td>\n<td>ECM<\/td>\n<td>5291535<\/td>\n<td>&nbsp;<\/td>\n<td>&nbsp;<\/td>\n<td>&nbsp;<\/td>\n<td>&nbsp;<\/td>\n<\/tr>\n<tr>\n<td>ISB5.9<\/td>\n<td>ECM<\/td>\n<td>5348867<\/td>\n<td>5348863<\/td>\n<td>5316786<\/td>\n<td>5316787<\/td>\n<td>&nbsp;<\/td>\n<\/tr>\n<tr>\n<td>ISC<\/td>\n<td>ECM<\/td>\n<td>4943133<\/td>\n<td>4988820<\/td>\n<td>4940518<\/td>\n<td>4940519<\/td>\n<td>4988821<\/td>\n<\/tr>\n<tr>\n<td>QSC<\/td>\n<td>ECM<\/td>\n<td>4354532<\/td>\n<td>4354531<\/td>\n<td>3991502<\/td>\n<td>3944125<\/td>\n<td>&nbsp;<\/td>\n<\/tr>\n<tr>\n<td>QSL<\/td>\n<td>ECM<\/td>\n<td>4988820NX<\/td>\n<td>4943133NX<\/td>\n<td>4940518NX<\/td>\n<td>4995445<\/td>\n<td>4995444<\/td>\n<\/tr>\n<tr>\n<td>ISM<\/td>\n<td>ECM<\/td>\n<td>3408501<\/td>\n<td>4309175<\/td>\n<td>3408504<\/td>\n<td>3681405<\/td>\n<td>3408426<\/td>\n<\/tr>\n<tr>\n<td>ISM<\/td>\n<td>ECM<\/td>\n<td>3408440<\/td>\n<td>4963808<\/td>\n<td>4963807<\/td>\n<td>3990517<\/td>\n<td>3945868<\/td>\n<\/tr>\n<tr>\n<td>QSM<\/td>\n<td>ECM<\/td>\n<td>3944124<\/td>\n<td>3970138<\/td>\n<td>&nbsp;<\/td>\n<td>&nbsp;<\/td>\n<td>&nbsp;<\/td>\n<\/tr>\n<tr>\n<td>ISF2.8<\/td>\n<td>ECM<\/td>\n<td>5258889<\/td>\n<td>5258888<\/td>\n<td>5293525<\/td>\n<td>5254591<\/td>\n<td>5293524<\/td>\n<\/tr>\n<tr>\n<td>ISF2.8<\/td>\n<td>ECM<\/td>\n<td>5348868<\/td>\n<td>5316791<\/td>\n<td>5348864<\/td>\n<td>5316790<\/td>\n<td>&nbsp;<\/td>\n<\/tr>\n<tr>\n<td>K38<\/td>\n<td>ECM<\/td>\n<td>3654718<\/td>\n<td>3654718NX<\/td>\n<td>3619027<\/td>\n<td>&nbsp;<\/td>\n<td>&nbsp;<\/td>\n<\/tr>\n<tr>\n<td>QSN<\/td>\n<td>ECM<\/td>\n<td>3408303RX<\/td>\n<td>&nbsp;<\/td>\n<td>&nbsp;<\/td>\n<td>&nbsp;<\/td>\n<td>&nbsp;<\/td>\n<\/tr>\n<tr>\n<td>QSK19<\/td>\n<td>ECM<\/td>\n<td>4054322<\/td>\n<td>4921411<\/td>\n<td>4062099<\/td>\n<td>3087122<\/td>\n<td>3867401<\/td>\n<\/tr>\n<tr>\n<td>QSK19<\/td>\n<td>ECM<\/td>\n<td>3330511<\/td>\n<td>3867743<\/td>\n<td>4016272<\/td>\n<td>2871202<\/td>\n<\/tr>\n<\/tbody>\n<\/table>\n<p><strong>Prednost na\u0161ega podjetja izdelki<\/strong><\/p>\n<p>Mi lahko dobavlja <a href=\"http:\/\/www.kpdiesel.com\">Deli za dizelske motorje<\/a> :<br \/>\n<a href=\"https:\/\/www.excavatorenginepart.com\/sl\/product-category\/cummins-diesel-engine\/\">Dizelski motorji: <\/a>Dizelski motor Cummins, dizelski motor Weichai, dizelski motor Shangchai, dizelski motor Komatsu, dizelski motor Yanmar.<\/p>\n<p><a href=\"https:\/\/www.excavatorenginepart.com\/sl\/product-category\/deutz-engine-part\/\">Deli motorja:<\/a> Del motorja Cummins, del motorja Deutz, del motorja Volvo, del motorja Caterpiller, del motorja Kubota, del motorja Yanmar, del motorja Isuzu, del motorja Mitsubishi, del motorja Perkins, del motorja Komatsu, del motorja Wechai, del motorja Shangchai, del motorja Yuchai.<\/p>\n<p><a href=\"https:\/\/www.excavatorenginepart.com\/sl\/product-category\/shantui-bulldozer-part\/\">Deli za buldo\u017eerje:<\/a> Del buldo\u017eerja Shantui, del buldo\u017eerja Shanghai pengpu, del buldo\u017eerja HBXG, del buldo\u017eerja Liugong, del buldo\u017eerja Tianjin Yishan.<\/p>\n<p><a href=\"https:\/\/www.excavatorenginepart.com\/sl\/product-category\/sdlg-loader-parts\/\">Deli za nakladalnike:<\/a> Deli za nakladalnike SDLG, deli za nakladalnike Liugong, deli za nakladalnike XCMG, deli za nakladalnike Lonking, deli za nakladalnike XGMA.<\/p>\n<p><a href=\"https:\/\/www.excavatorenginepart.com\/sl\/product-category\/dse-controller\/\">Deli za generatorje:<\/a> Krmilnik DSE, krmilnik ComAp, krmilnik Woodward, krmilnik hitrosti Cummins, krmilnik hitrosti GAC, generator AVR, pogoni motorja, senzorji motorja, merilniki motorja.<\/p>\n<p><a href=\"https:\/\/www.excavatorenginepart.com\/sl\/product-category\/excavator-hydraulic-pump\/\">Deli za bagre<\/a>: Del motorja bagra, deli podvozja bagra, kon\u010dni pogon bagra, glavni ventil bagra, hidravli\u010dna \u010drpalka bagra.<\/p>\n<p>Yanmarjev model motorja: 3TNV82A, 4TNV84, 4TNV88, 4TNV94L, 4NTV98T, 4TNV106<\/p>\n<p>Ve\u010d informacij, pi\u0161ite nam, prosimo.\u00a0<\/p>\n<p><strong><span style=\"color: #ff0000;\">WhatsApp, Wechat: 0086 15553722299\u00a0<\/span><\/strong><\/p>\n<p>&nbsp;<\/p>\n<p>&nbsp;<\/p>","protected":false},"excerpt":{"rendered":"<p>Original Cummins Engine ECM 4921776 With Programme Electronic Control Module\u00a0\u00a0is fitting on\u00a0Cummins QSL9 Diesel Engine\u00a0. \u00a0The\u00a0\u00a0Cummins engine model is\u00a0QSL ISL\u00a0\u00a0Series. \u00a0ECM is the automobile engine control module, which is the core component of engine control. According to the input information of each sensor, ECM controls the fuel injection and ignition time of the engine, and [&hellip;]<\/p>","protected":false},"featured_media":6722,"menu_order":0,"comment_status":"closed","ping_status":"closed","template":"","meta":{"_seopress_robots_primary_cat":"","_seopress_titles_title":"","_seopress_titles_desc":"","_seopress_robots_index":"","om_disable_all_campaigns":false,"_mi_skip_tracking":false,"_monsterinsights_sitenote_active":false,"_monsterinsights_sitenote_note":"","_monsterinsights_sitenote_category":0},"product_cat":[],"product_tag":[],"product_category":[115],"class_list":{"0":"post-6721","1":"product","2":"type-product","3":"status-publish","4":"has-post-thumbnail","6":"product_category-cummins-engine-part","8":"first","9":"instock","10":"shipping-taxable","11":"product-type-simple"},"acf":[],"_links":{"self":[{"href":"https:\/\/www.excavatorenginepart.com\/sl\/wp-json\/wp\/v2\/product\/6721","targetHints":{"allow":["GET"]}}],"collection":[{"href":"https:\/\/www.excavatorenginepart.com\/sl\/wp-json\/wp\/v2\/product"}],"about":[{"href":"https:\/\/www.excavatorenginepart.com\/sl\/wp-json\/wp\/v2\/types\/product"}],"replies":[{"embeddable":true,"href":"https:\/\/www.excavatorenginepart.com\/sl\/wp-json\/wp\/v2\/comments?post=6721"}],"wp:featuredmedia":[{"embeddable":true,"href":"https:\/\/www.excavatorenginepart.com\/sl\/wp-json\/wp\/v2\/media\/6722"}],"wp:attachment":[{"href":"https:\/\/www.excavatorenginepart.com\/sl\/wp-json\/wp\/v2\/media?parent=6721"}],"wp:term":[{"taxonomy":"product_cat","embeddable":true,"href":"https:\/\/www.excavatorenginepart.com\/sl\/wp-json\/wp\/v2\/product_cat?post=6721"},{"taxonomy":"product_tag","embeddable":true,"href":"https:\/\/www.excavatorenginepart.com\/sl\/wp-json\/wp\/v2\/product_tag?post=6721"},{"taxonomy":"product_category","embeddable":true,"href":"https:\/\/www.excavatorenginepart.com\/sl\/wp-json\/wp\/v2\/product_category?post=6721"}],"curies":[{"name":"wp","href":"https:\/\/api.w.org\/{rel}","templated":true}]}}