{"id":6680,"date":"2022-04-21T03:11:10","date_gmt":"2022-04-21T03:11:10","guid":{"rendered":"https:\/\/www.excavatorenginepart.com\/?post_type=product&#038;p=6680"},"modified":"2022-04-21T03:11:10","modified_gmt":"2022-04-21T03:11:10","slug":"excavator-final-drive-parts-330b-travel-motor-1077028","status":"publish","type":"product","link":"https:\/\/www.excavatorenginepart.com\/sl\/product\/excavator-final-drive-parts-330b-travel-motor-1077028\/","title":{"rendered":"Deli za kon\u010dni pogon bagra 330B Potovalni motor 1077028"},"content":{"rendered":"<p>Deli za kon\u010dni pogon bagra 330B Potovalni motor 1077028<\/p>\n<p>Za bagre Caterpillar CAT: E235-B, E235-D, E245-B, E245-D, E307, E311B, E312C, E312CL, E315C, E315CL, E318B, E320, E320L, E322, E325, E330, E350, E375, E450\u00a0<\/p>\n<p>Kon\u010dni pogon GM35VA je izdelan v podjetju Shanghai Nabtesco Hydraulic Co., Ltd. Nahaja se v industrijski coni songjiang v \u0160anghaju, s skupno nalo\u017ebo v vi\u0161ini $29 milijonov ameri\u0161kih dolarjev, s povr\u0161ino skoraj 50.000 kvadratnih metrov, 10.000 kvadratnimi metri delavnic in skoraj 100 kompleti opreme za avtomatsko numeri\u010dno krmiljenje. songjiang je kitajsko-japonsko skupno podjetje z naprednimi zmogljivostmi predelave in testiranja na svetu. podjetje je bilo ustanovljeno 26. marca 1996 in je do zdaj izdelalo ve\u010d kot 50.000 motorjev. Trenutno je bila dose\u017eena letna proizvodna zmogljivost ve\u010d kot 30.000 motorjev. susquehanna talbot g hydraulic co., LTD. Proizvodnja reduktorja in hidravli\u010dne opreme za integracijo hidravli\u010dne hoje, rotacijskega motorja, UPORABLJA japonsko tehnologijo Nabtesco in komatsu, je trenutno najnaprednej\u0161i izdelek na svetu, ki so ga \u0161iroko sprejeli doma\u010di proizvajalci bagrov in se postopoma uporablja na \u0161ir\u0161em podro\u010dju strojne opreme. Shanghai nabobsk hydraulic co., LTD. se je vedno dr\u017eala na\u010dela najprej kakovost in najprej stranka ter postopoma vzpostavila popoln sistem poprodajnih storitev. podjetje se posve\u010da ustvarjanju lepe prihodnosti visokokakovostne opreme skupaj z veliko tovarno gostiteljskih strojev in tovarno ustreznikov. Dobavljamo lahko\u00a0<strong>Nov originalni kon\u010dni pogonski potovalni motor\u00a0<\/strong>, lahko najdete tudi<strong>\u00a0Reprodukcija kon\u010dnega pogonskega potovalnega motorja<\/strong>\u00a0na podlagi povpra\u0161evanja na\u0161ih strank, veliko\u00a0<strong>Rezervni deli za hidravli\u010dne naprave f<\/strong>ali kon\u010dni pogon in potovalni motorji. \u00a0<\/p>\n<p>Kon\u010dni pogon Potovalni motor za model in blagovno znamko bagra\u00a0<\/p>\n<p><strong>1. Za bager Komatsu<\/strong>\u00a0: PC20, PC30, PC25, PC18, PC30, PC40, PC55, PC50UR, PC60, PC75, PC78, PC90, PC100, PC110, PC120, PC130-6, PC140, PC150-5, PC160, PC180, PC200-6,PC220,PC210,PC230,PC240,PC260,PC280,PC300,PC320,PC360,PC380,PC400,PC420,PC450-7, PC650,PC650-8,PC710-5 PC1000-1,PC1250<\/p>\n<p><strong>2. Za bager Hitachi<\/strong><strong>\u00a0:<\/strong>\u00a0EX25, EX30UR-2, EX35,EX40, EX45UU, EX50, EX60, EX75, EX90, EX100, EX55, EX120, EX160-1, EX200-2, EX210-5, EX220-6, EX270 UH07-7O\/N, UH55,EX330, EX320-3 EX360,EX400, ZAXIS55, ZAXIS60, ZAXIS90, ZAXIS70, ZAXIS100-1, ZAXIS110-2, ZXXIS120, ZAXIS160, ZAXIS200-1, ZAXIS210, ZAXIS230, ZAXIS230-5, ZAXIS240, ZAXIS330, ZAXIS360, ZAXIS450<\/p>\n<p><b>3. Za bagre Kato:\u00a0<\/b>HD250SE-2, HD250-5\/7, HD300GS, HD307, HD350, HD400G, KD400SE-2, HD400SEN2, HD400-5\/7 HD450-5\/7, HD510, HD512, HD550-5\/7, HD700-2\/5, HD700-7, HD770-1, HD770-2, HD800-5, HD800-7, HD820-1\/2\/3 , HD880, HD850, HD900-5\/7, HD1023, HD1220SE-2, HD1250-5, HD1430, HD1880-7, HD900-7, HD1880\u00a0<\/p>\n<p><strong>4.<\/strong>\u00a0<strong>Za bagre Kobelco\u00a0<\/strong>: K30, SK45, SK80, K903, K904, K904B, K907B, K907C, K907D, SK50, SK120, SK60, SK75UR, SK07, SK027, SK04N2, SK07N2, SK09, SK100, SK200, SK200-5, SK200-6, SK120-3, SK120-6 , SK120LC, SK210, SK220, SK380, SK310, SK450, SK230, SK260, SK280 , SK250, SK07-N2, SK320, SK330, SK360, SK330-6, SK330-8, SK210-8, SK230-6E, SK250-6, SK250-8, SK450-6, SK450-8, SK480-6<br \/>\n<strong>5. Za bagre Sumitomo:<\/strong>\u00a0SH55, SH60, SH75, SH90, SH100, SH120-1\/2\/3\/5,SH160, SH180, SH200-1\/A3 SH220 SH300-2 LS2650FJ-2 LS2800CJ\/DJ\/EJ\/FJ-2 LS2800FJ2 LS2800F2 LS3400EA LS3400FJ LS5800FJ, LS4300FJ2, LS5800C2, SC800,SC1000<\/p>\n<p><strong>6.\u00a0<\/strong><strong>Za bagre Doosan\/Daewoo:<\/strong>\u00a0Solar S55 DH55-5, S60, SOLAR 130, SOLAR140,SOLAR160, DH220-2, DH220-3, DH220-5, DH220-9E, DH225-7 DH280-3, DH320, DH320-2\/3, DH450, DH130-7, DH280, DH330, DH360-5\u00a0<\/p>\n<p><strong>7.\u00a0<\/strong>\u00a0<strong>Za bager Volvo:<\/strong>\u00a0EC55, EC60, EC70, EC75, EC90, EC110, EC120, EC130, EC160, EC210B, EC240B, EC240B, EC260B, EC280, EC290B, EC320, EC360B, EC380, EC420, EC460B<\/p>\n<p><strong>8. Za bager Caterpillar CAT:\u00a0<\/strong>E235-B, E235-D, E245-B, E245-D, E307, E311B, E312C, E312CL, E315C, E315CL, E318B, E320, E320L, E322, E325, E330, E350, E375, E450\u00a0<\/p>\n<p><strong>9.\u00a0<\/strong><strong>Za Yanmarjev bager:\u00a0<\/strong>B50-, B5X, B6-3, B6U, B7-3, B7U, SV05, SV08 , SV13, SV15, SV08-1, Vio10, Vio15, Vio20, Vio75, VIO85, VIO90, VIO50, VIO57, VIO45-2, VIO35, VIO55<\/p>\n<p><strong>10. Za bager Kubota\u00a0<\/strong>: MX331, MX337, MX341, E50, E32, E35, E43, E80, MX325, MX328, MX334, MX430, E26, E62, E45, E38, MXE32\u00a0<\/p>\n<p><strong>11.\u00a0<\/strong><strong>Za bager IHI:\u00a0<\/strong>\u00a0IHI25, IHI35, IHI45, IHI55, IHI60, IHI80, IHI75, IHI100, IHI120, IHI140, IHI160, IHI175, IHI185\u00a0<\/p>\n<p><strong>12. KYB KAYABA Kon\u010dni pogonski potovalni motor<\/strong>\u00a0: KYB MAG-18VP-250F-1, MAG-18VP-350F-4, MAG-33VP-550F-10, MAG-85VP-1800-11, MAG-85VP-2600E-1, MAG-170VP-3400E-7, MAG-17VP-3600F-5.<\/p>\n<p><strong>13.\u00a0<\/strong><strong>Nabotesco\u00a0<\/strong><strong>Kon\u010dni pogon Potovalni motor<\/strong><strong>\u00a0:<\/strong>\u00a0GM18VL, GM21VA-A-45\/76-1,GM24VL, GM35VL,GM38VL2-A-87\/135-3,GM50VA,GM60VA,GM85VA,KF106,KF160,KF270<b>\u00a0<\/b><\/p>\n<p><b>14.Nachi \u00a0\u00a0<strong>Kon\u010dni pogon Potovalni motor<\/strong><strong>\u00a0<\/strong>:\u00a0<\/b>PHV-1B,PHV-2B,PHV-3B,PHV-4B-60B-P-9067A,PHV-390\u00a0<\/p>\n<p><img fetchpriority=\"high\" decoding=\"async\" class=\"alignnone wp-image-6681 size-full\" src=\"https:\/\/www.excavatorenginepart.com\/wp-content\/uploads\/2022\/04\/Excavator-Final-Drive-Parts-330B-Travel-Motor-1077028-01.jpg\" alt=\"\" width=\"591\" height=\"550\" srcset=\"https:\/\/www.excavatorenginepart.com\/wp-content\/uploads\/2022\/04\/Excavator-Final-Drive-Parts-330B-Travel-Motor-1077028-01.jpg 591w, https:\/\/www.excavatorenginepart.com\/wp-content\/uploads\/2022\/04\/Excavator-Final-Drive-Parts-330B-Travel-Motor-1077028-01-300x279.jpg 300w\" sizes=\"(max-width: 591px) 100vw, 591px\" \/><\/p>\n<p>Kon\u010dni pogon bagra Sumitomo za SH135, SH160, SH200, SH280, Sumitomo deli kon\u010dnega pogona motorja<\/p>\n<p><img decoding=\"async\" class=\"alignnone wp-image-6682 size-full\" src=\"https:\/\/www.excavatorenginepart.com\/wp-content\/uploads\/2022\/04\/Excavator-Final-Drive-Parts-330B-Travel-Motor-1077028-02.jpg\" alt=\"\" width=\"598\" height=\"521\" srcset=\"https:\/\/www.excavatorenginepart.com\/wp-content\/uploads\/2022\/04\/Excavator-Final-Drive-Parts-330B-Travel-Motor-1077028-02.jpg 598w, https:\/\/www.excavatorenginepart.com\/wp-content\/uploads\/2022\/04\/Excavator-Final-Drive-Parts-330B-Travel-Motor-1077028-02-300x261.jpg 300w\" sizes=\"(max-width: 598px) 100vw, 598px\" \/><\/p>\n<p>GM35VA R220 kon\u010dni pogonski potovalni reduktor motor R225 R300 R290LC-3 R130LC-7<\/p>","protected":false},"excerpt":{"rendered":"<p>Excavator Final Drive Parts 330B Travel Motor 1077028 For Caterpillar\u00a0 CAT Excavator : E235-B, E235-D, E245-B, E245-D, E307, E311B, E312C, E312CL, E315C, E315CL, E318B, E320, E320L, E322, E325, E330, E350, E375, E450\u00a0 GM35VA Final Drive\u00a0is made of Shanghai Nabtesco Hydraulic Co., Ltd.\u00a0Located in songjiang industrial zone, Shanghai, with a total investment of us $29 million, [&hellip;]<\/p>","protected":false},"featured_media":6683,"menu_order":0,"comment_status":"closed","ping_status":"closed","template":"","meta":{"_seopress_robots_primary_cat":"","_seopress_titles_title":"","_seopress_titles_desc":"","_seopress_robots_index":"","om_disable_all_campaigns":false,"_mi_skip_tracking":false,"_monsterinsights_sitenote_active":false,"_monsterinsights_sitenote_note":"","_monsterinsights_sitenote_category":0},"product_cat":[],"product_tag":[],"product_category":[112],"class_list":{"0":"post-6680","1":"product","2":"type-product","3":"status-publish","4":"has-post-thumbnail","6":"product_category-excavator-final-drive","8":"first","9":"instock","10":"shipping-taxable","11":"product-type-simple"},"acf":[],"_links":{"self":[{"href":"https:\/\/www.excavatorenginepart.com\/sl\/wp-json\/wp\/v2\/product\/6680","targetHints":{"allow":["GET"]}}],"collection":[{"href":"https:\/\/www.excavatorenginepart.com\/sl\/wp-json\/wp\/v2\/product"}],"about":[{"href":"https:\/\/www.excavatorenginepart.com\/sl\/wp-json\/wp\/v2\/types\/product"}],"replies":[{"embeddable":true,"href":"https:\/\/www.excavatorenginepart.com\/sl\/wp-json\/wp\/v2\/comments?post=6680"}],"wp:featuredmedia":[{"embeddable":true,"href":"https:\/\/www.excavatorenginepart.com\/sl\/wp-json\/wp\/v2\/media\/6683"}],"wp:attachment":[{"href":"https:\/\/www.excavatorenginepart.com\/sl\/wp-json\/wp\/v2\/media?parent=6680"}],"wp:term":[{"taxonomy":"product_cat","embeddable":true,"href":"https:\/\/www.excavatorenginepart.com\/sl\/wp-json\/wp\/v2\/product_cat?post=6680"},{"taxonomy":"product_tag","embeddable":true,"href":"https:\/\/www.excavatorenginepart.com\/sl\/wp-json\/wp\/v2\/product_tag?post=6680"},{"taxonomy":"product_category","embeddable":true,"href":"https:\/\/www.excavatorenginepart.com\/sl\/wp-json\/wp\/v2\/product_category?post=6680"}],"curies":[{"name":"wp","href":"https:\/\/api.w.org\/{rel}","templated":true}]}}