{"id":8155,"date":"2023-01-18T13:55:16","date_gmt":"2023-01-18T13:55:16","guid":{"rendered":"https:\/\/www.excavatorenginepart.com\/?post_type=product&#038;p=8155"},"modified":"2023-01-18T14:16:26","modified_gmt":"2023-01-18T14:16:26","slug":"sinotruk-howo-truck-parts-connecting-rod-az1246030007","status":"publish","type":"product","link":"https:\/\/www.excavatorenginepart.com\/hu\/product\/sinotruk-howo-truck-parts-connecting-rod-az1246030007\/","title":{"rendered":"Sinotruk HOWO teheraut\u00f3 alkatr\u00e9szek \u00f6sszek\u00f6t\u0151 r\u00fad AZ1246030007"},"content":{"rendered":"<p><strong>Sinotruk HOWO teheraut\u00f3 alkatr\u00e9szek \u00f6sszek\u00f6t\u0151 r\u00fad AZ1246030007<\/strong><\/p>\n<p><img fetchpriority=\"high\" decoding=\"async\" class=\"alignnone size-medium wp-image-8158\" src=\"https:\/\/www.excavatorenginepart.com\/wp-content\/uploads\/2023\/01\/SINOTRUK-HOWO-WD615-ENGINE-PARTS-AZ1246030007-Connection-Rod-ASSEMBLY-300x300.png\" alt=\"\" width=\"300\" height=\"300\" srcset=\"https:\/\/www.excavatorenginepart.com\/wp-content\/uploads\/2023\/01\/SINOTRUK-HOWO-WD615-ENGINE-PARTS-AZ1246030007-Connection-Rod-ASSEMBLY-300x300.png 300w, https:\/\/www.excavatorenginepart.com\/wp-content\/uploads\/2023\/01\/SINOTRUK-HOWO-WD615-ENGINE-PARTS-AZ1246030007-Connection-Rod-ASSEMBLY-150x150.png 150w, https:\/\/www.excavatorenginepart.com\/wp-content\/uploads\/2023\/01\/SINOTRUK-HOWO-WD615-ENGINE-PARTS-AZ1246030007-Connection-Rod-ASSEMBLY.png 600w\" sizes=\"(max-width: 300px) 100vw, 300px\" \/><\/p>\n<p>OE AZ1246030007 \u00f6sszek\u00f6t\u0151r\u00fad szerelv\u00e9ny Sinotruk motorhoz<\/p>\n<p><img fetchpriority=\"high\" decoding=\"async\" class=\"alignnone size-medium wp-image-8158\" src=\"https:\/\/www.excavatorenginepart.com\/wp-content\/uploads\/2023\/01\/SINOTRUK-HOWO-WD615-ENGINE-PARTS-AZ1246030007-Connection-Rod-ASSEMBLY-300x300.png\" alt=\"\" width=\"300\" height=\"300\" srcset=\"https:\/\/www.excavatorenginepart.com\/wp-content\/uploads\/2023\/01\/SINOTRUK-HOWO-WD615-ENGINE-PARTS-AZ1246030007-Connection-Rod-ASSEMBLY-300x300.png 300w, https:\/\/www.excavatorenginepart.com\/wp-content\/uploads\/2023\/01\/SINOTRUK-HOWO-WD615-ENGINE-PARTS-AZ1246030007-Connection-Rod-ASSEMBLY-150x150.png 150w, https:\/\/www.excavatorenginepart.com\/wp-content\/uploads\/2023\/01\/SINOTRUK-HOWO-WD615-ENGINE-PARTS-AZ1246030007-Connection-Rod-ASSEMBLY.png 600w\" sizes=\"(max-width: 300px) 100vw, 300px\" \/><\/p>\n<p>SINOTRUK HOWO WD615 motoralkatr\u00e9szek AZ1246030007 Csatlakoz\u00f3 r\u00fad szerelv\u00e9ny AZ1246030007 Csatlakoz\u00f3 r\u00fad szerelv\u00e9ny<\/p>\n<p><img decoding=\"async\" class=\"alignnone size-medium wp-image-8157\" src=\"https:\/\/www.excavatorenginepart.com\/wp-content\/uploads\/2023\/01\/Sinotruk-HOWO-Truck-Parts-Connecting-Rod-AZ1246030007-300x300.jpg\" alt=\"\" width=\"300\" height=\"300\" srcset=\"https:\/\/www.excavatorenginepart.com\/wp-content\/uploads\/2023\/01\/Sinotruk-HOWO-Truck-Parts-Connecting-Rod-AZ1246030007-300x300.jpg 300w, https:\/\/www.excavatorenginepart.com\/wp-content\/uploads\/2023\/01\/Sinotruk-HOWO-Truck-Parts-Connecting-Rod-AZ1246030007-150x150.jpg 150w, https:\/\/www.excavatorenginepart.com\/wp-content\/uploads\/2023\/01\/Sinotruk-HOWO-Truck-Parts-Connecting-Rod-AZ1246030007.jpg 600w\" sizes=\"(max-width: 300px) 100vw, 300px\" \/><\/p>\n<p><strong>L\u00e9nyeges r\u00e9szletek<\/strong><\/p>\n<p>\u00c9v:2005-<br \/>\nModell: Howo<br \/>\nSz\u00e1rmaz\u00e1si hely: Shandong, K\u00edna<br \/>\nM\u00e1rkan\u00e9v: HOWO teheraut\u00f3<br \/>\nAut\u00f3 felszerelts\u00e9g: SINOTRUK (CNHTC)<br \/>\nModellsz\u00e1m:HOWO, HOWO<br \/>\n\u00c1llapot:\u00faj<br \/>\nOEM: csatlakoz\u00f3 r\u00fad<br \/>\nAlkatr\u00e9szsz\u00e1m:AZ1246030007<br \/>\nM\u00e1rka: Howo\/howo A7<\/p>\n<table border=\"0\" width=\"658\" cellspacing=\"0\" cellpadding=\"0\">\n<tbody>\n<tr>\n<td colspan=\"4\" valign=\"bottom\" width=\"658\">\n<h3 data-spm-anchor-id=\"a2700.details.0.i12.14b11d84YVR3go\">Sinotruck HOWO csatlakoz\u00f3 r\u00fad AZ1246030007<\/h3>\n<\/td>\n<\/tr>\n<tr>\n<td valign=\"bottom\" width=\"120\">\n<p><strong>T\u00edpus:<\/strong><\/p>\n<\/td>\n<td valign=\"bottom\" width=\"157\">\u00d6sszek\u00f6t\u0151r\u00fad<\/td>\n<td valign=\"bottom\" width=\"141\">\n<p><strong>Alkalmaz\u00e1s:<\/strong><\/p>\n<\/td>\n<td valign=\"bottom\" width=\"239\">\n<p>Sinotruk<\/p>\n<\/td>\n<\/tr>\n<tr>\n<td valign=\"bottom\" width=\"120\">\n<p><strong>Teheraut\u00f3 modell:<\/strong><\/p>\n<\/td>\n<td valign=\"bottom\" width=\"157\">\n<p>\u00a0HOWO<\/p>\n<\/td>\n<td valign=\"bottom\" width=\"141\">\n<p><strong>Tan\u00fas\u00edt\u00e1s:<\/strong><\/p>\n<\/td>\n<td valign=\"bottom\" width=\"239\">\n<p><span data-spm-anchor-id=\"a2700.details.0.i13.14b11d84YVR3go\">ISO9001<\/span><\/p>\n<\/td>\n<\/tr>\n<tr>\n<td valign=\"bottom\" width=\"120\">\n<p><strong>OEM sz\u00e1m:<\/strong><\/p>\n<\/td>\n<td valign=\"bottom\" width=\"157\">AZ1246030007<\/td>\n<td valign=\"bottom\" width=\"141\">\n<p><strong>Garancia:<\/strong><\/p>\n<\/td>\n<td valign=\"bottom\" width=\"239\">\n<p>6 h\u00f3nap<\/p>\n<\/td>\n<\/tr>\n<tr>\n<td valign=\"bottom\" width=\"120\">\n<p><strong>T\u00e9tel neve:<\/strong><\/p>\n<\/td>\n<td valign=\"bottom\" width=\"157\">Sinotruk motoralkatr\u00e9szek<\/td>\n<td valign=\"bottom\" width=\"141\">\n<p><strong>Csomagol\u00e1s:<\/strong><\/p>\n<\/td>\n<td valign=\"bottom\" width=\"239\">\n<p>standard<\/p>\n<\/td>\n<\/tr>\n<tr>\n<td valign=\"bottom\" width=\"120\">\n<p><strong>Sz\u00e1rmaz\u00e1si hely:<\/strong><\/p>\n<\/td>\n<td valign=\"bottom\" width=\"157\">\n<p>shandong, K\u00edna<\/p>\n<\/td>\n<td valign=\"bottom\" width=\"141\">\n<p><strong>MOQ:<\/strong><\/p>\n<\/td>\n<td valign=\"bottom\" width=\"239\">\n<p>1 darab<\/p>\n<\/td>\n<\/tr>\n<tr>\n<td valign=\"bottom\" width=\"120\">\n<p><strong>M\u00e1rkan\u00e9v:\u00a0<\/strong><\/p>\n<\/td>\n<td valign=\"bottom\" width=\"157\">\n<p>sinotruk<\/p>\n<\/td>\n<td valign=\"bottom\" width=\"141\">\n<p><strong>Qulity:<\/strong><\/p>\n<\/td>\n<td valign=\"bottom\" width=\"239\">\n<p>OEM eredeti<\/p>\n<\/td>\n<\/tr>\n<tr>\n<td valign=\"bottom\" width=\"120\">\n<p><strong>Alkalmazkod\u00f3 aut\u00f3 \u00fczemm\u00f3d<\/strong>:<\/p>\n<\/td>\n<td valign=\"bottom\" width=\"157\">\n<p>SINOTRUK<\/p>\n<\/td>\n<td valign=\"bottom\" width=\"141\">\n<p><strong>Fizet\u00e9s:<\/strong><\/p>\n<\/td>\n<td valign=\"bottom\" width=\"239\">\n<p>TT, Western Union, L\/C<\/p>\n<\/td>\n<\/tr>\n<\/tbody>\n<\/table>\n<p><strong>Sinotruck Howo gyors mozg\u00f3 alkatr\u00e9szek list\u00e1ja\u00a0<\/strong><\/p>\n<p>WD615.47, D10.38-40, D12.42-20, D12.42-40 motor alkatr\u00e9szekhez<\/p>\n<p><img decoding=\"async\" class=\"alignnone  wp-image-8160\" src=\"https:\/\/www.excavatorenginepart.com\/wp-content\/uploads\/2023\/01\/WD615.47-Engine-Parts-List-300x176.png\" alt=\"\" width=\"532\" height=\"312\" srcset=\"https:\/\/www.excavatorenginepart.com\/wp-content\/uploads\/2023\/01\/WD615.47-Engine-Parts-List-300x176.png 300w, https:\/\/www.excavatorenginepart.com\/wp-content\/uploads\/2023\/01\/WD615.47-Engine-Parts-List.png 748w\" sizes=\"(max-width: 532px) 100vw, 532px\" \/><\/p>\n<p>AC16,HC16,ST16,HF7,HF9 tengelyalkatr\u00e9szek\u00a0<\/p>\n<p><img loading=\"lazy\" decoding=\"async\" class=\"alignnone  wp-image-8161\" src=\"https:\/\/www.excavatorenginepart.com\/wp-content\/uploads\/2023\/01\/AC16HC16ST16HF7HF9-Axle-Parts--300x195.png\" alt=\"\" width=\"531\" height=\"345\" srcset=\"https:\/\/www.excavatorenginepart.com\/wp-content\/uploads\/2023\/01\/AC16HC16ST16HF7HF9-Axle-Parts--300x195.png 300w, https:\/\/www.excavatorenginepart.com\/wp-content\/uploads\/2023\/01\/AC16HC16ST16HF7HF9-Axle-Parts-.png 747w\" sizes=\"(max-width: 531px) 100vw, 531px\" \/><\/p>\n<p>HOWO 19710 Howo 19710T sebess\u00e9gv\u00e1lt\u00f3 alkatr\u00e9szek\u00a0<\/p>\n<p><img loading=\"lazy\" decoding=\"async\" class=\"alignnone  wp-image-8162\" src=\"https:\/\/www.excavatorenginepart.com\/wp-content\/uploads\/2023\/01\/HOWO-19710-Howo-19710T-Transmission-Parts--300x187.png\" alt=\"\" width=\"541\" height=\"337\" srcset=\"https:\/\/www.excavatorenginepart.com\/wp-content\/uploads\/2023\/01\/HOWO-19710-Howo-19710T-Transmission-Parts--300x187.png 300w, https:\/\/www.excavatorenginepart.com\/wp-content\/uploads\/2023\/01\/HOWO-19710-Howo-19710T-Transmission-Parts-.png 747w\" sizes=\"(max-width: 541px) 100vw, 541px\" \/><\/p>\n<p>Sinotruck Howo karossz\u00e9riaelemek\u00a0<\/p>\n<p><img loading=\"lazy\" decoding=\"async\" class=\"alignnone  wp-image-8163\" src=\"https:\/\/www.excavatorenginepart.com\/wp-content\/uploads\/2023\/01\/Sinotruck-Howo-Body-Parts--300x203.png\" alt=\"\" width=\"532\" height=\"360\" srcset=\"https:\/\/www.excavatorenginepart.com\/wp-content\/uploads\/2023\/01\/Sinotruck-Howo-Body-Parts--300x203.png 300w, https:\/\/www.excavatorenginepart.com\/wp-content\/uploads\/2023\/01\/Sinotruck-Howo-Body-Parts-.png 745w\" sizes=\"(max-width: 532px) 100vw, 532px\" \/><\/p>\n<p>Tov\u00e1bbi Sinotruk HOWO teheraut\u00f3 alkatr\u00e9szek , Kapcsolatfelv\u00e9tel\u00a0<\/p>\n<p><span style=\"color: #ff0000;\"><strong>WhatsApp, Wechat : 0086 15553722299\u00a0<\/strong><\/span><\/p>\n<p>&nbsp;<\/p>\n<p>&nbsp;<\/p>\n<p>&nbsp;<\/p>\n<p>&nbsp;<\/p>\n<p>&nbsp;<\/p>\n<p>&nbsp;<\/p>\n<p>&nbsp;<\/p>\n<p>&nbsp;<\/p>\n<p>&nbsp;<\/p>","protected":false},"excerpt":{"rendered":"<p>Sinotruk HOWO Truck Parts Connecting Rod AZ1246030007 Connecting Rod Assembly OE AZ1246030007 for Sinotruk engine SINOTRUK HOWO WD615 ENGINE PARTS AZ1246030007 Connection Rod ASSEMBLY Essential details Year:2005- Model:Howo Place of Origin:Shandong, China Brand Name:HOWO Truck Car Fitment:SINOTRUK (CNHTC) Model Number:HOWO, HOWO Condition:new OEM:Connecting Rod Parts Number:AZ1246030007 Brand:Howo\/howo A7 Sinotruck HOWO Connecting Rod AZ1246030007 Type: Connecting [&hellip;]<\/p>","protected":false},"featured_media":8157,"menu_order":0,"comment_status":"closed","ping_status":"closed","template":"","meta":{"_seopress_robots_primary_cat":"","_seopress_titles_title":"","_seopress_titles_desc":"","_seopress_robots_index":"","om_disable_all_campaigns":false,"_mi_skip_tracking":false,"_monsterinsights_sitenote_active":false,"_monsterinsights_sitenote_note":"","_monsterinsights_sitenote_category":0},"product_cat":[],"product_tag":[],"product_category":[145],"class_list":{"0":"post-8155","1":"product","2":"type-product","3":"status-publish","4":"has-post-thumbnail","6":"product_category-sinotruck-engine-parts","8":"first","9":"instock","10":"shipping-taxable","11":"product-type-simple"},"acf":[],"_links":{"self":[{"href":"https:\/\/www.excavatorenginepart.com\/hu\/wp-json\/wp\/v2\/product\/8155","targetHints":{"allow":["GET"]}}],"collection":[{"href":"https:\/\/www.excavatorenginepart.com\/hu\/wp-json\/wp\/v2\/product"}],"about":[{"href":"https:\/\/www.excavatorenginepart.com\/hu\/wp-json\/wp\/v2\/types\/product"}],"replies":[{"embeddable":true,"href":"https:\/\/www.excavatorenginepart.com\/hu\/wp-json\/wp\/v2\/comments?post=8155"}],"wp:featuredmedia":[{"embeddable":true,"href":"https:\/\/www.excavatorenginepart.com\/hu\/wp-json\/wp\/v2\/media\/8157"}],"wp:attachment":[{"href":"https:\/\/www.excavatorenginepart.com\/hu\/wp-json\/wp\/v2\/media?parent=8155"}],"wp:term":[{"taxonomy":"product_cat","embeddable":true,"href":"https:\/\/www.excavatorenginepart.com\/hu\/wp-json\/wp\/v2\/product_cat?post=8155"},{"taxonomy":"product_tag","embeddable":true,"href":"https:\/\/www.excavatorenginepart.com\/hu\/wp-json\/wp\/v2\/product_tag?post=8155"},{"taxonomy":"product_category","embeddable":true,"href":"https:\/\/www.excavatorenginepart.com\/hu\/wp-json\/wp\/v2\/product_category?post=8155"}],"curies":[{"name":"wp","href":"https:\/\/api.w.org\/{rel}","templated":true}]}}