{"id":7946,"date":"2022-12-29T01:56:56","date_gmt":"2022-12-29T01:56:56","guid":{"rendered":"https:\/\/www.excavatorenginepart.com\/?post_type=product&#038;p=7946"},"modified":"2022-12-29T02:01:37","modified_gmt":"2022-12-29T02:01:37","slug":"ecu-275800-4302-d88a-010-800-electronic-control-unit-for-truck-crane","status":"publish","type":"product","link":"https:\/\/www.excavatorenginepart.com\/hu\/product\/ecu-275800-4302-d88a-010-800-electronic-control-unit-for-truck-crane\/","title":{"rendered":"ECU 275800-4302 D88A-010-800 elektronikus vez\u00e9rl\u0151egys\u00e9g teherg\u00e9pkocsi daruhoz"},"content":{"rendered":"<p><strong>ECU 275800-4302 D88A-010-800 elektronikus vez\u00e9rl\u0151egys\u00e9g teherg\u00e9pkocsi daruhoz<\/strong><\/p>\n<p><img fetchpriority=\"high\" decoding=\"async\" class=\"alignnone size-medium wp-image-7947\" src=\"https:\/\/www.excavatorenginepart.com\/wp-content\/uploads\/2022\/12\/ECU-275800-4302-D88A-010-800-electronic-control-unit-for-truck-crane-300x300.jpg\" alt=\"\" width=\"300\" height=\"300\" srcset=\"https:\/\/www.excavatorenginepart.com\/wp-content\/uploads\/2022\/12\/ECU-275800-4302-D88A-010-800-electronic-control-unit-for-truck-crane-300x300.jpg 300w, https:\/\/www.excavatorenginepart.com\/wp-content\/uploads\/2022\/12\/ECU-275800-4302-D88A-010-800-electronic-control-unit-for-truck-crane-150x150.jpg 150w, https:\/\/www.excavatorenginepart.com\/wp-content\/uploads\/2022\/12\/ECU-275800-4302-D88A-010-800-electronic-control-unit-for-truck-crane.jpg 600w\" sizes=\"(max-width: 300px) 100vw, 300px\" \/><\/p>\n<p>Genuine Car Truck ECU D88A-010-800 275800-4301 Diesel Engine Electronic Control Unit<\/p>\n<p>Computer Module ECM Motor For Shangchai diesel<\/p>\n<p><img decoding=\"async\" class=\"alignnone size-medium wp-image-7949\" src=\"https:\/\/www.excavatorenginepart.com\/wp-content\/uploads\/2022\/12\/Genuine-Car-Truck-ECU-D88A-010-800-275800-4301-Diesel-Engine-Electronic-Control-Unit-Computer-Module-ECM-Motor-For-Shangchai-diesel-300x300.jpg\" alt=\"\" width=\"300\" height=\"300\" srcset=\"https:\/\/www.excavatorenginepart.com\/wp-content\/uploads\/2022\/12\/Genuine-Car-Truck-ECU-D88A-010-800-275800-4301-Diesel-Engine-Electronic-Control-Unit-Computer-Module-ECM-Motor-For-Shangchai-diesel-300x300.jpg 300w, https:\/\/www.excavatorenginepart.com\/wp-content\/uploads\/2022\/12\/Genuine-Car-Truck-ECU-D88A-010-800-275800-4301-Diesel-Engine-Electronic-Control-Unit-Computer-Module-ECM-Motor-For-Shangchai-diesel-150x150.jpg 150w, https:\/\/www.excavatorenginepart.com\/wp-content\/uploads\/2022\/12\/Genuine-Car-Truck-ECU-D88A-010-800-275800-4301-Diesel-Engine-Electronic-Control-Unit-Computer-Module-ECM-Motor-For-Shangchai-diesel.jpg 600w\" sizes=\"(max-width: 300px) 100vw, 300px\" \/><\/p>\n<p>Shangchai Engine spare parts D88A-010-800 275800-4302 Engine ECU controller<\/p>\n<p><img decoding=\"async\" class=\"alignnone size-medium wp-image-7948\" src=\"https:\/\/www.excavatorenginepart.com\/wp-content\/uploads\/2022\/12\/engine-spare-parts-D88A-010-800-275800-4302-Engine-ECU-controller-300x300.jpg\" alt=\"\" width=\"300\" height=\"300\" srcset=\"https:\/\/www.excavatorenginepart.com\/wp-content\/uploads\/2022\/12\/engine-spare-parts-D88A-010-800-275800-4302-Engine-ECU-controller-300x300.jpg 300w, https:\/\/www.excavatorenginepart.com\/wp-content\/uploads\/2022\/12\/engine-spare-parts-D88A-010-800-275800-4302-Engine-ECU-controller-150x150.jpg 150w, https:\/\/www.excavatorenginepart.com\/wp-content\/uploads\/2022\/12\/engine-spare-parts-D88A-010-800-275800-4302-Engine-ECU-controller.jpg 600w\" sizes=\"(max-width: 300px) 100vw, 300px\" \/><\/p>\n<p><strong>Term\u00e9k le\u00edr\u00e1sa<\/strong><\/p>\n<p class=\"magic-5\"><span style=\"font-size: medium;\" data-spm-anchor-id=\"a2700.details.0.i9.6ae6edc4JWhT9z\">Shangchai electronic control unit 275800-4302 ECU D88A-010-800 for truck crane<\/span><\/p>\n<p class=\"magic-5\"><span style=\"font-size: medium;\">Model:275800-4302<\/span><\/p>\n<p class=\"magic-5\" data-spm-anchor-id=\"a2700.details.0.i10.6ae6edc4JWhT9z\"><span style=\"font-size: medium;\">Part No.:\u00a0 D88A-010-800<\/span><\/p>\n<p class=\"magic-5\"><span style=\"font-size: medium;\">Name: Electronic control unit ECU<\/span><\/p>\n<p class=\"magic-5\"><span style=\"font-size: medium;\">Application: Shangchai engine<\/span><\/p>\n<p><strong>L\u00e9nyeges r\u00e9szletek<\/strong><\/p>\n<p>\u00c1llapot:\u00daj<br \/>\nApplicable Industries:Building Material Shops, Machinery Repair Shops, Manufacturing Plant, Construction works , Energy &amp; Mining<br \/>\nVideo kimen\u0151 ellen\u0151rz\u00e9s:Provided<br \/>\nG\u00e9pvizsg\u00e1lati jelent\u00e9s: Rendelkez\u00e9sre bocs\u00e1tva<br \/>\nMarketing t\u00edpus: Szok\u00e1sos term\u00e9k<br \/>\nPlace of Origin:Japan<br \/>\nBrand Name:shangchai<br \/>\nWarranty:3months<br \/>\nPart name:ECU, electronic control unit<br \/>\nModel:275800-4302<br \/>\nPart number:D88A-010-800<br \/>\nColor:Silver<br \/>\nApplication:engine for truck or truck crane<br \/>\nMaterial:Alloy Steel<br \/>\nMOQ:1pcs<br \/>\nQuality:High Guarantee<br \/>\nPacking:Carto<\/p>\n<p><strong>C\u00e9g\u00fcnk el\u0151ny\u00f6s term\u00e9kei<\/strong><\/p>\n<p>Tudunk sz\u00e1ll\u00edtott <a href=\"http:\/\/www.kpdiesel.com\">D\u00edzelmotor alkatr\u00e9szek<\/a> :<br \/>\n<a href=\"https:\/\/www.excavatorenginepart.com\/hu\/product-category\/cummins-diesel-engine\/\">D\u00edzelmotorok: <\/a>Cummins d\u00edzelmotor, Weichai d\u00edzelmotor, Shangchai d\u00edzelmotor, Komatsu d\u00edzelmotor, Yanmar d\u00edzelmotor.<\/p>\n<p><a href=\"https:\/\/www.excavatorenginepart.com\/hu\/product-category\/deutz-engine-part\/\">Motoralkatr\u00e9szek:<\/a> Cummins motor alkatr\u00e9sz, Deutz motor alkatr\u00e9sz, Volvo motor alkatr\u00e9sz, Caterpiller motor alkatr\u00e9sz, Kubota motor alkatr\u00e9sz, Yanmar motor alkatr\u00e9sz, Isuzu motor alkatr\u00e9sz, Mitsubishi motor alkatr\u00e9sz, Perkins motor alkatr\u00e9sz, Komatsu motor alkatr\u00e9sz, Wechai motor alkatr\u00e9sz, Shangchai motor alkatr\u00e9sz, Yuchai motor alkatr\u00e9sz.<\/p>\n<p><a href=\"https:\/\/www.excavatorenginepart.com\/hu\/product-category\/shantui-bulldozer-part\/\">Buld\u00f3zer alkatr\u00e9szek:<\/a> Shantui buld\u00f3zer r\u00e9sz, Shanghai pengpu buld\u00f3zer r\u00e9sz, HBXG buld\u00f3zer r\u00e9sz, Liugong buld\u00f3zer r\u00e9sz, Tianjin Yishan buld\u00f3zer r\u00e9sz.<\/p>\n<p><a href=\"https:\/\/www.excavatorenginepart.com\/hu\/product-category\/sdlg-loader-parts\/\">Rakod\u00f3alkatr\u00e9szek:<\/a> SDLG rakod\u00f3 alkatr\u00e9szek, Liugong rakod\u00f3 alkatr\u00e9szek, XCMG rakod\u00f3 alkatr\u00e9szek, Lonking rakod\u00f3 alkatr\u00e9szek, XGMA rakod\u00f3 alkatr\u00e9szek.<\/p>\n<p><a href=\"https:\/\/www.excavatorenginepart.com\/hu\/product-category\/dse-controller\/\">Gener\u00e1tor alkatr\u00e9szek:<\/a> DSE vez\u00e9rl\u0151, ComAp vez\u00e9rl\u0151, Woodward vez\u00e9rl\u0151, Cummins fordulatsz\u00e1m-szab\u00e1lyoz\u00f3, GAC fordulatsz\u00e1m-szab\u00e1lyoz\u00f3, gener\u00e1tor AVR, motor m\u0171k\u00f6dtet\u0151k, motor \u00e9rz\u00e9kel\u0151k, motor m\u00e9r\u0151k.<\/p>\n<p><a href=\"https:\/\/www.excavatorenginepart.com\/hu\/product-category\/excavator-hydraulic-pump\/\">Kotr\u00f3g\u00e9p alkatr\u00e9szek<\/a>: kotr\u00f3g\u00e9p motoralkatr\u00e9sz, kotr\u00f3g\u00e9p fut\u00f3m\u0171alkatr\u00e9szek, kotr\u00f3g\u00e9p v\u00e9ghajt\u00e1s, kotr\u00f3g\u00e9p f\u0151szelep, kotr\u00f3g\u00e9p hidraulikaszivatty\u00fa.<\/p>\n<p>Tov\u00e1bbi inform\u00e1ci\u00f3, l\u00e9pjen kapcsolatba vel\u00fcnk.\u00a0<\/p>\n<p><strong><span style=\"color: #ff0000;\">WhatsApp, Wechat : 0086 15553722299\u00a0<\/span><\/strong><\/p>\n<p>&nbsp;<\/p>\n<p>&nbsp;<\/p>\n<p>&nbsp;<\/p>","protected":false},"excerpt":{"rendered":"<p>ECU 275800-4302 D88A-010-800 electronic control unit for truck crane Genuine Car Truck ECU D88A-010-800 275800-4301 Diesel Engine Electronic Control Unit Computer Module ECM Motor For Shangchai diesel Shangchai Engine spare parts D88A-010-800 275800-4302 Engine ECU controller Product Description Shangchai electronic control unit 275800-4302 ECU D88A-010-800 for truck crane Model:275800-4302 Part No.:\u00a0 D88A-010-800 Name: Electronic control [&hellip;]<\/p>","protected":false},"featured_media":7947,"menu_order":0,"comment_status":"closed","ping_status":"closed","template":"","meta":{"_seopress_robots_primary_cat":"","_seopress_titles_title":"","_seopress_titles_desc":"","_seopress_robots_index":"","om_disable_all_campaigns":false,"_mi_skip_tracking":false,"_monsterinsights_sitenote_active":false,"_monsterinsights_sitenote_note":"","_monsterinsights_sitenote_category":0},"product_cat":[],"product_tag":[],"product_category":[120],"class_list":{"0":"post-7946","1":"product","2":"type-product","3":"status-publish","4":"has-post-thumbnail","6":"product_category-shangchai-engine-part","8":"first","9":"instock","10":"shipping-taxable","11":"product-type-simple"},"acf":[],"_links":{"self":[{"href":"https:\/\/www.excavatorenginepart.com\/hu\/wp-json\/wp\/v2\/product\/7946","targetHints":{"allow":["GET"]}}],"collection":[{"href":"https:\/\/www.excavatorenginepart.com\/hu\/wp-json\/wp\/v2\/product"}],"about":[{"href":"https:\/\/www.excavatorenginepart.com\/hu\/wp-json\/wp\/v2\/types\/product"}],"replies":[{"embeddable":true,"href":"https:\/\/www.excavatorenginepart.com\/hu\/wp-json\/wp\/v2\/comments?post=7946"}],"wp:featuredmedia":[{"embeddable":true,"href":"https:\/\/www.excavatorenginepart.com\/hu\/wp-json\/wp\/v2\/media\/7947"}],"wp:attachment":[{"href":"https:\/\/www.excavatorenginepart.com\/hu\/wp-json\/wp\/v2\/media?parent=7946"}],"wp:term":[{"taxonomy":"product_cat","embeddable":true,"href":"https:\/\/www.excavatorenginepart.com\/hu\/wp-json\/wp\/v2\/product_cat?post=7946"},{"taxonomy":"product_tag","embeddable":true,"href":"https:\/\/www.excavatorenginepart.com\/hu\/wp-json\/wp\/v2\/product_tag?post=7946"},{"taxonomy":"product_category","embeddable":true,"href":"https:\/\/www.excavatorenginepart.com\/hu\/wp-json\/wp\/v2\/product_category?post=7946"}],"curies":[{"name":"wp","href":"https:\/\/api.w.org\/{rel}","templated":true}]}}