{"id":7795,"date":"2022-12-18T08:49:24","date_gmt":"2022-12-18T08:49:24","guid":{"rendered":"https:\/\/www.excavatorenginepart.com\/?post_type=product&#038;p=7795"},"modified":"2022-12-18T12:10:13","modified_gmt":"2022-12-18T12:10:13","slug":"yanmar-4tnv94-engine-starter-safty-relay-119802-77200","status":"publish","type":"product","link":"https:\/\/www.excavatorenginepart.com\/hu\/product\/yanmar-4tnv94-engine-starter-safty-relay-119802-77200\/","title":{"rendered":"Yanmar 4TNV94 motorind\u00edt\u00f3 ind\u00edt\u00f3 rel\u00e9 119802-77200"},"content":{"rendered":"<p><strong>Yanmar 4TNV94 Engine Starter Safty Relay 119802-77200<\/strong><\/p>\n<p>Yanmar 4TNV94 Engine Starter Safty Relay 119802-77200 Used for Chinese and other brand Excavator , Such as\u00a0<\/p>\n<p>Sany , Zoomlion, Yanmar, Kubota, Isuzu Excavator Engine for Starting.\u00a0<\/p>\n<p><img fetchpriority=\"high\" decoding=\"async\" class=\"alignnone size-medium wp-image-7803\" src=\"https:\/\/www.excavatorenginepart.com\/wp-content\/uploads\/2022\/12\/Yanmar-4TNV94-Engine-Starter-Safty-Relay-119802-77200-300x300.jpg\" alt=\"\" width=\"300\" height=\"300\" srcset=\"https:\/\/www.excavatorenginepart.com\/wp-content\/uploads\/2022\/12\/Yanmar-4TNV94-Engine-Starter-Safty-Relay-119802-77200-300x300.jpg 300w, https:\/\/www.excavatorenginepart.com\/wp-content\/uploads\/2022\/12\/Yanmar-4TNV94-Engine-Starter-Safty-Relay-119802-77200-150x150.jpg 150w, https:\/\/www.excavatorenginepart.com\/wp-content\/uploads\/2022\/12\/Yanmar-4TNV94-Engine-Starter-Safty-Relay-119802-77200.jpg 600w\" sizes=\"(max-width: 300px) 100vw, 300px\" \/><\/p>\n<p>119802-77200 Excavator electric parts control unit relay<\/p>\n<p><img decoding=\"async\" class=\"alignnone size-medium wp-image-7797\" src=\"https:\/\/www.excavatorenginepart.com\/wp-content\/uploads\/2022\/12\/119802-77200-Excavator-electric-parts-control-unit-relay-300x300.jpg\" alt=\"\" width=\"300\" height=\"300\" srcset=\"https:\/\/www.excavatorenginepart.com\/wp-content\/uploads\/2022\/12\/119802-77200-Excavator-electric-parts-control-unit-relay-300x300.jpg 300w, https:\/\/www.excavatorenginepart.com\/wp-content\/uploads\/2022\/12\/119802-77200-Excavator-electric-parts-control-unit-relay-150x150.jpg 150w, https:\/\/www.excavatorenginepart.com\/wp-content\/uploads\/2022\/12\/119802-77200-Excavator-electric-parts-control-unit-relay.jpg 600w\" sizes=\"(max-width: 300px) 100vw, 300px\" \/><\/p>\n<p>Excavator Spare Parts 4TNV84 4TNV88 4TNV94 4TNV98 Excavator Control Unit Safety Relay 119802-77200<\/p>\n<p><img decoding=\"async\" class=\"alignnone size-medium wp-image-7799\" src=\"https:\/\/www.excavatorenginepart.com\/wp-content\/uploads\/2022\/12\/Excavator-Spare-Parts-4TNV84-4TNV88-4TNV94-4TNV98-Excavator-Control-Unit-Safety-Relay-119802-77200-300x300.jpg\" alt=\"\" width=\"300\" height=\"300\" srcset=\"https:\/\/www.excavatorenginepart.com\/wp-content\/uploads\/2022\/12\/Excavator-Spare-Parts-4TNV84-4TNV88-4TNV94-4TNV98-Excavator-Control-Unit-Safety-Relay-119802-77200-300x300.jpg 300w, https:\/\/www.excavatorenginepart.com\/wp-content\/uploads\/2022\/12\/Excavator-Spare-Parts-4TNV84-4TNV88-4TNV94-4TNV98-Excavator-Control-Unit-Safety-Relay-119802-77200-150x150.jpg 150w, https:\/\/www.excavatorenginepart.com\/wp-content\/uploads\/2022\/12\/Excavator-Spare-Parts-4TNV84-4TNV88-4TNV94-4TNV98-Excavator-Control-Unit-Safety-Relay-119802-77200.jpg 600w\" sizes=\"(max-width: 300px) 100vw, 300px\" \/><\/p>\n<p>Starting Safety Relay 119802-77200 Starting Motor Preheating Relay<\/p>\n<p><img loading=\"lazy\" decoding=\"async\" class=\"alignnone size-medium wp-image-7802\" src=\"https:\/\/www.excavatorenginepart.com\/wp-content\/uploads\/2022\/12\/Starting-Safety-Relay-119802-77200-Starting-Motor-Preheating-Relay-300x300.jpg\" alt=\"\" width=\"300\" height=\"300\" srcset=\"https:\/\/www.excavatorenginepart.com\/wp-content\/uploads\/2022\/12\/Starting-Safety-Relay-119802-77200-Starting-Motor-Preheating-Relay-300x300.jpg 300w, https:\/\/www.excavatorenginepart.com\/wp-content\/uploads\/2022\/12\/Starting-Safety-Relay-119802-77200-Starting-Motor-Preheating-Relay-150x150.jpg 150w, https:\/\/www.excavatorenginepart.com\/wp-content\/uploads\/2022\/12\/Starting-Safety-Relay-119802-77200-Starting-Motor-Preheating-Relay.jpg 600w\" sizes=\"(max-width: 300px) 100vw, 300px\" \/><\/p>\n<p>119802-77200 Safty Relay<\/p>\n<p><img loading=\"lazy\" decoding=\"async\" class=\"alignnone size-medium wp-image-7798\" src=\"https:\/\/www.excavatorenginepart.com\/wp-content\/uploads\/2022\/12\/119802-77200-Safty-Relay-300x300.jpg\" alt=\"\" width=\"300\" height=\"300\" srcset=\"https:\/\/www.excavatorenginepart.com\/wp-content\/uploads\/2022\/12\/119802-77200-Safty-Relay-300x300.jpg 300w, https:\/\/www.excavatorenginepart.com\/wp-content\/uploads\/2022\/12\/119802-77200-Safty-Relay-150x150.jpg 150w, https:\/\/www.excavatorenginepart.com\/wp-content\/uploads\/2022\/12\/119802-77200-Safty-Relay.jpg 600w\" sizes=\"(max-width: 300px) 100vw, 300px\" \/><\/p>\n<p>Safety Relay Yanmar Engine 119802-77200 12VDC Control Unit Parts Machine Relay<\/p>\n<p><img loading=\"lazy\" decoding=\"async\" class=\"alignnone size-medium wp-image-7801\" src=\"https:\/\/www.excavatorenginepart.com\/wp-content\/uploads\/2022\/12\/Safety-Relay-Yanmar-Engine-119802-77200-12VDC-Control-Unit-Parts-Machine-Relay-300x300.jpg\" alt=\"\" width=\"300\" height=\"300\" srcset=\"https:\/\/www.excavatorenginepart.com\/wp-content\/uploads\/2022\/12\/Safety-Relay-Yanmar-Engine-119802-77200-12VDC-Control-Unit-Parts-Machine-Relay-300x300.jpg 300w, https:\/\/www.excavatorenginepart.com\/wp-content\/uploads\/2022\/12\/Safety-Relay-Yanmar-Engine-119802-77200-12VDC-Control-Unit-Parts-Machine-Relay-150x150.jpg 150w, https:\/\/www.excavatorenginepart.com\/wp-content\/uploads\/2022\/12\/Safety-Relay-Yanmar-Engine-119802-77200-12VDC-Control-Unit-Parts-Machine-Relay.jpg 600w\" sizes=\"(max-width: 300px) 100vw, 300px\" \/><\/p>\n<p>119802-77200 drawing<\/p>\n<p><img loading=\"lazy\" decoding=\"async\" class=\"alignnone size-medium wp-image-7796\" src=\"https:\/\/www.excavatorenginepart.com\/wp-content\/uploads\/2022\/12\/119802-77200-drawing-300x300.jpg\" alt=\"\" width=\"300\" height=\"300\" srcset=\"https:\/\/www.excavatorenginepart.com\/wp-content\/uploads\/2022\/12\/119802-77200-drawing-300x300.jpg 300w, https:\/\/www.excavatorenginepart.com\/wp-content\/uploads\/2022\/12\/119802-77200-drawing-150x150.jpg 150w, https:\/\/www.excavatorenginepart.com\/wp-content\/uploads\/2022\/12\/119802-77200-drawing.jpg 600w\" sizes=\"(max-width: 300px) 100vw, 300px\" \/><\/p>\n<p>NTK Control Unit 119953-77900<\/p>\n<p><img loading=\"lazy\" decoding=\"async\" class=\"alignnone size-medium wp-image-7800\" src=\"https:\/\/www.excavatorenginepart.com\/wp-content\/uploads\/2022\/12\/NGK-Control-Unit-119953-77900-300x300.jpg\" alt=\"\" width=\"300\" height=\"300\" srcset=\"https:\/\/www.excavatorenginepart.com\/wp-content\/uploads\/2022\/12\/NGK-Control-Unit-119953-77900-300x300.jpg 300w, https:\/\/www.excavatorenginepart.com\/wp-content\/uploads\/2022\/12\/NGK-Control-Unit-119953-77900-150x150.jpg 150w, https:\/\/www.excavatorenginepart.com\/wp-content\/uploads\/2022\/12\/NGK-Control-Unit-119953-77900.jpg 600w\" sizes=\"(max-width: 300px) 100vw, 300px\" \/><\/p>\n<p><strong>C\u00e9g\u00fcnk el\u0151ny\u00f6s term\u00e9kei<\/strong><\/p>\n<p>Tudunk sz\u00e1ll\u00edtott <a href=\"http:\/\/www.kpdiesel.com\">D\u00edzelmotor alkatr\u00e9szek<\/a> :<br \/>\n<a href=\"https:\/\/www.excavatorenginepart.com\/hu\/product-category\/cummins-diesel-engine\/\">D\u00edzelmotorok: <\/a>Cummins d\u00edzelmotor, Weichai d\u00edzelmotor, Shangchai d\u00edzelmotor, Komatsu d\u00edzelmotor, Yanmar d\u00edzelmotor.<\/p>\n<p><a href=\"https:\/\/www.excavatorenginepart.com\/hu\/product-category\/deutz-engine-part\/\">Motoralkatr\u00e9szek:<\/a> Cummins motor alkatr\u00e9sz, Deutz motor alkatr\u00e9sz, Volvo motor alkatr\u00e9sz, Caterpiller motor alkatr\u00e9sz, Kubota motor alkatr\u00e9sz, Yanmar motor alkatr\u00e9sz, Isuzu motor alkatr\u00e9sz, Mitsubishi motor alkatr\u00e9sz, Perkins motor alkatr\u00e9sz, Komatsu motor alkatr\u00e9sz, Wechai motor alkatr\u00e9sz, Shangchai motor alkatr\u00e9sz, Yuchai motor alkatr\u00e9sz.<\/p>\n<p><a href=\"https:\/\/www.excavatorenginepart.com\/hu\/product-category\/shantui-bulldozer-part\/\">Buld\u00f3zer alkatr\u00e9szek:<\/a> Shantui buld\u00f3zer r\u00e9sz, Shanghai pengpu buld\u00f3zer r\u00e9sz, HBXG buld\u00f3zer r\u00e9sz, Liugong buld\u00f3zer r\u00e9sz, Tianjin Yishan buld\u00f3zer r\u00e9sz.<\/p>\n<p><a href=\"https:\/\/www.excavatorenginepart.com\/hu\/product-category\/sdlg-loader-parts\/\">Rakod\u00f3alkatr\u00e9szek:<\/a> SDLG rakod\u00f3 alkatr\u00e9szek, Liugong rakod\u00f3 alkatr\u00e9szek, XCMG rakod\u00f3 alkatr\u00e9szek, Lonking rakod\u00f3 alkatr\u00e9szek, XGMA rakod\u00f3 alkatr\u00e9szek.<\/p>\n<p><a href=\"https:\/\/www.excavatorenginepart.com\/hu\/product-category\/dse-controller\/\">Gener\u00e1tor alkatr\u00e9szek:<\/a> DSE vez\u00e9rl\u0151, ComAp vez\u00e9rl\u0151, Woodward vez\u00e9rl\u0151, Cummins fordulatsz\u00e1m-szab\u00e1lyoz\u00f3, GAC fordulatsz\u00e1m-szab\u00e1lyoz\u00f3, gener\u00e1tor AVR, motor m\u0171k\u00f6dtet\u0151k, motor \u00e9rz\u00e9kel\u0151k, motor m\u00e9r\u0151k.<\/p>\n<p><a href=\"https:\/\/www.excavatorenginepart.com\/hu\/product-category\/excavator-hydraulic-pump\/\">Kotr\u00f3g\u00e9p alkatr\u00e9szek<\/a>: kotr\u00f3g\u00e9p motoralkatr\u00e9sz, kotr\u00f3g\u00e9p fut\u00f3m\u0171alkatr\u00e9szek, kotr\u00f3g\u00e9p v\u00e9ghajt\u00e1s, kotr\u00f3g\u00e9p f\u0151szelep, kotr\u00f3g\u00e9p hidraulikaszivatty\u00fa.<\/p>\n<p>Yanmar Engine Model : 3TNV82A, 4TNV84, 4TNV88, 4TNV94L, 4NTV98T, 4TNV106<\/p>\n<p>Tov\u00e1bbi inform\u00e1ci\u00f3, l\u00e9pjen kapcsolatba vel\u00fcnk.\u00a0<\/p>\n<p><strong><span style=\"color: #ff0000;\">WhatsApp, Wechat : 0086 15553722299\u00a0<\/span><\/strong><\/p>\n<p>&nbsp;<\/p>\n<p>&nbsp;<\/p>","protected":false},"excerpt":{"rendered":"<p>Yanmar 4TNV94 Engine Starter Safty Relay 119802-77200 Yanmar 4TNV94 Engine Starter Safty Relay 119802-77200 Used for Chinese and other brand Excavator , Such as\u00a0 Sany , Zoomlion, Yanmar, Kubota, Isuzu Excavator Engine for Starting.\u00a0 119802-77200 Excavator electric parts control unit relay Excavator Spare Parts 4TNV84 4TNV88 4TNV94 4TNV98 Excavator Control Unit Safety Relay 119802-77200 Starting [&hellip;]<\/p>","protected":false},"featured_media":7803,"menu_order":0,"comment_status":"closed","ping_status":"closed","template":"","meta":{"_seopress_robots_primary_cat":"","_seopress_titles_title":"","_seopress_titles_desc":"","_seopress_robots_index":"","om_disable_all_campaigns":false,"_mi_skip_tracking":false,"_monsterinsights_sitenote_active":false,"_monsterinsights_sitenote_note":"","_monsterinsights_sitenote_category":0},"product_cat":[],"product_tag":[],"product_category":[143,118],"class_list":{"0":"post-7795","1":"product","2":"type-product","3":"status-publish","4":"has-post-thumbnail","6":"product_category-sany-excavator-parts","7":"product_category-yanmar-engine-part","9":"first","10":"instock","11":"shipping-taxable","12":"product-type-simple"},"acf":[],"_links":{"self":[{"href":"https:\/\/www.excavatorenginepart.com\/hu\/wp-json\/wp\/v2\/product\/7795","targetHints":{"allow":["GET"]}}],"collection":[{"href":"https:\/\/www.excavatorenginepart.com\/hu\/wp-json\/wp\/v2\/product"}],"about":[{"href":"https:\/\/www.excavatorenginepart.com\/hu\/wp-json\/wp\/v2\/types\/product"}],"replies":[{"embeddable":true,"href":"https:\/\/www.excavatorenginepart.com\/hu\/wp-json\/wp\/v2\/comments?post=7795"}],"wp:featuredmedia":[{"embeddable":true,"href":"https:\/\/www.excavatorenginepart.com\/hu\/wp-json\/wp\/v2\/media\/7803"}],"wp:attachment":[{"href":"https:\/\/www.excavatorenginepart.com\/hu\/wp-json\/wp\/v2\/media?parent=7795"}],"wp:term":[{"taxonomy":"product_cat","embeddable":true,"href":"https:\/\/www.excavatorenginepart.com\/hu\/wp-json\/wp\/v2\/product_cat?post=7795"},{"taxonomy":"product_tag","embeddable":true,"href":"https:\/\/www.excavatorenginepart.com\/hu\/wp-json\/wp\/v2\/product_tag?post=7795"},{"taxonomy":"product_category","embeddable":true,"href":"https:\/\/www.excavatorenginepart.com\/hu\/wp-json\/wp\/v2\/product_category?post=7795"}],"curies":[{"name":"wp","href":"https:\/\/api.w.org\/{rel}","templated":true}]}}