{"id":7760,"date":"2022-12-17T11:20:02","date_gmt":"2022-12-17T11:20:02","guid":{"rendered":"https:\/\/www.excavatorenginepart.com\/?post_type=product&#038;p=7760"},"modified":"2022-12-17T11:25:56","modified_gmt":"2022-12-17T11:25:56","slug":"shantui-sd22-sd32-bulldozer-parts-shaft-pinion-gear-178-15-13240","status":"publish","type":"product","link":"https:\/\/www.excavatorenginepart.com\/hu\/product\/shantui-sd22-sd32-bulldozer-parts-shaft-pinion-gear-178-15-13240\/","title":{"rendered":"Shantui sd22 sd32 buld\u00f3zer alkatr\u00e9szek tengely fogasker\u00e9k fogasker\u00e9k 178-15-13240"},"content":{"rendered":"<p><strong>Shantui sd22 sd32 buld\u00f3zer alkatr\u00e9szek tengely fogasker\u00e9k fogasker\u00e9k 178-15-13240<\/strong><\/p>\n<p><img fetchpriority=\"high\" decoding=\"async\" class=\"alignnone size-medium wp-image-7763\" src=\"https:\/\/www.excavatorenginepart.com\/wp-content\/uploads\/2022\/12\/Shantui-sd22-sd32-bulldozer-parts-shaft-pinion-gear-178-15-13240-300x300.jpg\" alt=\"\" width=\"300\" height=\"300\" srcset=\"https:\/\/www.excavatorenginepart.com\/wp-content\/uploads\/2022\/12\/Shantui-sd22-sd32-bulldozer-parts-shaft-pinion-gear-178-15-13240-300x300.jpg 300w, https:\/\/www.excavatorenginepart.com\/wp-content\/uploads\/2022\/12\/Shantui-sd22-sd32-bulldozer-parts-shaft-pinion-gear-178-15-13240-150x150.jpg 150w, https:\/\/www.excavatorenginepart.com\/wp-content\/uploads\/2022\/12\/Shantui-sd22-sd32-bulldozer-parts-shaft-pinion-gear-178-15-13240.jpg 600w\" sizes=\"(max-width: 300px) 100vw, 300px\" \/><\/p>\n<p>D155A-1 D155A-2 buld\u00f3zer alkatr\u00e9szek 178-15-13240 rakt\u00e1rr\u00f3l elad\u00f3 D155A-1 D155A-2 tengely fogasker\u00e9k 178-15-13240 rakt\u00e1ron<\/p>\n<p><img decoding=\"async\" class=\"alignnone size-medium wp-image-7761\" src=\"https:\/\/www.excavatorenginepart.com\/wp-content\/uploads\/2022\/12\/Bulldozer-parts-D155A-1-D155A-2-shaft-pinion-178-15-13240-in-stock-for-sale-300x300.jpg\" alt=\"\" width=\"300\" height=\"300\" srcset=\"https:\/\/www.excavatorenginepart.com\/wp-content\/uploads\/2022\/12\/Bulldozer-parts-D155A-1-D155A-2-shaft-pinion-178-15-13240-in-stock-for-sale-300x300.jpg 300w, https:\/\/www.excavatorenginepart.com\/wp-content\/uploads\/2022\/12\/Bulldozer-parts-D155A-1-D155A-2-shaft-pinion-178-15-13240-in-stock-for-sale-150x150.jpg 150w, https:\/\/www.excavatorenginepart.com\/wp-content\/uploads\/2022\/12\/Bulldozer-parts-D155A-1-D155A-2-shaft-pinion-178-15-13240-in-stock-for-sale.jpg 600w\" sizes=\"(max-width: 300px) 100vw, 300px\" \/><\/p>\n<p>shantui SD32 buld\u00f3zer tengely 178-15-13240<\/p>\n<p><img decoding=\"async\" class=\"alignnone size-medium wp-image-7764\" src=\"https:\/\/www.excavatorenginepart.com\/wp-content\/uploads\/2022\/12\/shantui-SD32-dozer-shaft-178-15-13240-300x300.jpg\" alt=\"\" width=\"300\" height=\"300\" srcset=\"https:\/\/www.excavatorenginepart.com\/wp-content\/uploads\/2022\/12\/shantui-SD32-dozer-shaft-178-15-13240-300x300.jpg 300w, https:\/\/www.excavatorenginepart.com\/wp-content\/uploads\/2022\/12\/shantui-SD32-dozer-shaft-178-15-13240-150x150.jpg 150w, https:\/\/www.excavatorenginepart.com\/wp-content\/uploads\/2022\/12\/shantui-SD32-dozer-shaft-178-15-13240.jpg 600w\" sizes=\"(max-width: 300px) 100vw, 300px\" \/><\/p>\n<p>&nbsp;<\/p>\n<p>Shantui SD22 SD23 buld\u00f3zer tengely fogasker\u00e9k \u00e9s fogasker\u00e9k 178-15-13240 \u00e9p\u00edt\u0151ipari g\u00e9palkatr\u00e9szek<\/p>\n<p><img loading=\"lazy\" decoding=\"async\" class=\"alignnone size-medium wp-image-7762\" src=\"https:\/\/www.excavatorenginepart.com\/wp-content\/uploads\/2022\/12\/Shantui-SD22-SD23-bulldozer-shaft-pinion-and-gear-178-15-13240-construction-machinery-parts-300x300.jpg\" alt=\"\" width=\"300\" height=\"300\" srcset=\"https:\/\/www.excavatorenginepart.com\/wp-content\/uploads\/2022\/12\/Shantui-SD22-SD23-bulldozer-shaft-pinion-and-gear-178-15-13240-construction-machinery-parts-300x300.jpg 300w, https:\/\/www.excavatorenginepart.com\/wp-content\/uploads\/2022\/12\/Shantui-SD22-SD23-bulldozer-shaft-pinion-and-gear-178-15-13240-construction-machinery-parts-150x150.jpg 150w, https:\/\/www.excavatorenginepart.com\/wp-content\/uploads\/2022\/12\/Shantui-SD22-SD23-bulldozer-shaft-pinion-and-gear-178-15-13240-construction-machinery-parts.jpg 600w\" sizes=\"(max-width: 300px) 100vw, 300px\" \/><\/p>\n<p><strong>L\u00e9nyeges r\u00e9szletek<\/strong><\/p>\n<p>\u00c1llapot:\u00daj<br \/>\nAlkalmazhat\u00f3 ipar\u00e1gak:G\u00e9pjav\u00edt\u00f3 m\u0171helyek, Energia \u00e9s b\u00e1ny\u00e1szat<br \/>\nBemutat\u00f3terem helye: Vietn\u00e1m, F\u00fcl\u00f6p-szigetek, Braz\u00edlia, Peru, Sza\u00fad-Ar\u00e1bia, Indon\u00e9zia, Oroszorsz\u00e1g, D\u00e9l-Afrika<br \/>\nVideo kimen\u0151 ellen\u0151rz\u00e9s:Provided<br \/>\nG\u00e9pvizsg\u00e1lati jelent\u00e9s: Rendelkez\u00e9sre bocs\u00e1tva<br \/>\nMarketing t\u00edpus: Szok\u00e1sos term\u00e9k<br \/>\nSz\u00e1rmaz\u00e1si hely: Shandong, K\u00edna<br \/>\nM\u00e1rkan\u00e9v: OEM<br \/>\nGarancia:1 \u00e9v<br \/>\nTerm\u00e9k neve: tengelyhajt\u00f3m\u0171<br \/>\nSz\u00edn:ez\u00fcst<br \/>\nG\u00e9pmodell: D155A-1 D155A-2<br \/>\nM\u00e1rka: SHANTUI<br \/>\nCikksz\u00e1m:175-21-22140 178-15-13240<br \/>\nGaranciaid\u0151: 1 \u00e9v<br \/>\nS\u00faly nett\u00f3:68kg egy k\u00e9szletre<br \/>\nFizet\u00e9s: T \/ T Western Union<br \/>\nSz\u00e1ll\u00edt\u00e1si id\u0151: 2 nappal az el\u0151leg ut\u00e1n<br \/>\nCsomag: fa tokban<\/p>\n<p><strong>Term\u00e9k le\u00edr\u00e1sa<\/strong><\/p>\n<table class=\"has-title all magic-13\">\n<tbody>\n<tr>\n<td colspan=\"1\" rowspan=\"1\">\n<div class=\"magic-14\"><span class=\"magic-7\" style=\"font-family: Arial;\" data-spm-anchor-id=\"a2700.details.0.i4.6e7a784fZuMvh0\">Alkatr\u00e9sz neve<\/span><\/div>\n<\/td>\n<td colspan=\"1\" rowspan=\"1\">\n<div class=\"magic-15\"><span class=\"magic-7\">eredeti shantui buld\u00f3zeralkatr\u00e9szek SD32 fogasker\u00e9k 178-15-13240<\/span><\/div>\n<\/td>\n<\/tr>\n<tr>\n<td colspan=\"1\" rowspan=\"1\">\n<div class=\"magic-14\"><span class=\"magic-7\">Cikksz\u00e1m<\/span><\/div>\n<\/td>\n<td colspan=\"1\" rowspan=\"1\">\n<div class=\"magic-15\"><span style=\"font-family: Arial;\"><span class=\"magic-7\">178-15-13240<\/span><\/span><\/div>\n<\/td>\n<\/tr>\n<tr>\n<td colspan=\"1\" rowspan=\"1\">\n<div class=\"magic-14\"><span class=\"magic-7\">Felt\u00e9tel<\/span><\/div>\n<\/td>\n<td colspan=\"1\" rowspan=\"1\">\n<div class=\"magic-15\"><span class=\"magic-7\" style=\"font-family: Arial;\">100% \u00faj \u00e9s eredeti\u00a0<\/span><\/div>\n<\/td>\n<\/tr>\n<tr>\n<td colspan=\"1\" rowspan=\"1\">\n<div class=\"magic-14\"><span class=\"magic-7\">G\u00e9pek alkalmaz\u00e1sa<\/span><\/div>\n<\/td>\n<td colspan=\"1\" rowspan=\"1\">\n<div class=\"magic-15\"><span style=\"font-family: Arial;\"><span class=\"magic-7\" data-spm-anchor-id=\"a2700.pc-decorate.0.i17.36433333ViREQS\">SD32 buld\u00f3zer\u00a0<\/span><\/span><\/div>\n<\/td>\n<\/tr>\n<tr>\n<td colspan=\"1\" rowspan=\"1\">\n<div class=\"magic-14\"><span class=\"magic-7\">M\u00e1rkan\u00e9v<\/span><\/div>\n<\/td>\n<td colspan=\"1\" rowspan=\"1\">\n<div class=\"magic-15\" data-spm-anchor-id=\"a2700.details.0.i5.6e7a784fZuMvh0\"><span class=\"magic-7\">Eredeti\u00a0<\/span><\/div>\n<\/td>\n<\/tr>\n<tr>\n<td colspan=\"1\" rowspan=\"1\">\n<div class=\"magic-14\"><span class=\"magic-7\">Anyag\u00a0<\/span><\/div>\n<\/td>\n<td colspan=\"1\" rowspan=\"1\">\n<div class=\"magic-15\"><span class=\"magic-7\">Ac\u00e9l<\/span><\/div>\n<\/td>\n<\/tr>\n<tr>\n<td colspan=\"1\" rowspan=\"1\">\n<div class=\"magic-14\"><span class=\"magic-7\">Garancia\u00a0<\/span><\/div>\n<\/td>\n<td colspan=\"1\" rowspan=\"1\">\n<div class=\"magic-15\"><span class=\"magic-7\">6 h\u00f3napon bel\u00fcl\u00a0<\/span><\/div>\n<\/td>\n<\/tr>\n<tr>\n<td colspan=\"1\" rowspan=\"1\">\n<div class=\"magic-14\"><span class=\"magic-7\">Sz\u00e1ll\u00edt\u00e1si id\u0151<\/span><\/div>\n<\/td>\n<td colspan=\"1\" rowspan=\"1\">\n<div class=\"magic-15\"><span class=\"magic-7\">mennyis\u00e9g alapj\u00e1n\u00a0<\/span><\/div>\n<\/td>\n<\/tr>\n<tr>\n<td colspan=\"1\" rowspan=\"1\">\n<div class=\"magic-14\"><span class=\"magic-7\">Sz\u00e1rmaz\u00e1si hely\u00a0<\/span><\/div>\n<\/td>\n<td colspan=\"1\" rowspan=\"1\">\n<div class=\"magic-15\"><span class=\"magic-7\">Jining v\u00e1ros, Shandong tartom\u00e1ny, K\u00edna\u00a0<\/span><\/div>\n<\/td>\n<\/tr>\n<\/tbody>\n<\/table>\n<p>Tov\u00e1bbi inform\u00e1ci\u00f3, kapcsolatfelv\u00e9tel\u00a0<\/p>\n<p><span style=\"color: #ff0000;\"><strong>WhatsApp, Wechat \uff1a0086 15553722299\u00a0<\/strong><\/span><\/p>\n<p>&nbsp;<\/p>","protected":false},"excerpt":{"rendered":"<p>Shantui sd22 sd32 bulldozer parts shaft pinion gear 178-15-13240 Bulldozer parts D155A-1 D155A-2 shaft pinion 178-15-13240 in stock for sale shantui SD32 dozer shaft 178-15-13240 &nbsp; Shantui SD22 SD23 bulldozer shaft pinion and gear 178-15-13240 construction machinery parts Essential details Condition:New Applicable Industries:Machinery Repair Shops, Energy &amp; Mining Showroom Location:Viet Nam, Philippines, Brazil, Peru, Saudi [&hellip;]<\/p>","protected":false},"featured_media":7763,"menu_order":0,"comment_status":"closed","ping_status":"closed","template":"","meta":{"_seopress_robots_primary_cat":"","_seopress_titles_title":"","_seopress_titles_desc":"","_seopress_robots_index":"","om_disable_all_campaigns":false,"_mi_skip_tracking":false,"_monsterinsights_sitenote_active":false,"_monsterinsights_sitenote_note":"","_monsterinsights_sitenote_category":0},"product_cat":[],"product_tag":[],"product_category":[121],"class_list":{"0":"post-7760","1":"product","2":"type-product","3":"status-publish","4":"has-post-thumbnail","6":"product_category-shantui-bulldozer-part","8":"first","9":"instock","10":"shipping-taxable","11":"product-type-simple"},"acf":[],"_links":{"self":[{"href":"https:\/\/www.excavatorenginepart.com\/hu\/wp-json\/wp\/v2\/product\/7760","targetHints":{"allow":["GET"]}}],"collection":[{"href":"https:\/\/www.excavatorenginepart.com\/hu\/wp-json\/wp\/v2\/product"}],"about":[{"href":"https:\/\/www.excavatorenginepart.com\/hu\/wp-json\/wp\/v2\/types\/product"}],"replies":[{"embeddable":true,"href":"https:\/\/www.excavatorenginepart.com\/hu\/wp-json\/wp\/v2\/comments?post=7760"}],"wp:featuredmedia":[{"embeddable":true,"href":"https:\/\/www.excavatorenginepart.com\/hu\/wp-json\/wp\/v2\/media\/7763"}],"wp:attachment":[{"href":"https:\/\/www.excavatorenginepart.com\/hu\/wp-json\/wp\/v2\/media?parent=7760"}],"wp:term":[{"taxonomy":"product_cat","embeddable":true,"href":"https:\/\/www.excavatorenginepart.com\/hu\/wp-json\/wp\/v2\/product_cat?post=7760"},{"taxonomy":"product_tag","embeddable":true,"href":"https:\/\/www.excavatorenginepart.com\/hu\/wp-json\/wp\/v2\/product_tag?post=7760"},{"taxonomy":"product_category","embeddable":true,"href":"https:\/\/www.excavatorenginepart.com\/hu\/wp-json\/wp\/v2\/product_category?post=7760"}],"curies":[{"name":"wp","href":"https:\/\/api.w.org\/{rel}","templated":true}]}}