{"id":7695,"date":"2022-12-16T03:31:57","date_gmt":"2022-12-16T03:31:57","guid":{"rendered":"https:\/\/www.excavatorenginepart.com\/?post_type=product&#038;p=7695"},"modified":"2022-12-16T03:38:54","modified_gmt":"2022-12-16T03:38:54","slug":"shantui-bulldozer-spare-parts-sd22-torqflow-transmission-154-15-31000","status":"publish","type":"product","link":"https:\/\/www.excavatorenginepart.com\/hu\/product\/shantui-bulldozer-spare-parts-sd22-torqflow-transmission-154-15-31000\/","title":{"rendered":"Shantui buld\u00f3zer p\u00f3talkatr\u00e9szek SD22 Torqflow sebess\u00e9gv\u00e1lt\u00f3 154-15-31000"},"content":{"rendered":"<p><strong>Shantui buld\u00f3zer p\u00f3talkatr\u00e9szek SD22 Torqflow sebess\u00e9gv\u00e1lt\u00f3 154-15-31000<\/strong><\/p>\n<p><img fetchpriority=\"high\" decoding=\"async\" class=\"alignnone size-medium wp-image-7700\" src=\"https:\/\/www.excavatorenginepart.com\/wp-content\/uploads\/2022\/12\/Shantui-Bulldozer-Spare-Parts-SD22-Torqflow-Transmission-154-15-31000-300x300.jpg\" alt=\"\" width=\"300\" height=\"300\" srcset=\"https:\/\/www.excavatorenginepart.com\/wp-content\/uploads\/2022\/12\/Shantui-Bulldozer-Spare-Parts-SD22-Torqflow-Transmission-154-15-31000-300x300.jpg 300w, https:\/\/www.excavatorenginepart.com\/wp-content\/uploads\/2022\/12\/Shantui-Bulldozer-Spare-Parts-SD22-Torqflow-Transmission-154-15-31000-150x150.jpg 150w, https:\/\/www.excavatorenginepart.com\/wp-content\/uploads\/2022\/12\/Shantui-Bulldozer-Spare-Parts-SD22-Torqflow-Transmission-154-15-31000.jpg 600w\" sizes=\"(max-width: 300px) 100vw, 300px\" \/><\/p>\n<p><strong>Shantui buld\u00f3zer p\u00f3talkatr\u00e9szek SD22 Torqflow sebess\u00e9gv\u00e1lt\u00f3 154-15-31000 szelepekkel<\/strong><\/p>\n<p><img decoding=\"async\" class=\"alignnone size-medium wp-image-7699\" src=\"https:\/\/www.excavatorenginepart.com\/wp-content\/uploads\/2022\/12\/Shantui-Bulldozer-Spare-Parts-SD22-Torqflow-Transmission-154-15-31000-2-300x300.jpg\" alt=\"\" width=\"300\" height=\"300\" srcset=\"https:\/\/www.excavatorenginepart.com\/wp-content\/uploads\/2022\/12\/Shantui-Bulldozer-Spare-Parts-SD22-Torqflow-Transmission-154-15-31000-2-300x300.jpg 300w, https:\/\/www.excavatorenginepart.com\/wp-content\/uploads\/2022\/12\/Shantui-Bulldozer-Spare-Parts-SD22-Torqflow-Transmission-154-15-31000-2-150x150.jpg 150w, https:\/\/www.excavatorenginepart.com\/wp-content\/uploads\/2022\/12\/Shantui-Bulldozer-Spare-Parts-SD22-Torqflow-Transmission-154-15-31000-2.jpg 600w\" sizes=\"(max-width: 300px) 100vw, 300px\" \/><\/p>\n<p>SHANTUI buld\u00f3zer SD22 sebess\u00e9gv\u00e1lt\u00f3 alkatr\u00e9szek v\u00e1lt\u00f3 154-15-31000<\/p>\n<p><img decoding=\"async\" class=\"alignnone size-medium wp-image-7698\" src=\"https:\/\/www.excavatorenginepart.com\/wp-content\/uploads\/2022\/12\/SHANTUI-bulldozer-SD22-transmission-parts-gear-box-154-15-31000-300x300.jpg\" alt=\"\" width=\"300\" height=\"300\" srcset=\"https:\/\/www.excavatorenginepart.com\/wp-content\/uploads\/2022\/12\/SHANTUI-bulldozer-SD22-transmission-parts-gear-box-154-15-31000-300x300.jpg 300w, https:\/\/www.excavatorenginepart.com\/wp-content\/uploads\/2022\/12\/SHANTUI-bulldozer-SD22-transmission-parts-gear-box-154-15-31000-150x150.jpg 150w, https:\/\/www.excavatorenginepart.com\/wp-content\/uploads\/2022\/12\/SHANTUI-bulldozer-SD22-transmission-parts-gear-box-154-15-31000.jpg 600w\" sizes=\"(max-width: 300px) 100vw, 300px\" \/><\/p>\n<p>SHANTUI buld\u00f3zeralkatr\u00e9szek SD22 sebess\u00e9gv\u00e1lt\u00f3 154-15-31000<\/p>\n<p><img loading=\"lazy\" decoding=\"async\" class=\"alignnone size-medium wp-image-7697\" src=\"https:\/\/www.excavatorenginepart.com\/wp-content\/uploads\/2022\/12\/SHANTUI-bulldozer-parts-SD22-transmission-gearbox-154-15-31000-300x300.jpg\" alt=\"\" width=\"300\" height=\"300\" srcset=\"https:\/\/www.excavatorenginepart.com\/wp-content\/uploads\/2022\/12\/SHANTUI-bulldozer-parts-SD22-transmission-gearbox-154-15-31000-300x300.jpg 300w, https:\/\/www.excavatorenginepart.com\/wp-content\/uploads\/2022\/12\/SHANTUI-bulldozer-parts-SD22-transmission-gearbox-154-15-31000-150x150.jpg 150w, https:\/\/www.excavatorenginepart.com\/wp-content\/uploads\/2022\/12\/SHANTUI-bulldozer-parts-SD22-transmission-gearbox-154-15-31000.jpg 600w\" sizes=\"(max-width: 300px) 100vw, 300px\" \/><\/p>\n<p>Buld\u00f3zer SD22 SD23 TY220 TY320B sebess\u00e9gv\u00e1lt\u00f3 v\u00e1lt\u00f3 154-15-31000<\/p>\n<p><img loading=\"lazy\" decoding=\"async\" class=\"alignnone size-medium wp-image-7696\" src=\"https:\/\/www.excavatorenginepart.com\/wp-content\/uploads\/2022\/12\/Bulldozer-SD22-SD23-TY220-TY320B-Transmission-Gearbox-Assy-154-15-31000-300x300.jpg\" alt=\"\" width=\"300\" height=\"300\" srcset=\"https:\/\/www.excavatorenginepart.com\/wp-content\/uploads\/2022\/12\/Bulldozer-SD22-SD23-TY220-TY320B-Transmission-Gearbox-Assy-154-15-31000-300x300.jpg 300w, https:\/\/www.excavatorenginepart.com\/wp-content\/uploads\/2022\/12\/Bulldozer-SD22-SD23-TY220-TY320B-Transmission-Gearbox-Assy-154-15-31000-150x150.jpg 150w, https:\/\/www.excavatorenginepart.com\/wp-content\/uploads\/2022\/12\/Bulldozer-SD22-SD23-TY220-TY320B-Transmission-Gearbox-Assy-154-15-31000.jpg 600w\" sizes=\"(max-width: 300px) 100vw, 300px\" \/><\/p>\n<p>shantui buld\u00f3zer sebess\u00e9gv\u00e1lt\u00f3 v\u00e1lt\u00f3 16Y-15-0000 154-15-31000 154-15-41002 175-15-00226<\/p>\n<p><span style=\"color: #ff0000;\"><strong>WhatsApp, Wechat : 0086 15553722299\u00a0<\/strong><\/span><br \/>\n<strong>L\u00e9nyeges r\u00e9szletek<\/strong><\/p>\n<p>\u00c1llapot:\u00daj<br \/>\nAlkalmazhat\u00f3 ipar\u00e1gak: Sz\u00e1llod\u00e1k, ruh\u00e1zati \u00fczletek, \u00e9p\u00edt\u0151anyag \u00fczletek, g\u00e9pjav\u00edt\u00f3 \u00fczletek, gy\u00e1rt\u00f3\u00fczem, \u00e9lelmiszer- \u00e9s italgy\u00e1r, mez\u0151gazdas\u00e1gi \u00fczemek, \u00e9ttermek, otthoni haszn\u00e1latra, kiskereskedelem, \u00e9lelmiszer\u00fczletek, nyomd\u00e1k, \u00e9p\u00edt\u0151ipari munk\u00e1k, energia \u00e9s b\u00e1ny\u00e1szat, \u00e9lelmiszer- \u00e9s ital\u00fczletek, egy\u00e9b, rekl\u00e1mc\u00e9gek.<br \/>\nVideo kimen\u0151 ellen\u0151rz\u00e9s:Provided<br \/>\nG\u00e9pvizsg\u00e1lati jelent\u00e9s: Rendelkez\u00e9sre bocs\u00e1tva<br \/>\nMarketing t\u00edpus: Szok\u00e1sos term\u00e9k<br \/>\nSz\u00e1rmaz\u00e1si hely: K\u00edna<br \/>\nM\u00e1rkan\u00e9v: Shantui<br \/>\nGarancia:1 \u00e9v<br \/>\nM\u00e1rka: Shantui<br \/>\nModel:SD16\/SD22\/SD23\/SD32<br \/>\nCsomagol\u00e1s: fa tok<br \/>\nN\u00e9v: P\u00f3talkatr\u00e9sz<br \/>\nGarancia ut\u00e1ni szolg\u00e1ltat\u00e1s: Videotechnikai t\u00e1mogat\u00e1s, online t\u00e1mogat\u00e1s, p\u00f3talkatr\u00e9szek, helysz\u00edni karbantart\u00e1si \u00e9s jav\u00edt\u00e1si szolg\u00e1ltat\u00e1s<br \/>\nElad\u00e1s ut\u00e1ni szolg\u00e1ltat\u00e1s: Vide\u00f3 technikai t\u00e1mogat\u00e1s, online t\u00e1mogat\u00e1s<\/p>\n<p><strong>Specifik\u00e1ci\u00f3<\/strong><\/p>\n<table class=\"has-title all magic-13\">\n<tbody>\n<tr>\n<td colspan=\"1\" rowspan=\"1\">\n<div class=\"magic-14\" data-spm-anchor-id=\"a2700.details.0.i5.6c8b7975VKbtOF\">T\u00e9tel<\/div>\n<\/td>\n<td colspan=\"1\" rowspan=\"1\">\n<div class=\"magic-15\">SHANTUI BULD\u00d3ZER P\u00d3TALKATR\u00c9SZEK<\/div>\n<\/td>\n<\/tr>\n<tr>\n<td colspan=\"1\" rowspan=\"1\">\n<div class=\"magic-14\">Alkatr\u00e9sz neve<\/div>\n<\/td>\n<td colspan=\"1\" rowspan=\"1\">\n<div class=\"magic-15\">sebess\u00e9gv\u00e1lt\u00f3\u00a0<\/div>\n<\/td>\n<\/tr>\n<tr>\n<td colspan=\"1\" rowspan=\"1\">\n<div class=\"magic-14\">Felt\u00e9tel<\/div>\n<\/td>\n<td colspan=\"1\" rowspan=\"1\">\n<div class=\"magic-15\">\u00daj<\/div>\n<\/td>\n<\/tr>\n<tr>\n<td colspan=\"1\" rowspan=\"1\">\n<div class=\"magic-14\">M\u00e1rkan\u00e9v<\/div>\n<\/td>\n<td colspan=\"1\" rowspan=\"1\">\n<div class=\"magic-15\">SHANTUI<\/div>\n<\/td>\n<\/tr>\n<tr>\n<td colspan=\"1\" rowspan=\"1\">\n<div class=\"magic-14\">Sz\u00e1rmaz\u00e1si hely<\/div>\n<\/td>\n<td colspan=\"1\" rowspan=\"1\">\n<div class=\"magic-15\">K\u00edna<\/div>\n<\/td>\n<\/tr>\n<tr>\n<td colspan=\"1\" rowspan=\"1\">\n<div class=\"magic-14\">Cikksz\u00e1m<\/div>\n<\/td>\n<td colspan=\"1\" rowspan=\"1\">\n<div class=\"magic-15\">154-15-31000<\/div>\n<\/td>\n<\/tr>\n<tr>\n<td colspan=\"1\" rowspan=\"1\">\n<div class=\"magic-14\">Min\u0151s\u00e9g<\/div>\n<\/td>\n<td colspan=\"1\" rowspan=\"1\">\n<div class=\"magic-15\" data-spm-anchor-id=\"a2700.details.0.i6.6c8b7975VKbtOF\">Eredeti&amp;Eredeti gy\u00e1ri&amp;OEM<\/div>\n<\/td>\n<\/tr>\n<tr>\n<td colspan=\"1\" rowspan=\"1\">\n<div class=\"magic-14\">Sz\u00e1ll\u00edt\u00e1si id\u0151<\/div>\n<\/td>\n<td colspan=\"1\" rowspan=\"1\">\n<div class=\"magic-15\">1-3 nap<\/div>\n<\/td>\n<\/tr>\n<tr>\n<td colspan=\"1\" rowspan=\"1\">\n<div class=\"magic-14\">Jelentkezzen a<\/div>\n<\/td>\n<td colspan=\"1\" rowspan=\"1\">\n<div class=\"magic-15\">Shantui g\u00e9pek<\/div>\n<\/td>\n<\/tr>\n<\/tbody>\n<\/table>\n<p><strong>Term\u00e9k le\u00edr\u00e1sa<\/strong><\/p>\n<table class=\"has-title all magic-16\" style=\"width: 100%;\">\n<tbody>\n<tr>\n<td style=\"width: 8.44221%;\" colspan=\"1\" rowspan=\"1\">\n<div class=\"magic-17\" data-spm-anchor-id=\"a2700.details.0.i8.496a39e1DM6OvW\"><b><span style=\"font-family: \u6977\u4f53;\" data-spm-anchor-id=\"a2700.siteadmin.0.i15.45033333XGuQmB\">Cikksz\u00e1m<\/span><\/b><\/div>\n<\/td>\n<td style=\"width: 14.2714%;\" colspan=\"1\" rowspan=\"1\">\n<div class=\"magic-18\"><b><span style=\"font-family: \u6977\u4f53;\">Modell<\/span><\/b><\/div>\n<\/td>\n<td style=\"width: 76.5829%;\" colspan=\"1\" rowspan=\"1\">\n<div class=\"magic-19\"><b><span style=\"font-family: \u6977\u4f53;\">Le\u00edr\u00e1s<\/span><\/b><\/div>\n<\/td>\n<\/tr>\n<tr>\n<td style=\"width: 8.44221%;\" colspan=\"1\" rowspan=\"1\">\n<div class=\"magic-17\">SD13<\/div>\n<\/td>\n<td style=\"width: 14.2714%;\" colspan=\"1\" rowspan=\"1\">\n<div class=\"magic-18\">10Y-15-00000<\/div>\n<\/td>\n<td style=\"width: 76.5829%;\" colspan=\"1\" rowspan=\"1\">\n<div class=\"magic-19\">shantui sd16 sd22 sd23 sd32 buld\u00f3zer sebess\u00e9gv\u00e1lt\u00f3 sebess\u00e9gv\u00e1lt\u00f3 v\u00e1lt\u00f3 16Y-15-0000 154-15-31000 154-15-41002 175-15-00226<\/div>\n<\/td>\n<\/tr>\n<tr>\n<td style=\"width: 8.44221%;\" colspan=\"1\" rowspan=\"1\">\n<div class=\"magic-17\">sd16<\/div>\n<\/td>\n<td style=\"width: 14.2714%;\" colspan=\"1\" rowspan=\"1\">\n<div class=\"magic-18\">16Y-15-0000<\/div>\n<\/td>\n<td style=\"width: 76.5829%;\" colspan=\"1\" rowspan=\"1\">\n<div class=\"magic-19\">shantui sd16 sd22 sd23 sd32 buld\u00f3zer sebess\u00e9gv\u00e1lt\u00f3 sebess\u00e9gv\u00e1lt\u00f3 v\u00e1lt\u00f3 16Y-15-0000 154-15-31000 154-15-41002 175-15-00226<\/div>\n<\/td>\n<\/tr>\n<tr>\n<td style=\"width: 8.44221%;\" colspan=\"1\" rowspan=\"1\">\n<div class=\"magic-17\">sd22<\/div>\n<\/td>\n<td style=\"width: 14.2714%;\" colspan=\"1\" rowspan=\"1\">\n<div class=\"magic-18\">154-15-31000<\/div>\n<\/td>\n<td style=\"width: 76.5829%;\" colspan=\"1\" rowspan=\"1\">\n<div class=\"magic-19\">shantui sd16 sd22 sd23 sd32 buld\u00f3zer sebess\u00e9gv\u00e1lt\u00f3 sebess\u00e9gv\u00e1lt\u00f3 v\u00e1lt\u00f3 16Y-15-0000 154-15-31000 154-15-41002 175-15-00226<\/div>\n<\/td>\n<\/tr>\n<tr>\n<td style=\"width: 8.44221%;\" colspan=\"1\" rowspan=\"1\">\n<div class=\"magic-17\">sd23<\/div>\n<\/td>\n<td style=\"width: 14.2714%;\" colspan=\"1\" rowspan=\"1\">\n<div class=\"magic-18\">154-15-41002<\/div>\n<\/td>\n<td style=\"width: 76.5829%;\" colspan=\"1\" rowspan=\"1\">\n<div class=\"magic-19\" data-spm-anchor-id=\"a2700.details.0.i9.496a39e1DM6OvW\">shantui sd16 sd22 sd23 sd32 buld\u00f3zer sebess\u00e9gv\u00e1lt\u00f3 sebess\u00e9gv\u00e1lt\u00f3 v\u00e1lt\u00f3 16Y-15-0000 154-15-31000 154-15-41002 175-15-00226<\/div>\n<\/td>\n<\/tr>\n<tr>\n<td style=\"width: 8.44221%;\" colspan=\"1\" rowspan=\"1\">\n<div class=\"magic-17\">sd32<\/div>\n<\/td>\n<td style=\"width: 14.2714%;\" colspan=\"1\" rowspan=\"1\">\n<div class=\"magic-18\">175-15-00226<\/div>\n<\/td>\n<td style=\"width: 76.5829%;\" colspan=\"1\" rowspan=\"1\">\n<div class=\"magic-19\">shantui sd16 sd22 sd23 sd32 buld\u00f3zer sebess\u00e9gv\u00e1lt\u00f3 sebess\u00e9gv\u00e1lt\u00f3 v\u00e1lt\u00f3 16Y-15-0000 154-15-31000 154-15-41002 175-15-00226<\/div>\n<\/td>\n<\/tr>\n<tr>\n<td style=\"width: 8.44221%;\" colspan=\"1\" rowspan=\"1\">\n<div class=\"magic-17\"><span style=\"font-family: \u6977\u4f53;\">sd13<\/span><\/div>\n<\/td>\n<td style=\"width: 14.2714%;\" colspan=\"1\" rowspan=\"1\">\n<div class=\"magic-18\"><span style=\"font-family: \u6977\u4f53;\">10Y-11B-00000<\/span><\/div>\n<\/td>\n<td style=\"width: 76.5829%;\" colspan=\"1\" rowspan=\"1\">\n<div class=\"magic-19\"><span style=\"font-family: \u6977\u4f53;\">shantui SD13 sd16 sd22 sd23 sd32 nyomat\u00e9kv\u00e1lt\u00f3 yj380 yj409 16Y-11-00000 154-13-41002 175-13-21007<\/span><\/div>\n<\/td>\n<\/tr>\n<tr>\n<td style=\"width: 8.44221%;\" colspan=\"1\" rowspan=\"1\">\n<div class=\"magic-17\"><span style=\"font-family: \u6977\u4f53;\">sd16<\/span><\/div>\n<\/td>\n<td style=\"width: 14.2714%;\" colspan=\"1\" rowspan=\"1\">\n<div class=\"magic-18\"><span style=\"font-family: \u6977\u4f53;\">yj380\/16Y-11-00000<\/span><\/div>\n<\/td>\n<td style=\"width: 76.5829%;\" colspan=\"1\" rowspan=\"1\">\n<div class=\"magic-19\"><span style=\"font-family: \u6977\u4f53;\">shantui SD13 sd16 sd22 sd23 sd32 nyomat\u00e9kv\u00e1lt\u00f3 yj380 yj409 16Y-11-00000 154-13-41002 175-13-21007<\/span><\/div>\n<\/td>\n<\/tr>\n<tr>\n<td style=\"width: 8.44221%;\" colspan=\"1\" rowspan=\"1\">\n<div class=\"magic-17\"><span style=\"font-family: \u6977\u4f53;\">sd22<\/span><\/div>\n<\/td>\n<td style=\"width: 14.2714%;\" colspan=\"1\" rowspan=\"1\">\n<div class=\"magic-18\"><span style=\"font-family: \u6977\u4f53;\">yj409\/ 154-13-41002<\/span><\/div>\n<\/td>\n<td style=\"width: 76.5829%;\" colspan=\"1\" rowspan=\"1\">\n<div class=\"magic-19\"><span style=\"font-family: \u6977\u4f53;\">shantui SD13 sd16 sd22 sd23 sd32 nyomat\u00e9kv\u00e1lt\u00f3 yj380 yj409 16Y-11-00000 154-13-41002 175-13-21007<\/span><\/div>\n<\/td>\n<\/tr>\n<tr>\n<td style=\"width: 8.44221%;\" colspan=\"1\" rowspan=\"1\">\n<div class=\"magic-17\"><span style=\"font-family: \u6977\u4f53;\">sd32<\/span><\/div>\n<\/td>\n<td style=\"width: 14.2714%;\" colspan=\"1\" rowspan=\"1\">\n<div class=\"magic-18\"><span style=\"font-family: \u6977\u4f53;\">175-13-21007<\/span><\/div>\n<\/td>\n<td style=\"width: 76.5829%;\" colspan=\"1\" rowspan=\"1\">\n<div class=\"magic-19\"><span style=\"font-family: \u6977\u4f53;\" data-spm-anchor-id=\"a2700.siteadmin.0.i6.56f73333801RQH\">shantui SD13 sd16 sd22 sd23 sd32 nyomat\u00e9kv\u00e1lt\u00f3 yj380 yj409 16Y-11-00000 154-13-41002 175-13-21007<\/span><\/div>\n<\/td>\n<\/tr>\n<\/tbody>\n<\/table>","protected":false},"excerpt":{"rendered":"<p>Shantui Bulldozer Spare Parts SD22 Torqflow Transmission 154-15-31000 Shantui Bulldozer Spare Parts SD22 Torqflow Transmission 154-15-31000 with Valve SHANTUI bulldozer SD22 transmission parts gear box 154-15-31000 SHANTUI bulldozer parts SD22 transmission gearbox 154-15-31000 Bulldozer SD22 SD23 TY220 TY320B Transmission Gearbox Ass&#8217;y 154-15-31000 shantui bulldozer gearbox transmission assy 16Y-15-0000 154-15-31000 154-15-41002 175-15-00226 WhatsApp, Wechat : 0086 [&hellip;]<\/p>","protected":false},"featured_media":7697,"menu_order":0,"comment_status":"closed","ping_status":"closed","template":"","meta":{"_seopress_robots_primary_cat":"","_seopress_titles_title":"","_seopress_titles_desc":"","_seopress_robots_index":"","om_disable_all_campaigns":false,"_mi_skip_tracking":false,"_monsterinsights_sitenote_active":false,"_monsterinsights_sitenote_note":"","_monsterinsights_sitenote_category":0},"product_cat":[],"product_tag":[],"product_category":[121],"class_list":{"0":"post-7695","1":"product","2":"type-product","3":"status-publish","4":"has-post-thumbnail","6":"product_category-shantui-bulldozer-part","8":"first","9":"instock","10":"shipping-taxable","11":"product-type-simple"},"acf":[],"_links":{"self":[{"href":"https:\/\/www.excavatorenginepart.com\/hu\/wp-json\/wp\/v2\/product\/7695","targetHints":{"allow":["GET"]}}],"collection":[{"href":"https:\/\/www.excavatorenginepart.com\/hu\/wp-json\/wp\/v2\/product"}],"about":[{"href":"https:\/\/www.excavatorenginepart.com\/hu\/wp-json\/wp\/v2\/types\/product"}],"replies":[{"embeddable":true,"href":"https:\/\/www.excavatorenginepart.com\/hu\/wp-json\/wp\/v2\/comments?post=7695"}],"wp:featuredmedia":[{"embeddable":true,"href":"https:\/\/www.excavatorenginepart.com\/hu\/wp-json\/wp\/v2\/media\/7697"}],"wp:attachment":[{"href":"https:\/\/www.excavatorenginepart.com\/hu\/wp-json\/wp\/v2\/media?parent=7695"}],"wp:term":[{"taxonomy":"product_cat","embeddable":true,"href":"https:\/\/www.excavatorenginepart.com\/hu\/wp-json\/wp\/v2\/product_cat?post=7695"},{"taxonomy":"product_tag","embeddable":true,"href":"https:\/\/www.excavatorenginepart.com\/hu\/wp-json\/wp\/v2\/product_tag?post=7695"},{"taxonomy":"product_category","embeddable":true,"href":"https:\/\/www.excavatorenginepart.com\/hu\/wp-json\/wp\/v2\/product_category?post=7695"}],"curies":[{"name":"wp","href":"https:\/\/api.w.org\/{rel}","templated":true}]}}