{"id":7541,"date":"2022-12-12T05:55:37","date_gmt":"2022-12-12T05:55:37","guid":{"rendered":"https:\/\/www.excavatorenginepart.com\/?post_type=product&#038;p=7541"},"modified":"2022-12-12T05:57:19","modified_gmt":"2022-12-12T05:57:19","slug":"wholesale-shantui-bulldozer-parts-oil-temperature-sensor-d2320-00000","status":"publish","type":"product","link":"https:\/\/www.excavatorenginepart.com\/hu\/product\/wholesale-shantui-bulldozer-parts-oil-temperature-sensor-d2320-00000\/","title":{"rendered":"Wholesale shantui bulldozer parts oil temperature sensor D2320-00000"},"content":{"rendered":"<p><strong>Wholesale shantui bulldozer parts oil temperature sensor D2320-00000<\/strong><\/p>\n<p><img fetchpriority=\"high\" decoding=\"async\" class=\"alignnone size-medium wp-image-7546\" src=\"https:\/\/www.excavatorenginepart.com\/wp-content\/uploads\/2022\/12\/Wholesale-shantui-bulldozer-parts-oil-temperature-sensor-D2320-00000-300x300.png\" alt=\"\" width=\"300\" height=\"300\" srcset=\"https:\/\/www.excavatorenginepart.com\/wp-content\/uploads\/2022\/12\/Wholesale-shantui-bulldozer-parts-oil-temperature-sensor-D2320-00000-300x300.png 300w, https:\/\/www.excavatorenginepart.com\/wp-content\/uploads\/2022\/12\/Wholesale-shantui-bulldozer-parts-oil-temperature-sensor-D2320-00000-150x150.png 150w, https:\/\/www.excavatorenginepart.com\/wp-content\/uploads\/2022\/12\/Wholesale-shantui-bulldozer-parts-oil-temperature-sensor-D2320-00000.png 600w\" sizes=\"(max-width: 300px) 100vw, 300px\" \/><\/p>\n<p>BULLDOZER SD22 D2320-00000 oil temperature sensor<\/p>\n<p><img decoding=\"async\" class=\"alignnone size-medium wp-image-7545\" src=\"https:\/\/www.excavatorenginepart.com\/wp-content\/uploads\/2022\/12\/VDO-Oil-Pressure-Sensores-D2320-00000-300x300.png\" alt=\"\" width=\"300\" height=\"300\" srcset=\"https:\/\/www.excavatorenginepart.com\/wp-content\/uploads\/2022\/12\/VDO-Oil-Pressure-Sensores-D2320-00000-300x300.png 300w, https:\/\/www.excavatorenginepart.com\/wp-content\/uploads\/2022\/12\/VDO-Oil-Pressure-Sensores-D2320-00000-150x150.png 150w, https:\/\/www.excavatorenginepart.com\/wp-content\/uploads\/2022\/12\/VDO-Oil-Pressure-Sensores-D2320-00000.png 600w\" sizes=\"(max-width: 300px) 100vw, 300px\" \/><\/p>\n<p>bulldozer spare parts SD16 SD22 SD32 oil temperature sensor D2320-00000<\/p>\n<p><img decoding=\"async\" class=\"alignnone size-medium wp-image-7544\" src=\"https:\/\/www.excavatorenginepart.com\/wp-content\/uploads\/2022\/12\/Shantui-SD32-bulldozer-oil-temperature-sensor-D2320-00000-300x300.png\" alt=\"\" width=\"300\" height=\"300\" srcset=\"https:\/\/www.excavatorenginepart.com\/wp-content\/uploads\/2022\/12\/Shantui-SD32-bulldozer-oil-temperature-sensor-D2320-00000-300x300.png 300w, https:\/\/www.excavatorenginepart.com\/wp-content\/uploads\/2022\/12\/Shantui-SD32-bulldozer-oil-temperature-sensor-D2320-00000-150x150.png 150w, https:\/\/www.excavatorenginepart.com\/wp-content\/uploads\/2022\/12\/Shantui-SD32-bulldozer-oil-temperature-sensor-D2320-00000.png 600w\" sizes=\"(max-width: 300px) 100vw, 300px\" \/><\/p>\n<p>Shantui SD32 bulldozer oil temperature sensor D2320-00000<\/p>\n<p><img loading=\"lazy\" decoding=\"async\" class=\"alignnone size-medium wp-image-7543\" src=\"https:\/\/www.excavatorenginepart.com\/wp-content\/uploads\/2022\/12\/bulldozer-spare-parts-SD16-SD22-SD32-oil-temperature-sensor-D2320-00000-300x300.png\" alt=\"\" width=\"300\" height=\"300\" srcset=\"https:\/\/www.excavatorenginepart.com\/wp-content\/uploads\/2022\/12\/bulldozer-spare-parts-SD16-SD22-SD32-oil-temperature-sensor-D2320-00000-300x300.png 300w, https:\/\/www.excavatorenginepart.com\/wp-content\/uploads\/2022\/12\/bulldozer-spare-parts-SD16-SD22-SD32-oil-temperature-sensor-D2320-00000-150x150.png 150w, https:\/\/www.excavatorenginepart.com\/wp-content\/uploads\/2022\/12\/bulldozer-spare-parts-SD16-SD22-SD32-oil-temperature-sensor-D2320-00000.png 600w\" sizes=\"(max-width: 300px) 100vw, 300px\" \/><\/p>\n<p>VDO Oil Pressure Sensores D2320-00000<\/p>\n<p><img loading=\"lazy\" decoding=\"async\" class=\"alignnone size-medium wp-image-7542\" src=\"https:\/\/www.excavatorenginepart.com\/wp-content\/uploads\/2022\/12\/BULLDOZER-SD22-D2320-00000-oil-temperature-sensor-300x300.png\" alt=\"\" width=\"300\" height=\"300\" srcset=\"https:\/\/www.excavatorenginepart.com\/wp-content\/uploads\/2022\/12\/BULLDOZER-SD22-D2320-00000-oil-temperature-sensor-300x300.png 300w, https:\/\/www.excavatorenginepart.com\/wp-content\/uploads\/2022\/12\/BULLDOZER-SD22-D2320-00000-oil-temperature-sensor-150x150.png 150w, https:\/\/www.excavatorenginepart.com\/wp-content\/uploads\/2022\/12\/BULLDOZER-SD22-D2320-00000-oil-temperature-sensor.png 600w\" sizes=\"(max-width: 300px) 100vw, 300px\" \/><\/p>\n<p>Tov\u00e1bbi inform\u00e1ci\u00f3, l\u00e9pjen kapcsolatba vel\u00fcnk.\u00a0<\/p>\n<p><span style=\"color: #ff0000;\"><strong>WhatsApp, Wechat : 0086 15553722299<\/strong><\/span><\/p>","protected":false},"excerpt":{"rendered":"<p>Wholesale shantui bulldozer parts oil temperature sensor D2320-00000 BULLDOZER SD22 D2320-00000 oil temperature sensor bulldozer spare parts SD16 SD22 SD32 oil temperature sensor D2320-00000 Shantui SD32 bulldozer oil temperature sensor D2320-00000 VDO Oil Pressure Sensores D2320-00000 More Info, Contact Us Please.\u00a0 WhatsApp, Wechat : 0086 15553722299<\/p>","protected":false},"featured_media":7543,"menu_order":0,"comment_status":"closed","ping_status":"closed","template":"","meta":{"_seopress_robots_primary_cat":"","_seopress_titles_title":"","_seopress_titles_desc":"","_seopress_robots_index":"","om_disable_all_campaigns":false,"_mi_skip_tracking":false,"_monsterinsights_sitenote_active":false,"_monsterinsights_sitenote_note":"","_monsterinsights_sitenote_category":0},"product_cat":[],"product_tag":[],"product_category":[121],"class_list":{"0":"post-7541","1":"product","2":"type-product","3":"status-publish","4":"has-post-thumbnail","6":"product_category-shantui-bulldozer-part","8":"first","9":"instock","10":"shipping-taxable","11":"product-type-simple"},"acf":[],"_links":{"self":[{"href":"https:\/\/www.excavatorenginepart.com\/hu\/wp-json\/wp\/v2\/product\/7541","targetHints":{"allow":["GET"]}}],"collection":[{"href":"https:\/\/www.excavatorenginepart.com\/hu\/wp-json\/wp\/v2\/product"}],"about":[{"href":"https:\/\/www.excavatorenginepart.com\/hu\/wp-json\/wp\/v2\/types\/product"}],"replies":[{"embeddable":true,"href":"https:\/\/www.excavatorenginepart.com\/hu\/wp-json\/wp\/v2\/comments?post=7541"}],"wp:featuredmedia":[{"embeddable":true,"href":"https:\/\/www.excavatorenginepart.com\/hu\/wp-json\/wp\/v2\/media\/7543"}],"wp:attachment":[{"href":"https:\/\/www.excavatorenginepart.com\/hu\/wp-json\/wp\/v2\/media?parent=7541"}],"wp:term":[{"taxonomy":"product_cat","embeddable":true,"href":"https:\/\/www.excavatorenginepart.com\/hu\/wp-json\/wp\/v2\/product_cat?post=7541"},{"taxonomy":"product_tag","embeddable":true,"href":"https:\/\/www.excavatorenginepart.com\/hu\/wp-json\/wp\/v2\/product_tag?post=7541"},{"taxonomy":"product_category","embeddable":true,"href":"https:\/\/www.excavatorenginepart.com\/hu\/wp-json\/wp\/v2\/product_category?post=7541"}],"curies":[{"name":"wp","href":"https:\/\/api.w.org\/{rel}","templated":true}]}}