{"id":7290,"date":"2022-12-03T02:40:09","date_gmt":"2022-12-03T02:40:09","guid":{"rendered":"https:\/\/www.excavatorenginepart.com\/?post_type=product&#038;p=7290"},"modified":"2022-12-04T07:04:55","modified_gmt":"2022-12-04T07:04:55","slug":"cummins-ism11-qsm11-isx15-qsx15-cm570-module-electronic-control-3408501","status":"publish","type":"product","link":"https:\/\/www.excavatorenginepart.com\/hu\/product\/cummins-ism11-qsm11-isx15-qsx15-cm570-module-electronic-control-3408501\/","title":{"rendered":"Cummins ISM11 QSM11 ISX15 QSX15 CM570 Module Electronic Control 3408501"},"content":{"rendered":"<p>Cummins ISM11 QSM11 ISX15 QSX15 CM570 Module Electronic Control 3408501<\/p>\n<p>Cummins ISM11 QSM11 ISX15 QSX15 CM570 Module Electronic Control 3408501<\/p>\n<p><img fetchpriority=\"high\" decoding=\"async\" class=\"alignnone size-medium wp-image-7292\" src=\"https:\/\/www.excavatorenginepart.com\/wp-content\/uploads\/2022\/12\/Cummins-ISM11-QSM11-ISX15-QSX15-CM570-Module-Electronic-Control-3408501-300x225.jpg\" alt=\"\" width=\"300\" height=\"225\" srcset=\"https:\/\/www.excavatorenginepart.com\/wp-content\/uploads\/2022\/12\/Cummins-ISM11-QSM11-ISX15-QSX15-CM570-Module-Electronic-Control-3408501-300x225.jpg 300w, https:\/\/www.excavatorenginepart.com\/wp-content\/uploads\/2022\/12\/Cummins-ISM11-QSM11-ISX15-QSX15-CM570-Module-Electronic-Control-3408501-768x576.jpg 768w, https:\/\/www.excavatorenginepart.com\/wp-content\/uploads\/2022\/12\/Cummins-ISM11-QSM11-ISX15-QSX15-CM570-Module-Electronic-Control-3408501.jpg 800w\" sizes=\"(max-width: 300px) 100vw, 300px\" \/><\/p>\n<p>3408501 ELECTRONIC CONTROL MODULE QSM11 ISM11 ECM Diesel Engine parts for Cummins<\/p>\n<p><img decoding=\"async\" class=\"alignnone size-medium wp-image-7291\" src=\"https:\/\/www.excavatorenginepart.com\/wp-content\/uploads\/2022\/12\/3408501-ELECTRONIC-CONTROL-MODULE-QSM11-ISM11-ECM-Diesel-Engine-parts-for-Cummins-300x225.jpg\" alt=\"\" width=\"300\" height=\"225\" srcset=\"https:\/\/www.excavatorenginepart.com\/wp-content\/uploads\/2022\/12\/3408501-ELECTRONIC-CONTROL-MODULE-QSM11-ISM11-ECM-Diesel-Engine-parts-for-Cummins-300x225.jpg 300w, https:\/\/www.excavatorenginepart.com\/wp-content\/uploads\/2022\/12\/3408501-ELECTRONIC-CONTROL-MODULE-QSM11-ISM11-ECM-Diesel-Engine-parts-for-Cummins-768x576.jpg 768w, https:\/\/www.excavatorenginepart.com\/wp-content\/uploads\/2022\/12\/3408501-ELECTRONIC-CONTROL-MODULE-QSM11-ISM11-ECM-Diesel-Engine-parts-for-Cummins.jpg 800w\" sizes=\"(max-width: 300px) 100vw, 300px\" \/><\/p>\n<p>Diesel Engine Electronic Control Module ECM 3408501 For CUMMINS ISX15 QSX15 Engine<\/p>\n<p><img decoding=\"async\" class=\"alignnone size-medium wp-image-7293\" src=\"https:\/\/www.excavatorenginepart.com\/wp-content\/uploads\/2022\/12\/Diesel-Engine-Electronic-Control-Module-ECM-3408501-For-CUMMINS-ISX15-QSX15-Engine-300x225.jpg\" alt=\"\" width=\"300\" height=\"225\" srcset=\"https:\/\/www.excavatorenginepart.com\/wp-content\/uploads\/2022\/12\/Diesel-Engine-Electronic-Control-Module-ECM-3408501-For-CUMMINS-ISX15-QSX15-Engine-300x225.jpg 300w, https:\/\/www.excavatorenginepart.com\/wp-content\/uploads\/2022\/12\/Diesel-Engine-Electronic-Control-Module-ECM-3408501-For-CUMMINS-ISX15-QSX15-Engine-768x576.jpg 768w, https:\/\/www.excavatorenginepart.com\/wp-content\/uploads\/2022\/12\/Diesel-Engine-Electronic-Control-Module-ECM-3408501-For-CUMMINS-ISX15-QSX15-Engine.jpg 800w\" sizes=\"(max-width: 300px) 100vw, 300px\" \/><\/p>\n<p>Excavator R400-5 R400-7 R500-5 R500-7 ISX ECM 3408501 Engine Controller<\/p>\n<p><strong>C\u00e9g\u00fcnk el\u0151ny\u00f6s term\u00e9kei<\/strong><\/p>\n<p>Tudunk sz\u00e1ll\u00edtott <a href=\"http:\/\/www.kpdiesel.com\">D\u00edzelmotor alkatr\u00e9szek<\/a> :<br \/>\n<a href=\"https:\/\/www.excavatorenginepart.com\/hu\/product-category\/cummins-diesel-engine\/\">D\u00edzelmotorok: <\/a>Cummins d\u00edzelmotor, Weichai d\u00edzelmotor, Shangchai d\u00edzelmotor, Komatsu d\u00edzelmotor, Yanmar d\u00edzelmotor.<\/p>\n<p><a href=\"https:\/\/www.excavatorenginepart.com\/hu\/product-category\/deutz-engine-part\/\">Motoralkatr\u00e9szek:<\/a> Cummins motor alkatr\u00e9sz, Deutz motor alkatr\u00e9sz, Volvo motor alkatr\u00e9sz, Caterpiller motor alkatr\u00e9sz, Kubota motor alkatr\u00e9sz, Yanmar motor alkatr\u00e9sz, Isuzu motor alkatr\u00e9sz, Mitsubishi motor alkatr\u00e9sz, Perkins motor alkatr\u00e9sz, Komatsu motor alkatr\u00e9sz, Wechai motor alkatr\u00e9sz, Shangchai motor alkatr\u00e9sz, Yuchai motor alkatr\u00e9sz.<\/p>\n<p><a href=\"https:\/\/www.excavatorenginepart.com\/hu\/product-category\/shantui-bulldozer-part\/\">Buld\u00f3zer alkatr\u00e9szek:<\/a> Shantui buld\u00f3zer r\u00e9sz, Shanghai pengpu buld\u00f3zer r\u00e9sz, HBXG buld\u00f3zer r\u00e9sz, Liugong buld\u00f3zer r\u00e9sz, Tianjin Yishan buld\u00f3zer r\u00e9sz.<\/p>\n<p><a href=\"https:\/\/www.excavatorenginepart.com\/hu\/product-category\/sdlg-loader-parts\/\">Rakod\u00f3alkatr\u00e9szek:<\/a> SDLG rakod\u00f3 alkatr\u00e9szek, Liugong rakod\u00f3 alkatr\u00e9szek, XCMG rakod\u00f3 alkatr\u00e9szek, Lonking rakod\u00f3 alkatr\u00e9szek, XGMA rakod\u00f3 alkatr\u00e9szek.<\/p>\n<p><a href=\"https:\/\/www.excavatorenginepart.com\/hu\/product-category\/dse-controller\/\">Gener\u00e1tor alkatr\u00e9szek:<\/a> DSE vez\u00e9rl\u0151, ComAp vez\u00e9rl\u0151, Woodward vez\u00e9rl\u0151, Cummins fordulatsz\u00e1m-szab\u00e1lyoz\u00f3, GAC fordulatsz\u00e1m-szab\u00e1lyoz\u00f3, gener\u00e1tor AVR, motor m\u0171k\u00f6dtet\u0151k, motor \u00e9rz\u00e9kel\u0151k, motor m\u00e9r\u0151k.<\/p>\n<p><a href=\"https:\/\/www.excavatorenginepart.com\/hu\/product-category\/excavator-hydraulic-pump\/\">Kotr\u00f3g\u00e9p alkatr\u00e9szek<\/a>: kotr\u00f3g\u00e9p motoralkatr\u00e9sz, kotr\u00f3g\u00e9p fut\u00f3m\u0171alkatr\u00e9szek, kotr\u00f3g\u00e9p v\u00e9ghajt\u00e1s, kotr\u00f3g\u00e9p f\u0151szelep, kotr\u00f3g\u00e9p hidraulikaszivatty\u00fa.<\/p>\n<p>Tov\u00e1bbi inform\u00e1ci\u00f3, l\u00e9pjen kapcsolatba vel\u00fcnk.\u00a0<\/p>\n<p><strong><span style=\"color: #ff0000;\">WhatsApp, Wechat : 0086 15553722299\u00a0<\/span><\/strong><\/p>\n<p>&nbsp;<\/p>\n<p>&nbsp;<\/p>","protected":false},"excerpt":{"rendered":"<p>Cummins ISM11 QSM11 ISX15 QSX15 CM570 Module Electronic Control 3408501 Cummins ISM11 QSM11 ISX15 QSX15 CM570 Module Electronic Control 3408501 3408501 ELECTRONIC CONTROL MODULE QSM11 ISM11 ECM Diesel Engine parts for Cummins Diesel Engine Electronic Control Module ECM 3408501 For CUMMINS ISX15 QSX15 Engine Excavator R400-5 R400-7 R500-5 R500-7 ISX ECM 3408501 Engine Controller Our [&hellip;]<\/p>","protected":false},"featured_media":7292,"menu_order":0,"comment_status":"closed","ping_status":"closed","template":"","meta":{"_seopress_robots_primary_cat":"","_seopress_titles_title":"","_seopress_titles_desc":"","_seopress_robots_index":"","om_disable_all_campaigns":false,"_mi_skip_tracking":false,"_monsterinsights_sitenote_active":false,"_monsterinsights_sitenote_note":"","_monsterinsights_sitenote_category":0},"product_cat":[],"product_tag":[],"product_category":[115],"class_list":{"0":"post-7290","1":"product","2":"type-product","3":"status-publish","4":"has-post-thumbnail","6":"product_category-cummins-engine-part","8":"first","9":"instock","10":"shipping-taxable","11":"product-type-simple"},"acf":[],"_links":{"self":[{"href":"https:\/\/www.excavatorenginepart.com\/hu\/wp-json\/wp\/v2\/product\/7290","targetHints":{"allow":["GET"]}}],"collection":[{"href":"https:\/\/www.excavatorenginepart.com\/hu\/wp-json\/wp\/v2\/product"}],"about":[{"href":"https:\/\/www.excavatorenginepart.com\/hu\/wp-json\/wp\/v2\/types\/product"}],"replies":[{"embeddable":true,"href":"https:\/\/www.excavatorenginepart.com\/hu\/wp-json\/wp\/v2\/comments?post=7290"}],"wp:featuredmedia":[{"embeddable":true,"href":"https:\/\/www.excavatorenginepart.com\/hu\/wp-json\/wp\/v2\/media\/7292"}],"wp:attachment":[{"href":"https:\/\/www.excavatorenginepart.com\/hu\/wp-json\/wp\/v2\/media?parent=7290"}],"wp:term":[{"taxonomy":"product_cat","embeddable":true,"href":"https:\/\/www.excavatorenginepart.com\/hu\/wp-json\/wp\/v2\/product_cat?post=7290"},{"taxonomy":"product_tag","embeddable":true,"href":"https:\/\/www.excavatorenginepart.com\/hu\/wp-json\/wp\/v2\/product_tag?post=7290"},{"taxonomy":"product_category","embeddable":true,"href":"https:\/\/www.excavatorenginepart.com\/hu\/wp-json\/wp\/v2\/product_category?post=7290"}],"curies":[{"name":"wp","href":"https:\/\/api.w.org\/{rel}","templated":true}]}}