{"id":7080,"date":"2022-05-05T02:20:06","date_gmt":"2022-05-05T02:20:06","guid":{"rendered":"https:\/\/www.excavatorenginepart.com\/?post_type=product&#038;p=7080"},"modified":"2022-12-04T07:21:53","modified_gmt":"2022-12-04T07:21:53","slug":"komatsu-engine-part-relay-switch-600-815-2170","status":"publish","type":"product","link":"https:\/\/www.excavatorenginepart.com\/hu\/product\/komatsu-engine-part-relay-switch-600-815-2170\/","title":{"rendered":"komatsu Engine Part Relay Switch 600-815-2170"},"content":{"rendered":"<p>komatsu Engine Part Relay Switch 600-815-2170\u00a0<\/p>\n<p>Relay Switch 600-815-2170\u00a0is\u00a0used for<strong>\u00a0Komatsu \u00a0excavator 6D95, 6D102, 6D107 \u00a0diesel\u00a0<\/strong><strong>\u00a0engines<\/strong>\u00a0. Relay Switch \u00a0is the switch controlled by electromagnet, that is, the combination of electromagnet and switch.When the electromagnet coil is energized, the electromagnetic suction is generated, and the moving iron core pushes or pulls the switch contact to close, thus connecting the control circuit.Electromagnetic switches have been widely used in various industries, the most common is industrial field contactor.Electromagnetic switch is the control on the starter switch, is the starter (dc motor, drive meshing mechanism, electromagnetic switch) one of the three major components, its working principle is electromagnetic suction, after electrify coil making activity core, thus on the one hand, pull the drive meshing mechanism make the reach starter pinion and engine flywheel ring gear meshing, push the switch contact through on the other hand, make dc motor power operation, so as to drive the engine starting. We can provide\u00a0<strong>Genuine Komatsu engine parts and OEM excavator \u00a0engine parts .\u00a0<\/strong><\/p>\n<p>Relay Switch 600-815-2170 Specifications\u00a0<\/p>\n<p>Brand Name:\u00a0Komatsu, SAWA FUJI , Janpan\u00a0<br \/>\nExcavator Model Number:\u00a0PC200-6\/7\/8<br \/>\nPart Number:\u00a0600-815-2170<br \/>\nApplication:\u00a0Excavator<br \/>\nWarranty:\u00a03 Months<br \/>\nPart name:\u00a0Relay Switch<br \/>\nFinish:\u00a0smooth<br \/>\nMaterial:\u00a0Steel<\/p>\n<p><img fetchpriority=\"high\" decoding=\"async\" class=\"alignnone wp-image-7082 size-full\" src=\"https:\/\/www.excavatorenginepart.com\/wp-content\/uploads\/2022\/05\/komatsu-Engine-Part-Relay-Switch-600-815-2170-01.jpg\" alt=\"\" width=\"533\" height=\"498\" srcset=\"https:\/\/www.excavatorenginepart.com\/wp-content\/uploads\/2022\/05\/komatsu-Engine-Part-Relay-Switch-600-815-2170-01.jpg 533w, https:\/\/www.excavatorenginepart.com\/wp-content\/uploads\/2022\/05\/komatsu-Engine-Part-Relay-Switch-600-815-2170-01-300x280.jpg 300w\" sizes=\"(max-width: 533px) 100vw, 533px\" \/><\/p>\n<p><strong>PC300-8 heater switch, heater relay 600-815-2170<\/strong><\/p>\n<p><img decoding=\"async\" class=\"alignnone wp-image-7083 size-full\" src=\"https:\/\/www.excavatorenginepart.com\/wp-content\/uploads\/2022\/05\/komatsu-Engine-Part-Relay-Switch-600-815-2170-02.jpg\" alt=\"\" width=\"532\" height=\"503\" srcset=\"https:\/\/www.excavatorenginepart.com\/wp-content\/uploads\/2022\/05\/komatsu-Engine-Part-Relay-Switch-600-815-2170-02.jpg 532w, https:\/\/www.excavatorenginepart.com\/wp-content\/uploads\/2022\/05\/komatsu-Engine-Part-Relay-Switch-600-815-2170-02-300x284.jpg 300w\" sizes=\"(max-width: 532px) 100vw, 532px\" \/><\/p>\n<p><strong>Shantui bulldozer ,SD22,SD32, spare parts relay heater 600-815-2170\u00a0<br \/>\n<\/strong><\/p>\n<p><strong>Another Komatsu Excavator Electrical Parts<\/strong><\/p>\n<p><img decoding=\"async\" class=\"alignnone wp-image-7084 size-full\" src=\"https:\/\/www.excavatorenginepart.com\/wp-content\/uploads\/2022\/05\/komatsu-Engine-Part-Relay-Switch-600-815-2170-03.jpg\" alt=\"\" width=\"532\" height=\"497\" srcset=\"https:\/\/www.excavatorenginepart.com\/wp-content\/uploads\/2022\/05\/komatsu-Engine-Part-Relay-Switch-600-815-2170-03.jpg 532w, https:\/\/www.excavatorenginepart.com\/wp-content\/uploads\/2022\/05\/komatsu-Engine-Part-Relay-Switch-600-815-2170-03-300x280.jpg 300w\" sizes=\"(max-width: 532px) 100vw, 532px\" \/><\/p>\n<p><strong>PC200-7 water temperature sensor 7861-92-3320\u00a0<\/strong><\/p>\n<p><strong>C\u00e9g\u00fcnk el\u0151ny\u00f6s term\u00e9kei<\/strong><\/p>\n<p>Tudunk sz\u00e1ll\u00edtott <a href=\"http:\/\/www.kpdiesel.com\">D\u00edzelmotor alkatr\u00e9szek<\/a> :<br \/>\n<a href=\"https:\/\/www.excavatorenginepart.com\/hu\/product-category\/cummins-diesel-engine\/\">D\u00edzelmotorok: <\/a>Cummins d\u00edzelmotor, Weichai d\u00edzelmotor, Shangchai d\u00edzelmotor, Komatsu d\u00edzelmotor, Yanmar d\u00edzelmotor.<\/p>\n<p><a href=\"https:\/\/www.excavatorenginepart.com\/hu\/product-category\/deutz-engine-part\/\">Motoralkatr\u00e9szek:<\/a> Cummins motor alkatr\u00e9sz, Deutz motor alkatr\u00e9sz, Volvo motor alkatr\u00e9sz, Caterpiller motor alkatr\u00e9sz, Kubota motor alkatr\u00e9sz, Yanmar motor alkatr\u00e9sz, Isuzu motor alkatr\u00e9sz, Mitsubishi motor alkatr\u00e9sz, Perkins motor alkatr\u00e9sz, Komatsu motor alkatr\u00e9sz, Wechai motor alkatr\u00e9sz, Shangchai motor alkatr\u00e9sz, Yuchai motor alkatr\u00e9sz.<\/p>\n<p><a href=\"https:\/\/www.excavatorenginepart.com\/hu\/product-category\/shantui-bulldozer-part\/\">Buld\u00f3zer alkatr\u00e9szek:<\/a> Shantui buld\u00f3zer r\u00e9sz, Shanghai pengpu buld\u00f3zer r\u00e9sz, HBXG buld\u00f3zer r\u00e9sz, Liugong buld\u00f3zer r\u00e9sz, Tianjin Yishan buld\u00f3zer r\u00e9sz.<\/p>\n<p><a href=\"https:\/\/www.excavatorenginepart.com\/hu\/product-category\/sdlg-loader-parts\/\">Rakod\u00f3alkatr\u00e9szek:<\/a> SDLG rakod\u00f3 alkatr\u00e9szek, Liugong rakod\u00f3 alkatr\u00e9szek, XCMG rakod\u00f3 alkatr\u00e9szek, Lonking rakod\u00f3 alkatr\u00e9szek, XGMA rakod\u00f3 alkatr\u00e9szek.<\/p>\n<p><a href=\"https:\/\/www.excavatorenginepart.com\/hu\/product-category\/dse-controller\/\">Gener\u00e1tor alkatr\u00e9szek:<\/a> DSE vez\u00e9rl\u0151, ComAp vez\u00e9rl\u0151, Woodward vez\u00e9rl\u0151, Cummins fordulatsz\u00e1m-szab\u00e1lyoz\u00f3, GAC fordulatsz\u00e1m-szab\u00e1lyoz\u00f3, gener\u00e1tor AVR, motor m\u0171k\u00f6dtet\u0151k, motor \u00e9rz\u00e9kel\u0151k, motor m\u00e9r\u0151k.<\/p>\n<p><a href=\"https:\/\/www.excavatorenginepart.com\/hu\/product-category\/excavator-hydraulic-pump\/\">Kotr\u00f3g\u00e9p alkatr\u00e9szek<\/a>: kotr\u00f3g\u00e9p motoralkatr\u00e9sz, kotr\u00f3g\u00e9p fut\u00f3m\u0171alkatr\u00e9szek, kotr\u00f3g\u00e9p v\u00e9ghajt\u00e1s, kotr\u00f3g\u00e9p f\u0151szelep, kotr\u00f3g\u00e9p hidraulikaszivatty\u00fa.<\/p>\n<p>Tov\u00e1bbi inform\u00e1ci\u00f3, l\u00e9pjen kapcsolatba vel\u00fcnk.\u00a0<\/p>\n<p><strong><span style=\"color: #ff0000;\">WhatsApp, Wechat : 0086 15553722299\u00a0<\/span><\/strong><\/p>\n<p>&nbsp;<\/p>\n<p>&nbsp;<\/p>","protected":false},"excerpt":{"rendered":"<p>komatsu Engine Part Relay Switch 600-815-2170\u00a0 Relay Switch 600-815-2170\u00a0is\u00a0used for\u00a0Komatsu \u00a0excavator 6D95, 6D102, 6D107 \u00a0diesel\u00a0\u00a0engines\u00a0. Relay Switch \u00a0is the switch controlled by electromagnet, that is, the combination of electromagnet and switch.When the electromagnet coil is energized, the electromagnetic suction is generated, and the moving iron core pushes or pulls the switch contact to close, thus [&hellip;]<\/p>","protected":false},"featured_media":7081,"menu_order":0,"comment_status":"closed","ping_status":"closed","template":"","meta":{"_seopress_robots_primary_cat":"","_seopress_titles_title":"","_seopress_titles_desc":"","_seopress_robots_index":"","om_disable_all_campaigns":false,"_mi_skip_tracking":false,"_monsterinsights_sitenote_active":false,"_monsterinsights_sitenote_note":"","_monsterinsights_sitenote_category":0},"product_cat":[],"product_tag":[],"product_category":[134],"class_list":{"0":"post-7080","1":"product","2":"type-product","3":"status-publish","4":"has-post-thumbnail","6":"product_category-komtatsu-engine-part","8":"first","9":"instock","10":"shipping-taxable","11":"product-type-simple"},"acf":[],"_links":{"self":[{"href":"https:\/\/www.excavatorenginepart.com\/hu\/wp-json\/wp\/v2\/product\/7080","targetHints":{"allow":["GET"]}}],"collection":[{"href":"https:\/\/www.excavatorenginepart.com\/hu\/wp-json\/wp\/v2\/product"}],"about":[{"href":"https:\/\/www.excavatorenginepart.com\/hu\/wp-json\/wp\/v2\/types\/product"}],"replies":[{"embeddable":true,"href":"https:\/\/www.excavatorenginepart.com\/hu\/wp-json\/wp\/v2\/comments?post=7080"}],"wp:featuredmedia":[{"embeddable":true,"href":"https:\/\/www.excavatorenginepart.com\/hu\/wp-json\/wp\/v2\/media\/7081"}],"wp:attachment":[{"href":"https:\/\/www.excavatorenginepart.com\/hu\/wp-json\/wp\/v2\/media?parent=7080"}],"wp:term":[{"taxonomy":"product_cat","embeddable":true,"href":"https:\/\/www.excavatorenginepart.com\/hu\/wp-json\/wp\/v2\/product_cat?post=7080"},{"taxonomy":"product_tag","embeddable":true,"href":"https:\/\/www.excavatorenginepart.com\/hu\/wp-json\/wp\/v2\/product_tag?post=7080"},{"taxonomy":"product_category","embeddable":true,"href":"https:\/\/www.excavatorenginepart.com\/hu\/wp-json\/wp\/v2\/product_category?post=7080"}],"curies":[{"name":"wp","href":"https:\/\/api.w.org\/{rel}","templated":true}]}}