{"id":7075,"date":"2022-05-05T02:05:35","date_gmt":"2022-05-05T02:05:35","guid":{"rendered":"https:\/\/www.excavatorenginepart.com\/?post_type=product&#038;p=7075"},"modified":"2022-12-04T07:28:15","modified_gmt":"2022-12-04T07:28:15","slug":"komatsu-pc300-7-excavator-pressure-sensor-206-06-61130","status":"publish","type":"product","link":"https:\/\/www.excavatorenginepart.com\/hu\/product\/komatsu-pc300-7-excavator-pressure-sensor-206-06-61130\/","title":{"rendered":"Komatsu PC300-7 Excavator Pressure Sensor 206-06-61130"},"content":{"rendered":"<p>komastu Pressure Sensor 206-06-61130 original and Replacement available .\u00a0<\/p>\n<p><strong>Pressure Sensor 206-06-61130\u00a0<\/strong>is used for\u00a0\u00a0<strong>Komatsu\u00a0PC200-7 PC300-7 Excavator<\/strong>\u00a0,\u00a0Oil pressure sensor installed in the engine of the main oil path, when the engine running, pressure measurement device to detect the oil pressure, the pressure signal into electrical signals sent to the signal processing circuit, a voltage amplification and current amplifier, through the pressure signal of signal lines will be enlarged to connect to the oil pressure indicator, and change the oil pressure indicator inside by the current ratio of 2 coil, thus indicating the engine oil pressure.The pressure signal amplified by voltage and current is compared with the alarm voltage set in the alarm circuit. When the voltage is lower than the alarm voltage, the alarm circuit will output the alarm signal and light the alarm lamp through the alarm line. \u00a0<\/p>\n<p><strong>Pressure Sensor 206-06-61130<\/strong>\u00a0Specifications\u00a0<\/p>\n<p>Place of Origin:\u00a0\u00a0Janpan<br \/>\nBrand Name: Komatsu<br \/>\nExcavator Model Number:\u00a0PC300-7 \u00a0PC200-7<br \/>\nType:Pressure Switch Sensor\u00a0<br \/>\nEngine Application: S6D107 SA6D114 \u00a0Komatsu Engines<br \/>\nPart no:\u00a0\u00a0<span id=\"__kindeditor_bookmark_start_46__\"><\/span>206-06-61130<span id=\"__kindeditor_bookmark_end_47__\"><\/span><br \/>\nWEIGHT: 0.4\u00a0KG<\/p>\n<p><img fetchpriority=\"high\" decoding=\"async\" class=\"alignnone wp-image-7077 size-full\" src=\"https:\/\/www.excavatorenginepart.com\/wp-content\/uploads\/2022\/05\/Komatsu-PC300-7-Excavator-Pressure-Sensor-206-06-61130-01.jpg\" alt=\"\" width=\"536\" height=\"503\" srcset=\"https:\/\/www.excavatorenginepart.com\/wp-content\/uploads\/2022\/05\/Komatsu-PC300-7-Excavator-Pressure-Sensor-206-06-61130-01.jpg 536w, https:\/\/www.excavatorenginepart.com\/wp-content\/uploads\/2022\/05\/Komatsu-PC300-7-Excavator-Pressure-Sensor-206-06-61130-01-300x282.jpg 300w\" sizes=\"(max-width: 536px) 100vw, 536px\" \/><\/p>\n<p><strong>PC200 excavator pressure switch 206-06-61130<\/strong><\/p>\n<p><img decoding=\"async\" class=\"alignnone wp-image-7078 size-full\" src=\"https:\/\/www.excavatorenginepart.com\/wp-content\/uploads\/2022\/05\/Komatsu-PC300-7-Excavator-Pressure-Sensor-206-06-61130-02.jpg\" alt=\"\" width=\"535\" height=\"524\" srcset=\"https:\/\/www.excavatorenginepart.com\/wp-content\/uploads\/2022\/05\/Komatsu-PC300-7-Excavator-Pressure-Sensor-206-06-61130-02.jpg 535w, https:\/\/www.excavatorenginepart.com\/wp-content\/uploads\/2022\/05\/Komatsu-PC300-7-Excavator-Pressure-Sensor-206-06-61130-02-300x294.jpg 300w\" sizes=\"(max-width: 535px) 100vw, 535px\" \/><\/p>\n<p><strong>PC300-8 PC350-8 Excavator Hydraulic Pressure Switch 24V 206-06-61130<\/strong><\/p>\n<p><img decoding=\"async\" class=\"alignnone wp-image-7079 size-full\" src=\"https:\/\/www.excavatorenginepart.com\/wp-content\/uploads\/2022\/05\/Komatsu-PC300-7-Excavator-Pressure-Sensor-206-06-61130-03.jpg\" alt=\"\" width=\"535\" height=\"502\" srcset=\"https:\/\/www.excavatorenginepart.com\/wp-content\/uploads\/2022\/05\/Komatsu-PC300-7-Excavator-Pressure-Sensor-206-06-61130-03.jpg 535w, https:\/\/www.excavatorenginepart.com\/wp-content\/uploads\/2022\/05\/Komatsu-PC300-7-Excavator-Pressure-Sensor-206-06-61130-03-300x281.jpg 300w\" sizes=\"(max-width: 535px) 100vw, 535px\" \/><\/p>\n<p>Pressure switch used in excavator parts loader accessories 206-06-61130<\/p>\n<p><strong>C\u00e9g\u00fcnk el\u0151ny\u00f6s term\u00e9kei<\/strong><\/p>\n<p>Tudunk sz\u00e1ll\u00edtott <a href=\"http:\/\/www.kpdiesel.com\">D\u00edzelmotor alkatr\u00e9szek<\/a> :<br \/>\n<a href=\"https:\/\/www.excavatorenginepart.com\/hu\/product-category\/cummins-diesel-engine\/\">D\u00edzelmotorok: <\/a>Cummins d\u00edzelmotor, Weichai d\u00edzelmotor, Shangchai d\u00edzelmotor, Komatsu d\u00edzelmotor, Yanmar d\u00edzelmotor.<\/p>\n<p><a href=\"https:\/\/www.excavatorenginepart.com\/hu\/product-category\/deutz-engine-part\/\">Motoralkatr\u00e9szek:<\/a> Cummins motor alkatr\u00e9sz, Deutz motor alkatr\u00e9sz, Volvo motor alkatr\u00e9sz, Caterpiller motor alkatr\u00e9sz, Kubota motor alkatr\u00e9sz, Yanmar motor alkatr\u00e9sz, Isuzu motor alkatr\u00e9sz, Mitsubishi motor alkatr\u00e9sz, Perkins motor alkatr\u00e9sz, Komatsu motor alkatr\u00e9sz, Wechai motor alkatr\u00e9sz, Shangchai motor alkatr\u00e9sz, Yuchai motor alkatr\u00e9sz.<\/p>\n<p><a href=\"https:\/\/www.excavatorenginepart.com\/hu\/product-category\/shantui-bulldozer-part\/\">Buld\u00f3zer alkatr\u00e9szek:<\/a> Shantui buld\u00f3zer r\u00e9sz, Shanghai pengpu buld\u00f3zer r\u00e9sz, HBXG buld\u00f3zer r\u00e9sz, Liugong buld\u00f3zer r\u00e9sz, Tianjin Yishan buld\u00f3zer r\u00e9sz.<\/p>\n<p><a href=\"https:\/\/www.excavatorenginepart.com\/hu\/product-category\/sdlg-loader-parts\/\">Rakod\u00f3alkatr\u00e9szek:<\/a> SDLG rakod\u00f3 alkatr\u00e9szek, Liugong rakod\u00f3 alkatr\u00e9szek, XCMG rakod\u00f3 alkatr\u00e9szek, Lonking rakod\u00f3 alkatr\u00e9szek, XGMA rakod\u00f3 alkatr\u00e9szek.<\/p>\n<p><a href=\"https:\/\/www.excavatorenginepart.com\/hu\/product-category\/dse-controller\/\">Gener\u00e1tor alkatr\u00e9szek:<\/a> DSE vez\u00e9rl\u0151, ComAp vez\u00e9rl\u0151, Woodward vez\u00e9rl\u0151, Cummins fordulatsz\u00e1m-szab\u00e1lyoz\u00f3, GAC fordulatsz\u00e1m-szab\u00e1lyoz\u00f3, gener\u00e1tor AVR, motor m\u0171k\u00f6dtet\u0151k, motor \u00e9rz\u00e9kel\u0151k, motor m\u00e9r\u0151k.<\/p>\n<p><a href=\"https:\/\/www.excavatorenginepart.com\/hu\/product-category\/excavator-hydraulic-pump\/\">Kotr\u00f3g\u00e9p alkatr\u00e9szek<\/a>: kotr\u00f3g\u00e9p motoralkatr\u00e9sz, kotr\u00f3g\u00e9p fut\u00f3m\u0171alkatr\u00e9szek, kotr\u00f3g\u00e9p v\u00e9ghajt\u00e1s, kotr\u00f3g\u00e9p f\u0151szelep, kotr\u00f3g\u00e9p hidraulikaszivatty\u00fa.<\/p>\n<p>Tov\u00e1bbi inform\u00e1ci\u00f3, l\u00e9pjen kapcsolatba vel\u00fcnk.\u00a0<\/p>\n<p><strong><span style=\"color: #ff0000;\">WhatsApp, Wechat : 0086 15553722299\u00a0<\/span><\/strong><\/p>\n<p>&nbsp;<\/p>\n<p>&nbsp;<\/p>","protected":false},"excerpt":{"rendered":"<p>komastu Pressure Sensor 206-06-61130 original and Replacement available .\u00a0 Pressure Sensor 206-06-61130\u00a0is used for\u00a0\u00a0Komatsu\u00a0PC200-7 PC300-7 Excavator\u00a0,\u00a0Oil pressure sensor installed in the engine of the main oil path, when the engine running, pressure measurement device to detect the oil pressure, the pressure signal into electrical signals sent to the signal processing circuit, a voltage amplification and [&hellip;]<\/p>","protected":false},"featured_media":7076,"menu_order":0,"comment_status":"closed","ping_status":"closed","template":"","meta":{"_seopress_robots_primary_cat":"","_seopress_titles_title":"","_seopress_titles_desc":"","_seopress_robots_index":"","om_disable_all_campaigns":false,"_mi_skip_tracking":false,"_monsterinsights_sitenote_active":false,"_monsterinsights_sitenote_note":"","_monsterinsights_sitenote_category":0},"product_cat":[],"product_tag":[],"product_category":[134],"class_list":{"0":"post-7075","1":"product","2":"type-product","3":"status-publish","4":"has-post-thumbnail","6":"product_category-komtatsu-engine-part","8":"first","9":"instock","10":"shipping-taxable","11":"product-type-simple"},"acf":[],"_links":{"self":[{"href":"https:\/\/www.excavatorenginepart.com\/hu\/wp-json\/wp\/v2\/product\/7075","targetHints":{"allow":["GET"]}}],"collection":[{"href":"https:\/\/www.excavatorenginepart.com\/hu\/wp-json\/wp\/v2\/product"}],"about":[{"href":"https:\/\/www.excavatorenginepart.com\/hu\/wp-json\/wp\/v2\/types\/product"}],"replies":[{"embeddable":true,"href":"https:\/\/www.excavatorenginepart.com\/hu\/wp-json\/wp\/v2\/comments?post=7075"}],"wp:featuredmedia":[{"embeddable":true,"href":"https:\/\/www.excavatorenginepart.com\/hu\/wp-json\/wp\/v2\/media\/7076"}],"wp:attachment":[{"href":"https:\/\/www.excavatorenginepart.com\/hu\/wp-json\/wp\/v2\/media?parent=7075"}],"wp:term":[{"taxonomy":"product_cat","embeddable":true,"href":"https:\/\/www.excavatorenginepart.com\/hu\/wp-json\/wp\/v2\/product_cat?post=7075"},{"taxonomy":"product_tag","embeddable":true,"href":"https:\/\/www.excavatorenginepart.com\/hu\/wp-json\/wp\/v2\/product_tag?post=7075"},{"taxonomy":"product_category","embeddable":true,"href":"https:\/\/www.excavatorenginepart.com\/hu\/wp-json\/wp\/v2\/product_category?post=7075"}],"curies":[{"name":"wp","href":"https:\/\/api.w.org\/{rel}","templated":true}]}}