{"id":7048,"date":"2022-04-29T09:18:43","date_gmt":"2022-04-29T09:18:43","guid":{"rendered":"https:\/\/www.excavatorenginepart.com\/?post_type=product&#038;p=7048"},"modified":"2022-05-06T08:18:11","modified_gmt":"2022-05-06T08:18:11","slug":"kubota-engine-part-turbocharger-1g544-17013","status":"publish","type":"product","link":"https:\/\/www.excavatorenginepart.com\/hu\/product\/kubota-engine-part-turbocharger-1g544-17013\/","title":{"rendered":"Kubota motoralkatr\u00e9sz turb\u00f3felt\u00f6lt\u0151 1G544-17013"},"content":{"rendered":"<p>Kubota motoralkatr\u00e9sz turb\u00f3felt\u00f6lt\u0151 1G544-17013\u00a0<\/p>\n<p>Turbocharger 1G544-17013\u00a0is fitting on\u00a0<strong>Kubota V3800T engines<\/strong>, \u00a0This engine is used for\u00a0<strong>SDLG excavator engine<\/strong><strong>,\u00a0<\/strong>A turbocharger is actually an air compressor that compresses air to increase air intake.It is the use of engine exhaust from inertial force to push the turbine indoor turbine, turbine and drive the coaxial impeller, the impeller pressure to send by air filter pipe sent by air, pressurized into the cylinder.When the engine speed increases, exhaust gas discharge speed and turbine speed synchronization also increase, the impeller to compress more air into the cylinder, air pressure and density increase to burn more fuel, a corresponding increase in fuel quantity and adjust the rotating speed of engine, can increase the output power of the engine. SDLG equipment parts including\u00a0<strong>SDLG excavator spare parts<\/strong>, \u00a0<strong>SDLG loader spare parts<\/strong>\u00a0, SDLG grader spare parts , have any querions, please send mail to our company ,we will reply at first time .\u00a0<br \/>\nTurbocharger 1G544-17013\u00a0Specifications\u00a0<\/p>\n<p>Part Number 49189-00910<\/p>\n<p>Previous versions 4918900910, 49189-00900<br \/>\nOEM Part Number 16533-17011, 1653317011, 1G544-17012, 1G54417012, 1G544-17013<br \/>\nDescription Industrial, Earth Moving excavartor SDLG\u00a0<br \/>\nCHRA 49189-08110\u00a0<br \/>\nTurbo Model TD04HL-13GK, TD04HL-13GK-8.5<br \/>\nEngine Model V3800, DI-T A47GT, D3502<br \/>\nBearing Housing 49189-26400 (Oil Cooled)<br \/>\nTurbine Wheel 49189-30100<br \/>\nComp. Wheel 49189-40200<br \/>\nRepair Kit 49189-84000\u00a0<br \/>\nTurbine Housing 49189-15700<br \/>\nCompressor Cover 49189-50320<br \/>\nTurbine Housing AR 6.0<\/p>\n<p>Company Profile\u00a0<\/p>\n<p>Jining Kunpeng Construction Machinery Equipment Co., Ltd. was established in 2013 with a registered capital of 200 million yuan,\u00a0the existing staff of 36 people, is engaged in engineering machinery products and accessories, specialized companies,<\/p>\n<p>with independentimport and export rights. The main agent of Komatsu excavators and bulldozers,\u00a0Shantui bulldozer electrical products, Donaldson air filter products; Japanese ( Mitshubishi, Komatsu, Isuzu, Kubota, Yanmar ) engine machine and spare parts;\u00a0Cummins, Deutz diesel engine spare parts, Marine and generator diesel engine spare parts,\u00a0On firewood, Weichai, large diesel engine accessories; selling well-known brands hydraulic pumps, motors, hydraulic valves.\u00a0Companies and domestic excavator manufacturing plant ( Sany, Lianzhong Branch, Hill redevelopment machine, SDLG, Strong Construction Machinery Co., Ltd.,\u00a0Foton Lovol, Shandong liShide ) in close cooperation, has successfully supportingJapanese electronics products, Donaldson air filter,\u00a0excavator cab, mufflers, Danfoss Auto products, DSE, COMAP, WOODWARD CONTROLLER and other products,\u00a0with high quality products and perfect after-sales service, won the manufacturers of high praise.<br \/>\nDetailed Pictures For Turbocharger\u00a0<\/p>\n<p><img fetchpriority=\"high\" decoding=\"async\" class=\"alignnone wp-image-7050 size-full\" src=\"https:\/\/www.excavatorenginepart.com\/wp-content\/uploads\/2022\/04\/Kubota-engine-part-turbocharger-1G544-17013-01.jpg\" alt=\"\" width=\"534\" height=\"495\" srcset=\"https:\/\/www.excavatorenginepart.com\/wp-content\/uploads\/2022\/04\/Kubota-engine-part-turbocharger-1G544-17013-01.jpg 534w, https:\/\/www.excavatorenginepart.com\/wp-content\/uploads\/2022\/04\/Kubota-engine-part-turbocharger-1G544-17013-01-300x278.jpg 300w\" sizes=\"(max-width: 534px) 100vw, 534px\" \/><\/p>\n<p>TD04HL-13GK 49189-00910 16533-17011 1G544-17013 Turbo Turbocharger For Kubota Earth Moving V3800<\/p>\n<p><img decoding=\"async\" class=\"alignnone wp-image-7051 size-full\" src=\"https:\/\/www.excavatorenginepart.com\/wp-content\/uploads\/2022\/04\/Kubota-engine-part-turbocharger-1G544-17013-02.jpg\" alt=\"\" width=\"528\" height=\"492\" srcset=\"https:\/\/www.excavatorenginepart.com\/wp-content\/uploads\/2022\/04\/Kubota-engine-part-turbocharger-1G544-17013-02.jpg 528w, https:\/\/www.excavatorenginepart.com\/wp-content\/uploads\/2022\/04\/Kubota-engine-part-turbocharger-1G544-17013-02-300x280.jpg 300w\" sizes=\"(max-width: 528px) 100vw, 528px\" \/><\/p>\n<p style=\"font-weight: 400;\"><strong>1G544-17013 for \u00a0SDLG excavator engines<\/strong><\/p>\n<p style=\"font-weight: 400;\"><strong>Turbocharger of Excavators Diesel Engines\u00a0<\/strong><\/p>\n<table style=\"font-weight: 400;\">\n<tbody>\n<tr>\n<td width=\"99\">\n<p>turbocharger model<\/p>\n<\/td>\n<td width=\"122\">\n<p>part number<\/p>\n<\/td>\n<td width=\"100\">\n<p>matched engine<\/p>\n<\/td>\n<td width=\"144\">\n<p>matched vehicle<\/p>\n<\/td>\n<td width=\"86\">\n<p>note<\/p>\n<\/td>\n<\/tr>\n<tr>\n<td width=\"99\">\n<p>TA3103<\/p>\n<\/td>\n<td width=\"122\">\n<p>6205-81<\/p>\n<\/td>\n<td width=\"100\">\n<p>S4D95<\/p>\n<\/td>\n<td width=\"144\">\n<p>KOMATSU PC100-5 PC120-5<\/p>\n<\/td>\n<td width=\"86\">\n<p>&nbsp;<\/p>\n<\/td>\n<\/tr>\n<tr>\n<td width=\"99\">\n<p>TO4B53<\/p>\n<\/td>\n<td width=\"122\">\n<p>6137-82-8200<\/p>\n<\/td>\n<td width=\"100\">\n<p>S6D105<\/p>\n<\/td>\n<td width=\"144\">\n<p>KOMATSU PC200-3<\/p>\n<\/td>\n<td width=\"86\">\n<p>&nbsp;<\/p>\n<\/td>\n<\/tr>\n<tr>\n<td width=\"99\">\n<p>TO4B59<\/p>\n<\/td>\n<td width=\"122\">\n<p>6207-81-8210<\/p>\n<\/td>\n<td width=\"100\">\n<p>S6D95<\/p>\n<\/td>\n<td width=\"144\">\n<p>KOMATSU PC200-5<\/p>\n<\/td>\n<td width=\"86\">\n<p>&nbsp;<\/p>\n<\/td>\n<\/tr>\n<tr>\n<td width=\"99\">\n<p>TA3137<\/p>\n<\/td>\n<td width=\"122\">\n<p>6207-81-8331<\/p>\n<\/td>\n<td width=\"100\">\n<p>S6D95L<\/p>\n<\/td>\n<td width=\"144\">\n<p>KOMATSU PC200-6<\/p>\n<\/td>\n<td width=\"86\">\n<p>&nbsp;<\/p>\n<\/td>\n<\/tr>\n<tr>\n<td width=\"99\">\n<p>HX35<\/p>\n<\/td>\n<td width=\"122\">\n<p>6735-81-8031<\/p>\n<\/td>\n<td width=\"100\">\n<p>S6D102<\/p>\n<\/td>\n<td width=\"144\">\n<p>KOMATSU PC220-6<\/p>\n<\/td>\n<td width=\"86\">\n<p>&nbsp;<\/p>\n<\/td>\n<\/tr>\n<tr>\n<td width=\"99\">\n<p>TO4B08<\/p>\n<\/td>\n<td width=\"122\">\n<p>6222-83-8170<\/p>\n<\/td>\n<td width=\"100\">\n<p>S6D108<\/p>\n<\/td>\n<td width=\"144\">\n<p>KOMATSU PC300-5\/6<\/p>\n<\/td>\n<td width=\"86\">\n<p>&nbsp;<\/p>\n<\/td>\n<\/tr>\n<tr>\n<td width=\"99\">\n<p>TA51<\/p>\n<\/td>\n<td width=\"122\">\n<p>6152-82-8210<\/p>\n<\/td>\n<td width=\"100\">\n<p>S6D125<\/p>\n<\/td>\n<td width=\"144\">\n<p>KOMATSU PC400-3\/5<\/p>\n<\/td>\n<td width=\"86\">\n<p>&nbsp;<\/p>\n<\/td>\n<\/tr>\n<tr>\n<td width=\"99\">\n<p>TD04-15G<\/p>\n<\/td>\n<td width=\"122\">\n<p>49189-00501<\/p>\n<\/td>\n<td width=\"100\">\n<p>4BD1 4BG1<\/p>\n<\/td>\n<td width=\"144\">\n<p>HITACHI 120<\/p>\n<\/td>\n<td width=\"86\">\n<p>&nbsp;<\/p>\n<\/td>\n<\/tr>\n<tr>\n<td width=\"99\">\n<p>RHC7<\/p>\n<\/td>\n<td width=\"122\">\n<p>114400-2100<\/p>\n<\/td>\n<td width=\"100\">\n<p>6BD1T<\/p>\n<\/td>\n<td width=\"144\">\n<p>HITACHI EX200-1<\/p>\n<\/td>\n<td width=\"86\">\n<p>&nbsp;<\/p>\n<\/td>\n<\/tr>\n<tr>\n<td width=\"99\">\n<p>EX200-2<\/p>\n<\/td>\n<td width=\"122\">\n<p>114400-2720<\/p>\n<\/td>\n<td width=\"100\">\n<p>6BD1T<\/p>\n<\/td>\n<td width=\"144\">\n<p>HITACHI EX200-2<\/p>\n<\/td>\n<td width=\"86\">\n<p>&nbsp;<\/p>\n<\/td>\n<\/tr>\n<tr>\n<td width=\"99\">\n<p>EX200-5<\/p>\n<\/td>\n<td width=\"122\">\n<p>114400-3320<\/p>\n<\/td>\n<td width=\"100\">\n<p>6BG10054<\/p>\n<\/td>\n<td width=\"144\">\n<p>HITACHI EX200-5<\/p>\n<\/td>\n<td width=\"86\">\n<p>&nbsp;<\/p>\n<\/td>\n<\/tr>\n<tr>\n<td width=\"99\">\n<p>EX300-1<\/p>\n<\/td>\n<td width=\"122\">\n<p>24100-1440<\/p>\n<\/td>\n<td width=\"100\">\n<p>EP100<\/p>\n<\/td>\n<td width=\"144\">\n<p>HITACHI EX300-1<\/p>\n<\/td>\n<td width=\"86\">\n<p>&nbsp;<\/p>\n<\/td>\n<\/tr>\n<tr>\n<td width=\"99\">\n<p>EX300-3<\/p>\n<\/td>\n<td width=\"122\">\n<p>114400-3340<\/p>\n<\/td>\n<td width=\"100\">\n<p>6BD1<\/p>\n<\/td>\n<td width=\"144\">\n<p>HITACHI EX300-3<\/p>\n<\/td>\n<td width=\"86\">\n<p>&nbsp;<\/p>\n<\/td>\n<\/tr>\n<tr>\n<td width=\"99\">\n<p>TD06H-14C<\/p>\n<\/td>\n<td width=\"122\">\n<p>49179-00451<\/p>\n<\/td>\n<td width=\"100\">\n<p>S6K<\/p>\n<\/td>\n<td width=\"144\">\n<p>CAT E200B<\/p>\n<\/td>\n<td width=\"86\">\n<p>&nbsp;<\/p>\n<\/td>\n<\/tr>\n<tr>\n<td width=\"99\">\n<p>E320B<\/p>\n<\/td>\n<td width=\"122\">\n<p>51-8018<\/p>\n<\/td>\n<td width=\"100\">\n<p>3066<\/p>\n<\/td>\n<td width=\"144\">\n<p>CAT E320B<\/p>\n<\/td>\n<td width=\"86\">\n<p>&nbsp;<\/p>\n<\/td>\n<\/tr>\n<tr>\n<td width=\"99\">\n<p>CAT320<\/p>\n<\/td>\n<td width=\"122\">\n<p>&nbsp;<\/p>\n<\/td>\n<td width=\"100\">\n<p>S6K<\/p>\n<\/td>\n<td width=\"144\">\n<p>CAT CAT320<\/p>\n<\/td>\n<td width=\"86\">\n<p>&nbsp;<\/p>\n<\/td>\n<\/tr>\n<tr>\n<td width=\"99\">\n<p>TA3134<\/p>\n<\/td>\n<td width=\"122\">\n<p>ME088488<\/p>\n<\/td>\n<td width=\"100\">\n<p>6D31<\/p>\n<\/td>\n<td width=\"144\">\n<p>KATO 700-7<\/p>\n<\/td>\n<td width=\"86\">\n<p>&nbsp;<\/p>\n<\/td>\n<\/tr>\n<tr>\n<td width=\"99\">\n<p>TD06H-17A<\/p>\n<\/td>\n<td width=\"122\">\n<p>49175-00428<\/p>\n<\/td>\n<td width=\"100\">\n<p>6D14<\/p>\n<\/td>\n<td width=\"144\">\n<p>KATO 800-7<\/p>\n<\/td>\n<td width=\"86\">\n<p>&nbsp;<\/p>\n<\/td>\n<\/tr>\n<tr>\n<td width=\"99\">\n<p>TD04-13G<\/p>\n<\/td>\n<td width=\"122\">\n<p>ME080442<\/p>\n<\/td>\n<td width=\"100\">\n<p>4D31T<\/p>\n<\/td>\n<td width=\"144\">\n<p>KATO 400-7<\/p>\n<\/td>\n<td width=\"86\">\n<p>&nbsp;<\/p>\n<\/td>\n<\/tr>\n<tr>\n<td width=\"99\">\n<p>6D16<\/p>\n<\/td>\n<td width=\"122\">\n<p>&nbsp;<\/p>\n<\/td>\n<td width=\"100\">\n<p>6D16<\/p>\n<\/td>\n<td width=\"144\">\n<p>KATO 900-5<\/p>\n<\/td>\n<td width=\"86\">\n<p>&nbsp;<\/p>\n<\/td>\n<\/tr>\n<tr>\n<td width=\"99\">\n<p>TD06H-17C<\/p>\n<\/td>\n<td width=\"122\">\n<p>49179-02110<\/p>\n<\/td>\n<td width=\"100\">\n<p>S6D31<\/p>\n<\/td>\n<td width=\"144\">\n<p>KATO 700-5<\/p>\n<\/td>\n<td width=\"86\">\n<p>&nbsp;<\/p>\n<\/td>\n<\/tr>\n<tr>\n<td width=\"99\">\n<p>TD08<\/p>\n<\/td>\n<td width=\"122\">\n<p>ME15464 49188-02161<\/p>\n<\/td>\n<td width=\"100\">\n<p>6D22<\/p>\n<\/td>\n<td width=\"144\">\n<p>KATO 1250-7<\/p>\n<\/td>\n<td width=\"86\">\n<p>&nbsp;<\/p>\n<\/td>\n<\/tr>\n<tr>\n<td width=\"99\">\n<p>TD05-10A<\/p>\n<\/td>\n<td width=\"122\">\n<p>49178-00550<\/p>\n<\/td>\n<td width=\"100\">\n<p>4D31T<\/p>\n<\/td>\n<td width=\"144\">\n<p>KATO 400450<\/p>\n<\/td>\n<td width=\"86\">\n<p>&nbsp;<\/p>\n<\/td>\n<\/tr>\n<tr>\n<td width=\"99\">\n<p>TD04<\/p>\n<\/td>\n<td width=\"122\">\n<p>49189-00800<\/p>\n<\/td>\n<td width=\"100\">\n<p>4BD1<\/p>\n<\/td>\n<td width=\"144\">\n<p>Sumitomo 120<\/p>\n<\/td>\n<td width=\"86\">\n<p>&nbsp;<\/p>\n<\/td>\n<\/tr>\n<tr>\n<td width=\"99\">\n<p>S200<\/p>\n<\/td>\n<td width=\"122\">\n<p>114400-2720<\/p>\n<\/td>\n<td width=\"100\">\n<p>6BD1T<\/p>\n<\/td>\n<td width=\"144\">\n<p>Sumitomo 200<\/p>\n<\/td>\n<td width=\"86\">\n<p>&nbsp;<\/p>\n<\/td>\n<\/tr>\n<tr>\n<td width=\"99\">\n<p>TE06H-16M<\/p>\n<\/td>\n<td width=\"122\">\n<p>49185-01020<\/p>\n<\/td>\n<td width=\"100\">\n<p>6D34<\/p>\n<\/td>\n<td width=\"144\">\n<p>Shinko 200-6 KATO820<\/p>\n<\/td>\n<td width=\"86\">\n<p>&nbsp;<\/p>\n<\/td>\n<\/tr>\n<tr>\n<td width=\"99\">\n<p>TE06H-12M<\/p>\n<\/td>\n<td width=\"122\">\n<p>49185-01010<\/p>\n<\/td>\n<td width=\"100\">\n<p>6D34<\/p>\n<\/td>\n<td width=\"144\">\n<p>&nbsp;<\/p>\n<\/td>\n<td width=\"86\">\n<p>&nbsp;<\/p>\n<\/td>\n<\/tr>\n<tr>\n<td width=\"99\">\n<p>8DC90<\/p>\n<\/td>\n<td width=\"122\">\n<p>49166-50100<\/p>\n<\/td>\n<td width=\"100\">\n<p>6D22<\/p>\n<\/td>\n<td width=\"144\">\n<p>&nbsp;<\/p>\n<\/td>\n<td width=\"86\">\n<p>&nbsp;<\/p>\n<\/td>\n<\/tr>\n<tr>\n<td width=\"99\">\n<p>TD07-9<\/p>\n<\/td>\n<td width=\"122\">\n<p>49187-00271<\/p>\n<\/td>\n<td width=\"100\">\n<p>6D14<\/p>\n<\/td>\n<td width=\"144\">\n<p>&nbsp;<\/p>\n<\/td>\n<td width=\"86\">\n<p>&nbsp;<\/p>\n<\/td>\n<\/tr>\n<tr>\n<td width=\"99\">\n<p>TB4150<\/p>\n<\/td>\n<td width=\"122\">\n<p>114400-1070<\/p>\n<\/td>\n<td width=\"100\">\n<p>6BD1T<\/p>\n<\/td>\n<td width=\"144\">\n<p>Shinko 280<\/p>\n<\/td>\n<td width=\"86\">\n<p>&nbsp;<\/p>\n<\/td>\n<\/tr>\n<tr>\n<td width=\"99\">\n<p>RHE6<\/p>\n<\/td>\n<td width=\"122\">\n<p>RHE6Q30-543-1<\/p>\n<\/td>\n<td width=\"100\">\n<p>6114<\/p>\n<\/td>\n<td width=\"144\">\n<p>Loader<\/p>\n<\/td>\n<td width=\"86\">\n<p>&nbsp;<\/p>\n<\/td>\n<\/tr>\n<tr>\n<td rowspan=\"2\" width=\"99\">\n<p>RHE6<\/p>\n<\/td>\n<td rowspan=\"2\" width=\"122\">\n<p>RHE6Q30-543Z-1<\/p>\n<\/td>\n<td rowspan=\"2\" width=\"100\">\n<p>6114<\/p>\n<\/td>\n<td width=\"144\">\n<p>Loader<\/p>\n<\/td>\n<td rowspan=\"2\" width=\"86\">\n<p>&nbsp;<\/p>\n<\/td>\n<\/tr>\n<tr>\n<td width=\"144\">\n<p>6135<\/p>\n<\/td>\n<\/tr>\n<tr>\n<td width=\"99\">\n<p>T-170<\/p>\n<\/td>\n<td width=\"122\">\n<p>&nbsp;<\/p>\n<\/td>\n<td width=\"100\">\n<p>&nbsp;<\/p>\n<\/td>\n<td width=\"144\">\n<p>russia 1710dozer<\/p>\n<\/td>\n<td width=\"86\">\n<p>&nbsp;<\/p>\n<\/td>\n<\/tr>\n<tr>\n<td width=\"99\">\n<p>S2BG<\/p>\n<\/td>\n<td width=\"122\">\n<p>02102-0362<\/p>\n<\/td>\n<td width=\"100\">\n<p>DEUTZ 1013<\/p>\n<\/td>\n<td width=\"144\">\n<p>FAW<\/p>\n<\/td>\n<td width=\"86\">\n<p>&nbsp;<\/p>\n<\/td>\n<\/tr>\n<tr>\n<td width=\"99\">\n<p>75Z<\/p>\n<\/td>\n<td width=\"122\">\n<p>23D04-0314<\/p>\n<\/td>\n<td width=\"100\">\n<p>DEUTZ 913\/912<\/p>\n<\/td>\n<td width=\"144\">\n<p>&nbsp;<\/p>\n<\/td>\n<td width=\"86\">\n<p>&nbsp;<\/p>\n<\/td>\n<\/tr>\n<tr>\n<td width=\"99\">\n<p>S2B<\/p>\n<\/td>\n<td width=\"122\">\n<p>317809<\/p>\n<\/td>\n<td width=\"100\">\n<p>16G01-0215<\/p>\n<\/td>\n<td width=\"144\">\n<p>&nbsp;<\/p>\n<\/td>\n<td width=\"86\">\n<p>160PS<\/p>\n<\/td>\n<\/tr>\n<tr>\n<td width=\"99\">\n<p>EX200<\/p>\n<\/td>\n<td width=\"122\">\n<p>&nbsp;<\/p>\n<\/td>\n<td width=\"100\">\n<p>Sumitomo 200<\/p>\n<\/td>\n<td width=\"144\">\n<p>&nbsp;<\/p>\n<\/td>\n<td width=\"86\">\n<p>&nbsp;<\/p>\n<\/td>\n<\/tr>\n<tr>\n<td width=\"99\">\n<p>FD46<\/p>\n<\/td>\n<td width=\"122\">\n<p>&nbsp;<\/p>\n<\/td>\n<td width=\"100\">\n<p>NISSON<\/p>\n<\/td>\n<td width=\"144\">\n<p>&nbsp;<\/p>\n<\/td>\n<td width=\"86\">\n<p>130PS<\/p>\n<\/td>\n<\/tr>\n<tr>\n<td width=\"99\">\n<p>RHE6<\/p>\n<\/td>\n<td width=\"122\">\n<p>RHE6Q25-543Z-2<\/p>\n<\/td>\n<td width=\"100\">\n<p>D6114<\/p>\n<\/td>\n<td width=\"144\">\n<p>&nbsp;<\/p>\n<\/td>\n<td width=\"86\">\n<p>&nbsp;<\/p>\n<\/td>\n<\/tr>\n<tr>\n<td width=\"99\">\n<p>422<\/p>\n<\/td>\n<td width=\"122\">\n<p>466721-12<\/p>\n<\/td>\n<td width=\"100\">\n<p>OM422<\/p>\n<\/td>\n<td width=\"144\">\n<p>BENZ<\/p>\n<\/td>\n<td width=\"86\">\n<p>&nbsp;<\/p>\n<\/td>\n<\/tr>\n<tr>\n<td width=\"99\">\n<p>441<\/p>\n<\/td>\n<td width=\"122\">\n<p>&nbsp;<\/p>\n<\/td>\n<td width=\"100\">\n<p>OM441<\/p>\n<\/td>\n<td width=\"144\">\n<p>BENZ<\/p>\n<\/td>\n<td width=\"86\">\n<p>&nbsp;<\/p>\n<\/td>\n<\/tr>\n<tr>\n<td width=\"99\">\n<p>J56<\/p>\n<\/td>\n<td width=\"122\">\n<p>&nbsp;<\/p>\n<\/td>\n<td width=\"100\">\n<p>WD4105<\/p>\n<\/td>\n<td width=\"144\">\n<p>&nbsp;<\/p>\n<\/td>\n<td width=\"86\">\n<p>1500-1800RPM<\/p>\n<\/td>\n<\/tr>\n<tr>\n<td width=\"99\">\n<p>J65<\/p>\n<\/td>\n<td width=\"122\">\n<p>&nbsp;<\/p>\n<\/td>\n<td width=\"100\">\n<p>485,495<\/p>\n<\/td>\n<td width=\"144\">\n<p>&nbsp;<\/p>\n<\/td>\n<td width=\"86\">\n<p>&nbsp;<\/p>\n<\/td>\n<\/tr>\n<tr>\n<td width=\"99\">\n<p>HIJ-1<\/p>\n<\/td>\n<td width=\"122\">\n<p>6105<\/p>\n<\/td>\n<td width=\"100\">\n<p>LR6105ZJ51<\/p>\n<\/td>\n<td width=\"144\">\n<p>&nbsp;<\/p>\n<\/td>\n<td width=\"86\">\n<p>&nbsp;<\/p>\n<\/td>\n<\/tr>\n<tr>\n<td width=\"99\">\n<p>HX30W<\/p>\n<\/td>\n<td width=\"122\">\n<p>3592121<\/p>\n<\/td>\n<td width=\"100\">\n<p>4D102<\/p>\n<\/td>\n<td width=\"144\">\n<p>&nbsp;<\/p>\n<\/td>\n<td width=\"86\">\n<p>&nbsp;<\/p>\n<\/td>\n<\/tr>\n<tr>\n<td width=\"99\">\n<p>TB28<\/p>\n<\/td>\n<td width=\"122\">\n<p>73000-5009<\/p>\n<\/td>\n<td width=\"100\">\n<p>4110<\/p>\n<\/td>\n<td width=\"144\">\n<p>&nbsp;<\/p>\n<\/td>\n<td width=\"86\">\n<p>&nbsp;<\/p>\n<\/td>\n<\/tr>\n<tr>\n<td width=\"99\">\n<p>PC300<\/p>\n<\/td>\n<td width=\"122\">\n<p>SAA601081<\/p>\n<\/td>\n<td width=\"100\">\n<p>&nbsp;<\/p>\n<\/td>\n<td width=\"144\">\n<p>KOMATSU<\/p>\n<\/td>\n<td width=\"86\">\n<p>&nbsp;<\/p>\n<\/td>\n<\/tr>\n<tr>\n<td width=\"99\">\n<p>VOLVO<\/p>\n<\/td>\n<td width=\"122\">\n<p>S200 043Z<\/p>\n<\/td>\n<td width=\"100\">\n<p>VOLVO<\/p>\n<\/td>\n<td width=\"144\">\n<p>210<\/p>\n<\/td>\n<td width=\"86\">\n<p>&nbsp;<\/p>\n<\/td>\n<\/tr>\n<tr>\n<td width=\"99\">\n<p>HX35<\/p>\n<\/td>\n<td width=\"122\">\n<p>3597913<\/p>\n<\/td>\n<td width=\"100\">\n<p>CUMMINS<\/p>\n<\/td>\n<td width=\"144\">\n<p>210ps<\/p>\n<\/td>\n<td width=\"86\">\n<p>&nbsp;<\/p>\n<\/td>\n<\/tr>\n<tr>\n<td width=\"99\">\n<p>80J-3<\/p>\n<\/td>\n<td width=\"122\">\n<p>&nbsp;<\/p>\n<\/td>\n<td width=\"100\">\n<p>6105<\/p>\n<\/td>\n<td width=\"144\">\n<p>&nbsp;<\/p>\n<\/td>\n<td width=\"86\">\n<p>&nbsp;<\/p>\n<\/td>\n<\/tr>\n<tr>\n<td width=\"99\">\n<p>KTP8.5H3<\/p>\n<\/td>\n<td width=\"122\">\n<p>&nbsp;<\/p>\n<\/td>\n<td width=\"100\">\n<p>RUSSIA HARVEST<\/p>\n<\/td>\n<td width=\"144\">\n<p>&nbsp;<\/p>\n<\/td>\n<td width=\"86\">\n<p>&nbsp;<\/p>\n<\/td>\n<\/tr>\n<tr>\n<td width=\"99\">\n<p>KTP8.5H1<\/p>\n<\/td>\n<td width=\"122\">\n<p>&nbsp;<\/p>\n<\/td>\n<td width=\"100\">\n<p>RUSSIA HARVEST<\/p>\n<\/td>\n<td width=\"144\">\n<p>&nbsp;<\/p>\n<\/td>\n<td width=\"86\">\n<p>&nbsp;<\/p>\n<\/td>\n<\/tr>\n<tr>\n<td width=\"99\">\n<p>RHF5<\/p>\n<\/td>\n<td width=\"122\">\n<p>8970385181<\/p>\n<\/td>\n<td width=\"100\">\n<p>ISUZU 4JG2<\/p>\n<\/td>\n<td width=\"144\">\n<p>&nbsp;<\/p>\n<\/td>\n<td width=\"86\">\n<p>IHI<\/p>\n<\/td>\n<\/tr>\n<tr>\n<td width=\"99\">\n<p>TBP4 20<\/p>\n<\/td>\n<td width=\"122\">\n<p>4665153<\/p>\n<\/td>\n<td width=\"100\">\n<p>ISUZU<\/p>\n<\/td>\n<td width=\"144\">\n<p>&nbsp;<\/p>\n<\/td>\n<td width=\"86\">\n<p>&nbsp;<\/p>\n<\/td>\n<\/tr>\n<\/tbody>\n<\/table>\n<p style=\"font-weight: 400;\">We Can Supplied Diesel Engine Parts :<br \/>\nD\u00edzelmotorok: d\u00edzelmotorok: Cummins d\u00edzelmotor, Weichai d\u00edzelmotor, Shangchai d\u00edzelmotor, Komatsu d\u00edzelmotor, Yanmar d\u00edzelmotor.\u00a0<\/p>\n<p style=\"font-weight: 400;\">Kotr\u00f3g\u00e9p alkatr\u00e9szek: kotr\u00f3g\u00e9p motoralkatr\u00e9sz, kotr\u00f3g\u00e9p fut\u00f3m\u0171alkatr\u00e9szek, kotr\u00f3g\u00e9p v\u00e9ghajt\u00e1s, kotr\u00f3g\u00e9p f\u0151szelep, kotr\u00f3g\u00e9p hidraulikaszivatty\u00fa.\u00a0<\/p>\n<p style=\"font-weight: 400;\">Motoralkatr\u00e9szek: Cummins motoralkatr\u00e9sz, Deutz motoralkatr\u00e9sz, Volvo motoralkatr\u00e9sz, Caterpiller motoralkatr\u00e9sz, Kubota motoralkatr\u00e9sz, Yanmar motoralkatr\u00e9sz, Isuzu motoralkatr\u00e9sz, Mitsubishi motoralkatr\u00e9sz, Perkins motoralkatr\u00e9sz, Komatsu motoralkatr\u00e9sz, Wechai motoralkatr\u00e9sz, Shangchai motoralkatr\u00e9sz, Yuchai motoralkatr\u00e9sz.\u00a0<\/p>\n<p style=\"font-weight: 400;\">Successfully Cooperating Clients Case\u00a0<\/p>\n<p style=\"font-weight: 400;\">Iran-Mitsubishi Marine Engine Spare Parts<\/p>","protected":false},"excerpt":{"rendered":"<p>Kubota engine part turbocharger 1G544-17013\u00a0 Turbocharger 1G544-17013\u00a0is fitting on\u00a0Kubota V3800T engines, \u00a0This engine is used for\u00a0SDLG excavator engine,\u00a0A turbocharger is actually an air compressor that compresses air to increase air intake.It is the use of engine exhaust from inertial force to push the turbine indoor turbine, turbine and drive the coaxial impeller, the impeller pressure [&hellip;]<\/p>","protected":false},"featured_media":7049,"menu_order":0,"comment_status":"closed","ping_status":"closed","template":"","meta":{"_seopress_robots_primary_cat":"","_seopress_titles_title":"","_seopress_titles_desc":"","_seopress_robots_index":"","om_disable_all_campaigns":false,"_mi_skip_tracking":false,"_monsterinsights_sitenote_active":false,"_monsterinsights_sitenote_note":"","_monsterinsights_sitenote_category":0},"product_cat":[],"product_tag":[],"product_category":[117],"class_list":{"0":"post-7048","1":"product","2":"type-product","3":"status-publish","4":"has-post-thumbnail","6":"product_category-kubota-engine-part","8":"first","9":"instock","10":"shipping-taxable","11":"product-type-simple"},"acf":[],"_links":{"self":[{"href":"https:\/\/www.excavatorenginepart.com\/hu\/wp-json\/wp\/v2\/product\/7048","targetHints":{"allow":["GET"]}}],"collection":[{"href":"https:\/\/www.excavatorenginepart.com\/hu\/wp-json\/wp\/v2\/product"}],"about":[{"href":"https:\/\/www.excavatorenginepart.com\/hu\/wp-json\/wp\/v2\/types\/product"}],"replies":[{"embeddable":true,"href":"https:\/\/www.excavatorenginepart.com\/hu\/wp-json\/wp\/v2\/comments?post=7048"}],"wp:featuredmedia":[{"embeddable":true,"href":"https:\/\/www.excavatorenginepart.com\/hu\/wp-json\/wp\/v2\/media\/7049"}],"wp:attachment":[{"href":"https:\/\/www.excavatorenginepart.com\/hu\/wp-json\/wp\/v2\/media?parent=7048"}],"wp:term":[{"taxonomy":"product_cat","embeddable":true,"href":"https:\/\/www.excavatorenginepart.com\/hu\/wp-json\/wp\/v2\/product_cat?post=7048"},{"taxonomy":"product_tag","embeddable":true,"href":"https:\/\/www.excavatorenginepart.com\/hu\/wp-json\/wp\/v2\/product_tag?post=7048"},{"taxonomy":"product_category","embeddable":true,"href":"https:\/\/www.excavatorenginepart.com\/hu\/wp-json\/wp\/v2\/product_category?post=7048"}],"curies":[{"name":"wp","href":"https:\/\/api.w.org\/{rel}","templated":true}]}}