{"id":6648,"date":"2022-04-21T01:37:11","date_gmt":"2022-04-21T01:37:11","guid":{"rendered":"https:\/\/www.excavatorenginepart.com\/?post_type=product&#038;p=6648"},"modified":"2022-12-19T13:14:00","modified_gmt":"2022-12-19T13:14:00","slug":"so15599-nta855-c360s10-cummins-diesel-enigne-for-shantui-sd32-bulldozer","status":"publish","type":"product","link":"https:\/\/www.excavatorenginepart.com\/hu\/product\/so15599-nta855-c360s10-cummins-diesel-enigne-for-shantui-sd32-bulldozer\/","title":{"rendered":"SO15599 NTA855-C360S10 Cummins Diesel Enigne a Shantui SD32 buld\u00f3zer sz\u00e1m\u00e1ra"},"content":{"rendered":"<h2>Shantui SD32 bulldozer \u00a0cummins engines \u00a0<\/h2>\n<p>Cummins diesele engines are fitting on many famous\u00a0<strong>industrial machinery<\/strong>\u00a0. We can supplied new<strong>\u00a0geniune cummins engines<\/strong>\u00a0\u00e9s\u00a0<strong>reproducting cummins diesel engine assebly<\/strong>\u00a0, we can provide cummins spare parts from Chinese factory with high quanlity and low cost . If you have any inquiry ,please send the engine nameplate to us, we will confirmed the correct\u00a0<strong>cummins parts number\u00a0<\/strong>from cummin CEPC system , provide offer to you asap .\u00a0<\/p>\n<p><strong>Cummins diesel engine NTA855-C360S10 Technical Specification<\/strong><\/p>\n<table border=\"1\" cellspacing=\"0\" cellpadding=\"0\">\n<tbody>\n<tr>\n<td>Bore*stroke<\/td>\n<td>140 mm* 152mm<\/td>\n<\/tr>\n<tr>\n<td>Intake method<\/td>\n<td>Turbocharged and Change Air Cooled<\/td>\n<\/tr>\n<tr>\n<td>Fuel systeme<\/td>\n<td>Cummins PT pump<\/td>\n<\/tr>\n<tr>\n<td>Cooling method<\/td>\n<td>Fluid Cooling 20.8L<\/td>\n<\/tr>\n<tr>\n<td>Governor Type<\/td>\n<td>Electrical Control<\/td>\n<\/tr>\n<tr>\n<td>Idle speed<\/td>\n<td>600<\/td>\n<\/tr>\n<tr>\n<td>Starting System<\/td>\n<td>Electrical Starting Motor 24V\/750A,12V\/500A<\/td>\n<\/tr>\n<tr>\n<td width=\"410\">Lowest Starting Temp .(without\/with auxiliary systemE)<\/td>\n<td>-12\u2103\/-25\u2103\u00a0<\/td>\n<\/tr>\n<\/tbody>\n<\/table>\n<p><strong>Cummins diesel engine NTA855-C360S10 \u00a0Informations\u00a0<\/strong><\/p>\n<p>Warranty time: \u00a02 year<br \/>\nEngine Size(L*W*H): \u00a01690mm*960mm*1600mm<br \/>\nWeight net: 1303 Kg<br \/>\nDelivery port : Shanghai\/Qingdao\/Tianjin<br \/>\nDelivary time : 7 working days<br \/>\nTrade termes: \u00a0FOB\/CIF\/CNP<br \/>\nPayement termes: \u00a0T\/T,L\/C,West Union<\/p>\n<p><img fetchpriority=\"high\" decoding=\"async\" class=\"alignnone wp-image-6650 size-full\" src=\"https:\/\/www.excavatorenginepart.com\/wp-content\/uploads\/2022\/04\/SO15599-NTA855-C360S10-Cummins-Diesel-Enigne-for-Shantui-SD32-Bulldozer-01.jpg\" alt=\"\" width=\"590\" height=\"547\" srcset=\"https:\/\/www.excavatorenginepart.com\/wp-content\/uploads\/2022\/04\/SO15599-NTA855-C360S10-Cummins-Diesel-Enigne-for-Shantui-SD32-Bulldozer-01.jpg 590w, https:\/\/www.excavatorenginepart.com\/wp-content\/uploads\/2022\/04\/SO15599-NTA855-C360S10-Cummins-Diesel-Enigne-for-Shantui-SD32-Bulldozer-01-300x278.jpg 300w\" sizes=\"(max-width: 590px) 100vw, 590px\" \/><\/p>\n<p><img decoding=\"async\" class=\"alignnone wp-image-6651 size-full\" src=\"https:\/\/www.excavatorenginepart.com\/wp-content\/uploads\/2022\/04\/SO15599-NTA855-C360S10-Cummins-Diesel-Enigne-for-Shantui-SD32-Bulldozer-02.jpg\" alt=\"\" width=\"590\" height=\"562\" srcset=\"https:\/\/www.excavatorenginepart.com\/wp-content\/uploads\/2022\/04\/SO15599-NTA855-C360S10-Cummins-Diesel-Enigne-for-Shantui-SD32-Bulldozer-02.jpg 590w, https:\/\/www.excavatorenginepart.com\/wp-content\/uploads\/2022\/04\/SO15599-NTA855-C360S10-Cummins-Diesel-Enigne-for-Shantui-SD32-Bulldozer-02-300x286.jpg 300w\" sizes=\"(max-width: 590px) 100vw, 590px\" \/><\/p>\n<p><img decoding=\"async\" class=\"alignnone wp-image-6652 size-full\" src=\"https:\/\/www.excavatorenginepart.com\/wp-content\/uploads\/2022\/04\/SO15599-NTA855-C360S10-Cummins-Diesel-Enigne-for-Shantui-SD32-Bulldozer-03.jpg\" alt=\"\" width=\"590\" height=\"549\" srcset=\"https:\/\/www.excavatorenginepart.com\/wp-content\/uploads\/2022\/04\/SO15599-NTA855-C360S10-Cummins-Diesel-Enigne-for-Shantui-SD32-Bulldozer-03.jpg 590w, https:\/\/www.excavatorenginepart.com\/wp-content\/uploads\/2022\/04\/SO15599-NTA855-C360S10-Cummins-Diesel-Enigne-for-Shantui-SD32-Bulldozer-03-300x279.jpg 300w\" sizes=\"(max-width: 590px) 100vw, 590px\" \/><\/p>\n<p data-spm-anchor-id=\"a2700.details.0.i32.28c668bfBpd9dk\">Cummins nta855-c360s10 c280s10 engine assy<\/p>\n<p>CUMMINS ENGINE NT855-C280S10 NTA855-C360S10 for SHANTUI BULLDOZER SD22 SD32<\/p>\n<p>CUMMINS ENGINE NT855-C280 NTA855-C360 for SHANTUI BULLDOZER SD22 SD32<\/p>\n<p>Cummins NTA855-C360 NT855-C360S10 Engine for Bulldozer Shantui SD32<\/p>\n<p>cummins NT855-C280 NT855-C280S10 Engine for SHANTUI TY220<\/p>\n<p>cummins NT855-C280 NT855-C280S10 Engine for Bulldozer Shantui SD22<\/p>\n<p>CUMMINS NT855-C280 NTA855-C360\u00a0 NTA855-C400 Diesel engine for bulldozer<\/p>\n<p>CUMMINS NT855-C280S10 \/ NTA855-C360S10 \/NTA855-C360 \/NTA855-C400S20 \/ NTA855-C400 Diesel engine for bulldozer<\/p>\n<p>We can offer cummins industrial and construction engine<br \/>\nM11,NT855,NTA855,KTA19,KT38,KTA38,KTA50,QSK19,QSK38<\/p>\n<p>CUMMINS NT855-C280S20 \/ NTA855-C310S20 \/NTA855-C360S20 \/NTA855-C400S20 \/ NTA855-C400 Diesel engine for highway<\/p>\n<p>NT855-C280 NTA855-C310 NTA855-C400 NTA855-C360 NTA855-C420 cummins engine for trailer puller tensioner Soil Stabilizer Recycler<\/p>\n<p>Tov\u00e1bbi inform\u00e1ci\u00f3, l\u00e9pjen kapcsolatba vel\u00fcnk.\u00a0<\/p>\n<p><span style=\"color: #ff0000;\"><strong>WhatsApp, Wechat : 0086 15553722299\u00a0<\/strong><\/span><\/p>\n<p>&nbsp;<\/p>\n<p>&nbsp;<\/p>","protected":false},"excerpt":{"rendered":"<p>Shantui SD32 bulldozer \u00a0cummins engines \u00a0 Cummins diesele engines are fitting on many famous\u00a0industrial machinery\u00a0. We can supplied new\u00a0geniune cummins engines\u00a0and\u00a0reproducting cummins diesel engine assebly\u00a0, we can provide cummins spare parts from Chinese factory with high quanlity and low cost . If you have any inquiry ,please send the engine nameplate to us, we will [&hellip;]<\/p>","protected":false},"featured_media":6649,"menu_order":0,"comment_status":"closed","ping_status":"closed","template":"","meta":{"_seopress_robots_primary_cat":"","_seopress_titles_title":"","_seopress_titles_desc":"","_seopress_robots_index":"","om_disable_all_campaigns":false,"_mi_skip_tracking":false,"_monsterinsights_sitenote_active":false,"_monsterinsights_sitenote_note":"","_monsterinsights_sitenote_category":0},"product_cat":[],"product_tag":[],"product_category":[107],"class_list":{"0":"post-6648","1":"product","2":"type-product","3":"status-publish","4":"has-post-thumbnail","6":"product_category-cummins-diesel-engine","8":"first","9":"instock","10":"shipping-taxable","11":"product-type-simple"},"acf":[],"_links":{"self":[{"href":"https:\/\/www.excavatorenginepart.com\/hu\/wp-json\/wp\/v2\/product\/6648","targetHints":{"allow":["GET"]}}],"collection":[{"href":"https:\/\/www.excavatorenginepart.com\/hu\/wp-json\/wp\/v2\/product"}],"about":[{"href":"https:\/\/www.excavatorenginepart.com\/hu\/wp-json\/wp\/v2\/types\/product"}],"replies":[{"embeddable":true,"href":"https:\/\/www.excavatorenginepart.com\/hu\/wp-json\/wp\/v2\/comments?post=6648"}],"wp:featuredmedia":[{"embeddable":true,"href":"https:\/\/www.excavatorenginepart.com\/hu\/wp-json\/wp\/v2\/media\/6649"}],"wp:attachment":[{"href":"https:\/\/www.excavatorenginepart.com\/hu\/wp-json\/wp\/v2\/media?parent=6648"}],"wp:term":[{"taxonomy":"product_cat","embeddable":true,"href":"https:\/\/www.excavatorenginepart.com\/hu\/wp-json\/wp\/v2\/product_cat?post=6648"},{"taxonomy":"product_tag","embeddable":true,"href":"https:\/\/www.excavatorenginepart.com\/hu\/wp-json\/wp\/v2\/product_tag?post=6648"},{"taxonomy":"product_category","embeddable":true,"href":"https:\/\/www.excavatorenginepart.com\/hu\/wp-json\/wp\/v2\/product_category?post=6648"}],"curies":[{"name":"wp","href":"https:\/\/api.w.org\/{rel}","templated":true}]}}