{"id":6942,"date":"2022-04-29T06:02:09","date_gmt":"2022-04-29T06:02:09","guid":{"rendered":"https:\/\/www.excavatorenginepart.com\/?post_type=product&#038;p=6942"},"modified":"2022-05-06T08:22:03","modified_gmt":"2022-05-06T08:22:03","slug":"final-drive-travel-motor-for-excavator","status":"publish","type":"product","link":"https:\/\/www.excavatorenginepart.com\/es_mx\/product\/motor-de-desplazamiento-final-para-excavadora\/","title":{"rendered":"Motor de traslaci\u00f3n de transmisi\u00f3n final para excavadora"},"content":{"rendered":"<p>Motor de traslaci\u00f3n de transmisi\u00f3n final para excavadora\u00a0<\/p>\n<p>En<strong>\u00a0transmisi\u00f3n final travel moto<\/strong><strong>r\u00a0<\/strong>consta de un motor de marcha (tipo \u00e9mbolo, que convierte la energ\u00eda hidr\u00e1ulica en energ\u00eda cin\u00e9tica de rotaci\u00f3n) y una parte de desaceleraci\u00f3n (reducci\u00f3n secundaria de engranajes). Hay dos transmisiones finales en la m\u00e1quina, izquierda y derecha.El motor es muy similar en estructura a la bomba.Como el dispositivo de salida de potencia del sistema hidr\u00e1ulico, no empuja el aceite hidr\u00e1ulico como una bomba, sino que es impulsado por el aceite hidr\u00e1ulico de alta presi\u00f3n y genera par y movimiento rotatorio continuo.La parte de desaceleraci\u00f3n de la transmisi\u00f3n final se desacelera principalmente a trav\u00e9s del engranaje planetario secundario. Podemos suministrar\u00a0<strong>Nuevo motor de desplazamiento de transmisi\u00f3n final original\u00a0<\/strong>tambi\u00e9n puede encontrar el<strong>\u00a0Reproducci\u00f3n del motor de desplazamiento de la transmisi\u00f3n final<\/strong>\u00a0en base a las consultas de nuestros clientes, Muchos\u00a0<strong>Recambios hidr\u00e1ulicos f<\/strong>o Transmisi\u00f3n final y motores de desplazamiento. \u00a0<\/p>\n<p>Motor de traslaci\u00f3n de transmisi\u00f3n final para excavadora Modelo y marca\u00a0<\/p>\n<p><strong>1. Para Excavadora Komatsu<\/strong>\u00a0: PC20, PC30, PC25, PC18, PC30, PC40, PC55, PC50UR, PC60, PC75, PC78, PC90, PC100, PC110, PC120, PC130-6, PC140, PC150-5, PC160, PC180, PC200-6,PC220,PC210,PC230,PC240,PC260,PC280,PC300,PC320,PC360,PC380,PC400,PC420,PC450-7, PC650,PC650-8,PC710-5 PC1000-1,PC1250<\/p>\n<p><strong>2. Para excavadora Hitachi<\/strong><strong>\u00a0:<\/strong>\u00a0EX25, EX30UR-2, EX35,EX40, EX45UU, EX50, EX60, EX75, EX90, EX100, EX55, EX120, EX160-1, EX200-2, EX210-5, EX220-6, EX270 UH07-7O\/N, UH55,EX330, EX320-3 EX360,EX400, ZAXIS55, ZAXIS60, ZAXIS90, ZAXIS70, ZAXIS100-1, ZAXIS110-2, ZXXIS120, ZAXIS160, ZAXIS200-1, ZAXIS210 ZAXIS230 ZAXIS230-5 ZAXIS240 ZAXIS330 ZAXIS360 ZAXIS450<\/p>\n<p><b>3. Para excavadora Kato :\u00a0<\/b>HD250SE-2, HD250-5\/7, HD300GS, HD307, HD350, HD400G, KD400SE-2, HD400SEN2, HD400-5\/7 HD450-5\/7, HD510, HD512, HD550-5\/7, HD700-2\/5, HD700-7, HD770-1, HD770-2, HD800-5, HD800-7, HD820-1\/2\/3 ,HD880, HD850, HD900-5\/7, HD1023, HD1220SE-2, HD1250-5, HD1430, HD1880-7, HD900-7, HD1880\u00a0<\/p>\n<p><strong>4.<\/strong>\u00a0<strong>Para excavadora Kobelco\u00a0<\/strong>: K30, SK45, SK80, K903, K904, K904B, K907B, K907C, K907D, SK50, SK120, SK60, SK75UR, SK07, SK027, SK04N2, SK07N2, SK09, SK100, SK200, SK200-5, SK200-6, SK120-3, SK120-6 , SK120LC, SK210, SK220, SK380, SK310, SK450, SK230, SK260, SK280 , SK250, SK07-N2, SK320, SK330, SK360, SK330-6, SK330-8, SK210-8, SK230-6E, SK250-6, SK250-8, SK450-6, SK450-8, SK480-6<br \/>\n<strong>5. Para Excavadora Sumitomo :<\/strong>\u00a0SH55, SH60, SH75, SH90, SH100, SH120-1\/2\/3\/5,SH160, SH180, SH200-1\/A3 SH220 SH300-2 LS2650FJ-2 LS2800CJ\/DJ\/EJ\/FJ-2 LS2800FJ2 LS2800F2 LS3400EA LS3400FJ LS5800FJ, LS4300FJ2, LS5800C2, SC800,SC1000<\/p>\n<p><strong>6.\u00a0<\/strong><strong>Para Doosan\/Daewoo Excavadora :<\/strong>\u00a0Solar S55 DH55-5, S60, SOLAR 130, SOLAR140,SOLAR160, DH220-2, DH220-3, DH220-5, DH220-9E, DH225-7 DH280-3, DH320, DH320-2\/3, DH450, DH130-7, DH280, DH330, DH360-5\u00a0<\/p>\n<p><strong>7.\u00a0<\/strong>\u00a0<strong>Para Volvo Excavadora :<\/strong>\u00a0EC55, EC60, EC70, EC75, EC90, EC110, EC120, EC130 ,EC160, EC210B, EC240B, EC240B, EC260B, EC280, EC290B, EC320, EC360B, EC380, EC420, EC460B<\/p>\n<p><strong>8. Para Caterpillar CAT Excavadora :\u00a0<\/strong>E235-B, E235-D, E245-B, E245-D, E307, E311B, E312C, E312CL, E315C, E315CL, E318B, E320, E320L, E322, E325, E330, E350, E375, E450\u00a0<\/p>\n<p><strong>9.\u00a0<\/strong><strong>Para excavadora Yanmar :\u00a0<\/strong>B50-, B5X,B6-3, B6U,B7-3, B7U, SV05, SV08 , SV13, SV15, SV08-1, Vio10, Vio15, Vio20, Vio75, VIO85, VIO90, VIO50, VIO57, VIO45-2, VIO35, VIO55<\/p>\n<p><strong>10. Para excavadora Kubota\u00a0<\/strong>: MX331, MX337, MX341, E50, E32, E35, E43, E80, MX325, MX328, MX334, MX430, E26, E62, E45, E38, MXE32\u00a0<\/p>\n<p><strong>11.\u00a0<\/strong><strong>Para excavadora IHI :\u00a0<\/strong>\u00a0IHI25, IHI35, IHI45, IHI55, IHI60, IHI80, IHI75, IHI100, IHI120, IHI140, IHI160, IHI175, IHI185\u00a0<\/p>\n<p><strong>12. Motor de recorrido final KYB KAYABA<\/strong>\u00a0: KYB MAG-18VP-250F-1, MAG-18VP-350F-4, MAG-33VP-550F-10, MAG-85VP-1800-11, MAG-85VP-2600E-1, MAG-170VP-3400E-7, MAG-17VP-3600F-5.<\/p>\n<p><strong>13.\u00a0<\/strong><strong>Nabotesco\u00a0<\/strong><strong>Accionamiento final Recorrido Motor<\/strong><strong>\u00a0:<\/strong>\u00a0GM18VL, GM21VA-A-45\/76-1,GM24VL, GM35VL,GM38VL2-A-87\/135-3,GM50VA,GM60VA,GM85VA,KF106,KF160,KF270<b>\u00a0<\/b><\/p>\n<p><b>14.Nachi \u00a0\u00a0<strong>Accionamiento final Recorrido Motor<\/strong><strong>\u00a0<\/strong>:\u00a0<\/b>PHV-1B,PHV-2B,PHV-3B,PHV-4B-60B-P-9067A,PHV-390\u00a0<\/p>\n<p><img fetchpriority=\"high\" decoding=\"async\" class=\"alignnone wp-image-6945 size-full\" src=\"https:\/\/www.excavatorenginepart.com\/wp-content\/uploads\/2022\/04\/Final-Drive-Travel-Motor-For-Excavator-01.jpg\" alt=\"\" width=\"527\" height=\"501\" srcset=\"https:\/\/www.excavatorenginepart.com\/wp-content\/uploads\/2022\/04\/Final-Drive-Travel-Motor-For-Excavator-01.jpg 527w, https:\/\/www.excavatorenginepart.com\/wp-content\/uploads\/2022\/04\/Final-Drive-Travel-Motor-For-Excavator-01-300x285.jpg 300w\" sizes=\"(max-width: 527px) 100vw, 527px\" \/><\/p>\n<p><strong>Sumitomo excavadora transmisi\u00f3n final para SH135,SH160,SH200,SH280,Sumitomo final drive motor parts<\/strong><\/p>\n<p><img decoding=\"async\" class=\"alignnone wp-image-6946 size-full\" src=\"https:\/\/www.excavatorenginepart.com\/wp-content\/uploads\/2022\/04\/Final-Drive-Travel-Motor-For-Excavator-02.jpg\" alt=\"\" width=\"525\" height=\"502\" srcset=\"https:\/\/www.excavatorenginepart.com\/wp-content\/uploads\/2022\/04\/Final-Drive-Travel-Motor-For-Excavator-02.jpg 525w, https:\/\/www.excavatorenginepart.com\/wp-content\/uploads\/2022\/04\/Final-Drive-Travel-Motor-For-Excavator-02-300x287.jpg 300w\" sizes=\"(max-width: 525px) 100vw, 525px\" \/><\/p>\n<p><strong>VOLVO EC290 EXCAVADOR FINAL DRIVE,EC290BLC TRAVEL MOTOR Para 14521691 14522894\u00a0<\/strong><\/p>\n<p><strong>Nuestros recambios para motores Advatager\u00a0<br \/>\n<\/strong><\/p>\n<p>Podemos suministrar piezas del motor :<\/p>\n<p>1. Piezas de motor Komatsu\u00a0<\/p>\n<p>2. Piezas de motor diesel Cummins A1700,2300,B3.3 4B3.9,6BTA5.9,6CTA8.3,M11,NTA855,KTA19,KTA38,KTAA50,QSK60\u00a0<\/p>\n<p>3. Piezas de motores diesel Deutz \/Volvo\u00a0<\/p>\n<p>4. Piezas de motor Isuzu,Mitsubishi,Yanmar,Kubota<\/p>\n<p>5. Piezas de motores diesel Weichai \u00a0<\/p>\n<p>6. Piezas de motor diesel Shangchai\/ Caterpillar\u00a0<\/p>\n<p><img decoding=\"async\" class=\"alignnone wp-image-6947 size-full\" src=\"https:\/\/www.excavatorenginepart.com\/wp-content\/uploads\/2022\/04\/Final-Drive-Travel-Motor-For-Excavator-03.jpg\" alt=\"\" width=\"528\" height=\"503\" srcset=\"https:\/\/www.excavatorenginepart.com\/wp-content\/uploads\/2022\/04\/Final-Drive-Travel-Motor-For-Excavator-03.jpg 528w, https:\/\/www.excavatorenginepart.com\/wp-content\/uploads\/2022\/04\/Final-Drive-Travel-Motor-For-Excavator-03-300x286.jpg 300w\" sizes=\"(max-width: 528px) 100vw, 528px\" \/><\/p>\n<p><strong>GM09 excavadora FINAL DRIVE GM09 TRAVEL MOTOR reductor de velocidad\u00a0<\/strong><\/p>","protected":false},"excerpt":{"rendered":"<p>Final Drive Travel Motor For Excavator\u00a0 The\u00a0final drive \u00a0travel motor\u00a0consists of a walking motor (plunger type, which converts hydraulic energy into rotational kinetic energy) and a decelerating part (secondary gear reduction). There are two final drives on the machine, left and right.The motor is very similar in structure to the pump.As the power output device [&hellip;]<\/p>","protected":false},"featured_media":6944,"menu_order":0,"comment_status":"closed","ping_status":"closed","template":"","meta":{"_seopress_robots_primary_cat":"","_seopress_titles_title":"","_seopress_titles_desc":"","_seopress_robots_index":"","om_disable_all_campaigns":false,"_mi_skip_tracking":false,"_monsterinsights_sitenote_active":false,"_monsterinsights_sitenote_note":"","_monsterinsights_sitenote_category":0},"product_cat":[],"product_tag":[],"product_category":[112],"class_list":{"0":"post-6942","1":"product","2":"type-product","3":"status-publish","4":"has-post-thumbnail","6":"product_category-excavator-final-drive","8":"first","9":"instock","10":"shipping-taxable","11":"product-type-simple"},"acf":[],"_links":{"self":[{"href":"https:\/\/www.excavatorenginepart.com\/es_mx\/wp-json\/wp\/v2\/product\/6942","targetHints":{"allow":["GET"]}}],"collection":[{"href":"https:\/\/www.excavatorenginepart.com\/es_mx\/wp-json\/wp\/v2\/product"}],"about":[{"href":"https:\/\/www.excavatorenginepart.com\/es_mx\/wp-json\/wp\/v2\/types\/product"}],"replies":[{"embeddable":true,"href":"https:\/\/www.excavatorenginepart.com\/es_mx\/wp-json\/wp\/v2\/comments?post=6942"}],"wp:featuredmedia":[{"embeddable":true,"href":"https:\/\/www.excavatorenginepart.com\/es_mx\/wp-json\/wp\/v2\/media\/6944"}],"wp:attachment":[{"href":"https:\/\/www.excavatorenginepart.com\/es_mx\/wp-json\/wp\/v2\/media?parent=6942"}],"wp:term":[{"taxonomy":"product_cat","embeddable":true,"href":"https:\/\/www.excavatorenginepart.com\/es_mx\/wp-json\/wp\/v2\/product_cat?post=6942"},{"taxonomy":"product_tag","embeddable":true,"href":"https:\/\/www.excavatorenginepart.com\/es_mx\/wp-json\/wp\/v2\/product_tag?post=6942"},{"taxonomy":"product_category","embeddable":true,"href":"https:\/\/www.excavatorenginepart.com\/es_mx\/wp-json\/wp\/v2\/product_category?post=6942"}],"curies":[{"name":"wp","href":"https:\/\/api.w.org\/{rel}","templated":true}]}}