{"id":6911,"date":"2022-04-29T02:12:45","date_gmt":"2022-04-29T02:12:45","guid":{"rendered":"https:\/\/www.excavatorenginepart.com\/?post_type=product&#038;p=6911"},"modified":"2022-05-06T08:23:18","modified_gmt":"2022-05-06T08:23:18","slug":"volvo-1042-02181-excavator-parts-ec290b-hydraulic-pumps","status":"publish","type":"product","link":"https:\/\/www.excavatorenginepart.com\/es_mx\/product\/volvo-1042-02181-excavator-parts-ec290b-hydraulic-pumps\/","title":{"rendered":"Volvo (1042-02181) Recambios Excavadora EC290B Bombas Hidr\u00e1ulicas"},"content":{"rendered":"<p style=\"font-weight: 400;\">Bomba principal de excavadora Volvo EC290B (1042-02181) Bomba hidr\u00e1ulica EC290\u00a0<\/p>\n<p style=\"font-weight: 400;\">EC290 (14524052), EC290B (1042-02180), EC290B (14524052), EC290B (7220-00601), EC290B (14531591), EC290B (1042-04751), EC290B (1042-04752),Bomba hidr\u00e1ulica para excavadora EC210\u00a0<\/p>\n<p style=\"font-weight: 400;\"><strong>Bomba principal de excavadora Volvo EC290B (1042-02181)\u00a0<\/strong>\u00a0se fabrica en Janpan . La bomba de \u00e9mbolo tiene alta precisi\u00f3n, buen rendimiento de sellado, alta presi\u00f3n de trabajo, por lo que es ampliamente utilizada.Sin embargo, tiene estructura compleja, fabricaci\u00f3n de alta precisi\u00f3n, alto precio y es sensible a la contaminaci\u00f3n del aceite.La bomba de \u00e9mbolo axial es el eje del \u00e9mbolo cilindro paralelo y se mueve a lo largo de la direcci\u00f3n axial.El \u00e9mbolo de la bomba de \u00e9mbolo radial es perpendicular al eje de distribuci\u00f3n de aceite y se mueve a lo largo de la direcci\u00f3n radial. Estos dos tipos de bombas se pueden utilizar como motores hidr\u00e1ulicos. Podemos suministrar bombas hidr\u00e1ulicas para excavadoras de Corea y Jap\u00f3n, piezas para motores de excavadoras y piezas para trenes de rodaje de excavadoras.\u00a0<\/p>\n<p style=\"font-weight: 400;\">Especificaciones de la bomba principal de la excavadora Volvo EC290B (1042-02181)\u00a0<\/p>\n<p style=\"font-weight: 400;\">Marca: kawasaki, Corea del Sur<\/p>\n<p style=\"font-weight: 400;\">Origen: Corea importaci\u00f3n original\u00a0<\/p>\n<p style=\"font-weight: 400;\">Capacidad: 112 ML<\/p>\n<p style=\"font-weight: 400;\">Presi\u00f3n nominal: 34,3 (35) Mpa<\/p>\n<p style=\"font-weight: 400;\">Presi\u00f3n m\u00e1xima: 39,2 (40) Mpa<\/p>\n<p style=\"font-weight: 400;\">Velocidad de autocebado: 2360r\/min<\/p>\n<p style=\"font-weight: 400;\">Velocidad m\u00e1xima: 2700r\/min<\/p>\n<p style=\"font-weight: 400;\">Material: Aleaci\u00f3n<\/p>\n<p style=\"font-weight: 400;\">Medio de trabajo: aceite hidr\u00e1ulico de alta calidad<\/p>\n<p style=\"font-weight: 400;\">\u00c1mbito de aplicaci\u00f3n: la mayor\u00eda de las marcas de bombas de hormig\u00f3n, gr\u00faas, perforadoras rotativas y otra maquinaria de construcci\u00f3n.<\/p>\n<p style=\"font-weight: 400;\">Nuestra empresa ventaja hidr\u00e1ulica kawasaki corea productos<\/p>\n<p style=\"font-weight: 400;\">Bombas de pistones y motores hidr\u00e1ulicos de la serie KAWASAKI\u00a0<\/p>\n<ol>\n<li style=\"font-weight: 400;\">Serie K3V :K3V63DT\/BDT.K3V112DT\/BDT.K3V140DT.K3V180DT<\/li>\n<li style=\"font-weight: 400;\">Serie NV :NV45.NV50.NV64.NV84.NV90.NV111.NV137. NV172.NV237. NV270.NVK45\u00a0<\/li>\n<li style=\"font-weight: 400;\">Serie KVC :KVC925.KVC930.KVC932\u00a0<\/li>\n<li style=\"font-weight: 400;\">M2X Series :M2X55.M2X63.M2X96.M2X120.M2X146.M2X150.M2X170.M2X210\u00a0<\/li>\n<li style=\"font-weight: 400;\">Serie MX :MX50.MX150.MX170.MX173\u00a0<\/li>\n<li style=\"font-weight: 400;\">Serie M5X :M5X130.M5X160.M5X180<\/li>\n<\/ol>\n<p style=\"font-weight: 400;\"><strong>Bomba hidr\u00e1ulica K3V112DT KAWASAKI DOOSAN\u00a0\u00a0<br \/>\n<\/strong>\u00c1mbito de aplicaci\u00f3n:<\/p>\n<p style=\"font-weight: 400;\"><strong>Bomba principal de excavadora para maquinaria de construcci\u00f3n<\/strong><\/p>\n<p style=\"font-weight: 400;\"><strong>Serie K3V-DT K3V63\/112\/140\/180DT<\/strong><\/p>\n<p style=\"font-weight: 400;\"><strong>Bomba hidr\u00e1ulica K3V112DT KAWASAKI VOLVO\u00a0<\/strong><\/p>\n<table style=\"font-weight: 400;\">\n<tbody>\n<tr>\n<td>\n<p>K3V63DT<\/p>\n<\/td>\n<td>\n<p>SK04-N2\/45\/100\/120, HE130W<\/p>\n<\/td>\n<td>\n<p>2924530-0203\/38501-151<\/p>\n<\/td>\n<\/tr>\n<tr>\n<td>\n<p>K3V63DT<\/p>\n<\/td>\n<td>\n<p>R1300LC\/-3,R130W\/-3<\/p>\n<\/td>\n<td>\n<p>2943800424<\/p>\n<\/td>\n<\/tr>\n<tr>\n<td>\n<p>K3V63DT<\/p>\n<\/td>\n<td>\n<p>R1300W,HX60W-2,EC140W<\/p>\n<\/td>\n<td>\n<p>2953801625<\/p>\n<\/td>\n<\/tr>\n<tr>\n<td>\n<p>K3V63DT<\/p>\n<\/td>\n<td>\n<p>R160LC-3,R130LC\/-3<\/p>\n<\/td>\n<td>\n<p>2953801742<\/p>\n<\/td>\n<\/tr>\n<tr>\n<td>\n<p>K3V63DT<\/p>\n<\/td>\n<td>\n<p>S120W,S150M,S130-3\/5<\/p>\n<\/td>\n<td>\n<p>29238752732<\/p>\n<\/td>\n<\/tr>\n<tr>\n<td>\n<p>K3V63DT<\/p>\n<\/td>\n<td>\n<p>S130W,S120-V,S130-V<\/p>\n<\/td>\n<td>\n<p>2943800426<\/p>\n<\/td>\n<\/tr>\n<tr>\n<td>\n<p>K3V63DT<\/p>\n<\/td>\n<td>\n<p>S130-2,S130(N),315<\/p>\n<\/td>\n<td>\n<p>2933800889<\/p>\n<\/td>\n<\/tr>\n<tr>\n<td>\n<p>K3V63DT<\/p>\n<\/td>\n<td>\n<p>SE130LC-3,SE130W\/-3,MX132LC-2<\/p>\n<\/td>\n<td>\n<p>2953801624<\/p>\n<\/td>\n<\/tr>\n<tr>\n<td>\n<p>K3V63DT<\/p>\n<\/td>\n<td>\n<p>MX6W,MX135W,MX135LCM<\/p>\n<\/td>\n<td>\n<p>2953801623<\/p>\n<\/td>\n<\/tr>\n<tr>\n<td>\n<p>K3V112DT<\/p>\n<\/td>\n<td>\n<p>K3V112DT<\/p>\n<\/td>\n<td>\n<p>2953801894<\/p>\n<\/td>\n<\/tr>\n<tr>\n<td>\n<p>K3V112DT<\/p>\n<\/td>\n<td>\n<p>KAWASAKI<\/p>\n<\/td>\n<td>\n<p>2953801893<\/p>\n<\/td>\n<\/tr>\n<tr>\n<td>\n<p>K3V112DT<\/p>\n<\/td>\n<td>\n<p>SK07-II\/N2\/200\/-II\/-III,SK220\/-III<\/p>\n<\/td>\n<td>\n<p>3853802464\/38901-151<\/p>\n<\/td>\n<\/tr>\n<tr>\n<td>\n<p>K3V112DT<\/p>\n<\/td>\n<td>\n<p>HD700\/720V2\/770\/800-2\/1023<\/p>\n<\/td>\n<td>\n<p>2943800463<\/p>\n<\/td>\n<\/tr>\n<tr>\n<td>\n<p>K3V112DT<\/p>\n<\/td>\n<td>\n<p>R200LC\/2\/M,R210LC,HX80N<\/p>\n<\/td>\n<td>\n<p>2953801765<\/p>\n<\/td>\n<\/tr>\n<tr>\n<td>\n<p>K3V112DT<\/p>\n<\/td>\n<td>\n<p>R200\/W,R2000,R2000W\/2<\/p>\n<\/td>\n<td>\n<p>68710-00-211<\/p>\n<\/td>\n<\/tr>\n<tr>\n<td>\n<p>K3V112DT<\/p>\n<\/td>\n<td>\n<p>HX80,R2200LC-3,R2200W<\/p>\n<\/td>\n<td>\n<p>29238809990<\/p>\n<\/td>\n<\/tr>\n<tr>\n<td>\n<p>K3V112DT<\/p>\n<\/td>\n<td>\n<p>R220LC-3,R2000W-2,SE240LC\/-3<\/p>\n<\/td>\n<td>\n<p>2933800774<\/p>\n<\/td>\n<\/tr>\n<tr>\n<td>\n<p>K3V112DT<\/p>\n<\/td>\n<td>\n<p>R2000W-3,R200E,K907-II,HE220LC<\/p>\n<\/td>\n<td>\n<p>2933800982<\/p>\n<\/td>\n<\/tr>\n<tr>\n<td>\n<p>K3V112DT<\/p>\n<\/td>\n<td>\n<p>S220-3, S220LC,S170,S170-3<\/p>\n<\/td>\n<td>\n<p>2933800883<\/p>\n<\/td>\n<\/tr>\n<tr>\n<td>\n<p>K3V112DT<\/p>\n<\/td>\n<td>\n<p>S220LC-3,S220LC-V,S220-LL<\/p>\n<\/td>\n<td>\n<p>124569A<\/p>\n<\/td>\n<\/tr>\n<tr>\n<td>\n<p>K3V112DT<\/p>\n<\/td>\n<td>\n<p>MX8-2, MX222,MX202W,MX255<\/p>\n<\/td>\n<td>\n<p>2953801764<\/p>\n<\/td>\n<\/tr>\n<tr>\n<td>\n<p>K3V112DT<\/p>\n<\/td>\n<td>\n<p>SE210W-2,MX225,SE210LC\/-2\/-3<\/p>\n<\/td>\n<td>\n<p>2953801769<\/p>\n<\/td>\n<\/tr>\n<tr>\n<td>\n<p>K3V112BDT<\/p>\n<\/td>\n<td>\n<p>K3V112BDT<\/p>\n<\/td>\n<td>\n<p>&nbsp;<\/p>\n<\/td>\n<\/tr>\n<tr>\n<td>\n<p>K3V112BDT<\/p>\n<\/td>\n<td>\n<p>KAWASAKI<\/p>\n<\/td>\n<td>\n<p>&nbsp;<\/p>\n<\/td>\n<\/tr>\n<tr>\n<td>\n<p>K3V112BDT<\/p>\n<\/td>\n<td>\n<p>SK200-5<\/p>\n<\/td>\n<td>\n<p>&nbsp;<\/p>\n<\/td>\n<\/tr>\n<tr>\n<td>\n<p>K3V140DT<\/p>\n<\/td>\n<td>\n<p>K3V140DT<\/p>\n<\/td>\n<td>\n<p>2953802069<\/p>\n<\/td>\n<\/tr>\n<tr>\n<td>\n<p>K3V140DT<\/p>\n<\/td>\n<td>\n<p>KAWASAKI<\/p>\n<\/td>\n<td>\n<p>2953802068<\/p>\n<\/td>\n<\/tr>\n<tr>\n<td>\n<p>K3V140DT<\/p>\n<\/td>\n<td>\n<p>SK300\/-II\/400-II,K916<\/p>\n<\/td>\n<td>\n<p>3853802468<\/p>\n<\/td>\n<\/tr>\n<tr>\n<td>\n<p>K3V140DT<\/p>\n<\/td>\n<td>\n<p>R912, R916,SE280LC\/-2<\/p>\n<\/td>\n<td>\n<p>2943800488<\/p>\n<\/td>\n<\/tr>\n<tr>\n<td>\n<p>K3V140DT<\/p>\n<\/td>\n<td>\n<p>HD1200\/SE2\/1800<\/p>\n<\/td>\n<td>\n<p>2953801840<\/p>\n<\/td>\n<\/tr>\n<tr>\n<td>\n<p>K3V140DT<\/p>\n<\/td>\n<td>\n<p>R280LC, R290LC\/-3,HX100(N)<\/p>\n<\/td>\n<td>\n<p>371A00AA-124<\/p>\n<\/td>\n<\/tr>\n<tr>\n<td>\n<p>K3V140DT<\/p>\n<\/td>\n<td>\n<p>R2800, R2800LC,R320LC\/-3<\/p>\n<\/td>\n<td>\n<p>29238936908<\/p>\n<\/td>\n<\/tr>\n<tr>\n<td>\n<p>K3V140DT<\/p>\n<\/td>\n<td>\n<p>R3000, R3200LC,HX100,R2800LC<\/p>\n<\/td>\n<td>\n<p>2933800890<\/p>\n<\/td>\n<\/tr>\n<tr>\n<td>\n<p>K3V140DT<\/p>\n<\/td>\n<td>\n<p>R2800KLC,R2900LC-3,R290<\/p>\n<\/td>\n<td>\n<p>2933801058<\/p>\n<\/td>\n<\/tr>\n<tr>\n<td>\n<p>K3V140DT<\/p>\n<\/td>\n<td>\n<p>R3300LC-3,R4500LC-3<\/p>\n<\/td>\n<td>\n<p>2933800903<\/p>\n<\/td>\n<\/tr>\n<tr>\n<td>\n<p>K3V140DT<\/p>\n<\/td>\n<td>\n<p>S280LC\/-3\/-5,S280(N)<\/p>\n<\/td>\n<td>\n<p>2933800902<\/p>\n<\/td>\n<\/tr>\n<tr>\n<td>\n<p>K3V140DT<\/p>\n<\/td>\n<td>\n<p>S290-V,S290LC<\/p>\n<\/td>\n<td>\n<p>2953801841<\/p>\n<\/td>\n<\/tr>\n<tr>\n<td>\n<p>K3V140DT<\/p>\n<\/td>\n<td>\n<p>MX10-2\/292\/LC,HE280<\/p>\n<\/td>\n<td>\n<p>2953801842<\/p>\n<\/td>\n<\/tr>\n<tr>\n<td>\n<p>K3V180DT<\/p>\n<\/td>\n<td>\n<p>K3V180DT<\/p>\n<\/td>\n<td>\n<p>2953802227<\/p>\n<\/td>\n<\/tr>\n<tr>\n<td>\n<p>K3V180DT<\/p>\n<\/td>\n<td>\n<p>KAWASAKI<\/p>\n<\/td>\n<td>\n<p>2953802226<\/p>\n<\/td>\n<\/tr>\n<tr>\n<td>\n<p>K3V180DT<\/p>\n<\/td>\n<td>\n<p>EX400LC-3<\/p>\n<\/td>\n<td>\n<p>3853802466\/38B00-151<\/p>\n<\/td>\n<\/tr>\n<tr>\n<td>\n<p>K3V180DT<\/p>\n<\/td>\n<td>\n<p>SK20, SK300-3<\/p>\n<\/td>\n<td>\n<p>2943800488<\/p>\n<\/td>\n<\/tr>\n<tr>\n<td>\n<p>K3V180DT<\/p>\n<\/td>\n<td>\n<p>HD400-II\/1250V2<\/p>\n<\/td>\n<td>\n<p>2953801840<\/p>\n<\/td>\n<\/tr>\n<tr>\n<td>\n<p>K3V180DT<\/p>\n<\/td>\n<td>\n<p>HD1250SEV\/1880V2<\/p>\n<\/td>\n<td>\n<p>371A00AA-124<\/p>\n<\/td>\n<\/tr>\n<tr>\n<td>\n<p>K3V180DT<\/p>\n<\/td>\n<td>\n<p>E450,E650,MX14\/-2,SE350<\/p>\n<\/td>\n<td>\n<p>29238936908<\/p>\n<\/td>\n<\/tr>\n<tr>\n<td>\n<p>K3V180DT<\/p>\n<\/td>\n<td>\n<p>R360LC-3,R420-3<\/p>\n<\/td>\n<td>\n<p>2933800890<\/p>\n<\/td>\n<\/tr>\n<tr>\n<td>\n<p>K3V180DT<\/p>\n<\/td>\n<td>\n<p>R450LC-3,R3600LC-3<\/p>\n<\/td>\n<td>\n<p>2933800903<\/p>\n<\/td>\n<\/tr>\n<\/tbody>\n<\/table>\n<p><img fetchpriority=\"high\" decoding=\"async\" class=\"alignnone wp-image-6913 size-full\" src=\"https:\/\/www.excavatorenginepart.com\/wp-content\/uploads\/2022\/04\/Volvo-1042-02181-Excavator-Parts-EC290B-Hydraulic-Pumps-01.jpg\" alt=\"\" width=\"593\" height=\"552\" srcset=\"https:\/\/www.excavatorenginepart.com\/wp-content\/uploads\/2022\/04\/Volvo-1042-02181-Excavator-Parts-EC290B-Hydraulic-Pumps-01.jpg 593w, https:\/\/www.excavatorenginepart.com\/wp-content\/uploads\/2022\/04\/Volvo-1042-02181-Excavator-Parts-EC290B-Hydraulic-Pumps-01-300x279.jpg 300w\" sizes=\"(max-width: 593px) 100vw, 593px\" \/><\/p>\n<p>KAWASAKI K3V112DT K3V63DT SBS120 Bomba hidr\u00e1ulica principal para EC210B E320C EX200 SK200 PC200-7 PC300 SH120 Bomba de pist\u00f3n para excavadora<\/p>","protected":false},"excerpt":{"rendered":"<p>Volvo EC290B (1042-02181) Excavator Main Pump EC290 Hydraulic Pump\u00a0 EC290 (14524052), EC290B (1042-02180), EC290B (14524052),\u00a0\u00a0EC290B (7220-00601),\u00a0EC290B (14531591),\u00a0EC290B (1042-04751), EC290B (1042-04752),Excavator Main Pump EC210 Hydraulic Pump\u00a0 Volvo EC290B (1042-02181) Excavator Main Pump\u00a0\u00a0is\u00a0made in Janpan . Piston pump has high precision, good sealing performance, high working pressure, so it is widely used.However, it has complex structure, high [&hellip;]<\/p>","protected":false},"featured_media":6912,"menu_order":0,"comment_status":"closed","ping_status":"closed","template":"","meta":{"_seopress_robots_primary_cat":"","_seopress_titles_title":"","_seopress_titles_desc":"","_seopress_robots_index":"","om_disable_all_campaigns":false,"_mi_skip_tracking":false,"_monsterinsights_sitenote_active":false,"_monsterinsights_sitenote_note":"","_monsterinsights_sitenote_category":0},"product_cat":[],"product_tag":[],"product_category":[111],"class_list":{"0":"post-6911","1":"product","2":"type-product","3":"status-publish","4":"has-post-thumbnail","6":"product_category-excavator-hydraulic-pump","8":"first","9":"instock","10":"shipping-taxable","11":"product-type-simple"},"acf":[],"_links":{"self":[{"href":"https:\/\/www.excavatorenginepart.com\/es_mx\/wp-json\/wp\/v2\/product\/6911","targetHints":{"allow":["GET"]}}],"collection":[{"href":"https:\/\/www.excavatorenginepart.com\/es_mx\/wp-json\/wp\/v2\/product"}],"about":[{"href":"https:\/\/www.excavatorenginepart.com\/es_mx\/wp-json\/wp\/v2\/types\/product"}],"replies":[{"embeddable":true,"href":"https:\/\/www.excavatorenginepart.com\/es_mx\/wp-json\/wp\/v2\/comments?post=6911"}],"wp:featuredmedia":[{"embeddable":true,"href":"https:\/\/www.excavatorenginepart.com\/es_mx\/wp-json\/wp\/v2\/media\/6912"}],"wp:attachment":[{"href":"https:\/\/www.excavatorenginepart.com\/es_mx\/wp-json\/wp\/v2\/media?parent=6911"}],"wp:term":[{"taxonomy":"product_cat","embeddable":true,"href":"https:\/\/www.excavatorenginepart.com\/es_mx\/wp-json\/wp\/v2\/product_cat?post=6911"},{"taxonomy":"product_tag","embeddable":true,"href":"https:\/\/www.excavatorenginepart.com\/es_mx\/wp-json\/wp\/v2\/product_tag?post=6911"},{"taxonomy":"product_category","embeddable":true,"href":"https:\/\/www.excavatorenginepart.com\/es_mx\/wp-json\/wp\/v2\/product_category?post=6911"}],"curies":[{"name":"wp","href":"https:\/\/api.w.org\/{rel}","templated":true}]}}