{"id":6860,"date":"2022-04-22T06:30:30","date_gmt":"2022-04-22T06:30:30","guid":{"rendered":"https:\/\/www.excavatorenginepart.com\/?post_type=product&#038;p=6860"},"modified":"2022-04-22T06:30:30","modified_gmt":"2022-04-22T06:30:30","slug":"generator-spare-parts-voltage-regulator-avr-20a","status":"publish","type":"product","link":"https:\/\/www.excavatorenginepart.com\/es_mx\/product\/recambios-generador-regulador-de-voltaje-avr-20a\/","title":{"rendered":"Recambios para generadores Regulador de tensi\u00f3n AVR-20A"},"content":{"rendered":"<p>Recambios para generadores Regulador de tensi\u00f3n AVR-20A<\/p>\n<p><strong>Regulador de tensi\u00f3n AVR-20A<\/strong>\u00a0se utiliza para\u00a0<strong>Generador y grupo electr\u00f3geno<\/strong>\u00a0. Tenemos\u00a0<strong>AVR-20A AVR<\/strong>\u00a0en nuestro stock habitual\u00a1 AVR\u00a0<strong>GAVR-20A\u00a0<\/strong>es Universal 20 Amp 1\/2 Wave Self Excited Dip- Switch Programmable be Valtage alternador generador, que es adecuado para el generador sin escobillas. AVR (regulador de voltaje) asegura la estabilidad de la tensi\u00f3n de salida del motor mediante el control del tama\u00f1o de la corriente de campo. La salida de tensi\u00f3n alterna del devanado principal de la armadura del generador, despu\u00e9s del muestreo de tensi\u00f3n y filtrado parcial de tensi\u00f3n (U1), se env\u00eda al circuito de comparaci\u00f3n y PID y se compara con la se\u00f1al U2 de la parte dada de la tensi\u00f3n.Si U1 &gt; U2, es decir, la tensi\u00f3n de salida del devanado principal de la armadura es superior al valor de tensi\u00f3n dado, la se\u00f1al de salida U3 del circuito de comparaci\u00f3n y PID se hace m\u00e1s alta.Dado que la parte de amplificaci\u00f3n es una amplificaci\u00f3n de fase inversa, es decir, la salida U4 de la parte de amplificaci\u00f3n ser\u00e1 m\u00e1s baja, reduciendo as\u00ed la corriente de excitaci\u00f3n a trav\u00e9s del tubo amplificador y logrando el prop\u00f3sito de reducir la tensi\u00f3n de salida.Por el contrario, si la tensi\u00f3n de salida disminuye y U1 &lt; U2, el circuito AVR eventualmente aumentar\u00e1 la corriente de excitaci\u00f3n, aumentando as\u00ed la tensi\u00f3n alterna de salida.De esta manera, el circuito AVR ajusta la corriente de excitaci\u00f3n a trav\u00e9s del devanado de excitaci\u00f3n para estabilizar la tensi\u00f3n de salida de acuerdo con el cambio de la tensi\u00f3n alterna de salida.\u00a0<\/p>\n<p>Especificaciones del regulador de tensi\u00f3n AVR-20A\u00a0<\/p>\n<p>Lugar de origen: Chongqing, China (continental)<br \/>\nN\u00famero de modelo: AVR-20A, GAVR-20A<br \/>\nGarant\u00eda: 1 a\u00f1o<br \/>\nColor: Negro<br \/>\nUso: para generadores<br \/>\nNombre del producto: AVR AVR-20A<br \/>\nTipo: AVR GAVR-20A<br \/>\nFunci\u00f3n: AVR-20A AVR<br \/>\nFinalidad: GAVR-20A AVR<br \/>\nPeso bruto: 0,6 KG<br \/>\nTama\u00f1o del embalaje: 17*12,5*8 cm<\/p>\n<p><img fetchpriority=\"high\" decoding=\"async\" class=\"alignnone wp-image-6862 size-full\" src=\"https:\/\/www.excavatorenginepart.com\/wp-content\/uploads\/2022\/04\/Generator-Spare-Parts-Voltage-Regulator-AVR-20A-01.jpg\" alt=\"\" width=\"593\" height=\"547\" srcset=\"https:\/\/www.excavatorenginepart.com\/wp-content\/uploads\/2022\/04\/Generator-Spare-Parts-Voltage-Regulator-AVR-20A-01.jpg 593w, https:\/\/www.excavatorenginepart.com\/wp-content\/uploads\/2022\/04\/Generator-Spare-Parts-Voltage-Regulator-AVR-20A-01-300x277.jpg 300w\" sizes=\"(max-width: 593px) 100vw, 593px\" \/><\/p>\n<p><strong>Regulador de tensi\u00f3n del generador sin escobillas AVR-8A AVR-12A AVR-15A AVR-20A<\/strong><\/p>","protected":false},"excerpt":{"rendered":"<p>Generator Spare Parts Voltage Regulator \u00a0AVR-20A Voltage Regulator \u00a0AVR-20A\u00a0is\u00a0used for\u00a0Generator and gen-set\u00a0.\u00a0We have\u00a0AVR-20A AVR\u00a0in our regular stock!AVR\u00a0GAVR-20A\u00a0is Universal 20 Amp 1\/2 Wave Self Excited Dip- Switch \u00a0Programmable be Valtage alternator generator , which is suitable for brushless generator.\u00a0AVR(voltage regulator) ensures the stability of motor output voltage by controlling the size of field current. The ac [&hellip;]<\/p>","protected":false},"featured_media":6861,"menu_order":0,"comment_status":"closed","ping_status":"closed","template":"","meta":{"_seopress_robots_primary_cat":"","_seopress_titles_title":"","_seopress_titles_desc":"","_seopress_robots_index":"","om_disable_all_campaigns":false,"_mi_skip_tracking":false,"_monsterinsights_sitenote_active":false,"_monsterinsights_sitenote_note":"","_monsterinsights_sitenote_category":0},"product_cat":[],"product_tag":[],"product_category":[132],"class_list":{"0":"post-6860","1":"product","2":"type-product","3":"status-publish","4":"has-post-thumbnail","6":"product_category-generator-avr","8":"first","9":"instock","10":"shipping-taxable","11":"product-type-simple"},"acf":[],"_links":{"self":[{"href":"https:\/\/www.excavatorenginepart.com\/es_mx\/wp-json\/wp\/v2\/product\/6860","targetHints":{"allow":["GET"]}}],"collection":[{"href":"https:\/\/www.excavatorenginepart.com\/es_mx\/wp-json\/wp\/v2\/product"}],"about":[{"href":"https:\/\/www.excavatorenginepart.com\/es_mx\/wp-json\/wp\/v2\/types\/product"}],"replies":[{"embeddable":true,"href":"https:\/\/www.excavatorenginepart.com\/es_mx\/wp-json\/wp\/v2\/comments?post=6860"}],"wp:featuredmedia":[{"embeddable":true,"href":"https:\/\/www.excavatorenginepart.com\/es_mx\/wp-json\/wp\/v2\/media\/6861"}],"wp:attachment":[{"href":"https:\/\/www.excavatorenginepart.com\/es_mx\/wp-json\/wp\/v2\/media?parent=6860"}],"wp:term":[{"taxonomy":"product_cat","embeddable":true,"href":"https:\/\/www.excavatorenginepart.com\/es_mx\/wp-json\/wp\/v2\/product_cat?post=6860"},{"taxonomy":"product_tag","embeddable":true,"href":"https:\/\/www.excavatorenginepart.com\/es_mx\/wp-json\/wp\/v2\/product_tag?post=6860"},{"taxonomy":"product_category","embeddable":true,"href":"https:\/\/www.excavatorenginepart.com\/es_mx\/wp-json\/wp\/v2\/product_category?post=6860"}],"curies":[{"name":"wp","href":"https:\/\/api.w.org\/{rel}","templated":true}]}}