{"id":7008,"date":"2022-04-29T07:41:11","date_gmt":"2022-04-29T07:41:11","guid":{"rendered":"https:\/\/www.excavatorenginepart.com\/?post_type=product&#038;p=7008"},"modified":"2022-05-06T08:38:08","modified_gmt":"2022-05-06T08:38:08","slug":"sdlg-excavator-engine-parts-turbocharger-1118010-d807","status":"publish","type":"product","link":"https:\/\/www.excavatorenginepart.com\/es_co\/product\/sdlg-excavator-engine-parts-turbocharger-1118010-d807\/","title":{"rendered":"SDLG Excavadora Piezas Motor Turbocompresor 1118010-D807"},"content":{"rendered":"<p>SDLG Excavadora Piezas Motor Turbocompresor 1118010-D807<\/p>\n<p>Turbocharger 1118010-D807\u00a0fitting on Deutz BF6M2012 Diesel Engines\u00a0.\u00a0 This deutz engine is fitting on SDLG Excavator. We can supllied SDLG engine spare parts AND SDLG Excavator undercarriage spare parts.\u00a0<\/p>\n<p>Supercharger shall refer to engine inlet supercharger, including three forms: exhaust gas turbocharger, mechanical turbocharger and electric auxiliary turbocharger.By compressing the air with the supercharger, the intake density of the engine can be increased, which can increase the lift power of the engine.At the same time, the mixed combustion regulation of the engine is improved, which improves the combustion efficiency, and can also save fuel and reduce emissions.\u00a0<\/p>\n<p>We are deal with DEUTZ \/VOLVO engine parts, Such as \u00a0Deutz BFM1011\/BFM2011\/BFM1013\/BFM2012\/BFM2013\/TCD2012\/TCD2013 and FL912\/913,FL413,FL511\/513 engine parts and VOLVO EC210,EC240,EC290,D4D,D6D,D6E,D7D,D7E engine parts.\u00a0<\/p>\n<p><strong><span id=\"__kindeditor_bookmark_start_24__\"><\/span>Deutz BF6M2012\u00a0 Engine Parts Turbocharger 1118010-D807<\/strong><span id=\"__kindeditor_bookmark_end_25__\"><\/span>\u00a0this parts also fitting on volvo\u00a0VOLVO EC210,EC240,EC290 excavators ,Volvo\u00a0D4D,D6D,D6E,D7D,D7E diesel engines.\u00a0<\/p>\n<p>Deutz Engine Model : Deutz BFM1011\/BFM2011\/BFM1013\/BFM2012\/BFM2013\/TCD2012\/TCD2013, FL912\/913,FL413,FL511\/513.\u00a0<\/p>\n<p><strong>We also supplied :\u00a0<\/strong><\/p>\n<p>Engine Parts: Piston,liner, gasket set, bearing, valve, crankshaft,connect rod, camshaft,cyl block,cyl head, turbo,starter, water pump, alternator, feed pump, injector, fuel pump and so on.\u00a0<\/p>\n<p>Hydraulic Parts: Hyd pump,gear pump,regulator swing motor,travel motor,main control valve, panetary carrier assy,sun gear, panetary gear, cyl block&amp;valve plater, piston shoe .<\/p>\n<p>Electronic parts : Throttle\/stepper motor,electric appliance,Pressure Switch, Sensor, Switch Start Flameout Solenoid , monitor, controller\/ECU for excavators.<\/p>\n<p>SDLG Excavator Engine Parts Turbocharger 1118010-D807\u00a0Specifications : \u00a0<\/p>\n<p>ITEM: SDLG Excavator Engine Parts Turbocharger 1118010-D807\u00a0<\/p>\n<p>Part number: 1118010-D807<br \/>\nApply to:\u00a0 \u00a0 \u00a0Deutz BF6M2012\u00a0engine<br \/>\nColor: Iron<br \/>\nNet weight:20kg<br \/>\nBRAND \u00a0DEUTZ original<br \/>\nPackaging Details: 1pcs\/box\u00a0<br \/>\nWarranty: 6 months<\/p>\n<p><img fetchpriority=\"high\" decoding=\"async\" class=\"alignnone wp-image-7010 size-full\" src=\"https:\/\/www.excavatorenginepart.com\/wp-content\/uploads\/2022\/04\/SDLG-Excavator-Engine-Parts-Turbocharger-1118010-D807-01.jpg\" alt=\"\" width=\"535\" height=\"443\" srcset=\"https:\/\/www.excavatorenginepart.com\/wp-content\/uploads\/2022\/04\/SDLG-Excavator-Engine-Parts-Turbocharger-1118010-D807-01.jpg 535w, https:\/\/www.excavatorenginepart.com\/wp-content\/uploads\/2022\/04\/SDLG-Excavator-Engine-Parts-Turbocharger-1118010-D807-01-300x248.jpg 300w\" sizes=\"(max-width: 535px) 100vw, 535px\" \/><\/p>\n<p>In stock Deutz BF6M2012 turbocharger 1118010-D807<\/p>\n<p><img decoding=\"async\" class=\"alignnone wp-image-7011 size-full\" src=\"https:\/\/www.excavatorenginepart.com\/wp-content\/uploads\/2022\/04\/SDLG-Excavator-Engine-Parts-Turbocharger-1118010-D807-02.jpg\" alt=\"\" width=\"546\" height=\"621\" srcset=\"https:\/\/www.excavatorenginepart.com\/wp-content\/uploads\/2022\/04\/SDLG-Excavator-Engine-Parts-Turbocharger-1118010-D807-02.jpg 546w, https:\/\/www.excavatorenginepart.com\/wp-content\/uploads\/2022\/04\/SDLG-Excavator-Engine-Parts-Turbocharger-1118010-D807-02-264x300.jpg 264w\" sizes=\"(max-width: 546px) 100vw, 546px\" \/><\/p>\n<p><strong>Original Deutz BF6M2012 supercharger 1118010-D807<\/strong><\/p>\n<p>Perfil de la empresa\u00a0<\/p>\n<p>Jining Kunpeng Construction Machinery Equipment Co, Ltd. se estableci\u00f3 en 2013 con un capital registrado de 200 millones de yuanes, el personal existente de 36 personas, se dedica a productos de maquinaria de ingenier\u00eda y accesorios, empresas especializadas, con independentimport y derechos de exportaci\u00f3n. El principal agente de excavadoras Komatsu y bulldozer , shantui bulldozer productos el\u00e9ctricos, productos de filtro de aire Donaldson; Japon\u00e9s (Mitshubishi, Komatsu, Isuzu, Kubota, Yanmar ) m\u00e1quina de motor y piezas de repuesto; Cummins, Deutz motor diesel de piezas de repuesto, Marina y generador de motor diesel de piezas de repuesto, En le\u00f1a, Weichai, grandes accesorios de motor diesel; venta de marcas conocidas bombas hidr\u00e1ulicas, motores, v\u00e1lvulas hidr\u00e1ulicas. Las empresas y la planta de fabricaci\u00f3n de excavadoras nacionales (Sany, Lianzhong Branch, Hill m\u00e1quina de reurbanizaci\u00f3n, SDLG, Strong Construction Machinery Co., Ltd., Foton Lovol, Shandong liShide) en estrecha cooperaci\u00f3n, ha apoyado con \u00e9xitoproductos electr\u00f3nicos japoneses, Donaldson filtro de aire, cabina de excavadora, silenciadores, productos Danfoss Auto, DSE, COMAP, WOODWARD CONTROLLER y otros productos, con productos de alta calidad y perfecto servicio post-venta, gan\u00f3 los fabricantes de grandes elogios.<br \/>\nLas ventajas de nuestra empresa<br \/>\nWe Can Supplied Diesel Engine Parts :<\/p>\n<p>Piezas de motor: Piezas de motor Cummins, piezas de motor Deutz, piezas de motor Volvo, piezas de motor Caterpiller, piezas de motor Kubota, piezas de motor Yanmar, piezas de motor Isuzu, piezas de motor Mitsubishi, piezas de motor Perkins, piezas de motor Komatsu, piezas de motor Wechai, piezas de motor Shangchai, piezas de motor Yuchai.<\/p>\n<p>Motores diesel: Motor diesel Cummins, motor diesel Weichai, motor diesel Shangchai, motor diesel Komatsu, motor diesel Yanmar.\u00a0<\/p>\n<p>Piezas del generador: Controlador DSE, Controlador ComAp, Controlador Woodward, Controlador de velocidad Cummins, Controlador de velocidad GAC, AVR del generador, Actuadores del motor, Sensores del motor, Medidores del motor.\u00a0<\/p>\n<p>Nuestro gran almac\u00e9n\u00a0<br \/>\nCon el fin de servir mejor a los clientes, tenemos suficiente inventario, Bulldozer piezas de repuesto, eslab\u00f3n de la pista, Ider, rodillo de la pista, rodillo portador, bomba hidr\u00e1ulica, v\u00e1lvula hidr\u00e1ulica, cilindro para Bulldozer, motor diesel Cummins y el motor diesel Weichai. As\u00ed que podemos ofrecer una entrega r\u00e1pida e hizo que nuestros clientes satisfechos con nuestro servicio.\u00a0<\/p>\n<p><img decoding=\"async\" class=\"alignnone wp-image-7012 size-full\" src=\"https:\/\/www.excavatorenginepart.com\/wp-content\/uploads\/2022\/04\/SDLG-Excavator-Engine-Parts-Turbocharger-1118010-D807-03.jpg\" alt=\"\" width=\"521\" height=\"500\" srcset=\"https:\/\/www.excavatorenginepart.com\/wp-content\/uploads\/2022\/04\/SDLG-Excavator-Engine-Parts-Turbocharger-1118010-D807-03.jpg 521w, https:\/\/www.excavatorenginepart.com\/wp-content\/uploads\/2022\/04\/SDLG-Excavator-Engine-Parts-Turbocharger-1118010-D807-03-300x288.jpg 300w\" sizes=\"(max-width: 521px) 100vw, 521px\" \/><\/p>","protected":false},"excerpt":{"rendered":"<p>SDLG Excavator Engine Parts Turbocharger 1118010-D807 Turbocharger 1118010-D807\u00a0fitting on Deutz BF6M2012 Diesel Engines\u00a0.\u00a0 This deutz engine is fitting on SDLG Excavator. We can supllied SDLG engine spare parts AND SDLG Excavator undercarriage spare parts.\u00a0 Supercharger shall refer to engine inlet supercharger, including three forms: exhaust gas turbocharger, mechanical turbocharger and electric auxiliary turbocharger.By compressing the [&hellip;]<\/p>","protected":false},"featured_media":7009,"menu_order":0,"comment_status":"closed","ping_status":"closed","template":"","meta":{"_seopress_robots_primary_cat":"","_seopress_titles_title":"","_seopress_titles_desc":"","_seopress_robots_index":"","om_disable_all_campaigns":false,"_mi_skip_tracking":false,"_monsterinsights_sitenote_active":false,"_monsterinsights_sitenote_note":"","_monsterinsights_sitenote_category":0},"product_cat":[],"product_tag":[],"product_category":[116,124],"class_list":{"0":"post-7008","1":"product","2":"type-product","3":"status-publish","4":"has-post-thumbnail","6":"product_category-deutz-engine-part","7":"product_category-sdlg-loader-parts","9":"first","10":"instock","11":"shipping-taxable","12":"product-type-simple"},"acf":[],"_links":{"self":[{"href":"https:\/\/www.excavatorenginepart.com\/es_co\/wp-json\/wp\/v2\/product\/7008","targetHints":{"allow":["GET"]}}],"collection":[{"href":"https:\/\/www.excavatorenginepart.com\/es_co\/wp-json\/wp\/v2\/product"}],"about":[{"href":"https:\/\/www.excavatorenginepart.com\/es_co\/wp-json\/wp\/v2\/types\/product"}],"replies":[{"embeddable":true,"href":"https:\/\/www.excavatorenginepart.com\/es_co\/wp-json\/wp\/v2\/comments?post=7008"}],"wp:featuredmedia":[{"embeddable":true,"href":"https:\/\/www.excavatorenginepart.com\/es_co\/wp-json\/wp\/v2\/media\/7009"}],"wp:attachment":[{"href":"https:\/\/www.excavatorenginepart.com\/es_co\/wp-json\/wp\/v2\/media?parent=7008"}],"wp:term":[{"taxonomy":"product_cat","embeddable":true,"href":"https:\/\/www.excavatorenginepart.com\/es_co\/wp-json\/wp\/v2\/product_cat?post=7008"},{"taxonomy":"product_tag","embeddable":true,"href":"https:\/\/www.excavatorenginepart.com\/es_co\/wp-json\/wp\/v2\/product_tag?post=7008"},{"taxonomy":"product_category","embeddable":true,"href":"https:\/\/www.excavatorenginepart.com\/es_co\/wp-json\/wp\/v2\/product_category?post=7008"}],"curies":[{"name":"wp","href":"https:\/\/api.w.org\/{rel}","templated":true}]}}