{"id":6993,"date":"2022-04-29T07:15:53","date_gmt":"2022-04-29T07:15:53","guid":{"rendered":"https:\/\/www.excavatorenginepart.com\/?post_type=product&#038;p=6993"},"modified":"2022-05-06T08:19:58","modified_gmt":"2022-05-06T08:19:58","slug":"4955524-fuel-injector-for-cummins-qsk19-engines","status":"publish","type":"product","link":"https:\/\/www.excavatorenginepart.com\/es_co\/product\/4955524-fuel-injector-for-cummins-qsk19-engines\/","title":{"rendered":"4955524 Inyector de combustible para motores Cummins QSK19"},"content":{"rendered":"<p>4955524 4964171 4964172 Inyector de combustible del sistema PT para motores Cummins QSK19 KTA19\u00a0<\/p>\n<p><strong>Inyector de combustible4955524<\/strong>\u00a0encaja en\u00a0<strong>QSK19<\/strong>\u00a0<strong>\u00a0Motores diesel<\/strong>\u00a0. Este motor se utiliza para\u00a0<strong>maquinaria minera<\/strong>. El inyector de combustible diesel controlado electr\u00f3nicamente es el componente m\u00e1s cr\u00edtico y complejo en el sistema de combustible common rail. Su funci\u00f3n es rociar el combustible en la pista de aceite a alta presi\u00f3n en la c\u00e1mara de combusti\u00f3n del motor diesel con el mejor momento de la inyecci\u00f3n, la cantidad y la velocidad mediante el control de la apertura y cierre de la v\u00e1lvula de solenoide de acuerdo con la se\u00f1al de control enviada por la ECU.\u00a0<\/p>\n<p>En el motor de alta presi\u00f3n del sistema common rail, separar la funci\u00f3n de producir alta presi\u00f3n de inyecci\u00f3n de control de jade, el papel de acumulador de cavidad common rail, s\u00f3lo en la presi\u00f3n de combustible common rail puede ser controlado por ECU con regulador de presi\u00f3n, no se ve afectada por la velocidad de rotaci\u00f3n del motor diesel, bajo la baja velocidad puede garantizar una buena pulverizaci\u00f3n, de alta velocidad puede lograr un control flexible, aumentando as\u00ed la libertad de regulaci\u00f3n y para mejorar la precisi\u00f3n de control<\/p>\n<p>Inyector de combustible 4955524 Especificaciones\u00a0<\/p>\n<p>&nbsp;<\/p>\n<table class=\"aliDataTable\" border=\"1\">\n<tbody>\n<tr>\n<td valign=\"center\">\n<p>Nombre de la pieza<\/p>\n<\/td>\n<td valign=\"center\">\n<p>Kit de inyector de combustible<\/p>\n<\/td>\n<\/tr>\n<tr>\n<td valign=\"center\">\n<p>N\u00famero de pieza<\/p>\n<\/td>\n<td valign=\"center\">4955524<\/td>\n<\/tr>\n<tr>\n<td valign=\"center\">\n<p>Marca<\/p>\n<\/td>\n<td valign=\"center\"><strong>Cummins Original<\/strong><\/td>\n<\/tr>\n<tr>\n<td valign=\"center\">\n<p>Tipo de motor<\/p>\n<\/td>\n<td valign=\"center\">\n<p>QSK19<\/p>\n<\/td>\n<\/tr>\n<tr>\n<td valign=\"center\">\n<p>Garant\u00eda<\/p>\n<\/td>\n<td valign=\"center\">\n<p>6 meses<\/p>\n<\/td>\n<\/tr>\n<tr>\n<td valign=\"center\">\n<p>Embalaje<\/p>\n<\/td>\n<td valign=\"center\"><strong>Cart\u00f3n<\/strong><\/td>\n<\/tr>\n<tr>\n<td valign=\"center\">\n<p>MOQ<\/p>\n<\/td>\n<td valign=\"center\">\n<p>1 pieza<\/p>\n<\/td>\n<\/tr>\n<tr>\n<td valign=\"center\">\n<p>Modelo de inyector<\/p>\n<\/td>\n<td valign=\"center\">\n<p>Inyecci\u00f3n a alta presi\u00f3n\u00a0<\/p>\n<\/td>\n<\/tr>\n<tr>\n<td valign=\"center\">\n<p>Aplicaci\u00f3n<\/p>\n<\/td>\n<td valign=\"center\">\n<p>Motores Cummins Diesle para miner\u00eda<\/p>\n<\/td>\n<\/tr>\n<\/tbody>\n<\/table>\n<p><img fetchpriority=\"high\" decoding=\"async\" class=\"alignnone wp-image-6995 size-full\" src=\"https:\/\/www.excavatorenginepart.com\/wp-content\/uploads\/2022\/04\/4955524-Fuel-Injector-For-Cummins-QSK19-Engines-01.jpg\" alt=\"\" width=\"536\" height=\"338\" srcset=\"https:\/\/www.excavatorenginepart.com\/wp-content\/uploads\/2022\/04\/4955524-Fuel-Injector-For-Cummins-QSK19-Engines-01.jpg 536w, https:\/\/www.excavatorenginepart.com\/wp-content\/uploads\/2022\/04\/4955524-Fuel-Injector-For-Cummins-QSK19-Engines-01-300x189.jpg 300w\" sizes=\"(max-width: 536px) 100vw, 536px\" \/><\/p>\n<p><strong>QSK19 Piezas de motor 4964170 CONJUNTO DE INYECTORES 4955524 4918073<\/strong><\/p>\n<p>Motor Cummins B\/QSB3.3, ISF2.8\/3.8, ISG, ISB\/QSB4.5, ISB\/QSB6.7, QSL9, QSM\/ISM\/M11, NTA855, QSX15, QSK19, QSK23, VTA28, QST30, KTA19, KTA38, KAT50, QSK60; Tambi\u00e9n suministramos piezas originales de Inner Mongolia NHL, que es la empresa conjunta con TEREX, como piezas para 3305, 3306, 3307, TR50, TR60, TR100, y MT3600, MT3700, NTE150, NTE200, NTE240, NTE260; Muchas piezas de repuesto de maquinaria de construcci\u00f3n que podemos suministrar, como SANY, XCMG, LIUGONG, CHENGGONG, SDLG, ZOOMLION marca de excavadoras y cargadoras de piezas de repuesto.<\/p>\n<p>Perfil de la empresa\u00a0<\/p>\n<p>Jining Kunpeng Construction Machinery Equipment Co, Ltd. se estableci\u00f3 en 2013 con un capital registrado de 200 millones de yuanes, el personal existente de 36 personas, se dedica a productos de maquinaria de ingenier\u00eda y accesorios, empresas especializadas, con independentimport y derechos de exportaci\u00f3n. El principal agente de excavadoras Komatsu y bulldozer , shantui bulldozer productos el\u00e9ctricos, productos de filtro de aire Donaldson; Japon\u00e9s (Mitshubishi, Komatsu, Isuzu, Kubota, Yanmar ) m\u00e1quina de motor y piezas de repuesto; Cummins, Deutz motor diesel de piezas de repuesto, Marina y generador de motor diesel de piezas de repuesto, En le\u00f1a, Weichai, grandes accesorios de motor diesel; venta de marcas conocidas bombas hidr\u00e1ulicas, motores, v\u00e1lvulas hidr\u00e1ulicas. Las empresas y la planta de fabricaci\u00f3n de excavadoras nacionales (Sany, Lianzhong Branch, Hill m\u00e1quina de reurbanizaci\u00f3n, SDLG, Strong Construction Machinery Co., Ltd., Foton Lovol, Shandong liShide) en estrecha cooperaci\u00f3n, ha apoyado con \u00e9xitoproductos electr\u00f3nicos japoneses, Donaldson filtro de aire, cabina de excavadora, silenciadores, productos Danfoss Auto, DSE, COMAP, WOODWARD CONTROLLER y otros productos, con productos de alta calidad y perfecto servicio post-venta, gan\u00f3 los fabricantes de grandes elogios.<\/p>\n<p>Las ventajas de nuestra empresa<\/p>\n<p>Podemos suministrar piezas del motor :<br \/>\nPiezas de motores Komatsu, Piezas de motores Disel, Piezas de motores diesel Cummins, Controlador DSE, Piezas de cargadoras SDLG, Piezas de bulldozer Shantui\u00a0<br \/>\nPiezas para motores diesel Cummins A1700, 2300, B3.3, 4B3.9, 6BTA5.9, 6CTA8.3,M11, NTA855, KTA19, KTA38, KTAA50, QSK60<br \/>\nPiezas de motores diesel Deutz \/ Volvo<br \/>\nPiezas de motor Isuzu, Mitsubishi, Yanmar, Kubota<br \/>\nPiezas de motores diesel Weichai<br \/>\nPiezas de motor diesel Shangchai\/ Caterpillar<\/p>\n<p>Nuestro gran almac\u00e9n\u00a0<\/p>\n<p>Con el fin de servir mejor a los clientes, tenemos suficiente inventario, Bulldozer piezas de repuesto, eslab\u00f3n de la pista, Ider, rodillo de la pista, rodillo portador, bomba hidr\u00e1ulica, v\u00e1lvula hidr\u00e1ulica, cilindro para Bulldozer, motor diesel Cummins y el motor diesel Weichai. As\u00ed que podemos ofrecer una entrega r\u00e1pida e hizo que nuestros clientes satisfechos con nuestro servicio.\u00a0<\/p>\n<p><img decoding=\"async\" class=\"alignnone wp-image-6996 size-full\" src=\"https:\/\/www.excavatorenginepart.com\/wp-content\/uploads\/2022\/04\/4955524-Fuel-Injector-For-Cummins-QSK19-Engines-02.jpg\" alt=\"\" width=\"534\" height=\"491\" srcset=\"https:\/\/www.excavatorenginepart.com\/wp-content\/uploads\/2022\/04\/4955524-Fuel-Injector-For-Cummins-QSK19-Engines-02.jpg 534w, https:\/\/www.excavatorenginepart.com\/wp-content\/uploads\/2022\/04\/4955524-Fuel-Injector-For-Cummins-QSK19-Engines-02-300x276.jpg 300w\" sizes=\"(max-width: 534px) 100vw, 534px\" \/><\/p>\n<p>Comentarios de clientes lejanos<\/p>\n<p><img decoding=\"async\" class=\"alignnone wp-image-6997 size-full\" src=\"https:\/\/www.excavatorenginepart.com\/wp-content\/uploads\/2022\/04\/4955524-Fuel-Injector-For-Cummins-QSK19-Engines-03.jpg\" alt=\"\" width=\"534\" height=\"493\" srcset=\"https:\/\/www.excavatorenginepart.com\/wp-content\/uploads\/2022\/04\/4955524-Fuel-Injector-For-Cummins-QSK19-Engines-03.jpg 534w, https:\/\/www.excavatorenginepart.com\/wp-content\/uploads\/2022\/04\/4955524-Fuel-Injector-For-Cummins-QSK19-Engines-03-300x277.jpg 300w\" sizes=\"(max-width: 534px) 100vw, 534px\" \/><\/p>","protected":false},"excerpt":{"rendered":"<p>4955524 4964171 4964172\u00a0PT System Fuel Injector For Cummins QSK19 KTA19 \u00a0Engines\u00a0 Fuel Injector4955524\u00a0is fitting on\u00a0QSK19\u00a0\u00a0Diesel Engines\u00a0. This engine is used for\u00a0mining machinery.\u00a0The electronically controlled diesel fuel injector is the most critical and complex component in the common rail fuel system. Its function is to spray the fuel in the high-pressure oil track into the combustion [&hellip;]<\/p>","protected":false},"featured_media":6994,"menu_order":0,"comment_status":"closed","ping_status":"closed","template":"","meta":{"_seopress_robots_primary_cat":"","_seopress_titles_title":"","_seopress_titles_desc":"","_seopress_robots_index":"","om_disable_all_campaigns":false,"_mi_skip_tracking":false,"_monsterinsights_sitenote_active":false,"_monsterinsights_sitenote_note":"","_monsterinsights_sitenote_category":0},"product_cat":[],"product_tag":[],"product_category":[115],"class_list":{"0":"post-6993","1":"product","2":"type-product","3":"status-publish","4":"has-post-thumbnail","6":"product_category-cummins-engine-part","8":"first","9":"instock","10":"shipping-taxable","11":"product-type-simple"},"acf":[],"_links":{"self":[{"href":"https:\/\/www.excavatorenginepart.com\/es_co\/wp-json\/wp\/v2\/product\/6993","targetHints":{"allow":["GET"]}}],"collection":[{"href":"https:\/\/www.excavatorenginepart.com\/es_co\/wp-json\/wp\/v2\/product"}],"about":[{"href":"https:\/\/www.excavatorenginepart.com\/es_co\/wp-json\/wp\/v2\/types\/product"}],"replies":[{"embeddable":true,"href":"https:\/\/www.excavatorenginepart.com\/es_co\/wp-json\/wp\/v2\/comments?post=6993"}],"wp:featuredmedia":[{"embeddable":true,"href":"https:\/\/www.excavatorenginepart.com\/es_co\/wp-json\/wp\/v2\/media\/6994"}],"wp:attachment":[{"href":"https:\/\/www.excavatorenginepart.com\/es_co\/wp-json\/wp\/v2\/media?parent=6993"}],"wp:term":[{"taxonomy":"product_cat","embeddable":true,"href":"https:\/\/www.excavatorenginepart.com\/es_co\/wp-json\/wp\/v2\/product_cat?post=6993"},{"taxonomy":"product_tag","embeddable":true,"href":"https:\/\/www.excavatorenginepart.com\/es_co\/wp-json\/wp\/v2\/product_tag?post=6993"},{"taxonomy":"product_category","embeddable":true,"href":"https:\/\/www.excavatorenginepart.com\/es_co\/wp-json\/wp\/v2\/product_category?post=6993"}],"curies":[{"name":"wp","href":"https:\/\/api.w.org\/{rel}","templated":true}]}}