{"id":6920,"date":"2022-04-29T02:32:54","date_gmt":"2022-04-29T02:32:54","guid":{"rendered":"https:\/\/www.excavatorenginepart.com\/?post_type=product&#038;p=6920"},"modified":"2022-05-06T08:22:59","modified_gmt":"2022-05-06T08:22:59","slug":"hitach-wheel-excavator-original-hydraulic-pump-9275116","status":"publish","type":"product","link":"https:\/\/www.excavatorenginepart.com\/es_co\/product\/hitach-wheel-excavator-original-hydraulic-pump-9275116\/","title":{"rendered":"Bomba Hidr\u00e1ulica Original Excavadora de Ruedas Hitach 9275116"},"content":{"rendered":"<p>Bomba hidr\u00e1ulica original 9275116 para excavadora de ruedas Hitach,<\/p>\n<p>Genuino Hitachi excavadora control electr\u00f3nico hydrauclic bomba es para hitachi rueda zx190w-3f excavadora , , el modelo de motor es Isuzu 4HK1 diesel , Podemos proporcionar\u00a0<strong>excavadora hidr\u00e1ulica<\/strong>\u00a0\u00a0<strong>bomba<\/strong>,\u00a0<strong>transmisi\u00f3n final excavadora<\/strong>v\u00e1lvula principal y\u00a0<strong>piezas del motor de la excavadora<\/strong>. Utilice los accesorios puros de Hitachi para los trabajos diarios de mantenimiento y conservaci\u00f3n, con el fin de mantener la m\u00e1quina en buenas condiciones de funcionamiento y maximizar la funci\u00f3n de la m\u00e1quina. Las piezas regeneradas puras de Hitachi se fabrican de acuerdo con las especificaciones de funcionamiento est\u00e1ndar, y se llevan a cabo estrictas pruebas de rendimiento y gesti\u00f3n de calidad para garantizar que la calidad de los productos sea igual a la de los productos nuevos, as\u00ed como para proporcionar un servicio posventa perfecto y la misma garant\u00eda de calidad que los productos nuevos.<br \/>\nDe acuerdo con la demanda del mercado, Hitachi ha ido ajustando y ampliando continuamente los tipos de piezas recicladas puras. En la actualidad, las piezas recicladas producidas por Hitachi participan en varios modelos de Hitachi en el mercado chino, con una variedad de m\u00e1s de 200 tipos.<\/p>\n<p>Modelo de excavadora Hitachi ZAXIS\u00a0<\/p>\n<p>ZAXIS60 ZAXIS70 ZAXIS120 ZAXIS130 ZAXIS200 ZAXIS200-3 ZAXIS210 ZAXIS210LC ZAXIS210LC-3 ZAXIS210H ZAXIS210H-3 ZAXIS240-3 ZAXIS250 ZAXIS250LC ZAXIS250LC-3 ZAXIS250H ZAXIS250H-3 ZAXIS260LCH-3 ZAXIS270 ZAXIS270-3 ZAXIS330 ZAXIS330-3 ZAXIS360 OTROS<\/p>\n<p>Otros productos hidr\u00e1ulicos para excavadoras\u00a0<\/p>\n<p>Final drive(genuine,south korea,japan brand) genuine rebuilt KYB MAG series(MAG-18,MAG-26,MAG-33,MAG-85,MAG-170)<br \/>\nNabotsco GM series(GM04,GM06,GM07,GM09,GM10,GM18,GM21,GM35,GM38)<br \/>\nNachi serie PHV<br \/>\nKawasaki serie K3V K5V<br \/>\nNachi serie PVD (PVD-1B,PVD-2B,PVD-3B)<br \/>\nDispositivo de giro,motor de giro,reductor de giro,cojinete de giro<br \/>\nLista de bombas hidr\u00e1ulicas principales Kawasaki\u00a0<\/p>\n<table border=\"1\">\n<tbody>\n<tr>\n<td class=\"et7\" width=\"143\" height=\"32\">Serie de bombas<\/td>\n<td class=\"et7\" width=\"186\" height=\"32\">Modelo Cotrol<\/td>\n<td class=\"et8\" width=\"284\" height=\"32\">Bomba para Exvavator Moldel<\/td>\n<\/tr>\n<tr>\n<td class=\"et8\" rowspan=\"3\" width=\"143\" height=\"99\">K3V63DT<img decoding=\"async\" src=\"file:\/\/\/C:\/Users\/ADMINI~1\/AppData\/Local\/Temp\/ksohtml\/clip_image5137.png@watermark=2&amp;color=I0ZGRkZGRg%3D%3D&amp;type=ZHJvaWRzYW5zZmFsbGJhY2s%3D&amp;size=16&amp;p=5&amp;t=80&amp;text=ZXhjYXZhdG9yZW5naW5lcGFydC5ib3NzZ29vLmNvbQ%3D%3D\" width=\"1\" height=\"1\" \/><\/td>\n<td class=\"et8\" width=\"186\" height=\"33\">9N<\/td>\n<td class=\"et10\" rowspan=\"3\" width=\"284\" height=\"99\">Excavadora Liugong 13T 15T\u00a0<br \/>\nVolvo EC140B<br \/>\nOruga Doosan S130LC-V 150<\/td>\n<\/tr>\n<tr>\n<td class=\"et8\" width=\"186\" height=\"33\">9C<\/td>\n<\/tr>\n<tr>\n<td class=\"et8\" width=\"186\" height=\"33\">HN<\/td>\n<\/tr>\n<tr>\n<td class=\"et8\" rowspan=\"3\" width=\"143\" height=\"198\">K3V112DT<\/td>\n<td class=\"et8\" width=\"186\" height=\"33\">9N<\/td>\n<td class=\"et10\" rowspan=\"3\" width=\"284\" height=\"198\">DH225LC-7,S225LC-V,\u00a0<br \/>\nS220LC-V,R215-7C,<br \/>\nR210LC-7, R210LC-7T, R225-7,RMX225, EC210, SE210LC-3, EC210B, MX255, EC240, EC240B<br \/>\nLiugong 20T Excavadora 920\/922 210LV-7G, R2200LC-7,R2200LC-7C,<\/td>\n<\/tr>\n<tr>\n<td class=\"et8\" width=\"186\" height=\"33\">9C<\/td>\n<\/tr>\n<tr>\n<td class=\"et8\" width=\"186\" height=\"132\">HN<\/td>\n<\/tr>\n<tr>\n<td class=\"et8\" rowspan=\"5\" width=\"143\" height=\"165\">K3V112DTP<\/td>\n<td class=\"et8\" width=\"186\" height=\"33\">9N<\/td>\n<td class=\"et12\" rowspan=\"3\" width=\"284\" height=\"99\">Excavadora Sanward Liugong 20T (No tiene toma de fuerza),<br \/>\n\u00a0<\/td>\n<\/tr>\n<tr>\n<td class=\"et8\" width=\"186\" height=\"33\">9C<\/td>\n<\/tr>\n<tr>\n<td class=\"et8\" width=\"186\" height=\"33\">HN<\/td>\n<\/tr>\n<tr>\n<td class=\"et8\" width=\"186\" height=\"33\">9T<\/td>\n<td class=\"et15\" rowspan=\"2\" width=\"284\" height=\"66\">Excavadoras Sany Kobelco 200 210\u00a0<\/td>\n<\/tr>\n<tr>\n<td class=\"et8\" width=\"186\" height=\"33\">YT<\/td>\n<\/tr>\n<tr>\n<td class=\"et8\" width=\"143\" height=\"33\">K3V140DT<\/td>\n<td class=\"et8\" width=\"186\" height=\"33\">9N<\/td>\n<td class=\"et17\" width=\"284\" height=\"33\">Excavadora Volvo EC290<\/td>\n<\/tr>\n<tr>\n<td class=\"et18\" rowspan=\"3\" width=\"143\" height=\"99\">K3V180DTP<br \/>\n(H)<\/td>\n<td class=\"et8\" width=\"186\" height=\"33\">9N<\/td>\n<td class=\"et17\" width=\"284\" height=\"33\">Excavadora Volvo EC450 EC460<\/td>\n<\/tr>\n<tr>\n<td class=\"et8\" width=\"186\" height=\"33\">9C<\/td>\n<td class=\"et17\" width=\"284\" height=\"33\">\u00a0<\/td>\n<\/tr>\n<tr>\n<td class=\"et8\" width=\"186\" height=\"33\">HN<\/td>\n<td class=\"et17\" width=\"284\" height=\"33\">\u00a0<\/td>\n<\/tr>\n<tr>\n<td class=\"et8\" width=\"143\" height=\"33\">K5V80DT<\/td>\n<td class=\"et8\" width=\"186\" height=\"33\">9C<\/td>\n<td class=\"et17\" width=\"284\" height=\"33\">Excavadora Hyundai 160<\/td>\n<\/tr>\n<tr>\n<td class=\"et8\" width=\"143\" height=\"33\">K5V80DTP<\/td>\n<td class=\"et8\" width=\"186\" height=\"33\">9N<\/td>\n<td class=\"et17\" width=\"284\" height=\"33\">\u00a0<\/td>\n<\/tr>\n<tr>\n<td class=\"et20\" width=\"143\" height=\"33\">K5V200DTH<br \/>\n(P)<\/td>\n<td class=\"et8\" width=\"186\" height=\"33\">9C<\/td>\n<td class=\"et17\" width=\"284\" height=\"33\">Excavadora Hyundai 450 485<\/td>\n<\/tr>\n<tr>\n<td class=\"et21\" width=\"143\" height=\"33\">F5X130CHB-10A-13A\/265-129-FRG11D<\/td>\n<td class=\"et8\" width=\"186\" height=\"33\">\u00a0<\/td>\n<td class=\"et12\" rowspan=\"2\" width=\"284\" height=\"66\">\u00a0<\/td>\n<\/tr>\n<tr>\n<td class=\"et22\" width=\"143\" height=\"33\">F5X180CHB-10A\/265-149-FRG14D<\/td>\n<td class=\"et8\" width=\"186\" height=\"33\">\u00a0<\/td>\n<\/tr>\n<\/tbody>\n<\/table>\n<p>Lista de piezas de la bomba Kawasaki Corea<\/p>\n<table border=\"1\">\n<tbody>\n<tr>\n<td class=\"et2\" width=\"260\" height=\"19\">Modelo<\/td>\n<td class=\"et2\" width=\"268\" height=\"19\">Nombre de la pieza<\/td>\n<\/tr>\n<tr>\n<td class=\"et3\" width=\"260\" height=\"19\">ZX10LGRZ1-07A-V<\/td>\n<td class=\"et3\" width=\"268\" height=\"19\">Bomba piloto 10CC<\/td>\n<\/tr>\n<tr>\n<td class=\"et3\" width=\"260\" height=\"19\">ZX15LGRZ2-07A-V<\/td>\n<td class=\"et3\" width=\"268\" height=\"19\">Bomba piloto 15CC<\/td>\n<\/tr>\n<tr>\n<td class=\"et3\" width=\"260\" height=\"19\">ZX10LGRZ1-07A-V<\/td>\n<td class=\"et3\" width=\"268\" height=\"19\">Bomba piloto 10CC<\/td>\n<\/tr>\n<tr>\n<td class=\"et3\" width=\"260\" height=\"19\">K3V63<\/td>\n<td class=\"et3\" width=\"268\" height=\"19\">Disco de posicionamiento de nueve agujeros<\/td>\n<\/tr>\n<tr>\n<td class=\"et3\" width=\"260\" height=\"19\">K5V80<\/td>\n<td class=\"et3\" width=\"268\" height=\"19\">Disco de posicionamiento de nueve agujeros<\/td>\n<\/tr>\n<tr>\n<td class=\"et3\" width=\"260\" height=\"19\">K3V112<\/td>\n<td class=\"et3\" width=\"268\" height=\"19\">Disco de posicionamiento de nueve agujeros<\/td>\n<\/tr>\n<tr>\n<td class=\"et3\" width=\"260\" height=\"19\">K3V140\/180<\/td>\n<td class=\"et3\" width=\"268\" height=\"19\">Disco de posicionamiento de nueve agujeros<\/td>\n<\/tr>\n<tr>\n<td class=\"et3\" width=\"260\" height=\"19\">K5V200<\/td>\n<td class=\"et3\" width=\"268\" height=\"19\">Disco de posicionamiento de nueve agujeros<\/td>\n<\/tr>\n<tr>\n<td class=\"et3\" width=\"260\" height=\"19\">K3V63\/K5V80<\/td>\n<td class=\"et3\" width=\"268\" height=\"19\">Junta del plato c\u00edclico<\/td>\n<\/tr>\n<tr>\n<td class=\"et3\" width=\"260\" height=\"19\">K3V112<\/td>\n<td class=\"et3\" width=\"268\" height=\"19\">Junta del plato c\u00edclico<\/td>\n<\/tr>\n<tr>\n<td class=\"et3\" width=\"260\" height=\"19\">K3V140\/180<\/td>\n<td class=\"et3\" width=\"268\" height=\"19\">Junta del plato c\u00edclico<\/td>\n<\/tr>\n<tr>\n<td class=\"et3\" width=\"260\" height=\"19\">K3V63\/K5V80<\/td>\n<td class=\"et3\" width=\"268\" height=\"19\">Bisagra esf\u00e9rica\u00a0<\/td>\n<\/tr>\n<tr>\n<td class=\"et3\" width=\"260\" height=\"19\">K3V112<\/td>\n<td class=\"et3\" width=\"268\" height=\"19\">Bisagra esf\u00e9rica\u00a0<\/td>\n<\/tr>\n<tr>\n<td class=\"et3\" width=\"260\" height=\"19\">K3V140<\/td>\n<td class=\"et3\" width=\"268\" height=\"19\">Bisagra esf\u00e9rica\u00a0<\/td>\n<\/tr>\n<tr>\n<td class=\"et3\" width=\"260\" height=\"19\">K3V180<\/td>\n<td class=\"et3\" width=\"268\" height=\"19\">Bisagra esf\u00e9rica\u00a0<\/td>\n<\/tr>\n<tr>\n<td class=\"et3\" width=\"260\" height=\"19\">K3V63<\/td>\n<td class=\"et3\" width=\"268\" height=\"19\">Placa cilindro+v\u00e1lvula<\/td>\n<\/tr>\n<tr>\n<td class=\"et3\" width=\"260\" height=\"19\">K3V112<\/td>\n<td class=\"et3\" width=\"268\" height=\"19\">Placa cilindro+v\u00e1lvula<\/td>\n<\/tr>\n<tr>\n<td class=\"et3\" width=\"260\" height=\"19\">K5V140<\/td>\n<td class=\"et3\" width=\"268\" height=\"19\">Placa cilindro+v\u00e1lvula<\/td>\n<\/tr>\n<tr>\n<td class=\"et3\" width=\"260\" height=\"19\">K3V140<\/td>\n<td class=\"et3\" width=\"268\" height=\"19\">Placa cilindro+v\u00e1lvula<\/td>\n<\/tr>\n<tr>\n<td class=\"et3\" width=\"260\" height=\"19\">K3V180\/K5V200<\/td>\n<td class=\"et3\" width=\"268\" height=\"19\">Placa cilindro+v\u00e1lvula<\/td>\n<\/tr>\n<tr>\n<td class=\"et3\" width=\"260\" height=\"19\">K3V63\/K5V80<\/td>\n<td class=\"et3\" width=\"268\" height=\"19\">\u00c9mbolo<\/td>\n<\/tr>\n<tr>\n<td class=\"et3\" width=\"260\" height=\"19\">K3V112<\/td>\n<td class=\"et3\" width=\"268\" height=\"19\">\u00c9mbolo<\/td>\n<\/tr>\n<tr>\n<td class=\"et3\" width=\"260\" height=\"19\">K5V140<\/td>\n<td class=\"et3\" width=\"268\" height=\"19\">\u00c9mbolo<\/td>\n<\/tr>\n<tr>\n<td class=\"et3\" width=\"260\" height=\"19\">K3V140<\/td>\n<td class=\"et3\" width=\"268\" height=\"19\">\u00c9mbolo<\/td>\n<\/tr>\n<tr>\n<td class=\"et3\" width=\"260\" height=\"19\">K3V180<\/td>\n<td class=\"et3\" width=\"268\" height=\"19\">\u00c9mbolo<\/td>\n<\/tr>\n<tr>\n<td class=\"et3\" width=\"260\" height=\"19\">K5V200<\/td>\n<td class=\"et3\" width=\"268\" height=\"19\">\u00c9mbolo<\/td>\n<\/tr>\n<tr>\n<td class=\"et3\" width=\"260\" height=\"19\">K3V63\/K5V80<\/td>\n<td class=\"et3\" width=\"268\" height=\"19\">Plato c\u00edclico+ Asiento del plato c\u00edclico\u00a0<\/td>\n<\/tr>\n<tr>\n<td class=\"et3\" width=\"260\" height=\"19\">K3V112<\/td>\n<td class=\"et3\" width=\"268\" height=\"19\">Plato c\u00edclico+ Asiento del plato c\u00edclico\u00a0<\/td>\n<\/tr>\n<tr>\n<td class=\"et3\" width=\"260\" height=\"19\">K5V140<\/td>\n<td class=\"et3\" width=\"268\" height=\"19\">Plato c\u00edclico+ Asiento del plato c\u00edclico\u00a0<\/td>\n<\/tr>\n<tr>\n<td class=\"et3\" width=\"260\" height=\"19\">K3V140<\/td>\n<td class=\"et3\" width=\"268\" height=\"19\">Plato c\u00edclico+ Asiento del plato c\u00edclico\u00a0<\/td>\n<\/tr>\n<tr>\n<td class=\"et3\" width=\"260\" height=\"19\">K3V112DT<\/td>\n<td class=\"et3\" width=\"268\" height=\"19\">V\u00e1lvula reguladora 9N<\/td>\n<\/tr>\n<tr>\n<td class=\"et3\" width=\"260\" height=\"19\">K3V112DT<\/td>\n<td class=\"et3\" width=\"268\" height=\"19\">V\u00e1lvula reguladora 9C<\/td>\n<\/tr>\n<tr>\n<td class=\"et3\" width=\"260\" height=\"19\">K3V112DT<\/td>\n<td class=\"et3\" width=\"268\" height=\"19\">V\u00e1lvula reguladora HN<\/td>\n<\/tr>\n<tr>\n<td class=\"et3\" width=\"260\" height=\"19\">K3V140DT<\/td>\n<td class=\"et3\" width=\"268\" height=\"19\">V\u00e1lvula reguladora 9C<\/td>\n<\/tr>\n<tr>\n<td class=\"et3\" width=\"260\" height=\"19\">K3V140DT<\/td>\n<td class=\"et3\" width=\"268\" height=\"19\">V\u00e1lvula reguladora HN<\/td>\n<\/tr>\n<tr>\n<td class=\"et3\" width=\"260\" height=\"19\">K5V80S<\/td>\n<td class=\"et3\" width=\"268\" height=\"19\">0E V\u00e1lvula reguladora<\/td>\n<\/tr>\n<tr>\n<td class=\"et3\" width=\"260\" height=\"19\">K5V140S<\/td>\n<td class=\"et3\" width=\"268\" height=\"19\">0E V\u00e1lvula reguladora<\/td>\n<\/tr>\n<tr>\n<td class=\"et3\" width=\"260\" height=\"19\">K5V200S<\/td>\n<td class=\"et3\" width=\"268\" height=\"19\">0E V\u00e1lvula reguladora<\/td>\n<\/tr>\n<tr>\n<td class=\"et3\" width=\"260\" height=\"19\">K3V112S<\/td>\n<td class=\"et3\" width=\"268\" height=\"19\">0E V\u00e1lvula reguladora<\/td>\n<\/tr>\n<tr>\n<td class=\"et3\" width=\"260\" height=\"19\">K5V80DT<\/td>\n<td class=\"et3\" width=\"268\" height=\"19\">0E V\u00e1lvula reguladora<\/td>\n<\/tr>\n<tr>\n<td class=\"et3\" width=\"260\" height=\"19\">K3V112DT<\/td>\n<td class=\"et3\" width=\"268\" height=\"19\">V\u00e1lvula reguladora 5E<\/td>\n<\/tr>\n<tr>\n<td class=\"et3\" width=\"260\" height=\"19\">K5V140DT<\/td>\n<td class=\"et3\" width=\"268\" height=\"19\">V\u00e1lvula reguladora 5E<\/td>\n<\/tr>\n<tr>\n<td class=\"et3\" width=\"260\" height=\"19\">K3V112DT<\/td>\n<td class=\"et3\" width=\"268\" height=\"19\">1E V\u00e1lvula reguladora<\/td>\n<\/tr>\n<tr>\n<td class=\"et3\" width=\"260\" height=\"19\">K5V140DT<\/td>\n<td class=\"et3\" width=\"268\" height=\"19\">1E V\u00e1lvula reguladora<\/td>\n<\/tr>\n<tr>\n<td class=\"et3\" width=\"260\" height=\"19\">K3V112DT<\/td>\n<td class=\"et3\" width=\"268\" height=\"19\">V\u00e1lvula reguladora 9T<\/td>\n<\/tr>\n<tr>\n<td class=\"et3\" width=\"260\" height=\"19\">K3V112DT<\/td>\n<td class=\"et3\" width=\"268\" height=\"19\">V\u00e1lvula reguladora YT<\/td>\n<\/tr>\n<tr>\n<td class=\"et3\" width=\"260\" height=\"19\">K5V140DT<\/td>\n<td class=\"et3\" width=\"268\" height=\"19\">V\u00e1lvula reguladora 9T<\/td>\n<\/tr>\n<tr>\n<td class=\"et3\" width=\"260\" height=\"19\">K5V140DT<\/td>\n<td class=\"et3\" width=\"268\" height=\"19\">V\u00e1lvula reguladora YT<\/td>\n<\/tr>\n<tr>\n<td class=\"et3\" width=\"260\" height=\"19\">V0009277998KD<\/td>\n<td class=\"et3\" width=\"268\" height=\"19\">V\u00e1lvula dosificadora<\/td>\n<\/tr>\n<tr>\n<td class=\"et3\" width=\"260\" height=\"19\">V9406235760KD<\/td>\n<td class=\"et3\" width=\"268\" height=\"19\">V\u00e1lvula dosificadora<\/td>\n<\/tr>\n<tr>\n<td class=\"et3\" width=\"260\" height=\"19\">V9406285784KD<\/td>\n<td class=\"et3\" width=\"268\" height=\"19\">V\u00e1lvula dosificadora<\/td>\n<\/tr>\n<\/tbody>\n<\/table>\n<p><img fetchpriority=\"high\" decoding=\"async\" class=\"alignnone wp-image-6922 size-full\" src=\"https:\/\/www.excavatorenginepart.com\/wp-content\/uploads\/2022\/04\/Hitach-Wheel-Excavator-Original-Hydraulic-Pump-9275116-02.jpg\" alt=\"\" width=\"537\" height=\"384\" srcset=\"https:\/\/www.excavatorenginepart.com\/wp-content\/uploads\/2022\/04\/Hitach-Wheel-Excavator-Original-Hydraulic-Pump-9275116-02.jpg 537w, https:\/\/www.excavatorenginepart.com\/wp-content\/uploads\/2022\/04\/Hitach-Wheel-Excavator-Original-Hydraulic-Pump-9275116-02-300x215.jpg 300w\" sizes=\"(max-width: 537px) 100vw, 537px\" \/><\/p>\n<p>Bomba hidr\u00e1ulica de control electr\u00f3nico Hitachi fabricada en Jap\u00f3n<\/p>\n<p><img decoding=\"async\" class=\"alignnone wp-image-6923 size-full\" src=\"https:\/\/www.excavatorenginepart.com\/wp-content\/uploads\/2022\/04\/Hitach-Wheel-Excavator-Original-Hydraulic-Pump-9275116-01.jpg\" alt=\"\" width=\"540\" height=\"405\" srcset=\"https:\/\/www.excavatorenginepart.com\/wp-content\/uploads\/2022\/04\/Hitach-Wheel-Excavator-Original-Hydraulic-Pump-9275116-01.jpg 540w, https:\/\/www.excavatorenginepart.com\/wp-content\/uploads\/2022\/04\/Hitach-Wheel-Excavator-Original-Hydraulic-Pump-9275116-01-300x225.jpg 300w\" sizes=\"(max-width: 540px) 100vw, 540px\" \/><\/p>\n<p>Bomba hidr\u00e1ulica para excavadora de ruedas Hitach HPV118W-21C 9275116<\/p>","protected":false},"excerpt":{"rendered":"<p>Hitach Wheel Excavator Original Hydraulic Pump 9275116, Genuine Hitachi excavator electronic control hydrauclic pump is for hitachi wheel zx190w-3f excavator , , the engine model is Isuzu 4HK1 diesel , We can provide\u00a0excavator hydraulic\u00a0\u00a0pump,\u00a0excavator final drive, main valve and\u00a0excavator engine parts.\u00a0Use Hitachi pure accessories for daily maintenance and maintenance work, in order to keep the [&hellip;]<\/p>","protected":false},"featured_media":6921,"menu_order":0,"comment_status":"closed","ping_status":"closed","template":"","meta":{"_seopress_robots_primary_cat":"","_seopress_titles_title":"","_seopress_titles_desc":"","_seopress_robots_index":"","om_disable_all_campaigns":false,"_mi_skip_tracking":false,"_monsterinsights_sitenote_active":false,"_monsterinsights_sitenote_note":"","_monsterinsights_sitenote_category":0},"product_cat":[],"product_tag":[],"product_category":[111],"class_list":{"0":"post-6920","1":"product","2":"type-product","3":"status-publish","4":"has-post-thumbnail","6":"product_category-excavator-hydraulic-pump","8":"first","9":"instock","10":"shipping-taxable","11":"product-type-simple"},"acf":[],"_links":{"self":[{"href":"https:\/\/www.excavatorenginepart.com\/es_co\/wp-json\/wp\/v2\/product\/6920","targetHints":{"allow":["GET"]}}],"collection":[{"href":"https:\/\/www.excavatorenginepart.com\/es_co\/wp-json\/wp\/v2\/product"}],"about":[{"href":"https:\/\/www.excavatorenginepart.com\/es_co\/wp-json\/wp\/v2\/types\/product"}],"replies":[{"embeddable":true,"href":"https:\/\/www.excavatorenginepart.com\/es_co\/wp-json\/wp\/v2\/comments?post=6920"}],"wp:featuredmedia":[{"embeddable":true,"href":"https:\/\/www.excavatorenginepart.com\/es_co\/wp-json\/wp\/v2\/media\/6921"}],"wp:attachment":[{"href":"https:\/\/www.excavatorenginepart.com\/es_co\/wp-json\/wp\/v2\/media?parent=6920"}],"wp:term":[{"taxonomy":"product_cat","embeddable":true,"href":"https:\/\/www.excavatorenginepart.com\/es_co\/wp-json\/wp\/v2\/product_cat?post=6920"},{"taxonomy":"product_tag","embeddable":true,"href":"https:\/\/www.excavatorenginepart.com\/es_co\/wp-json\/wp\/v2\/product_tag?post=6920"},{"taxonomy":"product_category","embeddable":true,"href":"https:\/\/www.excavatorenginepart.com\/es_co\/wp-json\/wp\/v2\/product_category?post=6920"}],"curies":[{"name":"wp","href":"https:\/\/api.w.org\/{rel}","templated":true}]}}