{"id":6914,"date":"2022-04-29T02:20:47","date_gmt":"2022-04-29T02:20:47","guid":{"rendered":"https:\/\/www.excavatorenginepart.com\/?post_type=product&#038;p=6914"},"modified":"2022-05-06T08:23:06","modified_gmt":"2022-05-06T08:23:06","slug":"psvd2-27e-17-kyb-hydraulic-pump-for-sunward-excavators","status":"publish","type":"product","link":"https:\/\/www.excavatorenginepart.com\/es_co\/product\/psvd2-27e-17-kyb-bomba-hidraulica-para-excavadoras-sunward\/","title":{"rendered":"PSVD2-27E-17 Bomba hidr\u00e1ulica KYB para excavadoras Sunward"},"content":{"rendered":"<p>PSVD2-27E-17 Bomba hidr\u00e1ulica KYB para excavadoras Sunward\u00a0<\/p>\n<p>Bomba hidr\u00e1ulica PSVD2-27E-17 PSVD2-17E PSVD2-21E PSVD2-42 para excavadora Liugong\u00a0<\/p>\n<p>Bombas de pist\u00f3n t\u00edpicos son variables y de alta presi\u00f3n tipos utilizados principalmente para equipos de construcci\u00f3n, etc, dedicada a trabajos pesados. Se utilizan ampliamente en \u00e1reas que requieren control de potencia, detecci\u00f3n de carga y otras funciones de control.<br \/>\nVenta al por mayor, al por menor todo tipo de bomba de \u00e9mbolo hidr\u00e1ulico importado, hidr\u00e1ulico (rotativo) conjunto de motor rotativo, conjunto de motor hidr\u00e1ulico a pie, bomba de engranajes hidr\u00e1ulica y piezas de repuesto de la bomba hidr\u00e1ulica distribuidores profesionales hidr\u00e1ulicos. Bomba hidr\u00e1ulica Nachi Es una variable de la bomba de pist\u00f3n axial, con una reducci\u00f3n sustancial de la p\u00e9rdida, caracter\u00edsticas de ahorro de energ\u00eda: salida de aceite estable, puede reducir la p\u00e9rdida de flujo, reducir la p\u00e9rdida de potencia;Funcionamiento suave y bajo nivel de ruido: la estructura de eliminaci\u00f3n de ruido se adopta en cada accesorio del n\u00facleo de la bomba para estabilizar las caracter\u00edsticas de acci\u00f3n y reducir el ruido durante la operaci\u00f3n.alta fiabilidad y larga vida \u00fatil.\u00a0<\/p>\n<p>Serie PSVD (circuito abierto) kabaya par\u00e1metros t\u00e9cnicos<\/p>\n<table border=\"1\">\n<tbody>\n<tr>\n<td class=\"\" width=\"126\" height=\"14\">Modelo<\/td>\n<td class=\"\" width=\"96\" height=\"14\">Capacidad cm3\/rev<\/td>\n<td class=\"\" width=\"81\" height=\"14\">Presi\u00f3n m\u00e1xima Mpa<\/td>\n<td class=\"\" width=\"87\" height=\"14\">Velocidad m\u00e1xima de rotaci\u00f3n r\/min<\/td>\n<td>Dispositivo de control Contol (N.m)<\/td>\n<\/tr>\n<tr>\n<td class=\"\" width=\"126\" height=\"14\">PSVD2-17E<\/td>\n<td class=\"\" width=\"96\" height=\"14\">16.8*2<\/td>\n<td class=\"\" width=\"81\" height=\"14\">24.5<\/td>\n<td class=\"\" width=\"87\" height=\"14\">2550<\/td>\n<td>Control de potencia\u00a0<\/td>\n<\/tr>\n<tr>\n<td class=\"\" width=\"126\" height=\"14\">PSVD2-21E<\/td>\n<td class=\"\" width=\"96\" height=\"14\">20.8*2<\/td>\n<td class=\"\" width=\"81\" height=\"14\">24.5<\/td>\n<td class=\"\" width=\"87\" height=\"14\">2400<\/td>\n<td>Control de potencia<\/td>\n<\/tr>\n<tr>\n<td class=\"\" width=\"126\" height=\"14\">PSVD2-27E<\/td>\n<td class=\"\" width=\"96\" height=\"14\">26.9*2<\/td>\n<td class=\"\" width=\"81\" height=\"14\">24.5<\/td>\n<td class=\"\" width=\"87\" height=\"14\">2400<\/td>\n<td>Control de potencia<\/td>\n<\/tr>\n<tr>\n<td class=\"\" width=\"126\" height=\"14\">PSVD2-42<\/td>\n<td class=\"\" width=\"96\" height=\"14\">25*2<\/td>\n<td class=\"\" width=\"81\" height=\"14\">24.5<\/td>\n<td class=\"\" width=\"87\" height=\"14\">2600<\/td>\n<td>Control de potencia<\/td>\n<\/tr>\n<\/tbody>\n<\/table>\n<p><img fetchpriority=\"high\" decoding=\"async\" class=\"alignnone wp-image-6916 size-full\" src=\"https:\/\/www.excavatorenginepart.com\/wp-content\/uploads\/2022\/04\/PSVD2-27E-17-KYB-Hydraulic-Pump-for-Sunward-Excavators-01.jpg\" alt=\"\" width=\"593\" height=\"655\" srcset=\"https:\/\/www.excavatorenginepart.com\/wp-content\/uploads\/2022\/04\/PSVD2-27E-17-KYB-Hydraulic-Pump-for-Sunward-Excavators-01.jpg 593w, https:\/\/www.excavatorenginepart.com\/wp-content\/uploads\/2022\/04\/PSVD2-27E-17-KYB-Hydraulic-Pump-for-Sunward-Excavators-01-272x300.jpg 272w\" sizes=\"(max-width: 593px) 100vw, 593px\" \/><\/p>\n<p><strong>Bomba hidr\u00e1ulica Kayaba PSVD2-27E-17 para excavadora Piezas de la bomba principal KYB<\/strong><\/p>\n<p><strong>Bomba hidr\u00e1ulica Kayaba serie PSV (circuito cerrado)\u00a0<\/strong><\/p>\n<table border=\"1\">\n<tbody>\n<tr>\n<td class=\"\" width=\"126\" height=\"14\">Modelo<\/td>\n<td class=\"\" width=\"96\" height=\"14\">Capacidad cm3\/rev<\/td>\n<td class=\"\" width=\"81\" height=\"14\">Presi\u00f3n m\u00e1xima Mpa<\/td>\n<td class=\"\" width=\"87\" height=\"14\">Velocidad m\u00e1xima de rotaci\u00f3n r\/min<\/td>\n<td>Potencia de entrada t\u00edpica (KW)<\/td>\n<\/tr>\n<tr>\n<td class=\"\" width=\"126\" height=\"14\">PSV-10<\/td>\n<td class=\"\" width=\"96\" height=\"14\">10<\/td>\n<td class=\"\" width=\"81\" height=\"14\">27.5<\/td>\n<td class=\"\" width=\"87\" height=\"14\">3200<\/td>\n<td>8.0<\/td>\n<\/tr>\n<tr>\n<td class=\"\" width=\"126\" height=\"14\">PSV-16<\/td>\n<td class=\"\" width=\"96\" height=\"14\">16.4<\/td>\n<td class=\"\" width=\"81\" height=\"14\">27.5<\/td>\n<td class=\"\" width=\"87\" height=\"14\">3600<\/td>\n<td>13.2<\/td>\n<\/tr>\n<tr>\n<td class=\"\" width=\"126\" height=\"14\">PSV2-10<\/td>\n<td class=\"\" width=\"96\" height=\"14\">10*2<\/td>\n<td class=\"\" width=\"81\" height=\"14\">27.5<\/td>\n<td class=\"\" width=\"87\" height=\"14\">3200<\/td>\n<td>7.0*2<\/td>\n<\/tr>\n<tr>\n<td class=\"\" width=\"126\" height=\"14\">PSV2-16<\/td>\n<td class=\"\" width=\"96\" height=\"14\">16.4*2<\/td>\n<td class=\"\" width=\"81\" height=\"14\">27.5<\/td>\n<td class=\"\" width=\"87\" height=\"14\">3200<\/td>\n<td>11.7*2<\/td>\n<\/tr>\n<tr>\n<td>PSVH2-28<\/td>\n<td>28.1*2<\/td>\n<td>34.3<\/td>\n<td>3000<\/td>\n<td>23.3*2<\/td>\n<\/tr>\n<\/tbody>\n<\/table>\n<p><img decoding=\"async\" class=\"alignnone wp-image-6917 size-full\" src=\"https:\/\/www.excavatorenginepart.com\/wp-content\/uploads\/2022\/04\/PSVD2-27E-17-KYB-Hydraulic-Pump-for-Sunward-Excavators-02.jpg\" alt=\"\" width=\"622\" height=\"607\" srcset=\"https:\/\/www.excavatorenginepart.com\/wp-content\/uploads\/2022\/04\/PSVD2-27E-17-KYB-Hydraulic-Pump-for-Sunward-Excavators-02.jpg 622w, https:\/\/www.excavatorenginepart.com\/wp-content\/uploads\/2022\/04\/PSVD2-27E-17-KYB-Hydraulic-Pump-for-Sunward-Excavators-02-300x293.jpg 300w\" sizes=\"(max-width: 622px) 100vw, 622px\" \/><\/p>\n<p>PSVD2-21E-20 , PSVD2-27E-17 Bomba hidr\u00e1ulica de pistones PSVD2 para bombas de excavadoras<\/p>\n<p>Serie PSVL (circuito abierto y detecci\u00f3n de carga) Bomba hidr\u00e1ulica de pistones KYB\u00a0<\/p>\n<table border=\"1\" cellspacing=\"0\" cellpadding=\"2\">\n<tbody>\n<tr>\n<td>Modelo<\/td>\n<td>Desplazamiento\u00a0<\/td>\n<td>Presi\u00f3n m\u00e1xima de trabajo<\/td>\n<td>Velocidad m\u00e1xima<\/td>\n<td>Dispositivo de control<\/td>\n<\/tr>\n<tr>\n<td>PSVL-42<\/td>\n<td>42<\/td>\n<td>24.5<\/td>\n<td>2500<\/td>\n<td>Control de potencia y contorl de detecci\u00f3n de carga<\/td>\n<\/tr>\n<tr>\n<td>PSVL-54<\/td>\n<td>54<\/td>\n<td>24.5<\/td>\n<td>2400<\/td>\n<td>Control de potencia y contorl de detecci\u00f3n de carga<\/td>\n<\/tr>\n<tr>\n<td>PSVL-84<\/td>\n<td>84.6<\/td>\n<td>32<\/td>\n<td>2200<\/td>\n<td>Control de potencia y contorl de detecci\u00f3n de carga<\/td>\n<\/tr>\n<\/tbody>\n<\/table>","protected":false},"excerpt":{"rendered":"<p>PSVD2-27E-17 KYB Hydraulic Pump for Sunward Excavators\u00a0 PSVD2-27E-17 \u00a0PSVD2-17E\u00a0PSVD2-21E\u00a0\u00a0PSVD2-42\u00a0Hydraulic Pump For Liugong Excavator\u00a0 Typical piston pumps are variable and high-pressure\u00a0types mainly used for construction equipment, etc,\u00a0engaged in heavy-duty work. They are widely used in\u00a0areas that require horsepower control, load-sensing, And other control functions. Wholesale, retail all kinds of imported hydraulic plunger pump, hydraulic (rotary) rotary [&hellip;]<\/p>","protected":false},"featured_media":6915,"menu_order":0,"comment_status":"closed","ping_status":"closed","template":"","meta":{"_seopress_robots_primary_cat":"","_seopress_titles_title":"","_seopress_titles_desc":"","_seopress_robots_index":"","om_disable_all_campaigns":false,"_mi_skip_tracking":false,"_monsterinsights_sitenote_active":false,"_monsterinsights_sitenote_note":"","_monsterinsights_sitenote_category":0},"product_cat":[],"product_tag":[],"product_category":[111],"class_list":{"0":"post-6914","1":"product","2":"type-product","3":"status-publish","4":"has-post-thumbnail","6":"product_category-excavator-hydraulic-pump","8":"first","9":"instock","10":"shipping-taxable","11":"product-type-simple"},"acf":[],"_links":{"self":[{"href":"https:\/\/www.excavatorenginepart.com\/es_co\/wp-json\/wp\/v2\/product\/6914","targetHints":{"allow":["GET"]}}],"collection":[{"href":"https:\/\/www.excavatorenginepart.com\/es_co\/wp-json\/wp\/v2\/product"}],"about":[{"href":"https:\/\/www.excavatorenginepart.com\/es_co\/wp-json\/wp\/v2\/types\/product"}],"replies":[{"embeddable":true,"href":"https:\/\/www.excavatorenginepart.com\/es_co\/wp-json\/wp\/v2\/comments?post=6914"}],"wp:featuredmedia":[{"embeddable":true,"href":"https:\/\/www.excavatorenginepart.com\/es_co\/wp-json\/wp\/v2\/media\/6915"}],"wp:attachment":[{"href":"https:\/\/www.excavatorenginepart.com\/es_co\/wp-json\/wp\/v2\/media?parent=6914"}],"wp:term":[{"taxonomy":"product_cat","embeddable":true,"href":"https:\/\/www.excavatorenginepart.com\/es_co\/wp-json\/wp\/v2\/product_cat?post=6914"},{"taxonomy":"product_tag","embeddable":true,"href":"https:\/\/www.excavatorenginepart.com\/es_co\/wp-json\/wp\/v2\/product_tag?post=6914"},{"taxonomy":"product_category","embeddable":true,"href":"https:\/\/www.excavatorenginepart.com\/es_co\/wp-json\/wp\/v2\/product_category?post=6914"}],"curies":[{"name":"wp","href":"https:\/\/api.w.org\/{rel}","templated":true}]}}