{"id":6891,"date":"2022-04-29T01:07:43","date_gmt":"2022-04-29T01:07:43","guid":{"rendered":"https:\/\/www.excavatorenginepart.com\/?post_type=product&#038;p=6891"},"modified":"2022-05-06T08:24:01","modified_gmt":"2022-05-06T08:24:01","slug":"excavator-main-pump-zx210-3-k3v112dt-pump","status":"publish","type":"product","link":"https:\/\/www.excavatorenginepart.com\/es_co\/product\/excavator-main-pump-zx210-3-k3v112dt-pump\/","title":{"rendered":"Excavator Main Pump ZX210-3 K3V112DT Pump"},"content":{"rendered":"<p><img fetchpriority=\"high\" decoding=\"async\" class=\"alignnone wp-image-6893 size-full\" src=\"https:\/\/www.excavatorenginepart.com\/wp-content\/uploads\/2022\/04\/Excavator-Main-Pump-ZX210-3-K3V112DT-Pump-01.jpg\" alt=\"\" width=\"594\" height=\"400\" srcset=\"https:\/\/www.excavatorenginepart.com\/wp-content\/uploads\/2022\/04\/Excavator-Main-Pump-ZX210-3-K3V112DT-Pump-01.jpg 594w, https:\/\/www.excavatorenginepart.com\/wp-content\/uploads\/2022\/04\/Excavator-Main-Pump-ZX210-3-K3V112DT-Pump-01-300x202.jpg 300w\" sizes=\"(max-width: 594px) 100vw, 594px\" \/><\/p>\n<p style=\"font-weight: 400;\">Kawasaki K3V112DT Uchida Parker Kayaba Nachi Mini Rexroth Piston Hydraulic Pump for Komatsu Volvo Sunny Kubota Kobelco Excavator<\/p>\n<p style=\"font-weight: 400;\"><strong>Kawasaki K3V112 Pump<\/strong>\u00a0is\u00a0made in Korea . The pump is used for\u00a0<strong>Komatsu Volvo Sunny Kubota Kobelco<\/strong>\u00a0<strong>excavtors\u00a0<\/strong>.\u00a0Kawasaki is Japan&#8217;s largest overseas production base, with nearly 40 years of development and production history of hydraulic products, Korean kawasaki products in terms of quality, technology, design and performance are consistent with kawasaki Japan. The company has provided hydraulic products and one-stop solution of hydraulic control system for hundreds of well-known enterprises in the industry.\u00a0<strong>Original Kawasaki pumps<\/strong>\u00a0with genuine package,\u00a0Original factory packaging, provide authentic and reliable after-sales warranty and maintenance service terms, Years of industry experience, first-class engineers seamless connection, you in the product sales and use process can be hydraulic engineers professional services; The company can provide one-stop solution for international and domestic famous brand hydraulic system of excavator.<\/p>\n<p style=\"font-weight: 400;\">Excavator Main Pump ZX210-3 K3V112DT\u00a0 Pump\u00a0Specifications\u00a0<\/p>\n<p style=\"font-weight: 400;\">Brand: kawasaki, South Korea<\/p>\n<p style=\"font-weight: 400;\">Origin: Korea original import\u00a0<\/p>\n<p style=\"font-weight: 400;\">Capacity: 112 ML<\/p>\n<p style=\"font-weight: 400;\">Rated pressure: 34.3 (35) Mpa<\/p>\n<p style=\"font-weight: 400;\">Peak pressure: 39.2 (40) Mpa<\/p>\n<p style=\"font-weight: 400;\">Self-priming speed: 2360r\/min<\/p>\n<p style=\"font-weight: 400;\">Maximum speed: 2700r\/min<\/p>\n<p style=\"font-weight: 400;\">Material: Alloy<\/p>\n<p style=\"font-weight: 400;\">Working medium: high quality hydraulic oil<\/p>\n<p style=\"font-weight: 400;\">Application scope: most of the brands of concrete pumps, cranes, rotary drilling and other construction machinery<\/p>\n<p style=\"font-weight: 400;\">Our company advantage hydraulic kawasaki korea products<\/p>\n<p style=\"font-weight: 400;\">KAWASAKI series of piston pumps and hydraulic motors\u00a0<\/p>\n<ol>\n<li style=\"font-weight: 400;\">K3V Series\u00a0:K3V63DT\/BDT.K3V112DT\/BDT.K3V140DT.K3V180DT<\/li>\n<li style=\"font-weight: 400;\">NV Series :NV45.NV50.NV64.NV84.NV90.NV111.NV137. NV172.NV237. NV270.NVK45\u00a0<\/li>\n<li style=\"font-weight: 400;\">KVC Series :KVC925.KVC930.KVC932\u00a0<\/li>\n<li style=\"font-weight: 400;\">M2X Series :M2X55.M2X63.M2X96.M2X120.M2X146.M2X150.M2X170.M2X210\u00a0<\/li>\n<li style=\"font-weight: 400;\">MX Series\u00a0:MX50.MX150.MX170.MX173\u00a0<\/li>\n<li style=\"font-weight: 400;\">M5X \u00a0Series\u00a0:M5X130.M5X160.M5X180<\/li>\n<\/ol>\n<p style=\"font-weight: 400;\">\u00a0<\/p>\n<p style=\"font-weight: 400;\"><strong>R210-7 R225-7 R250-7 K3V112 Hydraulic Kawasaki Pump K3V112DT-1CER-9C32-2B 31N7-10010<\/strong><\/p>\n<p style=\"font-weight: 400;\">Perfil de la empresa\u00a0<\/p>\n<p style=\"font-weight: 400;\">Jining Kunpeng Construction Machinery Equipment Co, Ltd. se estableci\u00f3 en 2013 con un capital registrado de 200 millones de yuanes, el personal existente de 36 personas, se dedica a productos de maquinaria de ingenier\u00eda y accesorios, empresas especializadas, con independentimport y derechos de exportaci\u00f3n. El principal agente de excavadoras Komatsu y bulldozer , shantui bulldozer productos el\u00e9ctricos, productos de filtro de aire Donaldson; Japon\u00e9s (Mitshubishi, Komatsu, Isuzu, Kubota, Yanmar ) m\u00e1quina de motor y piezas de repuesto; Cummins, Deutz motor diesel de piezas de repuesto, Marina y generador de motor diesel de piezas de repuesto, En le\u00f1a, Weichai, grandes accesorios de motor diesel; venta de marcas conocidas bombas hidr\u00e1ulicas, motores, v\u00e1lvulas hidr\u00e1ulicas. Las empresas y la planta de fabricaci\u00f3n de excavadoras nacionales (Sany, Lianzhong Branch, Hill m\u00e1quina de reurbanizaci\u00f3n, SDLG, Strong Construction Machinery Co., Ltd., Foton Lovol, Shandong liShide) en estrecha cooperaci\u00f3n, ha apoyado con \u00e9xitoproductos electr\u00f3nicos japoneses, Donaldson filtro de aire, cabina de excavadora, silenciadores, productos Danfoss Auto, DSE, COMAP, WOODWARD CONTROLLER y otros productos, con productos de alta calidad y perfecto servicio post-venta, gan\u00f3 los fabricantes de grandes elogios.<br \/>\nLas ventajas de nuestra empresa\u00a0<\/p>\n<p style=\"font-weight: 400;\">Piezas de motores Komatsu, Piezas de motores Disel, Piezas de motores diesel Cummins, Controlador DSE, Piezas de cargadoras SDLG, Piezas de bulldozer Shantui\u00a0<br \/>\nPiezas para motores diesel Cummins A1700, 2300, B3.3, 4B3.9, 6BTA5.9, 6CTA8.3,M11, NTA855, KTA19, KTA38, KTAA50, QSK60<br \/>\nPiezas de motores diesel Deutz \/ Volvo<br \/>\nPiezas de motor Isuzu, Mitsubishi, Yanmar, Kubota<br \/>\nPiezas de motores diesel Weichai<br \/>\nPiezas de motor diesel Shangchai\/ Caterpillar<br \/>\nSuccessfully Cooperating Clients Case\u00a0<\/p>\n<p style=\"font-weight: 400;\"><strong>Director Purchase from Famous company to check our business strength, After meeting, he has made order $30,0000 one time\u00a0<\/strong><\/p>\n<p><img decoding=\"async\" class=\"alignnone wp-image-6894 size-full\" src=\"https:\/\/www.excavatorenginepart.com\/wp-content\/uploads\/2022\/04\/Excavator-Main-Pump-ZX210-3-K3V112DT-Pump-02.jpg\" alt=\"\" width=\"585\" height=\"546\" srcset=\"https:\/\/www.excavatorenginepart.com\/wp-content\/uploads\/2022\/04\/Excavator-Main-Pump-ZX210-3-K3V112DT-Pump-02.jpg 585w, https:\/\/www.excavatorenginepart.com\/wp-content\/uploads\/2022\/04\/Excavator-Main-Pump-ZX210-3-K3V112DT-Pump-02-300x280.jpg 300w\" sizes=\"(max-width: 585px) 100vw, 585px\" \/><\/p>","protected":false},"excerpt":{"rendered":"<p>Kawasaki K3V112DT Uchida Parker Kayaba Nachi Mini Rexroth Piston Hydraulic Pump for Komatsu Volvo Sunny Kubota Kobelco Excavator Kawasaki K3V112 Pump\u00a0is\u00a0made in Korea . The pump is used for\u00a0Komatsu Volvo Sunny Kubota Kobelco\u00a0excavtors\u00a0.\u00a0Kawasaki is Japan&#8217;s largest overseas production base, with nearly 40 years of development and production history of hydraulic products, Korean kawasaki products in [&hellip;]<\/p>","protected":false},"featured_media":6892,"menu_order":0,"comment_status":"closed","ping_status":"closed","template":"","meta":{"_seopress_robots_primary_cat":"","_seopress_titles_title":"","_seopress_titles_desc":"","_seopress_robots_index":"","om_disable_all_campaigns":false,"_mi_skip_tracking":false,"_monsterinsights_sitenote_active":false,"_monsterinsights_sitenote_note":"","_monsterinsights_sitenote_category":0},"product_cat":[],"product_tag":[],"product_category":[111],"class_list":{"0":"post-6891","1":"product","2":"type-product","3":"status-publish","4":"has-post-thumbnail","6":"product_category-excavator-hydraulic-pump","8":"first","9":"instock","10":"shipping-taxable","11":"product-type-simple"},"acf":[],"_links":{"self":[{"href":"https:\/\/www.excavatorenginepart.com\/es_co\/wp-json\/wp\/v2\/product\/6891","targetHints":{"allow":["GET"]}}],"collection":[{"href":"https:\/\/www.excavatorenginepart.com\/es_co\/wp-json\/wp\/v2\/product"}],"about":[{"href":"https:\/\/www.excavatorenginepart.com\/es_co\/wp-json\/wp\/v2\/types\/product"}],"replies":[{"embeddable":true,"href":"https:\/\/www.excavatorenginepart.com\/es_co\/wp-json\/wp\/v2\/comments?post=6891"}],"wp:featuredmedia":[{"embeddable":true,"href":"https:\/\/www.excavatorenginepart.com\/es_co\/wp-json\/wp\/v2\/media\/6892"}],"wp:attachment":[{"href":"https:\/\/www.excavatorenginepart.com\/es_co\/wp-json\/wp\/v2\/media?parent=6891"}],"wp:term":[{"taxonomy":"product_cat","embeddable":true,"href":"https:\/\/www.excavatorenginepart.com\/es_co\/wp-json\/wp\/v2\/product_cat?post=6891"},{"taxonomy":"product_tag","embeddable":true,"href":"https:\/\/www.excavatorenginepart.com\/es_co\/wp-json\/wp\/v2\/product_tag?post=6891"},{"taxonomy":"product_category","embeddable":true,"href":"https:\/\/www.excavatorenginepart.com\/es_co\/wp-json\/wp\/v2\/product_category?post=6891"}],"curies":[{"name":"wp","href":"https:\/\/api.w.org\/{rel}","templated":true}]}}