{"id":6879,"date":"2022-04-22T07:11:48","date_gmt":"2022-04-22T07:11:48","guid":{"rendered":"https:\/\/www.excavatorenginepart.com\/?post_type=product&#038;p=6879"},"modified":"2022-05-06T08:24:27","modified_gmt":"2022-05-06T08:24:27","slug":"gen-set-spare-parts-woodward-controller-9907-838","status":"publish","type":"product","link":"https:\/\/www.excavatorenginepart.com\/es_co\/product\/gen-set-spare-parts-woodward-controller-9907-838\/","title":{"rendered":"Repuestos grupo electr\u00f3geno Controlador Woodward 9907-838"},"content":{"rendered":"<p>Repuestos grupo electr\u00f3geno Controlador Woodward 9907-838<\/p>\n<p><strong>Controlador Woodward 9907-838<\/strong>\u00a0encaja en<strong>\u00a0Sistema de control diesel del grupo electr\u00f3geno\u00a0<\/strong>. Woodward tiene m\u00e1s de 130 a\u00f1os de experiencia en el dise\u00f1o y fabricaci\u00f3n de controladores de motor, ampliamente utilizados en aviaci\u00f3n, motores industriales, turbinas y control de generaci\u00f3n de energ\u00eda. La marca WOODWARD se produce en Estados Unidos, su tipo se puede dividir en: v\u00e1lvula electromagn\u00e9tica, gobernador, sistema de control de regulaci\u00f3n, amplificador hidr\u00e1ulico de control el\u00e9ctrico, actuador, convertidor de presi\u00f3n de corriente, etc. El actuador WOODWARD PGPL se utiliza en motores de gas o turbinas de vapor para reemplazar el gobernador tipo PGPL, PGL, PGD sin cambiar el mecanismo de enlace de conducci\u00f3n tipo pg.Esto ha proporcionado la conveniencia para la transformaci\u00f3n de ajuste el\u00e9ctrico.Woodward\u00a0<strong>controlador woodward2301A 9905<\/strong> se utilizan para el control de velocidad y distribuci\u00f3n de carga de grupos electr\u00f3genos accionados por motores di\u00e9sel, motores de gasolina, turbinas de vapor o motores de gas.El controlador 2310ALSSC puede trabajar en entornos dif\u00edciles.\u00a0<\/p>\n<p><img fetchpriority=\"high\" decoding=\"async\" class=\"alignnone wp-image-6881 size-full\" src=\"https:\/\/www.excavatorenginepart.com\/wp-content\/uploads\/2022\/04\/Gen-set-Spare-Parts-Woodward-Controller-9907-838-01.jpg\" alt=\"\" width=\"581\" height=\"550\" srcset=\"https:\/\/www.excavatorenginepart.com\/wp-content\/uploads\/2022\/04\/Gen-set-Spare-Parts-Woodward-Controller-9907-838-01.jpg 581w, https:\/\/www.excavatorenginepart.com\/wp-content\/uploads\/2022\/04\/Gen-set-Spare-Parts-Woodward-Controller-9907-838-01-300x284.jpg 300w\" sizes=\"(max-width: 581px) 100vw, 581px\" \/><\/p>\n<p><strong>Woodward 505 digital nuevo controlador original 8200-1300<\/strong><\/p>","protected":false},"excerpt":{"rendered":"<p>Gen-set Spare Parts Woodward Controller 9907-838 Woodward Controller 9907-838\u00a0is fitting on\u00a0Gen-set Diesel Control System\u00a0.\u00a0Woodward has more than 130 years of experience in engine controller design and manufacturing, widely used in aviation, industrial engines, turbine, and power generation control.\u00a0WOODWARD brand is produced in the United States, its kind can be divided into: electromagnetic valve, governor, regulation [&hellip;]<\/p>","protected":false},"featured_media":6880,"menu_order":0,"comment_status":"closed","ping_status":"closed","template":"","meta":{"_seopress_robots_primary_cat":"","_seopress_titles_title":"","_seopress_titles_desc":"","_seopress_robots_index":"","om_disable_all_campaigns":false,"_mi_skip_tracking":false,"_monsterinsights_sitenote_active":false,"_monsterinsights_sitenote_note":"","_monsterinsights_sitenote_category":0},"product_cat":[],"product_tag":[],"product_category":[129],"class_list":{"0":"post-6879","1":"product","2":"type-product","3":"status-publish","4":"has-post-thumbnail","6":"product_category-woodward-controller","8":"first","9":"instock","10":"shipping-taxable","11":"product-type-simple"},"acf":[],"_links":{"self":[{"href":"https:\/\/www.excavatorenginepart.com\/es_co\/wp-json\/wp\/v2\/product\/6879","targetHints":{"allow":["GET"]}}],"collection":[{"href":"https:\/\/www.excavatorenginepart.com\/es_co\/wp-json\/wp\/v2\/product"}],"about":[{"href":"https:\/\/www.excavatorenginepart.com\/es_co\/wp-json\/wp\/v2\/types\/product"}],"replies":[{"embeddable":true,"href":"https:\/\/www.excavatorenginepart.com\/es_co\/wp-json\/wp\/v2\/comments?post=6879"}],"wp:featuredmedia":[{"embeddable":true,"href":"https:\/\/www.excavatorenginepart.com\/es_co\/wp-json\/wp\/v2\/media\/6880"}],"wp:attachment":[{"href":"https:\/\/www.excavatorenginepart.com\/es_co\/wp-json\/wp\/v2\/media?parent=6879"}],"wp:term":[{"taxonomy":"product_cat","embeddable":true,"href":"https:\/\/www.excavatorenginepart.com\/es_co\/wp-json\/wp\/v2\/product_cat?post=6879"},{"taxonomy":"product_tag","embeddable":true,"href":"https:\/\/www.excavatorenginepart.com\/es_co\/wp-json\/wp\/v2\/product_tag?post=6879"},{"taxonomy":"product_category","embeddable":true,"href":"https:\/\/www.excavatorenginepart.com\/es_co\/wp-json\/wp\/v2\/product_category?post=6879"}],"curies":[{"name":"wp","href":"https:\/\/api.w.org\/{rel}","templated":true}]}}