{"id":6875,"date":"2022-04-22T07:02:47","date_gmt":"2022-04-22T07:02:47","guid":{"rendered":"https:\/\/www.excavatorenginepart.com\/?post_type=product&#038;p=6875"},"modified":"2022-04-22T07:02:47","modified_gmt":"2022-04-22T07:02:47","slug":"cummins-generator-engine-speed-controller-4914090","status":"publish","type":"product","link":"https:\/\/www.excavatorenginepart.com\/es_co\/product\/cummins-generator-engine-speed-controller-4914090\/","title":{"rendered":"Controlador de velocidad del motor del generador Cummins 4914090"},"content":{"rendered":"<p>Controlador de velocidad del motor del generador Cummins 4914090\u00a0<\/p>\n<p>Controlador de velocidad 4914090 se utiliza para motores Cummins Generador. El modelo de motor diesel Cummins es NTA855 KTA19 M11 KTA38 Series .  Gobernador bien resuelto N14, K19 motor en zona fr\u00eda (por debajo de 15 \u2103) para iniciar los problemas dif\u00edciles; Y se puede utilizar en algunas \u00e1reas con mayores requisitos de protecci\u00f3n del medio ambiente (menos emisi\u00f3n de humos). El 3044196 producido por nosotros est\u00e1 instalado en Beijing cummins planta de motores solo, con cerca de 1.000 piezas, estable y fiable quality.The cantidad de producci\u00f3n y venta de actuadores es de casi diez mil. Ahora los productos se han exportado al sudeste de Asia, Am\u00e9rica, \u00c1frica, Asia occidental y otros lugares. Hay que decir que la calidad, el aspecto y el precio han sido apreciados y reconocidos por los clientes. La calidad del producto de nuestra empresa es confiable, el precio es preferencial, bienvenido a preguntar la discusi\u00f3n.<\/p>\n<p>Regulador de velocidad 4914090 Especificaciones\u00a0<\/p>\n<p>Alimentaci\u00f3n: Sistemas de bater\u00edas de 12 \u00f3 24 V CC\u00a0<\/p>\n<p>Rango de corriente del actuador: M\u00edn. 2,5 Amperios, M\u00e1x. 10 Amperios continuos \u00a0<br \/>\nSe\u00f1al del sensor de velocidad: 0,5~120 V RMS\u00a0<br \/>\nTemperatura ambiente de funcionamiento: -40\u00b0C ~ 85\u00b0C\u00a0<br \/>\nHumedad relativa: hasta 95% \u00a0<br \/>\nRango de velocidad: 1K-7,5K Hz continua\u00a0<br \/>\nRango de ajuste de velocidad: \u00b1 200 Hz\u00a0<br \/>\nPeso bruto: 0,85 kg\u00a0<br \/>\nTAMA\u00d1O DEL PAQUETE: 155mm*155mm*55mm \u00a0<\/p>\n<p><img fetchpriority=\"high\" decoding=\"async\" class=\"alignnone wp-image-6877 size-full\" src=\"https:\/\/www.excavatorenginepart.com\/wp-content\/uploads\/2022\/04\/Cummins-Generator-Engine-Speed-Controller-4914090-01.jpg\" alt=\"\" width=\"579\" height=\"554\" srcset=\"https:\/\/www.excavatorenginepart.com\/wp-content\/uploads\/2022\/04\/Cummins-Generator-Engine-Speed-Controller-4914090-01.jpg 579w, https:\/\/www.excavatorenginepart.com\/wp-content\/uploads\/2022\/04\/Cummins-Generator-Engine-Speed-Controller-4914090-01-300x287.jpg 300w\" sizes=\"(max-width: 579px) 100vw, 579px\" \/><\/p>\n<p><strong>Controlador de la unidad de control del r\u00e9gimen del motor ESD5500E<\/strong><\/p>","protected":false},"excerpt":{"rendered":"<p>Cummins Generator Engine Speed Controller 4914090\u00a0 Speed Controller 4914090\u00a0is used for Cummins Generator engines . The cummins diesel engine model is NTA855 KTA19 M11 KTA38 Series . \u00a0Governor well solved N14, K19 engine in cold area (below 15 \u2103) to start the difficult problems; And can be used in some areas with higher environmental protection [&hellip;]<\/p>","protected":false},"featured_media":6876,"menu_order":0,"comment_status":"closed","ping_status":"closed","template":"","meta":{"_seopress_robots_primary_cat":"","_seopress_titles_title":"","_seopress_titles_desc":"","_seopress_robots_index":"","om_disable_all_campaigns":false,"_mi_skip_tracking":false,"_monsterinsights_sitenote_active":false,"_monsterinsights_sitenote_note":"","_monsterinsights_sitenote_category":0},"product_cat":[],"product_tag":[],"product_category":[130],"class_list":{"0":"post-6875","1":"product","2":"type-product","3":"status-publish","4":"has-post-thumbnail","6":"product_category-cummins-speed-controller","8":"first","9":"instock","10":"shipping-taxable","11":"product-type-simple"},"acf":[],"_links":{"self":[{"href":"https:\/\/www.excavatorenginepart.com\/es_co\/wp-json\/wp\/v2\/product\/6875","targetHints":{"allow":["GET"]}}],"collection":[{"href":"https:\/\/www.excavatorenginepart.com\/es_co\/wp-json\/wp\/v2\/product"}],"about":[{"href":"https:\/\/www.excavatorenginepart.com\/es_co\/wp-json\/wp\/v2\/types\/product"}],"replies":[{"embeddable":true,"href":"https:\/\/www.excavatorenginepart.com\/es_co\/wp-json\/wp\/v2\/comments?post=6875"}],"wp:featuredmedia":[{"embeddable":true,"href":"https:\/\/www.excavatorenginepart.com\/es_co\/wp-json\/wp\/v2\/media\/6876"}],"wp:attachment":[{"href":"https:\/\/www.excavatorenginepart.com\/es_co\/wp-json\/wp\/v2\/media?parent=6875"}],"wp:term":[{"taxonomy":"product_cat","embeddable":true,"href":"https:\/\/www.excavatorenginepart.com\/es_co\/wp-json\/wp\/v2\/product_cat?post=6875"},{"taxonomy":"product_tag","embeddable":true,"href":"https:\/\/www.excavatorenginepart.com\/es_co\/wp-json\/wp\/v2\/product_tag?post=6875"},{"taxonomy":"product_category","embeddable":true,"href":"https:\/\/www.excavatorenginepart.com\/es_co\/wp-json\/wp\/v2\/product_category?post=6875"}],"curies":[{"name":"wp","href":"https:\/\/api.w.org\/{rel}","templated":true}]}}