{"id":3214,"date":"2020-07-21T16:36:28","date_gmt":"2020-07-21T16:36:28","guid":{"rendered":"http:\/\/wordpress-516195-1639741.cloudwaysapps.com\/?page_id=3214"},"modified":"2023-08-14T08:20:26","modified_gmt":"2023-08-14T08:20:26","slug":"about-us","status":"publish","type":"page","link":"https:\/\/www.excavatorenginepart.com\/es_co\/sobre-nosotros\/","title":{"rendered":"Qui\u00e9nes somos"},"content":{"rendered":"<div data-elementor-type=\"wp-page\" data-elementor-id=\"3214\" class=\"elementor elementor-3214\">\n\t\t\t\t\t\t<section class=\"elementor-section elementor-top-section elementor-element elementor-element-314c8877 elementor-section-height-min-height elementor-section-full_width elementor-section-height-default elementor-section-items-middle\" data-id=\"314c8877\" data-element_type=\"section\" data-settings=\"{&quot;background_background&quot;:&quot;classic&quot;,&quot;background_motion_fx_motion_fx_scrolling&quot;:&quot;yes&quot;,&quot;background_motion_fx_devices&quot;:[&quot;desktop&quot;,&quot;tablet&quot;,&quot;mobile&quot;]}\">\n\t\t\t\t\t\t\t<div class=\"elementor-background-overlay\"><\/div>\n\t\t\t\t\t\t\t<div class=\"elementor-container elementor-column-gap-wider\">\n\t\t\t\t\t<div class=\"elementor-column elementor-col-100 elementor-top-column elementor-element elementor-element-29b3e780\" data-id=\"29b3e780\" data-element_type=\"column\">\n\t\t\t<div class=\"elementor-widget-wrap elementor-element-populated\">\n\t\t\t\t\t\t<section class=\"elementor-section elementor-inner-section elementor-element elementor-element-4aeeeb75 elementor-section-boxed elementor-section-height-default elementor-section-height-default\" data-id=\"4aeeeb75\" data-element_type=\"section\">\n\t\t\t\t\t\t<div class=\"elementor-container elementor-column-gap-no\">\n\t\t\t\t\t<div class=\"elementor-column elementor-col-100 elementor-inner-column elementor-element elementor-element-6c75e692\" data-id=\"6c75e692\" data-element_type=\"column\">\n\t\t\t<div class=\"elementor-widget-wrap elementor-element-populated\">\n\t\t\t\t\t\t<div class=\"elementor-element elementor-element-400193d2 elementor-widget elementor-widget-theme-post-title elementor-page-title elementor-widget-heading\" data-id=\"400193d2\" data-element_type=\"widget\" data-settings=\"{&quot;_animation&quot;:&quot;none&quot;,&quot;_animation_delay&quot;:600}\" data-widget_type=\"theme-post-title.default\">\n\t\t\t\t<div class=\"elementor-widget-container\">\n\t\t\t<h1 class=\"elementor-heading-title elementor-size-default\">Qui\u00e9nes somos<\/h1>\t\t<\/div>\n\t\t\t\t<\/div>\n\t\t\t\t\t<\/div>\n\t\t<\/div>\n\t\t\t\t\t<\/div>\n\t\t<\/section>\n\t\t\t\t\t<\/div>\n\t\t<\/div>\n\t\t\t\t\t<\/div>\n\t\t<\/section>\n\t\t\t\t<section class=\"elementor-section elementor-top-section elementor-element elementor-element-2df74630 elementor-section-content-middle elementor-section-boxed elementor-section-height-default elementor-section-height-default\" data-id=\"2df74630\" data-element_type=\"section\">\n\t\t\t\t\t\t<div class=\"elementor-container elementor-column-gap-default\">\n\t\t\t\t\t<div class=\"elementor-column elementor-col-50 elementor-top-column elementor-element elementor-element-24e30ff5\" data-id=\"24e30ff5\" data-element_type=\"column\">\n\t\t\t<div class=\"elementor-widget-wrap elementor-element-populated\">\n\t\t\t\t\t\t<div class=\"elementor-element elementor-element-5ab9dd57 elementor-widget elementor-widget-heading\" data-id=\"5ab9dd57\" data-element_type=\"widget\" data-widget_type=\"heading.default\">\n\t\t\t\t<div class=\"elementor-widget-container\">\n\t\t\t<h5 class=\"elementor-heading-title elementor-size-default\">Qui\u00e9nes somos<\/h5>\t\t<\/div>\n\t\t\t\t<\/div>\n\t\t\t\t<div class=\"elementor-element elementor-element-c56d363 elementor-widget elementor-widget-heading\" data-id=\"c56d363\" data-element_type=\"widget\" data-widget_type=\"heading.default\">\n\t\t\t\t<div class=\"elementor-widget-container\">\n\t\t\t<h2 class=\"elementor-heading-title elementor-size-default\">Qui\u00e9nes somos<\/h2>\t\t<\/div>\n\t\t\t\t<\/div>\n\t\t\t\t<div class=\"elementor-element elementor-element-4495b78e elementor-widget elementor-widget-text-editor\" data-id=\"4495b78e\" data-element_type=\"widget\" data-widget_type=\"text-editor.default\">\n\t\t\t\t<div class=\"elementor-widget-container\">\n\t\t\t\t\t\t\t<p>Somos la fabricaci\u00f3n de motores y piezas de repuesto del motor, el motor de la marca, incluyendo Cummins, Volvo, Caterpillar, Komatsu, Deutz, Yanmar, Kubota, Isuzu motores, original y de reemplazo estaba disponible.&nbsp;<\/p><p>Somos f\u00e1brica de piezas de repuesto de excavadora, sistema hidr\u00e1ulico de excavadora, incluyendo bomba principal de excavadora, transmisi\u00f3n final de excavadora, v\u00e1lvula de control de excavadora, motor oscilante, etc.&nbsp;<\/p>\t\t\t\t\t\t<\/div>\n\t\t\t\t<\/div>\n\t\t\t\t\t<\/div>\n\t\t<\/div>\n\t\t\t\t<div class=\"elementor-column elementor-col-50 elementor-top-column elementor-element elementor-element-7d981102\" data-id=\"7d981102\" data-element_type=\"column\">\n\t\t\t<div class=\"elementor-widget-wrap elementor-element-populated\">\n\t\t\t\t\t\t<div class=\"elementor-element elementor-element-254b8432 elementor-widget elementor-widget-image\" data-id=\"254b8432\" data-element_type=\"widget\" data-widget_type=\"image.default\">\n\t\t\t\t<div class=\"elementor-widget-container\">\n\t\t\t\t\t\t\t\t\t\t\t\t\t<img fetchpriority=\"high\" decoding=\"async\" width=\"506\" height=\"408\" src=\"https:\/\/www.excavatorenginepart.com\/wp-content\/uploads\/2022\/06\/about-03.jpg\" class=\"attachment-full size-full wp-image-7119\" alt=\"\" srcset=\"https:\/\/www.excavatorenginepart.com\/wp-content\/uploads\/2022\/06\/about-03.jpg 506w, https:\/\/www.excavatorenginepart.com\/wp-content\/uploads\/2022\/06\/about-03-300x242.jpg 300w\" sizes=\"(max-width: 506px) 100vw, 506px\" \/>\t\t\t\t\t\t\t\t\t\t\t\t\t<\/div>\n\t\t\t\t<\/div>\n\t\t\t\t\t<\/div>\n\t\t<\/div>\n\t\t\t\t\t<\/div>\n\t\t<\/section>\n\t\t\t\t<section class=\"elementor-section elementor-top-section elementor-element elementor-element-31612581 elementor-section-boxed elementor-section-height-default elementor-section-height-default\" data-id=\"31612581\" data-element_type=\"section\" data-settings=\"{&quot;background_background&quot;:&quot;classic&quot;,&quot;animation&quot;:&quot;none&quot;}\">\n\t\t\t\t\t\t\t<div class=\"elementor-background-overlay\"><\/div>\n\t\t\t\t\t\t\t<div class=\"elementor-container elementor-column-gap-default\">\n\t\t\t\t\t<div class=\"elementor-column elementor-col-100 elementor-top-column elementor-element elementor-element-42740c9c animated-slow\" data-id=\"42740c9c\" data-element_type=\"column\" data-settings=\"{&quot;animation&quot;:&quot;none&quot;}\">\n\t\t\t<div class=\"elementor-widget-wrap elementor-element-populated\">\n\t\t\t\t\t\t<div class=\"elementor-element elementor-element-2cca7127 elementor-widget elementor-widget-heading\" data-id=\"2cca7127\" data-element_type=\"widget\" data-settings=\"{&quot;_animation&quot;:&quot;none&quot;}\" data-widget_type=\"heading.default\">\n\t\t\t\t<div class=\"elementor-widget-container\">\n\t\t\t<h2 class=\"elementor-heading-title elementor-size-default\">M\u00e1s de 25 a\u00f1os de experiencia y conocimiento de los equipos de maquinaria de construcci\u00f3n \n<\/h2>\t\t<\/div>\n\t\t\t\t<\/div>\n\t\t\t\t<div class=\"elementor-element elementor-element-2ff452b5 elementor-widget elementor-widget-text-editor\" data-id=\"2ff452b5\" data-element_type=\"widget\" data-widget_type=\"text-editor.default\">\n\t\t\t\t<div class=\"elementor-widget-container\">\n\t\t\t\t\t\t\t<p>Construcci\u00f3n Mahcinery Piezas de repuesto para excavadora, bulldozer, cargadora, cami\u00f3n bomba Etc&nbsp;<\/p>\t\t\t\t\t\t<\/div>\n\t\t\t\t<\/div>\n\t\t\t\t<div class=\"elementor-element elementor-element-8d1c2e0 elementor-align-center elementor-widget elementor-widget-button\" data-id=\"8d1c2e0\" data-element_type=\"widget\" data-widget_type=\"button.default\">\n\t\t\t\t<div class=\"elementor-widget-container\">\n\t\t\t\t\t<div class=\"elementor-button-wrapper\">\n\t\t\t<a class=\"elementor-button elementor-button-link elementor-size-lg\" href=\"#elementor-action:action=popup:open&settings=eyJpZCI6IjEyNjAiLCJ0b2dnbGUiOmZhbHNlfQ==\">\n\t\t\t\t\t\t<span class=\"elementor-button-content-wrapper\">\n\t\t\t\t\t\t\t\t\t<span class=\"elementor-button-text\">Solicitar presupuesto<\/span>\n\t\t\t\t\t<\/span>\n\t\t\t\t\t<\/a>\n\t\t<\/div>\n\t\t\t\t<\/div>\n\t\t\t\t<\/div>\n\t\t\t\t\t<\/div>\n\t\t<\/div>\n\t\t\t\t\t<\/div>\n\t\t<\/section>\n\t\t\t\t<section class=\"elementor-section elementor-top-section elementor-element elementor-element-d39023e elementor-section-content-middle elementor-section-boxed elementor-section-height-default elementor-section-height-default\" data-id=\"d39023e\" data-element_type=\"section\">\n\t\t\t\t\t\t<div class=\"elementor-container elementor-column-gap-default\">\n\t\t\t\t\t<div class=\"elementor-column elementor-col-50 elementor-top-column elementor-element elementor-element-a8add44\" data-id=\"a8add44\" data-element_type=\"column\">\n\t\t\t<div class=\"elementor-widget-wrap elementor-element-populated\">\n\t\t\t\t\t\t<div class=\"elementor-element elementor-element-e5e1a13 elementor-widget elementor-widget-heading\" data-id=\"e5e1a13\" data-element_type=\"widget\" data-widget_type=\"heading.default\">\n\t\t\t\t<div class=\"elementor-widget-container\">\n\t\t\t<h5 class=\"elementor-heading-title elementor-size-default\">Producci\u00f3n<\/h5>\t\t<\/div>\n\t\t\t\t<\/div>\n\t\t\t\t<div class=\"elementor-element elementor-element-e95f894 elementor-widget elementor-widget-heading\" data-id=\"e95f894\" data-element_type=\"widget\" data-widget_type=\"heading.default\">\n\t\t\t\t<div class=\"elementor-widget-container\">\n\t\t\t<h2 class=\"elementor-heading-title elementor-size-default\">Nuestras instalaciones est\u00e1n equipadas con maquinaria de construcci\u00f3n <\/h2>\t\t<\/div>\n\t\t\t\t<\/div>\n\t\t\t\t<div class=\"elementor-element elementor-element-4a726a8 elementor-widget elementor-widget-text-editor\" data-id=\"4a726a8\" data-element_type=\"widget\" data-widget_type=\"text-editor.default\">\n\t\t\t\t<div class=\"elementor-widget-container\">\n\t\t\t\t\t\t\t<p>Maquinaria de construcci\u00f3n de Shantui , SDLG, Liugong, XCMG, Lonking, Sany, Zoomlion etc, Excavadora Piezas de repuesto para Volvo, Caterpillar, Hitachi, Yanmar, Kubota, kebelo, Komatsu, Doosan, Excavadoras&nbsp;<\/p>\t\t\t\t\t\t<\/div>\n\t\t\t\t<\/div>\n\t\t\t\t\t<\/div>\n\t\t<\/div>\n\t\t\t\t<div class=\"elementor-column elementor-col-50 elementor-top-column elementor-element elementor-element-da14f04\" data-id=\"da14f04\" data-element_type=\"column\">\n\t\t\t<div class=\"elementor-widget-wrap elementor-element-populated\">\n\t\t\t\t\t\t<div class=\"elementor-element elementor-element-1832185 elementor-widget elementor-widget-image\" data-id=\"1832185\" data-element_type=\"widget\" data-widget_type=\"image.default\">\n\t\t\t\t<div class=\"elementor-widget-container\">\n\t\t\t\t\t\t\t\t\t\t\t\t\t<img decoding=\"async\" width=\"600\" height=\"408\" src=\"https:\/\/www.excavatorenginepart.com\/wp-content\/uploads\/2022\/06\/about02.jpg\" class=\"attachment-full size-full wp-image-7120\" alt=\"\" srcset=\"https:\/\/www.excavatorenginepart.com\/wp-content\/uploads\/2022\/06\/about02.jpg 600w, https:\/\/www.excavatorenginepart.com\/wp-content\/uploads\/2022\/06\/about02-300x204.jpg 300w\" sizes=\"(max-width: 600px) 100vw, 600px\" \/>\t\t\t\t\t\t\t\t\t\t\t\t\t<\/div>\n\t\t\t\t<\/div>\n\t\t\t\t\t<\/div>\n\t\t<\/div>\n\t\t\t\t\t<\/div>\n\t\t<\/section>\n\t\t\t\t<section class=\"elementor-section elementor-top-section elementor-element elementor-element-1b30d70 elementor-section-content-middle elementor-reverse-mobile elementor-section-boxed elementor-section-height-default elementor-section-height-default\" data-id=\"1b30d70\" data-element_type=\"section\">\n\t\t\t\t\t\t<div class=\"elementor-container elementor-column-gap-default\">\n\t\t\t\t\t<div class=\"elementor-column elementor-col-50 elementor-top-column elementor-element elementor-element-4eed7a3\" data-id=\"4eed7a3\" data-element_type=\"column\">\n\t\t\t<div class=\"elementor-widget-wrap elementor-element-populated\">\n\t\t\t\t\t\t<div class=\"elementor-element elementor-element-f475983 elementor-widget elementor-widget-image\" data-id=\"f475983\" data-element_type=\"widget\" data-widget_type=\"image.default\">\n\t\t\t\t<div class=\"elementor-widget-container\">\n\t\t\t\t\t\t\t\t\t\t\t\t\t<img decoding=\"async\" width=\"600\" height=\"380\" src=\"https:\/\/www.excavatorenginepart.com\/wp-content\/uploads\/2022\/06\/about-01.jpg\" class=\"attachment-full size-full wp-image-7121\" alt=\"\" srcset=\"https:\/\/www.excavatorenginepart.com\/wp-content\/uploads\/2022\/06\/about-01.jpg 600w, https:\/\/www.excavatorenginepart.com\/wp-content\/uploads\/2022\/06\/about-01-300x190.jpg 300w\" sizes=\"(max-width: 600px) 100vw, 600px\" \/>\t\t\t\t\t\t\t\t\t\t\t\t\t<\/div>\n\t\t\t\t<\/div>\n\t\t\t\t\t<\/div>\n\t\t<\/div>\n\t\t\t\t<div class=\"elementor-column elementor-col-50 elementor-top-column elementor-element elementor-element-34be888\" data-id=\"34be888\" data-element_type=\"column\">\n\t\t\t<div class=\"elementor-widget-wrap elementor-element-populated\">\n\t\t\t\t\t\t<div class=\"elementor-element elementor-element-b3de033 elementor-widget elementor-widget-heading\" data-id=\"b3de033\" data-element_type=\"widget\" data-widget_type=\"heading.default\">\n\t\t\t\t<div class=\"elementor-widget-container\">\n\t\t\t<h5 class=\"elementor-heading-title elementor-size-default\">Control de calidad<\/h5>\t\t<\/div>\n\t\t\t\t<\/div>\n\t\t\t\t<div class=\"elementor-element elementor-element-7eb047f elementor-widget elementor-widget-heading\" data-id=\"7eb047f\" data-element_type=\"widget\" data-widget_type=\"heading.default\">\n\t\t\t\t<div class=\"elementor-widget-container\">\n\t\t\t<h2 class=\"elementor-heading-title elementor-size-default\">Pruebas de rendimiento completo con nuestros avanzados equipos<\/h2>\t\t<\/div>\n\t\t\t\t<\/div>\n\t\t\t\t<div class=\"elementor-element elementor-element-a63df6d elementor-widget elementor-widget-text-editor\" data-id=\"a63df6d\" data-element_type=\"widget\" data-widget_type=\"text-editor.default\">\n\t\t\t\t<div class=\"elementor-widget-container\">\n\t\t\t\t\t\t\t<p>Todas las piezas de repuesto que tenemos Professinal Ingeniero T\u00e9cnico para confirmar su n\u00famero de piezas, le enviaremos im\u00e1genes y v\u00eddeo a usted antes de enviar, se reducir\u00e1 la oportunidad incorrecta para proyectar su equipo para que funcione libremente. Ahorrar\u00e1 su dinero y tiempo para seleccionar las piezas de repuesto adecuadas.&nbsp;<\/p>\t\t\t\t\t\t<\/div>\n\t\t\t\t<\/div>\n\t\t\t\t\t<\/div>\n\t\t<\/div>\n\t\t\t\t\t<\/div>\n\t\t<\/section>\n\t\t\t\t<\/div>","protected":false},"excerpt":{"rendered":"<p>About Us Who We Are We Are Manufacture of Engine And Engine Spare Parts, The Engine Brand Including Cummins, Volvo, Caterpillar, Komatsu, Deutz, Yanmar, Kubota, Isuzu Engines, Original and Replacement was available.\u00a0 We are Factory of Excavator Spare Parts, Excavator Hydraulic Systerm , Including Excavator Main Pump, Excavator Final Drive, Excavator Control Valve, Swing Motor [&hellip;]<\/p>","protected":false},"author":3,"featured_media":0,"parent":0,"menu_order":0,"comment_status":"closed","ping_status":"closed","template":"elementor_header_footer","meta":{"_seopress_robots_primary_cat":"","_seopress_titles_title":"","_seopress_titles_desc":"","_seopress_robots_index":"","om_disable_all_campaigns":false,"_mi_skip_tracking":false,"_monsterinsights_sitenote_active":false,"_monsterinsights_sitenote_note":"","_monsterinsights_sitenote_category":0,"footnotes":""},"class_list":["post-3214","page","type-page","status-publish","hentry"],"acf":[],"_links":{"self":[{"href":"https:\/\/www.excavatorenginepart.com\/es_co\/wp-json\/wp\/v2\/pages\/3214","targetHints":{"allow":["GET"]}}],"collection":[{"href":"https:\/\/www.excavatorenginepart.com\/es_co\/wp-json\/wp\/v2\/pages"}],"about":[{"href":"https:\/\/www.excavatorenginepart.com\/es_co\/wp-json\/wp\/v2\/types\/page"}],"author":[{"embeddable":true,"href":"https:\/\/www.excavatorenginepart.com\/es_co\/wp-json\/wp\/v2\/users\/3"}],"replies":[{"embeddable":true,"href":"https:\/\/www.excavatorenginepart.com\/es_co\/wp-json\/wp\/v2\/comments?post=3214"}],"version-history":[{"count":120,"href":"https:\/\/www.excavatorenginepart.com\/es_co\/wp-json\/wp\/v2\/pages\/3214\/revisions"}],"predecessor-version":[{"id":8345,"href":"https:\/\/www.excavatorenginepart.com\/es_co\/wp-json\/wp\/v2\/pages\/3214\/revisions\/8345"}],"wp:attachment":[{"href":"https:\/\/www.excavatorenginepart.com\/es_co\/wp-json\/wp\/v2\/media?parent=3214"}],"curies":[{"name":"wp","href":"https:\/\/api.w.org\/{rel}","templated":true}]}}