{"id":7946,"date":"2022-12-29T01:56:56","date_gmt":"2022-12-29T01:56:56","guid":{"rendered":"https:\/\/www.excavatorenginepart.com\/?post_type=product&#038;p=7946"},"modified":"2022-12-29T02:01:37","modified_gmt":"2022-12-29T02:01:37","slug":"ecu-275800-4302-d88a-010-800-electronic-control-unit-for-truck-crane","status":"publish","type":"product","link":"https:\/\/www.excavatorenginepart.com\/es\/product\/ecu-275800-4302-d88a-010-800-electronic-control-unit-for-truck-crane\/","title":{"rendered":"ECU 275800-4302 D88A-010-800 unidad de control electr\u00f3nico para cami\u00f3n gr\u00faa"},"content":{"rendered":"<p><strong>ECU 275800-4302 D88A-010-800 unidad de control electr\u00f3nico para cami\u00f3n gr\u00faa<\/strong><\/p>\n<p><img fetchpriority=\"high\" decoding=\"async\" class=\"alignnone size-medium wp-image-7947\" src=\"https:\/\/www.excavatorenginepart.com\/wp-content\/uploads\/2022\/12\/ECU-275800-4302-D88A-010-800-electronic-control-unit-for-truck-crane-300x300.jpg\" alt=\"\" width=\"300\" height=\"300\" srcset=\"https:\/\/www.excavatorenginepart.com\/wp-content\/uploads\/2022\/12\/ECU-275800-4302-D88A-010-800-electronic-control-unit-for-truck-crane-300x300.jpg 300w, https:\/\/www.excavatorenginepart.com\/wp-content\/uploads\/2022\/12\/ECU-275800-4302-D88A-010-800-electronic-control-unit-for-truck-crane-150x150.jpg 150w, https:\/\/www.excavatorenginepart.com\/wp-content\/uploads\/2022\/12\/ECU-275800-4302-D88A-010-800-electronic-control-unit-for-truck-crane.jpg 600w\" sizes=\"(max-width: 300px) 100vw, 300px\" \/><\/p>\n<p>Genuine Car Truck ECU D88A-010-800 275800-4301 Diesel Engine Electronic Control Unit<\/p>\n<p>Computer Module ECM Motor For Shangchai diesel<\/p>\n<p><img decoding=\"async\" class=\"alignnone size-medium wp-image-7949\" src=\"https:\/\/www.excavatorenginepart.com\/wp-content\/uploads\/2022\/12\/Genuine-Car-Truck-ECU-D88A-010-800-275800-4301-Diesel-Engine-Electronic-Control-Unit-Computer-Module-ECM-Motor-For-Shangchai-diesel-300x300.jpg\" alt=\"\" width=\"300\" height=\"300\" srcset=\"https:\/\/www.excavatorenginepart.com\/wp-content\/uploads\/2022\/12\/Genuine-Car-Truck-ECU-D88A-010-800-275800-4301-Diesel-Engine-Electronic-Control-Unit-Computer-Module-ECM-Motor-For-Shangchai-diesel-300x300.jpg 300w, https:\/\/www.excavatorenginepart.com\/wp-content\/uploads\/2022\/12\/Genuine-Car-Truck-ECU-D88A-010-800-275800-4301-Diesel-Engine-Electronic-Control-Unit-Computer-Module-ECM-Motor-For-Shangchai-diesel-150x150.jpg 150w, https:\/\/www.excavatorenginepart.com\/wp-content\/uploads\/2022\/12\/Genuine-Car-Truck-ECU-D88A-010-800-275800-4301-Diesel-Engine-Electronic-Control-Unit-Computer-Module-ECM-Motor-For-Shangchai-diesel.jpg 600w\" sizes=\"(max-width: 300px) 100vw, 300px\" \/><\/p>\n<p>Shangchai Engine spare parts D88A-010-800 275800-4302 Engine ECU controller<\/p>\n<p><img decoding=\"async\" class=\"alignnone size-medium wp-image-7948\" src=\"https:\/\/www.excavatorenginepart.com\/wp-content\/uploads\/2022\/12\/engine-spare-parts-D88A-010-800-275800-4302-Engine-ECU-controller-300x300.jpg\" alt=\"\" width=\"300\" height=\"300\" srcset=\"https:\/\/www.excavatorenginepart.com\/wp-content\/uploads\/2022\/12\/engine-spare-parts-D88A-010-800-275800-4302-Engine-ECU-controller-300x300.jpg 300w, https:\/\/www.excavatorenginepart.com\/wp-content\/uploads\/2022\/12\/engine-spare-parts-D88A-010-800-275800-4302-Engine-ECU-controller-150x150.jpg 150w, https:\/\/www.excavatorenginepart.com\/wp-content\/uploads\/2022\/12\/engine-spare-parts-D88A-010-800-275800-4302-Engine-ECU-controller.jpg 600w\" sizes=\"(max-width: 300px) 100vw, 300px\" \/><\/p>\n<p><strong>Descripci\u00f3n del producto<\/strong><\/p>\n<p class=\"magic-5\"><span style=\"font-size: medium;\" data-spm-anchor-id=\"a2700.details.0.i9.6ae6edc4JWhT9z\">Shangchai electronic control unit 275800-4302 ECU D88A-010-800 for truck crane<\/span><\/p>\n<p class=\"magic-5\"><span style=\"font-size: medium;\">Model:275800-4302<\/span><\/p>\n<p class=\"magic-5\" data-spm-anchor-id=\"a2700.details.0.i10.6ae6edc4JWhT9z\"><span style=\"font-size: medium;\">Part No.:\u00a0 D88A-010-800<\/span><\/p>\n<p class=\"magic-5\"><span style=\"font-size: medium;\">Name: Electronic control unit ECU<\/span><\/p>\n<p class=\"magic-5\"><span style=\"font-size: medium;\">Application: Shangchai engine<\/span><\/p>\n<p><strong>Datos esenciales<\/strong><\/p>\n<p>Estado:Nuevo<br \/>\nApplicable Industries:Building Material Shops, Machinery Repair Shops, Manufacturing Plant, Construction works , Energy &amp; Mining<br \/>\nV\u00eddeo de la inspecci\u00f3n de salida:Proporcionado<br \/>\nInforme de ensayo de la maquinaria:Suministrado<br \/>\nTipo de comercializaci\u00f3n:Producto ordinario<br \/>\nPlace of Origin:Japan<br \/>\nBrand Name:shangchai<br \/>\nWarranty:3months<br \/>\nPart name:ECU, electronic control unit<br \/>\nModel:275800-4302<br \/>\nPart number:D88A-010-800<br \/>\nColor:Silver<br \/>\nApplication:engine for truck or truck crane<br \/>\nMaterial:Alloy Steel<br \/>\nMOQ:1pcs<br \/>\nQuality:High Guarantee<br \/>\nPacking:Carto<\/p>\n<p><strong>Las ventajas de nuestra empresa<\/strong><\/p>\n<p>Podemos suministrar <a href=\"http:\/\/www.kpdiesel.com\">Piezas de motores diesel<\/a> :<br \/>\n<a href=\"https:\/\/www.excavatorenginepart.com\/es\/product-category\/cummins-diesel-engine\/\">Motores diesel: <\/a>Motor diesel Cummins, motor diesel Weichai, motor diesel Shangchai, motor diesel Komatsu, motor diesel Yanmar.<\/p>\n<p><a href=\"https:\/\/www.excavatorenginepart.com\/es\/product-category\/deutz-engine-part\/\">Piezas del motor:<\/a> Pieza de motor Cummins, pieza de motor Deutz, pieza de motor Volvo, pieza de motor Caterpiller, pieza de motor Kubota, pieza de motor Yanmar, pieza de motor Isuzu, pieza de motor Mitsubishi, pieza de motor Perkins, pieza de motor Komatsu, pieza de motor Wechai, pieza de motor Shangchai, pieza de motor Yuchai.<\/p>\n<p><a href=\"https:\/\/www.excavatorenginepart.com\/es\/product-category\/shantui-bulldozer-part\/\">Piezas de bulldozer:<\/a> Shantui bulldozer parte, Shanghai pengpu bulldozer parte, HBXG bulldozer parte, Liugong Bulldozer parte, Tianjin Yishan bulldozer parte.<\/p>\n<p><a href=\"https:\/\/www.excavatorenginepart.com\/es\/product-category\/sdlg-loader-parts\/\">Piezas de la cargadora:<\/a> Piezas para cargadoras SDLG, piezas para cargadoras Liugong, piezas para cargadoras XCMG, piezas para cargadoras Lonking, piezas para cargadoras XGMA.<\/p>\n<p><a href=\"https:\/\/www.excavatorenginepart.com\/es\/product-category\/dse-controller\/\">Piezas del generador:<\/a> Controlador DSE, Controlador ComAp, Controlador Woodward, Controlador de velocidad Cummins, Controlador de velocidad GAC, AVR de generador, Actuadores de motor, Sensores de motor, Medidores de motor.<\/p>\n<p><a href=\"https:\/\/www.excavatorenginepart.com\/es\/product-category\/excavator-hydraulic-pump\/\">Piezas de excavadoras<\/a>: Piezas del motor de la excavadora, piezas del tren de rodaje de la excavadora, transmisi\u00f3n final de la excavadora, v\u00e1lvula principal de la excavadora, bomba hidr\u00e1ulica de la excavadora.<\/p>\n<p>Para m\u00e1s informaci\u00f3n, p\u00f3ngase en contacto con nosotros.\u00a0<\/p>\n<p><strong><span style=\"color: #ff0000;\">WhatsApp, Wechat : 0086 15553722299\u00a0<\/span><\/strong><\/p>\n<p>&nbsp;<\/p>\n<p>&nbsp;<\/p>\n<p>&nbsp;<\/p>","protected":false},"excerpt":{"rendered":"<p>ECU 275800-4302 D88A-010-800 electronic control unit for truck crane Genuine Car Truck ECU D88A-010-800 275800-4301 Diesel Engine Electronic Control Unit Computer Module ECM Motor For Shangchai diesel Shangchai Engine spare parts D88A-010-800 275800-4302 Engine ECU controller Product Description Shangchai electronic control unit 275800-4302 ECU D88A-010-800 for truck crane Model:275800-4302 Part No.:\u00a0 D88A-010-800 Name: Electronic control [&hellip;]<\/p>","protected":false},"featured_media":7947,"menu_order":0,"comment_status":"closed","ping_status":"closed","template":"","meta":{"_seopress_robots_primary_cat":"","_seopress_titles_title":"","_seopress_titles_desc":"","_seopress_robots_index":"","om_disable_all_campaigns":false,"_mi_skip_tracking":false,"_monsterinsights_sitenote_active":false,"_monsterinsights_sitenote_note":"","_monsterinsights_sitenote_category":0},"product_cat":[],"product_tag":[],"product_category":[120],"class_list":{"0":"post-7946","1":"product","2":"type-product","3":"status-publish","4":"has-post-thumbnail","6":"product_category-shangchai-engine-part","8":"first","9":"instock","10":"shipping-taxable","11":"product-type-simple"},"acf":[],"_links":{"self":[{"href":"https:\/\/www.excavatorenginepart.com\/es\/wp-json\/wp\/v2\/product\/7946","targetHints":{"allow":["GET"]}}],"collection":[{"href":"https:\/\/www.excavatorenginepart.com\/es\/wp-json\/wp\/v2\/product"}],"about":[{"href":"https:\/\/www.excavatorenginepart.com\/es\/wp-json\/wp\/v2\/types\/product"}],"replies":[{"embeddable":true,"href":"https:\/\/www.excavatorenginepart.com\/es\/wp-json\/wp\/v2\/comments?post=7946"}],"wp:featuredmedia":[{"embeddable":true,"href":"https:\/\/www.excavatorenginepart.com\/es\/wp-json\/wp\/v2\/media\/7947"}],"wp:attachment":[{"href":"https:\/\/www.excavatorenginepart.com\/es\/wp-json\/wp\/v2\/media?parent=7946"}],"wp:term":[{"taxonomy":"product_cat","embeddable":true,"href":"https:\/\/www.excavatorenginepart.com\/es\/wp-json\/wp\/v2\/product_cat?post=7946"},{"taxonomy":"product_tag","embeddable":true,"href":"https:\/\/www.excavatorenginepart.com\/es\/wp-json\/wp\/v2\/product_tag?post=7946"},{"taxonomy":"product_category","embeddable":true,"href":"https:\/\/www.excavatorenginepart.com\/es\/wp-json\/wp\/v2\/product_category?post=7946"}],"curies":[{"name":"wp","href":"https:\/\/api.w.org\/{rel}","templated":true}]}}