{"id":7922,"date":"2022-12-27T13:47:46","date_gmt":"2022-12-27T13:47:46","guid":{"rendered":"https:\/\/www.excavatorenginepart.com\/?post_type=product&#038;p=7922"},"modified":"2022-12-27T13:55:47","modified_gmt":"2022-12-27T13:55:47","slug":"hbxg-bulldozer-parts-transmission-flange-0t04013","status":"publish","type":"product","link":"https:\/\/www.excavatorenginepart.com\/es\/product\/hbxg-bulldozer-parts-transmission-flange-0t04013\/","title":{"rendered":"HBXG Bulldozer Piezas Transmisi\u00f3n Brida 0T04013"},"content":{"rendered":"<p><strong>HBXG Bulldozer Piezas Transmisi\u00f3n Brida 0T04013<\/strong><\/p>\n<p>HBXG Bulldozer Parts Transmission Flange 0T04013 Used for HBXG TY165-1 , TY165-2 SD7N,\u00a0<\/p>\n<p>SD8N Bulldozer, This Spare parts fitting on HBXG Bulldozer transmission assembly.\u00a0<\/p>\n<p><img fetchpriority=\"high\" decoding=\"async\" class=\"alignnone size-medium wp-image-7924\" src=\"https:\/\/www.excavatorenginepart.com\/wp-content\/uploads\/2022\/12\/HBXG-Bulldozer-Parts-Transmission-Flange-0T04013-300x300.jpg\" alt=\"\" width=\"300\" height=\"300\" srcset=\"https:\/\/www.excavatorenginepart.com\/wp-content\/uploads\/2022\/12\/HBXG-Bulldozer-Parts-Transmission-Flange-0T04013-300x300.jpg 300w, https:\/\/www.excavatorenginepart.com\/wp-content\/uploads\/2022\/12\/HBXG-Bulldozer-Parts-Transmission-Flange-0T04013-150x150.jpg 150w, https:\/\/www.excavatorenginepart.com\/wp-content\/uploads\/2022\/12\/HBXG-Bulldozer-Parts-Transmission-Flange-0T04013.jpg 600w\" sizes=\"(max-width: 300px) 100vw, 300px\" \/><\/p>\n<p>0T04013 flange For HBXG SD8N Dozer<\/p>\n<p><img decoding=\"async\" class=\"alignnone size-medium wp-image-7923\" src=\"https:\/\/www.excavatorenginepart.com\/wp-content\/uploads\/2022\/12\/0T04013-flange-For-HBXG-SD8N-Dozer-300x300.jpg\" alt=\"\" width=\"300\" height=\"300\" srcset=\"https:\/\/www.excavatorenginepart.com\/wp-content\/uploads\/2022\/12\/0T04013-flange-For-HBXG-SD8N-Dozer-300x300.jpg 300w, https:\/\/www.excavatorenginepart.com\/wp-content\/uploads\/2022\/12\/0T04013-flange-For-HBXG-SD8N-Dozer-150x150.jpg 150w, https:\/\/www.excavatorenginepart.com\/wp-content\/uploads\/2022\/12\/0T04013-flange-For-HBXG-SD8N-Dozer.jpg 600w\" sizes=\"(max-width: 300px) 100vw, 300px\" \/><\/p>\n<p>HBXG SHEHWA OT04013 Transmission Flange<\/p>\n<p><img decoding=\"async\" class=\"alignnone size-medium wp-image-7925\" src=\"https:\/\/www.excavatorenginepart.com\/wp-content\/uploads\/2022\/12\/HBXG-SHEHWA-OT04013-Transmission-Flange-300x300.jpg\" alt=\"\" width=\"300\" height=\"300\" srcset=\"https:\/\/www.excavatorenginepart.com\/wp-content\/uploads\/2022\/12\/HBXG-SHEHWA-OT04013-Transmission-Flange-300x300.jpg 300w, https:\/\/www.excavatorenginepart.com\/wp-content\/uploads\/2022\/12\/HBXG-SHEHWA-OT04013-Transmission-Flange-150x150.jpg 150w, https:\/\/www.excavatorenginepart.com\/wp-content\/uploads\/2022\/12\/HBXG-SHEHWA-OT04013-Transmission-Flange.jpg 600w\" sizes=\"(max-width: 300px) 100vw, 300px\" \/><\/p>\n<p>HBXG SHEHWA SD7 dozer parts 0T04013<\/p>\n<p><img loading=\"lazy\" decoding=\"async\" class=\"alignnone size-medium wp-image-7926\" src=\"https:\/\/www.excavatorenginepart.com\/wp-content\/uploads\/2022\/12\/HBXG-SHEHWA-SD7-dozer-parts-0T04013-300x300.jpg\" alt=\"\" width=\"300\" height=\"300\" srcset=\"https:\/\/www.excavatorenginepart.com\/wp-content\/uploads\/2022\/12\/HBXG-SHEHWA-SD7-dozer-parts-0T04013-300x300.jpg 300w, https:\/\/www.excavatorenginepart.com\/wp-content\/uploads\/2022\/12\/HBXG-SHEHWA-SD7-dozer-parts-0T04013-150x150.jpg 150w, https:\/\/www.excavatorenginepart.com\/wp-content\/uploads\/2022\/12\/HBXG-SHEHWA-SD7-dozer-parts-0T04013.jpg 600w\" sizes=\"(max-width: 300px) 100vw, 300px\" \/><\/p>\n<p>HBXG SHEHWA SD9 dozer parts 0T04013<\/p>\n<p><img loading=\"lazy\" decoding=\"async\" class=\"alignnone size-medium wp-image-7927\" src=\"https:\/\/www.excavatorenginepart.com\/wp-content\/uploads\/2022\/12\/HBXG-SHEHWA-SD9-dozer-parts-0T04013-300x300.jpg\" alt=\"\" width=\"300\" height=\"300\" srcset=\"https:\/\/www.excavatorenginepart.com\/wp-content\/uploads\/2022\/12\/HBXG-SHEHWA-SD9-dozer-parts-0T04013-300x300.jpg 300w, https:\/\/www.excavatorenginepart.com\/wp-content\/uploads\/2022\/12\/HBXG-SHEHWA-SD9-dozer-parts-0T04013-150x150.jpg 150w, https:\/\/www.excavatorenginepart.com\/wp-content\/uploads\/2022\/12\/HBXG-SHEHWA-SD9-dozer-parts-0T04013.jpg 600w\" sizes=\"(max-width: 300px) 100vw, 300px\" \/><\/p>\n<p><strong><span data-spm-anchor-id=\"a2700.details.0.i1.21b470087HK3dB\">More Competitive Parts:<\/span><\/strong>\u00a0 \u00a0<\/p>\n<p>1. Engine Related Parts (Radiator, Fan, Power take-off)<\/p>\n<p>2. Torque Converter (Turbine Pump, Stator, Gear, Relief Valve)<\/p>\n<p>3. Transmission Parts (Carrier, Friction, Plate, Shaft)<\/p>\n<p>4. Steering System Parts (Steering clutch, Spiral bevel, Steering valve)<\/p>\n<p>5. Final Drive Parts (Pinion, Sprocket Hub, Drum, Bearing)<\/p>\n<p>6. Undercarriage Parts (Track shoe, Track link, Track roller, Carrier Roller, Track Shoe Ass\u2019y)<\/p>\n<p>7. Cylinders System (Blade Lifting Cylinder, Tilt Cylinder, Ripper Oil Cylinder, Hose, Tube)<\/p>\n<p>8. Pump (Transmission Pump, Scavenging Pump, Hydraulic Pump, Steering Pump)<\/p>\n<p>9. GET Parts (Cutting Edge, End Bit, Tooth Tip, Shank, Guard Plate)<\/p>\n<p>10. Engine Assy (WEICHAI POWER, SHANGHAI DIESEL, CUMMINS)<\/p>\n<p>HBXG Bulldozer Spare Parts List\u00a0<\/p>\n<table width=\"489\">\n<tbody>\n<tr>\n<td width=\"67\">Art\u00edculo<\/td>\n<td width=\"209\">PN<\/td>\n<td width=\"213\">Nombre de la pieza<\/td>\n<\/tr>\n<tr>\n<td>1<\/td>\n<td>0T03052<\/td>\n<td>Planetary Shaft<\/td>\n<\/tr>\n<tr>\n<td>2<\/td>\n<td>GB93-76 10<\/td>\n<td>Wash 10\u00a0<\/td>\n<\/tr>\n<tr>\n<td>3<\/td>\n<td>0T03016<\/td>\n<td>Spring Sleeve\u00a0<\/td>\n<\/tr>\n<tr>\n<td>4<\/td>\n<td>1B45510<\/td>\n<td>Gasket\u00a0<\/td>\n<\/tr>\n<tr>\n<td>5<\/td>\n<td>0T03015<\/td>\n<td>Piston Seat\u00a0<\/td>\n<\/tr>\n<tr>\n<td>6<\/td>\n<td>GB1230-84 12<\/td>\n<td>Wash 12\u00a0<\/td>\n<\/tr>\n<tr>\n<td>7<\/td>\n<td>0T03042<\/td>\n<td>Bolt\u00a0<\/td>\n<\/tr>\n<tr>\n<td>8<\/td>\n<td>0T03046<\/td>\n<td>Planetary Shaft<\/td>\n<\/tr>\n<tr>\n<td>9<\/td>\n<td>0T03017<\/td>\n<td>Sleeve\u00a0<\/td>\n<\/tr>\n<tr>\n<td>10<\/td>\n<td>0T03086<\/td>\n<td>Front Cover\u00a0\u00a0<\/td>\n<\/tr>\n<tr>\n<td>11<\/td>\n<td>GB894.1-86 130<\/td>\n<td>Retainer 130<\/td>\n<\/tr>\n<tr>\n<td>12<\/td>\n<td>0T03026<\/td>\n<td>Pin\u00a0<\/td>\n<\/tr>\n<tr>\n<td>13<\/td>\n<td>0T03037<\/td>\n<td>Bolt\u00a0<\/td>\n<\/tr>\n<tr>\n<td>14<\/td>\n<td>0T03085<\/td>\n<td>Oil seal\u00a0<\/td>\n<\/tr>\n<tr>\n<td>15<\/td>\n<td>0T03084<\/td>\n<td>Bush\u00a0<\/td>\n<\/tr>\n<tr>\n<td>16<\/td>\n<td>0T03041<\/td>\n<td>Coupling Disc\u00a0<\/td>\n<\/tr>\n<tr>\n<td>17<\/td>\n<td>0T03099<\/td>\n<td>Pist\u00f3n<\/td>\n<\/tr>\n<tr>\n<td>18<\/td>\n<td>0T03071<\/td>\n<td>Seal Ring\u00a0<\/td>\n<\/tr>\n<tr>\n<td>19<\/td>\n<td>54.5*3.55<\/td>\n<td>O-Seal Ring\u00a0<\/td>\n<\/tr>\n<tr>\n<td>20<\/td>\n<td>0T03078<\/td>\n<td>Pin\u00a0<\/td>\n<\/tr>\n<tr>\n<td>21<\/td>\n<td>0T03070<\/td>\n<td>Piston Seat\u00a0<\/td>\n<\/tr>\n<tr>\n<td>22<\/td>\n<td>0T03215<\/td>\n<td>O-Seal Ring\u00a0<\/td>\n<\/tr>\n<tr>\n<td>23<\/td>\n<td>100*130*12<\/td>\n<td>Oil seal\u00a0<\/td>\n<\/tr>\n<tr>\n<td>24<\/td>\n<td>180*3.55<\/td>\n<td>Oil seal\u00a0<\/td>\n<\/tr>\n<tr>\n<td>25<\/td>\n<td>0T03204<\/td>\n<td>O-Seal Ring\u00a0<\/td>\n<\/tr>\n<tr>\n<td>26<\/td>\n<td>0T03322<\/td>\n<td>O-Seal Ring\u00a0<\/td>\n<\/tr>\n<tr>\n<td>27<\/td>\n<td>0T03320<\/td>\n<td>Cover Gasket\u00a0<\/td>\n<\/tr>\n<tr>\n<td>28<\/td>\n<td>0T03323<\/td>\n<td>Gasket Screen Cover<\/td>\n<\/tr>\n<tr>\n<td>29<\/td>\n<td>M12*65<\/td>\n<td>Bolt\u00a0<\/td>\n<\/tr>\n<tr>\n<td>30<\/td>\n<td>GB97 12<\/td>\n<td>Plain Washer\u00a0<\/td>\n<\/tr>\n<tr>\n<td>31<\/td>\n<td>M10*22<\/td>\n<td>Bolt\u00a0<\/td>\n<\/tr>\n<tr>\n<td>32<\/td>\n<td>GB97 10<\/td>\n<td>Plain Washer\u00a0<\/td>\n<\/tr>\n<tr>\n<td>33<\/td>\n<td>M12*40<\/td>\n<td>Bolt\u00a0<\/td>\n<\/tr>\n<tr>\n<td>34<\/td>\n<td>M12*120<\/td>\n<td>Bolt\u00a0<\/td>\n<\/tr>\n<tr>\n<td>35<\/td>\n<td>10*1.8<\/td>\n<td>O-Seal Ring\u00a0<\/td>\n<\/tr>\n<tr>\n<td>36<\/td>\n<td>38.7*2.65<\/td>\n<td>O-Seal Ring\u00a0<\/td>\n<\/tr>\n<tr>\n<td>37<\/td>\n<td>26.5*3.55<\/td>\n<td>O-Seal Ring\u00a0<\/td>\n<\/tr>\n<tr>\n<td>38<\/td>\n<td>9*1.8<\/td>\n<td>O-Seal Ring\u00a0<\/td>\n<\/tr>\n<tr>\n<td>39<\/td>\n<td>40*5.3<\/td>\n<td>O-Seal Ring\u00a0<\/td>\n<\/tr>\n<tr>\n<td>40<\/td>\n<td>50*3.55<\/td>\n<td>O-Seal Ring\u00a0<\/td>\n<\/tr>\n<tr>\n<td>41<\/td>\n<td>0T03401<\/td>\n<td>Brida\u00a0<\/td>\n<\/tr>\n<tr>\n<td>42<\/td>\n<td>1000920<\/td>\n<td>Rodamiento\u00a0<\/td>\n<\/tr>\n<tr>\n<td>43<\/td>\n<td>0T04030<\/td>\n<td>Seal Ring\u00a0<\/td>\n<\/tr>\n<tr>\n<td>44<\/td>\n<td>0T04028<\/td>\n<td>Seal Ring\u00a0<\/td>\n<\/tr>\n<tr>\n<td>45<\/td>\n<td>0T04007<\/td>\n<td>Seal Ring\u00a0<\/td>\n<\/tr>\n<tr>\n<td>46<\/td>\n<td>0T04009<\/td>\n<td>Friction Disc Inner\u00a0<\/td>\n<\/tr>\n<tr>\n<td>47<\/td>\n<td>1000926<\/td>\n<td>Rodamiento\u00a0<\/td>\n<\/tr>\n<tr>\n<td>48<\/td>\n<td>487*7<\/td>\n<td>O-Seal Ring\u00a0<\/td>\n<\/tr>\n<tr>\n<td>49<\/td>\n<td>30*3.55<\/td>\n<td>O-Seal Ring\u00a0<\/td>\n<\/tr>\n<tr>\n<td>50<\/td>\n<td>15*2.65<\/td>\n<td>O-Seal Ring\u00a0<\/td>\n<\/tr>\n<tr>\n<td>51<\/td>\n<td>0T04029<\/td>\n<td>Seal Ring\u00a0<\/td>\n<\/tr>\n<tr>\n<td>52<\/td>\n<td>0T04031<\/td>\n<td>Seal Ring\u00a0<\/td>\n<\/tr>\n<tr>\n<td>53<\/td>\n<td>0T04027<\/td>\n<td>Seal Ring\u00a0<\/td>\n<\/tr>\n<tr>\n<td>54<\/td>\n<td>1000924<\/td>\n<td>Rodamiento\u00a0<\/td>\n<\/tr>\n<tr>\n<td>55<\/td>\n<td>60*85*12<\/td>\n<td>Oil seal\u00a0<\/td>\n<\/tr>\n<tr>\n<td>56<\/td>\n<td>580*7<\/td>\n<td>O-Seal Ring\u00a0<\/td>\n<\/tr>\n<tr>\n<td>57<\/td>\n<td>43.7*3.55<\/td>\n<td>O-Ring\u00a0<\/td>\n<\/tr>\n<tr>\n<td>58<\/td>\n<td>180*5.3<\/td>\n<td>O-Ring\u00a0<\/td>\n<\/tr>\n<tr>\n<td>59<\/td>\n<td>0T05020<\/td>\n<td>End Gasket\u00a0<\/td>\n<\/tr>\n<tr>\n<td>60<\/td>\n<td>38.7*3.55<\/td>\n<td>O-Ring\u00a0<\/td>\n<\/tr>\n<tr>\n<td>61<\/td>\n<td>17*2.65<\/td>\n<td>O-Ring\u00a0<\/td>\n<\/tr>\n<tr>\n<td>62<\/td>\n<td>20*2.65<\/td>\n<td>O-Ring\u00a0<\/td>\n<\/tr>\n<tr>\n<td>63<\/td>\n<td>475*7<\/td>\n<td>O-Ring\u00a0<\/td>\n<\/tr>\n<tr>\n<td>64<\/td>\n<td>OT04012<\/td>\n<td>Friction Disc Outer<\/td>\n<\/tr>\n<tr>\n<td>65<\/td>\n<td>OT04013<\/td>\n<td>Driving Hub<\/td>\n<\/tr>\n<tr>\n<td>66<\/td>\n<td>GB5782-86<\/td>\n<td>Bolt<\/td>\n<\/tr>\n<tr>\n<td>67<\/td>\n<td>1B01462<\/td>\n<td>Transmission Filter<\/td>\n<\/tr>\n<tr>\n<td>68<\/td>\n<td>0T03063<\/td>\n<td>FRICTION DISC<\/td>\n<\/tr>\n<tr>\n<td>69<\/td>\n<td>0T03064<\/td>\n<td>COUPLING DISC<\/td>\n<\/tr>\n<tr>\n<td>70<\/td>\n<td>0T03062<\/td>\n<td>SPACER<\/td>\n<\/tr>\n<tr>\n<td>71<\/td>\n<td>0T03060<\/td>\n<td>CLAMP RING<\/td>\n<\/tr>\n<tr>\n<td>72<\/td>\n<td>1B45110<\/td>\n<td>GASKET<\/td>\n<\/tr>\n<tr>\n<td>73<\/td>\n<td>0T03088<\/td>\n<td>FRICTION DISC<\/td>\n<\/tr>\n<tr>\n<td>74<\/td>\n<td>0T03095<\/td>\n<td>SEAL RING<\/td>\n<\/tr>\n<tr>\n<td>75<\/td>\n<td>0T03040<\/td>\n<td>FRICTION DISC<\/td>\n<\/tr>\n<tr>\n<td>76<\/td>\n<td>0T03098<\/td>\n<td>SEAL RING<\/td>\n<\/tr>\n<tr>\n<td>77<\/td>\n<td>0T03027<\/td>\n<td>SLEEVE<\/td>\n<\/tr>\n<tr>\n<td>78<\/td>\n<td>0T03085<\/td>\n<td>OIL SEAL<\/td>\n<\/tr>\n<tr>\n<td>79<\/td>\n<td>0T03034<\/td>\n<td>CLAMP RING<\/td>\n<\/tr>\n<tr>\n<td>80<\/td>\n<td>0T03021<\/td>\n<td>PRESS PLATE<\/td>\n<\/tr>\n<tr>\n<td>81<\/td>\n<td>0T03048<\/td>\n<td>GASKET<\/td>\n<\/tr>\n<tr>\n<td>82<\/td>\n<td>0T03097<\/td>\n<td>SEAL RING<\/td>\n<\/tr>\n<tr>\n<td>83<\/td>\n<td>0T03096<\/td>\n<td>SEAL RING<\/td>\n<\/tr>\n<tr>\n<td>84<\/td>\n<td>0T03051<\/td>\n<td>SLEEVE<\/td>\n<\/tr>\n<tr>\n<td>85<\/td>\n<td>GB3452.1-82<\/td>\n<td>O-SEAL RING 92.5&#215;3.55<\/td>\n<\/tr>\n<tr>\n<td>86<\/td>\n<td>GB273.3-88<\/td>\n<td>BEARING 113<\/td>\n<\/tr>\n<tr>\n<td>87<\/td>\n<td>GB894.1-86<\/td>\n<td>O-SEAL RING 54.5&#215;3.55<\/td>\n<\/tr>\n<tr>\n<td>88<\/td>\n<td>0T03083<\/td>\n<td>SEAL RING<\/td>\n<\/tr>\n<tr>\n<td>89<\/td>\n<td>0T03073<\/td>\n<td>GASKET<\/td>\n<\/tr>\n<tr>\n<td>90<\/td>\n<td>0T03094<\/td>\n<td>SEAL RING<\/td>\n<\/tr>\n<tr>\n<td>91<\/td>\n<td>0T03401<\/td>\n<td>FLANGE<\/td>\n<\/tr>\n<tr>\n<td>92<\/td>\n<td>HG4-692-67<\/td>\n<td>OIL SEAL75*105*12<\/td>\n<\/tr>\n<tr>\n<td>93<\/td>\n<td>0T02044<\/td>\n<td>PRESSURE VALVE OUTER<\/td>\n<\/tr>\n<tr>\n<td>94<\/td>\n<td>HG4-692-67<\/td>\n<td>OIL SEAL100*130*12<\/td>\n<\/tr>\n<tr>\n<td>95<\/td>\n<td>GB237-87<\/td>\n<td>BEARING32117<\/td>\n<\/tr>\n<tr>\n<td>96<\/td>\n<td>0T03214<\/td>\n<td>BEARING SEAT<\/td>\n<\/tr>\n<tr>\n<td>97<\/td>\n<td>0T03217<\/td>\n<td>DRIVE GEAR<\/td>\n<\/tr>\n<tr>\n<td>98<\/td>\n<td>GB297-84<\/td>\n<td>BEARING3007213<\/td>\n<\/tr>\n<tr>\n<td>99<\/td>\n<td>GB297-84<\/td>\n<td>BEARING2007121<\/td>\n<\/tr>\n<tr>\n<td>100<\/td>\n<td>0T03260<\/td>\n<td>OIL PIPE<\/td>\n<\/tr>\n<tr>\n<td>101<\/td>\n<td>0T03232<\/td>\n<td>BEARING BRACKET\u00a0<\/td>\n<\/tr>\n<tr>\n<td>102<\/td>\n<td>0T03259<\/td>\n<td>BEARING<\/td>\n<\/tr>\n<tr>\n<td>103<\/td>\n<td>0T03222<\/td>\n<td>BEARING BRACKET\u00a0<\/td>\n<\/tr>\n<tr>\n<td>104<\/td>\n<td>0T03306<\/td>\n<td>SPRING<\/td>\n<\/tr>\n<tr>\n<td>105<\/td>\n<td>GB3452.1-82<\/td>\n<td>O-SEAL RING38.7*2.65<\/td>\n<\/tr>\n<tr>\n<td>106<\/td>\n<td>0T12138<\/td>\n<td>PIPE<\/td>\n<\/tr>\n<tr>\n<td>107<\/td>\n<td>0T12193<\/td>\n<td>PRIORITY VALVE<\/td>\n<\/tr>\n<tr>\n<td>108<\/td>\n<td>0T12304<\/td>\n<td>PUMP<\/td>\n<\/tr>\n<tr>\n<td>109<\/td>\n<td>0T12302<\/td>\n<td>PUMP<\/td>\n<\/tr>\n<tr>\n<td>110<\/td>\n<td>0T03021<\/td>\n<td>PLATE<\/td>\n<\/tr>\n<tr>\n<td>111<\/td>\n<td>0T3029<\/td>\n<td>PISTON SEAT\u00a0<\/td>\n<\/tr>\n<tr>\n<td>112<\/td>\n<td>0T3022<\/td>\n<td>DRIVEN GEAR\u00a0<\/td>\n<\/tr>\n<tr>\n<td>113<\/td>\n<td>0T3098<\/td>\n<td>SEAL RING\u00a0<\/td>\n<\/tr>\n<tr>\n<td>114<\/td>\n<td>GB984.1-86<\/td>\n<td>RETAINER 130<\/td>\n<\/tr>\n<tr>\n<td>115<\/td>\n<td>0T3026<\/td>\n<td>PIN\u00a0<\/td>\n<\/tr>\n<tr>\n<td>116<\/td>\n<td>GB984.1-86<\/td>\n<td>RETAINER 82<\/td>\n<\/tr>\n<tr>\n<td>117<\/td>\n<td>GB984.1-86<\/td>\n<td>RETAINER 180<\/td>\n<\/tr>\n<tr>\n<td>118<\/td>\n<td>0T3102<\/td>\n<td>PISTON\u00a0<\/td>\n<\/tr>\n<tr>\n<td>119<\/td>\n<td>0T3033<\/td>\n<td>DISC SPRING\u00a0<\/td>\n<\/tr>\n<tr>\n<td>120<\/td>\n<td>GB984.1-86<\/td>\n<td>RETAINER 63<\/td>\n<\/tr>\n<tr>\n<td>121<\/td>\n<td>0T03065<\/td>\n<td>SPRING\u00a0<\/td>\n<\/tr>\n<tr>\n<td>122<\/td>\n<td>0T03092<\/td>\n<td>PIN\u00a0<\/td>\n<\/tr>\n<tr>\n<td>123<\/td>\n<td>0T04025<\/td>\n<td>PLUG\u00a0<\/td>\n<\/tr>\n<tr>\n<td>124<\/td>\n<td>0T03083<\/td>\n<td>SEAL RING\u00a0<\/td>\n<\/tr>\n<tr>\n<td>125<\/td>\n<td>0T03094<\/td>\n<td>SEAL RING\u00a0<\/td>\n<\/tr>\n<tr>\n<td>126<\/td>\n<td>0T03070<\/td>\n<td>PISTON SEAT\u00a0<\/td>\n<\/tr>\n<tr>\n<td>127<\/td>\n<td>0T03079<\/td>\n<td>PLUG\u00a0<\/td>\n<\/tr>\n<tr>\n<td>128<\/td>\n<td>GB893.2-86<\/td>\n<td>RETAINER 100<\/td>\n<\/tr>\n<tr>\n<td>129<\/td>\n<td>GB3452.1-86<\/td>\n<td>O-SEARL RING\u00a0<\/td>\n<\/tr>\n<tr>\n<td>130<\/td>\n<td>OT03039<\/td>\n<td>RETAINER 63<\/td>\n<\/tr>\n<\/tbody>\n<\/table>\n<p><strong>Hydraulic Pump List for Construction Machinery\u00a0<\/strong><\/p>\n<table class=\"all magic-21\">\n<tbody>\n<tr>\n<td colspan=\"3\">\n<div class=\"magic-22\">\n<div class=\"magic-23\" style=\"text-align: center;\"><span style=\"color: #df0000; font-size: medium;\"><b data-spm-anchor-id=\"a2700.details.0.i6.71c214a3NywYJm\">Similiar Products<\/b><\/span><\/div>\n<\/div>\n<\/td>\n<\/tr>\n<tr>\n<td>\n<div class=\"magic-26\"><b><span style=\"color: #bf0000; font-size: large;\">Product Name<\/span><\/b><\/div>\n<\/td>\n<td>\n<div class=\"magic-27\"><b><span style=\"color: #bf0000; font-size: large;\">N\u00ba de pieza<\/span><\/b><\/div>\n<\/td>\n<td>\n<div class=\"magic-28\"><b><span style=\"color: #bf0000; font-size: large;\">Model No<\/span><\/b><\/div>\n<\/td>\n<\/tr>\n<tr>\n<td>\n<div class=\"magic-26\"><b>Work pump<\/b><\/div>\n<\/td>\n<td>\n<div class=\"magic-27\"><b>705-40-01020<\/b><\/div>\n<\/td>\n<td>\n<div class=\"magic-28\"><b>D20A-7<\/b><\/div>\n<\/td>\n<\/tr>\n<tr>\n<td>\n<div class=\"magic-26\"><b>Work pump<\/b><\/div>\n<\/td>\n<td>\n<div class=\"magic-27\"><b>705-61-28010<\/b><\/div>\n<\/td>\n<td>\n<div class=\"magic-28\"><b>D20A-6<\/b><\/div>\n<\/td>\n<\/tr>\n<tr>\n<td>\n<div class=\"magic-26\"><b>Main clutch pump<\/b><\/div>\n<\/td>\n<td>\n<div class=\"magic-27\"><b>07421-71401<\/b><\/div>\n<\/td>\n<td>\n<div class=\"magic-28\"><b>D20A-6<\/b><\/div>\n<\/td>\n<\/tr>\n<tr>\n<td>\n<div class=\"magic-26\"><b>Work pump<\/b><\/div>\n<\/td>\n<td>\n<div class=\"magic-27\"><b>705-21-31020<\/b><\/div>\n<\/td>\n<td>\n<div class=\"magic-28\"><b>D31P\/PL\/PLL-18-20<\/b><\/div>\n<\/td>\n<\/tr>\n<tr>\n<td>\n<div class=\"magic-26\"><b>Power pump<\/b><\/div>\n<\/td>\n<td>\n<div class=\"magic-27\"><b>705-51-20370<\/b><\/div>\n<\/td>\n<td>\n<div class=\"magic-28\"><b>D65P\/EX\/PX-12\/D85ESS-2<\/b><\/div>\n<\/td>\n<\/tr>\n<tr>\n<td>\n<div class=\"magic-26\"><b>Work pump<\/b><\/div>\n<\/td>\n<td>\n<div class=\"magic-27\"><b>705-11-38010<\/b><\/div>\n<\/td>\n<td>\n<div class=\"magic-28\"><b>D65P\/EX\/PX-12\/D85ESS-2<\/b><\/div>\n<\/td>\n<\/tr>\n<tr>\n<td>\n<div class=\"magic-26\"><b>Work pump<\/b><\/div>\n<\/td>\n<td>\n<div class=\"magic-27\"><b>705-11-40010<\/b><\/div>\n<\/td>\n<td>\n<div class=\"magic-28\"><b>D65P\/EX\/PX-12\/D85ESS-2<\/b><\/div>\n<\/td>\n<\/tr>\n<tr>\n<td>\n<div class=\"magic-26\"><b>P P C pump<\/b><\/div>\n<\/td>\n<td>\n<div class=\"magic-27\"><b>705-41-01320<\/b><\/div>\n<\/td>\n<td>\n<div class=\"magic-28\"><b>D65P\/EX\/PX-12<\/b><\/div>\n<\/td>\n<\/tr>\n<tr>\n<td>\n<div class=\"magic-26\"><b>Work pump<\/b><\/div>\n<\/td>\n<td>\n<div class=\"magic-27\"><b>705-51-30190<\/b><\/div>\n<\/td>\n<td>\n<div class=\"magic-28\"><b>D85A-21\/D85E-21\/D85A-21D<\/b><\/div>\n<\/td>\n<\/tr>\n<tr>\n<td>\n<div class=\"magic-26\"><b>Transmission pump<\/b><\/div>\n<\/td>\n<td>\n<div class=\"magic-27\"><b>705-21-32051<\/b><\/div>\n<\/td>\n<td>\n<div class=\"magic-28\"><b>D85A-21\/D85E-21\/D85A-21D<\/b><\/div>\n<\/td>\n<\/tr>\n<tr>\n<td>\n<div class=\"magic-26\"><b>Transmission pump<\/b><\/div>\n<\/td>\n<td>\n<div class=\"magic-27\"><b>705-55-34580<\/b><\/div>\n<\/td>\n<td>\n<div class=\"magic-28\"><b>D155AX-5<\/b><\/div>\n<\/td>\n<\/tr>\n<tr>\n<td>\n<div class=\"magic-26\"><b>Power pump<\/b><\/div>\n<\/td>\n<td>\n<div class=\"magic-27\"><b>705-51-30290<\/b><\/div>\n<\/td>\n<td>\n<div class=\"magic-28\"><b>D155A-3-5<\/b><\/div>\n<\/td>\n<\/tr>\n<tr>\n<td>\n<div class=\"magic-26\"><b>Work pump<\/b><\/div>\n<\/td>\n<td>\n<div class=\"magic-27\"><b>705-52-40160<\/b><\/div>\n<\/td>\n<td>\n<div class=\"magic-28\"><b data-spm-anchor-id=\"a2700.details.0.i8.71c214a3NywYJm\">D155A-5<\/b><\/div>\n<\/td>\n<\/tr>\n<tr>\n<td>\n<div class=\"magic-26\"><b>Work pump<\/b><\/div>\n<\/td>\n<td>\n<div class=\"magic-27\"><b>705-52-40000<\/b><\/div>\n<\/td>\n<td>\n<div class=\"magic-28\"><b>D375A-1<\/b><\/div>\n<\/td>\n<\/tr>\n<tr>\n<td>\n<div class=\"magic-26\"><b>Work pump<\/b><\/div>\n<\/td>\n<td>\n<div class=\"magic-27\"><b>705-52-40100<\/b><\/div>\n<\/td>\n<td>\n<div class=\"magic-28\"><b>D375A-2<\/b><\/div>\n<\/td>\n<\/tr>\n<\/tbody>\n<\/table>\n<p><strong>Las ventajas de nuestra empresa<\/strong><\/p>\n<p>Podemos suministrar <a href=\"http:\/\/www.kpdiesel.com\">Piezas de motores diesel<\/a> :<br \/>\n<a href=\"https:\/\/www.excavatorenginepart.com\/es\/product-category\/cummins-diesel-engine\/\">Motores diesel: <\/a>Motor diesel Cummins, motor diesel Weichai, motor diesel Shangchai, motor diesel Komatsu, motor diesel Yanmar.<\/p>\n<p><a href=\"https:\/\/www.excavatorenginepart.com\/es\/product-category\/deutz-engine-part\/\">Piezas del motor:<\/a> Pieza de motor Cummins, pieza de motor Deutz, pieza de motor Volvo, pieza de motor Caterpiller, pieza de motor Kubota, pieza de motor Yanmar, pieza de motor Isuzu, pieza de motor Mitsubishi, pieza de motor Perkins, pieza de motor Komatsu, pieza de motor Wechai, pieza de motor Shangchai, pieza de motor Yuchai.<\/p>\n<p><a href=\"https:\/\/www.excavatorenginepart.com\/es\/product-category\/shantui-bulldozer-part\/\">Piezas de bulldozer:<\/a> Shantui bulldozer parte, Shanghai pengpu bulldozer parte, HBXG bulldozer parte, Liugong Bulldozer parte, Tianjin Yishan bulldozer parte.<\/p>\n<p><a href=\"https:\/\/www.excavatorenginepart.com\/es\/product-category\/sdlg-loader-parts\/\">Piezas de la cargadora:<\/a> Piezas para cargadoras SDLG, piezas para cargadoras Liugong, piezas para cargadoras XCMG, piezas para cargadoras Lonking, piezas para cargadoras XGMA.<\/p>\n<p><a href=\"https:\/\/www.excavatorenginepart.com\/es\/product-category\/dse-controller\/\">Piezas del generador:<\/a> Controlador DSE, Controlador ComAp, Controlador Woodward, Controlador de velocidad Cummins, Controlador de velocidad GAC, AVR de generador, Actuadores de motor, Sensores de motor, Medidores de motor.<\/p>\n<p><a href=\"https:\/\/www.excavatorenginepart.com\/es\/product-category\/excavator-hydraulic-pump\/\">Piezas de excavadoras<\/a>: Piezas del motor de la excavadora, piezas del tren de rodaje de la excavadora, transmisi\u00f3n final de la excavadora, v\u00e1lvula principal de la excavadora, bomba hidr\u00e1ulica de la excavadora.<\/p>\n<p>Para m\u00e1s informaci\u00f3n, p\u00f3ngase en contacto con nosotros.\u00a0<\/p>\n<p><strong><span style=\"color: #ff0000;\">WhatsApp, Wechat : 0086 15553722299\u00a0<\/span><\/strong><\/p>\n<p>&nbsp;<\/p>\n<p>&nbsp;<\/p>\n<p>&nbsp;<\/p>","protected":false},"excerpt":{"rendered":"<p>HBXG Bulldozer Parts Transmission Flange 0T04013 HBXG Bulldozer Parts Transmission Flange 0T04013 Used for HBXG TY165-1 , TY165-2 SD7N,\u00a0 SD8N Bulldozer, This Spare parts fitting on HBXG Bulldozer transmission assembly.\u00a0 0T04013 flange For HBXG SD8N Dozer HBXG SHEHWA OT04013 Transmission Flange HBXG SHEHWA SD7 dozer parts 0T04013 HBXG SHEHWA SD9 dozer parts 0T04013 More Competitive [&hellip;]<\/p>","protected":false},"featured_media":7924,"menu_order":0,"comment_status":"closed","ping_status":"closed","template":"","meta":{"_seopress_robots_primary_cat":"","_seopress_titles_title":"","_seopress_titles_desc":"","_seopress_robots_index":"","om_disable_all_campaigns":false,"_mi_skip_tracking":false,"_monsterinsights_sitenote_active":false,"_monsterinsights_sitenote_note":"","_monsterinsights_sitenote_category":0},"product_cat":[],"product_tag":[],"product_category":[122],"class_list":{"0":"post-7922","1":"product","2":"type-product","3":"status-publish","4":"has-post-thumbnail","6":"product_category-hbxg-bulldozer-part","8":"first","9":"instock","10":"shipping-taxable","11":"product-type-simple"},"acf":[],"_links":{"self":[{"href":"https:\/\/www.excavatorenginepart.com\/es\/wp-json\/wp\/v2\/product\/7922","targetHints":{"allow":["GET"]}}],"collection":[{"href":"https:\/\/www.excavatorenginepart.com\/es\/wp-json\/wp\/v2\/product"}],"about":[{"href":"https:\/\/www.excavatorenginepart.com\/es\/wp-json\/wp\/v2\/types\/product"}],"replies":[{"embeddable":true,"href":"https:\/\/www.excavatorenginepart.com\/es\/wp-json\/wp\/v2\/comments?post=7922"}],"wp:featuredmedia":[{"embeddable":true,"href":"https:\/\/www.excavatorenginepart.com\/es\/wp-json\/wp\/v2\/media\/7924"}],"wp:attachment":[{"href":"https:\/\/www.excavatorenginepart.com\/es\/wp-json\/wp\/v2\/media?parent=7922"}],"wp:term":[{"taxonomy":"product_cat","embeddable":true,"href":"https:\/\/www.excavatorenginepart.com\/es\/wp-json\/wp\/v2\/product_cat?post=7922"},{"taxonomy":"product_tag","embeddable":true,"href":"https:\/\/www.excavatorenginepart.com\/es\/wp-json\/wp\/v2\/product_tag?post=7922"},{"taxonomy":"product_category","embeddable":true,"href":"https:\/\/www.excavatorenginepart.com\/es\/wp-json\/wp\/v2\/product_category?post=7922"}],"curies":[{"name":"wp","href":"https:\/\/api.w.org\/{rel}","templated":true}]}}