{"id":7824,"date":"2022-12-19T13:53:53","date_gmt":"2022-12-19T13:53:53","guid":{"rendered":"https:\/\/www.excavatorenginepart.com\/?post_type=product&#038;p=7824"},"modified":"2022-12-19T13:55:09","modified_gmt":"2022-12-19T13:55:09","slug":"diesel-engine-parts-3608833-crankshaft-for-cummins","status":"publish","type":"product","link":"https:\/\/www.excavatorenginepart.com\/es\/product\/motor-diesel-piezas-3608833-eje-ciguenal-para-cummins\/","title":{"rendered":"Piezas de motor diesel 3608833 cig\u00fce\u00f1al para Cummins"},"content":{"rendered":"<p><strong>Piezas de motor diesel 3608833 cig\u00fce\u00f1al para Cummins<\/strong><\/p>\n<p><img fetchpriority=\"high\" decoding=\"async\" class=\"alignnone size-medium wp-image-7826\" src=\"https:\/\/www.excavatorenginepart.com\/wp-content\/uploads\/2022\/12\/Diesel-engine-parts-3608833-crankshaft-for-Cummins-300x300.jpg\" alt=\"\" width=\"300\" height=\"300\" srcset=\"https:\/\/www.excavatorenginepart.com\/wp-content\/uploads\/2022\/12\/Diesel-engine-parts-3608833-crankshaft-for-Cummins-300x300.jpg 300w, https:\/\/www.excavatorenginepart.com\/wp-content\/uploads\/2022\/12\/Diesel-engine-parts-3608833-crankshaft-for-Cummins-150x150.jpg 150w, https:\/\/www.excavatorenginepart.com\/wp-content\/uploads\/2022\/12\/Diesel-engine-parts-3608833-crankshaft-for-Cummins.jpg 600w\" sizes=\"(max-width: 300px) 100vw, 300px\" \/><\/p>\n<p>Cig\u00fce\u00f1al del motor Cummins NT855 3608833<\/p>\n<p><img decoding=\"async\" class=\"alignnone size-medium wp-image-7825\" src=\"https:\/\/www.excavatorenginepart.com\/wp-content\/uploads\/2022\/12\/Cummins-NT855-Engine-Crankshaft-3608833-300x300.jpg\" alt=\"\" width=\"300\" height=\"300\" srcset=\"https:\/\/www.excavatorenginepart.com\/wp-content\/uploads\/2022\/12\/Cummins-NT855-Engine-Crankshaft-3608833-300x300.jpg 300w, https:\/\/www.excavatorenginepart.com\/wp-content\/uploads\/2022\/12\/Cummins-NT855-Engine-Crankshaft-3608833-150x150.jpg 150w, https:\/\/www.excavatorenginepart.com\/wp-content\/uploads\/2022\/12\/Cummins-NT855-Engine-Crankshaft-3608833.jpg 600w\" sizes=\"(max-width: 300px) 100vw, 300px\" \/><\/p>\n<p>Piezas de recambio para motores mec\u00e1nicos Cig\u00fce\u00f1al del motor NTA855 NT855 3054866 211980 3024923 3608833<\/p>\n<p><img decoding=\"async\" class=\"alignnone size-medium wp-image-7828\" src=\"https:\/\/www.excavatorenginepart.com\/wp-content\/uploads\/2022\/12\/Mechanical-engine-spare-parts-Engine-Crankshaft-NTA855-NT855-3054866-211980-3024923-3608833-300x300.jpg\" alt=\"\" width=\"300\" height=\"300\" srcset=\"https:\/\/www.excavatorenginepart.com\/wp-content\/uploads\/2022\/12\/Mechanical-engine-spare-parts-Engine-Crankshaft-NTA855-NT855-3054866-211980-3024923-3608833-300x300.jpg 300w, https:\/\/www.excavatorenginepart.com\/wp-content\/uploads\/2022\/12\/Mechanical-engine-spare-parts-Engine-Crankshaft-NTA855-NT855-3054866-211980-3024923-3608833-150x150.jpg 150w, https:\/\/www.excavatorenginepart.com\/wp-content\/uploads\/2022\/12\/Mechanical-engine-spare-parts-Engine-Crankshaft-NTA855-NT855-3054866-211980-3024923-3608833.jpg 600w\" sizes=\"(max-width: 300px) 100vw, 300px\" \/><\/p>\n<p>SHANTUI SD32 BULLDOZER NTA855 PIEZAS DEL MOTOR CIG\u00dcE\u00d1AL 3608833<\/p>\n<p><img loading=\"lazy\" decoding=\"async\" class=\"alignnone size-medium wp-image-7829\" src=\"https:\/\/www.excavatorenginepart.com\/wp-content\/uploads\/2022\/12\/SHANTUI-SD32-BULLDOZER-NTA855-ENGINE-PARTS-CRANKSHAFT-3608833-300x300.jpg\" alt=\"\" width=\"300\" height=\"300\" srcset=\"https:\/\/www.excavatorenginepart.com\/wp-content\/uploads\/2022\/12\/SHANTUI-SD32-BULLDOZER-NTA855-ENGINE-PARTS-CRANKSHAFT-3608833-300x300.jpg 300w, https:\/\/www.excavatorenginepart.com\/wp-content\/uploads\/2022\/12\/SHANTUI-SD32-BULLDOZER-NTA855-ENGINE-PARTS-CRANKSHAFT-3608833-150x150.jpg 150w, https:\/\/www.excavatorenginepart.com\/wp-content\/uploads\/2022\/12\/SHANTUI-SD32-BULLDOZER-NTA855-ENGINE-PARTS-CRANKSHAFT-3608833.jpg 600w\" sizes=\"(max-width: 300px) 100vw, 300px\" \/><\/p>\n<p>Venta directa de f\u00e1brica NT855 K19 K38 NTA855 Cig\u00fce\u00f1al del motor 3029340<\/p>\n<p>3608833 3024923 3004165 3000140 211980 211960<\/p>\n<p><img loading=\"lazy\" decoding=\"async\" class=\"alignnone size-medium wp-image-7827\" src=\"https:\/\/www.excavatorenginepart.com\/wp-content\/uploads\/2022\/12\/Factory-direct-sale-NT855-K19-K38-NTA855-Engine-Crankshaft-3029340-3608833-3024923-3004165-3000140-211980-211960-300x300.jpg\" alt=\"\" width=\"300\" height=\"300\" srcset=\"https:\/\/www.excavatorenginepart.com\/wp-content\/uploads\/2022\/12\/Factory-direct-sale-NT855-K19-K38-NTA855-Engine-Crankshaft-3029340-3608833-3024923-3004165-3000140-211980-211960-300x300.jpg 300w, https:\/\/www.excavatorenginepart.com\/wp-content\/uploads\/2022\/12\/Factory-direct-sale-NT855-K19-K38-NTA855-Engine-Crankshaft-3029340-3608833-3024923-3004165-3000140-211980-211960-150x150.jpg 150w, https:\/\/www.excavatorenginepart.com\/wp-content\/uploads\/2022\/12\/Factory-direct-sale-NT855-K19-K38-NTA855-Engine-Crankshaft-3029340-3608833-3024923-3004165-3000140-211980-211960.jpg 600w\" sizes=\"(max-width: 300px) 100vw, 300px\" \/><\/p>\n<p><strong>Datos esenciales<\/strong><\/p>\n<p>Industrias aplicables:Hoteles, tiendas de ropa, tiendas de materiales de construcci\u00f3n, plantas de fabricaci\u00f3n, talleres de reparaci\u00f3n de maquinaria, f\u00e1bricas de alimentos y bebidas, granjas, restaurantes, uso dom\u00e9stico, comercio minorista, tiendas de alimentaci\u00f3n, imprentas, obras de construcci\u00f3n, energ\u00eda y miner\u00eda, tiendas de alimentos y bebidas, empresas de publicidad.<br \/>\nLugar de origen: China<br \/>\nMarca:Cummins<br \/>\nTipo de motor:Diesel<br \/>\nTipo:piezas de motor diesel cummins<br \/>\nT\u00edtulo: NT855 Cig\u00fce\u00f1al Diesel 211980 3024923 Cummins 3608833<br \/>\nNombre de la pieza:Cummins 3608833<br \/>\nAplicaci\u00f3n:Maquinaria\/Generador<br \/>\nNombre del producto:Cig\u00fce\u00f1al NT855<br \/>\nGarant\u00eda:6-12 meses<br \/>\nEmbalaje:Caja de madera\/Cart\u00f3n<br \/>\nTama\u00f1o: est\u00e1ndar o est\u00e1ndar OEM<br \/>\n<strong>Productos relacionados<\/strong><\/p>\n<table class=\"aliDataTable\">\n<tbody>\n<tr>\n<td colspan=\"4\">\n<div>\n<div><b data-spm-anchor-id=\"a2700.details.0.i9.1bc45a2f6phH76\">855 lista de piezas principales<\/b><\/div>\n<\/div>\n<\/td>\n<\/tr>\n<tr>\n<td colspan=\"2\">\n<div>\n<div>Nombre de la pieza<\/div>\n<\/div>\n<\/td>\n<td colspan=\"2\">\n<div>\n<div>N\u00famero de pieza<\/div>\n<\/div>\n<\/td>\n<\/tr>\n<tr>\n<td colspan=\"2\">\n<div>Culata<\/div>\n<\/td>\n<td colspan=\"2\">\n<div>\n<div>4296715<\/div>\n<\/div>\n<\/td>\n<\/tr>\n<tr>\n<td colspan=\"2\">\n<div>Bloque de cilindros<\/div>\n<\/td>\n<td colspan=\"2\">\n<div>\n<div>4914774<\/div>\n<\/div>\n<\/td>\n<\/tr>\n<tr>\n<td colspan=\"2\">\n<div>Cig\u00fce\u00f1al<\/div>\n<\/td>\n<td colspan=\"2\">\n<div>\n<div>3608833<\/div>\n<\/div>\n<\/td>\n<\/tr>\n<tr>\n<td colspan=\"2\">\n<div>\u00c1rbol de levas<\/div>\n<\/td>\n<td colspan=\"2\">\n<div>\n<div>4613963<\/div>\n<\/div>\n<\/td>\n<\/tr>\n<tr>\n<td colspan=\"2\">\n<div>Camisa de cilindro<\/div>\n<\/td>\n<td colspan=\"2\">\n<div>\n<div>3042763<\/div>\n<\/div>\n<\/td>\n<\/tr>\n<tr>\n<td colspan=\"2\">\n<div>Pist\u00f3n<\/div>\n<\/td>\n<td colspan=\"2\">\n<div>\n<div>3804410<\/div>\n<\/div>\n<\/td>\n<\/tr>\n<tr>\n<td colspan=\"2\">\n<div>Anillo de pist\u00f3n<\/div>\n<\/td>\n<td colspan=\"2\">\n<div>\n<div>4089811<\/div>\n<\/div>\n<\/td>\n<\/tr>\n<tr>\n<td colspan=\"2\">\n<div>Cojinete del cig\u00fce\u00f1al<\/div>\n<\/td>\n<td colspan=\"2\">\n<div>\n<div>3030216<\/div>\n<\/div>\n<\/td>\n<\/tr>\n<tr>\n<td colspan=\"2\">\n<div>Cojinete de biela<\/div>\n<\/td>\n<td colspan=\"2\">\n<div>\n<div>3150011<\/div>\n<\/div>\n<\/td>\n<\/tr>\n<tr>\n<td colspan=\"2\">\n<div>Inyector de combustible<\/div>\n<\/td>\n<td colspan=\"2\">\n<div>\n<div>3054218<\/div>\n<\/div>\n<\/td>\n<\/tr>\n<tr>\n<td colspan=\"2\">\n<div>Compresor de aire<\/div>\n<\/td>\n<td colspan=\"2\">\n<div>\n<div>3018534<\/div>\n<\/div>\n<\/td>\n<\/tr>\n<tr>\n<td colspan=\"2\">\n<div>Actuador<\/div>\n<\/td>\n<td colspan=\"2\">\n<div>\n<div>3103403<\/div>\n<\/div>\n<\/td>\n<\/tr>\n<tr>\n<td colspan=\"2\">\n<div>Bomba de combustible<\/div>\n<\/td>\n<td colspan=\"2\">\n<div>\n<div>3021961<\/div>\n<\/div>\n<\/td>\n<\/tr>\n<tr>\n<td colspan=\"2\">\n<div>Bomba de agua<\/div>\n<\/td>\n<td colspan=\"2\">\n<div>\n<div>3051408<\/div>\n<\/div>\n<\/td>\n<\/tr>\n<tr>\n<td colspan=\"2\">\n<div>Turbocompresor<\/div>\n<\/td>\n<td colspan=\"2\">\n<div>\n<div>3018066<\/div>\n<\/div>\n<\/td>\n<\/tr>\n<tr>\n<td colspan=\"2\">\n<div>ECM<\/div>\n<\/td>\n<td colspan=\"2\">\n<div>\n<div>3937299<\/div>\n<\/div>\n<\/td>\n<\/tr>\n<tr>\n<td colspan=\"2\">\n<div>N\u00facleo de refrigeraci\u00f3n<\/div>\n<\/td>\n<td colspan=\"2\">\n<div>\n<div>3045483<\/div>\n<\/div>\n<\/td>\n<\/tr>\n<tr>\n<td colspan=\"2\">\n<div>Junta de cilindro<\/div>\n<\/td>\n<td colspan=\"2\">\n<div>\n<div>4058790<\/div>\n<\/div>\n<\/td>\n<\/tr>\n<tr>\n<td colspan=\"2\">\n<div>Alternador<\/div>\n<\/td>\n<td colspan=\"2\">\n<div>\n<div data-spm-anchor-id=\"a2700.details.0.i10.1bc45a2f6phH76\">3056492<\/div>\n<\/div>\n<\/td>\n<\/tr>\n<\/tbody>\n<\/table>\n<p>M\u00e1s informaci\u00f3n, Contacto\u00a0<\/p>\n<p><span style=\"color: #ff0000;\"><strong>WhatsApp, Wechat : 0086 15553722299\u00a0<\/strong><\/span><\/p>","protected":false},"excerpt":{"rendered":"<p>Diesel engine parts 3608833 crankshaft for Cummins Cummins NT855 Engine Crankshaft 3608833 Mechanical engine spare parts Engine Crankshaft NTA855 NT855 3054866 211980 3024923 3608833 SHANTUI SD32 BULLDOZER NTA855 ENGINE PARTS CRANKSHAFT 3608833 Factory direct sale NT855 K19 K38 NTA855 Engine Crankshaft 3029340 3608833 3024923 3004165 3000140 211980 211960 Essential details Applicable Industries:Hotels, Garment Shops, Building [&hellip;]<\/p>","protected":false},"featured_media":7826,"menu_order":0,"comment_status":"closed","ping_status":"closed","template":"","meta":{"_seopress_robots_primary_cat":"","_seopress_titles_title":"","_seopress_titles_desc":"","_seopress_robots_index":"","om_disable_all_campaigns":false,"_mi_skip_tracking":false,"_monsterinsights_sitenote_active":false,"_monsterinsights_sitenote_note":"","_monsterinsights_sitenote_category":0},"product_cat":[],"product_tag":[],"product_category":[115],"class_list":{"0":"post-7824","1":"product","2":"type-product","3":"status-publish","4":"has-post-thumbnail","6":"product_category-cummins-engine-part","8":"first","9":"instock","10":"shipping-taxable","11":"product-type-simple"},"acf":[],"_links":{"self":[{"href":"https:\/\/www.excavatorenginepart.com\/es\/wp-json\/wp\/v2\/product\/7824","targetHints":{"allow":["GET"]}}],"collection":[{"href":"https:\/\/www.excavatorenginepart.com\/es\/wp-json\/wp\/v2\/product"}],"about":[{"href":"https:\/\/www.excavatorenginepart.com\/es\/wp-json\/wp\/v2\/types\/product"}],"replies":[{"embeddable":true,"href":"https:\/\/www.excavatorenginepart.com\/es\/wp-json\/wp\/v2\/comments?post=7824"}],"wp:featuredmedia":[{"embeddable":true,"href":"https:\/\/www.excavatorenginepart.com\/es\/wp-json\/wp\/v2\/media\/7826"}],"wp:attachment":[{"href":"https:\/\/www.excavatorenginepart.com\/es\/wp-json\/wp\/v2\/media?parent=7824"}],"wp:term":[{"taxonomy":"product_cat","embeddable":true,"href":"https:\/\/www.excavatorenginepart.com\/es\/wp-json\/wp\/v2\/product_cat?post=7824"},{"taxonomy":"product_tag","embeddable":true,"href":"https:\/\/www.excavatorenginepart.com\/es\/wp-json\/wp\/v2\/product_tag?post=7824"},{"taxonomy":"product_category","embeddable":true,"href":"https:\/\/www.excavatorenginepart.com\/es\/wp-json\/wp\/v2\/product_category?post=7824"}],"curies":[{"name":"wp","href":"https:\/\/api.w.org\/{rel}","templated":true}]}}