{"id":7771,"date":"2022-12-17T12:20:51","date_gmt":"2022-12-17T12:20:51","guid":{"rendered":"https:\/\/www.excavatorenginepart.com\/?post_type=product&#038;p=7771"},"modified":"2022-12-17T12:22:03","modified_gmt":"2022-12-17T12:22:03","slug":"sd32-shantui-bulldozer-transmission-housing-178-15-11130","status":"publish","type":"product","link":"https:\/\/www.excavatorenginepart.com\/es\/product\/sd32-shantui-bulldozer-transmission-housing-178-15-11130\/","title":{"rendered":"SD32 Shantui Bulldozer caja de transmisi\u00f3n 178-15-11130"},"content":{"rendered":"<p><strong>SD32 Shantui Bulldozer caja de transmisi\u00f3n 178-15-11130<\/strong><\/p>\n<p><img fetchpriority=\"high\" decoding=\"async\" class=\"alignnone size-medium wp-image-7774\" src=\"https:\/\/www.excavatorenginepart.com\/wp-content\/uploads\/2022\/12\/SD32-Shantui-Bulldozer-transmission-housing-178-15-11130-300x300.jpg\" alt=\"\" width=\"300\" height=\"300\" srcset=\"https:\/\/www.excavatorenginepart.com\/wp-content\/uploads\/2022\/12\/SD32-Shantui-Bulldozer-transmission-housing-178-15-11130-300x300.jpg 300w, https:\/\/www.excavatorenginepart.com\/wp-content\/uploads\/2022\/12\/SD32-Shantui-Bulldozer-transmission-housing-178-15-11130-150x150.jpg 150w, https:\/\/www.excavatorenginepart.com\/wp-content\/uploads\/2022\/12\/SD32-Shantui-Bulldozer-transmission-housing-178-15-11130.jpg 600w\" sizes=\"(max-width: 300px) 100vw, 300px\" \/><\/p>\n<p>178-15-11130 carcasa trasera de la transmisi\u00f3n del bulldozer<\/p>\n<p><img decoding=\"async\" class=\"alignnone size-medium wp-image-7776\" src=\"https:\/\/www.excavatorenginepart.com\/wp-content\/uploads\/2022\/12\/Shantui-SD32-Transmission-Housing-178-15-11130-300x300.jpg\" alt=\"\" width=\"300\" height=\"300\" srcset=\"https:\/\/www.excavatorenginepart.com\/wp-content\/uploads\/2022\/12\/Shantui-SD32-Transmission-Housing-178-15-11130-300x300.jpg 300w, https:\/\/www.excavatorenginepart.com\/wp-content\/uploads\/2022\/12\/Shantui-SD32-Transmission-Housing-178-15-11130-150x150.jpg 150w, https:\/\/www.excavatorenginepart.com\/wp-content\/uploads\/2022\/12\/Shantui-SD32-Transmission-Housing-178-15-11130.jpg 600w\" sizes=\"(max-width: 300px) 100vw, 300px\" \/><\/p>\n<p>Maquinaria de construcci\u00f3n D1155A Bulldozer Caja de transmisi\u00f3n 178-15-11130<\/p>\n<p><img decoding=\"async\" class=\"alignnone size-medium wp-image-7773\" src=\"https:\/\/www.excavatorenginepart.com\/wp-content\/uploads\/2022\/12\/Construction-machinery-D1155A-Bulldozer-Transmission-Housing-178-15-11130-300x300.jpg\" alt=\"\" width=\"300\" height=\"300\" srcset=\"https:\/\/www.excavatorenginepart.com\/wp-content\/uploads\/2022\/12\/Construction-machinery-D1155A-Bulldozer-Transmission-Housing-178-15-11130-300x300.jpg 300w, https:\/\/www.excavatorenginepart.com\/wp-content\/uploads\/2022\/12\/Construction-machinery-D1155A-Bulldozer-Transmission-Housing-178-15-11130-150x150.jpg 150w, https:\/\/www.excavatorenginepart.com\/wp-content\/uploads\/2022\/12\/Construction-machinery-D1155A-Bulldozer-Transmission-Housing-178-15-11130.jpg 600w\" sizes=\"(max-width: 300px) 100vw, 300px\" \/><\/p>\n<p>Shantui D155A Bulldozer Caja de transmisi\u00f3n 178-15-11130<\/p>\n<p><img loading=\"lazy\" decoding=\"async\" class=\"alignnone size-medium wp-image-7775\" src=\"https:\/\/www.excavatorenginepart.com\/wp-content\/uploads\/2022\/12\/Shantui-D1155A-Bulldozer-Transmission-Housing-178-15-11130-300x300.jpg\" alt=\"\" width=\"300\" height=\"300\" srcset=\"https:\/\/www.excavatorenginepart.com\/wp-content\/uploads\/2022\/12\/Shantui-D1155A-Bulldozer-Transmission-Housing-178-15-11130-300x300.jpg 300w, https:\/\/www.excavatorenginepart.com\/wp-content\/uploads\/2022\/12\/Shantui-D1155A-Bulldozer-Transmission-Housing-178-15-11130-150x150.jpg 150w, https:\/\/www.excavatorenginepart.com\/wp-content\/uploads\/2022\/12\/Shantui-D1155A-Bulldozer-Transmission-Housing-178-15-11130.jpg 600w\" sizes=\"(max-width: 300px) 100vw, 300px\" \/><\/p>\n<p>Shantui SD32 Caja de transmisi\u00f3n 178-15-11130<\/p>\n<p><img decoding=\"async\" class=\"alignnone size-medium wp-image-7776\" src=\"https:\/\/www.excavatorenginepart.com\/wp-content\/uploads\/2022\/12\/Shantui-SD32-Transmission-Housing-178-15-11130-300x300.jpg\" alt=\"\" width=\"300\" height=\"300\" srcset=\"https:\/\/www.excavatorenginepart.com\/wp-content\/uploads\/2022\/12\/Shantui-SD32-Transmission-Housing-178-15-11130-300x300.jpg 300w, https:\/\/www.excavatorenginepart.com\/wp-content\/uploads\/2022\/12\/Shantui-SD32-Transmission-Housing-178-15-11130-150x150.jpg 150w, https:\/\/www.excavatorenginepart.com\/wp-content\/uploads\/2022\/12\/Shantui-SD32-Transmission-Housing-178-15-11130.jpg 600w\" sizes=\"(max-width: 300px) 100vw, 300px\" \/><\/p>\n<p><strong><span data-spm-anchor-id=\"a2700.details.0.i14.59ba6313vjRT1C\">Shantui SD32 Caja de transmisi\u00f3n 178-15-11130<\/span><\/strong><\/p>\n<p><span data-spm-anchor-id=\"a2700.details.0.i13.59ba6313vjRT1C\">Nombre de la pieza:\u00a0<\/span>Caja de transmisi\u00f3n<\/p>\n<p>N\u00famero de pieza: 178-15-11130<\/p>\n<p><strong>Modelo de m\u00e1quina:<\/strong>\u00a0SD32<\/p>\n<p><img loading=\"lazy\" decoding=\"async\" class=\"alignnone  wp-image-7777\" src=\"https:\/\/www.excavatorenginepart.com\/wp-content\/uploads\/2022\/12\/H76f3d41b232f41a4b84c5ae1b44d84daK-300x278.jpg\" alt=\"\" width=\"611\" height=\"566\" srcset=\"https:\/\/www.excavatorenginepart.com\/wp-content\/uploads\/2022\/12\/H76f3d41b232f41a4b84c5ae1b44d84daK-300x278.jpg 300w, https:\/\/www.excavatorenginepart.com\/wp-content\/uploads\/2022\/12\/H76f3d41b232f41a4b84c5ae1b44d84daK.jpg 711w\" sizes=\"(max-width: 611px) 100vw, 611px\" \/><\/p>\n<table border=\"1\" width=\"534\" cellspacing=\"0\" cellpadding=\"0\">\n<tbody>\n<tr>\n<td width=\"72\" height=\"19\" data-spm-anchor-id=\"a2700.details.0.i15.59ba6313vjRT1C\">NO.<\/td>\n<td width=\"193\">N\u00ba DE PIEZA<\/td>\n<td width=\"149\">NOMBRE DE LA PARTE<\/td>\n<td width=\"48\">Q'TY<\/td>\n<\/tr>\n<tr>\n<td width=\"72\" height=\"19\">0<\/td>\n<td width=\"193\">175-15-00226<\/td>\n<td width=\"149\">Caja de transmisi\u00f3n<\/td>\n<td width=\"48\">1<\/td>\n<\/tr>\n<tr>\n<td width=\"72\" height=\"19\">1<\/td>\n<td width=\"193\">178-15-11130<\/td>\n<td width=\"149\">Vivienda<\/td>\n<td width=\"48\">1<\/td>\n<\/tr>\n<tr>\n<td width=\"72\" height=\"19\">2<\/td>\n<td width=\"193\">234-15-12780<\/td>\n<td width=\"149\">Tornillo<\/td>\n<td width=\"48\">3<\/td>\n<\/tr>\n<tr>\n<td width=\"72\" height=\"19\">3<\/td>\n<td width=\"193\">175-15-41140<\/td>\n<td width=\"149\">Placa<\/td>\n<td width=\"48\">1<\/td>\n<\/tr>\n<tr>\n<td width=\"72\" height=\"19\">4<\/td>\n<td width=\"193\">145-14-11320<\/td>\n<td width=\"149\">Tap\u00f3n roscado<\/td>\n<td width=\"48\">12<\/td>\n<\/tr>\n<tr>\n<td width=\"72\" height=\"19\">5<\/td>\n<td width=\"193\">175-15-41150<\/td>\n<td width=\"149\">Cabina de pist\u00f3n<\/td>\n<td width=\"48\">1<\/td>\n<\/tr>\n<tr>\n<td width=\"72\" height=\"19\">6<\/td>\n<td width=\"193\">175-15-42890<\/td>\n<td width=\"149\">Muelle, forma de onda<\/td>\n<td width=\"48\">5<\/td>\n<\/tr>\n<tr>\n<td width=\"72\" height=\"19\">7<\/td>\n<td width=\"193\">175-15-31210<\/td>\n<td width=\"149\">Pasador, Clavija<\/td>\n<td width=\"48\">4<\/td>\n<\/tr>\n<tr>\n<td width=\"72\" height=\"19\">8<\/td>\n<td width=\"193\">04020-01228<\/td>\n<td width=\"149\">Pasador cil\u00edndrico<\/td>\n<td width=\"48\">12<\/td>\n<\/tr>\n<tr>\n<td width=\"72\" height=\"19\">9<\/td>\n<td width=\"193\">07000-73022<\/td>\n<td width=\"149\">Junta t\u00f3rica<\/td>\n<td width=\"48\">5<\/td>\n<\/tr>\n<tr>\n<td width=\"72\" height=\"19\">10<\/td>\n<td width=\"193\">175-15-41310<\/td>\n<td width=\"149\">Collar<\/td>\n<td width=\"48\">1<\/td>\n<\/tr>\n<tr>\n<td width=\"72\" height=\"19\">11<\/td>\n<td width=\"193\">04020-00616<\/td>\n<td width=\"149\">Pasador cil\u00edndrico<\/td>\n<td width=\"48\">1<\/td>\n<\/tr>\n<tr>\n<td width=\"72\" height=\"19\">12<\/td>\n<td width=\"193\">01010-51435<\/td>\n<td width=\"149\">Perno M14*35<\/td>\n<td width=\"48\">2<\/td>\n<\/tr>\n<tr>\n<td width=\"72\" height=\"19\">13<\/td>\n<td width=\"193\">01602-01442<\/td>\n<td width=\"149\">Lavadora 14<\/td>\n<td width=\"48\">8<\/td>\n<\/tr>\n<tr>\n<td width=\"72\" height=\"19\">14<\/td>\n<td width=\"193\">GB283-NU212C4<\/td>\n<td width=\"149\">Rodamientos de rodillos cil\u00edndricos<\/td>\n<td width=\"48\">1<\/td>\n<\/tr>\n<tr>\n<td width=\"72\" height=\"19\">15<\/td>\n<td width=\"193\">04064-06020<\/td>\n<td width=\"149\">Anillo de retenci\u00f3n<\/td>\n<td width=\"48\">1<\/td>\n<\/tr>\n<tr>\n<td width=\"72\" height=\"19\">16<\/td>\n<td width=\"193\">175-15-42131<\/td>\n<td width=\"149\">Engranaje<\/td>\n<td width=\"48\">1<\/td>\n<\/tr>\n<tr>\n<td width=\"72\" height=\"19\">17<\/td>\n<td width=\"193\">04064-08530<\/td>\n<td width=\"149\">Anillo de retenci\u00f3n<\/td>\n<td width=\"48\">1<\/td>\n<\/tr>\n<tr>\n<td width=\"72\" height=\"19\">18<\/td>\n<td width=\"193\">175-15-42213<\/td>\n<td width=\"149\">Eje<\/td>\n<td width=\"48\">1<\/td>\n<\/tr>\n<tr>\n<td width=\"72\" height=\"19\">19<\/td>\n<td width=\"193\">145-14-12790<\/td>\n<td width=\"149\">Primavera<\/td>\n<td width=\"48\">24<\/td>\n<\/tr>\n<tr>\n<td width=\"72\" height=\"19\">20<\/td>\n<td width=\"193\">175-15-42850<\/td>\n<td width=\"149\">Junta de estanqueidad<\/td>\n<td width=\"48\">5<\/td>\n<\/tr>\n<tr>\n<td width=\"72\" height=\"33\">21<\/td>\n<td width=\"193\">GB276-61924<\/td>\n<td width=\"149\">Rodamientos r\u00edgidos a bolas<\/td>\n<td width=\"48\">1<\/td>\n<\/tr>\n<tr>\n<td width=\"72\" height=\"19\">22<\/td>\n<td width=\"193\">130-09-16780<\/td>\n<td width=\"149\">Anillo el\u00e1stico<\/td>\n<td width=\"48\">2<\/td>\n<\/tr>\n<tr>\n<td width=\"72\" height=\"19\">23<\/td>\n<td width=\"193\">04070-00130<\/td>\n<td width=\"149\">Anillo de retenci\u00f3n<\/td>\n<td width=\"48\">1<\/td>\n<\/tr>\n<tr>\n<td width=\"72\" height=\"19\">24<\/td>\n<td width=\"193\">175-15-42180<\/td>\n<td width=\"149\">Muelle en forma de disco<\/td>\n<td width=\"48\">1<\/td>\n<\/tr>\n<tr>\n<td width=\"72\" height=\"19\">25<\/td>\n<td width=\"193\">234-21-12180<\/td>\n<td width=\"149\">Tuerca<\/td>\n<td width=\"48\">1<\/td>\n<\/tr>\n<tr>\n<td width=\"72\" height=\"19\">26<\/td>\n<td width=\"193\">175-15-42220<\/td>\n<td width=\"149\">Pin<\/td>\n<td width=\"48\">1<\/td>\n<\/tr>\n<tr>\n<td width=\"72\" height=\"19\">27<\/td>\n<td width=\"193\">234-21-12190<\/td>\n<td width=\"149\">Calza<\/td>\n<td width=\"48\">1<\/td>\n<\/tr>\n<tr>\n<td width=\"72\" height=\"19\">28<\/td>\n<td width=\"193\">234-21-12210<\/td>\n<td width=\"149\">Placa de bloqueo<\/td>\n<td width=\"48\">1<\/td>\n<\/tr>\n<tr>\n<td width=\"72\" height=\"19\">29<\/td>\n<td width=\"193\">01010-50816<\/td>\n<td width=\"149\">Tornillo M8*16<\/td>\n<td width=\"48\">2<\/td>\n<\/tr>\n<tr>\n<td width=\"72\" height=\"19\">30<\/td>\n<td width=\"193\">175-15-42340<\/td>\n<td width=\"149\">Placa deflectora de aceite<\/td>\n<td width=\"48\">1<\/td>\n<\/tr>\n<tr>\n<td width=\"72\" height=\"19\">31<\/td>\n<td width=\"193\">130-09-15740<\/td>\n<td width=\"149\">Anillo el\u00e1stico<\/td>\n<td width=\"48\">1<\/td>\n<\/tr>\n<tr>\n<td width=\"72\" height=\"19\">32<\/td>\n<td width=\"193\">175-15-42364<\/td>\n<td width=\"149\">Transportista<\/td>\n<td width=\"48\">1<\/td>\n<\/tr>\n<tr>\n<td width=\"72\" height=\"19\">33<\/td>\n<td width=\"193\">175-15-42571<\/td>\n<td width=\"149\">Engranaje (tambor exterior)<\/td>\n<td width=\"48\">1<\/td>\n<\/tr>\n<tr>\n<td width=\"72\" height=\"19\">34<\/td>\n<td width=\"193\">01010-51490<\/td>\n<td width=\"149\">Perno M14*90<\/td>\n<td width=\"48\">6<\/td>\n<\/tr>\n<tr>\n<td width=\"72\" height=\"19\">35<\/td>\n<td width=\"193\">175-15-42230<\/td>\n<td width=\"149\">Perno, bisagra<\/td>\n<td width=\"48\">16<\/td>\n<\/tr>\n<tr>\n<td width=\"72\" height=\"19\">36<\/td>\n<td width=\"193\">175-15-42240<\/td>\n<td width=\"149\">Placa de bloqueo<\/td>\n<td width=\"48\">8<\/td>\n<\/tr>\n<tr>\n<td width=\"72\" height=\"19\">37<\/td>\n<td width=\"193\">175-15-42491<\/td>\n<td width=\"149\">Engranaje<\/td>\n<td width=\"48\">3<\/td>\n<\/tr>\n<tr>\n<td width=\"72\" height=\"19\">38<\/td>\n<td width=\"193\">175-15-42552<\/td>\n<td width=\"149\">Eje<\/td>\n<td width=\"48\">3<\/td>\n<\/tr>\n<tr>\n<td width=\"72\" height=\"19\">39<\/td>\n<td width=\"193\">04260-00635<\/td>\n<td width=\"149\">Bola de acero<\/td>\n<td width=\"48\">3<\/td>\n<\/tr>\n<tr>\n<td width=\"72\" height=\"19\">40<\/td>\n<td width=\"193\">09232-03838<\/td>\n<td width=\"149\">Rodamiento<\/td>\n<td width=\"48\">3<\/td>\n<\/tr>\n<tr>\n<td width=\"72\" height=\"19\">41<\/td>\n<td width=\"193\">09233-03820<\/td>\n<td width=\"149\">Arandela de empuje<\/td>\n<td width=\"48\">6<\/td>\n<\/tr>\n<tr>\n<td width=\"72\" height=\"19\">42<\/td>\n<td width=\"193\">175-15-42650<\/td>\n<td width=\"149\">Anillo reductor<\/td>\n<td width=\"48\">1<\/td>\n<\/tr>\n<tr>\n<td width=\"72\" height=\"19\">43<\/td>\n<td width=\"193\">175-15-42412<\/td>\n<td width=\"149\">Cuerpo del cilindro de aceite<\/td>\n<td width=\"48\">1<\/td>\n<\/tr>\n<tr>\n<td width=\"72\" height=\"19\">44<\/td>\n<td width=\"193\">04260-00952<\/td>\n<td width=\"149\">Bola de acero<\/td>\n<td width=\"48\">2<\/td>\n<\/tr>\n<tr>\n<td width=\"72\" height=\"19\">45<\/td>\n<td width=\"193\">175-15-42971<\/td>\n<td width=\"149\">Tapa de v\u00e1lvulas<\/td>\n<td width=\"48\">2<\/td>\n<\/tr>\n<tr>\n<td width=\"72\" height=\"19\">46<\/td>\n<td width=\"193\">234-15-12790<\/td>\n<td width=\"149\">Tap\u00f3n roscado<\/td>\n<td width=\"48\">2<\/td>\n<\/tr>\n<tr>\n<td width=\"72\" height=\"19\">47<\/td>\n<td width=\"193\">175-15-42421<\/td>\n<td width=\"149\">Tambor exterior<\/td>\n<td width=\"48\">1<\/td>\n<\/tr>\n<tr>\n<td width=\"72\" height=\"19\">48<\/td>\n<td width=\"193\">175-15-42430<\/td>\n<td width=\"149\">Junta t\u00f3rica<\/td>\n<td width=\"48\">1<\/td>\n<\/tr>\n<tr>\n<td width=\"72\" height=\"19\">49<\/td>\n<td width=\"193\">01010-51230<\/td>\n<td width=\"149\">Tornillo M12*30<\/td>\n<td width=\"48\">12<\/td>\n<\/tr>\n<tr>\n<td width=\"72\" height=\"19\">50<\/td>\n<td width=\"193\">01602-21236<\/td>\n<td width=\"149\">Lavadora 12<\/td>\n<td width=\"48\">12<\/td>\n<\/tr>\n<tr>\n<td width=\"72\" height=\"19\">51<\/td>\n<td width=\"193\">01582-01210<\/td>\n<td width=\"149\">Tuerca M12*1,5<\/td>\n<td width=\"48\">16<\/td>\n<\/tr>\n<tr>\n<td width=\"72\" height=\"19\">52<\/td>\n<td width=\"193\">175-15-12715<\/td>\n<td width=\"149\">Disco de fricci\u00f3n<\/td>\n<td width=\"48\">13<\/td>\n<\/tr>\n<tr>\n<td width=\"72\" height=\"19\">53<\/td>\n<td width=\"193\">175-15-42721<\/td>\n<td width=\"149\">Placa<\/td>\n<td width=\"48\">1<\/td>\n<\/tr>\n<tr>\n<td width=\"72\" height=\"19\">54<\/td>\n<td width=\"193\">175-15-12750<\/td>\n<td width=\"149\">Junta de estanqueidad<\/td>\n<td width=\"48\">2<\/td>\n<\/tr>\n<tr>\n<td width=\"72\" height=\"19\">55<\/td>\n<td width=\"193\">175-15-42870<\/td>\n<td width=\"149\">Pist\u00f3n<\/td>\n<td width=\"48\">1<\/td>\n<\/tr>\n<tr>\n<td width=\"72\" height=\"19\">56<\/td>\n<td width=\"193\">195-15-12740<\/td>\n<td width=\"149\">Junta de estanqueidad<\/td>\n<td width=\"48\">1<\/td>\n<\/tr>\n<tr>\n<td width=\"72\" height=\"19\">57<\/td>\n<td width=\"193\">154-15-12715<\/td>\n<td width=\"149\">Disco de fricci\u00f3n<\/td>\n<td width=\"48\">5<\/td>\n<\/tr>\n<tr>\n<td width=\"72\" height=\"19\">58<\/td>\n<td width=\"193\">281-15-12720<\/td>\n<td width=\"149\">Pieza dental<\/td>\n<td width=\"48\">4<\/td>\n<\/tr>\n<tr>\n<td width=\"72\" height=\"19\">59<\/td>\n<td width=\"193\">175-15-42740<\/td>\n<td width=\"149\">Pist\u00f3n<\/td>\n<td width=\"48\">1<\/td>\n<\/tr>\n<tr>\n<td width=\"72\" height=\"19\">60<\/td>\n<td width=\"193\">175-15-42750<\/td>\n<td width=\"149\">Junta de estanqueidad<\/td>\n<td width=\"48\">1<\/td>\n<\/tr>\n<tr>\n<td width=\"72\" height=\"19\">61<\/td>\n<td width=\"193\">234-15-11220<\/td>\n<td width=\"149\">Junta de estanqueidad<\/td>\n<td width=\"48\">1<\/td>\n<\/tr>\n<\/tbody>\n<\/table>\n<p>Para m\u00e1s informaci\u00f3n, p\u00f3ngase en contacto con nosotros.<\/p>\n<p><span style=\"color: #ff0000;\"><strong>WhatsApp, Wechat : 0086 15553722299\u00a0<\/strong><\/span><\/p>\n<p>&nbsp;<\/p>\n<p>&nbsp;<\/p>","protected":false},"excerpt":{"rendered":"<p>SD32 Shantui Bulldozer transmission housing 178-15-11130 178-15-11130 bulldozer transmission back housing Construction machinery D1155A Bulldozer Transmission Housing 178-15-11130 Shantui D155A Bulldozer Transmission Housing 178-15-11130 Shantui SD32 Transmission Housing 178-15-11130 Shantui SD32 Transmission Housing 178-15-11130 Part\u00a0Name:\u00a0Transmission Housing Part\u00a0Number:\u00a0178-15-11130 Machine\u00a0Model:\u00a0SD32 NO. PART NO. PART NAME Q&#8217;TY 0 175-15-00226 Transmission case 1 1 178-15-11130 Housing 1 2 234-15-12780 [&hellip;]<\/p>","protected":false},"featured_media":7775,"menu_order":0,"comment_status":"closed","ping_status":"closed","template":"","meta":{"_seopress_robots_primary_cat":"","_seopress_titles_title":"","_seopress_titles_desc":"","_seopress_robots_index":"","om_disable_all_campaigns":false,"_mi_skip_tracking":false,"_monsterinsights_sitenote_active":false,"_monsterinsights_sitenote_note":"","_monsterinsights_sitenote_category":0},"product_cat":[],"product_tag":[],"product_category":[121],"class_list":{"0":"post-7771","1":"product","2":"type-product","3":"status-publish","4":"has-post-thumbnail","6":"product_category-shantui-bulldozer-part","8":"first","9":"instock","10":"shipping-taxable","11":"product-type-simple"},"acf":[],"_links":{"self":[{"href":"https:\/\/www.excavatorenginepart.com\/es\/wp-json\/wp\/v2\/product\/7771","targetHints":{"allow":["GET"]}}],"collection":[{"href":"https:\/\/www.excavatorenginepart.com\/es\/wp-json\/wp\/v2\/product"}],"about":[{"href":"https:\/\/www.excavatorenginepart.com\/es\/wp-json\/wp\/v2\/types\/product"}],"replies":[{"embeddable":true,"href":"https:\/\/www.excavatorenginepart.com\/es\/wp-json\/wp\/v2\/comments?post=7771"}],"wp:featuredmedia":[{"embeddable":true,"href":"https:\/\/www.excavatorenginepart.com\/es\/wp-json\/wp\/v2\/media\/7775"}],"wp:attachment":[{"href":"https:\/\/www.excavatorenginepart.com\/es\/wp-json\/wp\/v2\/media?parent=7771"}],"wp:term":[{"taxonomy":"product_cat","embeddable":true,"href":"https:\/\/www.excavatorenginepart.com\/es\/wp-json\/wp\/v2\/product_cat?post=7771"},{"taxonomy":"product_tag","embeddable":true,"href":"https:\/\/www.excavatorenginepart.com\/es\/wp-json\/wp\/v2\/product_tag?post=7771"},{"taxonomy":"product_category","embeddable":true,"href":"https:\/\/www.excavatorenginepart.com\/es\/wp-json\/wp\/v2\/product_category?post=7771"}],"curies":[{"name":"wp","href":"https:\/\/api.w.org\/{rel}","templated":true}]}}